{"id":6690,"date":"2025-05-30T09:45:32","date_gmt":"2025-05-30T09:45:32","guid":{"rendered":"https:\/\/sinoextrud.com\/product\/polished-aluminium-profiles\/"},"modified":"2025-06-24T06:11:32","modified_gmt":"2025-06-24T06:11:32","slug":"polirozott-aluminium-profilok","status":"publish","type":"product","link":"https:\/\/sinoextrud.com\/hu\/product\/polished-aluminium-profiles\/","title":{"rendered":"Pol\u00edrozott alum\u00ednium profilok"},"content":{"rendered":"<h2>Term\u00e9kek r\u00e9szletei<\/h2>\n<table class=\"custom-table\">\n<tr>\n<td class=\"label\">A term\u00e9k neve:<\/td>\n<td>pol\u00edrozott alum\u00ednium profilok<\/td>\n<\/tr>\n<tr>\n<td class=\"label\">\u00f6tv\u00f6z\u00f6tt modell:<\/td>\n<td>6063-T5, 6061-T6, 6463 stb.<\/td>\n<\/tr>\n<tr>\n<td class=\"label\">Gy\u00e1rt\u00e1si ciklus:<\/td>\n<td>20 munkanapot a hat\u00f3s\u00e1gi utas\u00edt\u00e1snak megfelel\u0151en, a k\u00fcl\u00f6nleges k\u00f6r\u00fclm\u00e9nyeket pedig mindk\u00e9t f\u00e9lnek meg kell er\u0151s\u00edtenie;<\/td>\n<\/tr>\n<tr>\n<td class=\"label\">Rendel\u00e9si k\u00f6vetelm\u00e9nyek:<\/td>\n<td>A hagyom\u00e1nyos profilok rendel\u00e9si mennyis\u00e9ge 200 kg modellenk\u00e9nt.<\/td>\n<\/tr>\n<tr>\n<td class=\"label\">Csomagol\u00e1si m\u00f3d:<\/td>\n<td>nemzeti szabv\u00e1nyos csomagol\u00e1s haszn\u00e1lata, amely zsugorf\u00f3li\u00e1t, kiszervez\u00e9si pap\u00edrt tartalmaz;<\/td>\n<\/tr>\n<tr>\n<td class=\"label\">\u00c9rt\u00e9kel\u00e9si m\u00f3dszer:<\/td>\n<td>elsz\u00e1mol\u00e1s a font t\u00e9nyleges s\u00falya szerint (font k\u00fcl\u00f6nbs\u00e9g a 1% nemzeti szabv\u00e1ny szerint) vagy a k\u00e9szterm\u00e9kek t\u00e9nyleges sz\u00e1ll\u00edt\u00e1si mennyis\u00e9ge szerint;<\/td>\n<\/tr>\n<tr>\n<td class=\"label\">Sz\u00e1ll\u00edt\u00e1si k\u00f6vetelm\u00e9nyek:<\/td>\n<td>Foshan k\u00f6r\u00fcl a megrendel\u00e9s t\u00f6bb mint 5 tonna c\u00e9g\u00fcnk speci\u00e1lis aut\u00f3 sz\u00e1ll\u00edt\u00e1s, m\u00e1s ter\u00fcleteken, vagy a sz\u00e1ll\u00edt\u00e1si mennyis\u00e9get a t\u00e9nyleges helyzetnek megfelel\u0151en meger\u0151s\u00edtik;<\/td>\n<\/tr>\n<tr>\n<td class=\"label\">A pen\u00e9sz sz\u00e1m\u00edt:<\/td>\n<td>1 A szersz\u00e1mrajz meger\u0151s\u00edt\u00e9se ut\u00e1n mindk\u00e9t f\u00e9l k\u00f6zvetlen\u00fcl megrendelheti a gy\u00e1rt\u00e1st, ha hagyom\u00e1nyos szersz\u00e1mokkal rendelkeznek. Ha meg kell nyitni a szersz\u00e1mot, hogy meger\u0151s\u00edtse a szersz\u00e1mrajzot, \u00e9s megkapja a v\u00e1llalat teljes szersz\u00e1mk\u00f6lts\u00e9g\u00e9t, megszervezz\u00fck a szersz\u00e1mnyit\u00e1st. A szersz\u00e1mnyit\u00e1s ideje 10-12 munkanap, \u00e9s a szersz\u00e1m elk\u00e9sz\u00fcl. Az 1 m\u00e9teren bel\u00fcli tusk\u00f3fejet ingyenesen biztos\u00edtjuk az \u00d6n v\u00e1llalat\u00e1nak, hogy meger\u0151s\u00edtse, hogy norm\u00e1l egys\u00e9g\u00e1ron \u00e9rt\u00e9kes\u00edtik, ha meghaladja az egy m\u00e9tert;<br \/>2 A kezdeti rendel\u00e9si mennyis\u00e9g 200 kg;<\/td>\n<\/tr>\n<tr>\n<td class=\"label\">Fizet\u00e9si m\u00f3d:<\/td>\n<td>30% a teljes \u00f6sszeg let\u00e9tj\u00e9t c\u00e9g\u00fcnknek kell fizetni a hivatalos megrendel\u00e9s ki\u00e1ll\u00edt\u00e1sakor.<br \/>Az egyenleg kifizet\u00e9se ut\u00e1n azonnal gondoskodjon a megfelel\u0151 sz\u00e1ll\u00edtm\u00e1nyokr\u00f3l.<\/td>\n<\/tr>\n<tr>\n<td class=\"label\">Id\u00e9z\u00e9si m\u00f3dszer:<\/td>\n<td>alum\u00ednium ingot \u00e1r + feldolgoz\u00e1si d\u00edj (az alum\u00ednium ingot \u00e1ra a Nanhai Lingtong Information ugyanazon a napon jegyzett \u00e1ra alapj\u00e1n) vagy a k\u00e9szterm\u00e9k \u00e1ra a t\u00e9rk\u00e9p szerint;<\/td>\n<\/tr>\n<tr>\n<td class=\"label\">Profil hossza:<\/td>\n<td>\u00e1ltal\u00e1ban 1-9 m\u00e9teren ellen\u0151rzik, m\u00e1s hossz\u00fas\u00e1gok k\u00f6lcs\u00f6n\u00f6s meger\u0151s\u00edt\u00e9st\u0151l f\u00fcggnek.<\/td>\n<\/tr>\n<\/table>\n<h2>Gy\u00e1rt\u00f3 b\u00e1zisunk<\/h2>\n<h3>Gy\u00e1ri panor\u00e1ma<\/h3>\n<p><img decoding=\"async\" src=\"\/wp-content\/uploads\/factory-01.webp\"\/><\/p>\n<h3>Alum\u00ednium r\u00fadgy\u00e1rt\u00f3 m\u0171hely<\/h3>\n<p><img decoding=\"async\" src=\"\/wp-content\/uploads\/factory-02.webp\"\/><\/p>\n<p><img decoding=\"async\" src=\"\/wp-content\/uploads\/factory-03.webp\"\/><\/p>\n<h3>Pen\u00e9sz rakt\u00e1r<\/h3>\n<p><img decoding=\"async\" src=\"\/wp-content\/uploads\/factory-04.webp\"\/><\/p>\n<h3>43 alum\u00ednium extrud\u00e1l\u00f3 vonal (500-5500 tonna)<\/h3>\n<p><img decoding=\"async\" src=\"\/wp-content\/uploads\/factory-05.webp\"\/><\/p>\n<p><img decoding=\"async\" src=\"\/wp-content\/uploads\/factory-06.webp\"\/><\/p>\n<p><img decoding=\"async\" src=\"\/wp-content\/uploads\/factory-07.webp\"\/><\/p>\n<h3>Porfest\u0151 m\u0171hely<\/h3>\n<p><img decoding=\"async\" src=\"\/wp-content\/uploads\/factory-09.webp\"\/><\/p>\n<h3>Anodiz\u00e1l\u00f3 m\u0171hely<\/h3>\n<p><img decoding=\"async\" src=\"\/wp-content\/uploads\/factory-10.webp\"\/><\/p>\n<h3>M\u00e9ly feldolgoz\u00e1si m\u0171hely<\/h3>\n<p><img decoding=\"async\" src=\"\/wp-content\/uploads\/factory-11.webp\"\/><\/p>\n<h3>CNC prec\u00edzi\u00f3s megmunk\u00e1l\u00f3 m\u0171hely<\/h3>\n<p><img decoding=\"async\" src=\"\/wp-content\/uploads\/factory-11.5.webp\"\/><\/p>\n<h3>K\u00e9szterm\u00e9k \u00e9s export rakt\u00e1r<\/h3>\n<p><img decoding=\"async\" src=\"\/wp-content\/uploads\/factory-12.webp\"\/><\/p>\n<p><img decoding=\"async\" src=\"\/wp-content\/uploads\/factory-13.webp\"\/><\/p>\n<p><img decoding=\"async\" src=\"\/wp-content\/uploads\/factory-14.webp\"\/><\/p>\n<h2>GYIK<\/h2>\n<p><p><b>1.Mik a pol\u00edrozott alum\u00ednium profilok? <\/b><\/p>\n<p>A pol\u00edrozott alum\u00edniumprofilok olyan alum\u00ednium extrud\u00e1lt term\u00e9kek, amelyek mechanikus pol\u00edroz\u00e1son estek \u00e1t, hogy sima, f\u00e9nyvisszaver\u0151 fel\u00fcletet kapjanak, amely ide\u00e1lis dekorat\u00edv \u00e9s funkcion\u00e1lis felhaszn\u00e1l\u00e1sra.<br \/>\n<\/p><br \/>\n<br \/>\n<p><b>2.Hol haszn\u00e1lj\u00e1k jellemz\u0151en a pol\u00edrozott alum\u00ednium profilokat? <\/b><\/p>\n<p>Sz\u00e9les k\u00f6rben haszn\u00e1lj\u00e1k \u0151ket a bels\u0151\u00e9p\u00edt\u00e9szetben, b\u00fatorokban, kijelz\u0151kben, feliratokban \u00e9s \u00e9p\u00edt\u00e9szeti alkalmaz\u00e1sokban.<br \/>\n<\/p><br \/>\n<br \/>\n<p><b>3.Mi\u00e9rt v\u00e1lassza a pol\u00edrozott alum\u00edniumot a t\u00f6bbi fel\u00fcletkezel\u00e9ssel szemben? <\/b><\/p>\n<p>A pol\u00edrozott alum\u00ednium eleg\u00e1ns, t\u00fck\u00f6rszer\u0171 fel\u00fcletet biztos\u00edt, amely n\u00f6veli az eszt\u00e9tik\u00e1t \u00e9s n\u00f6veli a k\u00e9szterm\u00e9kek \u00e9rt\u00e9k\u00e9t.<br \/>\n<\/p><br \/>\n<br \/>\n<p><b>4.A pol\u00edrozott alum\u00edniumprofilok ellen\u00e1llnak a rozsd\u00e1nak? <\/b><\/p>\n<p>Igen, az alum\u00ednium term\u00e9szetes m\u00f3don ellen\u00e1ll a korr\u00f3zi\u00f3nak, \u00e9s a pol\u00edroz\u00e1s seg\u00edt olyan fel\u00fcletet l\u00e9trehozni, amely ellen\u00e1ll az oxid\u00e1ci\u00f3nak \u00e9s a mattul\u00e1snak.<br \/>\n<\/p><br \/>\n<br \/>\n<p><b>5.Lehet ezeket a profilokat testre szabni? <\/b><\/p>\n<p>Igen, a besz\u00e1ll\u00edt\u00f3k sz\u00e1mos egyedi lehet\u0151s\u00e9get k\u00edn\u00e1lnak, bele\u00e9rtve a m\u00e9reteket, form\u00e1kat \u00e9s tov\u00e1bbi fel\u00fcletkezel\u00e9st, p\u00e9ld\u00e1ul elox\u00e1l\u00e1st vagy porfest\u00e9st.<br \/>\n<\/p><br \/>\n<br \/>\n<p><b>6.K\u00f6nnyen tiszt\u00edthat\u00f3ak a pol\u00edrozott alum\u00edniumprofilok? <\/b><\/p>\n<p>Igen, minim\u00e1lis karbantart\u00e1st ig\u00e9nyelnek - csak egy puha ruh\u00e1val \u00e9s enyhe tiszt\u00edt\u00f3szerrel lehet meg\u0151rizni a f\u00e9ny\u00fcket.<br \/>\n<\/p><br \/>\n<br \/>\n<p><b>7.Haszn\u00e1lhat\u00f3k-e k\u00fclt\u00e9ren? <\/b><\/p>\n<p>Igen, de aj\u00e1nlott elox\u00e1lt vagy bevont fel\u00fcletet alkalmazni, hogy megv\u00e9dje a pol\u00edroz\u00e1st a zord k\u00f6rnyezetben.<br \/>\n<\/p><br \/>\n<br \/>\n<p><b>8.Milyen fel\u00fcletkezel\u00e9sek \u00e1llnak rendelkez\u00e9sre a pol\u00edrozott alum\u00edniumprofilok eset\u00e9ben? <\/b><\/p>\n<p>A pol\u00edrozott mellett v\u00e1laszthat a csiszolt, elox\u00e1lt, matt \u00e9s porsz\u00f3rt kivitelek k\u00f6z\u00fcl is.<br \/>\n<\/p><br \/>\n<br \/>\n<p><b>9.Alkalmasak-e ezek a profilok szerkezeti alkalmaz\u00e1sokhoz? <\/b><\/p>\n<p>Igen, az \u00f6tv\u00f6zett\u0151l \u00e9s a profil kialak\u00edt\u00e1s\u00e1t\u00f3l f\u00fcgg\u0151en k\u00f6nny\u0171 \u00e9s k\u00f6zepes terhel\u00e9st is elb\u00edrnak, mik\u00f6zben pr\u00e9mium megjelen\u00e9st biztos\u00edtanak.<br \/>\n<\/p><br \/>\n<br \/>\n<p><b>10.A pol\u00edrozott alum\u00ednium k\u00f6rnyezetbar\u00e1t? <\/b><\/p>\n<p>Igen, az alum\u00ednium 100% \u00fajrahasznos\u00edthat\u00f3, \u00edgy a pol\u00edrozott profilok fenntarthat\u00f3 megold\u00e1st jelentenek a gy\u00e1rt\u00f3k sz\u00e1m\u00e1ra.<br \/>\n<\/p><br \/>\n<br \/>\n<p><b>11.Mennyi a megrendel\u00e9sek tipikus \u00e1tfut\u00e1si ideje? <\/b><\/p>\n<p>Az \u00e1tfut\u00e1si id\u0151 \u00e1ltal\u00e1ban 2 \u00e9s 6 h\u00e9t k\u00f6z\u00f6tt mozog, a testreszab\u00e1st\u00f3l \u00e9s a mennyis\u00e9gt\u0151l f\u00fcgg\u0151en.<br \/>\n<\/p><br \/>\n<br \/>\n<p><b>12.A pol\u00edrozott alum\u00ednium profilokhoz tartoz\u00e9kokat is adnak? <\/b><\/p>\n<p>Sok besz\u00e1ll\u00edt\u00f3 kieg\u00e9sz\u00edt\u0151 tartoz\u00e9kokat, p\u00e9ld\u00e1ul csatlakoz\u00f3kat, sapk\u00e1kat \u00e9s r\u00f6gz\u00edt\u0151 konzolokat k\u00edn\u00e1l.<br \/>\n<\/p><br \/>\n<br \/>\n<p><b>13.Lehet ezeket a profilokat sz\u00ednezni? <\/b><\/p>\n<p>Igen, k\u00fcl\u00f6nb\u00f6z\u0151 sz\u00ednekben elox\u00e1lhat\u00f3k vagy porsz\u00f3rtan bevonhat\u00f3k az egyedi diz\u00e1jn t\u00e9m\u00e1khoz.<br \/>\n<\/p><br \/>\n<br \/>\n<p><b>14.Alkalmasak-e a pol\u00edrozott alum\u00edniumprofilok kereskedelmi felhaszn\u00e1l\u00e1sra? <\/b><\/p>\n<p>Igen, sz\u00e9les k\u00f6rben haszn\u00e1lj\u00e1k \u0151ket a kiskereskedelemben, a v\u00e1llalati bels\u0151 terekben \u00e9s a ki\u00e1ll\u00edt\u00e1sok tervez\u00e9s\u00e9ben, mivel a megjelen\u00e9s\u00fck magas sz\u00ednvonal\u00fa.<br \/>\n<\/p><br \/>\n<br \/>\n<p><b>15.A gy\u00e1rt\u00f3k k\u00edn\u00e1lnak-e t\u00f6meg\u00e1rakat? <\/b><\/p>\n<p>Igen, a legt\u00f6bb besz\u00e1ll\u00edt\u00f3 versenyk\u00e9pes \u00e1rakat k\u00edn\u00e1l a t\u00f6meges \u00e9s B2B megrendel\u00e9sekhez.<br \/>\n<\/p><br \/><\/p>","protected":false},"featured_media":6689,"template":"","categories":[66],"class_list":["post-6690","product","type-product","status-publish","has-post-thumbnail","hentry","category-brushed-aluminum-profile"],"meta_box":{"hilight_text_group":{"product_hilight_text":"<li>High-gloss polished surface offers premium aesthetic appeal<\/li>\r\r\n<li>Corrosion-resistant aluminum ensures long-term durability<\/li>\r\r\n<li>Lightweight yet strong, suitable for structural and decorative applications<\/li>\r\r\n<li>Custom profiles, sizes, and finishes available for versatile industrial use<\/li>\r\r\n<li>Ideal for use in furniture, architecture, displays, and interior design<\/li>","product_chanpin_blog":"<ul>\r\r\n<li><a href=\"https:\/\/sinoextrud.com\/t-slot-v-slot-differences\/\" target=\"_blank\">t slot vs v slot<\/a><\/li>\r\r\n<li><a href=\"https:\/\/sinoextrud.com\/what-is-4040-aluminium-extrud\/\" target=\"_blank\">4040 aluminium extrusion<\/a><\/li>\r\r\n<li><a href=\"https:\/\/sinoextrud.com\/what-is-4040-aluminium-extrud\/\" target=\"_blank\">aluminum extrusions for industrial racks<\/a><\/li>\r\r\n<li><a href=\"https:\/\/sinoextrud.com\/powder-coating-aluminium-process\/\" target=\"_blank\">powder coating aluminium<\/a><\/li>\r\r\n<li><a href=\"https:\/\/sinoextrud.com\/what-is-an-aluminium-strip-ceiling\/\" target=\"_blank\">aluminium strip ceiling<\/a><\/li>\r\r\n<li><a href=\"https:\/\/sinoextrud.com\/what-is-a-heat-sink\/\" target=\"_blank\">what is a heat sink<\/a><\/li>\r\r\n<\/ul>","product_chanpin_chanpin":"<li><a href=\"https:\/\/sinoextrud.com\/product\/f-channel-aluminum-extrusion\/\" target=\"_blank\">F Channel Aluminum Extrusion<\/a><\/li>\r\n<li><a href=\"https:\/\/sinoextrud.com\/product\/aluminum-glazing-extrusions\/\" target=\"_blank\">Aluminum Glazing Extrusions<\/a><\/li>\r\n<li><a href=\"https:\/\/sinoextrud.com\/product\/polished-aluminum-u-channel\/\" target=\"_blank\">Polished Aluminum U Channel<\/a><\/li>\r\n<li><a href=\"https:\/\/sinoextrud.com\/product\/mirror-like-polished-aluminium-extrusion-profiles\/\" target=\"_blank\">Mirror like Polished aluminium extrusion profiles<\/a><\/li>\r\n<li><a href=\"https:\/\/sinoextrud.com\/product\/polished-aluminium-profiles\/\" target=\"_blank\">Polished Aluminium Profiles<\/a><\/li>\r\n<li><a href=\"https:\/\/sinoextrud.com\/product\/6063-t5-extruded-aluminium-profile-with-polish-surface\/\" target=\"_blank\">6063 T5 Extruded Aluminium Profile with Polish Surface<\/a><\/li>\r\n<li><a href=\"https:\/\/sinoextrud.com\/product\/6463-brightness-polished-shower-room-u-channel-aluminum-profile\/\" target=\"_blank\">6463 Brightness Polished Shower Room U Channel Aluminum Profile<\/a><\/li>\r\n<li><a href=\"https:\/\/sinoextrud.com\/product\/500-degree-brightness-polished-aluminum-profile\/\" target=\"_blank\">500 Degree Brightness Polished Aluminum Profile<\/a><\/li>\r\n<li><a href=\"https:\/\/sinoextrud.com\/product\/aluminium-profile\/\" target=\"_blank\">Aluminium profile<\/a><\/li>\r\n<li><a href=\"https:\/\/sinoextrud.com\/product\/trapezoidal-type-ceiling-system\/\" target=\"_blank\">Trapezoidal Type Ceiling System<\/a><\/li>\r\n<li><a href=\"https:\/\/sinoextrud.com\/product\/aluminum-t-slot-rail-profile\/\" target=\"_blank\">Aluminum T Slot Rail Profile<\/a><\/li>"},"feature_list":[]},"_links":{"self":[{"href":"https:\/\/sinoextrud.com\/hu\/wp-json\/wp\/v2\/product\/6690","targetHints":{"allow":["GET"]}}],"collection":[{"href":"https:\/\/sinoextrud.com\/hu\/wp-json\/wp\/v2\/product"}],"about":[{"href":"https:\/\/sinoextrud.com\/hu\/wp-json\/wp\/v2\/types\/product"}],"wp:featuredmedia":[{"embeddable":true,"href":"https:\/\/sinoextrud.com\/hu\/wp-json\/wp\/v2\/media\/6689"}],"wp:attachment":[{"href":"https:\/\/sinoextrud.com\/hu\/wp-json\/wp\/v2\/media?parent=6690"}],"wp:term":[{"taxonomy":"category","embeddable":true,"href":"https:\/\/sinoextrud.com\/hu\/wp-json\/wp\/v2\/categories?post=6690"}],"curies":[{"name":"wp","href":"https:\/\/api.w.org\/{rel}","templated":true}]}}