{"id":6684,"date":"2025-05-30T09:37:07","date_gmt":"2025-05-30T09:37:07","guid":{"rendered":"https:\/\/sinoextrud.com\/product\/aluminum-glazing-extrusions\/"},"modified":"2025-06-24T06:11:30","modified_gmt":"2025-06-24T06:11:30","slug":"aluminium-uvegezesi-extrudalasok","status":"publish","type":"product","link":"https:\/\/sinoextrud.com\/hu\/product\/aluminum-glazing-extrusions\/","title":{"rendered":"Alum\u00ednium \u00fcvegez\u00e9si extrud\u00e1l\u00e1s"},"content":{"rendered":"<h2>Term\u00e9kek r\u00e9szletei<\/h2>\n<table class=\"custom-table\">\n<tr>\n<td class=\"label\">T\u00e9tel:<\/td>\n<td>alum\u00ednium \u00fcvegez\u00e9si extrud\u00e1l\u00e1sok<\/td>\n<\/tr>\n<tr>\n<td class=\"label\">Materila:<\/td>\n<td>6463<\/td>\n<\/tr>\n<tr>\n<td class=\"label\">Lelkiismeretesen:<\/td>\n<td>T5<\/td>\n<\/tr>\n<tr>\n<td class=\"label\">Alak:<\/td>\n<td>ugyanaz, mint a k\u00e9pek. Testreszabott el\u00e9rhet\u0151.<\/td>\n<\/tr>\n<tr>\n<td class=\"label\">A profil s\u0171r\u0171s\u00f6dik:<\/td>\n<td>0,8 mm felett.<\/td>\n<\/tr>\n<tr>\n<td class=\"label\">Fel\u00fcletkezel\u00e9s:<\/td>\n<td>elox\u00e1lt alum\u00ednium pol\u00edroz\u00e1sa<\/td>\n<\/tr>\n<tr>\n<td class=\"label\">Sz\u00edn:<\/td>\n<td>Sliver, arany, egyedi sz\u00ednben kaphat\u00f3.<\/td>\n<\/tr>\n<tr>\n<td class=\"label\">Bevonattal foglalkoz\u00f3 c\u00e9g:<\/td>\n<td>4-5um.<\/td>\n<\/tr>\n<tr>\n<td class=\"label\">Haszn\u00e1lat:<\/td>\n<td>dekor\u00e1ci\u00f3, sz\u00e1ll\u00edt\u00e1s stb.<\/td>\n<\/tr>\n<tr>\n<td class=\"label\">MOQ:<\/td>\n<td>1000 kg t\u00e9telenk\u00e9nt<\/td>\n<\/tr>\n<tr>\n<td class=\"label\">Tan\u00fas\u00edtv\u00e1ny \u00e9s szabv\u00e1ny:<\/td>\n<td>ISO 9008-2001. CQM, SGS<\/td>\n<\/tr>\n<tr>\n<td class=\"label\">Garancia:<\/td>\n<td>A fel\u00fclet sz\u00edne 10 \u00e9vig stabil lehet belt\u00e9ri haszn\u00e1lat felett.<\/td>\n<\/tr>\n<tr>\n<td class=\"label\">Haszn\u00e1lat:<\/td>\n<td>h\u00e1z dekor\u00e1ci\u00f3 alum\u00ednium extrud\u00e1l\u00e1s keretez\u0151 p\u00e1lya<\/td>\n<\/tr>\n<tr>\n<td class=\"label\">M\u00e9lyrehat\u00f3 feldolgoz\u00e1s<\/td>\n<td>mint f\u00far\u00e1s, mar\u00e1s, v\u00e1g\u00e1s, hegeszt\u00e9s, hajl\u00edt\u00e1s.<\/td>\n<\/tr>\n<tr>\n<td class=\"label\">Eredet:<\/td>\n<td>Foshan, Guangdong.<\/td>\n<\/tr>\n<tr>\n<td class=\"label\">Megfelel\u0151 oszt\u00e1lyvastags\u00e1g:<\/td>\n<td>5-8mm<\/td>\n<\/tr>\n<tr>\n<td class=\"label\">Hozz\u00e1f\u00e9r\u00e9s:<\/td>\n<td>NEM.<\/td>\n<\/tr>\n<tr>\n<td class=\"label\">HS-k\u00f3d:<\/td>\n<td>761699000<\/td>\n<\/tr>\n<\/table>\n<h2>Gy\u00e1rt\u00f3 b\u00e1zisunk<\/h2>\n<h3>Gy\u00e1ri panor\u00e1ma<\/h3>\n<p><img decoding=\"async\" src=\"\/wp-content\/uploads\/factory-01.webp\"\/><\/p>\n<h3>Alum\u00ednium r\u00fadgy\u00e1rt\u00f3 m\u0171hely<\/h3>\n<p><img decoding=\"async\" src=\"\/wp-content\/uploads\/factory-02.webp\"\/><\/p>\n<p><img decoding=\"async\" src=\"\/wp-content\/uploads\/factory-03.webp\"\/><\/p>\n<h3>Pen\u00e9sz rakt\u00e1r<\/h3>\n<p><img decoding=\"async\" src=\"\/wp-content\/uploads\/factory-04.webp\"\/><\/p>\n<h3>43 alum\u00ednium extrud\u00e1l\u00f3 vonal (500-5500 tonna)<\/h3>\n<p><img decoding=\"async\" src=\"\/wp-content\/uploads\/factory-05.webp\"\/><\/p>\n<p><img decoding=\"async\" src=\"\/wp-content\/uploads\/factory-06.webp\"\/><\/p>\n<p><img decoding=\"async\" src=\"\/wp-content\/uploads\/factory-07.webp\"\/><\/p>\n<h3>Porfest\u0151 m\u0171hely<\/h3>\n<p><img decoding=\"async\" src=\"\/wp-content\/uploads\/factory-09.webp\"\/><\/p>\n<h3>Anodiz\u00e1l\u00f3 m\u0171hely<\/h3>\n<p><img decoding=\"async\" src=\"\/wp-content\/uploads\/factory-10.webp\"\/><\/p>\n<h3>M\u00e9ly feldolgoz\u00e1si m\u0171hely<\/h3>\n<p><img decoding=\"async\" src=\"\/wp-content\/uploads\/factory-11.webp\"\/><\/p>\n<h3>CNC prec\u00edzi\u00f3s megmunk\u00e1l\u00f3 m\u0171hely<\/h3>\n<p><img decoding=\"async\" src=\"\/wp-content\/uploads\/factory-11.5.webp\"\/><\/p>\n<h3>K\u00e9szterm\u00e9k \u00e9s export rakt\u00e1r<\/h3>\n<p><img decoding=\"async\" src=\"\/wp-content\/uploads\/factory-12.webp\"\/><\/p>\n<p><img decoding=\"async\" src=\"\/wp-content\/uploads\/factory-13.webp\"\/><\/p>\n<p><img decoding=\"async\" src=\"\/wp-content\/uploads\/factory-14.webp\"\/><\/p>\n<h2>GYIK<\/h2>\n<p><p><b>1.Mik az alum\u00ednium \u00fcvegez\u00e9si extrud\u00e1l\u00e1sok? <\/b><\/p>\n<p>Ezek olyan alum\u00edniumprofilok, amelyeket kifejezetten ablak-, ajt\u00f3- \u00e9s homlokzati rendszerek \u00fcveglapjainak r\u00f6gz\u00edt\u00e9s\u00e9re \u00e9s t\u00f6m\u00edt\u00e9s\u00e9re terveztek.<br \/>\n<\/p><br \/>\n<br \/>\n<p><b>2.Mik az alum\u00ednium \u00fcvegez\u00e9si extrud\u00e1l\u00e1sok f\u0151 felhaszn\u00e1l\u00e1si ter\u00fcletei? <\/b><\/p>\n<p>Ezeket \u00e9p\u00edt\u00e9szeti \u00fcvegez\u00e9sben, f\u00fcgg\u00f6nyfalakban, kirakatokban, v\u00e1laszfalakban \u00e9s t\u00e9likertekben haszn\u00e1lj\u00e1k.<br \/>\n<\/p><br \/>\n<br \/>\n<p><b>3.Mi\u00e9rt v\u00e1lassza az alum\u00edniumot az \u00fcvegez\u00e9si extrud\u00e1l\u00e1sokhoz? <\/b><\/p>\n<p>Az alum\u00ednium szil\u00e1rds\u00e1got, korr\u00f3zi\u00f3\u00e1ll\u00f3s\u00e1got \u00e9s eleg\u00e1ns megjelen\u00e9st biztos\u00edt, \u00edgy ide\u00e1lis szerkezeti \u00e9s dekorat\u00edv \u00fcvegez\u00e9shez.<br \/>\n<\/p><br \/>\n<br \/>\n<p><b>4.Az alum\u00ednium \u00fcvegez\u00e9si extrud\u00e1l\u00e1sok id\u0151j\u00e1r\u00e1s\u00e1ll\u00f3ak? <\/b><\/p>\n<p>Igen, \u00fagy tervezt\u00e9k \u0151ket, hogy ellen\u00e1lljanak az id\u0151j\u00e1r\u00e1snak, a nedvess\u00e9gnek \u00e9s az UV-expoz\u00edci\u00f3nak, hossz\u00fa t\u00e1v\u00fa t\u00f6m\u00edt\u00e9st \u00e9s t\u00e1mogat\u00e1st biztos\u00edtva.<br \/>\n<\/p><br \/>\n<br \/>\n<p><b>5.Testreszabhatom a profil alakj\u00e1t \u00e9s m\u00e9ret\u00e9t? <\/b><\/p>\n<p>Igen, az alum\u00ednium \u00fcvegez\u00e9si extrud\u00e1l\u00e1sok egyedi form\u00e1kban, m\u00e9retekben \u00e9s vastags\u00e1gban is rendelkez\u00e9sre \u00e1llnak, hogy megfeleljenek a projekt k\u00f6vetelm\u00e9nyeinek.<br \/>\n<\/p><br \/>\n<br \/>\n<p><b>6.Milyen fel\u00fcletek \u00e1llnak rendelkez\u00e9sre az alum\u00ednium \u00fcvegez\u00e9si extrud\u00e1l\u00e1sokhoz? <\/b><\/p>\n<p>A gyakori kivitelek k\u00f6z\u00e9 tartozik az \u00e1tl\u00e1tsz\u00f3 elox\u00e1lt, a fekete elox\u00e1lt, a porsz\u00f3rt sz\u00ednek \u00e9s a csiszolt alum\u00ednium.<br \/>\n<\/p><br \/>\n<br \/>\n<p><b>7. m\u0171k\u00f6dnek-e ezek az extrud\u00e1l\u00e1sok dupla \u00fcvegez\u00e9ssel? <\/b><\/p>\n<p>Igen, \u00fagy tervezt\u00e9k \u0151ket, hogy egy-, k\u00e9t- vagy ak\u00e1r h\u00e1romr\u00e9teg\u0171 \u00fcvegez\u00e9si rendszerekhez is illeszkedjenek.<br \/>\n<\/p><br \/>\n<br \/>\n<p><b>8.Hogyan szerelik be az \u00fcvegez\u00e9si extrud\u00e1l\u00e1sokat? <\/b><\/p>\n<p>\u00c1ltal\u00e1ban gumit\u00f6m\u00edt\u00e9sekkel, t\u00f6m\u00edt\u0151anyagokkal vagy klipszekkel szerelik fel \u0151ket, \u00e9s kompatibilisek a szabv\u00e1nyos \u00fcvegez\u00e9si szersz\u00e1mokkal.<br \/>\n<\/p><br \/>\n<br \/>\n<p><b>9.Alkalmasak-e az alum\u00ednium \u00fcvegez\u00e9si profilok kereskedelmi \u00e9p\u00fcletekhez? <\/b><\/p>\n<p>Igen, er\u0151ss\u00e9g\u00fck, tervez\u00e9si rugalmass\u00e1guk \u00e9s az \u00e9p\u00edt\u00e9si szabv\u00e1nyoknak val\u00f3 megfelel\u00e9s\u00fck miatt sz\u00e9les k\u00f6rben haszn\u00e1lj\u00e1k \u0151ket kereskedelmi alkalmaz\u00e1sokban.<br \/>\n<\/p><br \/>\n<br \/>\n<p><b>10.Mennyi az \u00e1tfut\u00e1si ideje az alum\u00ednium \u00fcvegez\u00e9si extrud\u00e1l\u00e1soknak? <\/b><\/p>\n<p>Az \u00e1tfut\u00e1si id\u0151 a testreszab\u00e1st\u00f3l \u00e9s a rendel\u00e9s m\u00e9ret\u00e9t\u0151l f\u00fcgg\u0151en 2-6 h\u00e9t.<br \/>\n<\/p><br \/>\n<br \/>\n<p><b>11.Haszn\u00e1lhat\u00f3k-e az \u00fcvegez\u00e9si extrud\u00e1l\u00e1sok bels\u0151 v\u00e1laszfalakhoz? <\/b><\/p>\n<p>Igen, sz\u00e1mos formatervez\u00e9s alkalmas bels\u0151 \u00fcveg v\u00e1laszfalakhoz, amelyek modern \u00e9s tiszta eszt\u00e9tik\u00e1t biztos\u00edtanak.<br \/>\n<\/p><br \/>\n<br \/>\n<p><b>12.A sz\u00e1ll\u00edt\u00f3k biztos\u00edtanak-e szerel\u00e9si tartoz\u00e9kokat? <\/b><\/p>\n<p>Igen, sok gy\u00e1rt\u00f3 k\u00edn\u00e1l komplett rendszert, bele\u00e9rtve a t\u00f6m\u00edt\u00e9seket, a sarkokat \u00e9s a r\u00f6gz\u00edt\u0151kapcsokat.<br \/>\n<\/p><br \/>\n<br \/>\n<p><b>13.Az alum\u00ednium \u00fcvegez\u00e9s \u00fajrahasznos\u00edthat\u00f3? <\/b><\/p>\n<p>Igen, az alum\u00ednium 100% \u00fajrahasznos\u00edthat\u00f3, \u00edgy az \u00fcvegez\u00e9si extrud\u00e1l\u00e1sok k\u00f6rnyezettudatos megold\u00e1st jelentenek.<br \/>\n<\/p><br \/>\n<br \/>\n<p><b>14.Az \u00fcvegez\u00e9si profilok elb\u00edrj\u00e1k a neh\u00e9z \u00fcvegt\u00e1bl\u00e1kat? <\/b><\/p>\n<p>Igen, ha megfelel\u0151en tervezt\u00e9k, akkor biztons\u00e1gosan el tudj\u00e1k l\u00e1tni a neh\u00e9z vagy nagym\u00e9ret\u0171 \u00fcvegt\u00e1bl\u00e1kat.<br \/>\n<\/p><br \/>\n<br \/>\n<p><b>15.Milyen ipar\u00e1gak haszn\u00e1lj\u00e1k az alum\u00ednium \u00fcvegez\u00e9si extrud\u00e1l\u00e1sokat? <\/b><\/p>\n<p>Ezeket az \u00e9p\u00edt\u0151iparban, a bels\u0151\u00e9p\u00edt\u00e9szetben, a k\u00f6zleked\u00e9sben \u00e9s a kijelz\u0151k gy\u00e1rt\u00e1s\u00e1ban haszn\u00e1lj\u00e1k.<br \/>\n<\/p><br \/><\/p>","protected":false},"featured_media":6683,"template":"","categories":[66],"class_list":["post-6684","product","type-product","status-publish","has-post-thumbnail","hentry","category-brushed-aluminum-profile"],"meta_box":{"hilight_text_group":{"product_hilight_text":"<li>Engineered for secure and seamless integration of glass panels<\/li>\r\r\n<li>High-strength aluminum ensures long-lasting support and durability<\/li>\r\r\n<li>Weather-resistant design ideal for windows, doors, and curtain walls<\/li>\r\r\n<li>Available in various finishes including anodized, powder-coated, and brushed<\/li>\r\r\n<li>Custom profiles and sizes to suit both commercial and residential glazing systems<\/li>","product_chanpin_blog":"<ul>\r\r\n<li><a href=\"https:\/\/sinoextrud.com\/t-slot-v-slot-differences\/\" target=\"_blank\">t slot vs v slot<\/a><\/li>\r\r\n<li><a href=\"https:\/\/sinoextrud.com\/what-is-4040-aluminium-extrud\/\" target=\"_blank\">4040 aluminium extrusion<\/a><\/li>\r\r\n<li><a href=\"https:\/\/sinoextrud.com\/what-is-4040-aluminium-extrud\/\" target=\"_blank\">aluminum extrusions for industrial racks<\/a><\/li>\r\r\n<li><a href=\"https:\/\/sinoextrud.com\/powder-coating-aluminium-process\/\" target=\"_blank\">powder coating aluminium<\/a><\/li>\r\r\n<li><a href=\"https:\/\/sinoextrud.com\/what-is-an-aluminium-strip-ceiling\/\" target=\"_blank\">aluminium strip ceiling<\/a><\/li>\r\r\n<li><a href=\"https:\/\/sinoextrud.com\/what-is-a-heat-sink\/\" target=\"_blank\">what is a heat sink<\/a><\/li>\r\r\n<\/ul>","product_chanpin_chanpin":"<li><a href=\"https:\/\/sinoextrud.com\/product\/aluminum-extrusion-6063-powder-coating-aluminum-tile-roof-profile\/\" target=\"_blank\">Aluminum Extrusion 6063 Powder Coating Aluminum Tile Roof Profile<\/a><\/li>\r\n<li><a href=\"https:\/\/sinoextrud.com\/product\/brushed-aluminum-profiles\/\" target=\"_blank\">Brushed Aluminum Profiles<\/a><\/li>\r\n<li><a href=\"https:\/\/sinoextrud.com\/product\/aluminum-photo-frame-profile\/\" target=\"_blank\">Aluminum Photo Frame Profile<\/a><\/li>\r\n<li><a href=\"https:\/\/sinoextrud.com\/product\/f-channel-aluminum-extrusion\/\" target=\"_blank\">F Channel Aluminum Extrusion<\/a><\/li>\r\n<li><a href=\"https:\/\/sinoextrud.com\/product\/aluminum-glazing-extrusions\/\" target=\"_blank\">Aluminum Glazing Extrusions<\/a><\/li>\r\n<li><a href=\"https:\/\/sinoextrud.com\/product\/polished-aluminum-u-channel\/\" target=\"_blank\">Polished Aluminum U Channel<\/a><\/li>\r\n<li><a href=\"https:\/\/sinoextrud.com\/product\/mirror-like-polished-aluminium-extrusion-profiles\/\" target=\"_blank\">Mirror like Polished aluminium extrusion profiles<\/a><\/li>\r\n<li><a href=\"https:\/\/sinoextrud.com\/product\/polished-aluminium-profiles\/\" target=\"_blank\">Polished Aluminium Profiles<\/a><\/li>\r\n<li><a href=\"https:\/\/sinoextrud.com\/product\/6063-t5-extruded-aluminium-profile-with-polish-surface\/\" target=\"_blank\">6063 T5 Extruded Aluminium Profile with Polish Surface<\/a><\/li>\r\n<li><a href=\"https:\/\/sinoextrud.com\/product\/weather-resistant-wood-grain-aluminum-profile\/\" target=\"_blank\">Weather Resistant Wood Grain Aluminum Profile<\/a><\/li>\r\n<li><a href=\"https:\/\/sinoextrud.com\/product\/30mm-aluminum-extrusion\/\" target=\"_blank\">30mm Aluminum Extrusion<\/a><\/li>"},"feature_list":[]},"_links":{"self":[{"href":"https:\/\/sinoextrud.com\/hu\/wp-json\/wp\/v2\/product\/6684","targetHints":{"allow":["GET"]}}],"collection":[{"href":"https:\/\/sinoextrud.com\/hu\/wp-json\/wp\/v2\/product"}],"about":[{"href":"https:\/\/sinoextrud.com\/hu\/wp-json\/wp\/v2\/types\/product"}],"wp:featuredmedia":[{"embeddable":true,"href":"https:\/\/sinoextrud.com\/hu\/wp-json\/wp\/v2\/media\/6683"}],"wp:attachment":[{"href":"https:\/\/sinoextrud.com\/hu\/wp-json\/wp\/v2\/media?parent=6684"}],"wp:term":[{"taxonomy":"category","embeddable":true,"href":"https:\/\/sinoextrud.com\/hu\/wp-json\/wp\/v2\/categories?post=6684"}],"curies":[{"name":"wp","href":"https:\/\/api.w.org\/{rel}","templated":true}]}}