{"id":6673,"date":"2025-05-30T08:07:52","date_gmt":"2025-05-30T08:07:52","guid":{"rendered":"https:\/\/sinoextrud.com\/product\/aluminum-extrusion-aluminum-edge-trim-for-truck-body-cabins-profiles\/"},"modified":"2025-06-24T06:11:29","modified_gmt":"2025-06-24T06:11:29","slug":"aluminium-extrudalt-aluminium-szegelylec-tehergepkocsi-karosszeria-fulkek-profilokhoz","status":"publish","type":"product","link":"https:\/\/sinoextrud.com\/hu\/product\/aluminum-extrusion-aluminum-edge-trim-for-truck-body-cabins-profiles\/","title":{"rendered":"Alum\u00ednium extrud\u00e1l\u00e1s alum\u00ednium sz\u00e9lv\u00e9d\u0151 a teherg\u00e9pkocsi karossz\u00e9ria f\u00fclk\u00e9k profilokhoz"},"content":{"rendered":"<h2>Term\u00e9kek r\u00e9szletei<\/h2>\n<table class=\"custom-table\">\n<tr>\n<td class=\"label\">T\u00e9tel:<\/td>\n<td>Alum\u00ednium Extrud\u00e1l\u00e1s Alum\u00ednium Edge Trim a teherg\u00e9pkocsi karossz\u00e9ria f\u00fclk\u00e9k profilokhoz<\/td>\n<\/tr>\n<tr>\n<td class=\"label\">Alkalmaz\u00e1s:<\/td>\n<td>Teherg\u00e9pkocsik f\u00fclk\u00e9i, P\u00f3tkocsik<\/td>\n<\/tr>\n<tr>\n<td class=\"label\">Alak:<\/td>\n<td>Testreszab\u00e1s<\/td>\n<\/tr>\n<tr>\n<td class=\"label\">Tolerancia:<\/td>\n<td>\u00b10,5%<\/td>\n<\/tr>\n<tr>\n<td class=\"label\">Szabv\u00e1nyos:<\/td>\n<td>k\u00f6zepes \u00e9s magas min\u0151s\u00e9g<\/td>\n<\/tr>\n<tr>\n<td class=\"label\">Sz\u00e1ll\u00edt\u00e1si id\u0151:<\/td>\n<td>25-30 nap<\/td>\n<\/tr>\n<tr>\n<td class=\"label\">Fizet\u00e9si hat\u00e1rid\u0151:<\/td>\n<td>T\/T (30% let\u00e9t), L\/C<\/td>\n<\/tr>\n<tr>\n<td class=\"label\">Kik\u00f6t\u0151:<\/td>\n<td>Guangzhou, Shenzhen<\/td>\n<\/tr>\n<tr>\n<td class=\"label\">Oszt\u00e1ly:<\/td>\n<td>6000-es sorozat<\/td>\n<\/tr>\n<tr>\n<td class=\"label\">Sz\u00e1rmaz\u00e1si hely:<\/td>\n<td>Foshan, Guangdong<\/td>\n<\/tr>\n<tr>\n<td class=\"label\">\u00d6tv\u00f6zet vagy sem:<\/td>\n<td>Alum\u00ednium \u00f6tv\u00f6zet<\/td>\n<\/tr>\n<tr>\n<td class=\"label\">M\u00e1rka:<\/td>\n<td>Sinoextrud<\/td>\n<\/tr>\n<tr>\n<td class=\"label\">Fel\u00fcletkezel\u00e9s:<\/td>\n<td>porfest\u00e9s, elektrofor\u00e9zis, fa szemcs\u00e9s, elox\u00e1lt, csiszolt, pol\u00edroz\u00e1s<\/td>\n<\/tr>\n<tr>\n<td class=\"label\">MOQ:<\/td>\n<td>200KG<\/td>\n<\/tr>\n<tr>\n<td class=\"label\">Feldolgoz\u00f3 szolg\u00e1ltat\u00e1s:<\/td>\n<td>Hajl\u00edt\u00e1s, tekercsel\u00e9s, hegeszt\u00e9s, lyukaszt\u00e1s, v\u00e1g\u00e1s<\/td>\n<\/tr>\n<tr>\n<td class=\"label\">Hossz\u00fas\u00e1g:<\/td>\n<td>1-9m vagy testreszabott<\/td>\n<\/tr>\n<\/table>\n<h2>Gy\u00e1rt\u00f3 b\u00e1zisunk<\/h2>\n<h3>Gy\u00e1ri panor\u00e1ma<\/h3>\n<p><img decoding=\"async\" src=\"\/wp-content\/uploads\/factory-01.webp\"\/><\/p>\n<h3>Alum\u00ednium r\u00fadgy\u00e1rt\u00f3 m\u0171hely<\/h3>\n<p><img decoding=\"async\" src=\"\/wp-content\/uploads\/factory-02.webp\"\/><\/p>\n<p><img decoding=\"async\" src=\"\/wp-content\/uploads\/factory-03.webp\"\/><\/p>\n<h3>Pen\u00e9sz rakt\u00e1r<\/h3>\n<p><img decoding=\"async\" src=\"\/wp-content\/uploads\/factory-04.webp\"\/><\/p>\n<h3>43 alum\u00ednium extrud\u00e1l\u00f3 vonal (500-5500 tonna)<\/h3>\n<p><img decoding=\"async\" src=\"\/wp-content\/uploads\/factory-05.webp\"\/><\/p>\n<p><img decoding=\"async\" src=\"\/wp-content\/uploads\/factory-06.webp\"\/><\/p>\n<p><img decoding=\"async\" src=\"\/wp-content\/uploads\/factory-07.webp\"\/><\/p>\n<h3>Porfest\u0151 m\u0171hely<\/h3>\n<p><img decoding=\"async\" src=\"\/wp-content\/uploads\/factory-09.webp\"\/><\/p>\n<h3>Anodiz\u00e1l\u00f3 m\u0171hely<\/h3>\n<p><img decoding=\"async\" src=\"\/wp-content\/uploads\/factory-10.webp\"\/><\/p>\n<h3>M\u00e9ly feldolgoz\u00e1si m\u0171hely<\/h3>\n<p><img decoding=\"async\" src=\"\/wp-content\/uploads\/factory-11.webp\"\/><\/p>\n<h3>CNC prec\u00edzi\u00f3s megmunk\u00e1l\u00f3 m\u0171hely<\/h3>\n<p><img decoding=\"async\" src=\"\/wp-content\/uploads\/factory-11.5.webp\"\/><\/p>\n<h3>K\u00e9szterm\u00e9k \u00e9s export rakt\u00e1r<\/h3>\n<p><img decoding=\"async\" src=\"\/wp-content\/uploads\/factory-12.webp\"\/><\/p>\n<p><img decoding=\"async\" src=\"\/wp-content\/uploads\/factory-13.webp\"\/><\/p>\n<p><img decoding=\"async\" src=\"\/wp-content\/uploads\/factory-14.webp\"\/><\/p>\n<h2>GYIK<\/h2>\n<p><p><b>1.Mi az alum\u00ednium extrud\u00e1lt alum\u00ednium szeg\u00e9lyl\u00e9c a teheraut\u00f3 karossz\u00e9ria kabinok profiljaihoz?<\/b><\/p>\n<p>Ez egy olyan alum\u00ednium extrud\u00e1tum, amelyet \u00e9lszeg\u00e9lyprofilk\u00e9nt terveztek a teherg\u00e9pkocsi-karossz\u00e9ri\u00e1k sz\u00e9leinek v\u00e9delm\u00e9re \u00e9s befejez\u00e9s\u00e9re, jav\u00edtva a tart\u00f3ss\u00e1got \u00e9s az eszt\u00e9tik\u00e1t.<br \/>\n<\/p><br \/>\n<br \/>\n<p><b>2.Mik a legfontosabb el\u0151nyei az alum\u00ednium szeg\u00e9lyprofiloknak a teherg\u00e9pkocsi-karossz\u00e9ria f\u00fclk\u00e9ihez?<\/b><\/p>\n<p>Kiv\u00e1l\u00f3 korr\u00f3zi\u00f3\u00e1ll\u00f3s\u00e1got, k\u00f6nny\u0171 szil\u00e1rds\u00e1got, \u00fct\u00e9sv\u00e9delmet, k\u00f6nny\u0171 szerelhet\u0151s\u00e9get \u00e9s eleg\u00e1ns, k\u00e9sz megjelen\u00e9st biztos\u00edtanak.<br \/>\n<\/p><br \/>\n<br \/>\n<p><b>3.Mi\u00e9rt v\u00e1lassza az alum\u00ednium extrud\u00e1lt szeg\u00e9lyt a teheraut\u00f3 f\u00fclk\u00e9khez?<\/b><\/p>\n<p>Az alum\u00ednium d\u00edszl\u00e9cek ellen\u00e1llnak a rozsd\u00e1nak \u00e9s az id\u0151j\u00e1r\u00e1s okozta k\u00e1roknak, cs\u00f6kkentik az \u00e9lek kop\u00e1s\u00e1t, valamint jav\u00edtj\u00e1k a teheraut\u00f3k vezet\u0151f\u00fclk\u00e9j\u00e9nek szerkezeti integrit\u00e1s\u00e1t \u00e9s megjelen\u00e9s\u00e9t.<br \/>\n<\/p><br \/>\n<br \/>\n<p><b>4.Can alum\u00ednium szeg\u00e9lyprofilok testreszabhat\u00f3ak?<\/b><\/p>\n<p>Igen, alakjuk, m\u00e9ret\u00fck, vastags\u00e1guk, fel\u00fclet\u00fck \u00e9s hosszuk testre szabhat\u00f3, hogy megfeleljenek a teheraut\u00f3k karossz\u00e9ri\u00e1j\u00e1nak egyedi kialak\u00edt\u00e1si \u00e9s v\u00e9delmi ig\u00e9nyeinek.<br \/>\n<\/p><br \/>\n<br \/>\n<p><b>5.Hogyan jav\u00edtja az alum\u00ednium peremd\u00edsz\u00edt\u00e9s a teherg\u00e9pkocsi karossz\u00e9ri\u00e1j\u00e1nak teljes\u00edtm\u00e9ny\u00e9t?<\/b><\/p>\n<p>Megv\u00e9di a s\u00e9r\u00fcl\u00e9keny \u00e9leket a s\u00e9r\u00fcl\u00e9sekt\u0151l, megakad\u00e1lyozza a korr\u00f3zi\u00f3t, \u00e9s tiszta, professzion\u00e1lis fel\u00fcletet biztos\u00edt a tart\u00f3ss\u00e1g \u00e9s a megjelen\u00e9s jav\u00edt\u00e1sa \u00e9rdek\u00e9ben.<br \/>\n<\/p><br \/>\n<br \/>\n<p><b>6.Alkalmasak-e az alum\u00ednium szeg\u00e9lyprofilok a zord k\u00fclt\u00e9ri k\u00f6r\u00fclm\u00e9nyekhez?<\/b><\/p>\n<p>Igen, ellen\u00e1llnak az UV-sug\u00e1rz\u00e1snak, a nedvess\u00e9gnek \u00e9s a mechanikai behat\u00e1soknak, \u00edgy ide\u00e1lisak a strapab\u00edr\u00f3 teheraut\u00f3-k\u00f6rnyezetben.<br \/>\n<\/p><br \/>\n<br \/>\n<p><b>7.Mely ipar\u00e1gak haszn\u00e1lj\u00e1k \u00e1ltal\u00e1ban az alum\u00ednium extrud\u00e1lt szeg\u00e9lyprofilokat?<\/b><\/p>\n<p>Az aut\u00f3gy\u00e1rt\u00f3k, a teheraut\u00f3k karossz\u00e9ria\u00e9p\u00edt\u0151i, a sz\u00e1ll\u00edtm\u00e1nyoz\u00e1si v\u00e1llalatok \u00e9s a flotta\u00fczemeltet\u0151k ezeket a profilokat az utast\u00e9r fokozott v\u00e9delm\u00e9re haszn\u00e1lj\u00e1k.<br \/>\n<\/p><br \/>\n<br \/>\n<p><b>8.Hogyan t\u00e1mogatj\u00e1k az alum\u00ednium extrud\u00e1lt szeg\u00e9lyl\u00e9cek a fenntarthat\u00f3 j\u00e1rm\u0171gy\u00e1rt\u00e1st?<\/b><\/p>\n<p>Az alum\u00ednium teljes m\u00e9rt\u00e9kben \u00fajrahasznos\u00edthat\u00f3, k\u00f6nny\u0171 az \u00fczemanyag-hat\u00e9konys\u00e1g jav\u00edt\u00e1sa \u00e9rdek\u00e9ben, \u00e9s tart\u00f3s, \u00edgy cs\u00f6kkenti a csere gyakoris\u00e1g\u00e1t \u00e9s a k\u00f6rnyezetterhel\u00e9st.<br \/>\n<\/p><br \/><\/p>","protected":false},"featured_media":6672,"template":"","categories":[64],"class_list":["post-6673","product","type-product","status-publish","has-post-thumbnail","hentry","category-new-trend-aluminium-products"],"meta_box":{"hilight_text_group":{"product_hilight_text":"<li>Durable aluminum edge trim designed for truck body cabins<\/li>\r\r\n<li>Corrosion-resistant finish ensures long-lasting protection<\/li>\r\r\n<li>Precision extrusion provides consistent dimensions and easy installation<\/li>\r\r\n<li>Lightweight yet strong, reducing vehicle weight and improving efficiency<\/li>\r\r\n<li>Custom profiles and bulk orders available to meet specific project needs<\/li>","product_chanpin_blog":"<ul>\r\r\n<li><a href=\"https:\/\/sinoextrud.com\/t-slot-v-slot-differences\/\" target=\"_blank\">t slot vs v slot<\/a><\/li>\r\r\n<li><a href=\"https:\/\/sinoextrud.com\/what-is-4040-aluminium-extrud\/\" target=\"_blank\">4040 aluminium extrusion<\/a><\/li>\r\r\n<li><a href=\"https:\/\/sinoextrud.com\/what-is-4040-aluminium-extrud\/\" target=\"_blank\">aluminum extrusions for industrial racks<\/a><\/li>\r\r\n<li><a href=\"https:\/\/sinoextrud.com\/powder-coating-aluminium-process\/\" target=\"_blank\">powder coating aluminium<\/a><\/li>\r\r\n<li><a href=\"https:\/\/sinoextrud.com\/what-is-an-aluminium-strip-ceiling\/\" target=\"_blank\">aluminium strip ceiling<\/a><\/li>\r\r\n<li><a href=\"https:\/\/sinoextrud.com\/what-is-a-heat-sink\/\" target=\"_blank\">what is a heat sink<\/a><\/li>\r\r\n<\/ul>","product_chanpin_chanpin":"<li><a href=\"https:\/\/sinoextrud.com\/product\/china-high-quality-polishing-shower-enclosure-aluminum-extrusion-profile\/\" target=\"_blank\">China High-quality Polishing Shower Enclosure Aluminum Extrusion Profile<\/a><\/li>\r\n<li><a href=\"https:\/\/sinoextrud.com\/product\/aluminum-extrusion-6063-anodized-wardrobe-clothes-rod-aluminum-profile\/\" target=\"_blank\">Aluminum Extrusion 6063 Anodized Wardrobe Clothes Rod Aluminum Profile<\/a><\/li>\r\n<li><a href=\"https:\/\/sinoextrud.com\/product\/aluminum-extrusion-6063-anodized-clothes-drive-airer-aluminum-rack-profile\/\" target=\"_blank\">Aluminum Extrusion 6063 Anodized Clothes Drive Airer Aluminum Rack Profile<\/a><\/li>\r\n<li><a href=\"https:\/\/sinoextrud.com\/product\/aluminum-extrusion-baseboard-aluminum-skirting-profile\/\" target=\"_blank\">Aluminum Extrusion Baseboard Aluminum Skirting Profile<\/a><\/li>\r\n<li><a href=\"https:\/\/sinoextrud.com\/product\/aluminum-extrusion-aluminum-edge-trim-for-truck-body-cabins-profiles\/\" target=\"_blank\">Aluminum Extrusion Aluminum Edge Trim For Truck Body Cabins Profiles<\/a><\/li>\r\n<li><a href=\"https:\/\/sinoextrud.com\/product\/aluminum-extrusion-6063-powder-coating-aluminum-tile-roof-profile\/\" target=\"_blank\">Aluminum Extrusion 6063 Powder Coating Aluminum Tile Roof Profile<\/a><\/li>\r\n<li><a href=\"https:\/\/sinoextrud.com\/product\/brushed-aluminum-profiles\/\" target=\"_blank\">Brushed Aluminum Profiles<\/a><\/li>\r\n<li><a href=\"https:\/\/sinoextrud.com\/product\/aluminum-photo-frame-profile\/\" target=\"_blank\">Aluminum Photo Frame Profile<\/a><\/li>\r\n<li><a href=\"https:\/\/sinoextrud.com\/product\/f-channel-aluminum-extrusion\/\" target=\"_blank\">F Channel Aluminum Extrusion<\/a><\/li>\r\n<li><a href=\"https:\/\/sinoextrud.com\/product\/triangular-aluminum-extrusion\/\" target=\"_blank\">Triangular Aluminum Extrusion<\/a><\/li>\r\n<li><a href=\"https:\/\/sinoextrud.com\/product\/aluminium-corner-extrusion\/\" target=\"_blank\">Aluminium Corner Extrusion<\/a><\/li>"},"feature_list":[]},"_links":{"self":[{"href":"https:\/\/sinoextrud.com\/hu\/wp-json\/wp\/v2\/product\/6673","targetHints":{"allow":["GET"]}}],"collection":[{"href":"https:\/\/sinoextrud.com\/hu\/wp-json\/wp\/v2\/product"}],"about":[{"href":"https:\/\/sinoextrud.com\/hu\/wp-json\/wp\/v2\/types\/product"}],"wp:featuredmedia":[{"embeddable":true,"href":"https:\/\/sinoextrud.com\/hu\/wp-json\/wp\/v2\/media\/6672"}],"wp:attachment":[{"href":"https:\/\/sinoextrud.com\/hu\/wp-json\/wp\/v2\/media?parent=6673"}],"wp:term":[{"taxonomy":"category","embeddable":true,"href":"https:\/\/sinoextrud.com\/hu\/wp-json\/wp\/v2\/categories?post=6673"}],"curies":[{"name":"wp","href":"https:\/\/api.w.org\/{rel}","templated":true}]}}