{"id":6669,"date":"2025-05-30T08:03:33","date_gmt":"2025-05-30T08:03:33","guid":{"rendered":"https:\/\/sinoextrud.com\/product\/aluminum-extrusion-6063-anodized-clothes-drive-airer-aluminum-rack-profile\/"},"modified":"2025-06-24T06:11:28","modified_gmt":"2025-06-24T06:11:28","slug":"aluminium-extrudalt-6063-eloxalt-ruhak-meghajto-szellozteto-aluminium-rack-profil","status":"publish","type":"product","link":"https:\/\/sinoextrud.com\/hu\/product\/aluminum-extrusion-6063-anodized-clothes-drive-airer-aluminum-rack-profile\/","title":{"rendered":"Alum\u00ednium Extrud\u00e1l\u00e1s 6063 elox\u00e1lt ruh\u00e1k Drive Airer alum\u00ednium Rack Profile"},"content":{"rendered":"<h2>Term\u00e9kek r\u00e9szletei<\/h2>\n<table class=\"custom-table\">\n<tr>\n<td class=\"label\">Term\u00e9k neve<\/td>\n<td>Alum\u00ednium Extrud\u00e1l\u00e1s 6063 elox\u00e1lt ruh\u00e1k Drive Airer alum\u00ednium Rack Profile<\/td>\n<\/tr>\n<tr>\n<td class=\"label\">Term\u00e9kv\u00e1laszt\u00e9k<\/td>\n<td>Alum\u00ednium extrud\u00e1l\u00e1s ruhahajt\u00e1shoz, alum\u00ednium \u00e1llv\u00e1ny, l\u00e9gkavar\u00f3 profil, mos\u00f3konyha-szervez\u00e9s, sz\u00e1r\u00edt\u00f3\u00e1llv\u00e1ny, kompakt ruhasz\u00e1r\u00edt\u00f3, belt\u00e9ri ruhasz\u00e1r\u00edt\u00f3k\u00f6t\u00e9l, \u00f6sszecsukhat\u00f3 ruhatart\u00f3 \u00e1llv\u00e1ny 9. Helytakar\u00e9kos mosodai megold\u00e1s, l\u00f3g\u00f3 mosodai \u00e1llv\u00e1ny, stb.<\/td>\n<\/tr>\n<tr>\n<td class=\"label\">Megfelel\u0151 rendszert\u00edpusok<\/td>\n<td>Hotel \u00e9s lak\u00f3negyed, szupermarketek, bev\u00e1s\u00e1rl\u00f3k\u00f6zpontok, kereskedelmi irodah\u00e1zak, stb.<\/td>\n<\/tr>\n<tr>\n<td class=\"label\">Alum\u00ednium \u00f6tv\u00f6zet<\/td>\n<td>5000-es sorozat, 6000-es sorozat, 7000-es sorozat<\/td>\n<\/tr>\n<tr>\n<td class=\"label\">Temper<\/td>\n<td>T5-T8<\/td>\n<\/tr>\n<tr>\n<td class=\"label\">Hossz\u00fas\u00e1g<\/td>\n<td>1-9m, vagy egyedi ig\u00e9ny szerint<\/td>\n<\/tr>\n<tr>\n<td class=\"label\">Sz\u00ednes<\/td>\n<td>Az \u00fcgyfelek ig\u00e9nyei szerint<\/td>\n<\/tr>\n<tr>\n<td class=\"label\">Fel\u00fcletkezel\u00e9s<\/td>\n<td>Malom befejezett, elox\u00e1lt, fa szemcs\u00e9s, Power Coating, homokf\u00fav\u00e1s, elektrofor\u00e9zis, csiszolt, pol\u00edroz\u00e1s, stb.<\/td>\n<\/tr>\n<tr>\n<td class=\"label\">CNC m\u00e9lyfeldolgoz\u00e1s<\/td>\n<td>V\u00e1g\u00e1s, f\u00far\u00e1s, megmunk\u00e1l\u00e1s, lyukaszt\u00e1s, hajl\u00edt\u00e1s, csapol\u00e1s stb.<\/td>\n<\/tr>\n<tr>\n<td class=\"label\">Tan\u00fas\u00edtv\u00e1nyok<\/td>\n<td>CE, ISO, SGS, TUV, ROHS<\/td>\n<\/tr>\n<tr>\n<td class=\"label\">Mint\u00e1k<\/td>\n<td>Ingyenes minta. 1-3 napon bel\u00fcl sz\u00e1ll\u00edtjuk \u00d6nnek.<\/td>\n<\/tr>\n<tr>\n<td class=\"label\">MOQ<\/td>\n<td>200KG minden profilhoz<\/td>\n<\/tr>\n<tr>\n<td class=\"label\">Sz\u00e1ll\u00edt\u00e1si id\u0151<\/td>\n<td>A pen\u00e9sz kifejleszt\u00e9se \u00e9s a minta megfelel\u0151s\u00e9ge 12-15 nap, majd a gy\u00e1rt\u00e1s id\u0151tartama 15-25 nap a vev\u0151t\u0151l kapott let\u00e9t be\u00e9rkez\u00e9se ut\u00e1n.<\/td>\n<\/tr>\n<tr>\n<td class=\"label\">Fizet\u00e9si felt\u00e9telek<\/td>\n<td>30% let\u00e9t a gy\u00e1rt\u00e1s el\u0151tt, \u00e9s a sz\u00e1ll\u00edt\u00e1s el\u0151tti egyenleg.<\/td>\n<\/tr>\n<\/table>\n<h2>Gy\u00e1rt\u00f3 b\u00e1zisunk<\/h2>\n<h3>Gy\u00e1ri panor\u00e1ma<\/h3>\n<p><img decoding=\"async\" src=\"\/wp-content\/uploads\/factory-01.webp\"\/><\/p>\n<h3>Alum\u00ednium r\u00fadgy\u00e1rt\u00f3 m\u0171hely<\/h3>\n<p><img decoding=\"async\" src=\"\/wp-content\/uploads\/factory-02.webp\"\/><\/p>\n<p><img decoding=\"async\" src=\"\/wp-content\/uploads\/factory-03.webp\"\/><\/p>\n<h3>Pen\u00e9sz rakt\u00e1r<\/h3>\n<p><img decoding=\"async\" src=\"\/wp-content\/uploads\/factory-04.webp\"\/><\/p>\n<h3>43 alum\u00ednium extrud\u00e1l\u00f3 vonal (500-5500 tonna)<\/h3>\n<p><img decoding=\"async\" src=\"\/wp-content\/uploads\/factory-05.webp\"\/><\/p>\n<p><img decoding=\"async\" src=\"\/wp-content\/uploads\/factory-06.webp\"\/><\/p>\n<p><img decoding=\"async\" src=\"\/wp-content\/uploads\/factory-07.webp\"\/><\/p>\n<h3>Porfest\u0151 m\u0171hely<\/h3>\n<p><img decoding=\"async\" src=\"\/wp-content\/uploads\/factory-09.webp\"\/><\/p>\n<h3>Anodiz\u00e1l\u00f3 m\u0171hely<\/h3>\n<p><img decoding=\"async\" src=\"\/wp-content\/uploads\/factory-10.webp\"\/><\/p>\n<h3>M\u00e9ly feldolgoz\u00e1si m\u0171hely<\/h3>\n<p><img decoding=\"async\" src=\"\/wp-content\/uploads\/factory-11.webp\"\/><\/p>\n<h3>CNC prec\u00edzi\u00f3s megmunk\u00e1l\u00f3 m\u0171hely<\/h3>\n<p><img decoding=\"async\" src=\"\/wp-content\/uploads\/factory-11.5.webp\"\/><\/p>\n<h3>K\u00e9szterm\u00e9k \u00e9s export rakt\u00e1r<\/h3>\n<p><img decoding=\"async\" src=\"\/wp-content\/uploads\/factory-12.webp\"\/><\/p>\n<p><img decoding=\"async\" src=\"\/wp-content\/uploads\/factory-13.webp\"\/><\/p>\n<p><img decoding=\"async\" src=\"\/wp-content\/uploads\/factory-14.webp\"\/><\/p>\n<h2>GYIK<\/h2>\n<p><p><b>1.What egy alum\u00ednium extrud\u00e1lt 6063 elox\u00e1lt ruh\u00e1k meghajt\u00f3 szell\u0151ztet\u0151 alum\u00ednium \u00e1llv\u00e1ny profil?<\/b><\/p>\n<p>Ez egy 6063-as \u00f6tv\u00f6zetb\u0151l k\u00e9sz\u00fclt, elox\u00e1lt alum\u00edniumprofil, amelyet kifejezetten ruhahajt\u00e1s\u00fa leveg\u0151ztet\u0151kh\u00f6z \u00e9s sz\u00e1r\u00edt\u00f3\u00e1llv\u00e1nyokhoz terveztek.<br \/>\n<\/p><br \/>\n<br \/>\n<p><b>2.Mik a 6063 elox\u00e1lt alum\u00ednium \u00e1llv\u00e1nyprofilok f\u0151 el\u0151nyei a ruhasz\u00e1r\u00edt\u00f3k sz\u00e1m\u00e1ra?<\/b><\/p>\n<p>Kiv\u00e1l\u00f3 korr\u00f3zi\u00f3\u00e1ll\u00f3s\u00e1got, k\u00f6nny\u0171 szil\u00e1rds\u00e1got, sima fel\u00fcletet, rozsda\u00e1ll\u00f3s\u00e1got \u00e9s hossz\u00fa \u00e9lettartamot biztos\u00edtanak p\u00e1r\u00e1s k\u00f6rnyezetben.<br \/>\n<\/p><br \/>\n<br \/>\n<p><b>3.Mi\u00e9rt v\u00e1lassza a 6063 elox\u00e1lt alum\u00edniumot a ruhahajt\u00e1s\u00fa szell\u0151ztet\u0151 \u00e1llv\u00e1nyprofilokhoz?<\/b><\/p>\n<p>A 6063-as \u00f6tv\u00f6zet j\u00f3 mechanikai szil\u00e1rds\u00e1got biztos\u00edt, az elox\u00e1l\u00e1s pedig n\u00f6veli a fel\u00fclet kem\u00e9nys\u00e9g\u00e9t, a korr\u00f3zi\u00f3\u00e1ll\u00f3s\u00e1got \u00e9s a sz\u00e1r\u00edt\u00f3\u00e1llv\u00e1nyokhoz alkalmas eszt\u00e9tikai megjelen\u00e9st.<br \/>\n<\/p><br \/>\n<br \/>\n<p><b>4.Can alum\u00ednium extrud\u00e1lt \u00e1llv\u00e1ny profilok testre szabott ruhasz\u00e1r\u00edt\u00f3k?<\/b><\/p>\n<p>Igen, testre szabhat\u00f3 a hossz, az \u00e1tm\u00e9r\u0151, a falvastags\u00e1g, az elox\u00e1l\u00e1s sz\u00edne \u00e9s a fel\u00fclet text\u00far\u00e1ja, hogy illeszkedjen az adott l\u00e9gtelen\u00edt\u0151 kialak\u00edt\u00e1shoz.<br \/>\n<\/p><br \/>\n<br \/>\n<p><b>5.Hogyan jav\u00edtja az elox\u00e1lt fel\u00fclet a ruhasz\u00e1r\u00edt\u00f3 alum\u00ednium \u00e1llv\u00e1nyok teljes\u00edtm\u00e9ny\u00e9t?<\/b><\/p>\n<p>Az elox\u00e1l\u00e1s olyan v\u00e9d\u0151r\u00e9teget hoz l\u00e9tre, amely ellen\u00e1ll a karcol\u00e1soknak, a korr\u00f3zi\u00f3nak \u00e9s a kop\u00e1snak, \u00edgy sima \u00e9s tart\u00f3s fel\u00fcletet biztos\u00edt a mindennapi haszn\u00e1lathoz.<br \/>\n<\/p><br \/>\n<br \/>\n<p><b>6.A 6063 elox\u00e1lt alum\u00ednium \u00e1llv\u00e1nyprofilok alkalmasak belt\u00e9ri \u00e9s k\u00fclt\u00e9ri ruhasz\u00e1r\u00edt\u00e1sra?<\/b><\/p>\n<p>Igen, ellen\u00e1llnak a nedvess\u00e9gnek \u00e9s az id\u0151j\u00e1r\u00e1snak, \u00edgy ide\u00e1lisak mind belt\u00e9ri, mind k\u00fclt\u00e9ri sz\u00e1r\u00edt\u00e1si megold\u00e1sokhoz.<br \/>\n<\/p><br \/>\n<br \/>\n<p><b>7.Mely ipar\u00e1gak gyakran haszn\u00e1lj\u00e1k a 6063 elox\u00e1lt alum\u00edniumb\u00f3l k\u00e9sz\u00fclt ruhahajt\u00e1s\u00fa szell\u0151ztet\u0151 \u00e1llv\u00e1nyprofilokat?<\/b><\/p>\n<p>A mosodai berendez\u00e9sek gy\u00e1rt\u00f3i, a h\u00e1ztart\u00e1si cikkek besz\u00e1ll\u00edt\u00f3i \u00e9s a b\u00fatorgy\u00e1rt\u00f3 c\u00e9gek ezeket a profilokat haszn\u00e1lj\u00e1k megb\u00edzhat\u00f3 \u00e9s tart\u00f3s sz\u00e1r\u00edt\u00f3\u00e1llv\u00e1nyokhoz.<br \/>\n<\/p><br \/>\n<br \/>\n<p><b>8.Hogyan t\u00e1mogatj\u00e1k az alum\u00ednium extrud\u00e1lt 6063 elox\u00e1lt \u00e1llv\u00e1nyprofilok a fenntarthat\u00f3 term\u00e9ktervez\u00e9st?<\/b><\/p>\n<p>Az alum\u00ednium teljes m\u00e9rt\u00e9kben \u00fajrahasznos\u00edthat\u00f3, az elox\u00e1lt fel\u00fclet pedig meghosszabb\u00edtja a term\u00e9k \u00e9lettartam\u00e1t, cs\u00f6kkenti a hullad\u00e9k mennyis\u00e9g\u00e9t \u00e9s el\u0151seg\u00edti a k\u00f6rnyezetbar\u00e1t gy\u00e1rt\u00e1st.<br \/>\n<\/p><br \/><\/p>","protected":false},"featured_media":6668,"template":"","categories":[64],"class_list":["post-6669","product","type-product","status-publish","has-post-thumbnail","hentry","category-new-trend-aluminium-products"],"meta_box":{"hilight_text_group":{"product_hilight_text":"<li>Constructed from durable 6063 aluminum alloy with high strength<\/li>\r\r\n<li>Anodized finish offers superior corrosion resistance and aesthetic appeal<\/li>\r\r\n<li>Lightweight and sturdy design ideal for clothes drive airers and racks<\/li>\r\r\n<li>Precision extrusion ensures consistent dimensions and smooth surface<\/li>\r\r\n<li>Custom sizes and bulk orders available to meet diverse project needs<\/li>","product_chanpin_blog":"<ul>\r\r\n<li><a href=\"https:\/\/sinoextrud.com\/t-slot-v-slot-differences\/\" target=\"_blank\">t slot vs v slot<\/a><\/li>\r\r\n<li><a href=\"https:\/\/sinoextrud.com\/what-is-4040-aluminium-extrud\/\" target=\"_blank\">4040 aluminium extrusion<\/a><\/li>\r\r\n<li><a href=\"https:\/\/sinoextrud.com\/what-is-4040-aluminium-extrud\/\" target=\"_blank\">aluminum extrusions for industrial racks<\/a><\/li>\r\r\n<li><a href=\"https:\/\/sinoextrud.com\/powder-coating-aluminium-process\/\" target=\"_blank\">powder coating aluminium<\/a><\/li>\r\r\n<li><a href=\"https:\/\/sinoextrud.com\/what-is-an-aluminium-strip-ceiling\/\" target=\"_blank\">aluminium strip ceiling<\/a><\/li>\r\r\n<li><a href=\"https:\/\/sinoextrud.com\/what-is-a-heat-sink\/\" target=\"_blank\">what is a heat sink<\/a><\/li>\r\r\n<\/ul>","product_chanpin_chanpin":"<li><a href=\"https:\/\/sinoextrud.com\/product\/custom-high-quality-reinforced-aluminum-flood-planks-aluminum-flood-barrier-profiles\/\" target=\"_blank\">Custom High-quality Reinforced Aluminum Flood Planks Aluminum Flood Barrier Profiles<\/a><\/li>\r\n<li><a href=\"https:\/\/sinoextrud.com\/product\/custom-high-quality-6063-powder-coating-aluminum-pergola-profile\/\" target=\"_blank\">Custom High-quality 6063 Powder Coating Aluminum Pergola Profile<\/a><\/li>\r\n<li><a href=\"https:\/\/sinoextrud.com\/product\/china-high-quality-polishing-shower-enclosure-aluminum-extrusion-profile\/\" target=\"_blank\">China High-quality Polishing Shower Enclosure Aluminum Extrusion Profile<\/a><\/li>\r\n<li><a href=\"https:\/\/sinoextrud.com\/product\/aluminum-extrusion-6063-anodized-wardrobe-clothes-rod-aluminum-profile\/\" target=\"_blank\">Aluminum Extrusion 6063 Anodized Wardrobe Clothes Rod Aluminum Profile<\/a><\/li>\r\n<li><a href=\"https:\/\/sinoextrud.com\/product\/aluminum-extrusion-6063-anodized-clothes-drive-airer-aluminum-rack-profile\/\" target=\"_blank\">Aluminum Extrusion 6063 Anodized Clothes Drive Airer Aluminum Rack Profile<\/a><\/li>\r\n<li><a href=\"https:\/\/sinoextrud.com\/product\/aluminum-extrusion-baseboard-aluminum-skirting-profile\/\" target=\"_blank\">Aluminum Extrusion Baseboard Aluminum Skirting Profile<\/a><\/li>\r\n<li><a href=\"https:\/\/sinoextrud.com\/product\/aluminum-extrusion-aluminum-edge-trim-for-truck-body-cabins-profiles\/\" target=\"_blank\">Aluminum Extrusion Aluminum Edge Trim For Truck Body Cabins Profiles<\/a><\/li>\r\n<li><a href=\"https:\/\/sinoextrud.com\/product\/aluminum-extrusion-6063-powder-coating-aluminum-tile-roof-profile\/\" target=\"_blank\">Aluminum Extrusion 6063 Powder Coating Aluminum Tile Roof Profile<\/a><\/li>\r\n<li><a href=\"https:\/\/sinoextrud.com\/product\/brushed-aluminum-profiles\/\" target=\"_blank\">Brushed Aluminum Profiles<\/a><\/li>\r\n<li><a href=\"https:\/\/sinoextrud.com\/product\/h-section-aluminium-extrusion-foshan-factory\/\" target=\"_blank\">H Section Aluminium Extrusion Foshan Factory<\/a><\/li>\r\n<li><a href=\"https:\/\/sinoextrud.com\/product\/wood-look-aluminium-battens\/\" target=\"_blank\">Wood Look Aluminium Battens<\/a><\/li>"},"feature_list":[]},"_links":{"self":[{"href":"https:\/\/sinoextrud.com\/hu\/wp-json\/wp\/v2\/product\/6669","targetHints":{"allow":["GET"]}}],"collection":[{"href":"https:\/\/sinoextrud.com\/hu\/wp-json\/wp\/v2\/product"}],"about":[{"href":"https:\/\/sinoextrud.com\/hu\/wp-json\/wp\/v2\/types\/product"}],"wp:featuredmedia":[{"embeddable":true,"href":"https:\/\/sinoextrud.com\/hu\/wp-json\/wp\/v2\/media\/6668"}],"wp:attachment":[{"href":"https:\/\/sinoextrud.com\/hu\/wp-json\/wp\/v2\/media?parent=6669"}],"wp:term":[{"taxonomy":"category","embeddable":true,"href":"https:\/\/sinoextrud.com\/hu\/wp-json\/wp\/v2\/categories?post=6669"}],"curies":[{"name":"wp","href":"https:\/\/api.w.org\/{rel}","templated":true}]}}