{"id":6666,"date":"2025-05-30T07:59:11","date_gmt":"2025-05-30T07:59:11","guid":{"rendered":"https:\/\/sinoextrud.com\/product\/aluminum-extrusion-6063-anodized-wardrobe-clothes-rod-aluminum-profile\/"},"modified":"2025-06-24T06:11:28","modified_gmt":"2025-06-24T06:11:28","slug":"aluminium-extrudalas-6063-eloxalt-szekreny-ruhak-rud-aluminium-profil","status":"publish","type":"product","link":"https:\/\/sinoextrud.com\/hu\/product\/aluminum-extrusion-6063-anodized-wardrobe-clothes-rod-aluminum-profile\/","title":{"rendered":"Alum\u00ednium extrud\u00e1l\u00e1s 6063 elox\u00e1lt szekr\u00e9ny ruh\u00e1k r\u00fad alum\u00ednium profil"},"content":{"rendered":"<h2>Term\u00e9kek r\u00e9szletei<\/h2>\n<table class=\"custom-table\">\n<tr>\n<td class=\"label\">Term\u00e9kt\u00e9tel:<\/td>\n<td>Alum\u00ednium extrud\u00e1l\u00e1s 6063 elox\u00e1lt szekr\u00e9ny ruh\u00e1k r\u00fad alum\u00ednium profil<\/td>\n<\/tr>\n<tr>\n<td class=\"label\">Anyag:<\/td>\n<td>6063 T5<\/td>\n<\/tr>\n<tr>\n<td class=\"label\">Alak:<\/td>\n<td>testreszabott<\/td>\n<\/tr>\n<tr>\n<td class=\"label\">\u00d6tv\u00f6zet vagy sem:<\/td>\n<td>Az \u00f6tv\u00f6zet<\/td>\n<\/tr>\n<tr>\n<td class=\"label\">Tolerancia:<\/td>\n<td>\u00b11%<\/td>\n<\/tr>\n<tr>\n<td class=\"label\">Fel\u00fcletkezel\u00e9s:<\/td>\n<td>porsz\u00f3rt bevonat, elox\u00e1lt vagy testreszabott<\/td>\n<\/tr>\n<tr>\n<td class=\"label\">Sz\u00e1ll\u00edt\u00e1si id\u0151:<\/td>\n<td>15-25 nap<\/td>\n<\/tr>\n<tr>\n<td class=\"label\">Feldolgoz\u00f3 szolg\u00e1ltat\u00e1s:<\/td>\n<td>Hajl\u00edt\u00e1s, f\u0171r\u00e9szel\u00e9s, hegeszt\u00e9s, lyukaszt\u00e1s, v\u00e1g\u00e1s, f\u00far\u00e1s, \u00f6sszeszerel\u00e9s<\/td>\n<\/tr>\n<tr>\n<td class=\"label\">Sz\u00e1rmaz\u00e1si hely:<\/td>\n<td>Foshan, Guangdong<\/td>\n<\/tr>\n<tr>\n<td class=\"label\">Modellsz\u00e1m:<\/td>\n<td>Gardr\u00f3bszekr\u00e9ny ruh\u00e1k r\u00fad alum\u00ednium profil, gardr\u00f3bszekr\u00e9ny s\u00edn alum\u00ednium profilok<\/td>\n<\/tr>\n<tr>\n<td class=\"label\">Hossz\u00fas\u00e1g:<\/td>\n<td>Testreszabott<\/td>\n<\/tr>\n<tr>\n<td class=\"label\">M\u00e1rka:<\/td>\n<td>Sinoextrud, Sinoextrud<\/td>\n<\/tr>\n<tr>\n<td class=\"label\">Lelkiismeretesen:<\/td>\n<td>T3-T8<\/td>\n<\/tr>\n<tr>\n<td class=\"label\">MOQ:<\/td>\n<td>200KG minden egyes t\u00e9telre<\/td>\n<\/tr>\n<tr>\n<td class=\"label\">Fizet\u00e9si hat\u00e1rid\u0151:<\/td>\n<td>L \/ C T \/ T (30% let\u00e9t)<\/td>\n<\/tr>\n<tr>\n<td class=\"label\">Alkalmaz\u00e1s:<\/td>\n<td>lak\u00f3- \u00e9s kereskedelmi k\u00f6rnyezetben; szekr\u00e9nyek, gardr\u00f3bok, konyh\u00e1k \u00e9s mos\u00f3konyh\u00e1k<\/td>\n<\/tr>\n<\/table>\n<h2>Gy\u00e1rt\u00f3 b\u00e1zisunk<\/h2>\n<h3>Gy\u00e1ri panor\u00e1ma<\/h3>\n<p><img decoding=\"async\" src=\"\/wp-content\/uploads\/factory-01.webp\"\/><\/p>\n<h3>Alum\u00ednium r\u00fadgy\u00e1rt\u00f3 m\u0171hely<\/h3>\n<p><img decoding=\"async\" src=\"\/wp-content\/uploads\/factory-02.webp\"\/><\/p>\n<p><img decoding=\"async\" src=\"\/wp-content\/uploads\/factory-03.webp\"\/><\/p>\n<h3>Pen\u00e9sz rakt\u00e1r<\/h3>\n<p><img decoding=\"async\" src=\"\/wp-content\/uploads\/factory-04.webp\"\/><\/p>\n<h3>43 alum\u00ednium extrud\u00e1l\u00f3 vonal (500-5500 tonna)<\/h3>\n<p><img decoding=\"async\" src=\"\/wp-content\/uploads\/factory-05.webp\"\/><\/p>\n<p><img decoding=\"async\" src=\"\/wp-content\/uploads\/factory-06.webp\"\/><\/p>\n<p><img decoding=\"async\" src=\"\/wp-content\/uploads\/factory-07.webp\"\/><\/p>\n<h3>Porfest\u0151 m\u0171hely<\/h3>\n<p><img decoding=\"async\" src=\"\/wp-content\/uploads\/factory-09.webp\"\/><\/p>\n<h3>Anodiz\u00e1l\u00f3 m\u0171hely<\/h3>\n<p><img decoding=\"async\" src=\"\/wp-content\/uploads\/factory-10.webp\"\/><\/p>\n<h3>M\u00e9ly feldolgoz\u00e1si m\u0171hely<\/h3>\n<p><img decoding=\"async\" src=\"\/wp-content\/uploads\/factory-11.webp\"\/><\/p>\n<h3>CNC prec\u00edzi\u00f3s megmunk\u00e1l\u00f3 m\u0171hely<\/h3>\n<p><img decoding=\"async\" src=\"\/wp-content\/uploads\/factory-11.5.webp\"\/><\/p>\n<h3>K\u00e9szterm\u00e9k \u00e9s export rakt\u00e1r<\/h3>\n<p><img decoding=\"async\" src=\"\/wp-content\/uploads\/factory-12.webp\"\/><\/p>\n<p><img decoding=\"async\" src=\"\/wp-content\/uploads\/factory-13.webp\"\/><\/p>\n<p><img decoding=\"async\" src=\"\/wp-content\/uploads\/factory-14.webp\"\/><\/p>\n<h2>GYIK<\/h2>\n<p><p><b>1.Mi az alum\u00ednium extrud\u00e1l\u00e1s 6063 elox\u00e1lt szekr\u00e9ny ruh\u00e1k r\u00fad alum\u00ednium profil?<\/b><\/p>\n<p>Ez egy 6063-as \u00f6tv\u00f6zetb\u0151l k\u00e9sz\u00fclt, elox\u00e1lt alum\u00edniumprofil, amelyet kifejezetten ruh\u00e1sszekr\u00e9ny ruharudakhoz terveztek, \u00e9s amely szil\u00e1rds\u00e1got \u00e9s tart\u00f3ss\u00e1got k\u00edn\u00e1l.<br \/>\n<\/p><br \/>\n<br \/>\n<p><b>2.Mik a legfontosabb el\u0151nyei 6063 elox\u00e1lt alum\u00ednium szekr\u00e9ny ruh\u00e1k r\u00fad profilok?<\/b><\/p>\n<p>Kiv\u00e1l\u00f3 korr\u00f3zi\u00f3\u00e1ll\u00f3s\u00e1got, sima fel\u00fcletet, k\u00f6nny\u0171 szil\u00e1rds\u00e1got, rozsda\u00e1ll\u00f3s\u00e1got \u00e9s hossz\u00fa \u00e9lettartamot biztos\u00edtanak.<br \/>\n<\/p><br \/>\n<br \/>\n<p><b>3.Mi\u00e9rt v\u00e1lassza a 6063 elox\u00e1lt alum\u00edniumot a ruh\u00e1sszekr\u00e9ny ruh\u00e1zati rudakhoz?<\/b><\/p>\n<p>A 6063-as \u00f6tv\u00f6zet j\u00f3 mechanikai tulajdons\u00e1gokkal rendelkezik, az elox\u00e1l\u00e1s pedig n\u00f6veli a fel\u00fclet kem\u00e9nys\u00e9g\u00e9t, a korr\u00f3zi\u00f3\u00e1ll\u00f3s\u00e1got \u00e9s az eszt\u00e9tikai megjelen\u00e9st, amely ide\u00e1lis a ruh\u00e1sszekr\u00e9nyekhez.<br \/>\n<\/p><br \/>\n<br \/>\n<p><b>4.Can alum\u00ednium extrud\u00e1lt szekr\u00e9ny ruh\u00e1zati r\u00fad profilok testreszabhat\u00f3?<\/b><\/p>\n<p>Igen, testre szabhat\u00f3 a hossz, az \u00e1tm\u00e9r\u0151, a falvastags\u00e1g, az elox\u00e1l\u00e1s sz\u00edne \u00e9s a fel\u00fcleti text\u00fara, hogy megfeleljenek a szekr\u00e9ny egyedi tervez\u00e9si ig\u00e9nyeinek.<br \/>\n<\/p><br \/>\n<br \/>\n<p><b>5.Hogyan jav\u00edtja az elox\u00e1lt fel\u00fclet a szekr\u00e9ny ruhar\u00fad teljes\u00edtm\u00e9ny\u00e9t?<\/b><\/p>\n<p>Az elox\u00e1l\u00e1s olyan v\u00e9d\u0151r\u00e9teget biztos\u00edt, amely ellen\u00e1ll a karcol\u00e1soknak, a korr\u00f3zi\u00f3nak \u00e9s a kop\u00e1snak, \u00edgy sima \u00e9s tart\u00f3s fel\u00fcletet biztos\u00edt a mindennapi haszn\u00e1lathoz.<br \/>\n<\/p><br \/>\n<br \/>\n<p><b>6.A 6063 elox\u00e1lt alum\u00ednium ruhar\u00fad profilok alkalmasak a lak\u00f3- \u00e9s kereskedelmi szekr\u00e9nyekhez?<\/b><\/p>\n<p>Igen, er\u0151ss\u00e9g\u00fck, tart\u00f3ss\u00e1guk \u00e9s eleg\u00e1ns kivitel\u00fck miatt sz\u00e9les k\u00f6rben haszn\u00e1lj\u00e1k \u0151ket mind lak\u00f3-, mind kereskedelmi k\u00f6rnyezetben.<br \/>\n<\/p><br \/>\n<br \/>\n<p><b>7.Mely ipar\u00e1gak gyakran haszn\u00e1lj\u00e1k a 6063 elox\u00e1lt alum\u00ednium szekr\u00e9ny ruhar\u00fad profilokat?<\/b><\/p>\n<p>A b\u00fatorgy\u00e1rt\u00f3k, bels\u0151\u00e9p\u00edt\u00e9szek \u00e9s gardr\u00f3bszekr\u00e9ny-rendszerek sz\u00e1ll\u00edt\u00f3i ezeket a profilokat haszn\u00e1lj\u00e1k a kiv\u00e1l\u00f3 min\u0151s\u00e9g\u0171, megb\u00edzhat\u00f3 gardr\u00f3bszekr\u00e9ny-megold\u00e1sokhoz.<br \/>\n<\/p><br \/>\n<br \/>\n<p><b>8.Hogyan t\u00e1mogatj\u00e1k az alum\u00ednium extrud\u00e1lt 6063 elox\u00e1lt szekr\u00e9ny ruh\u00e1zati rudak a fenntarthat\u00f3 b\u00fatortervez\u00e9st?<\/b><\/p>\n<p>Az alum\u00ednium teljes m\u00e9rt\u00e9kben \u00fajrahasznos\u00edthat\u00f3, az elox\u00e1lt fel\u00fclet pedig meghosszabb\u00edtja a term\u00e9k \u00e9lettartam\u00e1t, cs\u00f6kkenti a hullad\u00e9k mennyis\u00e9g\u00e9t \u00e9s el\u0151seg\u00edti a k\u00f6rnyezetbar\u00e1t b\u00fatorgy\u00e1rt\u00e1st.<br \/>\n<\/p><br \/><\/p>","protected":false},"featured_media":6665,"template":"","categories":[64],"class_list":["post-6666","product","type-product","status-publish","has-post-thumbnail","hentry","category-new-trend-aluminium-products"],"meta_box":{"hilight_text_group":{"product_hilight_text":"<li>Made from durable 6063 aluminum alloy with excellent strength<\/li>\r\r\n<li>Anodized finish enhances corrosion resistance and surface hardness<\/li>\r\r\n<li>Lightweight design ideal for wardrobe clothes rods and storage solutions<\/li>\r\r\n<li>Precision extrusion ensures smooth surface and consistent dimensions<\/li>\r\r\n<li>Supports custom lengths and bulk orders for large-scale projects<\/li>","product_chanpin_blog":"<ul>\r\r\n<li><a href=\"https:\/\/sinoextrud.com\/t-slot-v-slot-differences\/\" target=\"_blank\">t slot vs v slot<\/a><\/li>\r\r\n<li><a href=\"https:\/\/sinoextrud.com\/what-is-4040-aluminium-extrud\/\" target=\"_blank\">4040 aluminium extrusion<\/a><\/li>\r\r\n<li><a href=\"https:\/\/sinoextrud.com\/what-is-4040-aluminium-extrud\/\" target=\"_blank\">aluminum extrusions for industrial racks<\/a><\/li>\r\r\n<li><a href=\"https:\/\/sinoextrud.com\/powder-coating-aluminium-process\/\" target=\"_blank\">powder coating aluminium<\/a><\/li>\r\r\n<li><a href=\"https:\/\/sinoextrud.com\/what-is-an-aluminium-strip-ceiling\/\" target=\"_blank\">aluminium strip ceiling<\/a><\/li>\r\r\n<li><a href=\"https:\/\/sinoextrud.com\/what-is-a-heat-sink\/\" target=\"_blank\">what is a heat sink<\/a><\/li>\r\r\n<\/ul>","product_chanpin_chanpin":"<li><a href=\"https:\/\/sinoextrud.com\/product\/cnc-bending-aluminum-frame-profile-for-suitcase-luggage\/\" target=\"_blank\">CNC Bending Aluminum Frame Profile For Suitcase Luggage<\/a><\/li>\r\n<li><a href=\"https:\/\/sinoextrud.com\/product\/custom-high-quality-reinforced-aluminum-flood-planks-aluminum-flood-barrier-profiles\/\" target=\"_blank\">Custom High-quality Reinforced Aluminum Flood Planks Aluminum Flood Barrier Profiles<\/a><\/li>\r\n<li><a href=\"https:\/\/sinoextrud.com\/product\/custom-high-quality-6063-powder-coating-aluminum-pergola-profile\/\" target=\"_blank\">Custom High-quality 6063 Powder Coating Aluminum Pergola Profile<\/a><\/li>\r\n<li><a href=\"https:\/\/sinoextrud.com\/product\/china-high-quality-polishing-shower-enclosure-aluminum-extrusion-profile\/\" target=\"_blank\">China High-quality Polishing Shower Enclosure Aluminum Extrusion Profile<\/a><\/li>\r\n<li><a href=\"https:\/\/sinoextrud.com\/product\/aluminum-extrusion-6063-anodized-wardrobe-clothes-rod-aluminum-profile\/\" target=\"_blank\">Aluminum Extrusion 6063 Anodized Wardrobe Clothes Rod Aluminum Profile<\/a><\/li>\r\n<li><a href=\"https:\/\/sinoextrud.com\/product\/aluminum-extrusion-6063-anodized-clothes-drive-airer-aluminum-rack-profile\/\" target=\"_blank\">Aluminum Extrusion 6063 Anodized Clothes Drive Airer Aluminum Rack Profile<\/a><\/li>\r\n<li><a href=\"https:\/\/sinoextrud.com\/product\/aluminum-extrusion-baseboard-aluminum-skirting-profile\/\" target=\"_blank\">Aluminum Extrusion Baseboard Aluminum Skirting Profile<\/a><\/li>\r\n<li><a href=\"https:\/\/sinoextrud.com\/product\/aluminum-extrusion-aluminum-edge-trim-for-truck-body-cabins-profiles\/\" target=\"_blank\">Aluminum Extrusion Aluminum Edge Trim For Truck Body Cabins Profiles<\/a><\/li>\r\n<li><a href=\"https:\/\/sinoextrud.com\/product\/aluminum-extrusion-6063-powder-coating-aluminum-tile-roof-profile\/\" target=\"_blank\">Aluminum Extrusion 6063 Powder Coating Aluminum Tile Roof Profile<\/a><\/li>\r\n<li><a href=\"https:\/\/sinoextrud.com\/product\/extrusion-aluminium-tube-pipe-aluminum-polishing-style\/\" target=\"_blank\">Extrusion Aluminium Tube Pipe Aluminum Polishing Style<\/a><\/li>\r\n<li><a href=\"https:\/\/sinoextrud.com\/product\/customizable-minimalist-office-aluminum-partition-profiles\/\" target=\"_blank\">Customizable Minimalist Office Aluminum Partition Profiles<\/a><\/li>"},"feature_list":[]},"_links":{"self":[{"href":"https:\/\/sinoextrud.com\/hu\/wp-json\/wp\/v2\/product\/6666","targetHints":{"allow":["GET"]}}],"collection":[{"href":"https:\/\/sinoextrud.com\/hu\/wp-json\/wp\/v2\/product"}],"about":[{"href":"https:\/\/sinoextrud.com\/hu\/wp-json\/wp\/v2\/types\/product"}],"wp:featuredmedia":[{"embeddable":true,"href":"https:\/\/sinoextrud.com\/hu\/wp-json\/wp\/v2\/media\/6665"}],"wp:attachment":[{"href":"https:\/\/sinoextrud.com\/hu\/wp-json\/wp\/v2\/media?parent=6666"}],"wp:term":[{"taxonomy":"category","embeddable":true,"href":"https:\/\/sinoextrud.com\/hu\/wp-json\/wp\/v2\/categories?post=6666"}],"curies":[{"name":"wp","href":"https:\/\/api.w.org\/{rel}","templated":true}]}}