{"id":6664,"date":"2025-05-30T07:56:55","date_gmt":"2025-05-30T07:56:55","guid":{"rendered":"https:\/\/sinoextrud.com\/product\/china-high-quality-polishing-shower-enclosure-aluminum-extrusion-profile\/"},"modified":"2025-06-24T06:11:27","modified_gmt":"2025-06-24T06:11:27","slug":"porcelan-kivalo-minosegu-polirozo-zuhanykabin-aluminium-extrudalt-profil","status":"publish","type":"product","link":"https:\/\/sinoextrud.com\/hu\/product\/china-high-quality-polishing-shower-enclosure-aluminum-extrusion-profile\/","title":{"rendered":"K\u00edna kiv\u00e1l\u00f3 min\u0151s\u00e9g\u0171 pol\u00edroz\u00f3 zuhanykabin alum\u00ednium extrud\u00e1lt profil"},"content":{"rendered":"<h2>Term\u00e9kek r\u00e9szletei<\/h2>\n<table class=\"custom-table\">\n<tr>\n<td class=\"label\">Term\u00e9k neve<\/td>\n<td>K\u00edna kiv\u00e1l\u00f3 min\u0151s\u00e9g\u0171 pol\u00edroz\u00f3 zuhanykabin alum\u00ednium extrud\u00e1lt profil<\/td>\n<\/tr>\n<tr>\n<td class=\"label\">Alum\u00ednium \u00f6tv\u00f6zet<\/td>\n<td>6000-es sorozat, 6061, 6063, 6082<\/td>\n<\/tr>\n<tr>\n<td class=\"label\">Temper<\/td>\n<td>T3-T8<\/td>\n<\/tr>\n<tr>\n<td class=\"label\">Shape<\/td>\n<td>U-alak\u00fa, vagy egyedi az \u00fcgyf\u00e9l ig\u00e9nye szerint<\/td>\n<\/tr>\n<tr>\n<td class=\"label\">Alkalmaz\u00e1s<\/td>\n<td>Zuhanyz\u00f3, f\u00fcrd\u0151szoba, sz\u00e1llod\u00e1k, k\u00f6z\u00f6ss\u00e9gi zuhanyz\u00f3, uszodai zuhanyz\u00f3, uszodai zuhanyz\u00f3<\/td>\n<\/tr>\n<tr>\n<td class=\"label\">Fel\u00fcletkezel\u00e9s<\/td>\n<td>malomipari, elox\u00e1lt, fa szemcs\u00e9s, porsz\u00f3r\u00e1s, homokf\u00fav\u00e1s, elektrofor\u00e9zis, csiszol\u00e1s, pol\u00edroz\u00e1s, stb.<\/td>\n<\/tr>\n<tr>\n<td class=\"label\">CNC m\u00e9lyfeldolgoz\u00e1s<\/td>\n<td>v\u00e1g\u00e1s, f\u00far\u00e1s, megmunk\u00e1l\u00e1s, lyukaszt\u00e1s, hajl\u00edt\u00e1s, csapol\u00e1s stb.<\/td>\n<\/tr>\n<tr>\n<td class=\"label\">Tan\u00fas\u00edtv\u00e1nyok<\/td>\n<td>CE, ISO, SGS, TUV, ROHS<\/td>\n<\/tr>\n<tr>\n<td class=\"label\">Mint\u00e1k<\/td>\n<td>ingyenes minta. 1-3 nap alatt sz\u00e1ll\u00edtjuk \u00d6nnek.<\/td>\n<\/tr>\n<tr>\n<td class=\"label\">MOQ<\/td>\n<td>200KG minden egyes profilhoz<\/td>\n<\/tr>\n<tr>\n<td class=\"label\">Sz\u00e1ll\u00edt\u00e1si id\u0151<\/td>\n<td>A pen\u00e9sz kifejleszt\u00e9se \u00e9s a minta meger\u0151s\u00edt\u00e9se 12-15 nap, majd a gy\u00e1rt\u00e1s id\u0151tartama 15-25 nap a vev\u0151 el\u0151leg\u00e9nek be\u00e9rkez\u00e9se ut\u00e1n.<\/td>\n<\/tr>\n<tr>\n<td class=\"label\">Fizet\u00e9si felt\u00e9telek<\/td>\n<td>30% bet\u00e9t a gy\u00e1rt\u00e1s el\u0151tt, \u00e9s a sz\u00e1ll\u00edt\u00e1s el\u0151tti egyenleg.<br \/>stb.<\/td>\n<\/tr>\n<\/table>\n<h2>Gy\u00e1rt\u00f3 b\u00e1zisunk<\/h2>\n<h3>Gy\u00e1ri panor\u00e1ma<\/h3>\n<p><img decoding=\"async\" src=\"\/wp-content\/uploads\/factory-01.webp\"\/><\/p>\n<h3>Alum\u00ednium r\u00fadgy\u00e1rt\u00f3 m\u0171hely<\/h3>\n<p><img decoding=\"async\" src=\"\/wp-content\/uploads\/factory-02.webp\"\/><\/p>\n<p><img decoding=\"async\" src=\"\/wp-content\/uploads\/factory-03.webp\"\/><\/p>\n<h3>Pen\u00e9sz rakt\u00e1r<\/h3>\n<p><img decoding=\"async\" src=\"\/wp-content\/uploads\/factory-04.webp\"\/><\/p>\n<h3>43 alum\u00ednium extrud\u00e1l\u00f3 vonal (500-5500 tonna)<\/h3>\n<p><img decoding=\"async\" src=\"\/wp-content\/uploads\/factory-05.webp\"\/><\/p>\n<p><img decoding=\"async\" src=\"\/wp-content\/uploads\/factory-06.webp\"\/><\/p>\n<p><img decoding=\"async\" src=\"\/wp-content\/uploads\/factory-07.webp\"\/><\/p>\n<h3>Porfest\u0151 m\u0171hely<\/h3>\n<p><img decoding=\"async\" src=\"\/wp-content\/uploads\/factory-09.webp\"\/><\/p>\n<h3>Anodiz\u00e1l\u00f3 m\u0171hely<\/h3>\n<p><img decoding=\"async\" src=\"\/wp-content\/uploads\/factory-10.webp\"\/><\/p>\n<h3>M\u00e9ly feldolgoz\u00e1si m\u0171hely<\/h3>\n<p><img decoding=\"async\" src=\"\/wp-content\/uploads\/factory-11.webp\"\/><\/p>\n<h3>CNC prec\u00edzi\u00f3s megmunk\u00e1l\u00f3 m\u0171hely<\/h3>\n<p><img decoding=\"async\" src=\"\/wp-content\/uploads\/factory-11.5.webp\"\/><\/p>\n<h3>K\u00e9szterm\u00e9k \u00e9s export rakt\u00e1r<\/h3>\n<p><img decoding=\"async\" src=\"\/wp-content\/uploads\/factory-12.webp\"\/><\/p>\n<p><img decoding=\"async\" src=\"\/wp-content\/uploads\/factory-13.webp\"\/><\/p>\n<p><img decoding=\"async\" src=\"\/wp-content\/uploads\/factory-14.webp\"\/><\/p>\n<h2>GYIK<\/h2>\n<p><p><b>1.Mi a k\u00ednai kiv\u00e1l\u00f3 min\u0151s\u00e9g\u0171 pol\u00edroz\u00f3 zuhanykabin alum\u00ednium extrud\u00e1lt profil?<\/b><\/p>\n<p>Ez egy K\u00edn\u00e1ban gy\u00e1rtott, pol\u00edrozott fel\u00fclet\u0171, pr\u00e9mium min\u0151s\u00e9g\u0171 alum\u00ednium extrud\u00e1lt profil, amelyet tart\u00f3s \u00e9s eleg\u00e1ns zuhanykabinok \u00e9p\u00edt\u00e9s\u00e9hez haszn\u00e1lnak.<br \/>\n<\/p><br \/>\n<br \/>\n<p><b>2.Mik a legfontosabb el\u0151nyei a zuhanykabin alum\u00ednium extrud\u00e1lt profilok pol\u00edroz\u00e1s\u00e1nak?<\/b><\/p>\n<p>Kiv\u00e1l\u00f3 korr\u00f3zi\u00f3\u00e1ll\u00f3s\u00e1got, sima pol\u00edrozott fel\u00fcletet, k\u00f6nny\u0171 szil\u00e1rds\u00e1got, k\u00f6nny\u0171 szerelhet\u0151s\u00e9get \u00e9s eleg\u00e1ns, modern megjelen\u00e9st biztos\u00edtanak.<br \/>\n<\/p><br \/>\n<br \/>\n<p><b>3.Mi\u00e9rt v\u00e1lassza a pol\u00edrozott alum\u00ednium extrud\u00e1lt profilokat a zuhanykabinokhoz?<\/b><\/p>\n<p>A pol\u00edrozott fel\u00fcletek fokozz\u00e1k az eszt\u00e9tikai vonzer\u0151t, ellen\u00e1llnak a nedvess\u00e9gnek \u00e9s a rozsd\u00e1nak, \u00e9s biztos\u00edtj\u00e1k a k\u00f6nny\u0171 tiszt\u00edt\u00e1st \u00e9s karbantart\u00e1st a nedves f\u00fcrd\u0151szobai k\u00f6rnyezetben.<br \/>\n<\/p><br \/>\n<br \/>\n<p><b>4.Can K\u00edna pol\u00edroz\u00f3 zuhanykabin alum\u00ednium extrud\u00e1lt profilok testreszabhat\u00f3ak?<\/b><\/p>\n<p>Igen, m\u00e9retben, alakban, fel\u00fcletkezel\u00e9sben, \u00f6tv\u00f6zet t\u00edpusban \u00e9s hosszban testre szabhat\u00f3k, hogy megfeleljenek az adott zuhanykabin kialak\u00edt\u00e1snak.<br \/>\n<\/p><br \/>\n<br \/>\n<p><b>5.Hogyan jav\u00edtja a pol\u00edroz\u00e1s az alum\u00ednium extrud\u00e1lt profilok teljes\u00edtm\u00e9ny\u00e9t?<\/b><\/p>\n<p>A pol\u00edroz\u00e1s sima, f\u00e9nyvisszaver\u0151 fel\u00fcletet hoz l\u00e9tre, amely cs\u00f6kkenti a fel\u00fcleti hib\u00e1kat, n\u00f6veli a korr\u00f3zi\u00f3\u00e1ll\u00f3s\u00e1got \u00e9s jav\u00edtja a l\u00e1tv\u00e1nyt.<br \/>\n<\/p><br \/>\n<br \/>\n<p><b>6.Alkalmasak ezek az alum\u00ednium extrud\u00e1lt profilok minden t\u00edpus\u00fa zuhanykabinhoz?<\/b><\/p>\n<p>Igen, kompatibilisek a keretes, f\u00e9lig keret n\u00e9lk\u00fcli \u00e9s keret n\u00e9lk\u00fcli zuhanyajt\u00f3kkal.<br \/>\n<\/p><br \/>\n<br \/>\n<p><b>7.Mely ipar\u00e1gak gyakran haszn\u00e1lj\u00e1k a k\u00ednai pol\u00edroz\u00f3 zuhanykabin alum\u00ednium extrud\u00e1lt profilokat?<\/b><\/p>\n<p>A f\u00fcrd\u0151szobai szerelv\u00e9nygy\u00e1rt\u00f3k, a bark\u00e1csc\u00e9gek \u00e9s az \u00e9p\u00edt\u0151ipari c\u00e9gek ezeket a profilokat haszn\u00e1lj\u00e1k a min\u0151s\u00e9gi zuhanykabinok \u00f6sszeszerel\u00e9s\u00e9hez.<br \/>\n<\/p><br \/>\n<br \/>\n<p><b>8.Hogyan t\u00e1mogatj\u00e1k a pol\u00edrozott alum\u00ednium extrud\u00e1lt profilok a fenntarthat\u00f3 f\u00fcrd\u0151szobatervez\u00e9st?<\/b><\/p>\n<p>Az alum\u00ednium teljes m\u00e9rt\u00e9kben \u00fajrahasznos\u00edthat\u00f3, a pol\u00edrozott bevonatok pedig meghosszabb\u00edtj\u00e1k a term\u00e9k \u00e9lettartam\u00e1t, cs\u00f6kkentik a hullad\u00e9k mennyis\u00e9g\u00e9t \u00e9s el\u0151seg\u00edtik a k\u00f6rnyezetbar\u00e1t f\u00fcrd\u0151szobafel\u00faj\u00edt\u00e1sokat.<br \/>\n<\/p><br \/><\/p>","protected":false},"featured_media":6663,"template":"","categories":[64],"class_list":["post-6664","product","type-product","status-publish","has-post-thumbnail","hentry","category-new-trend-aluminium-products"],"meta_box":{"hilight_text_group":{"product_hilight_text":"<li>High-quality polishing finish offers sleek and modern appearance<\/li>\r\r\n<li>Durable aluminum extrusion ensures corrosion resistance and long service life<\/li>\r\r\n<li>Precision manufacturing provides consistent dimensions for easy installation<\/li>\r\r\n<li>Ideal for shower enclosure frames with excellent moisture resistance<\/li>\r\r\n<li>Competitive pricing with reliable bulk supply from China factory<\/li>","product_chanpin_blog":"<ul>\r\r\n<li><a href=\"https:\/\/sinoextrud.com\/t-slot-v-slot-differences\/\" target=\"_blank\">t slot vs v slot<\/a><\/li>\r\r\n<li><a href=\"https:\/\/sinoextrud.com\/what-is-4040-aluminium-extrud\/\" target=\"_blank\">4040 aluminium extrusion<\/a><\/li>\r\r\n<li><a href=\"https:\/\/sinoextrud.com\/what-is-4040-aluminium-extrud\/\" target=\"_blank\">aluminum extrusions for industrial racks<\/a><\/li>\r\r\n<li><a href=\"https:\/\/sinoextrud.com\/powder-coating-aluminium-process\/\" target=\"_blank\">powder coating aluminium<\/a><\/li>\r\r\n<li><a href=\"https:\/\/sinoextrud.com\/what-is-an-aluminium-strip-ceiling\/\" target=\"_blank\">aluminium strip ceiling<\/a><\/li>\r\r\n<li><a href=\"https:\/\/sinoextrud.com\/what-is-a-heat-sink\/\" target=\"_blank\">what is a heat sink<\/a><\/li>\r\r\n<\/ul>","product_chanpin_chanpin":"<li><a href=\"https:\/\/sinoextrud.com\/product\/customizable-minimalist-office-aluminum-partition-profiles\/\" target=\"_blank\">Customizable Minimalist Office Aluminum Partition Profiles<\/a><\/li>\r\n<li><a href=\"https:\/\/sinoextrud.com\/product\/cnc-bending-aluminum-frame-profile-for-suitcase-luggage\/\" target=\"_blank\">CNC Bending Aluminum Frame Profile For Suitcase Luggage<\/a><\/li>\r\n<li><a href=\"https:\/\/sinoextrud.com\/product\/custom-high-quality-reinforced-aluminum-flood-planks-aluminum-flood-barrier-profiles\/\" target=\"_blank\">Custom High-quality Reinforced Aluminum Flood Planks Aluminum Flood Barrier Profiles<\/a><\/li>\r\n<li><a href=\"https:\/\/sinoextrud.com\/product\/custom-high-quality-6063-powder-coating-aluminum-pergola-profile\/\" target=\"_blank\">Custom High-quality 6063 Powder Coating Aluminum Pergola Profile<\/a><\/li>\r\n<li><a href=\"https:\/\/sinoextrud.com\/product\/china-high-quality-polishing-shower-enclosure-aluminum-extrusion-profile\/\" target=\"_blank\">China High-quality Polishing Shower Enclosure Aluminum Extrusion Profile<\/a><\/li>\r\n<li><a href=\"https:\/\/sinoextrud.com\/product\/aluminum-extrusion-6063-anodized-wardrobe-clothes-rod-aluminum-profile\/\" target=\"_blank\">Aluminum Extrusion 6063 Anodized Wardrobe Clothes Rod Aluminum Profile<\/a><\/li>\r\n<li><a href=\"https:\/\/sinoextrud.com\/product\/aluminum-extrusion-6063-anodized-clothes-drive-airer-aluminum-rack-profile\/\" target=\"_blank\">Aluminum Extrusion 6063 Anodized Clothes Drive Airer Aluminum Rack Profile<\/a><\/li>\r\n<li><a href=\"https:\/\/sinoextrud.com\/product\/aluminum-extrusion-baseboard-aluminum-skirting-profile\/\" target=\"_blank\">Aluminum Extrusion Baseboard Aluminum Skirting Profile<\/a><\/li>\r\n<li><a href=\"https:\/\/sinoextrud.com\/product\/aluminum-extrusion-aluminum-edge-trim-for-truck-body-cabins-profiles\/\" target=\"_blank\">Aluminum Extrusion Aluminum Edge Trim For Truck Body Cabins Profiles<\/a><\/li>\r\n<li><a href=\"https:\/\/sinoextrud.com\/product\/industrial-aluminum-profile-cad-drawing-uses-in-industry-customized-extrusion-press-manufacturers\/\" target=\"_blank\">industrial aluminum profile cad drawing uses in industry customized extrusion press manufacturers<\/a><\/li>\r\n<li><a href=\"https:\/\/sinoextrud.com\/product\/sliding-door-extrusions\/\" target=\"_blank\">Sliding Door Extrusions<\/a><\/li>"},"feature_list":[]},"_links":{"self":[{"href":"https:\/\/sinoextrud.com\/hu\/wp-json\/wp\/v2\/product\/6664","targetHints":{"allow":["GET"]}}],"collection":[{"href":"https:\/\/sinoextrud.com\/hu\/wp-json\/wp\/v2\/product"}],"about":[{"href":"https:\/\/sinoextrud.com\/hu\/wp-json\/wp\/v2\/types\/product"}],"wp:featuredmedia":[{"embeddable":true,"href":"https:\/\/sinoextrud.com\/hu\/wp-json\/wp\/v2\/media\/6663"}],"wp:attachment":[{"href":"https:\/\/sinoextrud.com\/hu\/wp-json\/wp\/v2\/media?parent=6664"}],"wp:term":[{"taxonomy":"category","embeddable":true,"href":"https:\/\/sinoextrud.com\/hu\/wp-json\/wp\/v2\/categories?post=6664"}],"curies":[{"name":"wp","href":"https:\/\/api.w.org\/{rel}","templated":true}]}}