{"id":6642,"date":"2025-05-30T02:47:15","date_gmt":"2025-05-30T02:47:15","guid":{"rendered":"https:\/\/sinoextrud.com\/product\/aluminum-slatwall-panel-insert-profile\/"},"modified":"2025-06-24T06:11:24","modified_gmt":"2025-06-24T06:11:24","slug":"aluminium-lamellas-falpanel-betetprofil","status":"publish","type":"product","link":"https:\/\/sinoextrud.com\/hu\/product\/aluminum-slatwall-panel-insert-profile\/","title":{"rendered":"Alum\u00ednium l\u00e9cfal panel bet\u00e9t profil"},"content":{"rendered":"<h2>Term\u00e9kek r\u00e9szletei<\/h2>\n<table class=\"custom-table\">\n<tr>\n<td class=\"label\">T\u00e9tel<\/td>\n<td>Alum\u00ednium l\u00e9cfal panel bet\u00e9t profil<\/td>\n<\/tr>\n<tr>\n<td class=\"label\">Anyag<\/td>\n<td>Kiv\u00e1l\u00f3 min\u0151s\u00e9g\u0171 6063 alum\u00ednium \u00f6tv\u00f6zet<\/td>\n<\/tr>\n<tr>\n<td class=\"label\">Profil M\u00e9retek<\/td>\n<td>Testreszabhat\u00f3 (pl. sz\u00e9less\u00e9g: 3\u2033, 4\u2033, 6\u2033; magass\u00e1g: 1\u2033)<\/td>\n<\/tr>\n<tr>\n<td class=\"label\">Vastags\u00e1g<\/td>\n<td>Standard vastags\u00e1g: 0.08\u2033 - 0.12\u2033<\/td>\n<\/tr>\n<tr>\n<td class=\"label\">S\u00faly<\/td>\n<td>K\u00f6nny\u0171 (pl. 0,5 font\/folyos\u00f3 l\u00e1b)<\/td>\n<\/tr>\n<tr>\n<td class=\"label\">Terhelhet\u0151s\u00e9g<\/td>\n<td>Panelenk\u00e9nt ak\u00e1r 50 font (a telep\u00edt\u00e9st\u0151l f\u00fcgg\u0151en)<\/td>\n<\/tr>\n<tr>\n<td class=\"label\">Fel\u00fcletkezel\u00e9s<\/td>\n<td>Elox\u00e1lt, porsz\u00f3rt, csiszolt kivitelben<\/td>\n<\/tr>\n<tr>\n<td class=\"label\">Sz\u00ednv\u00e1laszt\u00e9k<\/td>\n<td>Ez\u00fcst, fekete, feh\u00e9r, egyedi sz\u00ednekben kaphat\u00f3<\/td>\n<\/tr>\n<tr>\n<td class=\"label\">CNC megmunk\u00e1l\u00e1s<\/td>\n<td>Igen, egyedi gy\u00e1rt\u00e1s, hajl\u00edt\u00e1s, tekercsel\u00e9s, hegeszt\u00e9s, lyukaszt\u00e1s, v\u00e1g\u00e1s stb.<\/td>\n<\/tr>\n<tr>\n<td class=\"label\">Telep\u00edt\u00e9si m\u00f3dszer<\/td>\n<td>K\u00f6nnyen telep\u00edthet\u0151 szabv\u00e1nyos hardverrel<\/td>\n<\/tr>\n<tr>\n<td class=\"label\">Csomagol\u00e1s<\/td>\n<td>Biztons\u00e1gosan csomagolva a s\u00e9r\u00fcl\u00e9sek megel\u0151z\u00e9se \u00e9rdek\u00e9ben<\/td>\n<\/tr>\n<tr>\n<td class=\"label\">Tan\u00fas\u00edtv\u00e1nyok<\/td>\n<td>ISO 9001, k\u00f6rnyezetv\u00e9delmi megfelel\u00e9s<\/td>\n<\/tr>\n<tr>\n<td class=\"label\">Alkalmaz\u00e1si ter\u00fcletek<\/td>\n<td>Kiskereskedelmi bemutat\u00f3k, ki\u00e1ll\u00edt\u00e1sok, otthoni \u00e9s irodai haszn\u00e1latra<\/td>\n<\/tr>\n<tr>\n<td class=\"label\">Testreszab\u00e1si lehet\u0151s\u00e9gek<\/td>\n<td>M\u00e9ret, forma, fel\u00fcletkezel\u00e9s \u00e9s sz\u00edn<\/td>\n<\/tr>\n<tr>\n<td class=\"label\">\u00c1tfut\u00e1si id\u0151<\/td>\n<td>\u00c1ltal\u00e1ban 2-4 h\u00e9t (a rendel\u00e9s m\u00e9ret\u00e9t\u0151l f\u00fcgg\u0151en)<\/td>\n<\/tr>\n<tr>\n<td class=\"label\">MOQ<\/td>\n<td>200KG<\/td>\n<\/tr>\n<\/table>\n<h2>Gy\u00e1rt\u00f3 b\u00e1zisunk<\/h2>\n<h3>Gy\u00e1ri panor\u00e1ma<\/h3>\n<p><img decoding=\"async\" src=\"\/wp-content\/uploads\/factory-01.webp\"\/><\/p>\n<h3>Alum\u00ednium r\u00fadgy\u00e1rt\u00f3 m\u0171hely<\/h3>\n<p><img decoding=\"async\" src=\"\/wp-content\/uploads\/factory-02.webp\"\/><\/p>\n<p><img decoding=\"async\" src=\"\/wp-content\/uploads\/factory-03.webp\"\/><\/p>\n<h3>Pen\u00e9sz rakt\u00e1r<\/h3>\n<p><img decoding=\"async\" src=\"\/wp-content\/uploads\/factory-04.webp\"\/><\/p>\n<h3>43 alum\u00ednium extrud\u00e1l\u00f3 vonal (500-5500 tonna)<\/h3>\n<p><img decoding=\"async\" src=\"\/wp-content\/uploads\/factory-05.webp\"\/><\/p>\n<p><img decoding=\"async\" src=\"\/wp-content\/uploads\/factory-06.webp\"\/><\/p>\n<p><img decoding=\"async\" src=\"\/wp-content\/uploads\/factory-07.webp\"\/><\/p>\n<h3>Porfest\u0151 m\u0171hely<\/h3>\n<p><img decoding=\"async\" src=\"\/wp-content\/uploads\/factory-09.webp\"\/><\/p>\n<h3>Anodiz\u00e1l\u00f3 m\u0171hely<\/h3>\n<p><img decoding=\"async\" src=\"\/wp-content\/uploads\/factory-10.webp\"\/><\/p>\n<h3>M\u00e9ly feldolgoz\u00e1si m\u0171hely<\/h3>\n<p><img decoding=\"async\" src=\"\/wp-content\/uploads\/factory-11.webp\"\/><\/p>\n<h3>CNC prec\u00edzi\u00f3s megmunk\u00e1l\u00f3 m\u0171hely<\/h3>\n<p><img decoding=\"async\" src=\"\/wp-content\/uploads\/factory-11.5.webp\"\/><\/p>\n<h3>K\u00e9szterm\u00e9k \u00e9s export rakt\u00e1r<\/h3>\n<p><img decoding=\"async\" src=\"\/wp-content\/uploads\/factory-12.webp\"\/><\/p>\n<p><img decoding=\"async\" src=\"\/wp-content\/uploads\/factory-13.webp\"\/><\/p>\n<p><img decoding=\"async\" src=\"\/wp-content\/uploads\/factory-14.webp\"\/><\/p>\n<h2>GYIK<\/h2>\n<p><p><b>1.Mi az alum\u00ednium lamell\u00e1s falpanel bet\u00e9tprofil?<\/b><\/p>\n<p>Ez egy olyan alum\u00ednium extrud\u00e1l\u00e1s, amelyet \u00fagy terveztek, hogy illeszkedjen a l\u00e9cfalpanelekhez, \u00e9s szerkezeti t\u00e1mogat\u00e1st \u00e9s eszt\u00e9tikai javul\u00e1st biztos\u00edtson a kiskereskedelmi \u00e9s kirakatrendszerek sz\u00e1m\u00e1ra.<br \/>\n<\/p><br \/>\n<br \/>\n<p><b>2.Mik a legfontosabb el\u0151nyei az alum\u00ednium lamell\u00e1s falpanel bet\u00e9tprofiloknak?<\/b><\/p>\n<p>Nagy tart\u00f3ss\u00e1got, korr\u00f3zi\u00f3\u00e1ll\u00f3s\u00e1got, k\u00f6nny\u0171 szil\u00e1rds\u00e1got, pontos m\u00e9reteket \u00e9s eleg\u00e1ns kivitelez\u00e9st k\u00edn\u00e1lnak a fokozott kijelz\u0151 funkcionalit\u00e1s \u00e9rdek\u00e9ben.<br \/>\n<\/p><br \/>\n<br \/>\n<p><b>3.Mi\u00e9rt v\u00e1lassza az alum\u00ednium bet\u00e9tprofilokat a l\u00e9cfalpanelekhez?<\/b><\/p>\n<p>Az alum\u00edniumprofilok kiv\u00e1l\u00f3 szil\u00e1rds\u00e1got, k\u00f6nny\u0171 szerelhet\u0151s\u00e9get, kop\u00e1s\u00e1ll\u00f3s\u00e1got \u00e9s jobb l\u00e1tv\u00e1nyt ny\u00fajtanak a m\u0171anyag vagy fa bet\u00e9tekhez k\u00e9pest.<br \/>\n<\/p><br \/>\n<br \/>\n<p><b>4.Can alum\u00ednium l\u00e9cfal panel bet\u00e9t profilok testre szabhat\u00f3?<\/b><\/p>\n<p>Igen, m\u00e9retben, form\u00e1ban, kivitelben, sz\u00ednben \u00e9s hosszban testre szabhat\u00f3k, hogy megfeleljenek a kiskereskedelmi vagy kereskedelmi megjelen\u00edt\u00e9si k\u00f6vetelm\u00e9nyeknek.<br \/>\n<\/p><br \/>\n<br \/>\n<p><b>5.Hogyan jav\u00edtj\u00e1k az alum\u00ednium bet\u00e9tprofilok a l\u00e9cfalpanelek teljes\u00edtm\u00e9ny\u00e9t?<\/b><\/p>\n<p>Meger\u0151s\u00edtik a panel szerkezet\u00e9t, lehet\u0151v\u00e9 teszik a tartoz\u00e9kok biztons\u00e1gos r\u00f6gz\u00edt\u00e9s\u00e9t, \u00e9s hozz\u00e1j\u00e1rulnak a csiszolt, professzion\u00e1lis megjelen\u00e9shez.<br \/>\n<\/p><br \/>\n<br \/>\n<p><b>6.Alkalmasak-e az alum\u00ednium lamell\u00e1s falpanel bet\u00e9tprofilok nagy forgalm\u00fa kiskereskedelmi k\u00f6rnyezetekbe?<\/b><\/p>\n<p>Igen, tart\u00f3ss\u00e1guk \u00e9s korr\u00f3zi\u00f3\u00e1ll\u00f3s\u00e1guk miatt ide\u00e1lisak a megb\u00edzhat\u00f3 \u00e9s vonz\u00f3 kijelz\u0151ket ig\u00e9nyl\u0151, forgalmas kereskedelmi helyis\u00e9gekben.<br \/>\n<\/p><br \/>\n<br \/>\n<p><b>7.Mely ipar\u00e1gak haszn\u00e1lj\u00e1k \u00e1ltal\u00e1ban az alum\u00ednium lamell\u00e1s falpanel bet\u00e9tprofilokat?<\/b><\/p>\n<p>A kiskereskedelmi, ki\u00e1ll\u00edt\u00e1si, bemutat\u00f3termi \u00e9s kereskedelmi bels\u0151\u00e9p\u00edt\u00e9szeti ipar\u00e1gak sokoldal\u00fa \u00e9s tart\u00f3s megjelen\u00edt\u00e9si megold\u00e1sokhoz haszn\u00e1lj\u00e1k ezeket a profilokat.<br \/>\n<\/p><br \/>\n<br \/>\n<p><b>8.Hogyan t\u00e1mogatj\u00e1k az alum\u00ednium lamell\u00e1s falpanel bet\u00e9tprofilok a fenntarthat\u00f3 kiskereskedelmi tervez\u00e9st?<\/b><\/p>\n<p>Az alum\u00ednium teljes m\u00e9rt\u00e9kben \u00fajrahasznos\u00edthat\u00f3, \u00e9s tart\u00f3ss\u00e1ga cs\u00f6kkenti a csere gyakoris\u00e1g\u00e1t, el\u0151seg\u00edtve a k\u00f6rnyezetbar\u00e1t \u00e9s k\u00f6lts\u00e9ghat\u00e9kony kiskereskedelmi berendez\u00e9seket.<br \/>\n<\/p><br \/><\/p>","protected":false},"featured_media":6641,"template":"","categories":[64],"class_list":["post-6642","product","type-product","status-publish","has-post-thumbnail","hentry","category-new-trend-aluminium-products"],"meta_box":{"hilight_text_group":{"product_hilight_text":"<li>Wholesale pricing from a trusted China factory for cost-effective sourcing<\/li>\r\r\n<li>Made from durable 6063 aluminum alloy with excellent corrosion resistance<\/li>\r\r\n<li>Lightweight yet strong panels suitable for residential and commercial fencing<\/li>\r\r\n<li>Custom sizes and finishes available to meet diverse project needs<\/li>\r\r\n<li>Reliable bulk supply with consistent quality and timely delivery<\/li>","product_chanpin_blog":"<ul>\r\r\n<li><a href=\"https:\/\/sinoextrud.com\/t-slot-v-slot-differences\/\" target=\"_blank\">t slot vs v slot<\/a><\/li>\r\r\n<li><a href=\"https:\/\/sinoextrud.com\/what-is-4040-aluminium-extrud\/\" target=\"_blank\">4040 aluminium extrusion<\/a><\/li>\r\r\n<li><a href=\"https:\/\/sinoextrud.com\/what-is-4040-aluminium-extrud\/\" target=\"_blank\">aluminum extrusions for industrial racks<\/a><\/li>\r\r\n<li><a href=\"https:\/\/sinoextrud.com\/powder-coating-aluminium-process\/\" target=\"_blank\">powder coating aluminium<\/a><\/li>\r\r\n<li><a href=\"https:\/\/sinoextrud.com\/what-is-an-aluminium-strip-ceiling\/\" target=\"_blank\">aluminium strip ceiling<\/a><\/li>\r\r\n<li><a href=\"https:\/\/sinoextrud.com\/what-is-a-heat-sink\/\" target=\"_blank\">what is a heat sink<\/a><\/li>\r\r\n<\/ul>","product_chanpin_chanpin":"<li><a href=\"https:\/\/sinoextrud.com\/product\/aluminium-extrusion-and-aluminium-profile\/\" target=\"_blank\">Aluminium Extrusion and Aluminium Profile<\/a><\/li>\r\n<li><a href=\"https:\/\/sinoextrud.com\/product\/telescopic-aluminium-square-tube\/\" target=\"_blank\">Telescopic Aluminium Square Tube<\/a><\/li>\r\n<li><a href=\"https:\/\/sinoextrud.com\/product\/customizable-bathroom-mirror-frame-bent-aluminum-profiles\/\" target=\"_blank\">Customizable Bathroom Mirror Frame Bent Aluminum Profiles<\/a><\/li>\r\n<li><a href=\"https:\/\/sinoextrud.com\/product\/china-factory-wholesale-6063-aluminum-fence-panels\/\" target=\"_blank\">China Factory Wholesale 6063 Aluminum Fence Panels<\/a><\/li>\r\n<li><a href=\"https:\/\/sinoextrud.com\/product\/aluminum-slatwall-panel-insert-profile\/\" target=\"_blank\">Aluminum Slatwall Panel Insert Profile<\/a><\/li>\r\n<li><a href=\"https:\/\/sinoextrud.com\/product\/custom-high-quality-aluminum-shower-room-mirror-frame-aluminum-profile\/\" target=\"_blank\">Custom High-quality Aluminum Shower Room Mirror Frame Aluminum Profile<\/a><\/li>\r\n<li><a href=\"https:\/\/sinoextrud.com\/product\/20-year-warranty-6061-6063-aluminum-wood-grain-look-aluminum-extruded-square-rectangular-tube\/\" target=\"_blank\">20-Year Warranty 6061 6063 Aluminum Wood Grain Look Aluminum Extruded Square Rectangular Tube<\/a><\/li>\r\n<li><a href=\"https:\/\/sinoextrud.com\/product\/aluminum-h-shaped-connected-panels-profile-for-safe-non-slip-walkway-panel-temporary-ground-road\/\" target=\"_blank\">Aluminum H-shaped Connected Panels Profile For Safe Non-slip Walkway Panel Temporary Ground Road<\/a><\/li>\r\n<li><a href=\"https:\/\/sinoextrud.com\/product\/customizable-minimalist-office-aluminum-partition-profiles\/\" target=\"_blank\">Customizable Minimalist Office Aluminum Partition Profiles<\/a><\/li>\r\n<li><a href=\"https:\/\/sinoextrud.com\/product\/aluminium-cladding-wall-profile\/\" target=\"_blank\">Aluminium Cladding Wall Profile<\/a><\/li>\r\n<li><a href=\"https:\/\/sinoextrud.com\/product\/triangle-aluminum-profile\/\" target=\"_blank\">Triangle Aluminum Profile<\/a><\/li>"},"feature_list":[]},"_links":{"self":[{"href":"https:\/\/sinoextrud.com\/hu\/wp-json\/wp\/v2\/product\/6642","targetHints":{"allow":["GET"]}}],"collection":[{"href":"https:\/\/sinoextrud.com\/hu\/wp-json\/wp\/v2\/product"}],"about":[{"href":"https:\/\/sinoextrud.com\/hu\/wp-json\/wp\/v2\/types\/product"}],"wp:featuredmedia":[{"embeddable":true,"href":"https:\/\/sinoextrud.com\/hu\/wp-json\/wp\/v2\/media\/6641"}],"wp:attachment":[{"href":"https:\/\/sinoextrud.com\/hu\/wp-json\/wp\/v2\/media?parent=6642"}],"wp:term":[{"taxonomy":"category","embeddable":true,"href":"https:\/\/sinoextrud.com\/hu\/wp-json\/wp\/v2\/categories?post=6642"}],"curies":[{"name":"wp","href":"https:\/\/api.w.org\/{rel}","templated":true}]}}