{"id":6638,"date":"2025-05-30T02:41:25","date_gmt":"2025-05-30T02:41:25","guid":{"rendered":"https:\/\/sinoextrud.com\/product\/customizable-bathroom-mirror-frame-bent-aluminum-profiles\/"},"modified":"2025-06-24T06:11:23","modified_gmt":"2025-06-24T06:11:23","slug":"testreszabhato-furdoszoba-tukor-keret-hajlitott-aluminium-profilok","status":"publish","type":"product","link":"https:\/\/sinoextrud.com\/hu\/product\/customizable-bathroom-mirror-frame-bent-aluminum-profiles\/","title":{"rendered":"Testreszabhat\u00f3 f\u00fcrd\u0151szoba t\u00fck\u00f6r keret hajl\u00edtott alum\u00ednium profilok"},"content":{"rendered":"<h2>Term\u00e9kek r\u00e9szletei<\/h2>\n<table class=\"custom-table\">\n<tr>\n<td class=\"label\">Term\u00e9k neve<\/td>\n<td>Testreszabhat\u00f3 f\u00fcrd\u0151szoba t\u00fck\u00f6r keret hajl\u00edtott alum\u00ednium profilok<\/td>\n<\/tr>\n<tr>\n<td class=\"label\">Anyag<\/td>\n<td>Kiv\u00e1l\u00f3 min\u0151s\u00e9g\u0171 alum\u00ednium<\/td>\n<\/tr>\n<tr>\n<td class=\"label\">Testreszab\u00e1si lehet\u0151s\u00e9gek<\/td>\n<td>Egyedi form\u00e1k, m\u00e9retek \u00e9s kivitelek (elox\u00e1lt, porsz\u00f3rt, csiszolt)<\/td>\n<\/tr>\n<tr>\n<td class=\"label\">S\u00faly<\/td>\n<td>K\u00f6nny\u0171, k\u00f6nnyen kezelhet\u0151 \u00e9s telep\u00edthet\u0151<\/td>\n<\/tr>\n<tr>\n<td class=\"label\">Tart\u00f3ss\u00e1g<\/td>\n<td>Korr\u00f3zi\u00f3\u00e1ll\u00f3 \u00e9s kop\u00e1s\u00e1ll\u00f3<\/td>\n<\/tr>\n<tr>\n<td class=\"label\">Fel\u00fcletkezel\u00e9s<\/td>\n<td>Elox\u00e1l\u00e1s, porsz\u00f3r\u00e1s, csiszolt fel\u00fcletkezel\u00e9s<\/td>\n<\/tr>\n<tr>\n<td class=\"label\">Alkalmaz\u00e1sok<\/td>\n<td>F\u00fcrd\u0151szobat\u00fckr\u00f6k keretez\u00e9se lak\u00f3- \u00e9s kereskedelmi helyis\u00e9gekben, egyedi tervez\u00e9s sz\u00e1llod\u00e1k, f\u00fcrd\u0151k stb. sz\u00e1m\u00e1ra.<\/td>\n<\/tr>\n<tr>\n<td class=\"label\">CNC megmunk\u00e1l\u00e1si szolg\u00e1ltat\u00e1sok<\/td>\n<td>Pontos v\u00e1g\u00e1shoz, hajl\u00edt\u00e1shoz \u00e9s alak\u00edt\u00e1shoz rendelkez\u00e9sre \u00e1ll<\/td>\n<\/tr>\n<tr>\n<td class=\"label\">Min\u0151s\u00e9gellen\u0151rz\u00e9s<\/td>\n<td>Szigor\u00fa min\u0151s\u00e9gbiztos\u00edt\u00e1si folyamatok, bele\u00e9rtve az anyagvizsg\u00e1latot \u00e9s a v\u00e9gs\u0151 ellen\u0151rz\u00e9st is.<\/td>\n<\/tr>\n<tr>\n<td class=\"label\">Csomagol\u00e1s<\/td>\n<td>V\u00e9d\u0151csomagol\u00e1s \u00e9s egyedi csomagol\u00e1si megold\u00e1sok<\/td>\n<\/tr>\n<tr>\n<td class=\"label\">ODM\/OEM t\u00e1mogat\u00e1s<\/td>\n<td>Szem\u00e9lyre szabott megold\u00e1sokhoz el\u00e9rhet\u0151<\/td>\n<\/tr>\n<tr>\n<td class=\"label\">\u00c1tfut\u00e1si id\u0151<\/td>\n<td>\u00c1ltal\u00e1ban 4-6 h\u00e9t, a testreszab\u00e1st\u00f3l \u00e9s a rendel\u00e9s m\u00e9ret\u00e9t\u0151l f\u00fcgg\u0151en.<\/td>\n<\/tr>\n<\/table>\n<h2>Gy\u00e1rt\u00f3 b\u00e1zisunk<\/h2>\n<h3>Gy\u00e1ri panor\u00e1ma<\/h3>\n<p><img decoding=\"async\" src=\"\/wp-content\/uploads\/factory-01.webp\"\/><\/p>\n<h3>Alum\u00ednium r\u00fadgy\u00e1rt\u00f3 m\u0171hely<\/h3>\n<p><img decoding=\"async\" src=\"\/wp-content\/uploads\/factory-02.webp\"\/><\/p>\n<\/p>\n<p><img decoding=\"async\" src=\"\/wp-content\/uploads\/factory-03.webp\"\/><\/p>\n<h3>Pen\u00e9sz rakt\u00e1r<\/h3>\n<p><img decoding=\"async\" src=\"\/wp-content\/uploads\/factory-04.webp\"\/><\/p>\n<h3>43 alum\u00ednium extrud\u00e1l\u00f3 vonal (500-5500 tonna)<\/h3>\n<p><img decoding=\"async\" src=\"\/wp-content\/uploads\/factory-05.webp\"\/><\/p>\n<p><img decoding=\"async\" src=\"\/wp-content\/uploads\/factory-06.webp\"\/><\/p>\n<p><img decoding=\"async\" src=\"\/wp-content\/uploads\/factory-07.webp\"\/><\/p>\n<h3>Porfest\u0151 m\u0171hely<\/h3>\n<p><img decoding=\"async\" src=\"\/wp-content\/uploads\/factory-09.webp\"\/><\/p>\n<h3>Anodiz\u00e1l\u00f3 m\u0171hely<\/h3>\n<p><img decoding=\"async\" src=\"\/wp-content\/uploads\/factory-10.webp\"\/><\/p>\n<h3>M\u00e9ly feldolgoz\u00e1si m\u0171hely<\/h3>\n<p><img decoding=\"async\" src=\"\/wp-content\/uploads\/factory-11.webp\"\/><\/p>\n<h3>CNC prec\u00edzi\u00f3s megmunk\u00e1l\u00f3 m\u0171hely<\/h3>\n<p><img decoding=\"async\" src=\"\/wp-content\/uploads\/factory-11.5.webp\"\/><\/p>\n<h3>K\u00e9szterm\u00e9k \u00e9s export rakt\u00e1r<\/h3>\n<p><img decoding=\"async\" src=\"\/wp-content\/uploads\/factory-12.webp\"\/><\/p>\n<p><img decoding=\"async\" src=\"\/wp-content\/uploads\/factory-13.webp\"\/><\/p>\n<p><img decoding=\"async\" src=\"\/wp-content\/uploads\/factory-14.webp\"\/><\/p>\n<h2>GYIK<\/h2>\n<p><b>1.Mik a testreszabhat\u00f3 f\u00fcrd\u0151szobai t\u00fck\u00f6rkeret hajl\u00edtott alum\u00ednium profilok?<\/b><\/p>\n<p>Ezek olyan alum\u00edniumprofilok, amelyeket hajl\u00edtott \u00e9s form\u00e1zott, hogy egyedi kereteket hozzanak l\u00e9tre a f\u00fcrd\u0151szobat\u00fckr\u00f6k sz\u00e1m\u00e1ra, \u00e9s amelyek tart\u00f3ss\u00e1got \u00e9s tervez\u00e9si rugalmass\u00e1got k\u00edn\u00e1lnak.\n<\/p>\n<p><\/p>\n<p><b>2.Mik a legfontosabb el\u0151nyei a hajl\u00edtott alum\u00ednium profiloknak a f\u00fcrd\u0151szobai t\u00fck\u00f6rkeretekhez?<\/b><\/p>\n<p>Korr\u00f3zi\u00f3\u00e1ll\u00f3s\u00e1got, k\u00f6nny\u0171 szil\u00e1rds\u00e1got, k\u00f6nny\u0171 testreszabhat\u00f3s\u00e1got, eleg\u00e1ns eszt\u00e9tik\u00e1t, valamint nedvess\u00e9ggel \u00e9s nedvess\u00e9ggel szembeni ellen\u00e1ll\u00e1st biztos\u00edtanak.\n<\/p>\n<p><\/p>\n<p><b>3.Mi\u00e9rt v\u00e1lassza az alum\u00ednium hajl\u00edtott profilokat a f\u00fcrd\u0151szobai t\u00fck\u00f6rkeretekhez?<\/b><\/p>\n<p>Az alum\u00ednium ellen\u00e1ll a rozsd\u00e1nak \u00e9s a korr\u00f3zi\u00f3nak, k\u00f6nnyen elk\u00e9sz\u00edthet\u0151 \u00f6sszetett form\u00e1kba, \u00e9s modern, tiszta fel\u00fcletet k\u00edn\u00e1l, amely ide\u00e1lis a f\u00fcrd\u0151szobai k\u00f6rnyezetbe.\n<\/p>\n<p><\/p>\n<p><b>4.Can f\u00fcrd\u0151szoba t\u00fck\u00f6r keret hajl\u00edtott alum\u00ednium profilok testre szabhat\u00f3?<\/b><\/p>\n<p>Igen, testre szabhat\u00f3k a m\u00e9retek, hajl\u00edt\u00e1si sz\u00f6gek, fel\u00fcletek, sz\u00ednek \u00e9s tervez\u00e9si r\u00e9szletek tekintet\u00e9ben, hogy illeszkedjenek az adott f\u00fcrd\u0151szobai st\u00edlusokhoz.\n<\/p>\n<p><\/p>\n<p><b>5.Hogyan n\u00f6veli az alum\u00edniumprofilok hajl\u00edt\u00e1sa a f\u00fcrd\u0151szobai t\u00fck\u00f6rkeret kialak\u00edt\u00e1s\u00e1t?<\/b><\/p>\n<p>A hajl\u00edt\u00e1s egyedi form\u00e1kat, sima \u00edveket \u00e9s z\u00f6kken\u0151mentes illeszt\u00e9seket tesz lehet\u0151v\u00e9, lehet\u0151v\u00e9 t\u00e9ve a k\u00fcl\u00f6nb\u00f6z\u0151 eszt\u00e9tikai preferenci\u00e1knak megfelel\u0151, testre szabott t\u00fck\u00f6rkeret-kialak\u00edt\u00e1sokat.\n<\/p>\n<p><\/p>\n<p><b>6.Alkalmasak-e a hajl\u00edtott alum\u00ednium profilok a nedves f\u00fcrd\u0151szobai k\u00f6r\u00fclm\u00e9nyekhez?<\/b><\/p>\n<p>Igen, az alum\u00ednium korr\u00f3zi\u00f3\u00e1ll\u00f3s\u00e1ga \u00e9s nedvess\u00e9g\u00e1ll\u00f3s\u00e1ga miatt a hajl\u00edtott profilok ide\u00e1lisak a nedves \u00e9s p\u00e1r\u00e1s f\u00fcrd\u0151szobai k\u00f6rnyezetekben.\n<\/p>\n<p><\/p>\n<p><b>7.Mely ipar\u00e1gak haszn\u00e1lj\u00e1k \u00e1ltal\u00e1ban a testre szabhat\u00f3 hajl\u00edtott alum\u00ednium profilokat t\u00fck\u00f6rkeretekhez?<\/b><\/p>\n<p>A f\u00fcrd\u0151szobai berendez\u00e9si t\u00e1rgyak gy\u00e1rt\u00f3i, a bels\u0151\u00e9p\u00edt\u00e9szek, a lakberendez\u00e9si kiskeresked\u0151k \u00e9s az egyedi szekr\u00e9nygy\u00e1rt\u00f3 c\u00e9gek haszn\u00e1lj\u00e1k ezeket a profilokat.\n<\/p>\n<p><\/p>\n<p><b>8.Hogyan t\u00e1mogatj\u00e1k a testre szabhat\u00f3 hajl\u00edtott alum\u00edniumprofilok a fenntarthat\u00f3 f\u00fcrd\u0151szobatervez\u00e9st?<\/b><\/p>\n<p>Az alum\u00ednium 100% \u00fajrahasznos\u00edthat\u00f3 \u00e9s tart\u00f3s, cs\u00f6kkenti a hullad\u00e9kot \u00e9s a csereig\u00e9nyt, mik\u00f6zben k\u00f6rnyezetbar\u00e1t \u00e9s hossz\u00fa \u00e9lettartam\u00fa f\u00fcrd\u0151szobai berendez\u00e9si t\u00e1rgyakat tesz lehet\u0151v\u00e9.\n<\/p>\n<p><\/p>","protected":false},"featured_media":6637,"template":"","categories":[64],"class_list":["post-6638","product","type-product","status-publish","has-post-thumbnail","hentry","category-new-trend-aluminium-products"],"meta_box":{"hilight_text_group":{"product_hilight_text":"<li>Customizable bent aluminum profiles tailored for unique bathroom mirror designs<\/li>\r\r\n<li>High-quality aluminum offers durability and corrosion resistance in humid environments<\/li>\r\r\n<li>Precision bending ensures smooth curves and consistent dimensions<\/li>\r\r\n<li>Available in various finishes to complement modern bathroom aesthetics<\/li>\r\r\n<li>Supports bulk orders with reliable supply and fast delivery<\/li>","product_chanpin_blog":"<ul>\r\r\n<li><a href=\"https:\/\/sinoextrud.com\/t-slot-v-slot-differences\/\" target=\"_blank\">t slot vs v slot<\/a><\/li>\r\r\n<li><a href=\"https:\/\/sinoextrud.com\/what-is-4040-aluminium-extrud\/\" target=\"_blank\">4040 aluminium extrusion<\/a><\/li>\r\r\n<li><a href=\"https:\/\/sinoextrud.com\/what-is-4040-aluminium-extrud\/\" target=\"_blank\">aluminum extrusions for industrial racks<\/a><\/li>\r\r\n<li><a href=\"https:\/\/sinoextrud.com\/powder-coating-aluminium-process\/\" target=\"_blank\">powder coating aluminium<\/a><\/li>\r\r\n<li><a href=\"https:\/\/sinoextrud.com\/what-is-an-aluminium-strip-ceiling\/\" target=\"_blank\">aluminium strip ceiling<\/a><\/li>\r\r\n<li><a href=\"https:\/\/sinoextrud.com\/what-is-a-heat-sink\/\" target=\"_blank\">what is a heat sink<\/a><\/li>\r\r\n<\/ul>","product_chanpin_chanpin":"<li><a href=\"https:\/\/sinoextrud.com\/product\/aluminium-kitchen-cabinet-handles\/\" target=\"_blank\">Aluminium Kitchen Cabinet Handles<\/a><\/li>\r\n<li><a href=\"https:\/\/sinoextrud.com\/product\/aluminum-shower-door-frame-parts-u-channel\/\" target=\"_blank\">Aluminum Shower Door Frame Parts U-channel<\/a><\/li>\r\n<li><a href=\"https:\/\/sinoextrud.com\/product\/aluminium-extrusion-and-aluminium-profile\/\" target=\"_blank\">Aluminium Extrusion and Aluminium Profile<\/a><\/li>\r\n<li><a href=\"https:\/\/sinoextrud.com\/product\/telescopic-aluminium-square-tube\/\" target=\"_blank\">Telescopic Aluminium Square Tube<\/a><\/li>\r\n<li><a href=\"https:\/\/sinoextrud.com\/product\/customizable-bathroom-mirror-frame-bent-aluminum-profiles\/\" target=\"_blank\">Customizable Bathroom Mirror Frame Bent Aluminum Profiles<\/a><\/li>\r\n<li><a href=\"https:\/\/sinoextrud.com\/product\/china-factory-wholesale-6063-aluminum-fence-panels\/\" target=\"_blank\">China Factory Wholesale 6063 Aluminum Fence Panels<\/a><\/li>\r\n<li><a href=\"https:\/\/sinoextrud.com\/product\/aluminum-slatwall-panel-insert-profile\/\" target=\"_blank\">Aluminum Slatwall Panel Insert Profile<\/a><\/li>\r\n<li><a href=\"https:\/\/sinoextrud.com\/product\/custom-high-quality-aluminum-shower-room-mirror-frame-aluminum-profile\/\" target=\"_blank\">Custom High-quality Aluminum Shower Room Mirror Frame Aluminum Profile<\/a><\/li>\r\n<li><a href=\"https:\/\/sinoextrud.com\/product\/20-year-warranty-6061-6063-aluminum-wood-grain-look-aluminum-extruded-square-rectangular-tube\/\" target=\"_blank\">20-Year Warranty 6061 6063 Aluminum Wood Grain Look Aluminum Extruded Square Rectangular Tube<\/a><\/li>\r\n<li><a href=\"https:\/\/sinoextrud.com\/product\/aluminum-extrusion-6005-big-size-industrial-aluminum-profile\/\" target=\"_blank\">Aluminum Extrusion 6005 Big Size Industrial Aluminum Profile<\/a><\/li>\r\n<li><a href=\"https:\/\/sinoextrud.com\/product\/aluminum-profile-clean-room-for-workshop-and-hospital\/\" target=\"_blank\">Aluminum Profile Clean Room for Workshop and Hospital<\/a><\/li>"},"feature_list":[]},"_links":{"self":[{"href":"https:\/\/sinoextrud.com\/hu\/wp-json\/wp\/v2\/product\/6638","targetHints":{"allow":["GET"]}}],"collection":[{"href":"https:\/\/sinoextrud.com\/hu\/wp-json\/wp\/v2\/product"}],"about":[{"href":"https:\/\/sinoextrud.com\/hu\/wp-json\/wp\/v2\/types\/product"}],"wp:featuredmedia":[{"embeddable":true,"href":"https:\/\/sinoextrud.com\/hu\/wp-json\/wp\/v2\/media\/6637"}],"wp:attachment":[{"href":"https:\/\/sinoextrud.com\/hu\/wp-json\/wp\/v2\/media?parent=6638"}],"wp:term":[{"taxonomy":"category","embeddable":true,"href":"https:\/\/sinoextrud.com\/hu\/wp-json\/wp\/v2\/categories?post=6638"}],"curies":[{"name":"wp","href":"https:\/\/api.w.org\/{rel}","templated":true}]}}