{"id":6636,"date":"2025-05-30T02:37:30","date_gmt":"2025-05-30T02:37:30","guid":{"rendered":"https:\/\/sinoextrud.com\/product\/telescopic-aluminium-square-tube\/"},"modified":"2025-06-24T06:11:23","modified_gmt":"2025-06-24T06:11:23","slug":"teleszkopos-aluminium-negyszogletes-cso","status":"publish","type":"product","link":"https:\/\/sinoextrud.com\/hu\/product\/telescopic-aluminium-square-tube\/","title":{"rendered":"Teleszk\u00f3pos alum\u00ednium n\u00e9gyzet alak\u00fa cs\u0151"},"content":{"rendered":"<h2>Term\u00e9kek r\u00e9szletei<\/h2>\n<table class=\"custom-table\">\n<tr>\n<td class=\"label\">Term\u00e9k neve<\/td>\n<td>Teleszk\u00f3pos alum\u00ednium n\u00e9gyzet alak\u00fa cs\u0151<\/td>\n<\/tr>\n<tr>\n<td class=\"label\">Term\u00e9kv\u00e1laszt\u00e9k<\/td>\n<td>alum\u00ednium extrud\u00e1lt R-sz\u00f6g alum\u00ednium cs\u0151\/cs\u0151, alum\u00ednium n\u00e9gyzet alak\u00fa cs\u0151\/cs\u0151, alum\u00ednium cs\u0151\/cs\u0151, stb. sz\u00e1m\u00e1ra<\/td>\n<\/tr>\n<tr>\n<td class=\"label\">Alum\u00ednium \u00f6tv\u00f6zet<\/td>\n<td>5000-es sorozat, 6000-es sorozat, 7000-es sorozat<\/td>\n<\/tr>\n<tr>\n<td class=\"label\">Temper<\/td>\n<td>T5-T8<\/td>\n<\/tr>\n<tr>\n<td class=\"label\">Shape<\/td>\n<td>testreszab\u00e1s<\/td>\n<\/tr>\n<tr>\n<td class=\"label\">Sz\u00ednes<\/td>\n<td>testreszab\u00e1s<\/td>\n<\/tr>\n<tr>\n<td class=\"label\">Fel\u00fcletkezel\u00e9s<\/td>\n<td>malomra k\u00e9sz, elox\u00e1lt, fa szemcs\u00e9s, er\u0151 bevonat, homokf\u00fav\u00e1s, elektrofor\u00e9zis, csiszolt, pol\u00edroz\u00e1s, stb.<\/td>\n<\/tr>\n<tr>\n<td class=\"label\">CNC m\u00e9lyfeldolgoz\u00e1s<\/td>\n<td>v\u00e1g\u00e1s, f\u00far\u00e1s, megmunk\u00e1l\u00e1s, lyukaszt\u00e1s, hajl\u00edt\u00e1s, csapol\u00e1s stb.<\/td>\n<\/tr>\n<tr>\n<td class=\"label\">Tan\u00fas\u00edtv\u00e1nyok<\/td>\n<td>CE, ISO, SGS, TUV, ROHS<\/td>\n<\/tr>\n<tr>\n<td class=\"label\">Mint\u00e1k<\/td>\n<td>ingyenes minta. 1-3 nap alatt sz\u00e1ll\u00edtjuk \u00d6nnek.<\/td>\n<\/tr>\n<tr>\n<td class=\"label\">MOQ<\/td>\n<td>200KG minden egyes profilhoz<\/td>\n<\/tr>\n<tr>\n<td class=\"label\">Sz\u00e1ll\u00edt\u00e1si id\u0151<\/td>\n<td>A pen\u00e9sz kifejleszt\u00e9se \u00e9s a minta kialak\u00edt\u00e1sa 12-15 nap, majd a gy\u00e1rt\u00e1s id\u0151tartama 15-25 nap a vev\u0151 let\u00e9tbe helyez\u00e9se ut\u00e1n.<\/td>\n<\/tr>\n<tr>\n<td class=\"label\">Fizet\u00e9si felt\u00e9telek<\/td>\n<td>30% bet\u00e9t a gy\u00e1rt\u00e1s el\u0151tt, \u00e9s a sz\u00e1ll\u00edt\u00e1s el\u0151tti egyenleg.<\/td>\n<\/tr>\n<\/table>\n<h2>Gy\u00e1rt\u00f3 b\u00e1zisunk<\/h2>\n<h3>Gy\u00e1ri panor\u00e1ma<\/h3>\n<p><img decoding=\"async\" src=\"\/wp-content\/uploads\/factory-01.webp\"\/><\/p>\n<h3>Alum\u00ednium r\u00fadgy\u00e1rt\u00f3 m\u0171hely<\/h3>\n<p><img decoding=\"async\" src=\"\/wp-content\/uploads\/factory-02.webp\"\/><\/p>\n<p><img decoding=\"async\" src=\"\/wp-content\/uploads\/factory-03.webp\"\/><\/p>\n<h3>Pen\u00e9sz rakt\u00e1r<\/h3>\n<p><img decoding=\"async\" src=\"\/wp-content\/uploads\/factory-04.webp\"\/><\/p>\n<h3>43 alum\u00ednium extrud\u00e1l\u00f3 vonal (500-5500 tonna)<\/h3>\n<p><img decoding=\"async\" src=\"\/wp-content\/uploads\/factory-05.webp\"\/><\/p>\n<p><img decoding=\"async\" src=\"\/wp-content\/uploads\/factory-06.webp\"\/><\/p>\n<p><img decoding=\"async\" src=\"\/wp-content\/uploads\/factory-07.webp\"\/><\/p>\n<h3>Porfest\u0151 m\u0171hely<\/h3>\n<p><img decoding=\"async\" src=\"\/wp-content\/uploads\/factory-09.webp\"\/><\/p>\n<h3>Anodiz\u00e1l\u00f3 m\u0171hely<\/h3>\n<p><img decoding=\"async\" src=\"\/wp-content\/uploads\/factory-10.webp\"\/><\/p>\n<h3>M\u00e9ly feldolgoz\u00e1si m\u0171hely<\/h3>\n<p><img decoding=\"async\" src=\"\/wp-content\/uploads\/factory-11.webp\"\/><\/p>\n<h3>CNC prec\u00edzi\u00f3s megmunk\u00e1l\u00f3 m\u0171hely<\/h3>\n<p><img decoding=\"async\" src=\"\/wp-content\/uploads\/factory-11.5.webp\"\/><\/p>\n<h3>K\u00e9szterm\u00e9k \u00e9s export rakt\u00e1r<\/h3>\n<p><img decoding=\"async\" src=\"\/wp-content\/uploads\/factory-12.webp\"\/><\/p>\n<p><img decoding=\"async\" src=\"\/wp-content\/uploads\/factory-13.webp\"\/><\/p>\n<p><img decoding=\"async\" src=\"\/wp-content\/uploads\/factory-14.webp\"\/><\/p>\n<h2>GYIK<\/h2>\n<p><p><b>1.Mi az a teleszk\u00f3pos alum\u00ednium n\u00e9gysz\u00f6gletes cs\u0151?<\/b><\/p>\n<p>A teleszk\u00f3pos alum\u00ednium n\u00e9gysz\u00f6gletes cs\u00f6vek egym\u00e1sba illesztett alum\u00ednium n\u00e9gysz\u00f6gletes cs\u00f6vekb\u0151l \u00e1llnak, amelyeket \u00fagy terveztek, hogy egym\u00e1sba cs\u00fasztathat\u00f3k legyenek az \u00e1ll\u00edthat\u00f3 hossz\u00fas\u00e1g\u00fa alkalmaz\u00e1sokhoz.<br \/>\n<\/p><br \/>\n<br \/>\n<p><b>2.Mik a teleszk\u00f3pos alum\u00ednium n\u00e9gysz\u00f6gletes cs\u00f6vek legfontosabb el\u0151nyei?<\/b><\/p>\n<p>K\u00f6nny\u0171 szil\u00e1rds\u00e1got, korr\u00f3zi\u00f3\u00e1ll\u00f3s\u00e1got, sima cs\u00fasz\u00e1st, k\u00f6nny\u0171 be\u00e1ll\u00edthat\u00f3s\u00e1got \u00e9s tart\u00f3ss\u00e1got k\u00edn\u00e1lnak a sokoldal\u00fa felhaszn\u00e1l\u00e1s \u00e9rdek\u00e9ben.<br \/>\n<\/p><br \/>\n<br \/>\n<p><b>3.Mi\u00e9rt v\u00e1lassza a teleszk\u00f3pos alum\u00ednium n\u00e9gysz\u00f6gletes cs\u00f6veket m\u00e1s anyagokkal szemben?<\/b><\/p>\n<p>Az alum\u00ednium kiv\u00e1l\u00f3 korr\u00f3zi\u00f3\u00e1ll\u00f3s\u00e1got biztos\u00edt, k\u00f6nny\u0171, minim\u00e1lis karbantart\u00e1st ig\u00e9nyel, \u00e9s prec\u00edz gy\u00e1rt\u00e1st biztos\u00edt a z\u00f6kken\u0151mentes teleszk\u00f3poz\u00e1shoz.<br \/>\n<\/p><br \/>\n<br \/>\n<p><b>4.Can teleszk\u00f3pos alum\u00ednium n\u00e9gyzet alak\u00fa cs\u00f6vek testre szabhat\u00f3?<\/b><\/p>\n<p>Igen, m\u00e9retben, falvastags\u00e1gban, \u00f6tv\u00f6zet t\u00edpus\u00e1ban, fel\u00fcletkezel\u00e9sben \u00e9s hosszban testre szabhat\u00f3k, hogy megfeleljenek a konkr\u00e9t projekt ig\u00e9nyeinek.<br \/>\n<\/p><br \/>\n<br \/>\n<p><b>5.Milyen el\u0151ny\u00f6kkel j\u00e1r a teleszk\u00f3pos kialak\u00edt\u00e1s az alum\u00ednium n\u00e9gysz\u00f6gletes cs\u00f6vek sz\u00e1m\u00e1ra?<\/b><\/p>\n<p>A teleszk\u00f3pos kialak\u00edt\u00e1s lehet\u0151v\u00e9 teszi az \u00e1ll\u00edthat\u00f3 hossz\u00fas\u00e1got, a kompakt t\u00e1rol\u00e1st \u00e9s az egyszer\u0171 \u00f6sszeszerel\u00e9st, \u00edgy ide\u00e1lisak a v\u00e1ltoz\u00f3 m\u00e9retez\u00e9st ig\u00e9nyl\u0151 alkalmaz\u00e1sokhoz.<br \/>\n<\/p><br \/>\n<br \/>\n<p><b>6.Alkalmasak-e a teleszk\u00f3pos alum\u00ednium n\u00e9gysz\u00f6gletes cs\u00f6vek k\u00fclt\u00e9ri haszn\u00e1latra?<\/b><\/p>\n<p>Igen, ellen\u00e1llnak a rozsd\u00e1nak \u00e9s a korr\u00f3zi\u00f3nak, ellen\u00e1llnak az id\u0151j\u00e1r\u00e1si hat\u00e1soknak, \u00e9s fenntartj\u00e1k teljes\u00edtm\u00e9ny\u00fcket a zord k\u00fclt\u00e9ri k\u00f6rnyezetben.<br \/>\n<\/p><br \/>\n<br \/>\n<p><b>7.Mely ipar\u00e1gak haszn\u00e1lj\u00e1k \u00e1ltal\u00e1ban a teleszk\u00f3pos alum\u00ednium n\u00e9gysz\u00f6gletes cs\u00f6veket?<\/b><\/p>\n<p>Az \u00e9p\u00edt\u0151ipar, az aut\u00f3ipar, a rep\u00fcl\u0151g\u00e9pipar, a b\u00fatoripar \u00e9s a berendez\u00e9sgy\u00e1rt\u00e1s ezeket a cs\u00f6veket haszn\u00e1lja \u00e1ll\u00edthat\u00f3 szerkezeti elemekhez.<br \/>\n<\/p><br \/>\n<br \/>\n<p><b>8.Hogyan t\u00e1mogatj\u00e1k a teleszk\u00f3pos alum\u00ednium n\u00e9gysz\u00f6gletes cs\u00f6vek a fenntarthat\u00f3 gy\u00e1rt\u00e1st?<\/b><\/p>\n<p>Az alum\u00ednium teljes m\u00e9rt\u00e9kben \u00fajrahasznos\u00edthat\u00f3, a tart\u00f3s kialak\u00edt\u00e1s pedig cs\u00f6kkenti a csere gyakoris\u00e1g\u00e1t, el\u0151seg\u00edtve a k\u00f6rnyezetbar\u00e1t \u00e9s k\u00f6lts\u00e9ghat\u00e9kony megold\u00e1sokat.<br \/>\n<\/p><br \/><\/p>","protected":false},"featured_media":6635,"template":"","categories":[64],"class_list":["post-6636","product","type-product","status-publish","has-post-thumbnail","hentry","category-new-trend-aluminium-products"],"meta_box":{"hilight_text_group":{"product_hilight_text":"<li>Telescopic design allows adjustable length for versatile applications<\/li>\r\r\n<li>Made from high-strength aluminum with excellent corrosion resistance<\/li>\r\r\n<li>Lightweight and easy to handle for efficient installation<\/li>\r\r\n<li>Precision extrusion ensures smooth sliding and reliable fit<\/li>\r\r\n<li>Custom sizes and finishes available to meet specific project requirements<\/li>","product_chanpin_blog":"<ul>\r\r\n<li><a href=\"https:\/\/sinoextrud.com\/t-slot-v-slot-differences\/\" target=\"_blank\">t slot vs v slot<\/a><\/li>\r\r\n<li><a href=\"https:\/\/sinoextrud.com\/what-is-4040-aluminium-extrud\/\" target=\"_blank\">4040 aluminium extrusion<\/a><\/li>\r\r\n<li><a href=\"https:\/\/sinoextrud.com\/what-is-4040-aluminium-extrud\/\" target=\"_blank\">aluminum extrusions for industrial racks<\/a><\/li>\r\r\n<li><a href=\"https:\/\/sinoextrud.com\/powder-coating-aluminium-process\/\" target=\"_blank\">powder coating aluminium<\/a><\/li>\r\r\n<li><a href=\"https:\/\/sinoextrud.com\/what-is-an-aluminium-strip-ceiling\/\" target=\"_blank\">aluminium strip ceiling<\/a><\/li>\r\r\n<li><a href=\"https:\/\/sinoextrud.com\/what-is-a-heat-sink\/\" target=\"_blank\">what is a heat sink<\/a><\/li>\r\r\n<\/ul>","product_chanpin_chanpin":"<li><a href=\"https:\/\/sinoextrud.com\/product\/weather-resistant-wood-grain-aluminum-profile\/\" target=\"_blank\">Weather Resistant Wood Grain Aluminum Profile<\/a><\/li>\r\n<li><a href=\"https:\/\/sinoextrud.com\/product\/aluminium-kitchen-cabinet-handles\/\" target=\"_blank\">Aluminium Kitchen Cabinet Handles<\/a><\/li>\r\n<li><a href=\"https:\/\/sinoextrud.com\/product\/aluminum-shower-door-frame-parts-u-channel\/\" target=\"_blank\">Aluminum Shower Door Frame Parts U-channel<\/a><\/li>\r\n<li><a href=\"https:\/\/sinoextrud.com\/product\/aluminium-extrusion-and-aluminium-profile\/\" target=\"_blank\">Aluminium Extrusion and Aluminium Profile<\/a><\/li>\r\n<li><a href=\"https:\/\/sinoextrud.com\/product\/telescopic-aluminium-square-tube\/\" target=\"_blank\">Telescopic Aluminium Square Tube<\/a><\/li>\r\n<li><a href=\"https:\/\/sinoextrud.com\/product\/customizable-bathroom-mirror-frame-bent-aluminum-profiles\/\" target=\"_blank\">Customizable Bathroom Mirror Frame Bent Aluminum Profiles<\/a><\/li>\r\n<li><a href=\"https:\/\/sinoextrud.com\/product\/china-factory-wholesale-6063-aluminum-fence-panels\/\" target=\"_blank\">China Factory Wholesale 6063 Aluminum Fence Panels<\/a><\/li>\r\n<li><a href=\"https:\/\/sinoextrud.com\/product\/aluminum-slatwall-panel-insert-profile\/\" target=\"_blank\">Aluminum Slatwall Panel Insert Profile<\/a><\/li>\r\n<li><a href=\"https:\/\/sinoextrud.com\/product\/custom-high-quality-aluminum-shower-room-mirror-frame-aluminum-profile\/\" target=\"_blank\">Custom High-quality Aluminum Shower Room Mirror Frame Aluminum Profile<\/a><\/li>\r\n<li><a href=\"https:\/\/sinoextrud.com\/product\/triangle-aluminium-tube-factory-price\/\" target=\"_blank\">Triangle Aluminium Tube Factory Price<\/a><\/li>\r\n<li><a href=\"https:\/\/sinoextrud.com\/product\/aluminum-edge-trim-for-plywood\/\" target=\"_blank\">Aluminum Edge Trim For Plywood<\/a><\/li>"},"feature_list":[]},"_links":{"self":[{"href":"https:\/\/sinoextrud.com\/hu\/wp-json\/wp\/v2\/product\/6636","targetHints":{"allow":["GET"]}}],"collection":[{"href":"https:\/\/sinoextrud.com\/hu\/wp-json\/wp\/v2\/product"}],"about":[{"href":"https:\/\/sinoextrud.com\/hu\/wp-json\/wp\/v2\/types\/product"}],"wp:featuredmedia":[{"embeddable":true,"href":"https:\/\/sinoextrud.com\/hu\/wp-json\/wp\/v2\/media\/6635"}],"wp:attachment":[{"href":"https:\/\/sinoextrud.com\/hu\/wp-json\/wp\/v2\/media?parent=6636"}],"wp:term":[{"taxonomy":"category","embeddable":true,"href":"https:\/\/sinoextrud.com\/hu\/wp-json\/wp\/v2\/categories?post=6636"}],"curies":[{"name":"wp","href":"https:\/\/api.w.org\/{rel}","templated":true}]}}