{"id":6632,"date":"2025-05-30T02:33:02","date_gmt":"2025-05-30T02:33:02","guid":{"rendered":"https:\/\/sinoextrud.com\/product\/aluminum-shower-door-frame-parts-u-channel\/"},"modified":"2025-06-24T06:11:22","modified_gmt":"2025-06-24T06:11:22","slug":"aluminium-zuhany-ajto-keret-alkatreszek-u-csatorna","status":"publish","type":"product","link":"https:\/\/sinoextrud.com\/hu\/product\/aluminum-shower-door-frame-parts-u-channel\/","title":{"rendered":"Alum\u00ednium zuhany ajt\u00f3 keret alkatr\u00e9szek U-csatorna"},"content":{"rendered":"<h2>Term\u00e9kek r\u00e9szletei<\/h2>\n<table class=\"custom-table\">\n<tr>\n<td class=\"label\">T\u00e9tel<\/td>\n<td>Alum\u00ednium zuhany ajt\u00f3 keret alkatr\u00e9szek U-csatorna<\/td>\n<\/tr>\n<tr>\n<td class=\"label\">Temper<\/td>\n<td>T3-T8<\/td>\n<\/tr>\n<tr>\n<td class=\"label\">Folyamat\u00e1raml\u00e1s<\/td>\n<td>Formafejleszt\u00e9s-Alum\u00ednium tusk\u00f3k-felmeleg\u00edt\u00e9s-form\u00e1z\u00e1s nyers alum\u00edniummal-fel\u00fcletkezel\u00e9s<\/td>\n<\/tr>\n<tr>\n<td class=\"label\">Tan\u00fas\u00edt\u00e1s<\/td>\n<td>CE, ISO, SGS, TUV<\/td>\n<\/tr>\n<tr>\n<td class=\"label\">Alkalmaz\u00e1s<\/td>\n<td>\u00c9p\u00edt\u0151ipar, ipar<\/td>\n<\/tr>\n<tr>\n<td class=\"label\">Shape<\/td>\n<td>U-alak\u00fa<\/td>\n<\/tr>\n<tr>\n<td class=\"label\">Fel\u00fcletkezel\u00e9s<\/td>\n<td>Malom k\u00e9sz, elox\u00e1lt, Power bevonat, homokf\u00fav\u00e1s, elektrofor\u00e9zis, csiszolt, pol\u00edroz\u00e1s, stb.<\/td>\n<\/tr>\n<tr>\n<td class=\"label\">Sz\u00ednes<\/td>\n<td>Az \u00fcgyfelek ig\u00e9nyei alapj\u00e1n<\/td>\n<\/tr>\n<tr>\n<td class=\"label\">M\u00e9lyrehat\u00f3 feldolgoz\u00e1s<\/td>\n<td>V\u00e1g\u00e1s, f\u00far\u00e1s, megmunk\u00e1l\u00e1s, lyukaszt\u00e1s, hajl\u00edt\u00e1s, csapol\u00e1s stb.<\/td>\n<\/tr>\n<tr>\n<td class=\"label\">Garancia<\/td>\n<td>ISO: 9001, SONCAP , BV tan\u00fas\u00edtv\u00e1ny, TUV, SGS vagy \u00fcgyfelek tan\u00fas\u00edtv\u00e1nya \u00e1ll rendelkez\u00e9sre<\/td>\n<\/tr>\n<tr>\n<td class=\"label\">MOQ<\/td>\n<td>200KG minden egyes profilhoz<\/td>\n<\/tr>\n<tr>\n<td class=\"label\">Sz\u00e1ll\u00edt\u00e1si id\u0151<\/td>\n<td>A szersz\u00e1mok fejleszt\u00e9se \u00e9s a minta kialak\u00edt\u00e1sa 12-15 nap, majd a gy\u00e1rt\u00e1s id\u0151tartama 15-25 nap a vev\u0151 let\u00e9tbe helyez\u00e9se ut\u00e1n.<\/td>\n<\/tr>\n<tr>\n<td class=\"label\">Ingyenes minta<\/td>\n<td>1-3 nap alatt k\u00fcldhet\u0151<\/td>\n<\/tr>\n<\/table>\n<h2>Gy\u00e1rt\u00f3 b\u00e1zisunk<\/h2>\n<h3>Gy\u00e1ri panor\u00e1ma<\/h3>\n<p><img decoding=\"async\" src=\"\/wp-content\/uploads\/factory-01.webp\"\/><\/p>\n<h3>Alum\u00ednium r\u00fadgy\u00e1rt\u00f3 m\u0171hely<\/h3>\n<p><img decoding=\"async\" src=\"\/wp-content\/uploads\/factory-02.webp\"\/><\/p>\n<p><img decoding=\"async\" src=\"\/wp-content\/uploads\/factory-03.webp\"\/><\/p>\n<h3>Pen\u00e9sz rakt\u00e1r<\/h3>\n<p><img decoding=\"async\" src=\"\/wp-content\/uploads\/factory-04.webp\"\/><\/p>\n<h3>43 alum\u00ednium extrud\u00e1l\u00f3 vonal (500-5500 tonna)<\/h3>\n<p><img decoding=\"async\" src=\"\/wp-content\/uploads\/factory-05.webp\"\/><\/p>\n<p><img decoding=\"async\" src=\"\/wp-content\/uploads\/factory-06.webp\"\/><\/p>\n<p><img decoding=\"async\" src=\"\/wp-content\/uploads\/factory-07.webp\"\/><\/p>\n<h3>Porfest\u0151 m\u0171hely<\/h3>\n<p><img decoding=\"async\" src=\"\/wp-content\/uploads\/factory-09.webp\"\/><\/p>\n<h3>Anodiz\u00e1l\u00f3 m\u0171hely<\/h3>\n<p><img decoding=\"async\" src=\"\/wp-content\/uploads\/factory-10.webp\"\/><\/p>\n<h3>M\u00e9ly feldolgoz\u00e1si m\u0171hely<\/h3>\n<p><img decoding=\"async\" src=\"\/wp-content\/uploads\/factory-11.webp\"\/><\/p>\n<h3>CNC prec\u00edzi\u00f3s megmunk\u00e1l\u00f3 m\u0171hely<\/h3>\n<p><img decoding=\"async\" src=\"\/wp-content\/uploads\/factory-11.5.webp\"\/><\/p>\n<h3>K\u00e9szterm\u00e9k \u00e9s export rakt\u00e1r<\/h3>\n<p><img decoding=\"async\" src=\"\/wp-content\/uploads\/factory-12.webp\"\/><\/p>\n<p><img decoding=\"async\" src=\"\/wp-content\/uploads\/factory-13.webp\"\/><\/p>\n<p><img decoding=\"async\" src=\"\/wp-content\/uploads\/factory-14.webp\"\/><\/p>\n<h2>GYIK<\/h2>\n<p><p><b>1.Mik az alum\u00ednium zuhanyz\u00f3 ajt\u00f3 keret r\u00e9szei U-csatorna?<\/b><\/p>\n<p>Ezek olyan alum\u00ednium U-alak\u00fa csatorn\u00e1k, amelyeket a zuhanyajt\u00f3k kereteinek szerkezeti elemeik\u00e9nt haszn\u00e1lnak az \u00fcveglapok r\u00f6gz\u00edt\u00e9s\u00e9re \u00e9s a stabilit\u00e1s biztos\u00edt\u00e1s\u00e1ra.<br \/>\n<\/p><br \/>\n<br \/>\n<p><b>2.Mik az alum\u00ednium U-csatorn\u00e1s zuhanyz\u00f3 ajt\u00f3 keretalkatr\u00e9szek legfontosabb el\u0151nyei?<\/b><\/p>\n<p>Kiv\u00e1l\u00f3 korr\u00f3zi\u00f3\u00e1ll\u00f3s\u00e1got, k\u00f6nny\u0171 szil\u00e1rds\u00e1got, tart\u00f3ss\u00e1got, k\u00f6nny\u0171 szerelhet\u0151s\u00e9get \u00e9s eleg\u00e1ns, modern kivitelez\u00e9st k\u00edn\u00e1lnak.<br \/>\n<\/p><br \/>\n<br \/>\n<p><b>3.Mi\u00e9rt v\u00e1lassza az alum\u00ednium U-csatorn\u00e1kat a zuhanyz\u00f3 ajt\u00f3keretekhez?<\/b><\/p>\n<p>Az alum\u00ednium U-csatorn\u00e1k ellen\u00e1llnak a nedvess\u00e9gnek \u00e9s a rozsd\u00e1nak, \u00edgy hossz\u00fa \u00e9lettartamot biztos\u00edtanak nedves f\u00fcrd\u0151szobai k\u00f6rnyezetben, minim\u00e1lis karbantart\u00e1s mellett.<br \/>\n<\/p><br \/>\n<br \/>\n<p><b>4.Can alum\u00ednium zuhany ajt\u00f3 keret U-csatorn\u00e1k testreszabhat\u00f3?<\/b><\/p>\n<p>Igen, m\u00e9retben, vastags\u00e1gban, hosszban \u00e9s kivitelben testre szabhat\u00f3k, hogy illeszkedjenek a k\u00fcl\u00f6nb\u00f6z\u0151 zuhanyajt\u00f3-kialak\u00edt\u00e1sokhoz \u00e9s \u00fcveglapm\u00e9retekhez.<br \/>\n<\/p><br \/>\n<br \/>\n<p><b>5.Hogyan jav\u00edtja az U-csatorn\u00e1s kialak\u00edt\u00e1s a zuhanyajt\u00f3 funkcionalit\u00e1s\u00e1t?<\/b><\/p>\n<p>Az U-alak biztons\u00e1gosan a hely\u00e9n tartja az \u00fcvegt\u00e1bl\u00e1kat, szerkezeti al\u00e1t\u00e1maszt\u00e1st biztos\u00edt, \u00e9s seg\u00edt megel\u0151zni a v\u00edzsziv\u00e1rg\u00e1st a zuhanykabinokban.<br \/>\n<\/p><br \/>\n<br \/>\n<p><b>6.Az alum\u00ednium U-csatorn\u00e1s zuhanyajt\u00f3 keretalkatr\u00e9szek minden t\u00edpus\u00fa zuhanyajt\u00f3hoz alkalmasak?<\/b><\/p>\n<p>Igen, kompatibilisek a keretes, f\u00e9lig keret n\u00e9lk\u00fcli \u00e9s keret n\u00e9lk\u00fcli zuhanyajt\u00f3kkal.<br \/>\n<\/p><br \/>\n<br \/>\n<p><b>7.Mely ipar\u00e1gak gyakran haszn\u00e1lj\u00e1k az alum\u00ednium zuhanyz\u00f3 ajt\u00f3 keret U-csatorna alkatr\u00e9szeket?<\/b><\/p>\n<p>A f\u00fcrd\u0151szobai szerelv\u00e9nygy\u00e1rt\u00f3k, a bark\u00e1csc\u00e9gek \u00e9s az \u00e9p\u00edt\u0151ipari c\u00e9gek ezeket az alkatr\u00e9szeket haszn\u00e1lj\u00e1k a min\u0151s\u00e9gi zuhanyajt\u00f3k \u00f6sszeszerel\u00e9s\u00e9hez.<br \/>\n<\/p><br \/>\n<br \/>\n<p><b>8.Hogyan t\u00e1mogatj\u00e1k az alum\u00ednium zuhanyajt\u00f3 keret U-csatorna alkatr\u00e9szek a fenntarthat\u00f3 f\u00fcrd\u0151szobai kialak\u00edt\u00e1st?<\/b><\/p>\n<p>Az alum\u00ednium 100% \u00fajrahasznos\u00edthat\u00f3 \u00e9s tart\u00f3s, \u00edgy cs\u00f6kkenti a hullad\u00e9kot \u00e9s a csereig\u00e9nyt a k\u00f6rnyezetbar\u00e1t f\u00fcrd\u0151szobafel\u00faj\u00edt\u00e1sok sor\u00e1n.<br \/>\n<\/p><br \/><\/p>","protected":false},"featured_media":6631,"template":"","categories":[64],"class_list":["post-6632","product","type-product","status-publish","has-post-thumbnail","hentry","category-new-trend-aluminium-products"],"meta_box":{"hilight_text_group":{"product_hilight_text":"<li>Durable aluminum U-channel designed for secure shower door framing<\/li>\r\r\n<li>Corrosion-resistant finish ensures long-lasting performance in wet environments<\/li>\r\r\n<li>Precision manufacturing provides easy installation and tight fit<\/li>\r\r\n<li>Lightweight yet strong for efficient handling and structural support<\/li>\r\r\n<li>Available in custom sizes and finishes to match various shower designs<\/li>","product_chanpin_blog":"<ul>\r\r\n<li><a href=\"https:\/\/sinoextrud.com\/t-slot-v-slot-differences\/\" target=\"_blank\">t slot vs v slot<\/a><\/li>\r\r\n<li><a href=\"https:\/\/sinoextrud.com\/what-is-4040-aluminium-extrud\/\" target=\"_blank\">4040 aluminium extrusion<\/a><\/li>\r\r\n<li><a href=\"https:\/\/sinoextrud.com\/what-is-4040-aluminium-extrud\/\" target=\"_blank\">aluminum extrusions for industrial racks<\/a><\/li>\r\r\n<li><a href=\"https:\/\/sinoextrud.com\/powder-coating-aluminium-process\/\" target=\"_blank\">powder coating aluminium<\/a><\/li>\r\r\n<li><a href=\"https:\/\/sinoextrud.com\/what-is-an-aluminium-strip-ceiling\/\" target=\"_blank\">aluminium strip ceiling<\/a><\/li>\r\r\n<li><a href=\"https:\/\/sinoextrud.com\/what-is-a-heat-sink\/\" target=\"_blank\">what is a heat sink<\/a><\/li>\r\r\n<\/ul>","product_chanpin_chanpin":"<li><a href=\"https:\/\/sinoextrud.com\/product\/aluminum-t-shape-transition-tile-trim\/\" target=\"_blank\">Aluminum T Shape Transition Tile Trim<\/a><\/li>\r\n<li><a href=\"https:\/\/sinoextrud.com\/product\/wood-grain-aluminum-decking\/\" target=\"_blank\">Wood Grain Aluminum Decking<\/a><\/li>\r\n<li><a href=\"https:\/\/sinoextrud.com\/product\/weather-resistant-wood-grain-aluminum-profile\/\" target=\"_blank\">Weather Resistant Wood Grain Aluminum Profile<\/a><\/li>\r\n<li><a href=\"https:\/\/sinoextrud.com\/product\/aluminium-kitchen-cabinet-handles\/\" target=\"_blank\">Aluminium Kitchen Cabinet Handles<\/a><\/li>\r\n<li><a href=\"https:\/\/sinoextrud.com\/product\/aluminum-shower-door-frame-parts-u-channel\/\" target=\"_blank\">Aluminum Shower Door Frame Parts U-channel<\/a><\/li>\r\n<li><a href=\"https:\/\/sinoextrud.com\/product\/aluminium-extrusion-and-aluminium-profile\/\" target=\"_blank\">Aluminium Extrusion and Aluminium Profile<\/a><\/li>\r\n<li><a href=\"https:\/\/sinoextrud.com\/product\/telescopic-aluminium-square-tube\/\" target=\"_blank\">Telescopic Aluminium Square Tube<\/a><\/li>\r\n<li><a href=\"https:\/\/sinoextrud.com\/product\/customizable-bathroom-mirror-frame-bent-aluminum-profiles\/\" target=\"_blank\">Customizable Bathroom Mirror Frame Bent Aluminum Profiles<\/a><\/li>\r\n<li><a href=\"https:\/\/sinoextrud.com\/product\/china-factory-wholesale-6063-aluminum-fence-panels\/\" target=\"_blank\">China Factory Wholesale 6063 Aluminum Fence Panels<\/a><\/li>\r\n<li><a href=\"https:\/\/sinoextrud.com\/product\/custom-3003-aluminum-tube-bending-coolant-tubes\/\" target=\"_blank\">Custom 3003 Aluminum Tube Bending Coolant Tubes<\/a><\/li>\r\n<li><a href=\"https:\/\/sinoextrud.com\/product\/aluminum-car-pedal-anodized-silver\/\" target=\"_blank\">Aluminum Car Pedal Anodized Silver<\/a><\/li>"},"feature_list":[]},"_links":{"self":[{"href":"https:\/\/sinoextrud.com\/hu\/wp-json\/wp\/v2\/product\/6632","targetHints":{"allow":["GET"]}}],"collection":[{"href":"https:\/\/sinoextrud.com\/hu\/wp-json\/wp\/v2\/product"}],"about":[{"href":"https:\/\/sinoextrud.com\/hu\/wp-json\/wp\/v2\/types\/product"}],"wp:featuredmedia":[{"embeddable":true,"href":"https:\/\/sinoextrud.com\/hu\/wp-json\/wp\/v2\/media\/6631"}],"wp:attachment":[{"href":"https:\/\/sinoextrud.com\/hu\/wp-json\/wp\/v2\/media?parent=6632"}],"wp:term":[{"taxonomy":"category","embeddable":true,"href":"https:\/\/sinoextrud.com\/hu\/wp-json\/wp\/v2\/categories?post=6632"}],"curies":[{"name":"wp","href":"https:\/\/api.w.org\/{rel}","templated":true}]}}