{"id":6620,"date":"2025-05-30T02:06:49","date_gmt":"2025-05-30T02:06:49","guid":{"rendered":"https:\/\/sinoextrud.com\/product\/aluminium-cladding-wall-profile\/"},"modified":"2025-06-24T06:11:20","modified_gmt":"2025-06-24T06:11:20","slug":"aluminium-burkolat-falprofil","status":"publish","type":"product","link":"https:\/\/sinoextrud.com\/hu\/product\/aluminium-cladding-wall-profile\/","title":{"rendered":"Alum\u00ednium burkolat falprofil"},"content":{"rendered":"<h2>Term\u00e9kek r\u00e9szletei<\/h2>\n<table class=\"custom-table\">\n<tr>\n<td class=\"label\">Term\u00e9k neve<\/td>\n<td>Alum\u00ednium burkolat falprofil<\/td>\n<\/tr>\n<tr>\n<td class=\"label\">Alum\u00ednium \u00f6tv\u00f6zet<\/td>\n<td>1000 sorozat, 200 sorozat, 3000 sorozat, 5000 sorozat, 6000 sorozat, 7000 sorozat, 7000 sorozat<\/td>\n<\/tr>\n<tr>\n<td class=\"label\">Term\u00e9kv\u00e1laszt\u00e9k<\/td>\n<td>Alum\u00ednium extrud\u00e1l\u00e1s alum\u00ednium profilok falburkolat, alum\u00ednium falburkolat profil, alum\u00ednium falburkolat profil egyes\u00edtett f\u00fcgg\u00f6ny w, falburkolat alum\u00ednium extrud\u00e1l\u00e1s profil, alum\u00ednium sarok profilok falburkolat, alum\u00ednium falburkolat profil, alum\u00ednium profil falburkolat, alum\u00ednium profil falburkolat, alum\u00ednium profil falburkolat, stb.<\/td>\n<\/tr>\n<tr>\n<td class=\"label\">Temper<\/td>\n<td>T3-T8<\/td>\n<\/tr>\n<tr>\n<td class=\"label\">Shape<\/td>\n<td>testreszab\u00e1s<\/td>\n<\/tr>\n<tr>\n<td class=\"label\">Alkalmaz\u00e1s<\/td>\n<td>K\u00fcls\u0151 burkolatok, homlokzatok, tet\u0151k, bels\u0151 falburkolatok stb.<\/td>\n<\/tr>\n<tr>\n<td class=\"label\">Fel\u00fcletkezel\u00e9s<\/td>\n<td>malomra k\u00e9sz, elox\u00e1lt, fa szemcs\u00e9s, er\u0151 bevonat, homokf\u00fav\u00e1s, elektrofor\u00e9zis, csiszolt, pol\u00edroz\u00e1s, stb.<\/td>\n<\/tr>\n<tr>\n<td class=\"label\">CNC m\u00e9lyfeldolgoz\u00e1s<\/td>\n<td>v\u00e1g\u00e1s, f\u00far\u00e1s, megmunk\u00e1l\u00e1s, lyukaszt\u00e1s, hajl\u00edt\u00e1s, csapol\u00e1s stb.<\/td>\n<\/tr>\n<tr>\n<td class=\"label\">Tan\u00fas\u00edtv\u00e1nyok<\/td>\n<td>CE, ISO, SGS, TUV, ROHS<\/td>\n<\/tr>\n<tr>\n<td class=\"label\">Mint\u00e1k<\/td>\n<td>ingyenes minta. 1-3 nap alatt sz\u00e1ll\u00edtjuk \u00d6nnek.<\/td>\n<\/tr>\n<tr>\n<td class=\"label\">MOQ<\/td>\n<td>200KG minden egyes profilhoz<\/td>\n<\/tr>\n<tr>\n<td class=\"label\">Sz\u00e1ll\u00edt\u00e1si id\u0151<\/td>\n<td>A pen\u00e9sz kifejleszt\u00e9se \u00e9s a minta kialak\u00edt\u00e1sa 12-15 nap, majd a gy\u00e1rt\u00e1s id\u0151tartama 15-25 nap a vev\u0151 let\u00e9tbe helyez\u00e9se ut\u00e1n.<\/td>\n<\/tr>\n<tr>\n<td class=\"label\">Fizet\u00e9si felt\u00e9telek<\/td>\n<td>30% bet\u00e9t a gy\u00e1rt\u00e1s el\u0151tt, \u00e9s a sz\u00e1ll\u00edt\u00e1s el\u0151tti egyenleg.<br \/>stb.<\/td>\n<\/tr>\n<\/table>\n<h2>Gy\u00e1rt\u00f3 b\u00e1zisunk<\/h2>\n<h3>Gy\u00e1ri panor\u00e1ma<\/h3>\n<p><img decoding=\"async\" src=\"\/wp-content\/uploads\/factory-01.webp\"\/><\/p>\n<h3>Alum\u00ednium r\u00fadgy\u00e1rt\u00f3 m\u0171hely<\/h3>\n<p><img decoding=\"async\" src=\"\/wp-content\/uploads\/factory-02.webp\"\/><\/p>\n<p><img decoding=\"async\" src=\"\/wp-content\/uploads\/factory-03.webp\"\/><\/p>\n<h3>Pen\u00e9sz rakt\u00e1r<\/h3>\n<p><img decoding=\"async\" src=\"\/wp-content\/uploads\/factory-04.webp\"\/><\/p>\n<h3>43 alum\u00ednium extrud\u00e1l\u00f3 vonal (500-5500 tonna)<\/h3>\n<p><img decoding=\"async\" src=\"\/wp-content\/uploads\/factory-05.webp\"\/><\/p>\n<p><img decoding=\"async\" src=\"\/wp-content\/uploads\/factory-06.webp\"\/><\/p>\n<p><img decoding=\"async\" src=\"\/wp-content\/uploads\/factory-07.webp\"\/><\/p>\n<h3>Porfest\u0151 m\u0171hely<\/h3>\n<p><img decoding=\"async\" src=\"\/wp-content\/uploads\/factory-09.webp\"\/><\/p>\n<h3>Anodiz\u00e1l\u00f3 m\u0171hely<\/h3>\n<p><img decoding=\"async\" src=\"\/wp-content\/uploads\/factory-10.webp\"\/><\/p>\n<h3>M\u00e9ly feldolgoz\u00e1si m\u0171hely<\/h3>\n<p><img decoding=\"async\" src=\"\/wp-content\/uploads\/factory-11.webp\"\/><\/p>\n<h3>CNC prec\u00edzi\u00f3s megmunk\u00e1l\u00f3 m\u0171hely<\/h3>\n<p><img decoding=\"async\" src=\"\/wp-content\/uploads\/factory-11.5.webp\"\/><\/p>\n<h3>K\u00e9szterm\u00e9k \u00e9s export rakt\u00e1r<\/h3>\n<p><img decoding=\"async\" src=\"\/wp-content\/uploads\/factory-12.webp\"\/><\/p>\n<p><img decoding=\"async\" src=\"\/wp-content\/uploads\/factory-13.webp\"\/><\/p>\n<p><img decoding=\"async\" src=\"\/wp-content\/uploads\/factory-14.webp\"\/><\/p>\n<h2>GYIK<\/h2>\n<p><p><b>1.Mi az alum\u00ednium burkolat falprofil?<\/b><\/p>\n<p>Az alum\u00ednium burkolati falprofil egy speci\u00e1lisan tervezett alum\u00ednium sajtolt term\u00e9k, amelyet k\u00fcls\u0151 vagy bels\u0151 falburkolatokhoz haszn\u00e1lnak az eszt\u00e9tikum fokoz\u00e1s\u00e1ra \u00e9s az \u00e9p\u00fcletfel\u00fcletek v\u00e9delm\u00e9re.<br \/>\n<\/p><br \/>\n<br \/>\n<p><b>2.Melyek az alum\u00ednium burkolat\u00fa falprofilok legfontosabb el\u0151nyei?<\/b><\/p>\n<p>Kiv\u00e1l\u00f3 korr\u00f3zi\u00f3\u00e1ll\u00f3s\u00e1got, k\u00f6nny\u0171 tart\u00f3ss\u00e1got, id\u0151j\u00e1r\u00e1s\u00e1ll\u00f3s\u00e1got, k\u00f6nny\u0171 szerelhet\u0151s\u00e9get \u00e9s modern, eleg\u00e1ns megjelen\u00e9st biztos\u00edtanak.<br \/>\n<\/p><br \/>\n<br \/>\n<p><b>3.Mi\u00e9rt v\u00e1lasszuk az alum\u00ednium burkolati profilokat a hagyom\u00e1nyos burkol\u00f3anyagok helyett?<\/b><\/p>\n<p>Az alum\u00edniumprofilok tart\u00f3sabbak, kevesebb karbantart\u00e1st ig\u00e9nyelnek, ellen\u00e1llnak a nedvess\u00e9gnek \u00e9s az UV-k\u00e1rosod\u00e1snak, \u00e9s kiv\u00e1l\u00f3 tervez\u00e9si rugalmass\u00e1got biztos\u00edtanak.<br \/>\n<\/p><br \/>\n<br \/>\n<p><b>4.Can alum\u00ednium burkolat falprofilok testre szabhat\u00f3?<\/b><\/p>\n<p>Igen, m\u00e9ret\u00fck, alakjuk, sz\u00edn\u00fck, fel\u00fclet\u00fck \u00e9s vastags\u00e1guk testre szabhat\u00f3, hogy megfeleljenek az egyedi \u00e9p\u00edt\u00e9szeti \u00e9s tervez\u00e9si k\u00f6vetelm\u00e9nyeknek.<br \/>\n<\/p><br \/>\n<br \/>\n<p><b>5.Hogyan jav\u00edtja az alum\u00ednium a falburkolati profilok teljes\u00edtm\u00e9ny\u00e9t?<\/b><\/p>\n<p>Az alum\u00ednium nagy szil\u00e1rds\u00e1g\/t\u00f6meg ar\u00e1nyt, kiv\u00e1l\u00f3 korr\u00f3zi\u00f3\u00e1ll\u00f3s\u00e1got \u00e9s k\u00f6nny\u0171 gy\u00e1rthat\u00f3s\u00e1got k\u00edn\u00e1l, ami hossz\u00fa \u00e9lettartam\u00fa \u00e9s alacsony karbantart\u00e1si ig\u00e9ny\u0171 burkolati megold\u00e1sokat biztos\u00edt.<br \/>\n<\/p><br \/>\n<br \/>\n<p><b>6.Alkalmasak-e az alum\u00ednium falburkolati profilok k\u00fclt\u00e9ri haszn\u00e1latra?<\/b><\/p>\n<p>Igen, \u00fagy tervezt\u00e9k \u0151ket, hogy ellen\u00e1lljanak a zord id\u0151j\u00e1r\u00e1si k\u00f6r\u00fclm\u00e9nyeknek, az UV-sug\u00e1rz\u00e1snak \u00e9s a szennyez\u00e9snek, \u00edgy ide\u00e1lisak k\u00fclt\u00e9ri alkalmaz\u00e1sokhoz.<br \/>\n<\/p><br \/>\n<br \/>\n<p><b>7.Mely ipar\u00e1gak haszn\u00e1lj\u00e1k leggyakrabban az alum\u00ednium burkolat\u00fa falprofilokat?<\/b><\/p>\n<p>Az \u00e9p\u00edt\u0151ipar, az \u00e9p\u00edt\u00e9szet, a kereskedelmi \u00e9p\u00fcletek, a lak\u00f3\u00e9p\u00fcletek \u00e9s az ipari l\u00e9tes\u00edtm\u00e9nyek tart\u00f3s \u00e9s vonz\u00f3 falburkolatokhoz haszn\u00e1lj\u00e1k ezeket a profilokat.<br \/>\n<\/p><br \/>\n<br \/>\n<p><b>8.Hogyan t\u00e1mogatj\u00e1k az alum\u00ednium falburkolati profilok a fenntarthat\u00f3 \u00e9p\u00edt\u00e9si gyakorlatot?<\/b><\/p>\n<p>Az alum\u00ednium 100% \u00fajrahasznos\u00edthat\u00f3, energiatakar\u00e9kosan gy\u00e1rthat\u00f3, \u00e9s meghosszabb\u00edtja az \u00e9p\u00fclet \u00e9lettartam\u00e1t, hozz\u00e1j\u00e1rulva a k\u00f6rnyezetbar\u00e1t \u00e9p\u00edt\u00e9shez \u00e9s a k\u00f6rnyezetterhel\u00e9s cs\u00f6kkent\u00e9s\u00e9hez.<br \/>\n<\/p><br \/><\/p>","protected":false},"featured_media":6619,"template":"","categories":[64],"class_list":["post-6620","product","type-product","status-publish","has-post-thumbnail","hentry","category-new-trend-aluminium-products"],"meta_box":{"hilight_text_group":{"product_hilight_text":"<li>Durable aluminum cladding profiles offer excellent weather and corrosion resistance<\/li>\r\r\n<li>Lightweight design simplifies installation and reduces structural load<\/li>\r\r\n<li>Available in various finishes and colors to suit architectural styles<\/li>\r\r\n<li>Provides aesthetic enhancement with low maintenance requirements<\/li>\r\r\n<li>Supports custom sizes and bulk orders for large-scale projects<\/li>","product_chanpin_blog":"<ul>\r\r\n<li><a href=\"https:\/\/sinoextrud.com\/t-slot-v-slot-differences\/\" target=\"_blank\">t slot vs v slot<\/a><\/li>\r\r\n<li><a href=\"https:\/\/sinoextrud.com\/what-is-4040-aluminium-extrud\/\" target=\"_blank\">4040 aluminium extrusion<\/a><\/li>\r\r\n<li><a href=\"https:\/\/sinoextrud.com\/what-is-4040-aluminium-extrud\/\" target=\"_blank\">aluminum extrusions for industrial racks<\/a><\/li>\r\r\n<li><a href=\"https:\/\/sinoextrud.com\/powder-coating-aluminium-process\/\" target=\"_blank\">powder coating aluminium<\/a><\/li>\r\r\n<li><a href=\"https:\/\/sinoextrud.com\/what-is-an-aluminium-strip-ceiling\/\" target=\"_blank\">aluminium strip ceiling<\/a><\/li>\r\r\n<li><a href=\"https:\/\/sinoextrud.com\/what-is-a-heat-sink\/\" target=\"_blank\">what is a heat sink<\/a><\/li>\r\r\n<\/ul>","product_chanpin_chanpin":"<li><a href=\"https:\/\/sinoextrud.com\/product\/anodized-aluminum-eectronic-equipment-enclosure\/\" target=\"_blank\">Anodized Aluminum Eectronic Equipment Enclosure<\/a><\/li>\r\n<li><a href=\"https:\/\/sinoextrud.com\/product\/aluminum-shower-frame-parts\/\" target=\"_blank\">Aluminum Shower Frame Parts<\/a><\/li>\r\n<li><a href=\"https:\/\/sinoextrud.com\/product\/aluminum-skirting-board\/\" target=\"_blank\">Aluminum Skirting Board<\/a><\/li>\r\n<li><a href=\"https:\/\/sinoextrud.com\/product\/purification-workshop-aluminum-profiles\/\" target=\"_blank\">Purification Workshop Aluminum Profiles<\/a><\/li>\r\n<li><a href=\"https:\/\/sinoextrud.com\/product\/aluminium-cladding-wall-profile\/\" target=\"_blank\">Aluminium Cladding Wall Profile<\/a><\/li>\r\n<li><a href=\"https:\/\/sinoextrud.com\/product\/medical-instrument-aluminum-profile\/\" target=\"_blank\">Medical Instrument Aluminum Profile<\/a><\/li>\r\n<li><a href=\"https:\/\/sinoextrud.com\/product\/aluminum-t-shape-transition-tile-trim\/\" target=\"_blank\">Aluminum T Shape Transition Tile Trim<\/a><\/li>\r\n<li><a href=\"https:\/\/sinoextrud.com\/product\/wood-grain-aluminum-decking\/\" target=\"_blank\">Wood Grain Aluminum Decking<\/a><\/li>\r\n<li><a href=\"https:\/\/sinoextrud.com\/product\/weather-resistant-wood-grain-aluminum-profile\/\" target=\"_blank\">Weather Resistant Wood Grain Aluminum Profile<\/a><\/li>\r\n<li><a href=\"https:\/\/sinoextrud.com\/product\/extruded-aluminum-heatsink-led-alloy-a6063-t5-extrusion-profiles-cutting-cnc-precision\/\" target=\"_blank\">extruded aluminum heatsink LED alloy a6063 t5 extrusion profiles cutting CNC precision<\/a><\/li>\r\n<li><a href=\"https:\/\/sinoextrud.com\/product\/anodized-colorful-oem-aluminium-profile-for-decoration-furniture-accessory-price\/\" target=\"_blank\">Anodized Colorful OEM Aluminium Profile For Decoration Furniture Accessory price<\/a><\/li>"},"feature_list":[]},"_links":{"self":[{"href":"https:\/\/sinoextrud.com\/hu\/wp-json\/wp\/v2\/product\/6620","targetHints":{"allow":["GET"]}}],"collection":[{"href":"https:\/\/sinoextrud.com\/hu\/wp-json\/wp\/v2\/product"}],"about":[{"href":"https:\/\/sinoextrud.com\/hu\/wp-json\/wp\/v2\/types\/product"}],"wp:featuredmedia":[{"embeddable":true,"href":"https:\/\/sinoextrud.com\/hu\/wp-json\/wp\/v2\/media\/6619"}],"wp:attachment":[{"href":"https:\/\/sinoextrud.com\/hu\/wp-json\/wp\/v2\/media?parent=6620"}],"wp:term":[{"taxonomy":"category","embeddable":true,"href":"https:\/\/sinoextrud.com\/hu\/wp-json\/wp\/v2\/categories?post=6620"}],"curies":[{"name":"wp","href":"https:\/\/api.w.org\/{rel}","templated":true}]}}