{"id":6585,"date":"2025-05-29T09:51:28","date_gmt":"2025-05-29T09:51:28","guid":{"rendered":"https:\/\/sinoextrud.com\/product\/wood-grain-aluminum-square-tube\/"},"modified":"2025-06-24T06:11:13","modified_gmt":"2025-06-24T06:11:13","slug":"fa-szemcses-aluminium-negyzet-alaku-cso","status":"publish","type":"product","link":"https:\/\/sinoextrud.com\/hu\/product\/wood-grain-aluminum-square-tube\/","title":{"rendered":"Fa szemcs\u00e9s alum\u00ednium n\u00e9gyzet alak\u00fa cs\u0151"},"content":{"rendered":"<h2>Term\u00e9kek r\u00e9szletei<\/h2>\n<table class=\"custom-table\">\n<tr>\n<td class=\"label\">T\u00e9tel:<\/td>\n<td>Fa szemcs\u00e9s alum\u00ednium n\u00e9gyzet alak\u00fa cs\u0151<\/td>\n<\/tr>\n<tr>\n<td class=\"label\">Sz\u00e1rmaz\u00e1si hely:<\/td>\n<td>Guangdong, K\u00edna<\/td>\n<\/tr>\n<tr>\n<td class=\"label\">Anyag:<\/td>\n<td>6063\/6061\/661\/6005\/6060 T5\/T6 \u00f6tv\u00f6zet<\/td>\n<\/tr>\n<tr>\n<td class=\"label\">Fel\u00fcletkezel\u00e9s:<\/td>\n<td>Fa szemcs\u00e9k<\/td>\n<\/tr>\n<tr>\n<td class=\"label\">Haszn\u00e1lat:<\/td>\n<td>Dekor\u00e1ci\u00f3<\/td>\n<\/tr>\n<tr>\n<td class=\"label\">\u00d6tv\u00f6zet vagy sem:<\/td>\n<td>Az \u00f6tv\u00f6zet<\/td>\n<\/tr>\n<tr>\n<td class=\"label\">Al (Min):<\/td>\n<td>99%<\/td>\n<\/tr>\n<tr>\n<td class=\"label\">M\u00e1rkan\u00e9v:<\/td>\n<td>Sinoextrud\/Sinoextrud<\/td>\n<\/tr>\n<tr>\n<td class=\"label\">Feldolgoz\u00f3 szolg\u00e1ltat\u00e1s:<\/td>\n<td>Hajl\u00edt\u00e1s, hegeszt\u00e9s, lyukaszt\u00e1s, v\u00e1g\u00e1s, f\u00far\u00e1s, mar\u00e1s, \u00f6sszeszerel\u00e9s<\/td>\n<\/tr>\n<tr>\n<td class=\"label\">MOQ:<\/td>\n<td>200 kg minden egyes t\u00e9tel eset\u00e9ben<\/td>\n<\/tr>\n<tr>\n<td class=\"label\">Tan\u00fas\u00edtv\u00e1ny \u00e9s szabv\u00e1ny:<\/td>\n<td>CQM, Rohs, CE, BV, SONCAP \/ GB, ISO, JIS, AS, NZS, QUALICOAT, QUALANOD, QUALICOAT, QUALANOD<\/td>\n<\/tr>\n<tr>\n<td class=\"label\">Oszt\u00e1ly:<\/td>\n<td>6000-es sorozat<\/td>\n<\/tr>\n<tr>\n<td class=\"label\">Alak:<\/td>\n<td>N\u00e9gyzet<\/td>\n<\/tr>\n<tr>\n<td class=\"label\">Vastags\u00e1g:<\/td>\n<td>0.8mm~30mm<\/td>\n<\/tr>\n<tr>\n<td class=\"label\">Hossz\u00fas\u00e1g:<\/td>\n<td>1-9M, 5.8-6.0M<\/td>\n<\/tr>\n<tr>\n<td class=\"label\">Kem\u00e9nys\u00e9g:<\/td>\n<td>T6<\/td>\n<\/tr>\n<tr>\n<td class=\"label\">Lelkiismeretesen:<\/td>\n<td>T3 - T8<\/td>\n<\/tr>\n<tr>\n<td class=\"label\">Falvastags\u00e1g:<\/td>\n<td>1-3MM<\/td>\n<\/tr>\n<tr>\n<td class=\"label\">Tolerancia:<\/td>\n<td>\u00b11%<\/td>\n<\/tr>\n<tr>\n<td class=\"label\">Sz\u00e1ll\u00edt\u00e1si id\u0151:<\/td>\n<td>15-21 nap<\/td>\n<\/tr>\n<tr>\n<td class=\"label\">Garancia:<\/td>\n<td>A fel\u00fclet sz\u00edne 10 ~ 20 \u00e9vig stabil lehet belt\u00e9ri haszn\u00e1latban<\/td>\n<\/tr>\n<\/table>\n<h2>Gy\u00e1rt\u00f3 b\u00e1zisunk<\/h2>\n<h3>Gy\u00e1ri panor\u00e1ma<\/h3>\n<p><img decoding=\"async\" src=\"\/wp-content\/uploads\/factory-01.webp\"\/><\/p>\n<h3>Alum\u00ednium r\u00fadgy\u00e1rt\u00f3 m\u0171hely<\/h3>\n<p><img decoding=\"async\" src=\"\/wp-content\/uploads\/factory-02.webp\"\/><\/p>\n<\/p>\n<p><img decoding=\"async\" src=\"\/wp-content\/uploads\/factory-03.webp\"\/><\/p>\n<h3>Pen\u00e9sz rakt\u00e1r<\/h3>\n<p><img decoding=\"async\" src=\"\/wp-content\/uploads\/factory-04.webp\"\/><\/p>\n<h3>43 alum\u00ednium extrud\u00e1l\u00f3 vonal (500-5500 tonna)<\/h3>\n<p><img decoding=\"async\" src=\"\/wp-content\/uploads\/factory-05.webp\"\/><\/p>\n<p><img decoding=\"async\" src=\"\/wp-content\/uploads\/factory-06.webp\"\/><\/p>\n<p><img decoding=\"async\" src=\"\/wp-content\/uploads\/factory-07.webp\"\/><\/p>\n<h3>Porfest\u0151 m\u0171hely<\/h3>\n<p><img decoding=\"async\" src=\"\/wp-content\/uploads\/factory-09.webp\"\/><\/p>\n<h3>Anodiz\u00e1l\u00f3 m\u0171hely<\/h3>\n<p><img decoding=\"async\" src=\"\/wp-content\/uploads\/factory-10.webp\"\/><\/p>\n<h3>M\u00e9ly feldolgoz\u00e1si m\u0171hely<\/h3>\n<p><img decoding=\"async\" src=\"\/wp-content\/uploads\/factory-11.webp\"\/><\/p>\n<h3>CNC prec\u00edzi\u00f3s megmunk\u00e1l\u00f3 m\u0171hely<\/h3>\n<p><img decoding=\"async\" src=\"\/wp-content\/uploads\/factory-11.5.webp\"\/><\/p>\n<h3>K\u00e9szterm\u00e9k \u00e9s export rakt\u00e1r<\/h3>\n<p><img decoding=\"async\" src=\"\/wp-content\/uploads\/factory-12.webp\"\/><\/p>\n<p><img decoding=\"async\" src=\"\/wp-content\/uploads\/factory-13.webp\"\/><\/p>\n<p><img decoding=\"async\" src=\"\/wp-content\/uploads\/factory-14.webp\"\/><\/p>\n<h2>GYIK<\/h2>\n<p><b>1.Mi az a fa szemcs\u00e9s alum\u00ednium n\u00e9gyzet alak\u00fa cs\u0151?<\/b><\/p>\n<p>A fa szemcs\u00e9s alum\u00ednium n\u00e9gysz\u00f6gletes cs\u0151 egy olyan alum\u00ednium \u00fcreges profil, amelynek fel\u00fclete a term\u00e9szetes fa szemcs\u00e9zetts\u00e9g\u00e9t ut\u00e1nozza, \u00e9s a tart\u00f3ss\u00e1got eszt\u00e9tikai vonzer\u0151vel kombin\u00e1lja.\n<\/p>\n<p><\/p>\n<p><b>2.Mik a fa szemcs\u00e9s alum\u00ednium n\u00e9gyzet alak\u00fa cs\u00f6vek legfontosabb el\u0151nyei?<\/b><\/p>\n<p>Kiv\u00e1l\u00f3 korr\u00f3zi\u00f3\u00e1ll\u00f3s\u00e1got, k\u00f6nny\u0171 szil\u00e1rds\u00e1got, alacsony karbantart\u00e1si ig\u00e9nyt \u00e9s val\u00f3s\u00e1gh\u0171 fa text\u00far\u00e1t k\u00edn\u00e1lnak, amely alkalmas \u00e9p\u00edt\u00e9szeti \u00e9s dekorat\u00edv felhaszn\u00e1l\u00e1sra.\n<\/p>\n<p><\/p>\n<p><b>3.Mi\u00e9rt v\u00e1lassza a term\u00e9szetes f\u00e1val szemben a fa szemcs\u00e9s alum\u00ednium n\u00e9gyzet alak\u00fa cs\u00f6veket?<\/b><\/p>\n<p>Az alum\u00edniumcs\u00f6vek ellen\u00e1llnak a rothad\u00e1snak, a rovaroknak, a nedvess\u00e9gnek \u00e9s a vetemed\u00e9snek, \u00edgy hosszabb \u00e9lettartamot \u00e9s k\u00f6nnyebb karbantart\u00e1st biztos\u00edtanak, mik\u00f6zben meg\u0151rzik a term\u00e9szetes fa megjelen\u00e9s\u00e9t.\n<\/p>\n<p><\/p>\n<p><b>4.Can fa szemcs\u00e9s alum\u00ednium n\u00e9gyzet alak\u00fa cs\u00f6vek testre szabhat\u00f3?<\/b><\/p>\n<p>Igen, m\u00e9retben, falvastags\u00e1gban, faanyagmint\u00e1zatban, sz\u00ednben \u00e9s hosszban testre szabhat\u00f3k, hogy megfeleljenek az egyedi tervez\u00e9si \u00e9s szerkezeti k\u00f6vetelm\u00e9nyeknek.\n<\/p>\n<p><\/p>\n<p><b>5.How a fa szemcs\u00e9s kivitel fokozza az alum\u00ednium n\u00e9gyzet alak\u00fa cs\u00f6veket?<\/b><\/p>\n<p>A fel\u00fcletkezel\u00e9s hiteles faeszt\u00e9tik\u00e1t biztos\u00edt, mik\u00f6zben meg\u0151rzi az alum\u00ednium szil\u00e1rds\u00e1g\u00e1t, korr\u00f3zi\u00f3\u00e1ll\u00f3s\u00e1g\u00e1t \u00e9s k\u00f6nny\u0171 tulajdons\u00e1gait.\n<\/p>\n<p><\/p>\n<p><b>6.Are fa szemcs\u00e9s alum\u00ednium n\u00e9gyzet alak\u00fa cs\u00f6vek alkalmas k\u00fclt\u00e9ri haszn\u00e1latra?<\/b><\/p>\n<p>Igen, ellen\u00e1llnak az UV-sug\u00e1rz\u00e1snak, a nedvess\u00e9gnek \u00e9s a zord id\u0151j\u00e1r\u00e1si k\u00f6r\u00fclm\u00e9nyeknek, \u00edgy ide\u00e1lisak k\u00fcls\u0151 burkolatokhoz, ker\u00edt\u00e9sekhez \u00e9s dekorat\u00edv alkalmaz\u00e1sokhoz.\n<\/p>\n<p><\/p>\n<p><b>7.Mely ipar\u00e1gak gyakran haszn\u00e1lj\u00e1k a fa szemcs\u00e9s alum\u00ednium n\u00e9gyzet alak\u00fa cs\u00f6veket?<\/b><\/p>\n<p>Az \u00e9p\u00edt\u0151ipar, a b\u00fatorgy\u00e1rt\u00e1s, a bels\u0151\u00e9p\u00edt\u00e9szet \u00e9s a t\u00e1j\u00e9p\u00edt\u00e9szet a sz\u00e9ps\u00e9g \u00e9s a teljes\u00edtm\u00e9ny kombin\u00e1ci\u00f3ja miatt haszn\u00e1lja ezeket a cs\u00f6veket.\n<\/p>\n<p><\/p>\n<p><b>8.Hogyan t\u00e1mogatj\u00e1k a fa szemcs\u00e9s alum\u00ednium n\u00e9gyzet alak\u00fa cs\u00f6vek a fenntarthat\u00f3 \u00e9p\u00edtkez\u00e9st?<\/b><\/p>\n<p>Az alum\u00ednium teljes m\u00e9rt\u00e9kben \u00fajrahasznos\u00edthat\u00f3, a fa szemcs\u00e9s kivitelek pedig k\u00f6rnyezetbar\u00e1t alternat\u00edv\u00e1t k\u00edn\u00e1lnak a f\u00e1val szemben, cs\u00f6kkentve a k\u00f6rnyezeti hat\u00e1sokat \u00e9s az erd\u0151irt\u00e1st.\n<\/p>\n<p><\/p>","protected":false},"featured_media":6584,"template":"","categories":[64],"class_list":["post-6585","product","type-product","status-publish","has-post-thumbnail","hentry","category-new-trend-aluminium-products"],"meta_box":{"hilight_text_group":{"product_hilight_text":"<li>Wood grain finish offers natural aesthetics combined with aluminum strength<\/li>\r\r\n<li>Lightweight square tube with excellent corrosion resistance<\/li>\r\r\n<li>Ideal for decorative and structural applications in indoor and outdoor spaces<\/li>\r\r\n<li>Precision extrusion ensures consistent dimensions and high-quality surface<\/li>\r\r\n<li>Supports custom sizes, finishes, and bulk orders for diverse project needs<\/li>","product_chanpin_blog":"<ul>\r\r\n<li><a href=\"https:\/\/sinoextrud.com\/t-slot-v-slot-differences\/\" target=\"_blank\">t slot vs v slot<\/a><\/li>\r\r\n<li><a href=\"https:\/\/sinoextrud.com\/what-is-4040-aluminium-extrud\/\" target=\"_blank\">4040 aluminium extrusion<\/a><\/li>\r\r\n<li><a href=\"https:\/\/sinoextrud.com\/what-is-4040-aluminium-extrud\/\" target=\"_blank\">aluminum extrusions for industrial racks<\/a><\/li>\r\r\n<li><a href=\"https:\/\/sinoextrud.com\/powder-coating-aluminium-process\/\" target=\"_blank\">powder coating aluminium<\/a><\/li>\r\r\n<li><a href=\"https:\/\/sinoextrud.com\/what-is-an-aluminium-strip-ceiling\/\" target=\"_blank\">aluminium strip ceiling<\/a><\/li>\r\r\n<li><a href=\"https:\/\/sinoextrud.com\/what-is-a-heat-sink\/\" target=\"_blank\">what is a heat sink<\/a><\/li>\r\r\n<\/ul>","product_chanpin_chanpin":"<li><a href=\"https:\/\/sinoextrud.com\/product\/wood-grain-finish-aluminium-profiles\/\" target=\"_blank\">Wood Grain Finish Aluminium Profiles<\/a><\/li>\r\n<li><a href=\"https:\/\/sinoextrud.com\/product\/hot-selling-high-quality-powder-coating-wood-grain-single-sided-aluminum-plate\/\" target=\"_blank\">Hot Selling High-quality Powder Coating Wood Grain Single-sided Aluminum Plate<\/a><\/li>\r\n<li><a href=\"https:\/\/sinoextrud.com\/product\/anodized-extrusion-precise-round-square-aluminum-tube\/\" target=\"_blank\">Anodized Extrusion Precise Round Square Aluminum Tube<\/a><\/li>\r\n<li><a href=\"https:\/\/sinoextrud.com\/product\/custom-aluminum-fluorocarbon-wood-grain-fence\/\" target=\"_blank\">Custom Aluminum Fluorocarbon Wood Grain Fence<\/a><\/li>\r\n<li><a href=\"https:\/\/sinoextrud.com\/product\/wood-grain-aluminum-square-tube\/\" target=\"_blank\">Wood Grain Aluminum Square Tube<\/a><\/li>\r\n<li><a href=\"https:\/\/sinoextrud.com\/product\/glass-balcony-railing-aluminum-u-channel-design\/\" target=\"_blank\">Glass Balcony Railing Aluminum U Channel Design<\/a><\/li>\r\n<li><a href=\"https:\/\/sinoextrud.com\/product\/wood-grain-bamboo-aluminum-pipe\/\" target=\"_blank\">Wood Grain Bamboo Aluminum Pipe<\/a><\/li>\r\n<li><a href=\"https:\/\/sinoextrud.com\/product\/anodized-aluminum-eectronic-equipment-enclosure\/\" target=\"_blank\">Anodized Aluminum Eectronic Equipment Enclosure<\/a><\/li>\r\n<li><a href=\"https:\/\/sinoextrud.com\/product\/aluminum-shower-frame-parts\/\" target=\"_blank\">Aluminum Shower Frame Parts<\/a><\/li>\r\n<li><a href=\"https:\/\/sinoextrud.com\/product\/aluminium-extrusion-channel-profiles\/\" target=\"_blank\">Aluminium Extrusion Channel Profiles<\/a><\/li>\r\n<li><a href=\"https:\/\/sinoextrud.com\/product\/aluminium-profile-bed-frame\/\" target=\"_blank\">Aluminium Profile Bed Frame<\/a><\/li>"},"feature_list":[]},"_links":{"self":[{"href":"https:\/\/sinoextrud.com\/hu\/wp-json\/wp\/v2\/product\/6585","targetHints":{"allow":["GET"]}}],"collection":[{"href":"https:\/\/sinoextrud.com\/hu\/wp-json\/wp\/v2\/product"}],"about":[{"href":"https:\/\/sinoextrud.com\/hu\/wp-json\/wp\/v2\/types\/product"}],"wp:featuredmedia":[{"embeddable":true,"href":"https:\/\/sinoextrud.com\/hu\/wp-json\/wp\/v2\/media\/6584"}],"wp:attachment":[{"href":"https:\/\/sinoextrud.com\/hu\/wp-json\/wp\/v2\/media?parent=6585"}],"wp:term":[{"taxonomy":"category","embeddable":true,"href":"https:\/\/sinoextrud.com\/hu\/wp-json\/wp\/v2\/categories?post=6585"}],"curies":[{"name":"wp","href":"https:\/\/api.w.org\/{rel}","templated":true}]}}