{"id":6583,"date":"2025-05-29T09:47:26","date_gmt":"2025-05-29T09:47:26","guid":{"rendered":"https:\/\/sinoextrud.com\/product\/custom-aluminum-fluorocarbon-wood-grain-fence\/"},"modified":"2025-06-24T06:11:13","modified_gmt":"2025-06-24T06:11:13","slug":"egyedi-aluminium-fluorocarbon-fa-szemcses-kerites","status":"publish","type":"product","link":"https:\/\/sinoextrud.com\/hu\/product\/custom-aluminum-fluorocarbon-wood-grain-fence\/","title":{"rendered":"Egyedi alum\u00ednium fluorocarbon fa szemcs\u00e9s ker\u00edt\u00e9s"},"content":{"rendered":"<h2>Term\u00e9kek r\u00e9szletei<\/h2>\n<table class=\"custom-table\">\n<tr>\n<td class=\"label\">T\u00e9tel<\/td>\n<td>Egyedi alum\u00ednium fluorocarbon fa szemcs\u00e9s ker\u00edt\u00e9s<\/td>\n<\/tr>\n<tr>\n<td class=\"label\">Anyag<\/td>\n<td>Alum\u00ednium \u00f6tv\u00f6zet 6063<\/td>\n<\/tr>\n<tr>\n<td class=\"label\">\u00d6tv\u00f6zet<\/td>\n<td>6063-T5 \/6063-T6<\/td>\n<\/tr>\n<tr>\n<td class=\"label\">Term\u00e9kt\u00edpusok<\/td>\n<td>alum\u00ednium ker\u00edt\u00e9s, alum\u00ednium panel, alum\u00ednium cs\u0151, alum\u00ednium l\u00e9c, alum\u00ednium homlokzat, alum\u00ednium lamella<\/td>\n<\/tr>\n<tr>\n<td class=\"label\">Shape<\/td>\n<td>testreszab\u00e1s<\/td>\n<\/tr>\n<tr>\n<td class=\"label\">Fel\u00fcletkezel\u00e9s<\/td>\n<td>Fr\u00f6ccs\u00f6nt\u00f6tt, fa szemcs\u00e9s, fluorocarbon fa szemcs\u00e9s, vagy testreszab\u00e1s.<\/td>\n<\/tr>\n<tr>\n<td class=\"label\">Standard<\/td>\n<td>K\u00f6zepes \u00e9s magas min\u0151s\u00e9g<\/td>\n<\/tr>\n<tr>\n<td class=\"label\">Sz\u00e1ll\u00edt\u00e1si id\u0151<\/td>\n<td>15-25 nap vagy t\u00e1rgyal\u00e1sos \u00faton<\/td>\n<\/tr>\n<tr>\n<td class=\"label\">M\u00e9ly folyamat<\/td>\n<td>CNC, f\u00far\u00e1s, mar\u00e1s, v\u00e1g\u00e1s, b\u00e9lyegz\u00e9s, hegeszt\u00e9s, hajl\u00edt\u00e1s, \u00f6sszeszerel\u00e9s<\/td>\n<\/tr>\n<tr>\n<td class=\"label\">Garancia<\/td>\n<td>\u00dcgyf\u00e9ltan\u00fas\u00edtv\u00e1ny, mint p\u00e9ld\u00e1ul BV, Soncap, ISO<\/td>\n<\/tr>\n<tr>\n<td class=\"label\">OEM &amp; ODM<\/td>\n<td>Igen, OEM\/ODM szolg\u00e1ltat\u00e1s sz\u00edvesen fogadjuk<\/td>\n<\/tr>\n<tr>\n<td class=\"label\">Csomagol\u00e1s<\/td>\n<td>Szabv\u00e1nyos exportcsomagol\u00e1s<\/td>\n<\/tr>\n<tr>\n<td class=\"label\">Havi teljes\u00edtm\u00e9ny<\/td>\n<td>10000+tonna<\/td>\n<\/tr>\n<\/table>\n<h2>Gy\u00e1rt\u00f3 b\u00e1zisunk<\/h2>\n<h3>Gy\u00e1ri panor\u00e1ma<\/h3>\n<p><img decoding=\"async\" src=\"\/wp-content\/uploads\/factory-01.webp\"\/><\/p>\n<h3>Alum\u00ednium r\u00fadgy\u00e1rt\u00f3 m\u0171hely<\/h3>\n<p><img decoding=\"async\" src=\"\/wp-content\/uploads\/factory-02.webp\"\/><\/p>\n<p><img decoding=\"async\" src=\"\/wp-content\/uploads\/factory-03.webp\"\/><\/p>\n<h3>Pen\u00e9sz rakt\u00e1r<\/h3>\n<p><img decoding=\"async\" src=\"\/wp-content\/uploads\/factory-04.webp\"\/><\/p>\n<h3>43 alum\u00ednium extrud\u00e1l\u00f3 vonal (500-5500 tonna)<\/h3>\n<p><img decoding=\"async\" src=\"\/wp-content\/uploads\/factory-05.webp\"\/><\/p>\n<p><img decoding=\"async\" src=\"\/wp-content\/uploads\/factory-06.webp\"\/><\/p>\n<p><img decoding=\"async\" src=\"\/wp-content\/uploads\/factory-07.webp\"\/><\/p>\n<h3>Porfest\u0151 m\u0171hely<\/h3>\n<p><img decoding=\"async\" src=\"\/wp-content\/uploads\/factory-09.webp\"\/><\/p>\n<h3>Anodiz\u00e1l\u00f3 m\u0171hely<\/h3>\n<p><img decoding=\"async\" src=\"\/wp-content\/uploads\/factory-10.webp\"\/><\/p>\n<h3>M\u00e9ly feldolgoz\u00e1si m\u0171hely<\/h3>\n<p><img decoding=\"async\" src=\"\/wp-content\/uploads\/factory-11.webp\"\/><\/p>\n<h3>CNC prec\u00edzi\u00f3s megmunk\u00e1l\u00f3 m\u0171hely<\/h3>\n<p><img decoding=\"async\" src=\"\/wp-content\/uploads\/factory-11.5.webp\"\/><\/p>\n<h3>K\u00e9szterm\u00e9k \u00e9s export rakt\u00e1r<\/h3>\n<p><img decoding=\"async\" src=\"\/wp-content\/uploads\/factory-12.webp\"\/><\/p>\n<p><img decoding=\"async\" src=\"\/wp-content\/uploads\/factory-13.webp\"\/><\/p>\n<p><img decoding=\"async\" src=\"\/wp-content\/uploads\/factory-14.webp\"\/><\/p>\n<h2>GYIK<\/h2>\n<p><p><b>1.Mi az egyedi alum\u00ednium fluorocarbon fa szemcs\u00e9s ker\u00edt\u00e9s?<\/b><\/p>\n<p>Ez egy alum\u00edniumb\u00f3l k\u00e9sz\u00fclt ker\u00edt\u00e9s, amely fluor-karbon bevonattal rendelkezik, amely a term\u00e9szetes faanyagot ut\u00e1nozza, \u00edgy egyszerre biztos\u00edtja a tart\u00f3ss\u00e1got \u00e9s az eszt\u00e9tikai megjelen\u00e9st.<br \/>\n<\/p><br \/>\n<br \/>\n<p><b>2.Mik a legfontosabb el\u0151nyei a fluorocarbon fa szemcs\u00e9s alum\u00ednium ker\u00edt\u00e9snek?<\/b><\/p>\n<p>Ezek a ker\u00edt\u00e9sek kiv\u00e1l\u00f3 korr\u00f3zi\u00f3\u00e1ll\u00f3s\u00e1got, UV-v\u00e9delmet, id\u0151j\u00e1r\u00e1s\u00e1ll\u00f3s\u00e1got, alacsony karbantart\u00e1st \u00e9s val\u00f3s\u00e1gh\u0171, f\u00e1hoz hasonl\u00f3 megjelen\u00e9st biztos\u00edtanak.<br \/>\n<\/p><br \/>\n<br \/>\n<p><b>3.Mi\u00e9rt v\u00e1lassza a fluorocarbon bevonatot az alum\u00ednium fa szemcs\u00e9s ker\u00edt\u00e9sekhez?<\/b><\/p>\n<p>A fluorocarbon bevonat biztos\u00edtja a tart\u00f3s sz\u00edntart\u00e1st, a fakul\u00e1ssal \u00e9s a kr\u00e9t\u00e1val szembeni ellen\u00e1ll\u00e1st, valamint kiv\u00e1l\u00f3 v\u00e9delmet ny\u00fajt a zord k\u00f6rnyezeti k\u00f6r\u00fclm\u00e9nyekkel szemben.<br \/>\n<\/p><br \/>\n<br \/>\n<p><b>4.Can egy\u00e9ni alum\u00ednium fluorocarbon fa szemcs\u00e9s ker\u00edt\u00e9sek szabott egyedi mint\u00e1k?<\/b><\/p>\n<p>Igen, m\u00e9retben, sz\u00ednben, faanyagmint\u00e1zatban, ker\u00edt\u00e9sst\u00edlusban \u00e9s kivitelben testre szabhat\u00f3k, hogy megfeleljenek az egyedi \u00e9p\u00edt\u00e9szeti \u00e9s kert\u00e9p\u00edt\u00e9szeti k\u00f6vetelm\u00e9nyeknek.<br \/>\n<\/p><br \/>\n<br \/>\n<p><b>5.Hogyan jav\u00edtja a fluorkarbon bevonat az alum\u00ednium fa szemcs\u00e9s ker\u00edt\u00e9sek teljes\u00edtm\u00e9ny\u00e9t?<\/b><\/p>\n<p>A bevonat tart\u00f3s v\u00e9d\u0151r\u00e9teget k\u00e9pez, amely n\u00f6veli a korr\u00f3zi\u00f3\u00e1ll\u00f3s\u00e1got, a karc\u00e1ll\u00f3s\u00e1got \u00e9s a ker\u00edt\u00e9s \u00e1ltal\u00e1nos \u00e9lettartam\u00e1t.<br \/>\n<\/p><br \/>\n<br \/>\n<p><b>6.Are egyedi alum\u00ednium fluorocarbon fa szemcs\u00e9s ker\u00edt\u00e9s alkalmas k\u00fclt\u00e9ri haszn\u00e1latra?<\/b><\/p>\n<p>Abszol\u00fat \u00fagy tervezt\u00e9k, hogy ellen\u00e1lljanak az UV-expoz\u00edci\u00f3nak, a nedvess\u00e9gnek \u00e9s a h\u0151m\u00e9rs\u00e9klet-ingadoz\u00e1soknak, \u00edgy ide\u00e1lisak k\u00fclt\u00e9ri ker\u00edt\u00e9sekhez.<br \/>\n<\/p><br \/>\n<br \/>\n<p><b>7.Mely ipar\u00e1gak gyakran haszn\u00e1lj\u00e1k az egyedi alum\u00ednium fluorocarbon fa szemcs\u00e9s ker\u00edt\u00e9seket?<\/b><\/p>\n<p>Lakoss\u00e1gi, kereskedelmi kert\u00e9p\u00edt\u00e9s, vend\u00e9gl\u00e1t\u00e1s \u00e9s k\u00f6zc\u00e9l\u00fa infrastruktur\u00e1lis projektek haszn\u00e1lj\u00e1k ezeket a ker\u00edt\u00e9seket szil\u00e1rds\u00e1guk \u00e9s term\u00e9szetes eszt\u00e9tik\u00e1juk miatt.<br \/>\n<\/p><br \/>\n<br \/>\n<p><b>8.Hogyan t\u00e1mogatj\u00e1k az egyedi alum\u00ednium-fluorocarbon fa szemcs\u00e9s ker\u00edt\u00e9sek a fenntarthat\u00f3 \u00e9p\u00edtkez\u00e9st?<\/b><\/p>\n<p>Az alum\u00ednium 100% \u00fajrahasznos\u00edthat\u00f3, a fluorkarbon bevonatok pedig meghosszabb\u00edtj\u00e1k a term\u00e9k \u00e9lettartam\u00e1t \u00e9s cs\u00f6kkentik a karbantart\u00e1st, hozz\u00e1j\u00e1rulva a k\u00f6rnyezetbar\u00e1t \u00e9p\u00edt\u00e9si gyakorlathoz.<br \/>\n<\/p><br \/><\/p>","protected":false},"featured_media":6582,"template":"","categories":[64],"class_list":["post-6583","product","type-product","status-publish","has-post-thumbnail","hentry","category-new-trend-aluminium-products"],"meta_box":{"hilight_text_group":{"product_hilight_text":"<li>Custom fluorocarbon coating offers superior weather and UV resistance<\/li>\r\r\n<li>Realistic wood grain finish combines natural look with aluminum durability<\/li>\r\r\n<li>Lightweight and corrosion-resistant, ideal for long-lasting fence solutions<\/li>\r\r\n<li>Supports tailored sizes and designs to meet specific project requirements<\/li>\r\r\n<li>Bulk production with consistent quality and timely delivery<\/li>","product_chanpin_blog":"<ul>\r\r\n<li><a href=\"https:\/\/sinoextrud.com\/t-slot-v-slot-differences\/\" target=\"_blank\">t slot vs v slot<\/a><\/li>\r\r\n<li><a href=\"https:\/\/sinoextrud.com\/what-is-4040-aluminium-extrud\/\" target=\"_blank\">4040 aluminium extrusion<\/a><\/li>\r\r\n<li><a href=\"https:\/\/sinoextrud.com\/what-is-4040-aluminium-extrud\/\" target=\"_blank\">aluminum extrusions for industrial racks<\/a><\/li>\r\r\n<li><a href=\"https:\/\/sinoextrud.com\/powder-coating-aluminium-process\/\" target=\"_blank\">powder coating aluminium<\/a><\/li>\r\r\n<li><a href=\"https:\/\/sinoextrud.com\/what-is-an-aluminium-strip-ceiling\/\" target=\"_blank\">aluminium strip ceiling<\/a><\/li>\r\r\n<li><a href=\"https:\/\/sinoextrud.com\/what-is-a-heat-sink\/\" target=\"_blank\">what is a heat sink<\/a><\/li>\r\r\n<\/ul>","product_chanpin_chanpin":"<li><a href=\"https:\/\/sinoextrud.com\/product\/wood-grain-aluminium-extrusion-profile-for-furnitures-decoration\/\" target=\"_blank\">Wood Grain Aluminium Extrusion Profile for Furnitures Decoration<\/a><\/li>\r\n<li><a href=\"https:\/\/sinoextrud.com\/product\/wood-grain-finish-aluminium-profiles\/\" target=\"_blank\">Wood Grain Finish Aluminium Profiles<\/a><\/li>\r\n<li><a href=\"https:\/\/sinoextrud.com\/product\/hot-selling-high-quality-powder-coating-wood-grain-single-sided-aluminum-plate\/\" target=\"_blank\">Hot Selling High-quality Powder Coating Wood Grain Single-sided Aluminum Plate<\/a><\/li>\r\n<li><a href=\"https:\/\/sinoextrud.com\/product\/anodized-extrusion-precise-round-square-aluminum-tube\/\" target=\"_blank\">Anodized Extrusion Precise Round Square Aluminum Tube<\/a><\/li>\r\n<li><a href=\"https:\/\/sinoextrud.com\/product\/custom-aluminum-fluorocarbon-wood-grain-fence\/\" target=\"_blank\">Custom Aluminum Fluorocarbon Wood Grain Fence<\/a><\/li>\r\n<li><a href=\"https:\/\/sinoextrud.com\/product\/wood-grain-aluminum-square-tube\/\" target=\"_blank\">Wood Grain Aluminum Square Tube<\/a><\/li>\r\n<li><a href=\"https:\/\/sinoextrud.com\/product\/glass-balcony-railing-aluminum-u-channel-design\/\" target=\"_blank\">Glass Balcony Railing Aluminum U Channel Design<\/a><\/li>\r\n<li><a href=\"https:\/\/sinoextrud.com\/product\/wood-grain-bamboo-aluminum-pipe\/\" target=\"_blank\">Wood Grain Bamboo Aluminum Pipe<\/a><\/li>\r\n<li><a href=\"https:\/\/sinoextrud.com\/product\/anodized-aluminum-eectronic-equipment-enclosure\/\" target=\"_blank\">Anodized Aluminum Eectronic Equipment Enclosure<\/a><\/li>\r\n<li><a href=\"https:\/\/sinoextrud.com\/product\/aluminum-alloy-wall-decoration-edge-trim-strip\/\" target=\"_blank\">Aluminum Alloy Wall Decoration Edge Trim Strip<\/a><\/li>\r\n<li><a href=\"https:\/\/sinoextrud.com\/product\/6063-t5-oem-aluminum-profile-conner-angle-for-window-and-door-or-led-light-display\/\" target=\"_blank\">6063 T5 OEM Aluminum Profile Conner Angle For Window And Door Or Led Light Display<\/a><\/li>"},"feature_list":[]},"_links":{"self":[{"href":"https:\/\/sinoextrud.com\/hu\/wp-json\/wp\/v2\/product\/6583","targetHints":{"allow":["GET"]}}],"collection":[{"href":"https:\/\/sinoextrud.com\/hu\/wp-json\/wp\/v2\/product"}],"about":[{"href":"https:\/\/sinoextrud.com\/hu\/wp-json\/wp\/v2\/types\/product"}],"wp:featuredmedia":[{"embeddable":true,"href":"https:\/\/sinoextrud.com\/hu\/wp-json\/wp\/v2\/media\/6582"}],"wp:attachment":[{"href":"https:\/\/sinoextrud.com\/hu\/wp-json\/wp\/v2\/media?parent=6583"}],"wp:term":[{"taxonomy":"category","embeddable":true,"href":"https:\/\/sinoextrud.com\/hu\/wp-json\/wp\/v2\/categories?post=6583"}],"curies":[{"name":"wp","href":"https:\/\/api.w.org\/{rel}","templated":true}]}}