{"id":6581,"date":"2025-05-29T09:38:41","date_gmt":"2025-05-29T09:38:41","guid":{"rendered":"https:\/\/sinoextrud.com\/product\/anodized-extrusion-precise-round-square-aluminum-tube\/"},"modified":"2025-06-24T06:11:13","modified_gmt":"2025-06-24T06:11:13","slug":"eloxalt-extrudalt-pontos-kerek-negyzet-alaku-aluminium-cso","status":"publish","type":"product","link":"https:\/\/sinoextrud.com\/hu\/product\/anodized-extrusion-precise-round-square-aluminum-tube\/","title":{"rendered":"Elox\u00e1lt extrud\u00e1l\u00e1s pontos kerek n\u00e9gyzet alak\u00fa alum\u00ednium cs\u0151"},"content":{"rendered":"<h2>Term\u00e9kek r\u00e9szletei<\/h2>\n<table class=\"custom-table\">\n<tr>\n<td class=\"label\">T\u00e9tel:<\/td>\n<td>Elox\u00e1lt extrud\u00e1l\u00e1s pontos kerek n\u00e9gyzet alak\u00fa alum\u00ednium cs\u0151<\/td>\n<\/tr>\n<tr>\n<td class=\"label\">Lelkiismeretesen:<\/td>\n<td>6063-T5<\/td>\n<\/tr>\n<tr>\n<td class=\"label\">Alak:<\/td>\n<td>Cs\u0151, n\u00e9gyzet alak\u00fa<\/td>\n<\/tr>\n<tr>\n<td class=\"label\">Tolerancia:<\/td>\n<td>\u00b10,02mm<\/td>\n<\/tr>\n<tr>\n<td class=\"label\">Jellemz\u0151:<\/td>\n<td>Pontos<\/td>\n<\/tr>\n<tr>\n<td class=\"label\">Sz\u00e1ll\u00edt\u00e1si id\u0151:<\/td>\n<td>15-25 nap<\/td>\n<\/tr>\n<tr>\n<td class=\"label\">Fizet\u00e9si hat\u00e1rid\u0151:<\/td>\n<td>T\/T (30% let\u00e9t), L\/C<\/td>\n<\/tr>\n<tr>\n<td class=\"label\">Kik\u00f6t\u0151:<\/td>\n<td>Guangzhou, Shenzhen, Foshan<\/td>\n<\/tr>\n<tr>\n<td class=\"label\">Szabv\u00e1nyos:<\/td>\n<td>Nemzetk\u00f6zi szabv\u00e1ny<\/td>\n<\/tr>\n<tr>\n<td class=\"label\">Anyag:<\/td>\n<td>6000-es sorozat<\/td>\n<\/tr>\n<tr>\n<td class=\"label\">Sz\u00e1rmaz\u00e1si hely:<\/td>\n<td>Foshan, Guangdong<\/td>\n<\/tr>\n<tr>\n<td class=\"label\">\u00d6tv\u00f6zet vagy sem:<\/td>\n<td>Alum\u00ednium \u00f6tv\u00f6zet<\/td>\n<\/tr>\n<tr>\n<td class=\"label\">M\u00e1rka:<\/td>\n<td>Sinoextrud, Sinoextrud<\/td>\n<\/tr>\n<tr>\n<td class=\"label\">Fel\u00fcletkezel\u00e9s:<\/td>\n<td>Anodiz\u00e1lt, elektrofor\u00e9zis, pol\u00edroz\u00e1s<\/td>\n<\/tr>\n<tr>\n<td class=\"label\">MOQ:<\/td>\n<td>200KG<\/td>\n<\/tr>\n<tr>\n<td class=\"label\">Feldolgoz\u00f3 szolg\u00e1ltat\u00e1s:<\/td>\n<td>F\u00far\u00e1s, hegeszt\u00e9s, lyukaszt\u00e1s, v\u00e1g\u00e1s<\/td>\n<\/tr>\n<tr>\n<td class=\"label\">Hossz::<\/td>\n<td>Testreszabott<\/td>\n<\/tr>\n<tr>\n<td class=\"label\">Havi teljes\u00edtm\u00e9ny:<\/td>\n<td>2400tons -3000tons<\/td>\n<\/tr>\n<\/table>\n<h2>Gy\u00e1rt\u00f3 b\u00e1zisunk<\/h2>\n<h3>Gy\u00e1ri panor\u00e1ma<\/h3>\n<p><img decoding=\"async\" src=\"\/wp-content\/uploads\/factory-01.webp\"\/><\/p>\n<h3>Alum\u00ednium r\u00fadgy\u00e1rt\u00f3 m\u0171hely<\/h3>\n<p><img decoding=\"async\" src=\"\/wp-content\/uploads\/factory-02.webp\"\/><\/p>\n<p><img decoding=\"async\" src=\"\/wp-content\/uploads\/factory-03.webp\"\/><\/p>\n<h3>Pen\u00e9sz rakt\u00e1r<\/h3>\n<p><img decoding=\"async\" src=\"\/wp-content\/uploads\/factory-04.webp\"\/><\/p>\n<h3>43 alum\u00ednium extrud\u00e1l\u00f3 vonal (500-5500 tonna)<\/h3>\n<p><img decoding=\"async\" src=\"\/wp-content\/uploads\/factory-05.webp\"\/><\/p>\n<p><img decoding=\"async\" src=\"\/wp-content\/uploads\/factory-06.webp\"\/><\/p>\n<p><img decoding=\"async\" src=\"\/wp-content\/uploads\/factory-07.webp\"\/><\/p>\n<h3>Porfest\u0151 m\u0171hely<\/h3>\n<p><img decoding=\"async\" src=\"\/wp-content\/uploads\/factory-09.webp\"\/><\/p>\n<h3>Anodiz\u00e1l\u00f3 m\u0171hely<\/h3>\n<p><img decoding=\"async\" src=\"\/wp-content\/uploads\/factory-10.webp\"\/><\/p>\n<h3>M\u00e9ly feldolgoz\u00e1si m\u0171hely<\/h3>\n<p><img decoding=\"async\" src=\"\/wp-content\/uploads\/factory-11.webp\"\/><\/p>\n<h3>CNC prec\u00edzi\u00f3s megmunk\u00e1l\u00f3 m\u0171hely<\/h3>\n<p><img decoding=\"async\" src=\"\/wp-content\/uploads\/factory-11.5.webp\"\/><\/p>\n<h3>K\u00e9szterm\u00e9k \u00e9s export rakt\u00e1r<\/h3>\n<p><img decoding=\"async\" src=\"\/wp-content\/uploads\/factory-12.webp\"\/><\/p>\n<p><img decoding=\"async\" src=\"\/wp-content\/uploads\/factory-13.webp\"\/><\/p>\n<p><img decoding=\"async\" src=\"\/wp-content\/uploads\/factory-14.webp\"\/><\/p>\n<h2>GYIK<\/h2>\n<p><p><b>1.Mi az elox\u00e1lt extrud\u00e1lt pontos kerek n\u00e9gyzet alak\u00fa alum\u00edniumcs\u0151?<\/b><\/p>\n<p>Ez egy prec\u00edz m\u00e9retekkel extrud\u00e1lt alum\u00edniumcs\u0151 kerek vagy n\u00e9gyzet alakban, amelyet elox\u00e1l\u00e1ssal fejeznek be a korr\u00f3zi\u00f3\u00e1ll\u00f3s\u00e1g \u00e9s a fel\u00fcleti tart\u00f3ss\u00e1g fokoz\u00e1sa \u00e9rdek\u00e9ben.<br \/>\n<\/p><br \/>\n<br \/>\n<p><b>2.Mik a legfontosabb el\u0151nyei az elox\u00e1lt extrud\u00e1lt pontos kerek n\u00e9gyzet alak\u00fa alum\u00edniumcs\u00f6veknek?<\/b><\/p>\n<p>Ezek a cs\u00f6vek nagy m\u00e9retpontoss\u00e1got, kiv\u00e1l\u00f3 korr\u00f3zi\u00f3\u00e1ll\u00f3s\u00e1got, fokozott fel\u00fcleti kem\u00e9nys\u00e9get \u00e9s jobb eszt\u00e9tikai megjelen\u00e9st biztos\u00edtanak.<br \/>\n<\/p><br \/>\n<br \/>\n<p><b>3.Mi\u00e9rt v\u00e1lassza az elox\u00e1lt extrud\u00e1l\u00e1st kerek \u00e9s n\u00e9gyzet alak\u00fa alum\u00edniumcs\u00f6vekhez?<\/b><\/p>\n<p>Az elox\u00e1l\u00e1s egy v\u00e9d\u0151 oxidr\u00e9teget biztos\u00edt, amely n\u00f6veli a kop\u00e1s\u00e1ll\u00f3s\u00e1got, megakad\u00e1lyozza az oxid\u00e1ci\u00f3t, \u00e9s lehet\u0151v\u00e9 teszi az \u00e9l\u00e9nk, tart\u00f3s sz\u00edn\u0171 fel\u00fcleteket.<br \/>\n<\/p><br \/>\n<br \/>\n<p><b>4.Can elox\u00e1lt extrud\u00e1lt pontos kerek \u00e9s n\u00e9gyzet alak\u00fa alum\u00edniumcs\u00f6vek testre szabhat\u00f3ak?<\/b><\/p>\n<p>Igen, m\u00e9ret\u00fck, alakjuk, \u00f6tv\u00f6zet\u00fck t\u00edpusa, falvastags\u00e1guk \u00e9s elox\u00e1l\u00e1si sz\u00edn\u00fck testre szabhat\u00f3, hogy megfeleljenek a projekt egyedi k\u00f6vetelm\u00e9nyeinek.<br \/>\n<\/p><br \/>\n<br \/>\n<p><b>5.Hogyan jav\u00edtja az elox\u00e1l\u00e1s az alum\u00edniumcs\u00f6vek teljes\u00edtm\u00e9ny\u00e9t?<\/b><\/p>\n<p>Az elox\u00e1l\u00e1s n\u00f6veli a korr\u00f3zi\u00f3\u00e1ll\u00f3s\u00e1got, cs\u00f6kkenti a fel\u00fcleti karcol\u00e1sokat, jav\u00edtja a fest\u00e9kek vagy ragaszt\u00f3k tapad\u00e1s\u00e1t, \u00e9s meghosszabb\u00edtja a cs\u0151 \u00e9lettartam\u00e1t.<br \/>\n<\/p><br \/>\n<br \/>\n<p><b>6.Az elox\u00e1lt extrud\u00e1lt prec\u00edz alum\u00edniumcs\u00f6vek alkalmasak k\u00fclt\u00e9ri alkalmaz\u00e1sokhoz?<\/b><\/p>\n<p>Igen, az elox\u00e1lt cs\u00f6vek ellen\u00e1llnak az UV-sug\u00e1rz\u00e1snak, a nedvess\u00e9gnek \u00e9s a zord id\u0151j\u00e1r\u00e1snak, \u00edgy ide\u00e1lisak k\u00fcls\u0151 \u00e9p\u00edt\u00e9szeti, aut\u00f3ipari \u00e9s ipari felhaszn\u00e1l\u00e1sra.<br \/>\n<\/p><br \/>\n<br \/>\n<p><b>7.Mely ipar\u00e1gak profit\u00e1lnak legink\u00e1bb az elox\u00e1lt extrud\u00e1lt prec\u00edz kerek \u00e9s n\u00e9gyzet alak\u00fa alum\u00edniumcs\u00f6vekb\u0151l?<\/b><\/p>\n<p>A rep\u00fcl\u0151g\u00e9pipar, az aut\u00f3ipar, az \u00e9p\u00edt\u0151ipar, az elektronika \u00e9s a b\u00fatoripar ezeket a cs\u00f6veket szil\u00e1rds\u00e1guk, pontoss\u00e1guk \u00e9s v\u00e9d\u0151bevonatuk miatt haszn\u00e1lja.<br \/>\n<\/p><br \/>\n<br \/>\n<p><b>8.Hogyan t\u00e1mogatja az elox\u00e1lt extrud\u00e1l\u00e1s a fenntarthat\u00f3 gy\u00e1rt\u00e1st?<\/b><\/p>\n<p>Az elox\u00e1l\u00e1s k\u00f6rnyezetbar\u00e1t fel\u00fcletkezel\u00e9s, az alum\u00ednium pedig teljes m\u00e9rt\u00e9kben \u00fajrahasznos\u00edthat\u00f3, ami hozz\u00e1j\u00e1rul a fenntarthat\u00f3 termel\u00e9shez \u00e9s a k\u00f6rnyezeti hat\u00e1sok cs\u00f6kkent\u00e9s\u00e9hez.<br \/>\n<\/p><br \/><\/p>","protected":false},"featured_media":6580,"template":"","categories":[64],"class_list":["post-6581","product","type-product","status-publish","has-post-thumbnail","hentry","category-new-trend-aluminium-products"],"meta_box":{"hilight_text_group":{"product_hilight_text":"<li>High-precision anodized extrusion ensures uniform round and square tube dimensions<\/li>\r\r\n<li>Enhanced corrosion resistance and surface hardness through anodizing<\/li>\r\r\n<li>Lightweight yet strong aluminum suitable for structural and decorative use<\/li>\r\r\n<li>Available in various sizes, shapes, and custom finishes<\/li>\r\r\n<li>Supports bulk orders and OEM customization with reliable quality<\/li>","product_chanpin_blog":"<ul>\r\r\n<li><a href=\"https:\/\/sinoextrud.com\/t-slot-v-slot-differences\/\" target=\"_blank\">t slot vs v slot<\/a><\/li>\r\r\n<li><a href=\"https:\/\/sinoextrud.com\/what-is-4040-aluminium-extrud\/\" target=\"_blank\">4040 aluminium extrusion<\/a><\/li>\r\r\n<li><a href=\"https:\/\/sinoextrud.com\/what-is-4040-aluminium-extrud\/\" target=\"_blank\">aluminum extrusions for industrial racks<\/a><\/li>\r\r\n<li><a href=\"https:\/\/sinoextrud.com\/powder-coating-aluminium-process\/\" target=\"_blank\">powder coating aluminium<\/a><\/li>\r\r\n<li><a href=\"https:\/\/sinoextrud.com\/what-is-an-aluminium-strip-ceiling\/\" target=\"_blank\">aluminium strip ceiling<\/a><\/li>\r\r\n<li><a href=\"https:\/\/sinoextrud.com\/what-is-a-heat-sink\/\" target=\"_blank\">what is a heat sink<\/a><\/li>\r\r\n<\/ul>","product_chanpin_chanpin":"<li><a href=\"https:\/\/sinoextrud.com\/product\/wood-grain-finish-extruded-architectural-use-aluminium-profile\/\" target=\"_blank\">Wood grain finish extruded architectural use aluminium profile<\/a><\/li>\r\n<li><a href=\"https:\/\/sinoextrud.com\/product\/wood-grain-aluminium-extrusion-profile-for-furnitures-decoration\/\" target=\"_blank\">Wood Grain Aluminium Extrusion Profile for Furnitures Decoration<\/a><\/li>\r\n<li><a href=\"https:\/\/sinoextrud.com\/product\/wood-grain-finish-aluminium-profiles\/\" target=\"_blank\">Wood Grain Finish Aluminium Profiles<\/a><\/li>\r\n<li><a href=\"https:\/\/sinoextrud.com\/product\/hot-selling-high-quality-powder-coating-wood-grain-single-sided-aluminum-plate\/\" target=\"_blank\">Hot Selling High-quality Powder Coating Wood Grain Single-sided Aluminum Plate<\/a><\/li>\r\n<li><a href=\"https:\/\/sinoextrud.com\/product\/anodized-extrusion-precise-round-square-aluminum-tube\/\" target=\"_blank\">Anodized Extrusion Precise Round Square Aluminum Tube<\/a><\/li>\r\n<li><a href=\"https:\/\/sinoextrud.com\/product\/custom-aluminum-fluorocarbon-wood-grain-fence\/\" target=\"_blank\">Custom Aluminum Fluorocarbon Wood Grain Fence<\/a><\/li>\r\n<li><a href=\"https:\/\/sinoextrud.com\/product\/wood-grain-aluminum-square-tube\/\" target=\"_blank\">Wood Grain Aluminum Square Tube<\/a><\/li>\r\n<li><a href=\"https:\/\/sinoextrud.com\/product\/glass-balcony-railing-aluminum-u-channel-design\/\" target=\"_blank\">Glass Balcony Railing Aluminum U Channel Design<\/a><\/li>\r\n<li><a href=\"https:\/\/sinoextrud.com\/product\/wood-grain-bamboo-aluminum-pipe\/\" target=\"_blank\">Wood Grain Bamboo Aluminum Pipe<\/a><\/li>\r\n<li><a href=\"https:\/\/sinoextrud.com\/product\/v-shape-baffle-ceiling-system\/\" target=\"_blank\">V-shape Baffle Ceiling System<\/a><\/li>\r\n<li><a href=\"https:\/\/sinoextrud.com\/product\/fluorocarbon-coated-aluminium-extrusions\/\" target=\"_blank\">Fluorocarbon Coated Aluminium Extrusions<\/a><\/li>"},"feature_list":[]},"_links":{"self":[{"href":"https:\/\/sinoextrud.com\/hu\/wp-json\/wp\/v2\/product\/6581","targetHints":{"allow":["GET"]}}],"collection":[{"href":"https:\/\/sinoextrud.com\/hu\/wp-json\/wp\/v2\/product"}],"about":[{"href":"https:\/\/sinoextrud.com\/hu\/wp-json\/wp\/v2\/types\/product"}],"wp:featuredmedia":[{"embeddable":true,"href":"https:\/\/sinoextrud.com\/hu\/wp-json\/wp\/v2\/media\/6580"}],"wp:attachment":[{"href":"https:\/\/sinoextrud.com\/hu\/wp-json\/wp\/v2\/media?parent=6581"}],"wp:term":[{"taxonomy":"category","embeddable":true,"href":"https:\/\/sinoextrud.com\/hu\/wp-json\/wp\/v2\/categories?post=6581"}],"curies":[{"name":"wp","href":"https:\/\/api.w.org\/{rel}","templated":true}]}}