{"id":6579,"date":"2025-05-29T09:29:49","date_gmt":"2025-05-29T09:29:49","guid":{"rendered":"https:\/\/sinoextrud.com\/product\/hot-selling-high-quality-powder-coating-wood-grain-single-sided-aluminum-plate\/"},"modified":"2025-06-24T06:11:13","modified_gmt":"2025-06-24T06:11:13","slug":"forro-eladasi-kivalo-minosegu-porszoras-fa-szemcses-egyoldalas-aluminium-lemez","status":"publish","type":"product","link":"https:\/\/sinoextrud.com\/hu\/product\/hot-selling-high-quality-powder-coating-wood-grain-single-sided-aluminum-plate\/","title":{"rendered":"Hot Selling kiv\u00e1l\u00f3 min\u0151s\u00e9g\u0171 porbevonat\u00fa fa szemcs\u00e9s egyoldalas alum\u00ednium lemez"},"content":{"rendered":"<h2>Term\u00e9kek r\u00e9szletei<\/h2>\n<table class=\"custom-table\">\n<tr>\n<td class=\"label\">T\u00e9tel:<\/td>\n<td>Hot Selling kiv\u00e1l\u00f3 min\u0151s\u00e9g\u0171 porbevonat\u00fa fa szemcs\u00e9s egyoldalas alum\u00ednium lemez<\/td>\n<\/tr>\n<tr>\n<td class=\"label\">Lelkiismeretesen:<\/td>\n<td>H12, H24, H18<\/td>\n<\/tr>\n<tr>\n<td class=\"label\">M\u00e9ret:<\/td>\n<td>1.22*2.44m<\/td>\n<\/tr>\n<tr>\n<td class=\"label\">Vastags\u00e1g:<\/td>\n<td>1.0mm, 2.0mm vagy testreszabva<\/td>\n<\/tr>\n<tr>\n<td class=\"label\">Tolerancia:<\/td>\n<td>\u00b10,5%<\/td>\n<\/tr>\n<tr>\n<td class=\"label\">Sz\u00e1ll\u00edt\u00e1si id\u0151:<\/td>\n<td>25-30 nap<\/td>\n<\/tr>\n<tr>\n<td class=\"label\">Fizet\u00e9si hat\u00e1rid\u0151:<\/td>\n<td>T\/T (30% let\u00e9t), L\/C<\/td>\n<\/tr>\n<tr>\n<td class=\"label\">Kik\u00f6t\u0151:<\/td>\n<td>Guangzhou, Shenzhen<\/td>\n<\/tr>\n<tr>\n<td class=\"label\">T\u00edpus:<\/td>\n<td>Alum\u00ednium lemez<\/td>\n<\/tr>\n<tr>\n<td class=\"label\">Oszt\u00e1ly:<\/td>\n<td>1000-es sorozat, 3000-es sorozat, 5000-es sorozat. 6000-es sorozat.<\/td>\n<\/tr>\n<tr>\n<td class=\"label\">Sz\u00e1rmaz\u00e1si hely:<\/td>\n<td>Foshan, Guangdong<\/td>\n<\/tr>\n<tr>\n<td class=\"label\">\u00d6tv\u00f6zet vagy sem:<\/td>\n<td>Az \u00f6tv\u00f6zet<\/td>\n<\/tr>\n<tr>\n<td class=\"label\">M\u00e1rka:<\/td>\n<td>Sinoextrud, Sinoextrud<\/td>\n<\/tr>\n<tr>\n<td class=\"label\">Fel\u00fcletkezel\u00e9s:<\/td>\n<td>Fr\u00f6ccs\u00f6nt\u00f6tt, porsz\u00f3r\u00e1s, faanyag<\/td>\n<\/tr>\n<tr>\n<td class=\"label\">MOQ:<\/td>\n<td>100 DB<\/td>\n<\/tr>\n<tr>\n<td class=\"label\">Feldolgoz\u00f3 szolg\u00e1ltat\u00e1s:<\/td>\n<td>CNC megmunk\u00e1l\u00e1s<\/td>\n<\/tr>\n<tr>\n<td class=\"label\">Sz\u00edn:<\/td>\n<td>Testreszabott<\/td>\n<\/tr>\n<tr>\n<td class=\"label\">Haszn\u00e1lat:<\/td>\n<td>Belt\u00e9ri \u00e9s k\u00fclt\u00e9ri<\/td>\n<\/tr>\n<\/table>\n<h2>Gy\u00e1rt\u00f3 b\u00e1zisunk<\/h2>\n<h3>Gy\u00e1ri panor\u00e1ma<\/h3>\n<p><img decoding=\"async\" src=\"\/wp-content\/uploads\/factory-01.webp\"\/><\/p>\n<h3>Alum\u00ednium r\u00fadgy\u00e1rt\u00f3 m\u0171hely<\/h3>\n<p><img decoding=\"async\" src=\"\/wp-content\/uploads\/factory-02.webp\"\/><\/p>\n<p><img decoding=\"async\" src=\"\/wp-content\/uploads\/factory-03.webp\"\/><\/p>\n<h3>Pen\u00e9sz rakt\u00e1r<\/h3>\n<p><img decoding=\"async\" src=\"\/wp-content\/uploads\/factory-04.webp\"\/><\/p>\n<h3>43 alum\u00ednium extrud\u00e1l\u00f3 vonal (500-5500 tonna)<\/h3>\n<p><img decoding=\"async\" src=\"\/wp-content\/uploads\/factory-05.webp\"\/><\/p>\n<p><img decoding=\"async\" src=\"\/wp-content\/uploads\/factory-06.webp\"\/><\/p>\n<p><img decoding=\"async\" src=\"\/wp-content\/uploads\/factory-07.webp\"\/><\/p>\n<h3>Porfest\u0151 m\u0171hely<\/h3>\n<p><img decoding=\"async\" src=\"\/wp-content\/uploads\/factory-09.webp\"\/><\/p>\n<h3>Anodiz\u00e1l\u00f3 m\u0171hely<\/h3>\n<p><img decoding=\"async\" src=\"\/wp-content\/uploads\/factory-10.webp\"\/><\/p>\n<h3>M\u00e9ly feldolgoz\u00e1si m\u0171hely<\/h3>\n<p><img decoding=\"async\" src=\"\/wp-content\/uploads\/factory-11.webp\"\/><\/p>\n<h3>CNC prec\u00edzi\u00f3s megmunk\u00e1l\u00f3 m\u0171hely<\/h3>\n<p><img decoding=\"async\" src=\"\/wp-content\/uploads\/factory-11.5.webp\"\/><\/p>\n<h3>K\u00e9szterm\u00e9k \u00e9s export rakt\u00e1r<\/h3>\n<p><img decoding=\"async\" src=\"\/wp-content\/uploads\/factory-12.webp\"\/><\/p>\n<p><img decoding=\"async\" src=\"\/wp-content\/uploads\/factory-13.webp\"\/><\/p>\n<p><img decoding=\"async\" src=\"\/wp-content\/uploads\/factory-14.webp\"\/><\/p>\n<h2>GYIK<\/h2>\n<p><p><b>1.Mi a forr\u00f3 elad\u00e1si kiv\u00e1l\u00f3 min\u0151s\u00e9g\u0171 porbevonat\u00fa fa szemcs\u00e9s egyoldalas alum\u00ednium lemez?<\/b><\/p>\n<p>Ez egy alum\u00edniumlemez, amelynek egyik oldal\u00e1n tart\u00f3s porsz\u00f3rt bevonattal ell\u00e1tott, a term\u00e9szetes fa szemcs\u00e9zetts\u00e9g\u00e9t ut\u00e1nz\u00f3, az er\u0151t eszt\u00e9tikai vonzer\u0151vel \u00f6tv\u00f6z\u0151 lemez.<br \/>\n<\/p><br \/>\n<br \/>\n<p><b>2.Mik a fa szemcs\u00e9s alum\u00edniumlemezek porsz\u00f3r\u00e1sos bevonat\u00e1nak legfontosabb el\u0151nyei?<\/b><\/p>\n<p>Kiv\u00e1l\u00f3 korr\u00f3zi\u00f3\u00e1ll\u00f3s\u00e1got, UV-v\u00e9delmet, karc\u00e1ll\u00f3s\u00e1got, alacsony karbantart\u00e1si ig\u00e9nyt \u00e9s val\u00f3s\u00e1gh\u0171 famint\u00e1s megjelen\u00e9st biztos\u00edtanak.<br \/>\n<\/p><br \/>\n<br \/>\n<p><b>3.Mi\u00e9rt v\u00e1lassza az egyoldalas porfest\u00e9st a fa szemcs\u00e9s alum\u00ednium lemezeken?<\/b><\/p>\n<p>Az egyoldalas bevonat kiv\u00e1l\u00f3 min\u0151s\u00e9g\u0171 dekorat\u00edv fel\u00fcletet biztos\u00edt a l\u00e1that\u00f3 oldalon, mik\u00f6zben optimaliz\u00e1lja a k\u00f6lts\u00e9geket \u00e9s az anyagfelhaszn\u00e1l\u00e1st a h\u00e1toldalon t\u00f6rt\u00e9n\u0151 alkalmaz\u00e1sokn\u00e1l.<br \/>\n<\/p><br \/>\n<br \/>\n<p><b>4.Can porsz\u00f3r\u00e1s fa szemcs\u00e9s alum\u00ednium lemezek testreszabhat\u00f3?<\/b><\/p>\n<p>Igen, m\u00e9retben, vastags\u00e1gban, sz\u00ednben, famint\u00e1zatban \u00e9s bevonat text\u00far\u00e1ban testre szabhat\u00f3k, hogy megfeleljenek a projekt egyedi ig\u00e9nyeinek.<br \/>\n<\/p><br \/>\n<br \/>\n<p><b>5.Hogyan fokozza a porfest\u00e9s az alum\u00edniumlemezek faanyag\u00e1t?<\/b><\/p>\n<p>A porfest\u00e9k egy kem\u00e9ny, egys\u00e9ges r\u00e9teget hoz l\u00e9tre, amely v\u00e9d a fakul\u00e1s, a lepattan\u00e1s \u00e9s a k\u00f6rnyezeti k\u00e1rok ellen, \u00edgy biztos\u00edtva a hossz\u00fa t\u00e1v\u00fa sz\u00e9ps\u00e9get.<br \/>\n<\/p><br \/>\n<br \/>\n<p><b>6.Alkalmasak-e a porfestett, fa szemcs\u00e9s alum\u00ednium lemezek k\u00fclt\u00e9ri haszn\u00e1latra?<\/b><\/p>\n<p>Igen, a bevonat kiv\u00e1l\u00f3an ellen\u00e1ll az UV-sugaraknak, a nedvess\u00e9gnek \u00e9s a zord id\u0151j\u00e1r\u00e1snak, \u00edgy ide\u00e1lis k\u00fcls\u0151 burkolatokhoz \u00e9s dekorat\u00edv alkalmaz\u00e1sokhoz.<br \/>\n<\/p><br \/>\n<br \/>\n<p><b>7.Mely ipar\u00e1gak haszn\u00e1lj\u00e1k \u00e1ltal\u00e1ban a porfestett fa szemcs\u00e9s alum\u00edniumlemezeket?<\/b><\/p>\n<p>Az \u00e9p\u00edt\u0151ipar, a jelz\u0151t\u00e1bl\u00e1k, a bels\u0151\u00e9p\u00edt\u00e9szet \u00e9s a b\u00fatoripar a tart\u00f3ss\u00e1g \u00e9s a f\u00e1hoz hasonl\u00f3 eszt\u00e9tika kombin\u00e1ci\u00f3ja miatt haszn\u00e1lja ezeket a lemezeket.<br \/>\n<\/p><br \/>\n<br \/>\n<p><b>8.Hogyan t\u00e1mogatj\u00e1k a porfestett fa szemcs\u00e9s alum\u00edniumlemezek a fenntarthat\u00f3 \u00e9p\u00edt\u00e9st?<\/b><\/p>\n<p>Az alum\u00ednium teljes m\u00e9rt\u00e9kben \u00fajrahasznos\u00edthat\u00f3, a porfest\u00e9s pedig k\u00f6rnyezetbar\u00e1t befejez\u0151 elj\u00e1r\u00e1s, amely meghosszabb\u00edtja a term\u00e9k \u00e9lettartam\u00e1t \u00e9s cs\u00f6kkenti a k\u00f6rnyezetre gyakorolt hat\u00e1st.<br \/>\n<\/p><br \/><\/p>","protected":false},"featured_media":6578,"template":"","categories":[65],"class_list":["post-6579","product","type-product","status-publish","has-post-thumbnail","hentry","category-wooden-grained-aluminum-profile"],"meta_box":{"hilight_text_group":{"product_hilight_text":"<li>High-quality powder coating provides durable and vibrant wood grain finish<\/li>\r\r\n<li>Single-sided aluminum plate ideal for decorative and architectural applications<\/li>\r\r\n<li>Corrosion-resistant and weatherproof for long-lasting outdoor use<\/li>\r\r\n<li>Lightweight yet strong, easy to install and maintain<\/li>\r\r\n<li>Hot selling product with reliable supply and competitive pricing<\/li>","product_chanpin_blog":"<ul>\r\r\n<li><a href=\"https:\/\/sinoextrud.com\/t-slot-v-slot-differences\/\" target=\"_blank\">t slot vs v slot<\/a><\/li>\r\r\n<li><a href=\"https:\/\/sinoextrud.com\/what-is-4040-aluminium-extrud\/\" target=\"_blank\">4040 aluminium extrusion<\/a><\/li>\r\r\n<li><a href=\"https:\/\/sinoextrud.com\/what-is-4040-aluminium-extrud\/\" target=\"_blank\">aluminum extrusions for industrial racks<\/a><\/li>\r\r\n<li><a href=\"https:\/\/sinoextrud.com\/powder-coating-aluminium-process\/\" target=\"_blank\">powder coating aluminium<\/a><\/li>\r\r\n<li><a href=\"https:\/\/sinoextrud.com\/what-is-an-aluminium-strip-ceiling\/\" target=\"_blank\">aluminium strip ceiling<\/a><\/li>\r\r\n<li><a href=\"https:\/\/sinoextrud.com\/what-is-a-heat-sink\/\" target=\"_blank\">what is a heat sink<\/a><\/li>\r\r\n<\/ul>","product_chanpin_chanpin":"<li><a href=\"https:\/\/sinoextrud.com\/product\/wood-grain-false-ceiling-aluminium-profiles\/\" target=\"_blank\">Wood Grain False Ceiling Aluminium Profiles<\/a><\/li>\r\n<li><a href=\"https:\/\/sinoextrud.com\/product\/wood-grain-finish-extruded-architectural-use-aluminium-profile\/\" target=\"_blank\">Wood grain finish extruded architectural use aluminium profile<\/a><\/li>\r\n<li><a href=\"https:\/\/sinoextrud.com\/product\/wood-grain-aluminium-extrusion-profile-for-furnitures-decoration\/\" target=\"_blank\">Wood Grain Aluminium Extrusion Profile for Furnitures Decoration<\/a><\/li>\r\n<li><a href=\"https:\/\/sinoextrud.com\/product\/wood-grain-finish-aluminium-profiles\/\" target=\"_blank\">Wood Grain Finish Aluminium Profiles<\/a><\/li>\r\n<li><a href=\"https:\/\/sinoextrud.com\/product\/hot-selling-high-quality-powder-coating-wood-grain-single-sided-aluminum-plate\/\" target=\"_blank\">Hot Selling High-quality Powder Coating Wood Grain Single-sided Aluminum Plate<\/a><\/li>\r\n<li><a href=\"https:\/\/sinoextrud.com\/product\/anodized-extrusion-precise-round-square-aluminum-tube\/\" target=\"_blank\">Anodized Extrusion Precise Round Square Aluminum Tube<\/a><\/li>\r\n<li><a href=\"https:\/\/sinoextrud.com\/product\/custom-aluminum-fluorocarbon-wood-grain-fence\/\" target=\"_blank\">Custom Aluminum Fluorocarbon Wood Grain Fence<\/a><\/li>\r\n<li><a href=\"https:\/\/sinoextrud.com\/product\/wood-grain-aluminum-square-tube\/\" target=\"_blank\">Wood Grain Aluminum Square Tube<\/a><\/li>\r\n<li><a href=\"https:\/\/sinoextrud.com\/product\/glass-balcony-railing-aluminum-u-channel-design\/\" target=\"_blank\">Glass Balcony Railing Aluminum U Channel Design<\/a><\/li>\r\n<li><a href=\"https:\/\/sinoextrud.com\/product\/wood-grain-aluminum-square-hollow-profile\/\" target=\"_blank\">Wood Grain Aluminum Square Hollow Profile<\/a><\/li>\r\n<li><a href=\"https:\/\/sinoextrud.com\/product\/aluminium-c-profile\/\" target=\"_blank\">Aluminium C Profile<\/a><\/li>"},"feature_list":[]},"_links":{"self":[{"href":"https:\/\/sinoextrud.com\/hu\/wp-json\/wp\/v2\/product\/6579","targetHints":{"allow":["GET"]}}],"collection":[{"href":"https:\/\/sinoextrud.com\/hu\/wp-json\/wp\/v2\/product"}],"about":[{"href":"https:\/\/sinoextrud.com\/hu\/wp-json\/wp\/v2\/types\/product"}],"wp:featuredmedia":[{"embeddable":true,"href":"https:\/\/sinoextrud.com\/hu\/wp-json\/wp\/v2\/media\/6578"}],"wp:attachment":[{"href":"https:\/\/sinoextrud.com\/hu\/wp-json\/wp\/v2\/media?parent=6579"}],"wp:term":[{"taxonomy":"category","embeddable":true,"href":"https:\/\/sinoextrud.com\/hu\/wp-json\/wp\/v2\/categories?post=6579"}],"curies":[{"name":"wp","href":"https:\/\/api.w.org\/{rel}","templated":true}]}}