{"id":6573,"date":"2025-05-29T09:11:21","date_gmt":"2025-05-29T09:11:21","guid":{"rendered":"https:\/\/sinoextrud.com\/product\/wood-grain-finish-extruded-architectural-use-aluminium-profile\/"},"modified":"2025-06-24T06:11:11","modified_gmt":"2025-06-24T06:11:11","slug":"fa-szemcses-kivitelu-extrudalt-epiteszeti-felhasznalasu-aluminium-profil","status":"publish","type":"product","link":"https:\/\/sinoextrud.com\/hu\/product\/wood-grain-finish-extruded-architectural-use-aluminium-profile\/","title":{"rendered":"Faszemcs\u00e9s kivitel\u0171 extrud\u00e1lt \u00e9p\u00edt\u00e9szeti alum\u00ednium profil"},"content":{"rendered":"<h2>Term\u00e9kek r\u00e9szletei<\/h2>\n<table class=\"custom-table\">\n<tr>\n<td class=\"label\">C\u00edm<\/td>\n<td>Faszemcs\u00e9s kivitel\u0171 extrud\u00e1lt \u00e9p\u00edt\u00e9szeti alum\u00ednium profil<\/td>\n<\/tr>\n<\/table>\n<h2>Gy\u00e1rt\u00f3 b\u00e1zisunk<\/h2>\n<h3>Gy\u00e1ri panor\u00e1ma<\/h3>\n<p><img decoding=\"async\" src=\"\/wp-content\/uploads\/factory-01.webp\"\/><\/p>\n<h3>Alum\u00ednium r\u00fadgy\u00e1rt\u00f3 m\u0171hely<\/h3>\n<p><img decoding=\"async\" src=\"\/wp-content\/uploads\/factory-02.webp\"\/><\/p>\n<p><img decoding=\"async\" src=\"\/wp-content\/uploads\/factory-03.webp\"\/><\/p>\n<h3>Pen\u00e9sz rakt\u00e1r<\/h3>\n<p><img decoding=\"async\" src=\"\/wp-content\/uploads\/factory-04.webp\"\/><\/p>\n<h3>43 alum\u00ednium extrud\u00e1l\u00f3 vonal (500-5500 tonna)<\/h3>\n<p><img decoding=\"async\" src=\"\/wp-content\/uploads\/factory-05.webp\"\/><\/p>\n<p><img decoding=\"async\" src=\"\/wp-content\/uploads\/factory-06.webp\"\/><\/p>\n<p><img decoding=\"async\" src=\"\/wp-content\/uploads\/factory-07.webp\"\/><\/p>\n<h3>Porfest\u0151 m\u0171hely<\/h3>\n<p><img decoding=\"async\" src=\"\/wp-content\/uploads\/factory-09.webp\"\/><\/p>\n<h3>Anodiz\u00e1l\u00f3 m\u0171hely<\/h3>\n<p><img decoding=\"async\" src=\"\/wp-content\/uploads\/factory-10.webp\"\/><\/p>\n<h3>M\u00e9ly feldolgoz\u00e1si m\u0171hely<\/h3>\n<p><img decoding=\"async\" src=\"\/wp-content\/uploads\/factory-11.webp\"\/><\/p>\n<h3>CNC prec\u00edzi\u00f3s megmunk\u00e1l\u00f3 m\u0171hely<\/h3>\n<p><img decoding=\"async\" src=\"\/wp-content\/uploads\/factory-11.5.webp\"\/><\/p>\n<h3>K\u00e9szterm\u00e9k \u00e9s export rakt\u00e1r<\/h3>\n<p><img decoding=\"async\" src=\"\/wp-content\/uploads\/factory-12.webp\"\/><\/p>\n<p><img decoding=\"async\" src=\"\/wp-content\/uploads\/factory-13.webp\"\/><\/p>\n<p><img decoding=\"async\" src=\"\/wp-content\/uploads\/factory-14.webp\"\/><\/p>\n<h2>GYIK<\/h2>\n<p><p><b>1.Mi az a fa szemcs\u00e9s kivitel\u0171 extrud\u00e1lt \u00e9p\u00edt\u00e9szeti alum\u00ednium profil?<\/b><\/p>\n<p>Ez egy \u00e9p\u00edt\u00e9szeti alkalmaz\u00e1sokhoz tervezett alum\u00ednium sajtolt term\u00e9k, amely faanyag\u00fa fel\u00fcletet tartalmaz, amely a tart\u00f3ss\u00e1got a term\u00e9szetes fa eszt\u00e9tik\u00e1j\u00e1val \u00f6tv\u00f6zi.<br \/>\n<\/p><br \/>\n<br \/>\n<p><b>2.Mik a fa szemcs\u00e9s kivitel\u0171 extrud\u00e1lt alum\u00ednium profilok legfontosabb el\u0151nyei?<\/b><\/p>\n<p>Kiv\u00e1l\u00f3 korr\u00f3zi\u00f3\u00e1ll\u00f3s\u00e1got, k\u00f6nny\u0171 szil\u00e1rds\u00e1got, alacsony karbantart\u00e1si ig\u00e9nyt \u00e9s val\u00f3s\u00e1gh\u0171 fa text\u00far\u00e1t k\u00edn\u00e1lnak, amely mind bels\u0151, mind k\u00fcls\u0151 haszn\u00e1latra alkalmas.<br \/>\n<\/p><br \/>\n<br \/>\n<p><b>3.Mi\u00e9rt v\u00e1lassza a fa szemcs\u00e9s alum\u00ednium profilokat a val\u00f3di fa helyett az \u00e9p\u00edt\u00e9szetben?<\/b><\/p>\n<p>Az alum\u00edniumprofilok ellen\u00e1llnak a rothad\u00e1snak, rovaroknak, nedvess\u00e9gnek \u00e9s vetemed\u00e9snek, \u00edgy hosszabb \u00e9lettartamot \u00e9s k\u00f6nnyebb karbantart\u00e1st biztos\u00edtanak, mik\u00f6zben meg\u0151rzik a term\u00e9szetes fa eszt\u00e9tik\u00e1j\u00e1t.<br \/>\n<\/p><br \/>\n<br \/>\n<p><b>4.Can fa szemcs\u00e9s kivitel\u0171 extrud\u00e1lt alum\u00ednium profilok testreszabhat\u00f3ak?<\/b><\/p>\n<p>Igen, m\u00e9ret\u00fck, alakjuk, famint\u00e1zatuk, sz\u00edn\u00fck \u00e9s fel\u00fclet\u00fck testre szabhat\u00f3, hogy megfeleljenek az adott \u00e9p\u00edt\u00e9szeti \u00e9s szerkezeti k\u00f6vetelm\u00e9nyeknek.<br \/>\n<\/p><br \/>\n<br \/>\n<p><b>5.Hogyan jav\u00edtja a fa szemcs\u00e9s fel\u00fclet az \u00e9p\u00edt\u00e9szeti alum\u00ednium profilokat?<\/b><\/p>\n<p>A fel\u00fcletkezel\u00e9s hiteles fa megjelen\u00e9st \u00e9s text\u00far\u00e1t biztos\u00edt, mik\u00f6zben meg\u0151rzi az alum\u00ednium szil\u00e1rds\u00e1g\u00e1t, id\u0151j\u00e1r\u00e1s\u00e1ll\u00f3s\u00e1g\u00e1t \u00e9s k\u00f6nny\u0171 tulajdons\u00e1gait.<br \/>\n<\/p><br \/>\n<br \/>\n<p><b>6.Alkalmasak-e a fa szemcs\u00e9s kivitel\u0171 alum\u00edniumprofilok k\u00fclt\u00e9ri \u00e9p\u00edt\u00e9szeti alkalmaz\u00e1sokhoz?<\/b><\/p>\n<p>Igen, ellen\u00e1llnak az UV-sug\u00e1rz\u00e1snak, a nedvess\u00e9gnek \u00e9s a zord id\u0151j\u00e1r\u00e1snak, \u00edgy ide\u00e1lisak homlokzatokhoz, burkolatokhoz \u00e9s d\u00edsz\u00edt\u0151elemekhez.<br \/>\n<\/p><br \/>\n<br \/>\n<p><b>7.Mely ipar\u00e1gak haszn\u00e1lj\u00e1k leggyakrabban a fa szemcs\u00e9s kivitel\u0171 extrud\u00e1lt alum\u00ednium profilokat?<\/b><\/p>\n<p>Az \u00e9p\u00edt\u0151ipar, az \u00e9p\u00edt\u00e9szet, a bels\u0151\u00e9p\u00edt\u00e9szet \u00e9s a kereskedelmi \u00e9p\u00edt\u0151ipar a tart\u00f3ss\u00e1g \u00e9s az eszt\u00e9tikum \u00f6tv\u00f6zete miatt haszn\u00e1lja ezeket a profilokat.<br \/>\n<\/p><br \/>\n<br \/>\n<p><b>8.Hogyan t\u00e1mogatj\u00e1k a fa szemcs\u00e9s alum\u00edniumprofilok a fenntarthat\u00f3 \u00e9p\u00edt\u00e9szetet?<\/b><\/p>\n<p>Az alum\u00ednium teljes m\u00e9rt\u00e9kben \u00fajrahasznos\u00edthat\u00f3, a fa szemcs\u00e9s kivitelek pedig k\u00f6rnyezetbar\u00e1t alternat\u00edv\u00e1t k\u00edn\u00e1lnak a f\u00e1val szemben, cs\u00f6kkentve a k\u00f6rnyezeti hat\u00e1sokat \u00e9s az erd\u0151irt\u00e1st.<br \/>\n<\/p><br \/><\/p>","protected":false},"featured_media":6572,"template":"","categories":[65],"class_list":["post-6573","product","type-product","status-publish","has-post-thumbnail","hentry","category-wooden-grained-aluminum-profile"],"meta_box":{"hilight_text_group":{"product_hilight_text":"<li>Wood grain finish combines natural aesthetics with durable aluminum strength<\/li>\r\r\n<li>Precision extrusion ensures consistent quality and dimensions<\/li>\r\r\n<li>Corrosion-resistant surface ideal for architectural applications<\/li>\r\r\n<li>Lightweight design reduces installation time and structural load<\/li>\r\r\n<li>Supports custom sizes, finishes, and bulk orders for large projects<\/li>","product_chanpin_blog":"<ul>\r\r\n<li><a href=\"https:\/\/sinoextrud.com\/t-slot-v-slot-differences\/\" target=\"_blank\">t slot vs v slot<\/a><\/li>\r\r\n<li><a href=\"https:\/\/sinoextrud.com\/what-is-4040-aluminium-extrud\/\" target=\"_blank\">4040 aluminium extrusion<\/a><\/li>\r\r\n<li><a href=\"https:\/\/sinoextrud.com\/what-is-4040-aluminium-extrud\/\" target=\"_blank\">aluminum extrusions for industrial racks<\/a><\/li>\r\r\n<li><a href=\"https:\/\/sinoextrud.com\/powder-coating-aluminium-process\/\" target=\"_blank\">powder coating aluminium<\/a><\/li>\r\r\n<li><a href=\"https:\/\/sinoextrud.com\/what-is-an-aluminium-strip-ceiling\/\" target=\"_blank\">aluminium strip ceiling<\/a><\/li>\r\r\n<li><a href=\"https:\/\/sinoextrud.com\/what-is-a-heat-sink\/\" target=\"_blank\">what is a heat sink<\/a><\/li>\r\r\n<\/ul>","product_chanpin_chanpin":"<li><a href=\"https:\/\/sinoextrud.com\/product\/commercial-handrail-systems\/\" target=\"_blank\">Commercial Handrail Systems<\/a><\/li>\r\n<li><a href=\"https:\/\/sinoextrud.com\/product\/extruded-aluminum-wood-grain-tube-profile\/\" target=\"_blank\">Extruded Aluminum Wood Grain Tube Profile<\/a><\/li>\r\n<li><a href=\"https:\/\/sinoextrud.com\/product\/wood-grain-aluminum-box-section\/\" target=\"_blank\">Wood Grain Aluminum Box Section<\/a><\/li>\r\n<li><a href=\"https:\/\/sinoextrud.com\/product\/wood-grain-false-ceiling-aluminium-profiles\/\" target=\"_blank\">Wood Grain False Ceiling Aluminium Profiles<\/a><\/li>\r\n<li><a href=\"https:\/\/sinoextrud.com\/product\/wood-grain-finish-extruded-architectural-use-aluminium-profile\/\" target=\"_blank\">Wood grain finish extruded architectural use aluminium profile<\/a><\/li>\r\n<li><a href=\"https:\/\/sinoextrud.com\/product\/wood-grain-aluminium-extrusion-profile-for-furnitures-decoration\/\" target=\"_blank\">Wood Grain Aluminium Extrusion Profile for Furnitures Decoration<\/a><\/li>\r\n<li><a href=\"https:\/\/sinoextrud.com\/product\/wood-grain-finish-aluminium-profiles\/\" target=\"_blank\">Wood Grain Finish Aluminium Profiles<\/a><\/li>\r\n<li><a href=\"https:\/\/sinoextrud.com\/product\/hot-selling-high-quality-powder-coating-wood-grain-single-sided-aluminum-plate\/\" target=\"_blank\">Hot Selling High-quality Powder Coating Wood Grain Single-sided Aluminum Plate<\/a><\/li>\r\n<li><a href=\"https:\/\/sinoextrud.com\/product\/anodized-extrusion-precise-round-square-aluminum-tube\/\" target=\"_blank\">Anodized Extrusion Precise Round Square Aluminum Tube<\/a><\/li>\r\n<li><a href=\"https:\/\/sinoextrud.com\/product\/sell-well-window-and-door-aluminium-profile\/\" target=\"_blank\">Sell Well Window And Door Aluminium Profile<\/a><\/li>\r\n<li><a href=\"https:\/\/sinoextrud.com\/product\/custom-aluminum-fluorocarbon-wood-grain-fence\/\" target=\"_blank\">Custom Aluminum Fluorocarbon Wood Grain Fence<\/a><\/li>"},"feature_list":[]},"_links":{"self":[{"href":"https:\/\/sinoextrud.com\/hu\/wp-json\/wp\/v2\/product\/6573","targetHints":{"allow":["GET"]}}],"collection":[{"href":"https:\/\/sinoextrud.com\/hu\/wp-json\/wp\/v2\/product"}],"about":[{"href":"https:\/\/sinoextrud.com\/hu\/wp-json\/wp\/v2\/types\/product"}],"wp:featuredmedia":[{"embeddable":true,"href":"https:\/\/sinoextrud.com\/hu\/wp-json\/wp\/v2\/media\/6572"}],"wp:attachment":[{"href":"https:\/\/sinoextrud.com\/hu\/wp-json\/wp\/v2\/media?parent=6573"}],"wp:term":[{"taxonomy":"category","embeddable":true,"href":"https:\/\/sinoextrud.com\/hu\/wp-json\/wp\/v2\/categories?post=6573"}],"curies":[{"name":"wp","href":"https:\/\/api.w.org\/{rel}","templated":true}]}}