{"id":6565,"date":"2025-05-29T09:00:57","date_gmt":"2025-05-29T09:00:57","guid":{"rendered":"https:\/\/sinoextrud.com\/product\/commercial-handrail-systems\/"},"modified":"2025-06-24T06:11:10","modified_gmt":"2025-06-24T06:11:10","slug":"kereskedelmi-korlatrendszerek","status":"publish","type":"product","link":"https:\/\/sinoextrud.com\/hu\/product\/commercial-handrail-systems\/","title":{"rendered":"Kereskedelmi korl\u00e1trendszerek"},"content":{"rendered":"<h2>Term\u00e9kek r\u00e9szletei<\/h2>\n<table class=\"custom-table\">\n<tr>\n<td class=\"label\">Alkalmaz\u00e1s:<\/td>\n<td>kereskedelmi korl\u00e1trendszerek<\/td>\n<\/tr>\n<tr>\n<td class=\"label\">Oszt\u00e1ly:<\/td>\n<td>6000-es sorozat<\/td>\n<\/tr>\n<tr>\n<td class=\"label\">Technika:<\/td>\n<td>Extrud\u00e1lt alum\u00ednium profilok \u00e9s cnc-feldolgoz\u00e1s<\/td>\n<\/tr>\n<tr>\n<td class=\"label\">Lelkiismeretesen:<\/td>\n<td>T3 - T8<\/td>\n<\/tr>\n<tr>\n<td class=\"label\">M\u00e9retek:<\/td>\n<td>80*33.2MM<\/td>\n<\/tr>\n<tr>\n<td class=\"label\">Megmunk\u00e1l\u00e1si szolg\u00e1ltat\u00e1sok:<\/td>\n<td>F\u00far\u00e1s, csavaroz\u00e1s, szegecsel\u00e9s, \u00f6sszeszerel\u00e9s stb.<\/td>\n<\/tr>\n<tr>\n<td class=\"label\">V\u00e9djegy:<\/td>\n<td>Sinoextrud<\/td>\n<\/tr>\n<tr>\n<td class=\"label\">Eredet:<\/td>\n<td>Guangdong<\/td>\n<\/tr>\n<tr>\n<td class=\"label\">T\u00edpus:<\/td>\n<td>Alum\u00ednium profilok erk\u00e9ly, napoz\u00f3szoba, villa legfels\u0151 emelet, part\u00edci\u00f3 dekor\u00e1ci\u00f3hoz<\/td>\n<\/tr>\n<tr>\n<td class=\"label\">Alak:<\/td>\n<td>K\u00e9sz\u00fclt az \u00fcgyfelek tervei szerint<\/td>\n<\/tr>\n<tr>\n<td class=\"label\">Fel\u00fcletkezel\u00e9s:<\/td>\n<td>fa szemcs\u00e9s<\/td>\n<\/tr>\n<tr>\n<td class=\"label\">Tan\u00fas\u00edt\u00e1s:<\/td>\n<td>ISO, RoHS<\/td>\n<\/tr>\n<tr>\n<td class=\"label\">Hossz\u00fas\u00e1g:<\/td>\n<td>Ez lehet v\u00e1gni, mint a konkr\u00e9t ig\u00e9nyek<\/td>\n<\/tr>\n<tr>\n<td class=\"label\">Sz\u00ednek:<\/td>\n<td>fa, barna, arany-s\u00e1rga<\/td>\n<\/tr>\n<tr>\n<td class=\"label\">Specifik\u00e1ci\u00f3:<\/td>\n<td>16.8*15.1mm<\/td>\n<\/tr>\n<tr>\n<td class=\"label\">HS-k\u00f3d:<\/td>\n<td>76042990<\/td>\n<\/tr>\n<\/table>\n<h2>Gy\u00e1rt\u00f3 b\u00e1zisunk<\/h2>\n<h3>Gy\u00e1ri panor\u00e1ma<\/h3>\n<p><img decoding=\"async\" src=\"\/wp-content\/uploads\/factory-01.webp\"\/><\/p>\n<h3>Alum\u00ednium r\u00fadgy\u00e1rt\u00f3 m\u0171hely<\/h3>\n<p><img decoding=\"async\" src=\"\/wp-content\/uploads\/factory-02.webp\"\/><\/p>\n<p><img decoding=\"async\" src=\"\/wp-content\/uploads\/factory-03.webp\"\/><\/p>\n<h3>Pen\u00e9sz rakt\u00e1r<\/h3>\n<p><img decoding=\"async\" src=\"\/wp-content\/uploads\/factory-04.webp\"\/><\/p>\n<h3>43 alum\u00ednium extrud\u00e1l\u00f3 vonal (500-5500 tonna)<\/h3>\n<p><img decoding=\"async\" src=\"\/wp-content\/uploads\/factory-05.webp\"\/><\/p>\n<p><img decoding=\"async\" src=\"\/wp-content\/uploads\/factory-06.webp\"\/><\/p>\n<p><img decoding=\"async\" src=\"\/wp-content\/uploads\/factory-07.webp\"\/><\/p>\n<h3>Porfest\u0151 m\u0171hely<\/h3>\n<p><img decoding=\"async\" src=\"\/wp-content\/uploads\/factory-09.webp\"\/><\/p>\n<h3>Anodiz\u00e1l\u00f3 m\u0171hely<\/h3>\n<p><img decoding=\"async\" src=\"\/wp-content\/uploads\/factory-10.webp\"\/><\/p>\n<h3>M\u00e9ly feldolgoz\u00e1si m\u0171hely<\/h3>\n<p><img decoding=\"async\" src=\"\/wp-content\/uploads\/factory-11.webp\"\/><\/p>\n<h3>CNC prec\u00edzi\u00f3s megmunk\u00e1l\u00f3 m\u0171hely<\/h3>\n<p><img decoding=\"async\" src=\"\/wp-content\/uploads\/factory-11.5.webp\"\/><\/p>\n<h3>K\u00e9szterm\u00e9k \u00e9s export rakt\u00e1r<\/h3>\n<p><img decoding=\"async\" src=\"\/wp-content\/uploads\/factory-12.webp\"\/><\/p>\n<p><img decoding=\"async\" src=\"\/wp-content\/uploads\/factory-13.webp\"\/><\/p>\n<p><img decoding=\"async\" src=\"\/wp-content\/uploads\/factory-14.webp\"\/><\/p>\n<h2>GYIK<\/h2>\n<p><p><b>1.Mik a kereskedelmi korl\u00e1trendszerek?<\/b><\/p>\n<p>A kereskedelmi korl\u00e1trendszerek olyan biztons\u00e1gi korl\u00e1tmegold\u00e1sok, amelyeket nyilv\u00e1nos \u00e9s kereskedelmi helyis\u00e9gekbe terveztek, hogy t\u00e1mogat\u00e1st, biztons\u00e1got \u00e9s az \u00e9p\u00edt\u00e9si szab\u00e1lyoknak val\u00f3 megfelel\u00e9st biztos\u00edtsanak.<br \/>\n<\/p><br \/>\n<br \/>\n<p><b>2.Melyek a kereskedelmi forgalomban kapaszkod\u00f3 rendszerek legfontosabb el\u0151nyei?<\/b><\/p>\n<p>Tart\u00f3ss\u00e1got, szil\u00e1rds\u00e1got, eszt\u00e9tikai sokoldal\u00fas\u00e1got, korr\u00f3zi\u00f3\u00e1ll\u00f3s\u00e1got \u00e9s k\u00f6nny\u0171 szerelhet\u0151s\u00e9get k\u00edn\u00e1lnak, hogy n\u00f6velj\u00e9k a biztons\u00e1got \u00e9s a designt a kereskedelmi k\u00f6rnyezetekben.<br \/>\n<\/p><br \/>\n<br \/>\n<p><b>3.Mi\u00e9rt v\u00e1lasszuk a kereskedelmi korl\u00e1trendszereket a k\u00f6zter\u00fcletek sz\u00e1m\u00e1ra?<\/b><\/p>\n<p>Ezek a rendszerek megfelelnek a szigor\u00fa biztons\u00e1gi el\u0151\u00edr\u00e1soknak, megb\u00edzhat\u00f3 t\u00e1mogat\u00e1st ny\u00fajtanak, \u00e9s testre szabhat\u00f3k, hogy kieg\u00e9sz\u00edts\u00e9k az \u00e9p\u00edt\u00e9szeti st\u00edlusokat \u00e9s anyagokat.<br \/>\n<\/p><br \/>\n<br \/>\n<p><b>4.Lehet-e testre szabni a kereskedelmi korl\u00e1trendszereket?<\/b><\/p>\n<p>Igen, anyaguk, kivitel\u00fck, magass\u00e1guk, hosszuk \u00e9s kialak\u00edt\u00e1suk testre szabhat\u00f3, hogy megfeleljenek az egyedi \u00e9p\u00edt\u00e9si k\u00f6vetelm\u00e9nyeknek \u00e9s eszt\u00e9tikai preferenci\u00e1knak.<br \/>\n<\/p><br \/>\n<br \/>\n<p><b>5.Milyen anyagokat haszn\u00e1lnak \u00e1ltal\u00e1ban a kereskedelmi korl\u00e1trendszerekben?<\/b><\/p>\n<p>Az anyagok k\u00f6z\u00e9 tartozik a rozsdamentes ac\u00e9l, az alum\u00ednium, az \u00fcveg \u00e9s a fa, amelyek mindegyike olyan egyedi el\u0151ny\u00f6ket k\u00edn\u00e1l, mint a szil\u00e1rds\u00e1g, a korr\u00f3zi\u00f3\u00e1ll\u00f3s\u00e1g \u00e9s a l\u00e1tv\u00e1ny.<br \/>\n<\/p><br \/>\n<br \/>\n<p><b>6.Alkalmasak-e a kereskedelmi forgalomban kapaszkod\u00f3 rendszerek belt\u00e9ri \u00e9s k\u00fclt\u00e9ri haszn\u00e1latra egyar\u00e1nt?<\/b><\/p>\n<p>Igen, sok rendszert \u00fagy terveztek, hogy ellen\u00e1lljon az id\u0151j\u00e1r\u00e1si hat\u00e1soknak \u00e9s a nagy ig\u00e9nybev\u00e9telnek a legk\u00fcl\u00f6nb\u00f6z\u0151bb k\u00f6rnyezetekben.<br \/>\n<\/p><br \/>\n<br \/>\n<p><b>7.Hogyan n\u00f6velik a kereskedelmi korl\u00e1trendszerek az \u00e9p\u00fclet biztons\u00e1g\u00e1t?<\/b><\/p>\n<p>Stabil t\u00e1maszt\u00e9kot \u00e9s es\u00e9sv\u00e9delmet biztos\u00edtanak, seg\u00edtik a balesetek megel\u0151z\u00e9s\u00e9t \u00e9s biztos\u00edtj\u00e1k a hozz\u00e1f\u00e9rhet\u0151s\u00e9gi el\u0151\u00edr\u00e1sok betart\u00e1s\u00e1t.<br \/>\n<\/p><br \/>\n<br \/>\n<p><b>8.Mely ipar\u00e1gak haszn\u00e1lj\u00e1k \u00e1ltal\u00e1ban a kereskedelmi korl\u00e1trendszereket?<\/b><\/p>\n<p>Kereskedelmi \u00e9p\u00fcletek, k\u00f3rh\u00e1zak, iskol\u00e1k, rep\u00fcl\u0151terek, bev\u00e1s\u00e1rl\u00f3k\u00f6zpontok \u00e9s t\u00f6megk\u00f6zleked\u00e9si csom\u00f3pontok gyakran telep\u00edtik ezeket a rendszereket a biztons\u00e1g \u00e9s a funkcionalit\u00e1s \u00e9rdek\u00e9ben.<br \/>\n<\/p><br \/>\n<br \/>\n<p><b>9.Hogyan t\u00e1mogatj\u00e1k a kereskedelmi korl\u00e1trendszerek a fenntarthat\u00f3 \u00e9p\u00edt\u00e9si gyakorlatot?<\/b><\/p>\n<p>Sz\u00e1mos rendszer \u00fajrahasznos\u00edthat\u00f3 anyagokat \u00e9s tart\u00f3s fel\u00fcleteket haszn\u00e1l, amelyek cs\u00f6kkentik a karbantart\u00e1s \u00e9s a csere gyakoris\u00e1g\u00e1t, el\u0151seg\u00edtve a k\u00f6rnyezetbar\u00e1t \u00e9p\u00edt\u00e9st.<br \/>\n<\/p><br \/><\/p>","protected":false},"featured_media":6564,"template":"","categories":[65],"class_list":["post-6565","product","type-product","status-publish","has-post-thumbnail","hentry","category-wooden-grained-aluminum-profile"],"meta_box":{"hilight_text_group":{"product_hilight_text":"<li>Robust design ensures safety and durability in commercial environments<\/li>\r\r\n<li>Made from high-quality materials with corrosion-resistant finishes<\/li>\r\r\n<li>Customizable sizes and styles to fit diverse architectural requirements<\/li>\r\r\n<li>Easy to install with modular components for efficient assembly<\/li>\r\r\n<li>Compliant with industry safety standards and building codes<\/li>","product_chanpin_blog":"<ul>\r\r\n<li><a href=\"https:\/\/sinoextrud.com\/t-slot-v-slot-differences\/\" target=\"_blank\">t slot vs v slot<\/a><\/li>\r\r\n<li><a href=\"https:\/\/sinoextrud.com\/what-is-4040-aluminium-extrud\/\" target=\"_blank\">4040 aluminium extrusion<\/a><\/li>\r\r\n<li><a href=\"https:\/\/sinoextrud.com\/what-is-4040-aluminium-extrud\/\" target=\"_blank\">aluminum extrusions for industrial racks<\/a><\/li>\r\r\n<li><a href=\"https:\/\/sinoextrud.com\/powder-coating-aluminium-process\/\" target=\"_blank\">powder coating aluminium<\/a><\/li>\r\r\n<li><a href=\"https:\/\/sinoextrud.com\/what-is-an-aluminium-strip-ceiling\/\" target=\"_blank\">aluminium strip ceiling<\/a><\/li>\r\r\n<li><a href=\"https:\/\/sinoextrud.com\/what-is-a-heat-sink\/\" target=\"_blank\">what is a heat sink<\/a><\/li>\r\r\n<\/ul>","product_chanpin_chanpin":"<li><a href=\"https:\/\/sinoextrud.com\/product\/wood-look-aluminium-cladding\/\" target=\"_blank\">Wood Look Aluminium Cladding<\/a><\/li>\r\n<li><a href=\"https:\/\/sinoextrud.com\/product\/wood-look-aluminium-battens\/\" target=\"_blank\">Wood Look Aluminium Battens<\/a><\/li>\r\n<li><a href=\"https:\/\/sinoextrud.com\/product\/wood-finish-aluminum-tube\/\" target=\"_blank\">Wood Finish Aluminum Tube<\/a><\/li>\r\n<li><a href=\"https:\/\/sinoextrud.com\/product\/3d-wood-grain-aluminium-battens\/\" target=\"_blank\">3D Wood Grain Aluminium Battens<\/a><\/li>\r\n<li><a href=\"https:\/\/sinoextrud.com\/product\/commercial-handrail-systems\/\" target=\"_blank\">Commercial Handrail Systems<\/a><\/li>\r\n<li><a href=\"https:\/\/sinoextrud.com\/product\/extruded-aluminum-wood-grain-tube-profile\/\" target=\"_blank\">Extruded Aluminum Wood Grain Tube Profile<\/a><\/li>\r\n<li><a href=\"https:\/\/sinoextrud.com\/product\/wood-grain-aluminum-box-section\/\" target=\"_blank\">Wood Grain Aluminum Box Section<\/a><\/li>\r\n<li><a href=\"https:\/\/sinoextrud.com\/product\/wood-grain-false-ceiling-aluminium-profiles\/\" target=\"_blank\">Wood Grain False Ceiling Aluminium Profiles<\/a><\/li>\r\n<li><a href=\"https:\/\/sinoextrud.com\/product\/wood-grain-finish-extruded-architectural-use-aluminium-profile\/\" target=\"_blank\">Wood grain finish extruded architectural use aluminium profile<\/a><\/li>\r\n<li><a href=\"https:\/\/sinoextrud.com\/product\/aluminum-extrud-7003-aluminum-pipe\/\" target=\"_blank\">Aluminum Extrusion 7003 Aluminum Pipe<\/a><\/li>\r\n<li><a href=\"https:\/\/sinoextrud.com\/product\/alu-squ-tube-in-wood-grain-painting\/\" target=\"_blank\">Alu squ tube In Wood Grain Painting<\/a><\/li>"},"feature_list":[]},"_links":{"self":[{"href":"https:\/\/sinoextrud.com\/hu\/wp-json\/wp\/v2\/product\/6565","targetHints":{"allow":["GET"]}}],"collection":[{"href":"https:\/\/sinoextrud.com\/hu\/wp-json\/wp\/v2\/product"}],"about":[{"href":"https:\/\/sinoextrud.com\/hu\/wp-json\/wp\/v2\/types\/product"}],"wp:featuredmedia":[{"embeddable":true,"href":"https:\/\/sinoextrud.com\/hu\/wp-json\/wp\/v2\/media\/6564"}],"wp:attachment":[{"href":"https:\/\/sinoextrud.com\/hu\/wp-json\/wp\/v2\/media?parent=6565"}],"wp:term":[{"taxonomy":"category","embeddable":true,"href":"https:\/\/sinoextrud.com\/hu\/wp-json\/wp\/v2\/categories?post=6565"}],"curies":[{"name":"wp","href":"https:\/\/api.w.org\/{rel}","templated":true}]}}