{"id":6557,"date":"2025-05-29T08:48:43","date_gmt":"2025-05-29T08:48:43","guid":{"rendered":"https:\/\/sinoextrud.com\/product\/wood-look-aluminium-cladding\/"},"modified":"2025-06-24T06:11:09","modified_gmt":"2025-06-24T06:11:09","slug":"fa-megjelenes-aluminium-burkolat","status":"publish","type":"product","link":"https:\/\/sinoextrud.com\/hu\/product\/wood-look-aluminium-cladding\/","title":{"rendered":"Fa megjelen\u00e9s\u0171 alum\u00ednium burkolat"},"content":{"rendered":"<h2>Term\u00e9kek r\u00e9szletei<\/h2>\n<table class=\"custom-table\">\n<tr>\n<td class=\"label\">Anyag<\/td>\n<td>alum\u00ednium\u00f6tv\u00f6zet<\/td>\n<\/tr>\n<tr>\n<td class=\"label\">Fel\u00fcletkezel\u00e9s \u00e9s garancia<\/td>\n<td>k\u00f6z\u00f6ns\u00e9ges fa szemcs\u00e9s fest\u00e9ksz\u00f3r\u00e1s (10 \u00e9v), AKSU speci\u00e1lis fa szemcs\u00e9s fest\u00e9ksz\u00f3r\u00e1s (15 \u00e9v)<\/td>\n<\/tr>\n<tr>\n<td class=\"label\">Sz\u00e9less\u00e9g<\/td>\n<td>jellemz\u0151en 6 h\u00fcvelyk (kb. 15 cm), egyedi megrendel\u00e9seket is elfogadunk.<\/td>\n<\/tr>\n<tr>\n<td class=\"label\">Hossz\u00fas\u00e1g<\/td>\n<td>\u00e1ltal\u00e1ban 10 l\u00e1b (kb. 3 m\u00e9ter) vagy 12 l\u00e1b (kb. 3,6 m\u00e9ter), egyedi megrendel\u00e9seket is elfogadunk.<\/td>\n<\/tr>\n<tr>\n<td class=\"label\">Vastags\u00e1g<\/td>\n<td>jellemz\u0151en 0,02 h\u00fcvelyk (kb. 0,5 mm) \u00e9s 0,08 h\u00fcvelyk (kb. 2 mm) k\u00f6z\u00f6tt, egyedi megrendel\u00e9seket is elfogadunk.<\/td>\n<\/tr>\n<tr>\n<td class=\"label\">Sz\u00ednes<\/td>\n<td>term\u00e9szetes, tiszta, val\u00f3s\u00e1gh\u0171 fa ut\u00e1nzat, mint p\u00e9ld\u00e1ul fa kin\u00e9zet, mahag\u00f3ni kin\u00e9zet, cseresznyefa kin\u00e9zet, di\u00f3 kin\u00e9zet stb.<\/td>\n<\/tr>\n<tr>\n<td class=\"label\">Telep\u00edt\u00e9si m\u00f3dszer<\/td>\n<td>A leggyakoribb telep\u00edt\u00e9si m\u00f3dszerek k\u00f6z\u00e9 tartozik a f\u00fcggesztett, a r\u00f6gz\u00edtett vagy a dugaszolhat\u00f3,<\/td>\n<\/tr>\n<\/table>\n<h2>Gy\u00e1rt\u00f3 b\u00e1zisunk<\/h2>\n<h3>Gy\u00e1ri panor\u00e1ma<\/h3>\n<p><img decoding=\"async\" src=\"\/wp-content\/uploads\/factory-01.webp\"\/><\/p>\n<h3>Alum\u00ednium r\u00fadgy\u00e1rt\u00f3 m\u0171hely<\/h3>\n<p><img decoding=\"async\" src=\"\/wp-content\/uploads\/factory-02.webp\"\/><\/p>\n<p><img decoding=\"async\" src=\"\/wp-content\/uploads\/factory-03.webp\"\/><\/p>\n<h3>Pen\u00e9sz rakt\u00e1r<\/h3>\n<p><img decoding=\"async\" src=\"\/wp-content\/uploads\/factory-04.webp\"\/><\/p>\n<h3>43 alum\u00ednium extrud\u00e1l\u00f3 vonal (500-5500 tonna)<\/h3>\n<p><img decoding=\"async\" src=\"\/wp-content\/uploads\/factory-05.webp\"\/><\/p>\n<p><img decoding=\"async\" src=\"\/wp-content\/uploads\/factory-06.webp\"\/><\/p>\n<p><img decoding=\"async\" src=\"\/wp-content\/uploads\/factory-07.webp\"\/><\/p>\n<h3>Porfest\u0151 m\u0171hely<\/h3>\n<p><img decoding=\"async\" src=\"\/wp-content\/uploads\/factory-09.webp\"\/><\/p>\n<h3>Anodiz\u00e1l\u00f3 m\u0171hely<\/h3>\n<p><img decoding=\"async\" src=\"\/wp-content\/uploads\/factory-10.webp\"\/><\/p>\n<h3>M\u00e9ly feldolgoz\u00e1si m\u0171hely<\/h3>\n<p><img decoding=\"async\" src=\"\/wp-content\/uploads\/factory-11.webp\"\/><\/p>\n<h3>CNC prec\u00edzi\u00f3s megmunk\u00e1l\u00f3 m\u0171hely<\/h3>\n<p><img decoding=\"async\" src=\"\/wp-content\/uploads\/factory-11.5.webp\"\/><\/p>\n<h3>K\u00e9szterm\u00e9k \u00e9s export rakt\u00e1r<\/h3>\n<p><img decoding=\"async\" src=\"\/wp-content\/uploads\/factory-12.webp\"\/><\/p>\n<p><img decoding=\"async\" src=\"\/wp-content\/uploads\/factory-13.webp\"\/><\/p>\n<p><img decoding=\"async\" src=\"\/wp-content\/uploads\/factory-14.webp\"\/><\/p>\n<h2>GYIK<\/h2>\n<p><p><b>1.Mi az a fa megjelen\u00e9s\u0171 alum\u00ednium burkolat?<\/b><\/p>\n<p>A fa megjelen\u00e9s\u0171 alum\u00ednium burkolat egy olyan alum\u00ednium panel, amelynek fel\u00fclete a fa term\u00e9szetes megjelen\u00e9s\u00e9t ut\u00e1nozza, \u00e9s amelyet k\u00fcls\u0151 \u00e9s bels\u0151 \u00e9p\u00fclethomlokzatokhoz haszn\u00e1lnak.<br \/>\n<\/p><br \/>\n<br \/>\n<p><b>2.Melyek a fa megjelen\u00e9s\u0171 alum\u00ednium burkolatok legfontosabb el\u0151nyei?<\/b><\/p>\n<p>Kiv\u00e1l\u00f3 tart\u00f3ss\u00e1got, korr\u00f3zi\u00f3\u00e1ll\u00f3s\u00e1got, alacsony karbantart\u00e1si ig\u00e9nyt, k\u00f6nny\u0171 szil\u00e1rds\u00e1got \u00e9s a term\u00e9szetes fa eszt\u00e9tikai vonzerej\u00e9t k\u00edn\u00e1lja.<br \/>\n<\/p><br \/>\n<br \/>\n<p><b>3.Mi\u00e9rt v\u00e1lassza a fa megjelen\u00e9s\u0171 alum\u00ednium burkolatot a hagyom\u00e1nyos fa burkolattal szemben?<\/b><\/p>\n<p>Az alum\u00ednium burkolat ellen\u00e1ll a rothad\u00e1snak, a rovaroknak, a nedvess\u00e9gnek \u00e9s az id\u0151j\u00e1r\u00e1s okozta k\u00e1roknak, \u00edgy hosszabb \u00e9lettartamot \u00e9s k\u00f6nnyebb karbantart\u00e1st biztos\u00edt a term\u00e9szetes f\u00e1hoz k\u00e9pest.<br \/>\n<\/p><br \/>\n<br \/>\n<p><b>4.Can fa megjelen\u00e9s alum\u00ednium burkolat testre szabhat\u00f3?<\/b><\/p>\n<p>Igen, m\u00e9retben, sz\u00ednben, faanyagszerkezetben, kivitelben \u00e9s panelvastags\u00e1gban testre szabhat\u00f3, hogy megfeleljen az adott \u00e9p\u00edt\u00e9szeti kialak\u00edt\u00e1snak.<br \/>\n<\/p><br \/>\n<br \/>\n<p><b>5.Hogyan jav\u00edtja a fa megjelen\u00e9s\u0171 fel\u00fclet az alum\u00ednium burkolatot?<\/b><\/p>\n<p>A kivitel val\u00f3s\u00e1gh\u0171 fa text\u00far\u00e1t \u00e9s sz\u00ednt biztos\u00edt, mik\u00f6zben meg\u0151rzi az alum\u00ednium szil\u00e1rds\u00e1g\u00e1t, id\u0151j\u00e1r\u00e1s\u00e1ll\u00f3s\u00e1g\u00e1t \u00e9s k\u00f6nny\u0171 tiszt\u00edthat\u00f3s\u00e1g\u00e1t.<br \/>\n<\/p><br \/>\n<br \/>\n<p><b>6.Alkalmas-e a fa megjelen\u00e9s\u0171 alum\u00ednium burkolat k\u00fclt\u00e9ri haszn\u00e1latra?<\/b><\/p>\n<p>Igen, \u00fagy tervezt\u00e9k, hogy ellen\u00e1lljon az UV-sug\u00e1rz\u00e1snak, a nedvess\u00e9gnek \u00e9s a zord id\u0151j\u00e1r\u00e1snak, \u00edgy ide\u00e1lis az \u00e9p\u00fcletek k\u00fcls\u0151 homlokzat\u00e1ra.<br \/>\n<\/p><br \/>\n<br \/>\n<p><b>7.Mely ipar\u00e1gakban haszn\u00e1lj\u00e1k \u00e1ltal\u00e1ban a fa megjelen\u00e9s\u0171 alum\u00ednium burkolatokat?<\/b><\/p>\n<p>Az \u00e9p\u00edt\u0151ipar, az \u00e9p\u00edt\u00e9szet, a bels\u0151\u00e9p\u00edt\u00e9szet \u00e9s a kereskedelmi \u00e9p\u00fcletek \u00e1gazatai a tart\u00f3ss\u00e1g \u00e9s a term\u00e9szetes eszt\u00e9tikum miatt haszn\u00e1lj\u00e1k ezeket a burkol\u00f3lapokat.<br \/>\n<\/p><br \/>\n<br \/>\n<p><b>8.Hogyan t\u00e1mogatja a fa megjelen\u00e9s\u0171 alum\u00ednium burkolat a fenntarthat\u00f3 \u00e9p\u00edt\u00e9si gyakorlatot?<\/b><\/p>\n<p>Az alum\u00ednium teljes m\u00e9rt\u00e9kben \u00fajrahasznos\u00edthat\u00f3, a fa megjelen\u00e9s\u0171 kivitelek pedig k\u00f6rnyezetbar\u00e1t alternat\u00edv\u00e1t k\u00edn\u00e1lnak a f\u00e1val szemben, cs\u00f6kkentve az erd\u0151irt\u00e1st \u00e9s a k\u00f6rnyezeti hat\u00e1sokat.<br \/>\n<\/p><br \/><\/p>","protected":false},"featured_media":6556,"template":"","categories":[65],"class_list":["post-6557","product","type-product","status-publish","has-post-thumbnail","hentry","category-wooden-grained-aluminum-profile"],"meta_box":{"hilight_text_group":{"product_hilight_text":"<li>Wood look finish provides natural warmth with low maintenance benefits<\/li>\r\r\n<li>Durable aluminum cladding resists weather, rot, and insect damage<\/li>\r\r\n<li>Lightweight and easy to install, reducing labor costs<\/li>\r\r\n<li>Corrosion-resistant for long-lasting outdoor performance<\/li>\r\r\n<li>Available in custom sizes, colors, and textures to match design needs<\/li>","product_chanpin_blog":"<ul>\r\r\n<li><a href=\"https:\/\/sinoextrud.com\/t-slot-v-slot-differences\/\" target=\"_blank\">t slot vs v slot<\/a><\/li>\r\r\n<li><a href=\"https:\/\/sinoextrud.com\/what-is-4040-aluminium-extrud\/\" target=\"_blank\">4040 aluminium extrusion<\/a><\/li>\r\r\n<li><a href=\"https:\/\/sinoextrud.com\/what-is-4040-aluminium-extrud\/\" target=\"_blank\">aluminum extrusions for industrial racks<\/a><\/li>\r\r\n<li><a href=\"https:\/\/sinoextrud.com\/powder-coating-aluminium-process\/\" target=\"_blank\">powder coating aluminium<\/a><\/li>\r\r\n<li><a href=\"https:\/\/sinoextrud.com\/what-is-an-aluminium-strip-ceiling\/\" target=\"_blank\">aluminium strip ceiling<\/a><\/li>\r\r\n<li><a href=\"https:\/\/sinoextrud.com\/what-is-a-heat-sink\/\" target=\"_blank\">what is a heat sink<\/a><\/li>\r\r\n<\/ul>","product_chanpin_chanpin":"<li><a href=\"https:\/\/sinoextrud.com\/product\/wood-grain-aluminum-square-hollow-profile\/\" target=\"_blank\">Wood Grain Aluminum Square Hollow Profile<\/a><\/li>\r\n<li><a href=\"https:\/\/sinoextrud.com\/product\/wood-look-aluminum-soffit\/\" target=\"_blank\">Wood Look Aluminum Soffit<\/a><\/li>\r\n<li><a href=\"https:\/\/sinoextrud.com\/product\/wood-look-aluminium-slats\/\" target=\"_blank\">Wood Look Aluminium Slats<\/a><\/li>\r\n<li><a href=\"https:\/\/sinoextrud.com\/product\/natural-wood-grain-aluminium-square-tube\/\" target=\"_blank\">Natural Wood Grain Aluminium Square Tube<\/a><\/li>\r\n<li><a href=\"https:\/\/sinoextrud.com\/product\/wood-look-aluminium-cladding\/\" target=\"_blank\">Wood Look Aluminium Cladding<\/a><\/li>\r\n<li><a href=\"https:\/\/sinoextrud.com\/product\/wood-look-aluminium-battens\/\" target=\"_blank\">Wood Look Aluminium Battens<\/a><\/li>\r\n<li><a href=\"https:\/\/sinoextrud.com\/product\/wood-finish-aluminum-tube\/\" target=\"_blank\">Wood Finish Aluminum Tube<\/a><\/li>\r\n<li><a href=\"https:\/\/sinoextrud.com\/product\/3d-wood-grain-aluminium-battens\/\" target=\"_blank\">3D Wood Grain Aluminium Battens<\/a><\/li>\r\n<li><a href=\"https:\/\/sinoextrud.com\/product\/commercial-handrail-systems\/\" target=\"_blank\">Commercial Handrail Systems<\/a><\/li>\r\n<li><a href=\"https:\/\/sinoextrud.com\/product\/extruded-aluminum-bar\/\" target=\"_blank\">Extruded Aluminum Bar<\/a><\/li>\r\n<li><a href=\"https:\/\/sinoextrud.com\/product\/extruded-aluminium-channel\/\" target=\"_blank\">Extruded Aluminium Channel<\/a><\/li>"},"feature_list":[]},"_links":{"self":[{"href":"https:\/\/sinoextrud.com\/hu\/wp-json\/wp\/v2\/product\/6557","targetHints":{"allow":["GET"]}}],"collection":[{"href":"https:\/\/sinoextrud.com\/hu\/wp-json\/wp\/v2\/product"}],"about":[{"href":"https:\/\/sinoextrud.com\/hu\/wp-json\/wp\/v2\/types\/product"}],"wp:featuredmedia":[{"embeddable":true,"href":"https:\/\/sinoextrud.com\/hu\/wp-json\/wp\/v2\/media\/6556"}],"wp:attachment":[{"href":"https:\/\/sinoextrud.com\/hu\/wp-json\/wp\/v2\/media?parent=6557"}],"wp:term":[{"taxonomy":"category","embeddable":true,"href":"https:\/\/sinoextrud.com\/hu\/wp-json\/wp\/v2\/categories?post=6557"}],"curies":[{"name":"wp","href":"https:\/\/api.w.org\/{rel}","templated":true}]}}