{"id":6553,"date":"2025-05-29T08:12:31","date_gmt":"2025-05-29T08:12:31","guid":{"rendered":"https:\/\/sinoextrud.com\/product\/wood-look-aluminium-slats\/"},"modified":"2025-06-24T06:11:09","modified_gmt":"2025-06-24T06:11:09","slug":"fa-megjelenesu-aluminium-lecek","status":"publish","type":"product","link":"https:\/\/sinoextrud.com\/hu\/product\/wood-look-aluminium-slats\/","title":{"rendered":"Fa megjelen\u00e9s\u0171 alum\u00ednium l\u00e9cek"},"content":{"rendered":"<h2>Term\u00e9kek r\u00e9szletei<\/h2>\n<table class=\"custom-table\">\n<tr>\n<td class=\"label\">Anyag<\/td>\n<td>kiv\u00e1l\u00f3 min\u0151s\u00e9g\u0171 alum\u00ednium \u00f6tv\u00f6zet<\/td>\n<\/tr>\n<tr>\n<td class=\"label\">Fel\u00fcletkezel\u00e9s \u00e9s garancia<\/td>\n<td>k\u00f6z\u00f6ns\u00e9ges fa szemcs\u00e9s fest\u00e9ksz\u00f3r\u00e1s (10 \u00e9v), AKSU speci\u00e1lis fa szemcs\u00e9s fest\u00e9ksz\u00f3r\u00e1s (15 \u00e9v)<\/td>\n<\/tr>\n<tr>\n<td class=\"label\">M\u00e9ret<\/td>\n<td>az \u00e1ltal\u00e1nos sz\u00e9less\u00e9g 2 h\u00fcvelyk (kb. 5 cm) vagy 2,5 h\u00fcvelyk (kb. 6,3 cm). A hossz\u00fas\u00e1got a t\u00e9nyleges ig\u00e9nyeknek megfelel\u0151en testre szabhatja. Egyedi megrendel\u00e9seket fogadunk el.<\/td>\n<\/tr>\n<tr>\n<td class=\"label\">Vastags\u00e1g<\/td>\n<td>\u00e1ltal\u00e1ban 0,008 h\u00fcvelyk (kb. 0,2 mm) \u00e9s 0,02 h\u00fcvelyk (kb. 0,5 mm) k\u00f6z\u00f6tt. Egyedi megrendel\u00e9seket fogadunk el.<\/td>\n<\/tr>\n<tr>\n<td class=\"label\">Sz\u00ednes<\/td>\n<td>term\u00e9szetes, tiszta, val\u00f3s\u00e1gh\u0171 fa ut\u00e1nzat, mint p\u00e9ld\u00e1ul fa kin\u00e9zet, mahag\u00f3ni kin\u00e9zet, cseresznyefa kin\u00e9zet, di\u00f3 kin\u00e9zet stb.<\/td>\n<\/tr>\n<tr>\n<td class=\"label\">Nyit\u00e1si \u00e9s z\u00e1r\u00e1si m\u00f3dszer<\/td>\n<td>k\u00e9zi m\u0171k\u00f6dtet\u00e9s vagy elektromos vez\u00e9rl\u00e9s<\/td>\n<\/tr>\n<tr>\n<td class=\"label\">Jellemz\u0151k<\/td>\n<td>Ellen\u00e1ll a k\u00e9miai korr\u00f3zi\u00f3nak. Ellen\u00e1ll a fizikai karcol\u00e1soknak. Rovar\u00e1ll\u00f3. V\u00edz\u00e1ll\u00f3. K\u00f6nnyen tiszt\u00edthat\u00f3. Nem fakul ki k\u00f6nnyen. Nincs sz\u00fcks\u00e9g rendszeres fest\u00e9sre.<\/td>\n<\/tr>\n<\/table>\n<h2>Gy\u00e1rt\u00f3 b\u00e1zisunk<\/h2>\n<h3>Gy\u00e1ri panor\u00e1ma<\/h3>\n<p><img decoding=\"async\" src=\"\/wp-content\/uploads\/factory-01.webp\"\/><\/p>\n<h3>Alum\u00ednium r\u00fadgy\u00e1rt\u00f3 m\u0171hely<\/h3>\n<p><img decoding=\"async\" src=\"\/wp-content\/uploads\/factory-02.webp\"\/><\/p>\n<p><img decoding=\"async\" src=\"\/wp-content\/uploads\/factory-03.webp\"\/><\/p>\n<h3>Pen\u00e9sz rakt\u00e1r<\/h3>\n<p><img decoding=\"async\" src=\"\/wp-content\/uploads\/factory-04.webp\"\/><\/p>\n<h3>43 alum\u00ednium extrud\u00e1l\u00f3 vonal (500-5500 tonna)<\/h3>\n<p><img decoding=\"async\" src=\"\/wp-content\/uploads\/factory-05.webp\"\/><\/p>\n<p><img decoding=\"async\" src=\"\/wp-content\/uploads\/factory-06.webp\"\/><\/p>\n<p><img decoding=\"async\" src=\"\/wp-content\/uploads\/factory-07.webp\"\/><\/p>\n<h3>Porfest\u0151 m\u0171hely<\/h3>\n<p><img decoding=\"async\" src=\"\/wp-content\/uploads\/factory-09.webp\"\/><\/p>\n<h3>Anodiz\u00e1l\u00f3 m\u0171hely<\/h3>\n<p><img decoding=\"async\" src=\"\/wp-content\/uploads\/factory-10.webp\"\/><\/p>\n<h3>M\u00e9ly feldolgoz\u00e1si m\u0171hely<\/h3>\n<p><img decoding=\"async\" src=\"\/wp-content\/uploads\/factory-11.webp\"\/><\/p>\n<h3>CNC prec\u00edzi\u00f3s megmunk\u00e1l\u00f3 m\u0171hely<\/h3>\n<p><img decoding=\"async\" src=\"\/wp-content\/uploads\/factory-11.5.webp\"\/><\/p>\n<h3>K\u00e9szterm\u00e9k \u00e9s export rakt\u00e1r<\/h3>\n<p><img decoding=\"async\" src=\"\/wp-content\/uploads\/factory-12.webp\"\/><\/p>\n<p><img decoding=\"async\" src=\"\/wp-content\/uploads\/factory-13.webp\"\/><\/p>\n<p><img decoding=\"async\" src=\"\/wp-content\/uploads\/factory-14.webp\"\/><\/p>\n<h2>GYIK<\/h2>\n<p><p><b>1.Mi az a fa kin\u00e9zet\u0171 alum\u00ednium l\u00e9c?<\/b><\/p>\n<p>A fa megjelen\u00e9s\u0171 alum\u00ednium l\u00e9cek olyan alum\u00ednium panelek, amelyek fel\u00fclete a term\u00e9szetes faanyagot ut\u00e1nz\u00f3 fel\u00fcletkezel\u00e9ssel k\u00e9sz\u00fclt, \u00e9s amelyeket dekorat\u00edv \u00e9s funkcion\u00e1lis burkolatokhoz vagy ker\u00edt\u00e9sekhez haszn\u00e1lnak.<br \/>\n<\/p><br \/>\n<br \/>\n<p><b>2.Mik a fa megjelen\u00e9s\u0171 alum\u00ednium l\u00e9cek legfontosabb el\u0151nyei?<\/b><\/p>\n<p>Kiv\u00e1l\u00f3 korr\u00f3zi\u00f3\u00e1ll\u00f3s\u00e1got, k\u00f6nny\u0171 szil\u00e1rds\u00e1got, alacsony karbantart\u00e1si ig\u00e9nyt \u00e9s val\u00f3s\u00e1gh\u0171 fa megjelen\u00e9st biztos\u00edtanak, amely belt\u00e9ri \u00e9s k\u00fclt\u00e9ri alkalmaz\u00e1sokhoz egyar\u00e1nt alkalmas.<br \/>\n<\/p><br \/>\n<br \/>\n<p><b>3.Mi\u00e9rt v\u00e1lassza a fa megjelen\u00e9s\u0171 alum\u00ednium l\u00e9ceket a term\u00e9szetes fa helyett?<\/b><\/p>\n<p>Az alum\u00ednium l\u00e9cek ellen\u00e1llnak a rothad\u00e1snak, a rovaroknak, a vetemed\u00e9snek \u00e9s az id\u0151j\u00e1r\u00e1si k\u00e1roknak, hosszabb \u00e9lettartamot \u00e9s k\u00f6nnyebb karbantart\u00e1st biztos\u00edtanak, mint a term\u00e9szetes fa.<br \/>\n<\/p><br \/>\n<br \/>\n<p><b>4.Can fa megjelen\u00e9s\u0171 alum\u00ednium l\u00e9cek testre szabhat\u00f3?<\/b><\/p>\n<p>Igen, m\u00e9retben, sz\u00ednben, faanyagstrukt\u00far\u00e1ban \u00e9s kivitelben testre szabhat\u00f3k, hogy megfeleljenek az egyedi tervez\u00e9si \u00e9s \u00e9p\u00edt\u00e9szeti k\u00f6vetelm\u00e9nyeknek.<br \/>\n<\/p><br \/>\n<br \/>\n<p><b>5.Hogyan fokozza a fa megjelen\u00e9se az alum\u00ednium l\u00e9ceket?<\/b><\/p>\n<p>A fel\u00fcletkezel\u00e9s hiteles fa eszt\u00e9tik\u00e1t biztos\u00edt, mik\u00f6zben meg\u0151rzi az alum\u00ednium tart\u00f3ss\u00e1g\u00e1t, id\u0151j\u00e1r\u00e1s\u00e1ll\u00f3s\u00e1g\u00e1t \u00e9s k\u00f6nny\u0171 tiszt\u00edthat\u00f3s\u00e1g\u00e1t.<br \/>\n<\/p><br \/>\n<br \/>\n<p><b>6.Alkalmasak-e a fa megjelen\u00e9s\u0171 alum\u00ednium l\u00e9cek k\u00fclt\u00e9ri haszn\u00e1latra?<\/b><\/p>\n<p>Igen, \u00fagy tervezt\u00e9k \u0151ket, hogy ellen\u00e1lljanak az UV-sugaraknak, a nedvess\u00e9gnek \u00e9s a h\u0151m\u00e9rs\u00e9klet-v\u00e1ltoz\u00e1soknak, \u00edgy ide\u00e1lisak k\u00fcls\u0151 burkolatokhoz, ker\u00edt\u00e9sekhez \u00e9s \u00e1rny\u00e9kol\u00e1shoz.<br \/>\n<\/p><br \/>\n<br \/>\n<p><b>7.Mely ipar\u00e1gakban haszn\u00e1lnak \u00e1ltal\u00e1ban fa kin\u00e9zet\u0171 alum\u00ednium l\u00e9ceket?<\/b><\/p>\n<p>Az \u00e9p\u00edt\u0151ipari, kert\u00e9p\u00edt\u00e9si, bels\u0151\u00e9p\u00edt\u00e9szeti \u00e9s \u00e9p\u00edt\u00e9szeti c\u00e9gek a vizu\u00e1lis vonzer\u0151 \u00e9s a tart\u00f3ss\u00e1g kombin\u00e1ci\u00f3ja miatt haszn\u00e1lj\u00e1k ezeket a l\u00e9ceket.<br \/>\n<\/p><br \/>\n<br \/>\n<p><b>8.Hogyan t\u00e1mogatj\u00e1k a fa megjelen\u00e9s\u0171 alum\u00ednium l\u00e9cek a fenntarthat\u00f3 tervez\u00e9st?<\/b><\/p>\n<p>Az alum\u00ednium teljes m\u00e9rt\u00e9kben \u00fajrahasznos\u00edthat\u00f3, a fa megjelen\u00e9s\u0171 kivitelek pedig k\u00f6rnyezetbar\u00e1t alternat\u00edv\u00e1t k\u00edn\u00e1lnak a f\u00e1val szemben, cs\u00f6kkentve a k\u00f6rnyezeti hat\u00e1sokat \u00e9s az erd\u0151irt\u00e1st.<br \/>\n<\/p><br \/><\/p>","protected":false},"featured_media":6552,"template":"","categories":[65],"class_list":["post-6553","product","type-product","status-publish","has-post-thumbnail","hentry","category-wooden-grained-aluminum-profile"],"meta_box":{"hilight_text_group":{"product_hilight_text":"<li>Wood look finish provides natural beauty with the durability of aluminum<\/li>\r\r\n<li>Resistant to rot, insects, and weathering for long-lasting performance<\/li>\r\r\n<li>Lightweight and easy to install for versatile architectural applications<\/li>\r\r\n<li>Low maintenance compared to traditional wood slats<\/li>\r\r\n<li>Available in custom sizes, colors, and finishes to fit design needs<\/li>","product_chanpin_blog":"<ul>\r\r\n<li><a href=\"https:\/\/sinoextrud.com\/t-slot-v-slot-differences\/\" target=\"_blank\">t slot vs v slot<\/a><\/li>\r\r\n<li><a href=\"https:\/\/sinoextrud.com\/what-is-4040-aluminium-extrud\/\" target=\"_blank\">4040 aluminium extrusion<\/a><\/li>\r\r\n<li><a href=\"https:\/\/sinoextrud.com\/what-is-4040-aluminium-extrud\/\" target=\"_blank\">aluminum extrusions for industrial racks<\/a><\/li>\r\r\n<li><a href=\"https:\/\/sinoextrud.com\/powder-coating-aluminium-process\/\" target=\"_blank\">powder coating aluminium<\/a><\/li>\r\r\n<li><a href=\"https:\/\/sinoextrud.com\/what-is-an-aluminium-strip-ceiling\/\" target=\"_blank\">aluminium strip ceiling<\/a><\/li>\r\r\n<li><a href=\"https:\/\/sinoextrud.com\/what-is-a-heat-sink\/\" target=\"_blank\">what is a heat sink<\/a><\/li>\r\r\n<\/ul>","product_chanpin_chanpin":"<li><a href=\"https:\/\/sinoextrud.com\/product\/pvdf-coating-aluminum-profile\/\" target=\"_blank\">PVDF Coating Aluminum Profile<\/a><\/li>\r\n<li><a href=\"https:\/\/sinoextrud.com\/product\/custom-wood-grain-aluminium-profiles\/\" target=\"_blank\">Custom Wood Grain Aluminium Profiles<\/a><\/li>\r\n<li><a href=\"https:\/\/sinoextrud.com\/product\/wood-grain-aluminum-square-hollow-profile\/\" target=\"_blank\">Wood Grain Aluminum Square Hollow Profile<\/a><\/li>\r\n<li><a href=\"https:\/\/sinoextrud.com\/product\/wood-look-aluminum-soffit\/\" target=\"_blank\">Wood Look Aluminum Soffit<\/a><\/li>\r\n<li><a href=\"https:\/\/sinoextrud.com\/product\/wood-look-aluminium-slats\/\" target=\"_blank\">Wood Look Aluminium Slats<\/a><\/li>\r\n<li><a href=\"https:\/\/sinoextrud.com\/product\/natural-wood-grain-aluminium-square-tube\/\" target=\"_blank\">Natural Wood Grain Aluminium Square Tube<\/a><\/li>\r\n<li><a href=\"https:\/\/sinoextrud.com\/product\/wood-look-aluminium-cladding\/\" target=\"_blank\">Wood Look Aluminium Cladding<\/a><\/li>\r\n<li><a href=\"https:\/\/sinoextrud.com\/product\/wood-look-aluminium-battens\/\" target=\"_blank\">Wood Look Aluminium Battens<\/a><\/li>\r\n<li><a href=\"https:\/\/sinoextrud.com\/product\/wood-finish-aluminum-tube\/\" target=\"_blank\">Wood Finish Aluminum Tube<\/a><\/li>\r\n<li><a href=\"https:\/\/sinoextrud.com\/product\/cabinet-aluminum-profile\/\" target=\"_blank\">Cabinet Aluminum Profile<\/a><\/li>\r\n<li><a href=\"https:\/\/sinoextrud.com\/product\/300mm-aluminium-louvre-extrusion\/\" target=\"_blank\">300mm Aluminium Louvre Extrusion<\/a><\/li>"},"feature_list":[]},"_links":{"self":[{"href":"https:\/\/sinoextrud.com\/hu\/wp-json\/wp\/v2\/product\/6553","targetHints":{"allow":["GET"]}}],"collection":[{"href":"https:\/\/sinoextrud.com\/hu\/wp-json\/wp\/v2\/product"}],"about":[{"href":"https:\/\/sinoextrud.com\/hu\/wp-json\/wp\/v2\/types\/product"}],"wp:featuredmedia":[{"embeddable":true,"href":"https:\/\/sinoextrud.com\/hu\/wp-json\/wp\/v2\/media\/6552"}],"wp:attachment":[{"href":"https:\/\/sinoextrud.com\/hu\/wp-json\/wp\/v2\/media?parent=6553"}],"wp:term":[{"taxonomy":"category","embeddable":true,"href":"https:\/\/sinoextrud.com\/hu\/wp-json\/wp\/v2\/categories?post=6553"}],"curies":[{"name":"wp","href":"https:\/\/api.w.org\/{rel}","templated":true}]}}