{"id":6549,"date":"2025-05-29T07:55:41","date_gmt":"2025-05-29T07:55:41","guid":{"rendered":"https:\/\/sinoextrud.com\/product\/wood-grain-aluminum-square-hollow-profile\/"},"modified":"2025-06-24T06:11:08","modified_gmt":"2025-06-24T06:11:08","slug":"fa-szemcses-aluminium-negyzet-alaku-ureges-profil","status":"publish","type":"product","link":"https:\/\/sinoextrud.com\/hu\/product\/wood-grain-aluminum-square-hollow-profile\/","title":{"rendered":"Wood Grain alum\u00ednium n\u00e9gyzet alak\u00fa \u00fcreges profil"},"content":{"rendered":"<h2>Term\u00e9kek r\u00e9szletei<\/h2>\n<table class=\"custom-table\">\n<tr>\n<td class=\"label\">T\u00e9tel neve<\/td>\n<td>Wood Grain alum\u00ednium n\u00e9gyzet alak\u00fa \u00fcreges profil<\/td>\n<\/tr>\n<tr>\n<td class=\"label\">Anyagmin\u0151s\u00e9g<\/td>\n<td>6000-es sorozat\u00fa \u00f6tv\u00f6zet<\/td>\n<\/tr>\n<tr>\n<td class=\"label\">Temper<\/td>\n<td>T5-T6<\/td>\n<\/tr>\n<tr>\n<td class=\"label\">Technol\u00f3gia<\/td>\n<td>Alum\u00ednium extrud\u00e1l\u00e1s, fa szemcs\u00e9s \u00e1tvitel<\/td>\n<\/tr>\n<tr>\n<td class=\"label\">Garancia<\/td>\n<td>K\u00fclt\u00e9ri id\u0151j\u00e1r\u00e1s\u00e1ll\u00f3 faanyag, Aksu \u00e9s Menphis faanyag, import\u00e1lt id\u0151j\u00e1r\u00e1s\u00e1ll\u00f3 faanyag, 10 \u00e9v garancia, 15 \u00e9v garancia K\u00fclt\u00e9ri faanyag magas id\u0151j\u00e1r\u00e1s\u00e1ll\u00f3s\u00e1ggal.<\/td>\n<\/tr>\n<tr>\n<td class=\"label\">Fel\u00fcletkezel\u00e9s<\/td>\n<td>Elox\u00e1l\u00e1s, porsz\u00f3r\u00e1s, homokf\u00fav\u00e1s, elektrofor\u00e9zis, fluorocarbon stb.<\/td>\n<\/tr>\n<tr>\n<td class=\"label\">Sz\u00ednes<\/td>\n<td>Testreszabott<\/td>\n<\/tr>\n<tr>\n<td class=\"label\">Anodiz\u00e1l\u00e1s vastags\u00e1ga<\/td>\n<td>8-25 um<\/td>\n<\/tr>\n<tr>\n<td class=\"label\">Teljes\u00edtm\u00e9ny Bevonat vastags\u00e1ga<\/td>\n<td>40-120 um<\/td>\n<\/tr>\n<tr>\n<td class=\"label\">Shape<\/td>\n<td>Rajzok alapj\u00e1n<\/td>\n<\/tr>\n<tr>\n<td class=\"label\">Hossz\u00fas\u00e1g<\/td>\n<td>Az export standard hossza 5,8 m, az elox\u00e1l\u00e1s 6,5 m\u00e9ter, legfeljebb 13 m\u00e9ter, legfeljebb 13 m\u00e9ter.<\/td>\n<\/tr>\n<tr>\n<td class=\"label\">M\u00e9lyrehat\u00f3 feldolgoz\u00e1s<\/td>\n<td>v\u00e1g\u00e1s, f\u00far\u00e1s, lyukaszt\u00e1s, hajl\u00edt\u00e1s stb.<\/td>\n<\/tr>\n<tr>\n<td class=\"label\">2D&amp;3D tervez\u00e9s<\/td>\n<td>Auto CAD, 3D, AI, SLD, PRT. IGS, PDF, JPEG stb.<\/td>\n<\/tr>\n<tr>\n<td class=\"label\">M\u00e9rn\u00f6ki munka \u00e9s szersz\u00e1moz\u00e1s<\/td>\n<td>1: 8 m\u00e9rn\u00f6k az \u00f6nt\u0151m\u0171helyben.<br \/>2: Haszn\u00e1ljon nagy \u0171rtartalm\u00fa extruder, huzalos EDM, CNC, f\u00far\u00f3g\u00e9pek stb.<\/td>\n<\/tr>\n<tr>\n<td class=\"label\">Min\u0151s\u00e9gellen\u0151rz\u00e9s<\/td>\n<td>1.SO J\u00f3v\u00e1hagyva.<br \/>2.CE j\u00f3v\u00e1hagyott<br \/>3.Helysz\u00edni ellen\u0151rz\u00e9s.<br \/>4.Sz\u00e1ll\u00edt\u00e1s el\u0151tti ellen\u0151rz\u00e9s.<br \/>5.<\/td>\n<\/tr>\n<tr>\n<td class=\"label\">Csomagol\u00e1si r\u00e9szletek<\/td>\n<td>(1) Bel\u00fcl: m\u0171anyag v\u00e9d\u0151f\u00f3li\u00e1val csomagolva az egyes darabok v\u00e9delme \u00e9rdek\u00e9ben<br \/>(2) K\u00edv\u00fcl: V\u00edz\u00e1ll\u00f3 k\u00e9zm\u0171ves pap\u00edrral csomagolva.<\/td>\n<\/tr>\n<tr>\n<td class=\"label\">Sz\u00e1ll\u00edt\u00e1s<\/td>\n<td>(1) Szersz\u00e1mfejleszt\u00e9s \u00e9s mintatesztel\u00e9s: 12-18 nap.<br \/>(2) A t\u00f6megtermel\u00e9s befejez\u0151d\u00f6tt: 20-30 nap, miut\u00e1n a mint\u00e1t a vev\u0151 meger\u0151s\u00edtette.<\/td>\n<\/tr>\n<tr>\n<td class=\"label\">Fizet\u00e9si hat\u00e1rid\u0151<\/td>\n<td>T \/ T 30% let\u00e9tbe helyez\u00e9s, egyenleg a sz\u00e1ll\u00edt\u00e1s el\u0151tt.\n<\/td>\n<\/tr>\n<\/table>\n<h2>Gy\u00e1rt\u00f3 b\u00e1zisunk<\/h2>\n<h3>Gy\u00e1ri panor\u00e1ma<\/h3>\n<p><img decoding=\"async\" src=\"\/wp-content\/uploads\/factory-01.webp\"\/><\/p>\n<h3>Alum\u00ednium r\u00fadgy\u00e1rt\u00f3 m\u0171hely<\/h3>\n<p><img decoding=\"async\" src=\"\/wp-content\/uploads\/factory-02.webp\"\/><\/p>\n<\/p>\n<p><img decoding=\"async\" src=\"\/wp-content\/uploads\/factory-03.webp\"\/><\/p>\n<h3>Pen\u00e9sz rakt\u00e1r<\/h3>\n<p><img decoding=\"async\" src=\"\/wp-content\/uploads\/factory-04.webp\"\/><\/p>\n<h3>43 alum\u00ednium extrud\u00e1l\u00f3 vonal (500-5500 tonna)<\/h3>\n<p><img decoding=\"async\" src=\"\/wp-content\/uploads\/factory-05.webp\"\/><\/p>\n<p><img decoding=\"async\" src=\"\/wp-content\/uploads\/factory-06.webp\"\/><\/p>\n<p><img decoding=\"async\" src=\"\/wp-content\/uploads\/factory-07.webp\"\/><\/p>\n<h3>Porfest\u0151 m\u0171hely<\/h3>\n<p><img decoding=\"async\" src=\"\/wp-content\/uploads\/factory-09.webp\"\/><\/p>\n<h3>Anodiz\u00e1l\u00f3 m\u0171hely<\/h3>\n<p><img decoding=\"async\" src=\"\/wp-content\/uploads\/factory-10.webp\"\/><\/p>\n<h3>M\u00e9ly feldolgoz\u00e1si m\u0171hely<\/h3>\n<p><img decoding=\"async\" src=\"\/wp-content\/uploads\/factory-11.webp\"\/><\/p>\n<h3>CNC prec\u00edzi\u00f3s megmunk\u00e1l\u00f3 m\u0171hely<\/h3>\n<p><img decoding=\"async\" src=\"\/wp-content\/uploads\/factory-11.5.webp\"\/><\/p>\n<h3>K\u00e9szterm\u00e9k \u00e9s export rakt\u00e1r<\/h3>\n<p><img decoding=\"async\" src=\"\/wp-content\/uploads\/factory-12.webp\"\/><\/p>\n<p><img decoding=\"async\" src=\"\/wp-content\/uploads\/factory-13.webp\"\/><\/p>\n<p><img decoding=\"async\" src=\"\/wp-content\/uploads\/factory-14.webp\"\/><\/p>\n<h2>GYIK<\/h2>\n<p><b>1.Mi az a fa szemcs\u00e9s alum\u00ednium n\u00e9gyzet alak\u00fa \u00fcreges profil?<\/b><\/p>\n<p>Ez egy alum\u00ednium n\u00e9gyzet alak\u00fa \u00fcreges profil, amelynek fel\u00fclete a term\u00e9szetes fa szemcs\u00e9zetts\u00e9g\u00e9t ut\u00e1nozza, \u00edgy az alum\u00ednium szil\u00e1rds\u00e1g\u00e1t a fa eszt\u00e9tikum\u00e1val \u00f6tv\u00f6zi.\n<\/p>\n<p><\/p>\n<p><b>2.Mik a f\u0151 el\u0151nyei a fa szemcs\u00e9s alum\u00ednium n\u00e9gyzet alak\u00fa \u00fcreges profiloknak?<\/b><\/p>\n<p>Kiv\u00e1l\u00f3 korr\u00f3zi\u00f3\u00e1ll\u00f3s\u00e1got, k\u00f6nny\u0171 szil\u00e1rds\u00e1got, alacsony karbantart\u00e1si ig\u00e9nyt \u00e9s val\u00f3s\u00e1gh\u0171 fa megjelen\u00e9st k\u00edn\u00e1lnak, amely alkalmas k\u00fcl\u00f6nb\u00f6z\u0151 \u00e9p\u00edt\u00e9szeti alkalmaz\u00e1sokhoz.\n<\/p>\n<p><\/p>\n<p><b>3.Mi\u00e9rt v\u00e1lassza a fa szemcs\u00e9s alum\u00ednium profilokat a val\u00f3di f\u00e1val szemben?<\/b><\/p>\n<p>Az alum\u00edniumprofilok tart\u00f3sabbak, id\u0151j\u00e1r\u00e1s\u00e1ll\u00f3bbak \u00e9s kevesebb karbantart\u00e1st ig\u00e9nyelnek, mik\u00f6zben a fa term\u00e9szetes megjelen\u00e9s\u00e9t ny\u00fajtj\u00e1k.\n<\/p>\n<p><\/p>\n<p><b>4.Can fa szemcs\u00e9s alum\u00ednium n\u00e9gyzet alak\u00fa \u00fcreges profilok testre szabhat\u00f3?<\/b><\/p>\n<p>Igen, m\u00e9retben, falvastags\u00e1gban, faanyagmint\u00e1zatban, sz\u00ednben \u00e9s hosszban testre szabhat\u00f3k, hogy megfeleljenek az egyedi tervez\u00e9si \u00e9s szerkezeti ig\u00e9nyeknek.\n<\/p>\n<p><\/p>\n<p><b>5.Hogyan jav\u00edtja a fa szemcs\u00e9s fel\u00fclet az alum\u00ednium n\u00e9gyzet alak\u00fa \u00fcreges profilokat?<\/b><\/p>\n<p>A kivitel vonz\u00f3, term\u00e9szetes fa text\u00far\u00e1t biztos\u00edt, mik\u00f6zben meg\u0151rzi az alum\u00ednium rozsdamentes, er\u0151s \u00e9s k\u00f6nny\u0171 tulajdons\u00e1gait.\n<\/p>\n<p><\/p>\n<p><b>6.Alkalmasak-e a fa szemcs\u00e9s alum\u00ednium n\u00e9gyzet alak\u00fa \u00fcreges profilok k\u00fclt\u00e9ri haszn\u00e1latra?<\/b><\/p>\n<p>Igen, ellen\u00e1llnak az UV-sugaraknak, a nedvess\u00e9gnek \u00e9s a zord id\u0151j\u00e1r\u00e1snak, \u00edgy ide\u00e1lisak k\u00fcls\u0151 burkolatokhoz, ker\u00edt\u00e9sekhez \u00e9s dekorat\u00edv szerkezetekhez.\n<\/p>\n<p><\/p>\n<p><b>7.Mely ipar\u00e1gak gyakran haszn\u00e1lj\u00e1k a faszemcs\u00e9s alum\u00ednium n\u00e9gyzet alak\u00fa \u00fcreges profilokat?<\/b><\/p>\n<p>Az \u00e9p\u00edt\u0151ipar, a bels\u0151\u00e9p\u00edt\u00e9szet, a b\u00fatorgy\u00e1rt\u00e1s \u00e9s a t\u00e1j\u00e9p\u00edt\u00e9szet eszt\u00e9tikai \u00e9s funkcion\u00e1lis el\u0151nyei miatt haszn\u00e1lja ezeket a profilokat.\n<\/p>\n<p><\/p>\n<p><b>8.Hogyan t\u00e1mogatj\u00e1k a fa szemcs\u00e9s alum\u00ednium n\u00e9gyzet alak\u00fa \u00fcreges profilok a fenntarthat\u00f3 tervez\u00e9st?<\/b><\/p>\n<p>Az alum\u00ednium teljes m\u00e9rt\u00e9kben \u00fajrahasznos\u00edthat\u00f3, a fa szemcs\u00e9s kivitelek pedig k\u00f6rnyezetbar\u00e1t alternat\u00edv\u00e1t k\u00edn\u00e1lnak a term\u00e9szetes fa helyett, cs\u00f6kkentve ezzel a k\u00f6rnyezeti hat\u00e1sokat.\n<\/p>\n<p><\/p>","protected":false},"featured_media":6548,"template":"","categories":[65],"class_list":["post-6549","product","type-product","status-publish","has-post-thumbnail","hentry","category-wooden-grained-aluminum-profile"],"meta_box":{"hilight_text_group":{"product_hilight_text":"<li>Wood grain finish offers natural wood look with aluminum\u00e2\u20ac\u2122s durability<\/li>\r\r\n<li>Square hollow profile provides strong structural support and lightweight design<\/li>\r\r\n<li>Corrosion-resistant surface suitable for indoor and outdoor use<\/li>\r\r\n<li>Precision extrusion ensures consistent dimensions and quality<\/li>\r\r\n<li>Custom sizes and bulk orders available for diverse project needs<\/li>","product_chanpin_blog":"<ul>\r\r\n<li><a href=\"https:\/\/sinoextrud.com\/t-slot-v-slot-differences\/\" target=\"_blank\">t slot vs v slot<\/a><\/li>\r\r\n<li><a href=\"https:\/\/sinoextrud.com\/what-is-4040-aluminium-extrud\/\" target=\"_blank\">4040 aluminium extrusion<\/a><\/li>\r\r\n<li><a href=\"https:\/\/sinoextrud.com\/what-is-4040-aluminium-extrud\/\" target=\"_blank\">aluminum extrusions for industrial racks<\/a><\/li>\r\r\n<li><a href=\"https:\/\/sinoextrud.com\/powder-coating-aluminium-process\/\" target=\"_blank\">powder coating aluminium<\/a><\/li>\r\r\n<li><a href=\"https:\/\/sinoextrud.com\/what-is-an-aluminium-strip-ceiling\/\" target=\"_blank\">aluminium strip ceiling<\/a><\/li>\r\r\n<li><a href=\"https:\/\/sinoextrud.com\/what-is-a-heat-sink\/\" target=\"_blank\">what is a heat sink<\/a><\/li>\r\r\n<\/ul>","product_chanpin_chanpin":"<li><a href=\"https:\/\/sinoextrud.com\/product\/aluminum-rectangular-tubing-for-wooden-horizontal-aluminum-fence-panels-system\/\" target=\"_blank\">aluminum rectangular tubing for wooden horizontal aluminum fence panels system<\/a><\/li>\r\n<li><a href=\"https:\/\/sinoextrud.com\/product\/fluorocarbon-coating-aluminium-extrusions-anti-fluorite-pvdf-aluminium-profile\/\" target=\"_blank\">Fluorocarbon coating aluminium extrusions Anti fluorite PVDF aluminium profile<\/a><\/li>\r\n<li><a href=\"https:\/\/sinoextrud.com\/product\/pvdf-coating-aluminum-profile\/\" target=\"_blank\">PVDF Coating Aluminum Profile<\/a><\/li>\r\n<li><a href=\"https:\/\/sinoextrud.com\/product\/custom-wood-grain-aluminium-profiles\/\" target=\"_blank\">Custom Wood Grain Aluminium Profiles<\/a><\/li>\r\n<li><a href=\"https:\/\/sinoextrud.com\/product\/wood-grain-aluminum-square-hollow-profile\/\" target=\"_blank\">Wood Grain Aluminum Square Hollow Profile<\/a><\/li>\r\n<li><a href=\"https:\/\/sinoextrud.com\/product\/wood-look-aluminum-soffit\/\" target=\"_blank\">Wood Look Aluminum Soffit<\/a><\/li>\r\n<li><a href=\"https:\/\/sinoextrud.com\/product\/wood-look-aluminium-slats\/\" target=\"_blank\">Wood Look Aluminium Slats<\/a><\/li>\r\n<li><a href=\"https:\/\/sinoextrud.com\/product\/natural-wood-grain-aluminium-square-tube\/\" target=\"_blank\">Natural Wood Grain Aluminium Square Tube<\/a><\/li>\r\n<li><a href=\"https:\/\/sinoextrud.com\/product\/wood-look-aluminium-cladding\/\" target=\"_blank\">Wood Look Aluminium Cladding<\/a><\/li>\r\n<li><a href=\"https:\/\/sinoextrud.com\/product\/aluminum-section-window\/\" target=\"_blank\">Aluminum Section Window<\/a><\/li>\r\n<li><a href=\"https:\/\/sinoextrud.com\/product\/aluminum-extrusion-1060-aluminum-profile\/\" target=\"_blank\">Aluminum Extrusion 1060 Aluminum Profile<\/a><\/li>"},"feature_list":[]},"_links":{"self":[{"href":"https:\/\/sinoextrud.com\/hu\/wp-json\/wp\/v2\/product\/6549","targetHints":{"allow":["GET"]}}],"collection":[{"href":"https:\/\/sinoextrud.com\/hu\/wp-json\/wp\/v2\/product"}],"about":[{"href":"https:\/\/sinoextrud.com\/hu\/wp-json\/wp\/v2\/types\/product"}],"wp:featuredmedia":[{"embeddable":true,"href":"https:\/\/sinoextrud.com\/hu\/wp-json\/wp\/v2\/media\/6548"}],"wp:attachment":[{"href":"https:\/\/sinoextrud.com\/hu\/wp-json\/wp\/v2\/media?parent=6549"}],"wp:term":[{"taxonomy":"category","embeddable":true,"href":"https:\/\/sinoextrud.com\/hu\/wp-json\/wp\/v2\/categories?post=6549"}],"curies":[{"name":"wp","href":"https:\/\/api.w.org\/{rel}","templated":true}]}}