{"id":6545,"date":"2025-05-29T07:33:51","date_gmt":"2025-05-29T07:33:51","guid":{"rendered":"https:\/\/sinoextrud.com\/product\/pvdf-coating-aluminum-profile\/"},"modified":"2025-06-24T06:11:07","modified_gmt":"2025-06-24T06:11:07","slug":"pvdf-bevonat-aluminium-profil","status":"publish","type":"product","link":"https:\/\/sinoextrud.com\/hu\/product\/pvdf-coating-aluminum-profile\/","title":{"rendered":"PVDF bevonat alum\u00ednium profil"},"content":{"rendered":"<h2>Term\u00e9kek r\u00e9szletei<\/h2>\n<table class=\"custom-table\">\n<tr>\n<td class=\"label\">T\u00e9tel<\/td>\n<td>PVDF bevonat alum\u00ednium profil<\/td>\n<\/tr>\n<tr>\n<td class=\"label\">Anyag<\/td>\n<td>6063 T5\/T6, 6061 T5\/T6, 6463 T6, stb.<\/td>\n<\/tr>\n<tr>\n<td class=\"label\">Fel\u00fclet Custom<\/td>\n<td>Anodiz\u00e1l\u00e1s, elektrofor\u00e9zis, porbevonat, PVDF bevonat,<br \/>fa szemcs\u00e9s fest\u00e9s, csiszolt<\/td>\n<\/tr>\n<tr>\n<td class=\"label\">Sz\u00ednes<\/td>\n<td>Ez\u00fcst feh\u00e9r, bronz, arany, fekete, fekete, pezsg\u0151, testreszabhat\u00f3<\/td>\n<\/tr>\n<tr>\n<td class=\"label\">Falvastags\u00e1g<\/td>\n<td>&gt;0,8 mm, 1,0, 1,2, 2,0, 4,0 stb.<\/td>\n<\/tr>\n<tr>\n<td class=\"label\">Shape<\/td>\n<td>Cusomized<\/td>\n<\/tr>\n<tr>\n<td class=\"label\">Hossz\u00fas\u00e1g<\/td>\n<td>Norm\u00e1l 1-9 m\u00e9ter, vagy testreszabott<\/td>\n<\/tr>\n<tr>\n<td class=\"label\">MOQ<\/td>\n<td>1 tonna t\u00e9telenk\u00e9nt<\/td>\n<\/tr>\n<tr>\n<td class=\"label\">OEM szolg\u00e1ltat\u00e1s Termel\u00e9s<\/td>\n<td>\u00dcgyfelek rajzai \/ mint\u00e1i vagy a k\u00edn\u00e1lt tervez\u00e9si szolg\u00e1ltat\u00e1s<\/td>\n<\/tr>\n<tr>\n<td class=\"label\">Garancia<\/td>\n<td>A fel\u00fclet sz\u00edne 10-20 \u00e9vig stabil lehet belt\u00e9ri haszn\u00e1latban<\/td>\n<\/tr>\n<tr>\n<td class=\"label\">Gy\u00e1rt\u00e1s<\/td>\n<td>Mar\u00e1s, f\u00far\u00e1s, v\u00e1g\u00e1s, CNC, ablakok \u00e9s ajt\u00f3k keretei<\/td>\n<\/tr>\n<tr>\n<td class=\"label\">El\u0151ny\u00f6k Jellemz\u0151k<\/td>\n<td>1.Air proof, v\u00edz\u00e1ll\u00f3, h\u0151szigetel\u00e9s, h\u0151szigetel\u00e9s, \u00f6reged\u00e9sg\u00e1tl\u00f3, ellen\u00e1ll a hat\u00e1soknak<br \/>2.K\u00f6rnyezetbar\u00e1t<br \/>3.Corrosion ellen\u00e1ll\u00f3, csillog\u00f3<br \/>4.Modern megjelen\u00e9s<\/td>\n<\/tr>\n<tr>\n<td class=\"label\">Vizsg\u00e1lati szabv\u00e1ny<\/td>\n<td>GB,JIS,AAMA,BS,EN,AS\/NZS,AA<\/td>\n<\/tr>\n<\/table>\n<h2>Gy\u00e1rt\u00f3 b\u00e1zisunk<\/h2>\n<h3>Gy\u00e1ri panor\u00e1ma<\/h3>\n<p><img decoding=\"async\" src=\"\/wp-content\/uploads\/factory-01.webp\"\/><\/p>\n<h3>Alum\u00ednium r\u00fadgy\u00e1rt\u00f3 m\u0171hely<\/h3>\n<p><img decoding=\"async\" src=\"\/wp-content\/uploads\/factory-02.webp\"\/><\/p>\n<p><img decoding=\"async\" src=\"\/wp-content\/uploads\/factory-03.webp\"\/><\/p>\n<h3>Pen\u00e9sz rakt\u00e1r<\/h3>\n<p><img decoding=\"async\" src=\"\/wp-content\/uploads\/factory-04.webp\"\/><\/p>\n<h3>43 alum\u00ednium extrud\u00e1l\u00f3 vonal (500-5500 tonna)<\/h3>\n<p><img decoding=\"async\" src=\"\/wp-content\/uploads\/factory-05.webp\"\/><\/p>\n<p><img decoding=\"async\" src=\"\/wp-content\/uploads\/factory-06.webp\"\/><\/p>\n<p><img decoding=\"async\" src=\"\/wp-content\/uploads\/factory-07.webp\"\/><\/p>\n<h3>Porfest\u0151 m\u0171hely<\/h3>\n<p><img decoding=\"async\" src=\"\/wp-content\/uploads\/factory-09.webp\"\/><\/p>\n<h3>Anodiz\u00e1l\u00f3 m\u0171hely<\/h3>\n<p><img decoding=\"async\" src=\"\/wp-content\/uploads\/factory-10.webp\"\/><\/p>\n<h3>M\u00e9ly feldolgoz\u00e1si m\u0171hely<\/h3>\n<p><img decoding=\"async\" src=\"\/wp-content\/uploads\/factory-11.webp\"\/><\/p>\n<h3>CNC prec\u00edzi\u00f3s megmunk\u00e1l\u00f3 m\u0171hely<\/h3>\n<p><img decoding=\"async\" src=\"\/wp-content\/uploads\/factory-11.5.webp\"\/><\/p>\n<h3>K\u00e9szterm\u00e9k \u00e9s export rakt\u00e1r<\/h3>\n<p><img decoding=\"async\" src=\"\/wp-content\/uploads\/factory-12.webp\"\/><\/p>\n<p><img decoding=\"async\" src=\"\/wp-content\/uploads\/factory-13.webp\"\/><\/p>\n<p><img decoding=\"async\" src=\"\/wp-content\/uploads\/factory-14.webp\"\/><\/p>\n<h2>GYIK<\/h2>\n<p><p><b>1.Mi a PVDF bevonat alum\u00ednium profil?<\/b><\/p>\n<p>A PVDF-bevonat\u00fa alum\u00edniumprofil egy polivinilid\u00e9n-fluorid (PVDF) bevonattal kezelt alum\u00ednium sajtolt term\u00e9k, amely kiv\u00e1l\u00f3 id\u0151j\u00e1r\u00e1s\u00e1ll\u00f3s\u00e1got \u00e9s tart\u00f3ss\u00e1got biztos\u00edt \u00e9p\u00edt\u00e9szeti alkalmaz\u00e1sokhoz.<br \/>\n<\/p><br \/>\n<br \/>\n<p><b>2.Mik a legfontosabb el\u0151nyei a PVDF bevonatnak az alum\u00ednium profilokon?<\/b><\/p>\n<p>A PVDF bevonatok kiv\u00e1l\u00f3 UV-\u00e1ll\u00f3s\u00e1got, korr\u00f3zi\u00f3v\u00e9delmet, sz\u00edntart\u00f3ss\u00e1got, vegyszer\u00e1ll\u00f3s\u00e1got \u00e9s sima, tart\u00f3s fel\u00fcletet biztos\u00edtanak.<br \/>\n<\/p><br \/>\n<br \/>\n<p><b>3.Mi\u00e9rt v\u00e1lassza a PVDF bevonatot az alum\u00ednium profilok m\u00e1s bevonatai helyett?<\/b><\/p>\n<p>A PVDF jobb id\u0151j\u00e1r\u00e1s\u00e1ll\u00f3s\u00e1got, vegyi ellen\u00e1ll\u00e1st \u00e9s hosszabb ideig tart\u00f3 sz\u00ednstabilit\u00e1st biztos\u00edt a porsz\u00f3r\u00e1shoz \u00e9s az elox\u00e1l\u00e1shoz k\u00e9pest.<br \/>\n<\/p><br \/>\n<br \/>\n<p><b>4.Can PVDF bevonat\u00fa alum\u00ednium profilok testre szabhat\u00f3?<\/b><\/p>\n<p>Igen, testre szabhat\u00f3k az \u00f6tv\u00f6zetmin\u0151s\u00e9g, a profil alakja, m\u00e9rete \u00e9s a bevonat sz\u00edne tekintet\u00e9ben, hogy megfeleljenek az egyedi \u00e9p\u00edt\u00e9szeti \u00e9s ipari k\u00f6vetelm\u00e9nyeknek.<br \/>\n<\/p><br \/>\n<br \/>\n<p><b>5.Hogyan jav\u00edtja a PVDF bevonat az alum\u00ednium profilok teljes\u00edtm\u00e9ny\u00e9t?<\/b><\/p>\n<p>A PVDF kem\u00e9ny, rugalmas f\u00f3li\u00e1t hoz l\u00e9tre, amely ellen\u00e1ll a fakul\u00e1snak, a kr\u00e9ta, a repedez\u00e9snek \u00e9s a h\u00e1ml\u00e1snak, n\u00f6velve a tart\u00f3ss\u00e1got \u00e9s az eszt\u00e9tikai megjelen\u00e9st.<br \/>\n<\/p><br \/>\n<br \/>\n<p><b>6.Alkalmasak-e a PVDF bevonat\u00fa alum\u00ednium profilok k\u00fclt\u00e9ri haszn\u00e1latra?<\/b><\/p>\n<p>Igen, a PVDF bevonatok kiv\u00e1l\u00f3 v\u00e9delmet ny\u00fajtanak az UV-sugarak, a nedvess\u00e9g \u00e9s a szennyez\u0151 anyagok ellen, \u00edgy ide\u00e1lisak k\u00fclt\u00e9ri alkalmaz\u00e1sokhoz.<br \/>\n<\/p><br \/>\n<br \/>\n<p><b>7.Mely ipar\u00e1gak haszn\u00e1lj\u00e1k \u00e1ltal\u00e1ban a PVDF bevonat\u00fa alum\u00ednium profilokat?<\/b><\/p>\n<p>Az \u00e9p\u00edt\u0151ipar, az aut\u00f3ipar, a jelz\u0151rendszerek, a rep\u00fcl\u0151g\u00e9pipar \u00e9s az \u00e9p\u00edt\u00e9szeti ipar ezeket a profilokat tart\u00f3ss\u00e1guk \u00e9s pr\u00e9mium kivitel\u00fck miatt haszn\u00e1lja.<br \/>\n<\/p><br \/>\n<br \/>\n<p><b>8.Hogyan t\u00e1mogatja a PVDF bevonat a fenntarthat\u00f3 \u00e9p\u00edt\u00e9si gyakorlatot?<\/b><\/p>\n<p>A PVDF bevonatoknak alacsony a k\u00f6rnyezeti hat\u00e1sa, meghosszabb\u00edtj\u00e1k a term\u00e9k \u00e9lettartam\u00e1t, az alum\u00ednium pedig teljes m\u00e9rt\u00e9kben \u00fajrahasznos\u00edthat\u00f3, hozz\u00e1j\u00e1rulva a k\u00f6rnyezetbar\u00e1t \u00e9p\u00edt\u00e9shez.<br \/>\n<\/p><br \/><\/p>","protected":false},"featured_media":6544,"template":"","categories":[63],"class_list":["post-6545","product","type-product","status-publish","has-post-thumbnail","hentry","category-fluorocarbon-coating-profile"],"meta_box":{"hilight_text_group":{"product_hilight_text":"<li>PVDF coating ensures excellent weather and UV resistance for outdoor use<\/li>\r\r\n<li>Maintains vibrant color and gloss for extended durability<\/li>\r\r\n<li>High-quality aluminum profiles with precise extrusion standards<\/li>\r\r\n<li>Ideal for architectural facades, windows, and decorative applications<\/li>\r\r\n<li>Supports custom sizes, colors, and bulk manufacturing orders<\/li>","product_chanpin_blog":"<ul>\r\r\n<li><a href=\"https:\/\/sinoextrud.com\/t-slot-v-slot-differences\/\" target=\"_blank\">t slot vs v slot<\/a><\/li>\r\r\n<li><a href=\"https:\/\/sinoextrud.com\/what-is-4040-aluminium-extrud\/\" target=\"_blank\">4040 aluminium extrusion<\/a><\/li>\r\r\n<li><a href=\"https:\/\/sinoextrud.com\/what-is-4040-aluminium-extrud\/\" target=\"_blank\">aluminum extrusions for industrial racks<\/a><\/li>\r\r\n<li><a href=\"https:\/\/sinoextrud.com\/powder-coating-aluminium-process\/\" target=\"_blank\">powder coating aluminium<\/a><\/li>\r\r\n<li><a href=\"https:\/\/sinoextrud.com\/what-is-an-aluminium-strip-ceiling\/\" target=\"_blank\">aluminium strip ceiling<\/a><\/li>\r\r\n<li><a href=\"https:\/\/sinoextrud.com\/what-is-a-heat-sink\/\" target=\"_blank\">what is a heat sink<\/a><\/li>\r\r\n<\/ul>","product_chanpin_chanpin":"<li><a href=\"https:\/\/sinoextrud.com\/product\/eco-friendly-water-borne-fluorocarbon-spraying-decorative-aluminum-profile-for-outdoor-project\/\" target=\"_blank\">ECO-Friendly Water-borne Fluorocarbon Spraying Decorative Aluminum Profile For Outdoor Project<\/a><\/li>\r\n<li><a href=\"https:\/\/sinoextrud.com\/product\/fluorocarbon-coated-aluminium-extrusions\/\" target=\"_blank\">Fluorocarbon Coated Aluminium Extrusions<\/a><\/li>\r\n<li><a href=\"https:\/\/sinoextrud.com\/product\/aluminum-rectangular-tubing-for-wooden-horizontal-aluminum-fence-panels-system\/\" target=\"_blank\">aluminum rectangular tubing for wooden horizontal aluminum fence panels system<\/a><\/li>\r\n<li><a href=\"https:\/\/sinoextrud.com\/product\/fluorocarbon-coating-aluminium-extrusions-anti-fluorite-pvdf-aluminium-profile\/\" target=\"_blank\">Fluorocarbon coating aluminium extrusions Anti fluorite PVDF aluminium profile<\/a><\/li>\r\n<li><a href=\"https:\/\/sinoextrud.com\/product\/pvdf-coating-aluminum-profile\/\" target=\"_blank\">PVDF Coating Aluminum Profile<\/a><\/li>\r\n<li><a href=\"https:\/\/sinoextrud.com\/product\/custom-wood-grain-aluminium-profiles\/\" target=\"_blank\">Custom Wood Grain Aluminium Profiles<\/a><\/li>\r\n<li><a href=\"https:\/\/sinoextrud.com\/product\/wood-grain-aluminum-square-hollow-profile\/\" target=\"_blank\">Wood Grain Aluminum Square Hollow Profile<\/a><\/li>\r\n<li><a href=\"https:\/\/sinoextrud.com\/product\/wood-look-aluminum-soffit\/\" target=\"_blank\">Wood Look Aluminum Soffit<\/a><\/li>\r\n<li><a href=\"https:\/\/sinoextrud.com\/product\/wood-look-aluminium-slats\/\" target=\"_blank\">Wood Look Aluminium Slats<\/a><\/li>\r\n<li><a href=\"https:\/\/sinoextrud.com\/product\/6063-multiple-size-extruded-aluminium-t-slot\/\" target=\"_blank\">6063 Multiple Size Extruded Aluminium T Slot<\/a><\/li>\r\n<li><a href=\"https:\/\/sinoextrud.com\/product\/led-strip-aluminum-profile\/\" target=\"_blank\">Led Strip Aluminum Profile<\/a><\/li>"},"feature_list":[]},"_links":{"self":[{"href":"https:\/\/sinoextrud.com\/hu\/wp-json\/wp\/v2\/product\/6545","targetHints":{"allow":["GET"]}}],"collection":[{"href":"https:\/\/sinoextrud.com\/hu\/wp-json\/wp\/v2\/product"}],"about":[{"href":"https:\/\/sinoextrud.com\/hu\/wp-json\/wp\/v2\/types\/product"}],"wp:featuredmedia":[{"embeddable":true,"href":"https:\/\/sinoextrud.com\/hu\/wp-json\/wp\/v2\/media\/6544"}],"wp:attachment":[{"href":"https:\/\/sinoextrud.com\/hu\/wp-json\/wp\/v2\/media?parent=6545"}],"wp:term":[{"taxonomy":"category","embeddable":true,"href":"https:\/\/sinoextrud.com\/hu\/wp-json\/wp\/v2\/categories?post=6545"}],"curies":[{"name":"wp","href":"https:\/\/api.w.org\/{rel}","templated":true}]}}