{"id":6543,"date":"2025-05-29T07:25:14","date_gmt":"2025-05-29T07:25:14","guid":{"rendered":"https:\/\/sinoextrud.com\/product\/fluorocarbon-coating-aluminium-extrusions-anti-fluorite-pvdf-aluminium-profile\/"},"modified":"2025-06-24T06:11:07","modified_gmt":"2025-06-24T06:11:07","slug":"fluorkarbon-bevonat-aluminium-extrudalt-aluminium-profilok-antifluorit-pvdf-aluminium-profilok","status":"publish","type":"product","link":"https:\/\/sinoextrud.com\/hu\/product\/fluorocarbon-coating-aluminium-extrusions-anti-fluorite-pvdf-aluminium-profile\/","title":{"rendered":"Fluorkarbon bevonat alum\u00ednium extrud\u00e1lt term\u00e9kek Anti-fluorit PVDF alum\u00ednium profilok"},"content":{"rendered":"<h2>Term\u00e9kek r\u00e9szletei<\/h2>\n<table class=\"custom-table\">\n<tr>\n<td class=\"label\">Modell NO.:<\/td>\n<td>Fluorkarbon bevonat alum\u00ednium extrud\u00e1lt term\u00e9kek Anti-fluorit PVDF alum\u00ednium profilok<\/td>\n<\/tr>\n<tr>\n<td class=\"label\">Fel\u00fcletkezel\u00e9s:<\/td>\n<td>PVDF<\/td>\n<\/tr>\n<tr>\n<td class=\"label\">Term\u00e9k:<\/td>\n<td>Fluorkarbon bevonat\u00fa alum\u00ednium extrud\u00e1l\u00e1sok<\/td>\n<\/tr>\n<tr>\n<td class=\"label\">\u00d6tv\u00f6z\u0151 \u00f6sszetev\u0151:<\/td>\n<td>6063<\/td>\n<\/tr>\n<tr>\n<td class=\"label\">V\u00e9djegy:<\/td>\n<td>Sinoextrud<\/td>\n<\/tr>\n<tr>\n<td class=\"label\">Eredet:<\/td>\n<td>K\u00edna<\/td>\n<\/tr>\n<tr>\n<td class=\"label\">Alak:<\/td>\n<td>testreszabott<\/td>\n<\/tr>\n<tr>\n<td class=\"label\">T\u00edpus:<\/td>\n<td>R\u00f6gz\u00edt\u00e9s \u00e9s \u00e1ll\u00edthat\u00f3 telep\u00edt\u00e9s<\/td>\n<\/tr>\n<tr>\n<td class=\"label\">Lelkiismeretesen:<\/td>\n<td>T3-T8<\/td>\n<\/tr>\n<tr>\n<td class=\"label\">\u00f6tv\u00f6zet:<\/td>\n<td>\u00d6tv\u00f6zet<\/td>\n<\/tr>\n<tr>\n<td class=\"label\">Specifik\u00e1ci\u00f3:<\/td>\n<td>ISO9001-2008<\/td>\n<\/tr>\n<tr>\n<td class=\"label\">HS-k\u00f3d:<\/td>\n<td>7604210000<\/td>\n<\/tr>\n<\/table>\n<h2>Gy\u00e1rt\u00f3 b\u00e1zisunk<\/h2>\n<h3>Gy\u00e1ri panor\u00e1ma<\/h3>\n<p><img decoding=\"async\" src=\"\/wp-content\/uploads\/factory-01.webp\"\/><\/p>\n<h3>Alum\u00ednium r\u00fadgy\u00e1rt\u00f3 m\u0171hely<\/h3>\n<p><img decoding=\"async\" src=\"\/wp-content\/uploads\/factory-02.webp\"\/><\/p>\n<p><img decoding=\"async\" src=\"\/wp-content\/uploads\/factory-03.webp\"\/><\/p>\n<h3>Pen\u00e9sz rakt\u00e1r<\/h3>\n<p><img decoding=\"async\" src=\"\/wp-content\/uploads\/factory-04.webp\"\/><\/p>\n<h3>43 alum\u00ednium extrud\u00e1l\u00f3 vonal (500-5500 tonna)<\/h3>\n<p><img decoding=\"async\" src=\"\/wp-content\/uploads\/factory-05.webp\"\/><\/p>\n<p><img decoding=\"async\" src=\"\/wp-content\/uploads\/factory-06.webp\"\/><\/p>\n<p><img decoding=\"async\" src=\"\/wp-content\/uploads\/factory-07.webp\"\/><\/p>\n<h3>Porfest\u0151 m\u0171hely<\/h3>\n<p><img decoding=\"async\" src=\"\/wp-content\/uploads\/factory-09.webp\"\/><\/p>\n<h3>Anodiz\u00e1l\u00f3 m\u0171hely<\/h3>\n<p><img decoding=\"async\" src=\"\/wp-content\/uploads\/factory-10.webp\"\/><\/p>\n<h3>M\u00e9ly feldolgoz\u00e1si m\u0171hely<\/h3>\n<p><img decoding=\"async\" src=\"\/wp-content\/uploads\/factory-11.webp\"\/><\/p>\n<h3>CNC prec\u00edzi\u00f3s megmunk\u00e1l\u00f3 m\u0171hely<\/h3>\n<p><img decoding=\"async\" src=\"\/wp-content\/uploads\/factory-11.5.webp\"\/><\/p>\n<h3>K\u00e9szterm\u00e9k \u00e9s export rakt\u00e1r<\/h3>\n<p><img decoding=\"async\" src=\"\/wp-content\/uploads\/factory-12.webp\"\/><\/p>\n<p><img decoding=\"async\" src=\"\/wp-content\/uploads\/factory-13.webp\"\/><\/p>\n<p><img decoding=\"async\" src=\"\/wp-content\/uploads\/factory-14.webp\"\/><\/p>\n<h2>GYIK<\/h2>\n<p><p><b>1.Mik a fluorkarbon bevonat\u00fa alum\u00ednium extrud\u00e1l\u00e1sok?<\/b><\/p>\n<p>A fluorkarbon bevonat\u00fa alum\u00ednium extrud\u00e1l\u00e1sok olyan alum\u00ednium profilok, amelyeket fluorkarbon alap\u00fa bevonattal l\u00e1tnak el, amely kiv\u00e1l\u00f3 id\u0151j\u00e1r\u00e1s\u00e1ll\u00f3s\u00e1got \u00e9s tart\u00f3ss\u00e1got biztos\u00edt.<br \/>\n<\/p><br \/>\n<br \/>\n<p><b>2.Mi az antifluorit PVDF alum\u00ednium profil?<\/b><\/p>\n<p>A fluorit elleni PVDF alum\u00edniumprofil polivinilid\u00e9n-fluorid (PVDF) bevonattal van ell\u00e1tva, amely ellen\u00e1ll a fluorit korr\u00f3zi\u00f3nak \u00e9s a k\u00f6rnyezeti degrad\u00e1ci\u00f3nak.<br \/>\n<\/p><br \/>\n<br \/>\n<p><b>3.Mik a legfontosabb el\u0151nyei az alum\u00ednium extrud\u00e1l\u00e1sokon alkalmazott fluorkarbon bevonatnak?<\/b><\/p>\n<p>Kiv\u00e1l\u00f3 UV-\u00e1ll\u00f3s\u00e1got, korr\u00f3zi\u00f3v\u00e9delmet, sz\u00edntart\u00f3ss\u00e1got, vegyszer\u00e1ll\u00f3s\u00e1got \u00e9s sima, tart\u00f3s fel\u00fcletet biztos\u00edtanak.<br \/>\n<\/p><br \/>\n<br \/>\n<p><b>4.Mi\u00e9rt v\u00e1lassza az anti-fluorit PVDF bevonatot az alum\u00ednium profilokhoz?<\/b><\/p>\n<p>A fluoritellenes PVDF-bevonatok megv\u00e9dik az alum\u00edniumot a savas fluoritszennyez\u00e9st\u0151l, fokozz\u00e1k a fel\u00fclet tart\u00f3ss\u00e1g\u00e1t, \u00e9s fenntartj\u00e1k az eszt\u00e9tikus megjelen\u00e9st zord k\u00f6rnyezetben.<br \/>\n<\/p><br \/>\n<br \/>\n<p><b>5.Can fluorocarbon bevonat\u00fa alum\u00ednium extrud\u00e1l\u00e1sok testre szabhat\u00f3?<\/b><\/p>\n<p>Igen, az \u00f6tv\u00f6zet t\u00edpusa, a profil alakja, m\u00e9rete, a bevonat sz\u00edne \u00e9s a fel\u00fcletkezel\u00e9s testre szabhat\u00f3, hogy megfeleljen az egyedi \u00e9p\u00edt\u00e9szeti \u00e9s ipari ig\u00e9nyeknek.<br \/>\n<\/p><br \/>\n<br \/>\n<p><b>6.Hogyan jav\u00edtja a fluorkarbon bevonat az alum\u00ednium extrud\u00e1l\u00e1si teljes\u00edtm\u00e9ny\u00e9t?<\/b><\/p>\n<p>A bevonat kem\u00e9ny, rugalmas g\u00e1tat k\u00e9pez, amely ellen\u00e1ll a fakul\u00e1snak, a kr\u00e9tafoltoknak, a reped\u00e9seknek, a h\u00e1ml\u00e1snak \u00e9s a k\u00f6rnyezeti k\u00e1roknak, meghosszabb\u00edtva a term\u00e9k \u00e9lettartam\u00e1t.<br \/>\n<\/p><br \/>\n<br \/>\n<p><b>7.Alkalmasak-e a fluorkarbon \u00e9s a fluorozott PVDF alum\u00ednium profilok k\u00fclt\u00e9ri haszn\u00e1latra?<\/b><\/p>\n<p>Igen, kiv\u00e1l\u00f3an ellen\u00e1llnak az UV-sugaraknak, a nedvess\u00e9gnek, a szennyez\u00e9snek \u00e9s a h\u0151m\u00e9rs\u00e9klet-v\u00e1ltoz\u00e1soknak, \u00edgy ide\u00e1lisak a k\u00fcls\u0151 \u00e9p\u00fcletekbe.<br \/>\n<\/p><br \/>\n<br \/>\n<p><b>8.Mely ipar\u00e1gak haszn\u00e1lj\u00e1k \u00e1ltal\u00e1ban a fluorkarbon bevonatot \u00e9s a fluorozott PVDF alum\u00ednium extrud\u00e1l\u00e1st?<\/b><\/p>\n<p>Az \u00e9p\u00edt\u0151ipar, az aut\u00f3ipar, a rep\u00fcl\u0151g\u00e9pipar, a jelz\u0151rendszerek \u00e9s az \u00e9p\u00edt\u00e9szeti szektorok ezeket a profilokat tart\u00f3ss\u00e1guk \u00e9s pr\u00e9mium min\u0151s\u00e9g\u0171 v\u00e9d\u0151fel\u00fclet\u00fck miatt haszn\u00e1lj\u00e1k.<br \/>\n<\/p><br \/>\n<br \/>\n<p><b>9.Hogyan t\u00e1mogatj\u00e1k a fluorozott sz\u00e9nhidrog\u00e9n \u00e9s a fluorozott PVDF bevonatok a fenntarthat\u00f3 gy\u00e1rt\u00e1st?<\/b><\/p>\n<p>Ezek a bevonatok meghosszabb\u00edtj\u00e1k az alum\u00edniumterm\u00e9kek \u00e9lettartam\u00e1t, cs\u00f6kkentik a karbantart\u00e1st, \u00e9s az alum\u00ednium \u00fajrahasznos\u00edthat\u00f3s\u00e1ga el\u0151seg\u00edti a k\u00f6rnyezetbar\u00e1t \u00e9p\u00edt\u00e9si gyakorlatokat.<br \/>\n<\/p><br \/><\/p>","protected":false},"featured_media":6542,"template":"","categories":[63],"class_list":["post-6543","product","type-product","status-publish","has-post-thumbnail","hentry","category-fluorocarbon-coating-profile"],"meta_box":{"hilight_text_group":{"product_hilight_text":"<li>Fluorocarbon coating provides superior weather and UV resistance<\/li>\r\r\n<li>Anti-fluorite PVDF finish enhances surface durability and corrosion protection<\/li>\r\r\n<li>High-quality aluminum extrusions with precise dimensional control<\/li>\r\r\n<li>Ideal for architectural applications requiring long-lasting aesthetic appeal<\/li>\r\r\n<li>Supports custom profiles, colors, and bulk order fulfillment<\/li>","product_chanpin_blog":"<ul>\r\r\n<li><a href=\"https:\/\/sinoextrud.com\/t-slot-v-slot-differences\/\" target=\"_blank\">t slot vs v slot<\/a><\/li>\r\r\n<li><a href=\"https:\/\/sinoextrud.com\/what-is-4040-aluminium-extrud\/\" target=\"_blank\">4040 aluminium extrusion<\/a><\/li>\r\r\n<li><a href=\"https:\/\/sinoextrud.com\/what-is-4040-aluminium-extrud\/\" target=\"_blank\">aluminum extrusions for industrial racks<\/a><\/li>\r\r\n<li><a href=\"https:\/\/sinoextrud.com\/powder-coating-aluminium-process\/\" target=\"_blank\">powder coating aluminium<\/a><\/li>\r\r\n<li><a href=\"https:\/\/sinoextrud.com\/what-is-an-aluminium-strip-ceiling\/\" target=\"_blank\">aluminium strip ceiling<\/a><\/li>\r\r\n<li><a href=\"https:\/\/sinoextrud.com\/what-is-a-heat-sink\/\" target=\"_blank\">what is a heat sink<\/a><\/li>\r\r\n<\/ul>","product_chanpin_chanpin":"<li><a href=\"https:\/\/sinoextrud.com\/product\/soundproofed-watertigh\/\" target=\"_blank\">Soundproofed Watertight Wind resistant occulting frame powder coated Facade Cladding and Glass wall aluminium profile<\/a><\/li>\r\n<li><a href=\"https:\/\/sinoextrud.com\/product\/eco-friendly-water-borne-fluorocarbon-spraying-decorative-aluminum-profile-for-outdoor-project\/\" target=\"_blank\">ECO-Friendly Water-borne Fluorocarbon Spraying Decorative Aluminum Profile For Outdoor Project<\/a><\/li>\r\n<li><a href=\"https:\/\/sinoextrud.com\/product\/fluorocarbon-coated-aluminium-extrusions\/\" target=\"_blank\">Fluorocarbon Coated Aluminium Extrusions<\/a><\/li>\r\n<li><a href=\"https:\/\/sinoextrud.com\/product\/aluminum-rectangular-tubing-for-wooden-horizontal-aluminum-fence-panels-system\/\" target=\"_blank\">aluminum rectangular tubing for wooden horizontal aluminum fence panels system<\/a><\/li>\r\n<li><a href=\"https:\/\/sinoextrud.com\/product\/fluorocarbon-coating-aluminium-extrusions-anti-fluorite-pvdf-aluminium-profile\/\" target=\"_blank\">Fluorocarbon coating aluminium extrusions Anti fluorite PVDF aluminium profile<\/a><\/li>\r\n<li><a href=\"https:\/\/sinoextrud.com\/product\/pvdf-coating-aluminum-profile\/\" target=\"_blank\">PVDF Coating Aluminum Profile<\/a><\/li>\r\n<li><a href=\"https:\/\/sinoextrud.com\/product\/custom-wood-grain-aluminium-profiles\/\" target=\"_blank\">Custom Wood Grain Aluminium Profiles<\/a><\/li>\r\n<li><a href=\"https:\/\/sinoextrud.com\/product\/wood-grain-aluminum-square-hollow-profile\/\" target=\"_blank\">Wood Grain Aluminum Square Hollow Profile<\/a><\/li>\r\n<li><a href=\"https:\/\/sinoextrud.com\/product\/wood-look-aluminum-soffit\/\" target=\"_blank\">Wood Look Aluminum Soffit<\/a><\/li>\r\n<li><a href=\"https:\/\/sinoextrud.com\/product\/extruded-aluminium-housing\/\" target=\"_blank\">Extruded Aluminium Housing<\/a><\/li>\r\n<li><a href=\"https:\/\/sinoextrud.com\/product\/aluminium-exrtrusion-slot\/\" target=\"_blank\">Aluminium Exrtrusion Slot<\/a><\/li>"},"feature_list":[]},"_links":{"self":[{"href":"https:\/\/sinoextrud.com\/hu\/wp-json\/wp\/v2\/product\/6543","targetHints":{"allow":["GET"]}}],"collection":[{"href":"https:\/\/sinoextrud.com\/hu\/wp-json\/wp\/v2\/product"}],"about":[{"href":"https:\/\/sinoextrud.com\/hu\/wp-json\/wp\/v2\/types\/product"}],"wp:featuredmedia":[{"embeddable":true,"href":"https:\/\/sinoextrud.com\/hu\/wp-json\/wp\/v2\/media\/6542"}],"wp:attachment":[{"href":"https:\/\/sinoextrud.com\/hu\/wp-json\/wp\/v2\/media?parent=6543"}],"wp:term":[{"taxonomy":"category","embeddable":true,"href":"https:\/\/sinoextrud.com\/hu\/wp-json\/wp\/v2\/categories?post=6543"}],"curies":[{"name":"wp","href":"https:\/\/api.w.org\/{rel}","templated":true}]}}