{"id":6539,"date":"2025-05-29T07:19:45","date_gmt":"2025-05-29T07:19:45","guid":{"rendered":"https:\/\/sinoextrud.com\/product\/fluorocarbon-coated-aluminium-extrusions\/"},"modified":"2025-06-24T06:11:07","modified_gmt":"2025-06-24T06:11:07","slug":"fluorkarbon-bevonatu-aluminium-extrudalt-termekek","status":"publish","type":"product","link":"https:\/\/sinoextrud.com\/hu\/product\/fluorocarbon-coated-aluminium-extrusions\/","title":{"rendered":"Fluorkarbon bevonat\u00fa alum\u00ednium extrud\u00e1l\u00e1s"},"content":{"rendered":"<h2>Term\u00e9kek r\u00e9szletei<\/h2>\n<table class=\"custom-table\">\n<tr>\n<td class=\"label\">F\u00fcgg\u00f6nyfal sorozat<\/td>\n<td>Ajt\u00f3 \u00e9s ablak sorozat<\/td>\n<\/tr>\n<tr>\n<td class=\"label\">80-200 sorozat\u00fa \u00fcveg f\u00fcgg\u00f6nyfalak<\/td>\n<td>GR50, 508, 55, 65 \u00e9s 65A sorozat\u00fa, t\u00f6r\u00f6tt h\u00eddprofilok a ny\u00edl\u00e1sz\u00e1r\u00f3rendszerhez<\/td>\n<\/tr>\n<tr>\n<td class=\"label\">Pontszer\u0171en al\u00e1t\u00e1masztott f\u00fcgg\u00f6nyfalak<\/td>\n<td>GR85, 958, 90, 95 \u00e9s 966 sorozat\u00fa t\u00f6r\u00f6tt h\u00eddprofilok cs\u00fasz\u00f3rendszerhez<\/td>\n<\/tr>\n<tr>\n<td class=\"label\">H\u0151szigetel\u0151 t\u00f6r\u00f6tt h\u00eddf\u00fcgg\u00f6nyfalak<\/td>\n<td>YG868, 968, 90A, 50B, 50C, 50E \u00e9s egy\u00e9b sorozatok a szok\u00e1sos tol\u00f3- \u00e9s sz\u00e1rnyrendszerekhez<\/td>\n<\/tr>\n<tr>\n<td class=\"label\">Ipari profilok<\/td>\n<td>Alum\u00ednium lap<\/td>\n<\/tr>\n<tr>\n<td class=\"label\">Aut\u00f3ipari profilok<\/td>\n<td>CNC-feldolgoz\u00e1s, PVDF bevonat, pr\u00e9sel\u00e9s egyedi kialak\u00edt\u00e1shoz el\u00e9rhet\u0151<\/td>\n<\/tr>\n<\/table>\n<h2>Gy\u00e1rt\u00f3 b\u00e1zisunk<\/h2>\n<h3>Gy\u00e1ri panor\u00e1ma<\/h3>\n<p><img decoding=\"async\" src=\"\/wp-content\/uploads\/factory-01.webp\"\/><\/p>\n<h3>Alum\u00ednium r\u00fadgy\u00e1rt\u00f3 m\u0171hely<\/h3>\n<p><img decoding=\"async\" src=\"\/wp-content\/uploads\/factory-02.webp\"\/><\/p>\n<p><img decoding=\"async\" src=\"\/wp-content\/uploads\/factory-03.webp\"\/><\/p>\n<h3>Pen\u00e9sz rakt\u00e1r<\/h3>\n<p><img decoding=\"async\" src=\"\/wp-content\/uploads\/factory-04.webp\"\/><\/p>\n<h3>43 alum\u00ednium extrud\u00e1l\u00f3 vonal (500-5500 tonna)<\/h3>\n<p><img decoding=\"async\" src=\"\/wp-content\/uploads\/factory-05.webp\"\/><\/p>\n<p><img decoding=\"async\" src=\"\/wp-content\/uploads\/factory-06.webp\"\/><\/p>\n<p><img decoding=\"async\" src=\"\/wp-content\/uploads\/factory-07.webp\"\/><\/p>\n<h3>Porfest\u0151 m\u0171hely<\/h3>\n<p><img decoding=\"async\" src=\"\/wp-content\/uploads\/factory-09.webp\"\/><\/p>\n<h3>Anodiz\u00e1l\u00f3 m\u0171hely<\/h3>\n<p><img decoding=\"async\" src=\"\/wp-content\/uploads\/factory-10.webp\"\/><\/p>\n<h3>M\u00e9ly feldolgoz\u00e1si m\u0171hely<\/h3>\n<p><img decoding=\"async\" src=\"\/wp-content\/uploads\/factory-11.webp\"\/><\/p>\n<h3>CNC prec\u00edzi\u00f3s megmunk\u00e1l\u00f3 m\u0171hely<\/h3>\n<p><img decoding=\"async\" src=\"\/wp-content\/uploads\/factory-11.5.webp\"\/><\/p>\n<h3>K\u00e9szterm\u00e9k \u00e9s export rakt\u00e1r<\/h3>\n<p><img decoding=\"async\" src=\"\/wp-content\/uploads\/factory-12.webp\"\/><\/p>\n<p><img decoding=\"async\" src=\"\/wp-content\/uploads\/factory-13.webp\"\/><\/p>\n<p><img decoding=\"async\" src=\"\/wp-content\/uploads\/factory-14.webp\"\/><\/p>\n<h2>GYIK<\/h2>\n<p><p><b>1.Mik azok a fluorkarbon bevonat\u00fa alum\u00ednium extrud\u00e1l\u00e1sok?<\/b><\/p>\n<p>A fluorkarbon bevonat\u00fa alum\u00ednium extrud\u00e1l\u00e1sok olyan alum\u00ednium profilok, amelyeket fluorkarbon bevonattal kezelnek, amely kiv\u00e1l\u00f3 tart\u00f3ss\u00e1got, korr\u00f3zi\u00f3\u00e1ll\u00f3s\u00e1got \u00e9s eszt\u00e9tikai megjelen\u00e9st biztos\u00edt.<br \/>\n<\/p><br \/>\n<br \/>\n<p><b>2.Mik a fluorkarbon bevonat\u00fa alum\u00ednium extrud\u00e1l\u00e1sok legfontosabb el\u0151nyei?<\/b><\/p>\n<p>Kiv\u00e1l\u00f3 UV-\u00e1ll\u00f3s\u00e1got, id\u0151j\u00e1r\u00e1s\u00e1ll\u00f3s\u00e1got, sz\u00edntart\u00f3ss\u00e1got, vegyszer\u00e1ll\u00f3s\u00e1got \u00e9s sima, tart\u00f3s fel\u00fcletet biztos\u00edtanak, amely ide\u00e1lis k\u00fclt\u00e9ri alkalmaz\u00e1sokhoz.<br \/>\n<\/p><br \/>\n<br \/>\n<p><b>3.Mi\u00e9rt v\u00e1lassza a fluorkarbon bevonatot az alum\u00ednium extrud\u00e1l\u00e1sokhoz?<\/b><\/p>\n<p>A fluorkarbon bevonatok kiv\u00e1l\u00f3 v\u00e9delmet ny\u00fajtanak a k\u00f6rnyezeti t\u00e9nyez\u0151kkel szemben, cs\u00f6kkentik a karbantart\u00e1si k\u00f6lts\u00e9geket, \u00e9s m\u00e1s bevonatokhoz k\u00e9pest \u00e9vekig meg\u0151rzik az \u00e9l\u00e9nk sz\u00edneket.<br \/>\n<\/p><br \/>\n<br \/>\n<p><b>4.Can fluorocarbon bevonat\u00fa alum\u00ednium extrud\u00e1l\u00e1sok testre szabhat\u00f3?<\/b><\/p>\n<p>Igen, testre szabhat\u00f3k az \u00f6tv\u00f6zetmin\u0151s\u00e9g, a profil alakja, m\u00e9rete, a bevonat sz\u00edne \u00e9s a kivitelez\u00e9s tekintet\u00e9ben, hogy megfeleljenek az egyedi \u00e9p\u00edt\u00e9szeti \u00e9s ipari k\u00f6vetelm\u00e9nyeknek.<br \/>\n<\/p><br \/>\n<br \/>\n<p><b>5.Hogyan jav\u00edtja a fluorkarbon bevonat az alum\u00ednium extrud\u00e1l\u00e1sok teljes\u00edtm\u00e9ny\u00e9t?<\/b><\/p>\n<p>A bevonat kem\u00e9ny, rugalmas r\u00e9teget k\u00e9pez, amely ellen\u00e1ll a fakul\u00e1snak, a kr\u00e9tafoltoknak, a reped\u00e9seknek \u00e9s a h\u00e1ml\u00e1snak, n\u00f6velve ezzel az extrud\u00e1lt term\u00e9kek \u00e9lettartam\u00e1t \u00e9s megjelen\u00e9s\u00e9t.<br \/>\n<\/p><br \/>\n<br \/>\n<p><b>6.Alkalmasak-e a fluorkarbon bevonat\u00fa alum\u00ednium extrud\u00e1l\u00e1sok k\u00fclt\u00e9ri haszn\u00e1latra?<\/b><\/p>\n<p>Igen, rendk\u00edv\u00fcl ellen\u00e1ll\u00f3ak az UV-sugarakkal, a nedvess\u00e9ggel, a szennyez\u00e9ssel \u00e9s a h\u0151m\u00e9rs\u00e9klet-ingadoz\u00e1sokkal szemben, \u00edgy ide\u00e1lisak k\u00fcls\u0151 homlokzatok, ablakok \u00e9s ajt\u00f3k sz\u00e1m\u00e1ra.<br \/>\n<\/p><br \/>\n<br \/>\n<p><b>7.Mely ipar\u00e1gak haszn\u00e1lj\u00e1k \u00e1ltal\u00e1ban a fluorkarbon bevonat\u00fa alum\u00ednium extrud\u00e1lt term\u00e9keket?<\/b><\/p>\n<p>Az \u00e9p\u00edt\u0151ipar, az aut\u00f3ipar, a rep\u00fcl\u0151g\u00e9pipar, a jelz\u0151rendszerek \u00e9s az \u00e9p\u00edt\u00e9szeti ipar ezeket a sajtolt term\u00e9keket tart\u00f3ss\u00e1guk \u00e9s pr\u00e9mium kivitel\u00fck miatt haszn\u00e1lja.<br \/>\n<\/p><br \/>\n<br \/>\n<p><b>8.Hogyan t\u00e1mogatja a fluorkarbon bevonat a fenntarthat\u00f3 gy\u00e1rt\u00e1st?<\/b><\/p>\n<p>A fluorkarbon bevonatok meghosszabb\u00edtj\u00e1k a term\u00e9k \u00e9lettartam\u00e1t, cs\u00f6kkentik a karbantart\u00e1st, \u00e9s az alum\u00ednium teljes m\u00e9rt\u00e9kben \u00fajrahasznos\u00edthat\u00f3, hozz\u00e1j\u00e1rulva a k\u00f6rnyezetbar\u00e1t \u00e9p\u00edt\u00e9si gyakorlathoz.<br \/>\n<\/p><br \/><\/p>","protected":false},"featured_media":6538,"template":"","categories":[63],"class_list":["post-6539","product","type-product","status-publish","has-post-thumbnail","hentry","category-fluorocarbon-coating-profile"],"meta_box":{"hilight_text_group":{"product_hilight_text":"<li>Fluorocarbon coating offers exceptional weather and UV resistance<\/li>\r\r\n<li>Durable finish maintains color and gloss for extended periods<\/li>\r\r\n<li>High-quality aluminum extrusions with precise dimensions<\/li>\r\r\n<li>Ideal for architectural and industrial applications requiring long-lasting surfaces<\/li>\r\r\n<li>Supports custom profiles, sizes, and bulk production orders<\/li>","product_chanpin_blog":"<ul>\r\r\n<li><a href=\"https:\/\/sinoextrud.com\/t-slot-v-slot-differences\/\" target=\"_blank\">t slot vs v slot<\/a><\/li>\r\r\n<li><a href=\"https:\/\/sinoextrud.com\/what-is-4040-aluminium-extrud\/\" target=\"_blank\">4040 aluminium extrusion<\/a><\/li>\r\r\n<li><a href=\"https:\/\/sinoextrud.com\/what-is-4040-aluminium-extrud\/\" target=\"_blank\">aluminum extrusions for industrial racks<\/a><\/li>\r\r\n<li><a href=\"https:\/\/sinoextrud.com\/powder-coating-aluminium-process\/\" target=\"_blank\">powder coating aluminium<\/a><\/li>\r\r\n<li><a href=\"https:\/\/sinoextrud.com\/what-is-an-aluminium-strip-ceiling\/\" target=\"_blank\">aluminium strip ceiling<\/a><\/li>\r\r\n<li><a href=\"https:\/\/sinoextrud.com\/what-is-a-heat-sink\/\" target=\"_blank\">what is a heat sink<\/a><\/li>\r\r\n<\/ul>","product_chanpin_chanpin":"<li><a href=\"https:\/\/sinoextrud.com\/product\/aluminium-extrusion-press-line-profile-wooden-grained-coating-color-oem\/\" target=\"_blank\">Aluminium Extrusion Press Line profile wooden grained coating color OEM for Door Curtain Wall Ceiling<\/a><\/li>\r\n<li><a href=\"https:\/\/sinoextrud.com\/product\/pvdf-coating-aluminum-profile-curtain-wall\/\" target=\"_blank\">PVDF Coating Aluminum profile Curtain Wall<\/a><\/li>\r\n<li><a href=\"https:\/\/sinoextrud.com\/product\/soundproofed-watertigh\/\" target=\"_blank\">Soundproofed Watertight Wind resistant occulting frame powder coated Facade Cladding and Glass wall aluminium profile<\/a><\/li>\r\n<li><a href=\"https:\/\/sinoextrud.com\/product\/eco-friendly-water-borne-fluorocarbon-spraying-decorative-aluminum-profile-for-outdoor-project\/\" target=\"_blank\">ECO-Friendly Water-borne Fluorocarbon Spraying Decorative Aluminum Profile For Outdoor Project<\/a><\/li>\r\n<li><a href=\"https:\/\/sinoextrud.com\/product\/fluorocarbon-coated-aluminium-extrusions\/\" target=\"_blank\">Fluorocarbon Coated Aluminium Extrusions<\/a><\/li>\r\n<li><a href=\"https:\/\/sinoextrud.com\/product\/aluminum-rectangular-tubing-for-wooden-horizontal-aluminum-fence-panels-system\/\" target=\"_blank\">aluminum rectangular tubing for wooden horizontal aluminum fence panels system<\/a><\/li>\r\n<li><a href=\"https:\/\/sinoextrud.com\/product\/fluorocarbon-coating-aluminium-extrusions-anti-fluorite-pvdf-aluminium-profile\/\" target=\"_blank\">Fluorocarbon coating aluminium extrusions Anti fluorite PVDF aluminium profile<\/a><\/li>\r\n<li><a href=\"https:\/\/sinoextrud.com\/product\/pvdf-coating-aluminum-profile\/\" target=\"_blank\">PVDF Coating Aluminum Profile<\/a><\/li>\r\n<li><a href=\"https:\/\/sinoextrud.com\/product\/custom-wood-grain-aluminium-profiles\/\" target=\"_blank\">Custom Wood Grain Aluminium Profiles<\/a><\/li>\r\n<li><a href=\"https:\/\/sinoextrud.com\/product\/aluminium-extrusion-tube\/\" target=\"_blank\">Aluminium Extrusion Tube<\/a><\/li>\r\n<li><a href=\"https:\/\/sinoextrud.com\/product\/l-aluminum-profile-for-glass-railing\/\" target=\"_blank\">L Aluminum Profile For Glass Railing<\/a><\/li>"},"feature_list":[]},"_links":{"self":[{"href":"https:\/\/sinoextrud.com\/hu\/wp-json\/wp\/v2\/product\/6539","targetHints":{"allow":["GET"]}}],"collection":[{"href":"https:\/\/sinoextrud.com\/hu\/wp-json\/wp\/v2\/product"}],"about":[{"href":"https:\/\/sinoextrud.com\/hu\/wp-json\/wp\/v2\/types\/product"}],"wp:featuredmedia":[{"embeddable":true,"href":"https:\/\/sinoextrud.com\/hu\/wp-json\/wp\/v2\/media\/6538"}],"wp:attachment":[{"href":"https:\/\/sinoextrud.com\/hu\/wp-json\/wp\/v2\/media?parent=6539"}],"wp:term":[{"taxonomy":"category","embeddable":true,"href":"https:\/\/sinoextrud.com\/hu\/wp-json\/wp\/v2\/categories?post=6539"}],"curies":[{"name":"wp","href":"https:\/\/api.w.org\/{rel}","templated":true}]}}