{"id":6530,"date":"2025-05-29T06:55:49","date_gmt":"2025-05-29T06:55:49","guid":{"rendered":"https:\/\/sinoextrud.com\/product\/aluminium-extrusion-press-line-profile-wooden-grained-coating-color-oem-for-door-curtain-wall-ceiling\/"},"modified":"2025-06-24T06:11:05","modified_gmt":"2025-06-24T06:11:05","slug":"aluminium-extrudalas-sajtolosor-profil-fa-szemcses-bevonat-szin-oem","status":"publish","type":"product","link":"https:\/\/sinoextrud.com\/hu\/product\/aluminium-extrusion-press-line-profile-wooden-grained-coating-color-oem\/","title":{"rendered":"Alum\u00ednium extrud\u00e1l\u00e1s Press Line profil fa szemcs\u00e9s bevonat sz\u00edn\u0171 OEM ajt\u00f3 f\u00fcgg\u00f6ny fal mennyezet"},"content":{"rendered":"<h2>Term\u00e9kek r\u00e9szletei<\/h2>\n<table class=\"custom-table\">\n<tr>\n<td class=\"label\">T\u00e9tel<\/td>\n<td>Alum\u00ednium extrud\u00e1l\u00e1s Press Line profil fa szemcs\u00e9s bevonat sz\u00edn\u0171 OEM ajt\u00f3 f\u00fcgg\u00f6ny fal mennyezet<\/td>\n<\/tr>\n<tr>\n<td class=\"label\">Anyag<\/td>\n<td>6000 sorozat\u00fa alum\u00ednium<\/td>\n<\/tr>\n<tr>\n<td class=\"label\">Temper<\/td>\n<td>T4,T5,T6<\/td>\n<\/tr>\n<tr>\n<td class=\"label\">M\u00e9ret\/vastags\u00e1g<\/td>\n<td>\u00c1ltal\u00e1nos profilok vastags\u00e1ga 0,8 \u00e9s 5,0 mm k\u00f6z\u00f6tt, hossza 1m-9m vagy testreszabhat\u00f3; Anodiz\u00e1l\u00f3 v\u00e9d\u0151f\u00f3lia vastags\u00e1ga 8 ~ 25 um, porbevonat 40 ~ 120 um.<\/td>\n<\/tr>\n<tr>\n<td class=\"label\">Shape<\/td>\n<td>N\u00e9gyzet, kerek, t\u00e9glalap alak\u00fa, testreszabott<\/td>\n<\/tr>\n<tr>\n<td class=\"label\">Alkalmaz\u00e1s<\/td>\n<td>B\u00fatorok, ablakok \u00e9s ajt\u00f3k, dekor\u00e1ci\u00f3k, ipar, \u00e9p\u00edt\u0151ipar \u00e9s \u00edgy tov\u00e1bb.<\/td>\n<\/tr>\n<tr>\n<td class=\"label\">Fel\u00fcletkezel\u00e9s<\/td>\n<td>porsz\u00f3r\u00e1s, elektrofor\u00e9zis, fa szemcs\u00e9k, elox\u00e1lt, csiszolt, pol\u00edroz\u00e1s<\/td>\n<\/tr>\n<tr>\n<td class=\"label\">Sz\u00ednek<\/td>\n<td>Ref porbevonat sz\u00ednes lap \u00e9s testreszabott sz\u00edn el\u00e9rhet\u0151<\/td>\n<\/tr>\n<tr>\n<td class=\"label\">M\u00e9ly folyamat<\/td>\n<td>DCNC, f\u00far\u00e1s, mar\u00e1s, v\u00e1g\u00e1s, hegeszt\u00e9s, hajl\u00edt\u00e1s, \u00f6sszeszerel\u00e9s<\/td>\n<\/tr>\n<tr>\n<td class=\"label\">Tan\u00fas\u00edtv\u00e1ny<\/td>\n<td>CQM, SGS, CE, BV, SONCAP \/ GB, ISO, JIS, AS, NZS, QUALICOAT, QUOLANOD rendelkez\u00e9sre \u00e1ll.<\/td>\n<\/tr>\n<\/table>\n<h2>Gy\u00e1rt\u00f3 b\u00e1zisunk<\/h2>\n<h3>Gy\u00e1ri panor\u00e1ma<\/h3>\n<p><img decoding=\"async\" src=\"\/wp-content\/uploads\/factory-01.webp\"\/><\/p>\n<h3>Alum\u00ednium r\u00fadgy\u00e1rt\u00f3 m\u0171hely<\/h3>\n<p><img decoding=\"async\" src=\"\/wp-content\/uploads\/factory-02.webp\"\/><\/p>\n<\/p>\n<p><img decoding=\"async\" src=\"\/wp-content\/uploads\/factory-03.webp\"\/><\/p>\n<h3>Pen\u00e9sz rakt\u00e1r<\/h3>\n<p><img decoding=\"async\" src=\"\/wp-content\/uploads\/factory-04.webp\"\/><\/p>\n<h3>43 alum\u00ednium extrud\u00e1l\u00f3 vonal (500-5500 tonna)<\/h3>\n<p><img decoding=\"async\" src=\"\/wp-content\/uploads\/factory-05.webp\"\/><\/p>\n<p><img decoding=\"async\" src=\"\/wp-content\/uploads\/factory-06.webp\"\/><\/p>\n<p><img decoding=\"async\" src=\"\/wp-content\/uploads\/factory-07.webp\"\/><\/p>\n<h3>Porfest\u0151 m\u0171hely<\/h3>\n<p><img decoding=\"async\" src=\"\/wp-content\/uploads\/factory-09.webp\"\/><\/p>\n<h3>Anodiz\u00e1l\u00f3 m\u0171hely<\/h3>\n<p><img decoding=\"async\" src=\"\/wp-content\/uploads\/factory-10.webp\"\/><\/p>\n<h3>M\u00e9ly feldolgoz\u00e1si m\u0171hely<\/h3>\n<p><img decoding=\"async\" src=\"\/wp-content\/uploads\/factory-11.webp\"\/><\/p>\n<h3>CNC prec\u00edzi\u00f3s megmunk\u00e1l\u00f3 m\u0171hely<\/h3>\n<p><img decoding=\"async\" src=\"\/wp-content\/uploads\/factory-11.5.webp\"\/><\/p>\n<h3>K\u00e9szterm\u00e9k \u00e9s export rakt\u00e1r<\/h3>\n<p><img decoding=\"async\" src=\"\/wp-content\/uploads\/factory-12.webp\"\/><\/p>\n<p><img decoding=\"async\" src=\"\/wp-content\/uploads\/factory-13.webp\"\/><\/p>\n<p><img decoding=\"async\" src=\"\/wp-content\/uploads\/factory-14.webp\"\/><\/p>\n<h2>GYIK<\/h2>\n<p><b>1.Mi az alum\u00ednium extrud\u00e1l\u00f3 pr\u00e9ssor profilja fa szemcs\u00e9s bevonat\u00fa sz\u00edn\u0171 OEM-hez?<\/b><\/p>\n<p>Olyan ajt\u00f3keretek, f\u00fcgg\u00f6nyfalak \u00e9s mennyezeti panelek gy\u00e1rt\u00e1s\u00e1hoz haszn\u00e1lj\u00e1k, amelyekhez tart\u00f3s alum\u00edniumprofilra van sz\u00fcks\u00e9g, eleg\u00e1ns, fa szemcs\u00e9s kivitelben.\n<\/p>\n<p><\/p>\n<p><b>2.Mik a legfontosabb el\u0151nyei az alum\u00ednium extrud\u00e1lt profilokon alkalmazott f\u00e1b\u00f3l k\u00e9sz\u00fclt szemcs\u00e9s bevonatnak?<\/b><\/p>\n<p>A fa szemcs\u00e9s bevonat term\u00e9szetes fa megjelen\u00e9st biztos\u00edt, fokozott korr\u00f3zi\u00f3\u00e1ll\u00f3s\u00e1ggal, UV-v\u00e9delemmel, karc\u00e1ll\u00f3s\u00e1ggal \u00e9s alacsony karbantart\u00e1si ig\u00e9nybev\u00e9tellel.\n<\/p>\n<p><\/p>\n<p><b>3.Mi\u00e9rt v\u00e1lassza az OEM alum\u00ednium extrud\u00e1lt profilokat fa szemcs\u00e9s bevonattal?<\/b><\/p>\n<p>Az OEM-profilok biztos\u00edtj\u00e1k az egyedi \u00e9p\u00edt\u00e9szeti tervekhez \u00e9s projektk\u00f6vetelm\u00e9nyekhez igaz\u00edtott m\u00e9reteket, sz\u00edneket \u00e9s kiviteleket.\n<\/p>\n<p><\/p>\n<p><b>4.Milyen el\u0151ny\u00f6kkel j\u00e1r a pr\u00e9ssoros elj\u00e1r\u00e1s a faanyagbevonat\u00fa alum\u00ednium extrud\u00e1lt profilok eset\u00e9ben?<\/b><\/p>\n<p>A pr\u00e9ssor nagy pontoss\u00e1got \u00e9s k\u00f6vetkezetess\u00e9get biztos\u00edt a profilform\u00e1k tekintet\u00e9ben, ami egyenletes bevonatfelhord\u00e1st \u00e9s kiv\u00e1l\u00f3 fel\u00fcleti min\u0151s\u00e9get biztos\u00edt.\n<\/p>\n<p><\/p>\n<p><b>5.Alkalmasak-e a fa szemcs\u00e9s bevonattal ell\u00e1tott alum\u00ednium extrud\u00e1lt profilok k\u00fclt\u00e9ri felhaszn\u00e1l\u00e1sra?<\/b><\/p>\n<p>Igen, ezek a profilok ellen\u00e1llnak a nedvess\u00e9gnek, az UV-sugaraknak \u00e9s az id\u0151j\u00e1r\u00e1s viszontags\u00e1gainak, \u00edgy ide\u00e1lisak k\u00fclt\u00e9ri ajt\u00f3k, f\u00fcgg\u00f6nyfalak \u00e9s mennyezetek sz\u00e1m\u00e1ra.\n<\/p>\n<p><\/p>\n<p><b>6.Lehet-e testre szabni a f\u00e1b\u00f3l k\u00e9sz\u00fclt, szemcs\u00e9s bevonattal ell\u00e1tott alum\u00ednium extrud\u00e1lt profilokat?<\/b><\/p>\n<p>Igen, testre szabhat\u00f3 a profil kialak\u00edt\u00e1sa, a bevonat sz\u00edne, a faanyagmint\u00e1zat, a hossz \u00e9s az \u00f6tv\u00f6zet min\u0151s\u00e9ge a k\u00fcl\u00f6nb\u00f6z\u0151 \u00e9p\u00edt\u00e9si ig\u00e9nyekhez.\n<\/p>\n<p><\/p>\n<p><b>7.Milyen ipar\u00e1gak haszn\u00e1lj\u00e1k \u00e1ltal\u00e1ban a f\u00e1b\u00f3l k\u00e9sz\u00fclt, szemcs\u00e9s bevonattal ell\u00e1tott alum\u00ednium extrud\u00e1lt profilokat?<\/b><\/p>\n<p>Az \u00e9p\u00edt\u0151ipar, az \u00e9p\u00edt\u00e9szeti tervez\u00e9s, a bels\u0151\u00e9p\u00edt\u00e9szet \u00e9s a kereskedelmi \u00e9p\u00edt\u0151ipar ezeket a profilokat tart\u00f3ss\u00e1guk \u00e9s eszt\u00e9tikai vonzerej\u00fck miatt haszn\u00e1lja.\n<\/p>\n<p><\/p>\n<p><b>8.Hogyan t\u00e1mogatja az alum\u00ednium extrud\u00e1lt profilokon l\u00e9v\u0151, fa szemcs\u00e9s bevonat a fenntarthat\u00f3 \u00e9p\u00edtkez\u00e9st?<\/b><\/p>\n<p>Az alum\u00ednium 100% \u00fajrahasznos\u00edthat\u00f3, a bevon\u00e1si elj\u00e1r\u00e1s pedig k\u00f6rnyezetbar\u00e1t, \u00edgy fenntarthat\u00f3 alternat\u00edv\u00e1t k\u00edn\u00e1l a term\u00e9szetes fa helyett az \u00e9p\u00edt\u00e9si projektekben.\n<\/p>\n<p><\/p>","protected":false},"featured_media":6529,"template":"","categories":[63],"class_list":["post-6530","product","type-product","status-publish","has-post-thumbnail","hentry","category-fluorocarbon-coating-profile"],"meta_box":{"hilight_text_group":{"product_hilight_text":"<li>Advanced extrusion press line ensures high precision and consistency<\/li>\r\r\n<li>Wood grain coating provides natural aesthetic with durable finish<\/li>\r\r\n<li>Custom color options available for OEM door, curtain wall, and ceiling profiles<\/li>\r\r\n<li>Corrosion-resistant aluminum ideal for indoor and outdoor architectural use<\/li>\r\r\n<li>Supports bulk production with reliable quality and timely delivery<\/li>","product_chanpin_blog":"<ul>\r\r\n<li><a href=\"https:\/\/sinoextrud.com\/t-slot-v-slot-differences\/\" target=\"_blank\">t slot vs v slot<\/a><\/li>\r\r\n<li><a href=\"https:\/\/sinoextrud.com\/what-is-4040-aluminium-extrud\/\" target=\"_blank\">4040 aluminium extrusion<\/a><\/li>\r\r\n<li><a href=\"https:\/\/sinoextrud.com\/what-is-4040-aluminium-extrud\/\" target=\"_blank\">aluminum extrusions for industrial racks<\/a><\/li>\r\r\n<li><a href=\"https:\/\/sinoextrud.com\/powder-coating-aluminium-process\/\" target=\"_blank\">powder coating aluminium<\/a><\/li>\r\r\n<li><a href=\"https:\/\/sinoextrud.com\/what-is-an-aluminium-strip-ceiling\/\" target=\"_blank\">aluminium strip ceiling<\/a><\/li>\r\r\n<li><a href=\"https:\/\/sinoextrud.com\/what-is-a-heat-sink\/\" target=\"_blank\">what is a heat sink<\/a><\/li>\r\r\n<\/ul>","product_chanpin_chanpin":"<li><a href=\"https:\/\/sinoextrud.com\/product\/elictrophoresis-matte-gold-aluminium-profile-cad\/\" target=\"_blank\">Elictrophoresis matte gold aluminium profile cad download section price per ton extrusions for windows and doors construction<\/a><\/li>\r\n<li><a href=\"https:\/\/sinoextrud.com\/product\/electrophoretic-wood-surface-aluminum-square-pipe\/\" target=\"_blank\">Electrophoretic wood surface-aluminum Square Pipe<\/a><\/li>\r\n<li><a href=\"https:\/\/sinoextrud.com\/product\/aluminum-square-tube-in-wooden-grain\/\" target=\"_blank\">Aluminum Square Tube In Wooden Grain<\/a><\/li>\r\n<li><a href=\"https:\/\/sinoextrud.com\/product\/alu-squ-tube-in-wood-grain-painting\/\" target=\"_blank\">Alu squ tube In Wood Grain Painting<\/a><\/li>\r\n<li><a href=\"https:\/\/sinoextrud.com\/product\/aluminium-extrusion-press-line-profile-wooden-grained-coating-color-oem\/\" target=\"_blank\">Aluminium Extrusion Press Line profile wooden grained coating color OEM for Door Curtain Wall Ceiling<\/a><\/li>\r\n<li><a href=\"https:\/\/sinoextrud.com\/product\/pvdf-coating-aluminum-profile-curtain-wall\/\" target=\"_blank\">PVDF Coating Aluminum profile Curtain Wall<\/a><\/li>\r\n<li><a href=\"https:\/\/sinoextrud.com\/product\/soundproofed-watertigh\/\" target=\"_blank\">Soundproofed Watertight Wind resistant occulting frame powder coated Facade Cladding and Glass wall aluminium profile<\/a><\/li>\r\n<li><a href=\"https:\/\/sinoextrud.com\/product\/eco-friendly-water-borne-fluorocarbon-spraying-decorative-aluminum-profile-for-outdoor-project\/\" target=\"_blank\">ECO-Friendly Water-borne Fluorocarbon Spraying Decorative Aluminum Profile For Outdoor Project<\/a><\/li>\r\n<li><a href=\"https:\/\/sinoextrud.com\/product\/fluorocarbon-coated-aluminium-extrusions\/\" target=\"_blank\">Fluorocarbon Coated Aluminium Extrusions<\/a><\/li>\r\n<li><a href=\"https:\/\/sinoextrud.com\/product\/industrial-t-slot-aluminum-profile\/\" target=\"_blank\">Industrial T Slot Aluminum Profile<\/a><\/li>\r\n<li><a href=\"https:\/\/sinoextrud.com\/product\/aluminum-t-bar-extrusion\/\" target=\"_blank\">Aluminum T Bar Extrusion<\/a><\/li>"},"feature_list":[]},"_links":{"self":[{"href":"https:\/\/sinoextrud.com\/hu\/wp-json\/wp\/v2\/product\/6530","targetHints":{"allow":["GET"]}}],"collection":[{"href":"https:\/\/sinoextrud.com\/hu\/wp-json\/wp\/v2\/product"}],"about":[{"href":"https:\/\/sinoextrud.com\/hu\/wp-json\/wp\/v2\/types\/product"}],"wp:featuredmedia":[{"embeddable":true,"href":"https:\/\/sinoextrud.com\/hu\/wp-json\/wp\/v2\/media\/6529"}],"wp:attachment":[{"href":"https:\/\/sinoextrud.com\/hu\/wp-json\/wp\/v2\/media?parent=6530"}],"wp:term":[{"taxonomy":"category","embeddable":true,"href":"https:\/\/sinoextrud.com\/hu\/wp-json\/wp\/v2\/categories?post=6530"}],"curies":[{"name":"wp","href":"https:\/\/api.w.org\/{rel}","templated":true}]}}