{"id":6520,"date":"2025-05-29T06:39:15","date_gmt":"2025-05-29T06:39:15","guid":{"rendered":"https:\/\/sinoextrud.com\/product\/electrophoresis-aluminum-profile-wood-grain\/"},"modified":"2025-06-24T06:11:04","modified_gmt":"2025-06-24T06:11:04","slug":"elektroforezis-aluminium-profil-fa-szemcses","status":"publish","type":"product","link":"https:\/\/sinoextrud.com\/hu\/product\/electrophoresis-aluminum-profile-wood-grain\/","title":{"rendered":"Elektrofor\u00e9zis alum\u00ednium profil fa szemcs\u00e9k"},"content":{"rendered":"<h2>Term\u00e9kek r\u00e9szletei<\/h2>\n<table class=\"custom-table\">\n<tr>\n<td class=\"label\">Modell NO.:<\/td>\n<td>6000-es sorozat<\/td>\n<\/tr>\n<tr>\n<td class=\"label\">Fel\u00fcletkezel\u00e9s:<\/td>\n<td>Wood Grain, testreszabott<\/td>\n<\/tr>\n<tr>\n<td class=\"label\">\u00d6tv\u00f6z\u0151 \u00f6sszetev\u0151:<\/td>\n<td>6063<\/td>\n<\/tr>\n<tr>\n<td class=\"label\">Tan\u00fas\u00edt\u00e1s:<\/td>\n<td>CE, SONCAP, ISO, CIQ, ROHS, TUV, SGS<\/td>\n<\/tr>\n<tr>\n<td class=\"label\">Pol\u00edrozott alum\u00ednium profil:<\/td>\n<td>Mechanikai pol\u00edroz\u00e1s<\/td>\n<\/tr>\n<tr>\n<td class=\"label\">Anyag:<\/td>\n<td>6063-T5, 6061-T6, 6463-T5, 7075-T6, 6082<\/td>\n<\/tr>\n<tr>\n<td class=\"label\">Fel\u00fcletkezel\u00e9s:<\/td>\n<td>Elektrofor\u00e9zis<\/td>\n<\/tr>\n<tr>\n<td class=\"label\">M\u00e9ly folyamat:<\/td>\n<td>CNC, f\u00far\u00e1s, csavaroz\u00e1s, lyukaszt\u00e1s, v\u00e1g\u00e1s, hajl\u00edt\u00e1s<\/td>\n<\/tr>\n<tr>\n<td class=\"label\">Sz\u00edn:<\/td>\n<td>fa szemcs\u00e9k (k\u00fcl\u00f6nb\u00f6z\u0151 sz\u00ednek \u00e1llnak rendelkez\u00e9sre)<\/td>\n<\/tr>\n<tr>\n<td class=\"label\">Garancia:<\/td>\n<td>10-20 \u00e9v<\/td>\n<\/tr>\n<tr>\n<td class=\"label\">Term\u00e9k:<\/td>\n<td>Elektrofor\u00e9zis alum\u00ednium profil fa szemcs\u00e9k<\/td>\n<\/tr>\n<tr>\n<td class=\"label\">Rakod\u00e1si kik\u00f6t\u0151:<\/td>\n<td>Foshan, Guangdong, K\u00edna<\/td>\n<\/tr>\n<tr>\n<td class=\"label\">Fizet\u00e9s:<\/td>\n<td>T \/ T 30% let\u00e9tbe helyez\u00e9s, m\u00e9rleg sz\u00e1ll\u00edt\u00e1s el\u0151tt<\/td>\n<\/tr>\n<tr>\n<td class=\"label\">Eredet:<\/td>\n<td>K\u00edna<\/td>\n<\/tr>\n<tr>\n<td class=\"label\">HS-k\u00f3d:<\/td>\n<td>7604210000<\/td>\n<\/tr>\n<\/table>\n<h2>Gy\u00e1rt\u00f3 b\u00e1zisunk<\/h2>\n<h3>Gy\u00e1ri panor\u00e1ma<\/h3>\n<p><img decoding=\"async\" src=\"\/wp-content\/uploads\/factory-01.webp\"\/><\/p>\n<h3>Alum\u00ednium r\u00fadgy\u00e1rt\u00f3 m\u0171hely<\/h3>\n<p><img decoding=\"async\" src=\"\/wp-content\/uploads\/factory-02.webp\"\/><\/p>\n<p><img decoding=\"async\" src=\"\/wp-content\/uploads\/factory-03.webp\"\/><\/p>\n<h3>Pen\u00e9sz rakt\u00e1r<\/h3>\n<p><img decoding=\"async\" src=\"\/wp-content\/uploads\/factory-04.webp\"\/><\/p>\n<h3>43 alum\u00ednium extrud\u00e1l\u00f3 vonal (500-5500 tonna)<\/h3>\n<p><img decoding=\"async\" src=\"\/wp-content\/uploads\/factory-05.webp\"\/><\/p>\n<p><img decoding=\"async\" src=\"\/wp-content\/uploads\/factory-06.webp\"\/><\/p>\n<p><img decoding=\"async\" src=\"\/wp-content\/uploads\/factory-07.webp\"\/><\/p>\n<h3>Porfest\u0151 m\u0171hely<\/h3>\n<p><img decoding=\"async\" src=\"\/wp-content\/uploads\/factory-09.webp\"\/><\/p>\n<h3>Anodiz\u00e1l\u00f3 m\u0171hely<\/h3>\n<p><img decoding=\"async\" src=\"\/wp-content\/uploads\/factory-10.webp\"\/><\/p>\n<h3>M\u00e9ly feldolgoz\u00e1si m\u0171hely<\/h3>\n<p><img decoding=\"async\" src=\"\/wp-content\/uploads\/factory-11.webp\"\/><\/p>\n<h3>CNC prec\u00edzi\u00f3s megmunk\u00e1l\u00f3 m\u0171hely<\/h3>\n<p><img decoding=\"async\" src=\"\/wp-content\/uploads\/factory-11.5.webp\"\/><\/p>\n<h3>K\u00e9szterm\u00e9k \u00e9s export rakt\u00e1r<\/h3>\n<p><img decoding=\"async\" src=\"\/wp-content\/uploads\/factory-12.webp\"\/><\/p>\n<p><img decoding=\"async\" src=\"\/wp-content\/uploads\/factory-13.webp\"\/><\/p>\n<p><img decoding=\"async\" src=\"\/wp-content\/uploads\/factory-14.webp\"\/><\/p>\n<h2>GYIK<\/h2>\n<p><p><b>1.Mi az elektrofor\u00e9zis alum\u00ednium profil fa szemcs\u00e9k?<\/b><\/p>\n<p>Ez egy elektroforetikus bevonattal kezelt alum\u00ednium sajtolt term\u00e9k, amely a term\u00e9szetes faanyagok megjelen\u00e9s\u00e9t ut\u00e1nozza, mik\u00f6zben az alum\u00ednium tart\u00f3ss\u00e1g\u00e1t k\u00edn\u00e1lja.<br \/>\n<\/p><br \/>\n<br \/>\n<p><b>2.Mik a legfontosabb el\u0151nyei az elektrofor\u00e9zis alum\u00ednium profil fa szemcs\u00e9k?<\/b><\/p>\n<p>Ezek a profilok \u00f6tv\u00f6zik az alum\u00ednium korr\u00f3zi\u00f3\u00e1ll\u00f3s\u00e1g\u00e1t \u00e9s szil\u00e1rds\u00e1g\u00e1t a val\u00f3s\u00e1gh\u0171 faanyag\u00fa fel\u00fcletkezel\u00e9ssel, eszt\u00e9tikus megjelen\u00e9st \u00e9s hossz\u00fa \u00e9lettartamot biztos\u00edtva.<br \/>\n<\/p><br \/>\n<br \/>\n<p><b>3.Mi\u00e9rt v\u00e1lassza az elektrofor\u00e9zis bevonatot a fa szemcs\u00e9s alum\u00ednium profilokhoz?<\/b><\/p>\n<p>Az elektrofor\u00e9zis bevonat egyenletes lefedetts\u00e9get, er\u0151s tapad\u00e1st \u00e9s a hagyom\u00e1nyos fafel\u00fcletekhez k\u00e9pest kiv\u00e1l\u00f3 v\u00e9delmet biztos\u00edt a fakul\u00e1s, h\u00e1ml\u00e1s \u00e9s korr\u00f3zi\u00f3 ellen.<br \/>\n<\/p><br \/>\n<br \/>\n<p><b>4.Can elektrofor\u00e9zis alum\u00ednium profilok fa szemcs\u00e9k testre szabhat\u00f3?<\/b><\/p>\n<p>Igen, m\u00e9ret\u00fck, alakjuk, sz\u00ednintenzit\u00e1suk \u00e9s szemcsemint\u00e1juk testre szabhat\u00f3, hogy megfeleljenek az egyedi tervez\u00e9si \u00e9s \u00e9p\u00edt\u00e9szeti k\u00f6vetelm\u00e9nyeknek.<br \/>\n<\/p><br \/>\n<br \/>\n<p><b>5.Hogyan jav\u00edtja a fa szemcs\u00e9s fel\u00fclet az alum\u00ednium profilokat?<\/b><\/p>\n<p>A kivitel a fa term\u00e9szetes, meleg megjelen\u00e9s\u00e9t adja, mik\u00f6zben meg\u0151rzi az alum\u00ednium k\u00f6nny\u0171 s\u00faly\u00e1t, rozsda\u00e1ll\u00f3s\u00e1g\u00e1t \u00e9s alacsony karbantart\u00e1si ig\u00e9ny\u00e9t.<br \/>\n<\/p><br \/>\n<br \/>\n<p><b>6.Are elektrofor\u00e9zis alum\u00ednium profil fa szemcs\u00e9s term\u00e9kek alkalmasak k\u00fclt\u00e9ri haszn\u00e1latra?<\/b><\/p>\n<p>Igen, rendk\u00edv\u00fcl ellen\u00e1ll\u00f3ak az UV-sugarakkal, a nedvess\u00e9ggel \u00e9s az id\u0151j\u00e1r\u00e1si k\u00f6r\u00fclm\u00e9nyekkel szemben, \u00edgy ide\u00e1lisak k\u00fcls\u0151 \u00e9p\u00edt\u00e9szeti \u00e9s dekorat\u00edv alkalmaz\u00e1sokhoz.<br \/>\n<\/p><br \/>\n<br \/>\n<p><b>7.Mely ipar\u00e1gak haszn\u00e1lj\u00e1k \u00e1ltal\u00e1ban elektrofor\u00e9zis alum\u00ednium profil fa szemcs\u00e9k?<\/b><\/p>\n<p>Az \u00e9p\u00edt\u0151ipar, a b\u00fatoripar, a bels\u0151\u00e9p\u00edt\u00e9szet \u00e9s a faipar ezeket a profilokat haszn\u00e1lja, hogy a tart\u00f3ss\u00e1got eleg\u00e1ns faeszt\u00e9tik\u00e1val kombin\u00e1lja.<br \/>\n<\/p><br \/>\n<br \/>\n<p><b>8.Hogyan t\u00e1mogatja az elektrofor\u00e9zis alum\u00ednium profil fa szemcs\u00e9i a fenntarthat\u00f3 tervez\u00e9st?<\/b><\/p>\n<p>Az alum\u00ednium 100% \u00fajrahasznos\u00edthat\u00f3, az elektroforetikus bevon\u00e1si elj\u00e1r\u00e1s pedig k\u00f6rnyezetbar\u00e1t, \u00edgy fenntarthat\u00f3 alternat\u00edv\u00e1t k\u00edn\u00e1l a term\u00e9szetes fa helyett.<br \/>\n<\/p><br \/><\/p>","protected":false},"featured_media":6519,"template":"","categories":[62],"class_list":["post-6520","product","type-product","status-publish","has-post-thumbnail","hentry","category-electrophoresis-aluminum-profile"],"meta_box":{"hilight_text_group":{"product_hilight_text":"<li>Electrophoresis coating provides durable corrosion and wear resistance<\/li>\r\r\n<li>Realistic wood grain finish adds natural aesthetic to aluminum profiles<\/li>\r\r\n<li>Lightweight yet strong, suitable for architectural and decorative use<\/li>\r\r\n<li>High-precision extrusion ensures consistent dimensions and quality<\/li>\r\r\n<li>Supports custom sizes, colors, and bulk orders for large projects<\/li>","product_chanpin_blog":"<ul>\r\r\n<li><a href=\"https:\/\/sinoextrud.com\/t-slot-v-slot-differences\/\" target=\"_blank\">t slot vs v slot<\/a><\/li>\r\r\n<li><a href=\"https:\/\/sinoextrud.com\/what-is-4040-aluminium-extrud\/\" target=\"_blank\">4040 aluminium extrusion<\/a><\/li>\r\r\n<li><a href=\"https:\/\/sinoextrud.com\/what-is-4040-aluminium-extrud\/\" target=\"_blank\">aluminum extrusions for industrial racks<\/a><\/li>\r\r\n<li><a href=\"https:\/\/sinoextrud.com\/powder-coating-aluminium-process\/\" target=\"_blank\">powder coating aluminium<\/a><\/li>\r\r\n<li><a href=\"https:\/\/sinoextrud.com\/what-is-an-aluminium-strip-ceiling\/\" target=\"_blank\">aluminium strip ceiling<\/a><\/li>\r\r\n<li><a href=\"https:\/\/sinoextrud.com\/what-is-a-heat-sink\/\" target=\"_blank\">what is a heat sink<\/a><\/li>\r\r\n<\/ul>","product_chanpin_chanpin":"<li><a href=\"https:\/\/sinoextrud.com\/product\/electrophoretic-grain-square-tube-rosewood\/\" target=\"_blank\">Electrophoretic Grain Square Tube Rosewood<\/a><\/li>\r\n<li><a href=\"https:\/\/sinoextrud.com\/product\/electrophoresis-surface-aluminum-profiles\/\" target=\"_blank\">Electrophoresis Surface Aluminum Profiles<\/a><\/li>\r\n<li><a href=\"https:\/\/sinoextrud.com\/product\/golden-electrophoresis-aluminum-profile\/\" target=\"_blank\">Golden Electrophoresis Aluminum Profile<\/a><\/li>\r\n<li><a href=\"https:\/\/sinoextrud.com\/product\/aluminum-profile-with-pvdf-coating\/\" target=\"_blank\">Aluminum Profile With PVDF Coating<\/a><\/li>\r\n<li><a href=\"https:\/\/sinoextrud.com\/product\/electrophoresis-aluminum-profile-wood-grain\/\" target=\"_blank\">Electrophoresis Aluminum Profile Wood Grain<\/a><\/li>\r\n<li><a href=\"https:\/\/sinoextrud.com\/product\/elictrophoresis-matte-gold-aluminium-profile-cad\/\" target=\"_blank\">Elictrophoresis matte gold aluminium profile cad download section price per ton extrusions for windows and doors construction<\/a><\/li>\r\n<li><a href=\"https:\/\/sinoextrud.com\/product\/electrophoretic-wood-surface-aluminum-square-pipe\/\" target=\"_blank\">Electrophoretic wood surface-aluminum Square Pipe<\/a><\/li>\r\n<li><a href=\"https:\/\/sinoextrud.com\/product\/aluminum-square-tube-in-wooden-grain\/\" target=\"_blank\">Aluminum Square Tube In Wooden Grain<\/a><\/li>\r\n<li><a href=\"https:\/\/sinoextrud.com\/product\/alu-squ-tube-in-wood-grain-painting\/\" target=\"_blank\">Alu squ tube In Wood Grain Painting<\/a><\/li>\r\n<li><a href=\"https:\/\/sinoextrud.com\/product\/the-hexagonal-type-ceiling-system\/\" target=\"_blank\">The Hexagonal Type Ceiling System (Hexagonal Ceiling)<\/a><\/li>\r\n<li><a href=\"https:\/\/sinoextrud.com\/product\/aluminum-extrusion-aluminum-cladding-profile-wood-look-grain-aluminum-panels\/\" target=\"_blank\">Aluminum Extrusion Aluminum Cladding Profile Wood Look Grain Aluminum Panels<\/a><\/li>"},"feature_list":[]},"_links":{"self":[{"href":"https:\/\/sinoextrud.com\/hu\/wp-json\/wp\/v2\/product\/6520","targetHints":{"allow":["GET"]}}],"collection":[{"href":"https:\/\/sinoextrud.com\/hu\/wp-json\/wp\/v2\/product"}],"about":[{"href":"https:\/\/sinoextrud.com\/hu\/wp-json\/wp\/v2\/types\/product"}],"wp:featuredmedia":[{"embeddable":true,"href":"https:\/\/sinoextrud.com\/hu\/wp-json\/wp\/v2\/media\/6519"}],"wp:attachment":[{"href":"https:\/\/sinoextrud.com\/hu\/wp-json\/wp\/v2\/media?parent=6520"}],"wp:term":[{"taxonomy":"category","embeddable":true,"href":"https:\/\/sinoextrud.com\/hu\/wp-json\/wp\/v2\/categories?post=6520"}],"curies":[{"name":"wp","href":"https:\/\/api.w.org\/{rel}","templated":true}]}}