{"id":6518,"date":"2025-05-29T06:35:55","date_gmt":"2025-05-29T06:35:55","guid":{"rendered":"https:\/\/sinoextrud.com\/product\/aluminum-profile-with-pvdf-coating\/"},"modified":"2025-06-24T06:11:04","modified_gmt":"2025-06-24T06:11:04","slug":"aluminium-profil-pvdf-bevonattal","status":"publish","type":"product","link":"https:\/\/sinoextrud.com\/hu\/product\/aluminum-profile-with-pvdf-coating\/","title":{"rendered":"Alum\u00ednium profil PVDF bevonattal"},"content":{"rendered":"<h2>Term\u00e9kek r\u00e9szletei<\/h2>\n<table class=\"custom-table\">\n<tr>\n<td class=\"label\">M\u0171szaki adatok<\/td>\n<td>Alum\u00ednium profil PVDF bevonattal<\/td>\n<\/tr>\n<tr>\n<td class=\"label\">\u00c1ltal\u00e1nos alum\u00ednium\u00f6tv\u00f6zet<\/td>\n<td>6063,6061,6060,6005,6082<\/td>\n<\/tr>\n<tr>\n<td class=\"label\">Speci\u00e1lis alum\u00ednium\u00f6tv\u00f6zet<\/td>\n<td>6063A,6061F,5050,5052<\/td>\n<\/tr>\n<tr>\n<td class=\"label\">Fel\u00fcletkezel\u00e9s<\/td>\n<td>Teljes\u00edtm\u00e9ny bevonat, feh\u00e9r, fekete, barna, piros, z\u00f6ld \u00e9s minden m\u00e1s sz\u00edn, sz\u00ednmint\u00e1t k\u00e9sz\u00edthet az \u00fcgyf\u00e9l ig\u00e9nyei szerint<\/td>\n<\/tr>\n<tr>\n<td class=\"label\">Elox\u00e1l\u00e1s<\/td>\n<td>Ez\u00fcst, Brozen, Champagne, Fekete, Arany stb., mikro 8-25 k\u00f6z\u00f6tt<br \/>Elektrofor\u00e9zis \u00e9s fa szemcs\u00e9k<\/td>\n<\/tr>\n<tr>\n<td class=\"label\">MOQ<\/td>\n<td>200KGS<\/td>\n<\/tr>\n<tr>\n<td class=\"label\">Csomag<\/td>\n<td>zsugorf\u00f3li\u00e1z\u00e1s, m\u0171anyag zs\u00e1k, er\u0151pap\u00edr, pap\u00edrcsomagol\u00e1s.F\u00e1b\u00f3l k\u00e9sz\u00fclt raklap fel\u00e1r ellen\u00e9ben stb.<\/td>\n<\/tr>\n<tr>\n<td class=\"label\">Fizet\u00e9s<\/td>\n<td>T\/T, L\/C, 30% el\u0151legfizet\u00e9s<\/td>\n<\/tr>\n<tr>\n<td class=\"label\">Sz\u00e1ll\u00edt\u00e1s<\/td>\n<td>15-25 nap<\/td>\n<\/tr>\n<\/table>\n<h2>Gy\u00e1rt\u00f3 b\u00e1zisunk<\/h2>\n<h3>Gy\u00e1ri panor\u00e1ma<\/h3>\n<p><img decoding=\"async\" src=\"\/wp-content\/uploads\/factory-01.webp\"\/><\/p>\n<h3>Alum\u00ednium r\u00fadgy\u00e1rt\u00f3 m\u0171hely<\/h3>\n<p><img decoding=\"async\" src=\"\/wp-content\/uploads\/factory-02.webp\"\/><\/p>\n<\/p>\n<p><img decoding=\"async\" src=\"\/wp-content\/uploads\/factory-03.webp\"\/><\/p>\n<h3>Pen\u00e9sz rakt\u00e1r<\/h3>\n<p><img decoding=\"async\" src=\"\/wp-content\/uploads\/factory-04.webp\"\/><\/p>\n<h3>43 alum\u00ednium extrud\u00e1l\u00f3 vonal (500-5500 tonna)<\/h3>\n<p><img decoding=\"async\" src=\"\/wp-content\/uploads\/factory-05.webp\"\/><\/p>\n<p><img decoding=\"async\" src=\"\/wp-content\/uploads\/factory-06.webp\"\/><\/p>\n<p><img decoding=\"async\" src=\"\/wp-content\/uploads\/factory-07.webp\"\/><\/p>\n<h3>Porfest\u0151 m\u0171hely<\/h3>\n<p><img decoding=\"async\" src=\"\/wp-content\/uploads\/factory-09.webp\"\/><\/p>\n<h3>Anodiz\u00e1l\u00f3 m\u0171hely<\/h3>\n<p><img decoding=\"async\" src=\"\/wp-content\/uploads\/factory-10.webp\"\/><\/p>\n<h3>M\u00e9ly feldolgoz\u00e1si m\u0171hely<\/h3>\n<p><img decoding=\"async\" src=\"\/wp-content\/uploads\/factory-11.webp\"\/><\/p>\n<h3>CNC prec\u00edzi\u00f3s megmunk\u00e1l\u00f3 m\u0171hely<\/h3>\n<p><img decoding=\"async\" src=\"\/wp-content\/uploads\/factory-11.5.webp\"\/><\/p>\n<h3>K\u00e9szterm\u00e9k \u00e9s export rakt\u00e1r<\/h3>\n<p><img decoding=\"async\" src=\"\/wp-content\/uploads\/factory-12.webp\"\/><\/p>\n<p><img decoding=\"async\" src=\"\/wp-content\/uploads\/factory-13.webp\"\/><\/p>\n<p><img decoding=\"async\" src=\"\/wp-content\/uploads\/factory-14.webp\"\/><\/p>\n<h2>GYIK<\/h2>\n<p><b>1.Mi az az alum\u00ednium profil PVDF bevonattal?<\/b><\/p>\n<p>A PVDF-bevonat\u00fa alum\u00edniumprofil egy polivinilid\u00e9n-fluorid bevonattal kezelt alum\u00ednium sajtolt term\u00e9k, amely kiv\u00e1l\u00f3 id\u0151j\u00e1r\u00e1s\u00e1ll\u00f3s\u00e1got \u00e9s eszt\u00e9tikai tart\u00f3ss\u00e1got biztos\u00edt.\n<\/p>\n<p><\/p>\n<p><b>2.Mik a PVDF bevonattal ell\u00e1tott alum\u00ednium profilok legfontosabb el\u0151nyei?<\/b><\/p>\n<p>Kiv\u00e1l\u00f3 UV-\u00e1ll\u00f3s\u00e1got, korr\u00f3zi\u00f3v\u00e9delmet, sz\u00edntart\u00f3ss\u00e1got \u00e9s sima, tart\u00f3s fel\u00fcletet biztos\u00edtanak, amely alkalmas a zord k\u00fclt\u00e9ri k\u00f6rnyezethez.\n<\/p>\n<p><\/p>\n<p><b>3.Mi\u00e9rt v\u00e1lassza a PVDF bevonatot az alum\u00ednium profilok m\u00e1s bevonatai helyett?<\/b><\/p>\n<p>A PVDF bevonat jobb k\u00e9miai ellen\u00e1ll\u00e1st, id\u0151j\u00e1r\u00e1s\u00e1ll\u00f3s\u00e1got \u00e9s hosszabb ideig tart\u00f3 sz\u00ednstabilit\u00e1st biztos\u00edt a porsz\u00f3r\u00e1ssal \u00e9s az elox\u00e1l\u00e1ssal szemben.\n<\/p>\n<p><\/p>\n<p><b>4.Can alum\u00ednium profilok PVDF bevonattal testre szabhat\u00f3?<\/b><\/p>\n<p>Igen, alakjuk, m\u00e9ret\u00fck, \u00f6tv\u00f6zetmin\u0151s\u00e9g\u00fck \u00e9s bevonatuk sz\u00edne testre szabhat\u00f3, hogy megfeleljenek az egyedi \u00e9p\u00edt\u00e9szeti \u00e9s ipari k\u00f6vetelm\u00e9nyeknek.\n<\/p>\n<p><\/p>\n<p><b>5.Hogyan jav\u00edtja a PVDF bevonat az alum\u00edniumprofil teljes\u00edtm\u00e9ny\u00e9t?<\/b><\/p>\n<p>A PVDF kem\u00e9ny, rugalmas f\u00f3li\u00e1t k\u00e9pez, amely ellen\u00e1ll a kr\u00e9t\u00e1sod\u00e1snak, a fakul\u00e1snak, a repedez\u00e9snek \u00e9s a h\u00e1ml\u00e1snak, \u00edgy hossz\u00fa t\u00e1v\u00fa v\u00e9delmet \u00e9s vizu\u00e1lis vonzer\u0151t biztos\u00edt.\n<\/p>\n<p><\/p>\n<p><b>6.Alkalmasak-e a PVDF bevonattal ell\u00e1tott alum\u00ednium profilok k\u00fclt\u00e9ri alkalmaz\u00e1sra?<\/b><\/p>\n<p>Igen, a PVDF-bevonat\u00fa alum\u00edniumprofilok az UV-sugarakkal, a nedvess\u00e9ggel, a szennyez\u0151 anyagokkal \u00e9s a h\u0151m\u00e9rs\u00e9klet-ingadoz\u00e1sokkal szembeni ellen\u00e1ll\u00f3k\u00e9pess\u00e9g\u00fcknek k\u00f6sz\u00f6nhet\u0151en k\u00fclt\u00e9ri k\u00f6rnyezetben is kiv\u00e1l\u00f3ak.\n<\/p>\n<p><\/p>\n<p><b>7.Mely ipar\u00e1gak haszn\u00e1lj\u00e1k \u00e1ltal\u00e1ban a PVDF bevonattal ell\u00e1tott alum\u00ednium profilokat?<\/b><\/p>\n<p>Az \u00e9p\u00edt\u0151ipar, az aut\u00f3ipar, a jelz\u0151rendszerek \u00e9s a rep\u00fcl\u0151g\u00e9pipar ezeket a profilokat tart\u00f3ss\u00e1guk, korr\u00f3zi\u00f3\u00e1ll\u00f3s\u00e1guk \u00e9s eszt\u00e9tikai tulajdons\u00e1gaik miatt haszn\u00e1lj\u00e1k.\n<\/p>\n<p><\/p>\n<p><b>8.Hogyan t\u00e1mogatja a PVDF-bevonat\u00fa alum\u00edniumprofilok haszn\u00e1lata a fenntarthat\u00f3 \u00e9p\u00edtkez\u00e9st?<\/b><\/p>\n<p>Az alum\u00ednium teljes m\u00e9rt\u00e9kben \u00fajrahasznos\u00edthat\u00f3, a PVDF bevonatok pedig alacsony k\u00f6rnyezeti hat\u00e1ssal \u00e9s hossz\u00fa \u00e9lettartammal rendelkeznek, ami cs\u00f6kkenti a karbantart\u00e1si \u00e9s csereig\u00e9nyeket.\n<\/p>\n<p><\/p>","protected":false},"featured_media":6517,"template":"","categories":[62],"class_list":["post-6518","product","type-product","status-publish","has-post-thumbnail","hentry","category-electrophoresis-aluminum-profile"],"meta_box":{"hilight_text_group":{"product_hilight_text":"<li>PVDF coating offers exceptional weather and UV resistance<\/li>\r\r\n<li>Maintains vibrant color and finish for extended outdoor durability<\/li>\r\r\n<li>High-quality aluminum profile with precise extrusion standards<\/li>\r\r\n<li>Ideal for architectural facades, windows, and decorative applications<\/li>\r\r\n<li>Supports custom profiles, colors, and bulk manufacturing orders<\/li>","product_chanpin_blog":"<ul>\r\r\n<li><a href=\"https:\/\/sinoextrud.com\/t-slot-v-slot-differences\/\" target=\"_blank\">t slot vs v slot<\/a><\/li>\r\r\n<li><a href=\"https:\/\/sinoextrud.com\/what-is-4040-aluminium-extrud\/\" target=\"_blank\">4040 aluminium extrusion<\/a><\/li>\r\r\n<li><a href=\"https:\/\/sinoextrud.com\/what-is-4040-aluminium-extrud\/\" target=\"_blank\">aluminum extrusions for industrial racks<\/a><\/li>\r\r\n<li><a href=\"https:\/\/sinoextrud.com\/powder-coating-aluminium-process\/\" target=\"_blank\">powder coating aluminium<\/a><\/li>\r\r\n<li><a href=\"https:\/\/sinoextrud.com\/what-is-an-aluminium-strip-ceiling\/\" target=\"_blank\">aluminium strip ceiling<\/a><\/li>\r\r\n<li><a href=\"https:\/\/sinoextrud.com\/what-is-a-heat-sink\/\" target=\"_blank\">what is a heat sink<\/a><\/li>\r\r\n<\/ul>","product_chanpin_chanpin":"<li><a href=\"https:\/\/sinoextrud.com\/product\/extrusion-aluminum-profile-for-powder-coating-window-and-door-alloy-6063\/\" target=\"_blank\">Extrusion Aluminum Profile For Powder Coating Window and Door Alloy 6063<\/a><\/li>\r\n<li><a href=\"https:\/\/sinoextrud.com\/product\/electrophoretic-grain-square-tube-rosewood\/\" target=\"_blank\">Electrophoretic Grain Square Tube Rosewood<\/a><\/li>\r\n<li><a href=\"https:\/\/sinoextrud.com\/product\/electrophoresis-surface-aluminum-profiles\/\" target=\"_blank\">Electrophoresis Surface Aluminum Profiles<\/a><\/li>\r\n<li><a href=\"https:\/\/sinoextrud.com\/product\/golden-electrophoresis-aluminum-profile\/\" target=\"_blank\">Golden Electrophoresis Aluminum Profile<\/a><\/li>\r\n<li><a href=\"https:\/\/sinoextrud.com\/product\/aluminum-profile-with-pvdf-coating\/\" target=\"_blank\">Aluminum Profile With PVDF Coating<\/a><\/li>\r\n<li><a href=\"https:\/\/sinoextrud.com\/product\/electrophoresis-aluminum-profile-wood-grain\/\" target=\"_blank\">Electrophoresis Aluminum Profile Wood Grain<\/a><\/li>\r\n<li><a href=\"https:\/\/sinoextrud.com\/product\/elictrophoresis-matte-gold-aluminium-profile-cad\/\" target=\"_blank\">Elictrophoresis matte gold aluminium profile cad download section price per ton extrusions for windows and doors construction<\/a><\/li>\r\n<li><a href=\"https:\/\/sinoextrud.com\/product\/electrophoretic-wood-surface-aluminum-square-pipe\/\" target=\"_blank\">Electrophoretic wood surface-aluminum Square Pipe<\/a><\/li>\r\n<li><a href=\"https:\/\/sinoextrud.com\/product\/aluminum-square-tube-in-wooden-grain\/\" target=\"_blank\">Aluminum Square Tube In Wooden Grain<\/a><\/li>\r\n<li><a href=\"https:\/\/sinoextrud.com\/product\/aluminium-profile-for-clean-room\/\" target=\"_blank\">Aluminium Profile For Clean Room<\/a><\/li>\r\n<li><a href=\"https:\/\/sinoextrud.com\/product\/cnc-industrial-aluminum-profiler\/\" target=\"_blank\">CNC Industrial Aluminum Profiler<\/a><\/li>"},"feature_list":[]},"_links":{"self":[{"href":"https:\/\/sinoextrud.com\/hu\/wp-json\/wp\/v2\/product\/6518","targetHints":{"allow":["GET"]}}],"collection":[{"href":"https:\/\/sinoextrud.com\/hu\/wp-json\/wp\/v2\/product"}],"about":[{"href":"https:\/\/sinoextrud.com\/hu\/wp-json\/wp\/v2\/types\/product"}],"wp:featuredmedia":[{"embeddable":true,"href":"https:\/\/sinoextrud.com\/hu\/wp-json\/wp\/v2\/media\/6517"}],"wp:attachment":[{"href":"https:\/\/sinoextrud.com\/hu\/wp-json\/wp\/v2\/media?parent=6518"}],"wp:term":[{"taxonomy":"category","embeddable":true,"href":"https:\/\/sinoextrud.com\/hu\/wp-json\/wp\/v2\/categories?post=6518"}],"curies":[{"name":"wp","href":"https:\/\/api.w.org\/{rel}","templated":true}]}}