{"id":6516,"date":"2025-05-29T06:28:30","date_gmt":"2025-05-29T06:28:30","guid":{"rendered":"https:\/\/sinoextrud.com\/product\/golden-electrophoresis-aluminum-profile\/"},"modified":"2025-06-24T06:11:04","modified_gmt":"2025-06-24T06:11:04","slug":"arany-elektroforezis-aluminium-profil","status":"publish","type":"product","link":"https:\/\/sinoextrud.com\/hu\/product\/golden-electrophoresis-aluminum-profile\/","title":{"rendered":"Golden Electrophoresis alum\u00ednium profil"},"content":{"rendered":"<h2>Term\u00e9kek r\u00e9szletei<\/h2>\n<table class=\"custom-table\">\n<tr>\n<td class=\"label\">T\u00e9tel<\/td>\n<td>Arany elektrofor\u00e9zis alum\u00ednium profil<\/td>\n<\/tr>\n<tr>\n<td class=\"label\">Anyag<\/td>\n<td>6000 sorozat\u00fa alum\u00ednium<\/td>\n<\/tr>\n<tr>\n<td class=\"label\">Temper<\/td>\n<td>T4, T5, T6<\/td>\n<\/tr>\n<tr>\n<td class=\"label\">M\u00e9ret \/ vastags\u00e1g<\/td>\n<td>\u00c1ltal\u00e1nos profilok vastags\u00e1ga: 0,8-5,0 mm, hossza: 3m-6m;<br \/>Elox\u00e1lhat\u00f3 v\u00e9d\u0151film vastags\u00e1ga: 8 ~ 25 um, porsz\u00f3r\u00e1s: 40 ~ 120 um.<\/td>\n<\/tr>\n<tr>\n<td class=\"label\">Shape<\/td>\n<td>testreszabott<\/td>\n<\/tr>\n<tr>\n<td class=\"label\">Alkalmaz\u00e1s<\/td>\n<td>B\u00fatorok, ablakok \u00e9s ajt\u00f3k, dekor\u00e1ci\u00f3k, ipar, \u00e9p\u00edt\u0151ipar \u00e9s \u00edgy tov\u00e1bb.<\/td>\n<\/tr>\n<tr>\n<td class=\"label\">Fel\u00fcletkezel\u00e9s<\/td>\n<td>Malom, porsz\u00f3r\u00e1s, elox\u00e1lt, PVDF, fa szemcs\u00e9s, pol\u00edrozott, csiszolt, csiszolt, stb.<\/td>\n<\/tr>\n<tr>\n<td class=\"label\">Sz\u00ednek<\/td>\n<td>Ref porbevonat sz\u00ednes lap \u00e9s testreszabott sz\u00edn el\u00e9rhet\u0151<\/td>\n<\/tr>\n<tr>\n<td class=\"label\">M\u00e9ly folyamat<\/td>\n<td>CNC, f\u00far\u00e1s, mar\u00e1s, v\u00e1g\u00e1s, hegeszt\u00e9s, hajl\u00edt\u00e1s, \u00f6sszeszerel\u00e9s<\/td>\n<\/tr>\n<tr>\n<td class=\"label\">MOQ<\/td>\n<td>200 kg minden t\u00e9telre<\/td>\n<\/tr>\n<tr>\n<td class=\"label\">PackingDetails<\/td>\n<td>(1) Bel\u00fcl: m\u0171anyag v\u00e9d\u0151f\u00f3li\u00e1val csomagolva, amely minden darabot v\u00e9d<\/td>\n<\/tr>\n<tr>\n<td class=\"label\"><\/td>\n<td>(2) K\u00edv\u00fcl: V\u00edz\u00e1ll\u00f3 k\u00e9zm\u0171vespap\u00edrral csomagolva.<\/td>\n<\/tr>\n<tr>\n<td class=\"label\">Sz\u00e1ll\u00edt\u00e1si id\u0151<\/td>\n<td>(1) DieDeveloping andSampletesting: 12-18 nap.<\/td>\n<\/tr>\n<tr>\n<td class=\"label\"><\/td>\n<td>(2) A t\u00f6megtermel\u00e9s befejez\u0151d\u00f6tt: 20-30 nap, miut\u00e1n a mint\u00e1t a v\u00e1s\u00e1rl\u00f3 meger\u0151s\u00edtette.<\/td>\n<\/tr>\n<tr>\n<td class=\"label\">FOB kik\u00f6t\u0151<\/td>\n<td>FOB SHENZHEN \/ GUANGZHOU \/ FOSHAN<\/td>\n<\/tr>\n<tr>\n<td class=\"label\">fizet\u00e9si felt\u00e9telek<\/td>\n<td>T \/ T 30% let\u00e9tbe helyez\u00e9s, egyenleg a sz\u00e1ll\u00edt\u00e1s el\u0151tt.<\/td>\n<\/tr>\n<tr>\n<td class=\"label\">settlementterm<\/td>\n<td>D\u00edj a v\u00e9gleges t\u00e9nyleges s\u00faly vagy az elm\u00e9leti s\u00faly alapj\u00e1n.<\/td>\n<\/tr>\n<tr>\n<td class=\"label\">termel\u00e9si kapacit\u00e1s<\/td>\n<td>5000 tonna havonta, 60000 tonna \u00e9vente.<\/td>\n<\/tr>\n<tr>\n<td class=\"label\">Tan\u00fas\u00edtv\u00e1ny \u00e9s szabv\u00e1ny<\/td>\n<td>CQM, SGS, CE, BV, SONCAP \/ GB, ISO, JIS, AS, NZS, QUALICOAT, QUOLANOD rendelkez\u00e9sre \u00e1ll.<\/td>\n<\/tr>\n<\/table>\n<h2>Gy\u00e1rt\u00f3 b\u00e1zisunk<\/h2>\n<h3>Gy\u00e1ri panor\u00e1ma<\/h3>\n<p><img decoding=\"async\" src=\"\/wp-content\/uploads\/factory-01.webp\"\/><\/p>\n<h3>Alum\u00ednium r\u00fadgy\u00e1rt\u00f3 m\u0171hely<\/h3>\n<p><img decoding=\"async\" src=\"\/wp-content\/uploads\/factory-02.webp\"\/><\/p>\n<\/p>\n<p><img decoding=\"async\" src=\"\/wp-content\/uploads\/factory-03.webp\"\/><\/p>\n<h3>Pen\u00e9sz rakt\u00e1r<\/h3>\n<p><img decoding=\"async\" src=\"\/wp-content\/uploads\/factory-04.webp\"\/><\/p>\n<h3>43 alum\u00ednium extrud\u00e1l\u00f3 vonal (500-5500 tonna)<\/h3>\n<p><img decoding=\"async\" src=\"\/wp-content\/uploads\/factory-05.webp\"\/><\/p>\n<p><img decoding=\"async\" src=\"\/wp-content\/uploads\/factory-06.webp\"\/><\/p>\n<p><img decoding=\"async\" src=\"\/wp-content\/uploads\/factory-07.webp\"\/><\/p>\n<h3>Porfest\u0151 m\u0171hely<\/h3>\n<p><img decoding=\"async\" src=\"\/wp-content\/uploads\/factory-09.webp\"\/><\/p>\n<h3>Anodiz\u00e1l\u00f3 m\u0171hely<\/h3>\n<p><img decoding=\"async\" src=\"\/wp-content\/uploads\/factory-10.webp\"\/><\/p>\n<h3>M\u00e9ly feldolgoz\u00e1si m\u0171hely<\/h3>\n<p><img decoding=\"async\" src=\"\/wp-content\/uploads\/factory-11.webp\"\/><\/p>\n<h3>CNC prec\u00edzi\u00f3s megmunk\u00e1l\u00f3 m\u0171hely<\/h3>\n<p><img decoding=\"async\" src=\"\/wp-content\/uploads\/factory-11.5.webp\"\/><\/p>\n<h3>K\u00e9szterm\u00e9k \u00e9s export rakt\u00e1r<\/h3>\n<p><img decoding=\"async\" src=\"\/wp-content\/uploads\/factory-12.webp\"\/><\/p>\n<p><img decoding=\"async\" src=\"\/wp-content\/uploads\/factory-13.webp\"\/><\/p>\n<p><img decoding=\"async\" src=\"\/wp-content\/uploads\/factory-14.webp\"\/><\/p>\n<h2>GYIK<\/h2>\n<p><b>1.Mi az arany elektrofor\u00e9zis alum\u00edniumprofil?<\/b><\/p>\n<p>Az aranysz\u00edn\u0171 elektrofor\u00e9zis alum\u00ednium profil egy aranysz\u00edn\u0171 elektrofor\u00e9zis bevonattal ell\u00e1tott alum\u00ednium extrud\u00e1lt profil, amely fokozott korr\u00f3zi\u00f3\u00e1ll\u00f3s\u00e1got \u00e9s f\u00e9ny\u0171z\u0151 megjelen\u00e9st biztos\u00edt.\n<\/p>\n<p><\/p>\n<p><b>2.Mik az arany elektrofor\u00e9zis alum\u00ednium profilok legfontosabb el\u0151nyei?<\/b><\/p>\n<p>Kiv\u00e1l\u00f3 korr\u00f3zi\u00f3\u00e1ll\u00f3s\u00e1got, egyenletes bevonatot, er\u0151s tapad\u00e1st, UV-v\u00e9delmet \u00e9s vonz\u00f3, \u00e9vekig tart\u00f3 aranysz\u00edn\u0171 fel\u00fcletet biztos\u00edtanak.\n<\/p>\n<p><\/p>\n<p><b>3.Mi\u00e9rt v\u00e1lassza az elektrofor\u00e9zis bevonatot az alum\u00ednium profilokhoz?<\/b><\/p>\n<p>Az elektrofor\u00e9zis bevonat egyenletes fed\u00e9st biztos\u00edt az \u00f6sszetett form\u00e1kon, kiv\u00e1l\u00f3 tart\u00f3ss\u00e1got, valamint a hagyom\u00e1nyos bevonatokhoz k\u00e9pest ellen\u00e1ll\u00e1st a lev\u00e1l\u00e1ssal \u00e9s a fakul\u00e1ssal szemben.\n<\/p>\n<p><\/p>\n<p><b>4.Can arany elektrofor\u00e9zis alum\u00ednium profilok testre szabhat\u00f3?<\/b><\/p>\n<p>Igen, ezek a profilok testre szabhat\u00f3k az alak, a m\u00e9ret, az \u00f6tv\u00f6zet t\u00edpusa \u00e9s az elektroforetikus sz\u00ednintenzit\u00e1s tekintet\u00e9ben, hogy megfeleljenek az egyedi tervez\u00e9si \u00e9s funkcion\u00e1lis k\u00f6vetelm\u00e9nyeknek.\n<\/p>\n<p><\/p>\n<p><b>5.Hogyan jav\u00edtja az arany elektrofor\u00e9zis kivitel az alum\u00edniumprofil teljes\u00edtm\u00e9ny\u00e9t?<\/b><\/p>\n<p>A bevonat v\u00e9d\u0151r\u00e9teget k\u00e9pez, amely v\u00e9d az oxid\u00e1ci\u00f3, a karcol\u00e1sok \u00e9s a k\u00f6rnyezeti k\u00e1rok ellen, mik\u00f6zben meg\u0151rzi az eszt\u00e9tikai vonzer\u0151t.\n<\/p>\n<p><\/p>\n<p><b>6.Az arany elektrofor\u00e9zis alum\u00ednium profilok alkalmasak k\u00fclt\u00e9ri haszn\u00e1latra?<\/b><\/p>\n<p>Igen, az elektroforetikus bevonat kiv\u00e1l\u00f3 id\u0151j\u00e1r\u00e1s\u00e1ll\u00f3s\u00e1got, UV-stabilit\u00e1st \u00e9s korr\u00f3zi\u00f3v\u00e9delmet biztos\u00edt a k\u00fcls\u0151 alkalmaz\u00e1sokhoz.\n<\/p>\n<p><\/p>\n<p><b>7.Mely ipar\u00e1gak haszn\u00e1lj\u00e1k \u00e1ltal\u00e1ban az arany elektrofor\u00e9zis alum\u00ednium profilokat?<\/b><\/p>\n<p>Az \u00e9p\u00edt\u00e9szeti, bels\u0151\u00e9p\u00edt\u00e9szeti, aut\u00f3ipari \u00e9s elektronikai ipar\u00e1gak a tart\u00f3ss\u00e1g \u00e9s az eleg\u00e1ns arany megjelen\u00e9s kombin\u00e1ci\u00f3ja miatt haszn\u00e1lj\u00e1k ezeket a profilokat.\n<\/p>\n<p><\/p>\n<p><b>8.Hogyan t\u00e1mogatja az arany elektrofor\u00e9zis alum\u00edniumprofil a fenntarthat\u00f3 gy\u00e1rt\u00e1st?<\/b><\/p>\n<p>Az elektroforetikus elj\u00e1r\u00e1s k\u00f6rnyezetbar\u00e1t, alacsony kibocs\u00e1t\u00e1s\u00fa, az alum\u00ednium pedig teljes m\u00e9rt\u00e9kben \u00fajrahasznos\u00edthat\u00f3, ami el\u0151seg\u00edti a fenntarthat\u00f3 termel\u00e9st \u00e9s cs\u00f6kkenti a k\u00f6rnyezeti terhel\u00e9st.\n<\/p>\n<p><\/p>","protected":false},"featured_media":6515,"template":"","categories":[62],"class_list":["post-6516","product","type-product","status-publish","has-post-thumbnail","hentry","category-electrophoresis-aluminum-profile"],"meta_box":{"hilight_text_group":{"product_hilight_text":"<li>Elegant golden electrophoresis finish enhances visual appeal and luxury<\/li>\r\r\n<li>Provides excellent corrosion resistance and surface durability<\/li>\r\r\n<li>High-quality aluminum profile with precise extrusion dimensions<\/li>\r\r\n<li>Ideal for premium architectural and decorative applications<\/li>\r\r\n<li>Supports custom sizes and bulk orders with consistent quality<\/li>","product_chanpin_blog":"<ul>\r\r\n<li><a href=\"https:\/\/sinoextrud.com\/t-slot-v-slot-differences\/\" target=\"_blank\">t slot vs v slot<\/a><\/li>\r\r\n<li><a href=\"https:\/\/sinoextrud.com\/what-is-4040-aluminium-extrud\/\" target=\"_blank\">4040 aluminium extrusion<\/a><\/li>\r\r\n<li><a href=\"https:\/\/sinoextrud.com\/what-is-4040-aluminium-extrud\/\" target=\"_blank\">aluminum extrusions for industrial racks<\/a><\/li>\r\r\n<li><a href=\"https:\/\/sinoextrud.com\/powder-coating-aluminium-process\/\" target=\"_blank\">powder coating aluminium<\/a><\/li>\r\r\n<li><a href=\"https:\/\/sinoextrud.com\/what-is-an-aluminium-strip-ceiling\/\" target=\"_blank\">aluminium strip ceiling<\/a><\/li>\r\r\n<li><a href=\"https:\/\/sinoextrud.com\/what-is-a-heat-sink\/\" target=\"_blank\">what is a heat sink<\/a><\/li>\r\r\n<\/ul>","product_chanpin_chanpin":"<li><a href=\"https:\/\/sinoextrud.com\/product\/aluminium-6063\/\" target=\"_blank\">Aluminium 6063<\/a><\/li>\r\n<li><a href=\"https:\/\/sinoextrud.com\/product\/extrusion-aluminum-profile-for-powder-coating-window-and-door-alloy-6063\/\" target=\"_blank\">Extrusion Aluminum Profile For Powder Coating Window and Door Alloy 6063<\/a><\/li>\r\n<li><a href=\"https:\/\/sinoextrud.com\/product\/electrophoretic-grain-square-tube-rosewood\/\" target=\"_blank\">Electrophoretic Grain Square Tube Rosewood<\/a><\/li>\r\n<li><a href=\"https:\/\/sinoextrud.com\/product\/electrophoresis-surface-aluminum-profiles\/\" target=\"_blank\">Electrophoresis Surface Aluminum Profiles<\/a><\/li>\r\n<li><a href=\"https:\/\/sinoextrud.com\/product\/golden-electrophoresis-aluminum-profile\/\" target=\"_blank\">Golden Electrophoresis Aluminum Profile<\/a><\/li>\r\n<li><a href=\"https:\/\/sinoextrud.com\/product\/aluminum-profile-with-pvdf-coating\/\" target=\"_blank\">Aluminum Profile With PVDF Coating<\/a><\/li>\r\n<li><a href=\"https:\/\/sinoextrud.com\/product\/electrophoresis-aluminum-profile-wood-grain\/\" target=\"_blank\">Electrophoresis Aluminum Profile Wood Grain<\/a><\/li>\r\n<li><a href=\"https:\/\/sinoextrud.com\/product\/elictrophoresis-matte-gold-aluminium-profile-cad\/\" target=\"_blank\">Elictrophoresis matte gold aluminium profile cad download section price per ton extrusions for windows and doors construction<\/a><\/li>\r\n<li><a href=\"https:\/\/sinoextrud.com\/product\/electrophoretic-wood-surface-aluminum-square-pipe\/\" target=\"_blank\">Electrophoretic wood surface-aluminum Square Pipe<\/a><\/li>\r\n<li><a href=\"https:\/\/sinoextrud.com\/product\/extrude-6000-series-aluminium-bar\/\" target=\"_blank\">Extrude 6000 Series Aluminium bar<\/a><\/li>\r\n<li><a href=\"https:\/\/sinoextrud.com\/product\/cnc-machining-aluminum-signal-plate\/\" target=\"_blank\">CNC Machining Aluminum Signal Plate<\/a><\/li>"},"feature_list":[]},"_links":{"self":[{"href":"https:\/\/sinoextrud.com\/hu\/wp-json\/wp\/v2\/product\/6516","targetHints":{"allow":["GET"]}}],"collection":[{"href":"https:\/\/sinoextrud.com\/hu\/wp-json\/wp\/v2\/product"}],"about":[{"href":"https:\/\/sinoextrud.com\/hu\/wp-json\/wp\/v2\/types\/product"}],"wp:featuredmedia":[{"embeddable":true,"href":"https:\/\/sinoextrud.com\/hu\/wp-json\/wp\/v2\/media\/6515"}],"wp:attachment":[{"href":"https:\/\/sinoextrud.com\/hu\/wp-json\/wp\/v2\/media?parent=6516"}],"wp:term":[{"taxonomy":"category","embeddable":true,"href":"https:\/\/sinoextrud.com\/hu\/wp-json\/wp\/v2\/categories?post=6516"}],"curies":[{"name":"wp","href":"https:\/\/api.w.org\/{rel}","templated":true}]}}