{"id":6514,"date":"2025-05-29T04:00:39","date_gmt":"2025-05-29T04:00:39","guid":{"rendered":"https:\/\/sinoextrud.com\/product\/electrophoresis-surface-aluminum-profiles\/"},"modified":"2025-06-24T06:11:03","modified_gmt":"2025-06-24T06:11:03","slug":"elektroforezis-feluleti-aluminium-profilok","status":"publish","type":"product","link":"https:\/\/sinoextrud.com\/hu\/product\/electrophoresis-surface-aluminum-profiles\/","title":{"rendered":"Elektrofor\u00e9zis fel\u00fcleti alum\u00ednium profilok"},"content":{"rendered":"<h2>Term\u00e9kek r\u00e9szletei<\/h2>\n<table class=\"custom-table\">\n<tr>\n<td class=\"label\">Modell NO.:<\/td>\n<td>6000-es sorozat<\/td>\n<\/tr>\n<tr>\n<td class=\"label\">Fel\u00fcletkezel\u00e9s:<\/td>\n<td>Wood Grain, testreszabott<\/td>\n<\/tr>\n<tr>\n<td class=\"label\">\u00d6tv\u00f6z\u0151 \u00f6sszetev\u0151:<\/td>\n<td>6063<\/td>\n<\/tr>\n<tr>\n<td class=\"label\">Tan\u00fas\u00edt\u00e1s:<\/td>\n<td>CE, SGS, ISO, CIQ, ROHS, TUV, CE, SGS, ISO, CIQ, ROHS, TUV<\/td>\n<\/tr>\n<tr>\n<td class=\"label\">M\u00e1rka:<\/td>\n<td>Sinoextrud<\/td>\n<\/tr>\n<tr>\n<td class=\"label\">Anyag:<\/td>\n<td>6063-T5, 6061-T6, 6082<\/td>\n<\/tr>\n<tr>\n<td class=\"label\">Fel\u00fcletkezel\u00e9s:<\/td>\n<td>Elektrofor\u00e9zis<\/td>\n<\/tr>\n<tr>\n<td class=\"label\">M\u00e9ly folyamat:<\/td>\n<td>CNC, f\u00far\u00e1s, csavaroz\u00e1s, lyukaszt\u00e1s, v\u00e1g\u00e1s, hajl\u00edt\u00e1s<\/td>\n<\/tr>\n<tr>\n<td class=\"label\">Sz\u00edn:<\/td>\n<td>fa szemcs\u00e9k (k\u00fcl\u00f6nb\u00f6z\u0151 sz\u00ednek \u00e1llnak rendelkez\u00e9sre)<\/td>\n<\/tr>\n<tr>\n<td class=\"label\">Minta:<\/td>\n<td>el\u00e9rhet\u0151<\/td>\n<\/tr>\n<tr>\n<td class=\"label\">Term\u00e9k:<\/td>\n<td>Alum\u00ednium profil<\/td>\n<\/tr>\n<tr>\n<td class=\"label\">Rakod\u00e1si kik\u00f6t\u0151:<\/td>\n<td>Foshan, Guangdong, K\u00edna<\/td>\n<\/tr>\n<tr>\n<td class=\"label\">Fizet\u00e9s:<\/td>\n<td>T \/ T 30% let\u00e9tbe helyez\u00e9s, m\u00e9rleg sz\u00e1ll\u00edt\u00e1s el\u0151tt<\/td>\n<\/tr>\n<tr>\n<td class=\"label\">Eredet:<\/td>\n<td>K\u00edna<\/td>\n<\/tr>\n<tr>\n<td class=\"label\">HS-k\u00f3d:<\/td>\n<td>7604210000<\/td>\n<\/tr>\n<\/table>\n<h2>Gy\u00e1rt\u00f3 b\u00e1zisunk<\/h2>\n<h3>Gy\u00e1ri panor\u00e1ma<\/h3>\n<p><img decoding=\"async\" src=\"\/wp-content\/uploads\/factory-01.webp\"\/><\/p>\n<h3>Alum\u00ednium r\u00fadgy\u00e1rt\u00f3 m\u0171hely<\/h3>\n<p><img decoding=\"async\" src=\"\/wp-content\/uploads\/factory-02.webp\"\/><\/p>\n<\/p>\n<p><img decoding=\"async\" src=\"\/wp-content\/uploads\/factory-03.webp\"\/><\/p>\n<h3>Pen\u00e9sz rakt\u00e1r<\/h3>\n<p><img decoding=\"async\" src=\"\/wp-content\/uploads\/factory-04.webp\"\/><\/p>\n<h3>43 alum\u00ednium extrud\u00e1l\u00f3 vonal (500-5500 tonna)<\/h3>\n<p><img decoding=\"async\" src=\"\/wp-content\/uploads\/factory-05.webp\"\/><\/p>\n<p><img decoding=\"async\" src=\"\/wp-content\/uploads\/factory-06.webp\"\/><\/p>\n<p><img decoding=\"async\" src=\"\/wp-content\/uploads\/factory-07.webp\"\/><\/p>\n<h3>Porfest\u0151 m\u0171hely<\/h3>\n<p><img decoding=\"async\" src=\"\/wp-content\/uploads\/factory-09.webp\"\/><\/p>\n<h3>Anodiz\u00e1l\u00f3 m\u0171hely<\/h3>\n<p><img decoding=\"async\" src=\"\/wp-content\/uploads\/factory-10.webp\"\/><\/p>\n<h3>M\u00e9ly feldolgoz\u00e1si m\u0171hely<\/h3>\n<p><img decoding=\"async\" src=\"\/wp-content\/uploads\/factory-11.webp\"\/><\/p>\n<h3>CNC prec\u00edzi\u00f3s megmunk\u00e1l\u00f3 m\u0171hely<\/h3>\n<p><img decoding=\"async\" src=\"\/wp-content\/uploads\/factory-11.5.webp\"\/><\/p>\n<h3>K\u00e9szterm\u00e9k \u00e9s export rakt\u00e1r<\/h3>\n<p><img decoding=\"async\" src=\"\/wp-content\/uploads\/factory-12.webp\"\/><\/p>\n<p><img decoding=\"async\" src=\"\/wp-content\/uploads\/factory-13.webp\"\/><\/p>\n<p><img decoding=\"async\" src=\"\/wp-content\/uploads\/factory-14.webp\"\/><\/p>\n<h2>GYIK<\/h2>\n<p><b>1.Mik azok az elektrofor\u00e9zis fel\u00fcleti alum\u00ednium profilok?<\/b><\/p>\n<p>Az elektroforetikus fel\u00fclet\u0171 alum\u00edniumprofilok olyan elektroforetikus bevon\u00e1si elj\u00e1r\u00e1ssal kezelt alum\u00ednium extrud\u00e1lt term\u00e9kek, amelyek egyenletes, tart\u00f3s \u00e9s korr\u00f3zi\u00f3\u00e1ll\u00f3 fel\u00fcletet biztos\u00edtanak.\n<\/p>\n<p><\/p>\n<p><b>2.Mik az elektrofor\u00e9zis fel\u00fcleti alum\u00ednium profilok legfontosabb el\u0151nyei?<\/b><\/p>\n<p>Kiv\u00e1l\u00f3 korr\u00f3zi\u00f3\u00e1ll\u00f3s\u00e1got, egyenletes bevonatvastags\u00e1got, er\u0151s tapad\u00e1st, valamint \u00f6sszetett form\u00e1khoz \u00e9s bonyolult profilokhoz alkalmas, jav\u00edtott fel\u00fcleti fel\u00fcletet biztos\u00edtanak.\n<\/p>\n<p><\/p>\n<p><b>3.Mi\u00e9rt v\u00e1lassza az elektrofor\u00e9zis bevonatot a hagyom\u00e1nyos befejez\u0151 m\u00f3dszerekkel szemben?<\/b><\/p>\n<p>Az elektrofor\u00e9zis bevonat egyenletes fedetts\u00e9get biztos\u00edt minden fel\u00fcleten, bele\u00e9rtve a m\u00e9lyed\u00e9seket \u00e9s \u00e9leket is, cs\u00f6kkenti a hib\u00e1kat, \u00e9s kiv\u00e1l\u00f3 korr\u00f3zi\u00f3v\u00e9delmet biztos\u00edt a porbevonattal vagy elox\u00e1l\u00e1ssal szemben.\n<\/p>\n<p><\/p>\n<p><b>4.Lehet-e testre szabni az elektrofor\u00e9zis fel\u00fcleti alum\u00ednium profilokat?<\/b><\/p>\n<p>Igen, ezek a profilok testre szabhat\u00f3k az \u00f6tv\u00f6zet min\u0151s\u00e9g\u00e9ben, m\u00e9ret\u00e9ben, alakj\u00e1ban \u00e9s elektroforetikus bevonat sz\u00edn\u00e9ben, hogy megfeleljenek az egyedi alkalmaz\u00e1si \u00e9s tervez\u00e9si ig\u00e9nyeknek.\n<\/p>\n<p><\/p>\n<p><b>5.Hogyan jav\u00edtja az elektrofor\u00e9zis kezel\u00e9s az alum\u00edniumprofil tart\u00f3ss\u00e1g\u00e1t?<\/b><\/p>\n<p>Az elektroforetikus bevonat szorosan k\u00f6t\u0151d\u0151, v\u00e9d\u0151filmet k\u00e9pez, amely ellen\u00e1ll a rozsd\u00e1nak, az UV-k\u00e1rosod\u00e1snak, a vegyi expoz\u00edci\u00f3nak \u00e9s a mechanikai kop\u00e1snak.\n<\/p>\n<p><\/p>\n<p><b>6.Alkalmasak-e az elektrofor\u00e9zis fel\u00fclet\u0171 alum\u00ednium profilok k\u00fclt\u00e9ri alkalmaz\u00e1sra?<\/b><\/p>\n<p>Igen, kiv\u00e1l\u00f3an ellen\u00e1llnak az id\u0151j\u00e1r\u00e1s viszontags\u00e1gainak, a nedvess\u00e9gnek \u00e9s a k\u00f6rnyezetszennyez\u0151 anyagoknak, \u00edgy ide\u00e1lisak k\u00fcls\u0151 \u00e9p\u00edt\u00e9szeti \u00e9s ipari felhaszn\u00e1l\u00e1sra.\n<\/p>\n<p><\/p>\n<p><b>7.Mely ipar\u00e1gak profit\u00e1lnak legink\u00e1bb az elektrofor\u00e9zis fel\u00fcleti alum\u00ednium profilokb\u00f3l?<\/b><\/p>\n<p>Az \u00e9p\u00edt\u0151ipar, az aut\u00f3ipar, az elektronikai ipar \u00e9s a b\u00fatoripar ezeket a profilokat tart\u00f3ss\u00e1guk, egyenletes fel\u00fclet\u00fck \u00e9s korr\u00f3zi\u00f3\u00e1ll\u00f3s\u00e1guk miatt haszn\u00e1lja.\n<\/p>\n<p><\/p>\n<p><b>8.Hogyan t\u00e1mogatja az elektrofor\u00e9zis fel\u00fcleti alum\u00edniumprofilok a fenntarthat\u00f3 gy\u00e1rt\u00e1st?<\/b><\/p>\n<p>Az elektroforetikus elj\u00e1r\u00e1s k\u00f6rnyezetbar\u00e1t, alacsony VOC-kibocs\u00e1t\u00e1ssal, az alum\u00ednium pedig teljes m\u00e9rt\u00e9kben \u00fajrahasznos\u00edthat\u00f3, ami el\u0151seg\u00edti a k\u00f6rnyezetbar\u00e1t gy\u00e1rt\u00e1si gyakorlatot.\n<\/p>\n<p><\/p>","protected":false},"featured_media":6513,"template":"","categories":[62],"class_list":["post-6514","product","type-product","status-publish","has-post-thumbnail","hentry","category-electrophoresis-aluminum-profile"],"meta_box":{"hilight_text_group":{"product_hilight_text":"<li>Electrophoresis surface treatment offers superior corrosion resistance<\/li>\r\r\n<li>Provides smooth, uniform coating with enhanced adhesion<\/li>\r\r\n<li>Improves durability and aesthetic appeal of aluminum profiles<\/li>\r\r\n<li>Suitable for architectural, automotive, and industrial applications<\/li>\r\r\n<li>Supports custom sizes, shapes, and bulk order fulfillment<\/li>","product_chanpin_blog":"<ul>\r\r\n<li><a href=\"https:\/\/sinoextrud.com\/t-slot-v-slot-differences\/\" target=\"_blank\">t slot vs v slot<\/a><\/li>\r\r\n<li><a href=\"https:\/\/sinoextrud.com\/what-is-4040-aluminium-extrud\/\" target=\"_blank\">4040 aluminium extrusion<\/a><\/li>\r\r\n<li><a href=\"https:\/\/sinoextrud.com\/what-is-4040-aluminium-extrud\/\" target=\"_blank\">aluminum extrusions for industrial racks<\/a><\/li>\r\r\n<li><a href=\"https:\/\/sinoextrud.com\/powder-coating-aluminium-process\/\" target=\"_blank\">powder coating aluminium<\/a><\/li>\r\r\n<li><a href=\"https:\/\/sinoextrud.com\/what-is-an-aluminium-strip-ceiling\/\" target=\"_blank\">aluminium strip ceiling<\/a><\/li>\r\r\n<li><a href=\"https:\/\/sinoextrud.com\/what-is-a-heat-sink\/\" target=\"_blank\">what is a heat sink<\/a><\/li>\r\r\n<\/ul>","product_chanpin_chanpin":"<li><a href=\"https:\/\/sinoextrud.com\/product\/customized-powder-coated-tube-decorative-anodized-aluminum-louver-fence-panel-for-modern-garden\/\" target=\"_blank\">Customized Powder Coated Tube Decorative Anodized Aluminum Louver Fence Panel For Modern Garden<\/a><\/li>\r\n<li><a href=\"https:\/\/sinoextrud.com\/product\/aluminium-6063\/\" target=\"_blank\">Aluminium 6063<\/a><\/li>\r\n<li><a href=\"https:\/\/sinoextrud.com\/product\/extrusion-aluminum-profile-for-powder-coating-window-and-door-alloy-6063\/\" target=\"_blank\">Extrusion Aluminum Profile For Powder Coating Window and Door Alloy 6063<\/a><\/li>\r\n<li><a href=\"https:\/\/sinoextrud.com\/product\/electrophoretic-grain-square-tube-rosewood\/\" target=\"_blank\">Electrophoretic Grain Square Tube Rosewood<\/a><\/li>\r\n<li><a href=\"https:\/\/sinoextrud.com\/product\/electrophoresis-surface-aluminum-profiles\/\" target=\"_blank\">Electrophoresis Surface Aluminum Profiles<\/a><\/li>\r\n<li><a href=\"https:\/\/sinoextrud.com\/product\/golden-electrophoresis-aluminum-profile\/\" target=\"_blank\">Golden Electrophoresis Aluminum Profile<\/a><\/li>\r\n<li><a href=\"https:\/\/sinoextrud.com\/product\/aluminum-profile-with-pvdf-coating\/\" target=\"_blank\">Aluminum Profile With PVDF Coating<\/a><\/li>\r\n<li><a href=\"https:\/\/sinoextrud.com\/product\/electrophoresis-aluminum-profile-wood-grain\/\" target=\"_blank\">Electrophoresis Aluminum Profile Wood Grain<\/a><\/li>\r\n<li><a href=\"https:\/\/sinoextrud.com\/product\/elictrophoresis-matte-gold-aluminium-profile-cad\/\" target=\"_blank\">Elictrophoresis matte gold aluminium profile cad download section price per ton extrusions for windows and doors construction<\/a><\/li>\r\n<li><a href=\"https:\/\/sinoextrud.com\/product\/aluminium-extrusion-c-beam\/\" target=\"_blank\">Aluminium Extrusion C Beam<\/a><\/li>\r\n<li><a href=\"https:\/\/sinoextrud.com\/product\/wood-grain-false-ceiling-aluminium-profiles\/\" target=\"_blank\">Wood Grain False Ceiling Aluminium Profiles<\/a><\/li>"},"feature_list":[]},"_links":{"self":[{"href":"https:\/\/sinoextrud.com\/hu\/wp-json\/wp\/v2\/product\/6514","targetHints":{"allow":["GET"]}}],"collection":[{"href":"https:\/\/sinoextrud.com\/hu\/wp-json\/wp\/v2\/product"}],"about":[{"href":"https:\/\/sinoextrud.com\/hu\/wp-json\/wp\/v2\/types\/product"}],"wp:featuredmedia":[{"embeddable":true,"href":"https:\/\/sinoextrud.com\/hu\/wp-json\/wp\/v2\/media\/6513"}],"wp:attachment":[{"href":"https:\/\/sinoextrud.com\/hu\/wp-json\/wp\/v2\/media?parent=6514"}],"wp:term":[{"taxonomy":"category","embeddable":true,"href":"https:\/\/sinoextrud.com\/hu\/wp-json\/wp\/v2\/categories?post=6514"}],"curies":[{"name":"wp","href":"https:\/\/api.w.org\/{rel}","templated":true}]}}