{"id":6512,"date":"2025-05-29T03:58:11","date_gmt":"2025-05-29T03:58:11","guid":{"rendered":"https:\/\/sinoextrud.com\/product\/electrophoretic-grain-square-tube-rosewood\/"},"modified":"2025-06-24T06:11:03","modified_gmt":"2025-06-24T06:11:03","slug":"elektroforetikus-szemcses-negyzet-alaku-cso-rozsafa","status":"publish","type":"product","link":"https:\/\/sinoextrud.com\/hu\/product\/electrophoretic-grain-square-tube-rosewood\/","title":{"rendered":"Elektroforetikus szemcs\u00e9s n\u00e9gyzet alak\u00fa cs\u0151 R\u00f3zsafa"},"content":{"rendered":"<h2>Term\u00e9kek r\u00e9szletei<\/h2>\n<table class=\"custom-table\">\n<tr>\n<td class=\"label\">Modell NO.:<\/td>\n<td>6000 sorozatelektroforetikus szemcs\u00e9s n\u00e9gyzet alak\u00fa cs\u0151 r\u00f3zsafa<\/td>\n<\/tr>\n<tr>\n<td class=\"label\">Fel\u00fcletkezel\u00e9s:<\/td>\n<td>Wood Grain, testreszabott<\/td>\n<\/tr>\n<tr>\n<td class=\"label\">\u00d6tv\u00f6z\u0151 \u00f6sszetev\u0151:<\/td>\n<td>6063<\/td>\n<\/tr>\n<tr>\n<td class=\"label\">Tan\u00fas\u00edt\u00e1s:<\/td>\n<td>CE, SONCAP, ISO, CIQ, ROHS, TUV, SGS<\/td>\n<\/tr>\n<tr>\n<td class=\"label\">Pol\u00edrozott alum\u00ednium profil:<\/td>\n<td>Mechanikai pol\u00edroz\u00e1s<\/td>\n<\/tr>\n<tr>\n<td class=\"label\">Anyag:<\/td>\n<td>6063-T5, 6061-T6, 6463-T5, 7075-T6, 6082<\/td>\n<\/tr>\n<tr>\n<td class=\"label\">Fel\u00fcletkezel\u00e9s:<\/td>\n<td>Elektrofor\u00e9zis<\/td>\n<\/tr>\n<tr>\n<td class=\"label\">M\u00e9ly folyamat:<\/td>\n<td>CNC, f\u00far\u00e1s, csavaroz\u00e1s, lyukaszt\u00e1s, v\u00e1g\u00e1s, hajl\u00edt\u00e1s<\/td>\n<\/tr>\n<tr>\n<td class=\"label\">Sz\u00edn:<\/td>\n<td>fa szemcs\u00e9k (k\u00fcl\u00f6nb\u00f6z\u0151 sz\u00ednek \u00e1llnak rendelkez\u00e9sre)<\/td>\n<\/tr>\n<tr>\n<td class=\"label\">Garancia:<\/td>\n<td>10-20 \u00e9v<\/td>\n<\/tr>\n<tr>\n<td class=\"label\">Term\u00e9k:<\/td>\n<td>Alum\u00ednium profil<\/td>\n<\/tr>\n<tr>\n<td class=\"label\">Rakod\u00e1si kik\u00f6t\u0151:<\/td>\n<td>Foshan, Guangdong, K\u00edna<\/td>\n<\/tr>\n<tr>\n<td class=\"label\">Fizet\u00e9s:<\/td>\n<td>T \/ T 30% let\u00e9tbe helyez\u00e9s, m\u00e9rleg sz\u00e1ll\u00edt\u00e1s el\u0151tt<\/td>\n<\/tr>\n<tr>\n<td class=\"label\">Eredet:<\/td>\n<td>K\u00edna<\/td>\n<\/tr>\n<tr>\n<td class=\"label\">HS-k\u00f3d:<\/td>\n<td>7604210000<\/td>\n<\/tr>\n<\/table>\n<h2>Gy\u00e1rt\u00f3 b\u00e1zisunk<\/h2>\n<h3>Gy\u00e1ri panor\u00e1ma<\/h3>\n<p><img decoding=\"async\" src=\"\/wp-content\/uploads\/factory-01.webp\"\/><\/p>\n<h3>Alum\u00ednium r\u00fadgy\u00e1rt\u00f3 m\u0171hely<\/h3>\n<p><img decoding=\"async\" src=\"\/wp-content\/uploads\/factory-02.webp\"\/><\/p>\n<p><img decoding=\"async\" src=\"\/wp-content\/uploads\/factory-03.webp\"\/><\/p>\n<h3>Pen\u00e9sz rakt\u00e1r<\/h3>\n<p><img decoding=\"async\" src=\"\/wp-content\/uploads\/factory-04.webp\"\/><\/p>\n<h3>43 alum\u00ednium extrud\u00e1l\u00f3 vonal (500-5500 tonna)<\/h3>\n<p><img decoding=\"async\" src=\"\/wp-content\/uploads\/factory-05.webp\"\/><\/p>\n<p><img decoding=\"async\" src=\"\/wp-content\/uploads\/factory-06.webp\"\/><\/p>\n<p><img decoding=\"async\" src=\"\/wp-content\/uploads\/factory-07.webp\"\/><\/p>\n<h3>Porfest\u0151 m\u0171hely<\/h3>\n<p><img decoding=\"async\" src=\"\/wp-content\/uploads\/factory-09.webp\"\/><\/p>\n<h3>Anodiz\u00e1l\u00f3 m\u0171hely<\/h3>\n<p><img decoding=\"async\" src=\"\/wp-content\/uploads\/factory-10.webp\"\/><\/p>\n<h3>M\u00e9ly feldolgoz\u00e1si m\u0171hely<\/h3>\n<p><img decoding=\"async\" src=\"\/wp-content\/uploads\/factory-11.webp\"\/><\/p>\n<h3>CNC prec\u00edzi\u00f3s megmunk\u00e1l\u00f3 m\u0171hely<\/h3>\n<p><img decoding=\"async\" src=\"\/wp-content\/uploads\/factory-11.5.webp\"\/><\/p>\n<h3>K\u00e9szterm\u00e9k \u00e9s export rakt\u00e1r<\/h3>\n<p><img decoding=\"async\" src=\"\/wp-content\/uploads\/factory-12.webp\"\/><\/p>\n<p><img decoding=\"async\" src=\"\/wp-content\/uploads\/factory-13.webp\"\/><\/p>\n<p><img decoding=\"async\" src=\"\/wp-content\/uploads\/factory-14.webp\"\/><\/p>\n<h2>GYIK<\/h2>\n<p><p><b>1.Mi az elektroforetikus szemcs\u00e9s n\u00e9gyzet alak\u00fa cs\u0151 r\u00f3zsafa?<\/b><\/p>\n<p>Az elektroforetikus szemcs\u00e9zet\u0171, n\u00e9gyzetes cs\u00f6v\u0171 r\u00f3zsaf\u00e1t eszt\u00e9tikus, f\u00e1hoz hasonl\u00f3 megjelen\u00e9se \u00e9s tart\u00f3ss\u00e1ga miatt b\u00fatorokban, bels\u0151\u00e9p\u00edt\u00e9szetben, ablakkeretekben \u00e9s \u00e9p\u00edt\u00e9szeti alkalmaz\u00e1sokban haszn\u00e1lj\u00e1k.<br \/>\n<\/p><br \/>\n<br \/>\n<p><b>2.Mik a legfontosabb el\u0151nyei az elektroforetikus szemcs\u00e9s n\u00e9gyzet alak\u00fa r\u00f3zsafacs\u0151nek?<\/b><\/p>\n<p>Kiv\u00e1l\u00f3 korr\u00f3zi\u00f3\u00e1ll\u00f3s\u00e1got, karc\u00e1ll\u00f3s\u00e1got \u00e9s term\u00e9szetes r\u00f3zsafa szemcs\u00e9s fel\u00fcletet k\u00edn\u00e1l, egys\u00e9ges sz\u00ednnel \u00e9s text\u00far\u00e1val.<br \/>\n<\/p><br \/>\n<br \/>\n<p><b>3.Mi\u00e9rt v\u00e1lassza az elektroforetikus bevonatot a r\u00f3zsafa szemcs\u00e9s n\u00e9gyzet alak\u00fa cs\u00f6vekhez?<\/b><\/p>\n<p>Az elektroforetikus bevonat sima, egyenletes fel\u00fcletet biztos\u00edt, er\u0151s tapad\u00e1ssal, amely n\u00f6veli a tart\u00f3ss\u00e1got, \u00e9s megakad\u00e1lyozza a h\u00e1ml\u00e1st vagy a fakul\u00e1s id\u0151vel t\u00f6rt\u00e9n\u0151 leperg\u00e9s\u00e9t.<br \/>\n<\/p><br \/>\n<br \/>\n<p><b>4.Can elektroforetikus szemcs\u00e9s n\u00e9gyzet alak\u00fa cs\u0151 r\u00f3zsafa testre szabhat\u00f3?<\/b><\/p>\n<p>Igen, ezek a cs\u00f6vek m\u00e9retben, falvastags\u00e1gban, szemcsemint\u00e1zatban \u00e9s sz\u00ednintenzit\u00e1sban testre szabhat\u00f3k, hogy megfeleljenek az egyedi tervez\u00e9si k\u00f6vetelm\u00e9nyeknek.<br \/>\n<\/p><br \/>\n<br \/>\n<p><b>5.Hogyan jav\u00edtja az elektroforetikus szemcsemegmunk\u00e1l\u00e1s a n\u00e9gysz\u00f6gletes cs\u0151 teljes\u00edtm\u00e9ny\u00e9t?<\/b><\/p>\n<p>A fel\u00fcletkezel\u00e9s extra v\u00e9d\u0151r\u00e9teget ad a korr\u00f3zi\u00f3 \u00e9s a kop\u00e1s ellen, mik\u00f6zben meg\u0151rzi a term\u00e9szetes fa szemcs\u00e9zetts\u00e9g\u00e9nek vizu\u00e1lis vonzerej\u00e9t.<br \/>\n<\/p><br \/>\n<br \/>\n<p><b>6.Are elektroforetikus szemcs\u00e9s n\u00e9gyzet alak\u00fa cs\u00f6vek r\u00f3zsafa alkalmas k\u00fclt\u00e9ri haszn\u00e1latra?<\/b><\/p>\n<p>Igen, korr\u00f3zi\u00f3\u00e1ll\u00f3s\u00e1guknak \u00e9s UV-v\u00e9delm\u00fcknek k\u00f6sz\u00f6nhet\u0151en ezek a cs\u00f6vek ide\u00e1lisak k\u00fclt\u00e9ri b\u00fatorokhoz \u00e9s \u00e9p\u00edt\u00e9szeti elemekhez.<br \/>\n<\/p><br \/>\n<br \/>\n<p><b>7.Hogyan t\u00e1mogatja az elektroforetikus szemcs\u00e9s n\u00e9gyzet alak\u00fa r\u00f3zsafa a fenntarthat\u00f3 tervez\u00e9st?<\/b><\/p>\n<p>Az alum\u00ednium hordoz\u00f3k 100% \u00fajrahasznos\u00edthat\u00f3ak, az elektroforetikus bevon\u00e1si elj\u00e1r\u00e1s pedig k\u00f6rnyezetbar\u00e1t, \u00edgy ez a term\u00e9k a val\u00f3di fa fenntarthat\u00f3 alternat\u00edv\u00e1ja.<br \/>\n<\/p><br \/>\n<br \/>\n<p><b>8.Mely ipar\u00e1gak gyakran haszn\u00e1lj\u00e1k az elektroforetikus szemcs\u00e9s n\u00e9gyzet alak\u00fa cs\u0151 r\u00f3zsaf\u00e1t?<\/b><\/p>\n<p>A b\u00fatorgy\u00e1rt\u00f3k, bels\u0151\u00e9p\u00edt\u00e9szek, \u00e9p\u00edt\u0151ipari c\u00e9gek \u00e9s \u00e9p\u00edt\u00e9szeti c\u00e9gek a sz\u00e9ps\u00e9g, az er\u0151 \u00e9s a hossz\u00fa \u00e9lettartam kombin\u00e1ci\u00f3ja miatt haszn\u00e1lj\u00e1k ezt a term\u00e9ket.<br \/>\n<\/p><br \/><\/p>","protected":false},"featured_media":6511,"template":"","categories":[62],"class_list":["post-6512","product","type-product","status-publish","has-post-thumbnail","hentry","category-electrophoresis-aluminum-profile"],"meta_box":{"hilight_text_group":{"product_hilight_text":"<li>Electrophoretic coating enhances corrosion resistance and surface durability<\/li>\r\r\n<li>Grain texture provides an elegant rosewood finish for premium aesthetics<\/li>\r\r\n<li>High-quality square tube design ensures structural strength<\/li>\r\r\n<li>Ideal for decorative applications in architecture and furniture<\/li>\r\r\n<li>Supports custom sizes and bulk orders with consistent quality<\/li>","product_chanpin_blog":"<ul>\r\r\n<li><a href=\"https:\/\/sinoextrud.com\/t-slot-v-slot-differences\/\" target=\"_blank\">t slot vs v slot<\/a><\/li>\r\r\n<li><a href=\"https:\/\/sinoextrud.com\/what-is-4040-aluminium-extrud\/\" target=\"_blank\">4040 aluminium extrusion<\/a><\/li>\r\r\n<li><a href=\"https:\/\/sinoextrud.com\/what-is-4040-aluminium-extrud\/\" target=\"_blank\">aluminum extrusions for industrial racks<\/a><\/li>\r\r\n<li><a href=\"https:\/\/sinoextrud.com\/powder-coating-aluminium-process\/\" target=\"_blank\">powder coating aluminium<\/a><\/li>\r\r\n<li><a href=\"https:\/\/sinoextrud.com\/what-is-an-aluminium-strip-ceiling\/\" target=\"_blank\">aluminium strip ceiling<\/a><\/li>\r\r\n<li><a href=\"https:\/\/sinoextrud.com\/what-is-a-heat-sink\/\" target=\"_blank\">what is a heat sink<\/a><\/li>\r\r\n<\/ul>","product_chanpin_chanpin":"<li><a href=\"https:\/\/sinoextrud.com\/product\/powder-coating-surface-aluminum-profile\/\" target=\"_blank\">Powder Coating Surface Aluminum Profile<\/a><\/li>\r\n<li><a href=\"https:\/\/sinoextrud.com\/product\/customized-powder-coated-tube-decorative-anodized-aluminum-louver-fence-panel-for-modern-garden\/\" target=\"_blank\">Customized Powder Coated Tube Decorative Anodized Aluminum Louver Fence Panel For Modern Garden<\/a><\/li>\r\n<li><a href=\"https:\/\/sinoextrud.com\/product\/aluminium-6063\/\" target=\"_blank\">Aluminium 6063<\/a><\/li>\r\n<li><a href=\"https:\/\/sinoextrud.com\/product\/extrusion-aluminum-profile-for-powder-coating-window-and-door-alloy-6063\/\" target=\"_blank\">Extrusion Aluminum Profile For Powder Coating Window and Door Alloy 6063<\/a><\/li>\r\n<li><a href=\"https:\/\/sinoextrud.com\/product\/electrophoretic-grain-square-tube-rosewood\/\" target=\"_blank\">Electrophoretic Grain Square Tube Rosewood<\/a><\/li>\r\n<li><a href=\"https:\/\/sinoextrud.com\/product\/electrophoresis-surface-aluminum-profiles\/\" target=\"_blank\">Electrophoresis Surface Aluminum Profiles<\/a><\/li>\r\n<li><a href=\"https:\/\/sinoextrud.com\/product\/golden-electrophoresis-aluminum-profile\/\" target=\"_blank\">Golden Electrophoresis Aluminum Profile<\/a><\/li>\r\n<li><a href=\"https:\/\/sinoextrud.com\/product\/aluminum-profile-with-pvdf-coating\/\" target=\"_blank\">Aluminum Profile With PVDF Coating<\/a><\/li>\r\n<li><a href=\"https:\/\/sinoextrud.com\/product\/electrophoresis-aluminum-profile-wood-grain\/\" target=\"_blank\">Electrophoresis Aluminum Profile Wood Grain<\/a><\/li>\r\n<li><a href=\"https:\/\/sinoextrud.com\/product\/architectural-aluminum-profile\/\" target=\"_blank\">Architectural Aluminum Profile<\/a><\/li>\r\n<li><a href=\"https:\/\/sinoextrud.com\/product\/40-x-40-aluminium-extrusion\/\" target=\"_blank\">40 X 40 Aluminium Extrusion<\/a><\/li>"},"feature_list":[]},"_links":{"self":[{"href":"https:\/\/sinoextrud.com\/hu\/wp-json\/wp\/v2\/product\/6512","targetHints":{"allow":["GET"]}}],"collection":[{"href":"https:\/\/sinoextrud.com\/hu\/wp-json\/wp\/v2\/product"}],"about":[{"href":"https:\/\/sinoextrud.com\/hu\/wp-json\/wp\/v2\/types\/product"}],"wp:featuredmedia":[{"embeddable":true,"href":"https:\/\/sinoextrud.com\/hu\/wp-json\/wp\/v2\/media\/6511"}],"wp:attachment":[{"href":"https:\/\/sinoextrud.com\/hu\/wp-json\/wp\/v2\/media?parent=6512"}],"wp:term":[{"taxonomy":"category","embeddable":true,"href":"https:\/\/sinoextrud.com\/hu\/wp-json\/wp\/v2\/categories?post=6512"}],"curies":[{"name":"wp","href":"https:\/\/api.w.org\/{rel}","templated":true}]}}