{"id":6510,"date":"2025-05-29T03:54:58","date_gmt":"2025-05-29T03:54:58","guid":{"rendered":"https:\/\/sinoextrud.com\/product\/extrusion-aluminum-profile-for-powder-coating-window-and-door-alloy-6063\/"},"modified":"2025-06-24T06:11:03","modified_gmt":"2025-06-24T06:11:03","slug":"extrudalt-aluminium-profil-porszort-bevonat-ablak-es-ajto-otvozet-6063","status":"publish","type":"product","link":"https:\/\/sinoextrud.com\/hu\/product\/extrusion-aluminum-profile-for-powder-coating-window-and-door-alloy-6063\/","title":{"rendered":"Extrud\u00e1lt alum\u00ednium profil porbevonat\u00fa ablak \u00e9s ajt\u00f3 \u00f6tv\u00f6zet 6063 \u00f6tv\u00f6zet\u0171 porbevonat\u00fa ablakhoz \u00e9s ajt\u00f3hoz"},"content":{"rendered":"<h2>Term\u00e9kek r\u00e9szletei<\/h2>\n<table class=\"custom-table\">\n<tr>\n<td class=\"label\">N\u00e9v:<\/td>\n<td>porsz\u00f3r\u00e1s ablak \u00e9s ajt\u00f3 \u00f6tv\u00f6zet, extrud\u00e1lt alum\u00ednium profil porsz\u00f3r\u00e1ssal bevon\u00f3 ablak \u00e9s ajt\u00f3 \u00f6tv\u00f6zet 6063<\/td>\n<\/tr>\n<tr>\n<td class=\"label\">Anyag:<\/td>\n<td>\u00f6tv\u00f6zet-6063-T5, 6061-T6<\/td>\n<\/tr>\n<tr>\n<td class=\"label\">Fel\u00fcletkezel\u00e9s:<\/td>\n<td>Elox\u00e1l\u00e1s, porsz\u00f3r\u00e1s,<br \/>Malom-fin\u00edrozott,fa-fin\u00edrozott<\/td>\n<\/tr>\n<tr>\n<td class=\"label\">Sz\u00ednv\u00e1laszt\u00e9k:<\/td>\n<td>Ez\u00fcst, pezsg\u0151, bronz, arany, fekete, homokbevonat, matt ez\u00fcst vagy testreszabott<\/td>\n<\/tr>\n<tr>\n<td class=\"label\">Filmszabv\u00e1ny:<\/td>\n<td>Elox\u00e1lt: 7-23mikron<br \/>Porbevonat: 40-120mikron<br \/>Elektrofor\u00e9zis f\u00f3lia :12-25mikronos<\/td>\n<\/tr>\n<tr>\n<td class=\"label\">MOQ:<\/td>\n<td>10-12Tons\/1*20\u2032, 20-23Tons\/1*40\u2032<\/td>\n<\/tr>\n<tr>\n<td class=\"label\">Hossz\u00fas\u00e1g:<\/td>\n<td>5.8-6M vagy testreszabott<\/td>\n<\/tr>\n<tr>\n<td class=\"label\">Konfigur\u00e1ci\u00f3k:<\/td>\n<td>Tol\u00f3ablakok\/tol\u00f3ajt\u00f3k<br \/>Ny\u00edl\u00e1sz\u00e1r\u00f3k\/sz\u00e1rnyas ajt\u00f3k<br \/>Napellenz\u0151s ablakok.<br \/>A Windows jav\u00edt\u00e1sa.<br \/>\u00d6sszecsukhat\u00f3 ajt\u00f3k<\/td>\n<\/tr>\n<\/table>\n<h2>Gy\u00e1rt\u00f3 b\u00e1zisunk<\/h2>\n<h3>Gy\u00e1ri panor\u00e1ma<\/h3>\n<p><img decoding=\"async\" src=\"\/wp-content\/uploads\/factory-01.webp\"\/><\/p>\n<h3>Alum\u00ednium r\u00fadgy\u00e1rt\u00f3 m\u0171hely<\/h3>\n<p><img decoding=\"async\" src=\"\/wp-content\/uploads\/factory-02.webp\"\/><\/p>\n<p><img decoding=\"async\" src=\"\/wp-content\/uploads\/factory-03.webp\"\/><\/p>\n<h3>Pen\u00e9sz rakt\u00e1r<\/h3>\n<p><img decoding=\"async\" src=\"\/wp-content\/uploads\/factory-04.webp\"\/><\/p>\n<h3>43 alum\u00ednium extrud\u00e1l\u00f3 vonal (500-5500 tonna)<\/h3>\n<p><img decoding=\"async\" src=\"\/wp-content\/uploads\/factory-05.webp\"\/><\/p>\n<p><img decoding=\"async\" src=\"\/wp-content\/uploads\/factory-06.webp\"\/><\/p>\n<p><img decoding=\"async\" src=\"\/wp-content\/uploads\/factory-07.webp\"\/><\/p>\n<h3>Porfest\u0151 m\u0171hely<\/h3>\n<p><img decoding=\"async\" src=\"\/wp-content\/uploads\/factory-09.webp\"\/><\/p>\n<h3>Anodiz\u00e1l\u00f3 m\u0171hely<\/h3>\n<p><img decoding=\"async\" src=\"\/wp-content\/uploads\/factory-10.webp\"\/><\/p>\n<h3>M\u00e9ly feldolgoz\u00e1si m\u0171hely<\/h3>\n<p><img decoding=\"async\" src=\"\/wp-content\/uploads\/factory-11.webp\"\/><\/p>\n<h3>CNC prec\u00edzi\u00f3s megmunk\u00e1l\u00f3 m\u0171hely<\/h3>\n<p><img decoding=\"async\" src=\"\/wp-content\/uploads\/factory-11.5.webp\"\/><\/p>\n<h3>K\u00e9szterm\u00e9k \u00e9s export rakt\u00e1r<\/h3>\n<p><img decoding=\"async\" src=\"\/wp-content\/uploads\/factory-12.webp\"\/><\/p>\n<p><img decoding=\"async\" src=\"\/wp-content\/uploads\/factory-13.webp\"\/><\/p>\n<p><img decoding=\"async\" src=\"\/wp-content\/uploads\/factory-14.webp\"\/><\/p>\n<h2>GYIK<\/h2>\n<p><p><b>1.Mi a 6063 \u00f6tv\u00f6zet az alum\u00ednium extrud\u00e1lt profilokban?<\/b><\/p>\n<p>A 6063-as \u00f6tv\u00f6zet egy nagy szil\u00e1rds\u00e1g\u00fa, korr\u00f3zi\u00f3\u00e1ll\u00f3 alum\u00ednium anyag, amelyet kiv\u00e1l\u00f3 fel\u00fcleti fel\u00fclete \u00e9s tart\u00f3ss\u00e1ga miatt \u00e1ltal\u00e1ban ablakokhoz \u00e9s ajt\u00f3khoz haszn\u00e1lt extrud\u00e1lt profilokban haszn\u00e1lnak.<br \/>\n<\/p><br \/>\n<br \/>\n<p><b>2.Mi\u00e9rt v\u00e1lassza az extrud\u00e1lt alum\u00ednium profilokat a porbevonathoz?<\/b><\/p>\n<p>Az extrud\u00e1lt alum\u00edniumprofilok ide\u00e1lisak a porfest\u00e9shez, mivel sima, egyenletes fel\u00fcletet biztos\u00edtanak, ami jav\u00edtja a bevonat tapad\u00e1s\u00e1t \u00e9s hossz\u00fa \u00e9lettartam\u00e1t.<br \/>\n<\/p><br \/>\n<br \/>\n<p><b>3.Mik a porsz\u00f3rt alum\u00ednium ablak- \u00e9s ajt\u00f3keretek legfontosabb el\u0151nyei?<\/b><\/p>\n<p>A porsz\u00f3rt alum\u00edniumkeretek fokozott id\u0151j\u00e1r\u00e1s\u00e1ll\u00f3s\u00e1got, sz\u00ednstabilit\u00e1st \u00e9s eleg\u00e1ns, modern megjelen\u00e9st biztos\u00edtanak, amely alkalmas \u00e9p\u00edt\u00e9szeti alkalmaz\u00e1sokhoz.<br \/>\n<\/p><br \/>\n<br \/>\n<p><b>4.Can 6063 alum\u00ednium profilok testre szabhat\u00f3 egyedi ablak \u00e9s ajt\u00f3 mint\u00e1k?<\/b><\/p>\n<p>Igen, a 6063-as alum\u00edniumprofilok extrud\u00e1lhat\u00f3k egyedi form\u00e1kba \u00e9s m\u00e9retekbe, hogy megfeleljenek az egyedi tervez\u00e9si \u00e9s projektk\u00f6vetelm\u00e9nyeknek.<br \/>\n<\/p><br \/>\n<br \/>\n<p><b>5.Hogyan jav\u00edtja a 6063-as alum\u00ednium az ablak- \u00e9s ajt\u00f3rendszerek teljes\u00edtm\u00e9ny\u00e9t?<\/b><\/p>\n<p>A 6063-as alum\u00ednium kiv\u00e1l\u00f3 h\u0151vezet\u0151 k\u00e9pess\u00e9get, szerkezeti stabilit\u00e1st \u00e9s korr\u00f3zi\u00f3\u00e1ll\u00f3s\u00e1got biztos\u00edt, jav\u00edtva ezzel az ablak- \u00e9s ajt\u00f3rendszerek \u00e1ltal\u00e1nos teljes\u00edtm\u00e9ny\u00e9t.<br \/>\n<\/p><br \/>\n<br \/>\n<p><b>6.Alkalmasak-e az alum\u00ednium extrud\u00e1lt profilok mind lakoss\u00e1gi, mind kereskedelmi felhaszn\u00e1l\u00e1sra?<\/b><\/p>\n<p>A 6063-as \u00f6tv\u00f6zetb\u0151l k\u00e9sz\u00fclt alum\u00ednium extrud\u00e1lt profilokat szil\u00e1rds\u00e1guk \u00e9s sokoldal\u00fas\u00e1guk miatt sz\u00e9les k\u00f6rben haszn\u00e1lj\u00e1k mind a lakoss\u00e1gi, mind a kereskedelmi ablakok \u00e9s ajt\u00f3k eset\u00e9ben.<br \/>\n<\/p><br \/>\n<br \/>\n<p><b>7.Is 6063 alum\u00ednium profil kompatibilis a modern \u00e9p\u00edt\u00e9szeti design?<\/b><\/p>\n<p>Igen, a 6063-as alum\u00edniumprofilok t\u00e1mogatj\u00e1k a karcs\u00fa, minimalista kialak\u00edt\u00e1st, \u00e9s k\u00fcl\u00f6nb\u00f6z\u0151 sz\u00ednekben porsz\u00f3rtan bevonhat\u00f3k, hogy illeszkedjenek a kort\u00e1rs \u00e9p\u00edt\u00e9szeti st\u00edlusokhoz.<br \/>\n<\/p><br \/>\n<br \/>\n<p><b>8.Mennyi ideig tartanak a porsz\u00f3rt alum\u00ednium ablak- \u00e9s ajt\u00f3profilok?<\/b><\/p>\n<p>A porsz\u00f3rt alum\u00edniumprofilok hossz\u00fa t\u00e1v\u00fa tart\u00f3ss\u00e1got biztos\u00edtanak, ellen\u00e1llnak a zord id\u0151j\u00e1r\u00e1si k\u00f6r\u00fclm\u00e9nyeknek, \u00e9s minim\u00e1lis karbantart\u00e1s mellett hossz\u00fa \u00e9vekig meg\u0151rzik a fel\u00fclet\u00fcket.<br \/>\n<\/p><br \/>\n<br \/>\n<p><b>9.Are 6063 alum\u00ednium extrud\u00e1lt profilok k\u00f6rnyezetbar\u00e1t?<\/b><\/p>\n<p>Igen, teljes m\u00e9rt\u00e9kben \u00fajrahasznos\u00edthat\u00f3ak, megfelelnek a RoHS-szabv\u00e1nynak, \u00e9s hozz\u00e1j\u00e1rulnak a fenntarthat\u00f3 \u00e9p\u00edt\u00e9si gyakorlatokhoz.<br \/>\n<\/p><br \/>\n<br \/>\n<p><b>10.Mi teszi az alum\u00ednium extrud\u00e1lt profilokat k\u00f6nnyen be\u00e9p\u00edthet\u0151v\u00e9 az ablak- \u00e9s ajt\u00f3rendszerekbe?<\/b><\/p>\n<p>Az alum\u00ednium sajtolt profilok nagy m\u00e9retpontoss\u00e1ga \u00e9s k\u00f6nny\u0171 s\u00falya megk\u00f6nny\u00edti a sz\u00e1ll\u00edt\u00e1st, a kezel\u00e9st \u00e9s a hat\u00e9kony helysz\u00edni telep\u00edt\u00e9st.<br \/>\n<\/p><br \/><\/p>","protected":false},"featured_media":6509,"template":"","categories":[61],"class_list":["post-6510","product","type-product","status-publish","has-post-thumbnail","hentry","category-powder-coating-aluminum-profile"],"meta_box":{"hilight_text_group":{"product_hilight_text":"<li>Made of 6063 aluminum alloy with high strength and excellent corrosion resistance<\/li>\r\r\n<li>Designed for powder coating with uniform surface and strong adhesion<\/li>\r\r\n<li>Ideal for various high-end window and door systems with stable structure<\/li>\r\r\n<li>Custom mold design available to meet diverse project requirements<\/li>\r\r\n<li>High-precision extrusion process ensures accurate dimensions and easy installation<\/li>\r\r\n<li>Eco-friendly material compliant with RoHS, suitable for international markets<\/li>","product_chanpin_blog":"<ul>\r\r\n<li><a href=\"https:\/\/sinoextrud.com\/t-slot-v-slot-differences\/\" target=\"_blank\">t slot vs v slot<\/a><\/li>\r\r\n<li><a href=\"https:\/\/sinoextrud.com\/what-is-4040-aluminium-extrud\/\" target=\"_blank\">4040 aluminium extrusion<\/a><\/li>\r\r\n<li><a href=\"https:\/\/sinoextrud.com\/what-is-4040-aluminium-extrud\/\" target=\"_blank\">aluminum extrusions for industrial racks<\/a><\/li>\r\r\n<li><a href=\"https:\/\/sinoextrud.com\/powder-coating-aluminium-process\/\" target=\"_blank\">powder coating aluminium<\/a><\/li>\r\r\n<li><a href=\"https:\/\/sinoextrud.com\/what-is-an-aluminium-strip-ceiling\/\" target=\"_blank\">aluminium strip ceiling<\/a><\/li>\r\r\n<li><a href=\"https:\/\/sinoextrud.com\/what-is-a-heat-sink\/\" target=\"_blank\">what is a heat sink<\/a><\/li>\r\r\n<\/ul>","product_chanpin_chanpin":"<li><a href=\"https:\/\/sinoextrud.com\/product\/powder-coated-extrusions-aluminum-corrosion-resistant-for-10-years-in-door\/\" target=\"_blank\">Powder Coated Extrusions Aluminum Corrosion Resistant For 10 Years In Door<\/a><\/li>\r\n<li><a href=\"https:\/\/sinoextrud.com\/product\/powder-coating-surface-aluminum-profile\/\" target=\"_blank\">Powder Coating Surface Aluminum Profile<\/a><\/li>\r\n<li><a href=\"https:\/\/sinoextrud.com\/product\/customized-powder-coated-tube-decorative-anodized-aluminum-louver-fence-panel-for-modern-garden\/\" target=\"_blank\">Customized Powder Coated Tube Decorative Anodized Aluminum Louver Fence Panel For Modern Garden<\/a><\/li>\r\n<li><a href=\"https:\/\/sinoextrud.com\/product\/aluminium-6063\/\" target=\"_blank\">Aluminium 6063<\/a><\/li>\r\n<li><a href=\"https:\/\/sinoextrud.com\/product\/extrusion-aluminum-profile-for-powder-coating-window-and-door-alloy-6063\/\" target=\"_blank\">Extrusion Aluminum Profile For Powder Coating Window and Door Alloy 6063<\/a><\/li>\r\n<li><a href=\"https:\/\/sinoextrud.com\/product\/electrophoretic-grain-square-tube-rosewood\/\" target=\"_blank\">Electrophoretic Grain Square Tube Rosewood<\/a><\/li>\r\n<li><a href=\"https:\/\/sinoextrud.com\/product\/electrophoresis-surface-aluminum-profiles\/\" target=\"_blank\">Electrophoresis Surface Aluminum Profiles<\/a><\/li>\r\n<li><a href=\"https:\/\/sinoextrud.com\/product\/golden-electrophoresis-aluminum-profile\/\" target=\"_blank\">Golden Electrophoresis Aluminum Profile<\/a><\/li>\r\n<li><a href=\"https:\/\/sinoextrud.com\/product\/aluminum-profile-with-pvdf-coating\/\" target=\"_blank\">Aluminum Profile With PVDF Coating<\/a><\/li>\r\n<li><a href=\"https:\/\/sinoextrud.com\/product\/glazing-channels-extrusions\/\" target=\"_blank\">Glazing Channels Extrusions<\/a><\/li>\r\n<li><a href=\"https:\/\/sinoextrud.com\/product\/aluminum-triangle-tube-profile\/\" target=\"_blank\">Aluminum Triangle Tube Profile<\/a><\/li>"},"feature_list":[]},"_links":{"self":[{"href":"https:\/\/sinoextrud.com\/hu\/wp-json\/wp\/v2\/product\/6510","targetHints":{"allow":["GET"]}}],"collection":[{"href":"https:\/\/sinoextrud.com\/hu\/wp-json\/wp\/v2\/product"}],"about":[{"href":"https:\/\/sinoextrud.com\/hu\/wp-json\/wp\/v2\/types\/product"}],"wp:featuredmedia":[{"embeddable":true,"href":"https:\/\/sinoextrud.com\/hu\/wp-json\/wp\/v2\/media\/6509"}],"wp:attachment":[{"href":"https:\/\/sinoextrud.com\/hu\/wp-json\/wp\/v2\/media?parent=6510"}],"wp:term":[{"taxonomy":"category","embeddable":true,"href":"https:\/\/sinoextrud.com\/hu\/wp-json\/wp\/v2\/categories?post=6510"}],"curies":[{"name":"wp","href":"https:\/\/api.w.org\/{rel}","templated":true}]}}