{"id":6508,"date":"2025-05-29T03:51:22","date_gmt":"2025-05-29T03:51:22","guid":{"rendered":"https:\/\/sinoextrud.com\/product\/aluminium-6063\/"},"modified":"2025-06-24T06:11:03","modified_gmt":"2025-06-24T06:11:03","slug":"aluminium-6063","status":"publish","type":"product","link":"https:\/\/sinoextrud.com\/hu\/product\/aluminium-6063\/","title":{"rendered":"Alum\u00ednium 6063"},"content":{"rendered":"<h2>Term\u00e9kek r\u00e9szletei<\/h2>\n<table class=\"custom-table\">\n<tr>\n<td class=\"label\">Modell NO.:<\/td>\n<td> s\u00edn alum\u00ednium 6063<\/td>\n<\/tr>\n<tr>\n<td class=\"label\">T\u00edpus:<\/td>\n<td> alum\u00ednium f\u00fcgg\u00f6nys\u00edn<\/td>\n<\/tr>\n<tr>\n<td class=\"label\">Fel\u00fclet \u00e1llapota:<\/td>\n<td> porsz\u00f3r\u00e1s feh\u00e9r<\/td>\n<\/tr>\n<tr>\n<td class=\"label\">m\u00e9ret:<\/td>\n<td> 25*10mm, 1.0mm vastags\u00e1g<\/td>\n<\/tr>\n<tr>\n<td class=\"label\">Hossz\u00fas\u00e1g:<\/td>\n<td> 5,8m darabonk\u00e9nt<\/td>\n<\/tr>\n<tr>\n<td class=\"label\">Csomag:<\/td>\n<td> egyenk\u00e9nt egy hely PE c\u00e9gen, 50 db egy csomagban, testreszabottan<\/td>\n<\/tr>\n<tr>\n<td class=\"label\">Sz\u00e1ll\u00edt\u00e1si kik\u00f6t\u0151:<\/td>\n<td> FOB Guangzhou<\/td>\n<\/tr>\n<tr>\n<td class=\"label\">Specifik\u00e1ci\u00f3:<\/td>\n<td> SGS ISO GB szabv\u00e1ny<\/td>\n<\/tr>\n<tr>\n<td class=\"label\">HS-k\u00f3d:<\/td>\n<td> 76042990<\/td>\n<\/tr>\n<tr>\n<td class=\"label\">Eredeti:<\/td>\n<td> Foshan K\u00edna<\/td>\n<\/tr>\n<tr>\n<td class=\"label\">Termel\u00e9si k\u00e9pess\u00e9g:<\/td>\n<td> 3000,000 kg\/h\u00f3<\/td>\n<\/tr>\n<\/table>\n<h2>Gy\u00e1rt\u00f3 b\u00e1zisunk<\/h2>\n<h3>Gy\u00e1ri panor\u00e1ma<\/h3>\n<p><img decoding=\"async\" src=\"\/wp-content\/uploads\/factory-01.webp\"\/><\/p>\n<h3>Alum\u00ednium r\u00fadgy\u00e1rt\u00f3 m\u0171hely<\/h3>\n<p><img decoding=\"async\" src=\"\/wp-content\/uploads\/factory-02.webp\"\/><\/p>\n<p><img decoding=\"async\" src=\"\/wp-content\/uploads\/factory-03.webp\"\/><\/p>\n<h3>Pen\u00e9sz rakt\u00e1r<\/h3>\n<p><img decoding=\"async\" src=\"\/wp-content\/uploads\/factory-04.webp\"\/><\/p>\n<h3>43 alum\u00ednium extrud\u00e1l\u00f3 vonal (500-5500 tonna)<\/h3>\n<p><img decoding=\"async\" src=\"\/wp-content\/uploads\/factory-05.webp\"\/><\/p>\n<p><img decoding=\"async\" src=\"\/wp-content\/uploads\/factory-06.webp\"\/><\/p>\n<p><img decoding=\"async\" src=\"\/wp-content\/uploads\/factory-07.webp\"\/><\/p>\n<h3>Porfest\u0151 m\u0171hely<\/h3>\n<p><img decoding=\"async\" src=\"\/wp-content\/uploads\/factory-09.webp\"\/><\/p>\n<h3>Anodiz\u00e1l\u00f3 m\u0171hely<\/h3>\n<p><img decoding=\"async\" src=\"\/wp-content\/uploads\/factory-10.webp\"\/><\/p>\n<h3>M\u00e9ly feldolgoz\u00e1si m\u0171hely<\/h3>\n<p><img decoding=\"async\" src=\"\/wp-content\/uploads\/factory-11.webp\"\/><\/p>\n<h3>CNC prec\u00edzi\u00f3s megmunk\u00e1l\u00f3 m\u0171hely<\/h3>\n<p><img decoding=\"async\" src=\"\/wp-content\/uploads\/factory-11.5.webp\"\/><\/p>\n<h3>K\u00e9szterm\u00e9k \u00e9s export rakt\u00e1r<\/h3>\n<p><img decoding=\"async\" src=\"\/wp-content\/uploads\/factory-12.webp\"\/><\/p>\n<p><img decoding=\"async\" src=\"\/wp-content\/uploads\/factory-13.webp\"\/><\/p>\n<p><img decoding=\"async\" src=\"\/wp-content\/uploads\/factory-14.webp\"\/><\/p>\n<h2>GYIK<\/h2>\n<p><p><b>1.What alum\u00ednium 6063 haszn\u00e1lt?<\/b><\/p>\n<p>A 6063-as alum\u00edniumot kiv\u00e1l\u00f3 korr\u00f3zi\u00f3\u00e1ll\u00f3s\u00e1ga \u00e9s j\u00f3 mechanikai tulajdons\u00e1gai miatt sz\u00e9les k\u00f6rben haszn\u00e1lj\u00e1k \u00e9p\u00edt\u00e9szeti alkalmaz\u00e1sokban, ablakkeretekben, ajt\u00f3keretekben \u00e9s aut\u00f3ipari alkatr\u00e9szekben.<br \/>\n<\/p><br \/>\n<br \/>\n<p><b>2.Mik az alum\u00ednium 6063 legfontosabb el\u0151nyei?<\/b><\/p>\n<p>A 6063-as alum\u00ednium magas korr\u00f3zi\u00f3\u00e1ll\u00f3s\u00e1got, j\u00f3 fel\u00fcleti fel\u00fcletet, kiv\u00e1l\u00f3 extrud\u00e1l\u00e1si k\u00e9pess\u00e9geket \u00e9s j\u00f3 szil\u00e1rds\u00e1g\/t\u00f6meg ar\u00e1nyt k\u00edn\u00e1l, \u00edgy ide\u00e1lis szerkezeti \u00e9s dekorat\u00edv felhaszn\u00e1l\u00e1sra.<br \/>\n<\/p><br \/>\n<br \/>\n<p><b>3.Mi\u00e9rt v\u00e1lassza az Aluminium 6063 alum\u00edniumot m\u00e1s alum\u00ednium\u00f6tv\u00f6zetekkel szemben?<\/b><\/p>\n<p>A 6063-as \u00f6tv\u00f6zet jobb fel\u00fcleti fel\u00fcletet \u00e9s elox\u00e1l\u00e1si k\u00e9pess\u00e9geket biztos\u00edt, \u00edgy t\u00f6k\u00e9letes eszt\u00e9tikai alkalmaz\u00e1sokhoz, valamint j\u00f3 hegeszthet\u0151s\u00e9get \u00e9s m\u00e9rs\u00e9kelt szil\u00e1rds\u00e1got biztos\u00edt.<br \/>\n<\/p><br \/>\n<br \/>\n<p><b>4.Can alum\u00ednium 6063 testreszabhat\u00f3?<\/b><\/p>\n<p>Igen, az alum\u00ednium 6063 k\u00fcl\u00f6nb\u00f6z\u0151 form\u00e1kba, m\u00e9retekbe \u00e9s vastags\u00e1gokba extrud\u00e1lhat\u00f3, \u00e9s elox\u00e1lhat\u00f3 vagy porsz\u00f3rtan bevonhat\u00f3 a k\u00fcl\u00f6nb\u00f6z\u0151 fel\u00fcletek \u00e9s alkalmaz\u00e1sok \u00e9rdek\u00e9ben.<br \/>\n<\/p><br \/>\n<br \/>\n<p><b>5.Milyen fel\u00fcletkezel\u00e9sek \u00e1llnak rendelkez\u00e9sre az alum\u00ednium 6063 sz\u00e1m\u00e1ra?<\/b><\/p>\n<p>A gyakori fel\u00fcletkezel\u00e9sek k\u00f6z\u00e9 tartozik az elox\u00e1l\u00e1s, a porfest\u00e9s \u00e9s a pol\u00edroz\u00e1s, amelyek jav\u00edtj\u00e1k a korr\u00f3zi\u00f3\u00e1ll\u00f3s\u00e1got, a tart\u00f3ss\u00e1got \u00e9s az eszt\u00e9tikai megjelen\u00e9st.<br \/>\n<\/p><br \/>\n<br \/>\n<p><b>6.Az alum\u00ednium 6063 alkalmas k\u00fclt\u00e9ri alkalmaz\u00e1sokra?<\/b><\/p>\n<p>Igen, az alum\u00ednium 6063 kiv\u00e1l\u00f3 id\u0151j\u00e1r\u00e1s\u00e1ll\u00f3s\u00e1ggal rendelkezik, k\u00fcl\u00f6n\u00f6sen ha elox\u00e1lt vagy porsz\u00f3rt bevonattal van ell\u00e1tva, \u00edgy ide\u00e1lis k\u00fclt\u00e9ri \u00e9p\u00edt\u00e9szeti \u00e9s szerkezeti felhaszn\u00e1l\u00e1sra.<br \/>\n<\/p><br \/>\n<br \/>\n<p><b>7.Hogyan t\u00e1mogatja az alum\u00ednium 6063 a fenntarthat\u00f3 gy\u00e1rt\u00e1st?<\/b><\/p>\n<p>A 6063-as alum\u00ednium 100% \u00fajrahasznos\u00edthat\u00f3, \u00e9s az \u00fajrahasznos\u00edt\u00e1sa kevesebb energi\u00e1t ig\u00e9nyel, \u00edgy t\u00e1mogatja a k\u00f6rnyezetbar\u00e1t gy\u00e1rt\u00e1st \u00e9s cs\u00f6kkenti a k\u00f6rnyezeti hat\u00e1sokat.<br \/>\n<\/p><br \/>\n<br \/>\n<p><b>8.Mely ipar\u00e1gak haszn\u00e1lj\u00e1k \u00e1ltal\u00e1ban az alum\u00ednium 6063-at?<\/b><\/p>\n<p>Az olyan ipar\u00e1gak, mint az \u00e9p\u00edt\u0151ipar, az aut\u00f3ipar, a rep\u00fcl\u0151g\u00e9pipar, az elektronika \u00e9s a b\u00fatorgy\u00e1rt\u00e1s az alum\u00ednium 6063-at szil\u00e1rds\u00e1ga, fel\u00fclete \u00e9s sokoldal\u00fas\u00e1ga miatt haszn\u00e1lj\u00e1k.<br \/>\n<\/p><br \/><\/p>","protected":false},"featured_media":6507,"template":"","categories":[61],"class_list":["post-6508","product","type-product","status-publish","has-post-thumbnail","hentry","category-powder-coating-aluminum-profile"],"meta_box":{"hilight_text_group":{"product_hilight_text":"<li>High-strength 6063 aluminum alloy suitable for structural applications<\/li>\r\r\n<li>Excellent corrosion resistance for indoor and outdoor use<\/li>\r\r\n<li>Good machinability and weldability for versatile fabrication<\/li>\r\r\n<li>Available in various profiles, sizes, and surface finishes<\/li>\r\r\n<li>Supports bulk orders with consistent quality and timely delivery<\/li>","product_chanpin_blog":"<ul>\r\r\n<li><a href=\"https:\/\/sinoextrud.com\/t-slot-v-slot-differences\/\" target=\"_blank\">t slot vs v slot<\/a><\/li>\r\r\n<li><a href=\"https:\/\/sinoextrud.com\/what-is-4040-aluminium-extrud\/\" target=\"_blank\">4040 aluminium extrusion<\/a><\/li>\r\r\n<li><a href=\"https:\/\/sinoextrud.com\/what-is-4040-aluminium-extrud\/\" target=\"_blank\">aluminum extrusions for industrial racks<\/a><\/li>\r\r\n<li><a href=\"https:\/\/sinoextrud.com\/powder-coating-aluminium-process\/\" target=\"_blank\">powder coating aluminium<\/a><\/li>\r\r\n<li><a href=\"https:\/\/sinoextrud.com\/what-is-an-aluminium-strip-ceiling\/\" target=\"_blank\">aluminium strip ceiling<\/a><\/li>\r\r\n<li><a href=\"https:\/\/sinoextrud.com\/what-is-a-heat-sink\/\" target=\"_blank\">what is a heat sink<\/a><\/li>\r\r\n<\/ul>","product_chanpin_chanpin":"<li><a href=\"https:\/\/sinoextrud.com\/product\/aluminium-extrusion-profile-with-pvdf-coating\/\" target=\"_blank\">Aluminium Extrusion Profile With PVDF Coating<\/a><\/li>\r\n<li><a href=\"https:\/\/sinoextrud.com\/product\/powder-coated-extrusions-aluminum-corrosion-resistant-for-10-years-in-door\/\" target=\"_blank\">Powder Coated Extrusions Aluminum Corrosion Resistant For 10 Years In Door<\/a><\/li>\r\n<li><a href=\"https:\/\/sinoextrud.com\/product\/powder-coating-surface-aluminum-profile\/\" target=\"_blank\">Powder Coating Surface Aluminum Profile<\/a><\/li>\r\n<li><a href=\"https:\/\/sinoextrud.com\/product\/customized-powder-coated-tube-decorative-anodized-aluminum-louver-fence-panel-for-modern-garden\/\" target=\"_blank\">Customized Powder Coated Tube Decorative Anodized Aluminum Louver Fence Panel For Modern Garden<\/a><\/li>\r\n<li><a href=\"https:\/\/sinoextrud.com\/product\/aluminium-6063\/\" target=\"_blank\">Aluminium 6063<\/a><\/li>\r\n<li><a href=\"https:\/\/sinoextrud.com\/product\/extrusion-aluminum-profile-for-powder-coating-window-and-door-alloy-6063\/\" target=\"_blank\">Extrusion Aluminum Profile For Powder Coating Window and Door Alloy 6063<\/a><\/li>\r\n<li><a href=\"https:\/\/sinoextrud.com\/product\/electrophoretic-grain-square-tube-rosewood\/\" target=\"_blank\">Electrophoretic Grain Square Tube Rosewood<\/a><\/li>\r\n<li><a href=\"https:\/\/sinoextrud.com\/product\/electrophoresis-surface-aluminum-profiles\/\" target=\"_blank\">Electrophoresis Surface Aluminum Profiles<\/a><\/li>\r\n<li><a href=\"https:\/\/sinoextrud.com\/product\/golden-electrophoresis-aluminum-profile\/\" target=\"_blank\">Golden Electrophoresis Aluminum Profile<\/a><\/li>\r\n<li><a href=\"https:\/\/sinoextrud.com\/product\/500-degree-brightness-polished-aluminum-profile\/\" target=\"_blank\">500 Degree Brightness Polished Aluminum Profile<\/a><\/li>\r\n<li><a href=\"https:\/\/sinoextrud.com\/product\/6463-electroplated-finish-shower-enclosure-aluminum-profile\/\" target=\"_blank\">6463 Electroplated Finish Shower Enclosure Aluminum Profile<\/a><\/li>"},"feature_list":[]},"_links":{"self":[{"href":"https:\/\/sinoextrud.com\/hu\/wp-json\/wp\/v2\/product\/6508","targetHints":{"allow":["GET"]}}],"collection":[{"href":"https:\/\/sinoextrud.com\/hu\/wp-json\/wp\/v2\/product"}],"about":[{"href":"https:\/\/sinoextrud.com\/hu\/wp-json\/wp\/v2\/types\/product"}],"wp:featuredmedia":[{"embeddable":true,"href":"https:\/\/sinoextrud.com\/hu\/wp-json\/wp\/v2\/media\/6507"}],"wp:attachment":[{"href":"https:\/\/sinoextrud.com\/hu\/wp-json\/wp\/v2\/media?parent=6508"}],"wp:term":[{"taxonomy":"category","embeddable":true,"href":"https:\/\/sinoextrud.com\/hu\/wp-json\/wp\/v2\/categories?post=6508"}],"curies":[{"name":"wp","href":"https:\/\/api.w.org\/{rel}","templated":true}]}}