{"id":6499,"date":"2025-05-29T03:44:09","date_gmt":"2025-05-29T03:44:09","guid":{"rendered":"https:\/\/sinoextrud.com\/product\/powder-coated-extrusions-aluminum-corrosion-resistant-for-10-years-in-door\/"},"modified":"2025-06-24T06:11:01","modified_gmt":"2025-06-24T06:11:01","slug":"porfestett-extrudalt-aluminium-korrozioallo-10-evig-az-ajtoban","status":"publish","type":"product","link":"https:\/\/sinoextrud.com\/hu\/product\/powder-coated-extrusions-aluminum-corrosion-resistant-for-10-years-in-door\/","title":{"rendered":"Porsz\u00f3rt bevonat\u00fa extrud\u00e1l\u00e1s alum\u00ednium korr\u00f3zi\u00f3\u00e1ll\u00f3 10 \u00e9vig az ajt\u00f3ban"},"content":{"rendered":"<h2>Term\u00e9kek r\u00e9szletei<\/h2>\n<table class=\"custom-table\">\n<tr>\n<td class=\"label\">C\u00edm<\/td>\n<td>Porsz\u00f3rt bevonat\u00fa extrud\u00e1l\u00e1s alum\u00ednium korr\u00f3zi\u00f3\u00e1ll\u00f3 10 \u00e9vig az ajt\u00f3ban<\/td>\n<\/tr>\n<\/table>\n<h2>Gy\u00e1rt\u00f3 b\u00e1zisunk<\/h2>\n<h3>Gy\u00e1ri panor\u00e1ma<\/h3>\n<p><img decoding=\"async\" src=\"\/wp-content\/uploads\/factory-01.webp\"\/><\/p>\n<h3>Alum\u00ednium r\u00fadgy\u00e1rt\u00f3 m\u0171hely<\/h3>\n<p><img decoding=\"async\" src=\"\/wp-content\/uploads\/factory-02.webp\"\/><\/p>\n<p><img decoding=\"async\" src=\"\/wp-content\/uploads\/factory-03.webp\"\/><\/p>\n<h3>Pen\u00e9sz rakt\u00e1r<\/h3>\n<p><img decoding=\"async\" src=\"\/wp-content\/uploads\/factory-04.webp\"\/><\/p>\n<h3>43 alum\u00ednium extrud\u00e1l\u00f3 vonal (500-5500 tonna)<\/h3>\n<p><img decoding=\"async\" src=\"\/wp-content\/uploads\/factory-05.webp\"\/><\/p>\n<p><img decoding=\"async\" src=\"\/wp-content\/uploads\/factory-06.webp\"\/><\/p>\n<p><img decoding=\"async\" src=\"\/wp-content\/uploads\/factory-07.webp\"\/><\/p>\n<h3>Porfest\u0151 m\u0171hely<\/h3>\n<p><img decoding=\"async\" src=\"\/wp-content\/uploads\/factory-09.webp\"\/><\/p>\n<h3>Anodiz\u00e1l\u00f3 m\u0171hely<\/h3>\n<p><img decoding=\"async\" src=\"\/wp-content\/uploads\/factory-10.webp\"\/><\/p>\n<h3>M\u00e9ly feldolgoz\u00e1si m\u0171hely<\/h3>\n<p><img decoding=\"async\" src=\"\/wp-content\/uploads\/factory-11.webp\"\/><\/p>\n<h3>CNC prec\u00edzi\u00f3s megmunk\u00e1l\u00f3 m\u0171hely<\/h3>\n<p><img decoding=\"async\" src=\"\/wp-content\/uploads\/factory-11.5.webp\"\/><\/p>\n<h3>K\u00e9szterm\u00e9k \u00e9s export rakt\u00e1r<\/h3>\n<p><img decoding=\"async\" src=\"\/wp-content\/uploads\/factory-12.webp\"\/><\/p>\n<p><img decoding=\"async\" src=\"\/wp-content\/uploads\/factory-13.webp\"\/><\/p>\n<p><img decoding=\"async\" src=\"\/wp-content\/uploads\/factory-14.webp\"\/><\/p>\n<h2>GYIK<\/h2>\n<p><p><b>1.Mi a porsz\u00f3rt extrud\u00e1lt alum\u00ednium korr\u00f3zi\u00f3\u00e1ll\u00f3 10 \u00e9vig haszn\u00e1lt ajt\u00f3kban?<\/b><\/p>\n<p>Ezeket a porsz\u00f3rt alum\u00edniumprofilokat ajt\u00f3keretekben, ablakkeretekben \u00e9s tol\u00f3ajt\u00f3kban haszn\u00e1lj\u00e1k, hossz\u00fa t\u00e1v\u00fa korr\u00f3zi\u00f3\u00e1ll\u00f3s\u00e1got \u00e9s eszt\u00e9tikus megjelen\u00e9st biztos\u00edtva.<br \/>\n<\/p><br \/>\n<br \/>\n<p><b>2.Mik a 10 \u00e9ves korr\u00f3zi\u00f3\u00e1ll\u00f3s\u00e1ggal rendelkez\u0151 porsz\u00f3rt alum\u00ednium extrud\u00e1l\u00e1sok legfontosabb el\u0151nyei?<\/b><\/p>\n<p>Kiv\u00e1l\u00f3 tart\u00f3ss\u00e1got, UV-v\u00e9delmet \u00e9s karc\u00e1ll\u00f3s\u00e1got biztos\u00edtanak, \u00e9s legal\u00e1bb 10 \u00e9vig meg\u0151rzik a fel\u00fclet\u00fcket fakul\u00e1s vagy h\u00e1ml\u00e1s n\u00e9lk\u00fcl.<br \/>\n<\/p><br \/>\n<br \/>\n<p><b>3.Mi\u00e9rt v\u00e1lassza a porsz\u00f3rt alum\u00ednium extrud\u00e1lt ajt\u00f3 alkalmaz\u00e1sokhoz?<\/b><\/p>\n<p>A porbevonat n\u00f6veli a korr\u00f3zi\u00f3\u00e1ll\u00f3s\u00e1got, jav\u00edtja az id\u0151j\u00e1r\u00e1s\u00e1ll\u00f3s\u00e1got, \u00e9s sima, egys\u00e9ges fel\u00fcletet biztos\u00edt, amely ellen\u00e1ll a zord k\u00f6rnyezeti k\u00f6r\u00fclm\u00e9nyeknek.<br \/>\n<\/p><br \/>\n<br \/>\n<p><b>4.Hogyan hosszabb\u00edtja meg a porfest\u00e9s az ajt\u00f3kban haszn\u00e1lt alum\u00ednium extrud\u00e1l\u00e1sok \u00e9lettartam\u00e1t?<\/b><\/p>\n<p>A porfest\u00e9s vastag v\u00e9d\u0151r\u00e9teget k\u00e9pez, amely megakad\u00e1lyozza az oxid\u00e1ci\u00f3t \u00e9s a korr\u00f3zi\u00f3t, cs\u00f6kkentve a karbantart\u00e1st \u00e9s meghosszabb\u00edtva az ajt\u00f3 \u00e9lettartam\u00e1t.<br \/>\n<\/p><br \/>\n<br \/>\n<p><b>5.Can porsz\u00f3rt alum\u00ednium extrud\u00e1l\u00e1sok testreszabhat\u00f3 ajt\u00f3kialak\u00edt\u00e1sokhoz?<\/b><\/p>\n<p>Igen, sz\u00edn\u00fck, text\u00far\u00e1juk, vastags\u00e1guk \u00e9s profilm\u00e9ret\u00fck testre szabhat\u00f3, hogy megfeleljenek az egyedi \u00e9p\u00edt\u00e9szeti \u00e9s funkcion\u00e1lis k\u00f6vetelm\u00e9nyeknek.<br \/>\n<\/p><br \/>\n<br \/>\n<p><b>6.Alkalmasak-e a porsz\u00f3rt alum\u00ednium extrud\u00e1l\u00e1sok k\u00fclt\u00e9ri ajt\u00f3szerel\u00e9shez?<\/b><\/p>\n<p>Igen, ezeket az extrud\u00e1lt anyagokat \u00fagy tervezt\u00e9k, hogy ellen\u00e1lljanak az UV-sugaraknak, a nedvess\u00e9gnek \u00e9s a sz\u00e9ls\u0151s\u00e9ges id\u0151j\u00e1r\u00e1si viszonyoknak, \u00edgy ide\u00e1lisak k\u00fclt\u00e9ri ajt\u00f3alkalmaz\u00e1sokhoz.<br \/>\n<\/p><br \/>\n<br \/>\n<p><b>7.Milyen el\u0151ny\u00f6kkel j\u00e1r a 10 \u00e9ves korr\u00f3zi\u00f3\u00e1ll\u00f3s\u00e1g az \u00e9p\u00fclettulajdonosok sz\u00e1m\u00e1ra?<\/b><\/p>\n<p>A tart\u00f3s korr\u00f3zi\u00f3\u00e1ll\u00f3s\u00e1g minimaliz\u00e1lja a jav\u00edt\u00e1si k\u00f6lts\u00e9geket, fenntartja az ajt\u00f3 eszt\u00e9tik\u00e1j\u00e1t \u00e9s biztos\u00edtja a szerkezeti integrit\u00e1st, \u00edgy kiv\u00e1l\u00f3an megt\u00e9r\u00fcl a befektet\u00e9s.<br \/>\n<\/p><br \/>\n<br \/>\n<p><b>8.Mely ipar\u00e1gak sz\u00e1m\u00e1ra el\u0151ny\u00f6sek a 10 \u00e9ves korr\u00f3zi\u00f3\u00e1ll\u00f3s\u00e1ggal rendelkez\u0151, porsz\u00f3rt alum\u00ednium extrud\u00e1l\u00e1sok?<\/b><\/p>\n<p>A lakoss\u00e1gi, kereskedelmi \u00e9s ipari \u00e9p\u00edt\u0151iparban ezeket a tart\u00f3s extrud\u00e1lt anyagokat ajt\u00f3khoz, ablakokhoz \u00e9s f\u00fcgg\u00f6nyfalrendszerekhez haszn\u00e1lj\u00e1k.<br \/>\n<\/p><br \/><\/p>","protected":false},"featured_media":6498,"template":"","categories":[61],"class_list":["post-6499","product","type-product","status-publish","has-post-thumbnail","hentry","category-powder-coating-aluminum-profile"],"meta_box":{"hilight_text_group":{"product_hilight_text":"<li>Powder-coated aluminum extrusions offer corrosion resistance for up to 10 years indoors<\/li>\r\r\n<li>Durable finish maintains aesthetic appeal and structural integrity over time<\/li>\r\r\n<li>Lightweight yet strong, ideal for various indoor architectural applications<\/li>\r\r\n<li>Available in custom sizes, colors, and profiles to meet project needs<\/li>\r\r\n<li>Supports bulk orders with consistent quality and reliable supply<\/li>","product_chanpin_blog":"<ul>\r\r\n<li><a href=\"https:\/\/sinoextrud.com\/t-slot-v-slot-differences\/\" target=\"_blank\">t slot vs v slot<\/a><\/li>\r\r\n<li><a href=\"https:\/\/sinoextrud.com\/what-is-4040-aluminium-extrud\/\" target=\"_blank\">4040 aluminium extrusion<\/a><\/li>\r\r\n<li><a href=\"https:\/\/sinoextrud.com\/what-is-4040-aluminium-extrud\/\" target=\"_blank\">aluminum extrusions for industrial racks<\/a><\/li>\r\r\n<li><a href=\"https:\/\/sinoextrud.com\/powder-coating-aluminium-process\/\" target=\"_blank\">powder coating aluminium<\/a><\/li>\r\r\n<li><a href=\"https:\/\/sinoextrud.com\/what-is-an-aluminium-strip-ceiling\/\" target=\"_blank\">aluminium strip ceiling<\/a><\/li>\r\r\n<li><a href=\"https:\/\/sinoextrud.com\/what-is-a-heat-sink\/\" target=\"_blank\">what is a heat sink<\/a><\/li>\r\r\n<\/ul>","product_chanpin_chanpin":"<li><a href=\"https:\/\/sinoextrud.com\/product\/power-coating-standard-aluminium-profiles\/\" target=\"_blank\">Power Coating Standard Aluminium Profiles<\/a><\/li>\r\n<li><a href=\"https:\/\/sinoextrud.com\/product\/aluminum-tube-coated-powder-price-per-kg-for-lowes-aluminum-pipe-fence-china\/\" target=\"_blank\">aluminum tube coated powder price per kg for lowes aluminum pipe fence china<\/a><\/li>\r\n<li><a href=\"https:\/\/sinoextrud.com\/product\/powder-coated-aluminium-extrusion\/\" target=\"_blank\">Powder Coated Aluminium Extrusion<\/a><\/li>\r\n<li><a href=\"https:\/\/sinoextrud.com\/product\/aluminium-extrusion-profile-with-pvdf-coating\/\" target=\"_blank\">Aluminium Extrusion Profile With PVDF Coating<\/a><\/li>\r\n<li><a href=\"https:\/\/sinoextrud.com\/product\/powder-coated-extrusions-aluminum-corrosion-resistant-for-10-years-in-door\/\" target=\"_blank\">Powder Coated Extrusions Aluminum Corrosion Resistant For 10 Years In Door<\/a><\/li>\r\n<li><a href=\"https:\/\/sinoextrud.com\/product\/powder-coating-surface-aluminum-profile\/\" target=\"_blank\">Powder Coating Surface Aluminum Profile<\/a><\/li>\r\n<li><a href=\"https:\/\/sinoextrud.com\/product\/customized-powder-coated-tube-decorative-anodized-aluminum-louver-fence-panel-for-modern-garden\/\" target=\"_blank\">Customized Powder Coated Tube Decorative Anodized Aluminum Louver Fence Panel For Modern Garden<\/a><\/li>\r\n<li><a href=\"https:\/\/sinoextrud.com\/product\/aluminium-6063\/\" target=\"_blank\">Aluminium 6063<\/a><\/li>\r\n<li><a href=\"https:\/\/sinoextrud.com\/product\/extrusion-aluminum-profile-for-powder-coating-window-and-door-alloy-6063\/\" target=\"_blank\">Extrusion Aluminum Profile For Powder Coating Window and Door Alloy 6063<\/a><\/li>\r\n<li><a href=\"https:\/\/sinoextrud.com\/product\/extruded-aluminium-profile-with-sand-blasted-treatment\/\" target=\"_blank\">Extruded Aluminium Profile With Sand Blasted Treatment<\/a><\/li>\r\n<li><a href=\"https:\/\/sinoextrud.com\/product\/round-sunflower-led-light-aluminium-heat-sink\/\" target=\"_blank\">Round Sunflower LED Light Aluminium Heat Sink<\/a><\/li>"},"feature_list":[]},"_links":{"self":[{"href":"https:\/\/sinoextrud.com\/hu\/wp-json\/wp\/v2\/product\/6499","targetHints":{"allow":["GET"]}}],"collection":[{"href":"https:\/\/sinoextrud.com\/hu\/wp-json\/wp\/v2\/product"}],"about":[{"href":"https:\/\/sinoextrud.com\/hu\/wp-json\/wp\/v2\/types\/product"}],"wp:featuredmedia":[{"embeddable":true,"href":"https:\/\/sinoextrud.com\/hu\/wp-json\/wp\/v2\/media\/6498"}],"wp:attachment":[{"href":"https:\/\/sinoextrud.com\/hu\/wp-json\/wp\/v2\/media?parent=6499"}],"wp:term":[{"taxonomy":"category","embeddable":true,"href":"https:\/\/sinoextrud.com\/hu\/wp-json\/wp\/v2\/categories?post=6499"}],"curies":[{"name":"wp","href":"https:\/\/api.w.org\/{rel}","templated":true}]}}