{"id":6495,"date":"2025-05-29T03:39:26","date_gmt":"2025-05-29T03:39:26","guid":{"rendered":"https:\/\/sinoextrud.com\/product\/powder-coated-aluminium-extrusion\/"},"modified":"2025-06-24T06:11:01","modified_gmt":"2025-06-24T06:11:01","slug":"porszort-aluminium-extrudalas","status":"publish","type":"product","link":"https:\/\/sinoextrud.com\/hu\/product\/powder-coated-aluminium-extrusion\/","title":{"rendered":"Porsz\u00f3rt alum\u00ednium extrud\u00e1l\u00e1s"},"content":{"rendered":"<h2>Term\u00e9kek r\u00e9szletei<\/h2>\n<table class=\"custom-table\">\n<tr>\n<td class=\"label\">Modell NO.:<\/td>\n<td>6061 6063 6082<\/td>\n<\/tr>\n<tr>\n<td class=\"label\">Lelkiismeretesen:<\/td>\n<td>T3 - T8<\/td>\n<\/tr>\n<tr>\n<td class=\"label\">Fel\u00fcletkezel\u00e9s:<\/td>\n<td>porsz\u00f3r\u00e1s<\/td>\n<\/tr>\n<tr>\n<td class=\"label\">\u00f6tv\u00f6zet:<\/td>\n<td>\u00d6tv\u00f6zet<\/td>\n<\/tr>\n<tr>\n<td class=\"label\">Fel\u00fclet:<\/td>\n<td>Porsz\u00f3rt sz\u00fcrke<\/td>\n<\/tr>\n<tr>\n<td class=\"label\">T\u00edpus:<\/td>\n<td>Alum\u00ednium profilok az \u00fcvegh\u00e1zak sz\u00e1m\u00e1ra<\/td>\n<\/tr>\n<tr>\n<td class=\"label\">Technika:<\/td>\n<td>Extrud\u00e1lt<\/td>\n<\/tr>\n<tr>\n<td class=\"label\">V\u00e9djegy:<\/td>\n<td>OEM<\/td>\n<\/tr>\n<tr>\n<td class=\"label\">Eredet:<\/td>\n<td>Guangdong K\u00edna<\/td>\n<\/tr>\n<tr>\n<td class=\"label\">Alak:<\/td>\n<td>N\u00e9gyzet, ov\u00e1lis, ereszcsatorna, lapos<\/td>\n<\/tr>\n<tr>\n<td class=\"label\">Folyamat:<\/td>\n<td>Extrud\u00e1l\u00e1s<\/td>\n<\/tr>\n<tr>\n<td class=\"label\">Alkalmaz\u00e1s:<\/td>\n<td>\u00c9p\u00edt\u00e9si profilok<\/td>\n<\/tr>\n<tr>\n<td class=\"label\">Tan\u00fas\u00edt\u00e1s:<\/td>\n<td>EN, ASTM, GB\/T<\/td>\n<\/tr>\n<tr>\n<td class=\"label\">M\u00e9ret:<\/td>\n<td>10mm - 300mm<\/td>\n<\/tr>\n<tr>\n<td class=\"label\">HS-k\u00f3d:<\/td>\n<td>7604299000<\/td>\n<\/tr>\n<tr>\n<td class=\"label\">Falvastags\u00e1g:<\/td>\n<td>1,0-1,4 mm. Testreszabott rendelkez\u00e9sre \u00e1ll<\/td>\n<\/tr>\n<tr>\n<td class=\"label\">Csomagol\u00e1s:<\/td>\n<td>Exportszabv\u00e1ny, PE c\u00e9gbe csomagolva, majd barna pap\u00edrral \u00e9s m\u0171anyag f\u00f3li\u00e1val bor\u00edtva, majd fa raklapra csomagolva<\/td>\n<\/tr>\n<tr>\n<td class=\"label\">\u00c1tfut\u00e1si id\u0151:<\/td>\n<td>A let\u00e9t be\u00e9rkez\u00e9s\u00e9t k\u00f6vet\u0151 30 napon bel\u00fcl<\/td>\n<\/tr>\n<tr>\n<td class=\"label\">Megjegyz\u00e9sek:<\/td>\n<td>Az \u00f6tv\u00f6zet, a temper\u00e1l\u00e1s vagy a specifik\u00e1ci\u00f3 k\u00fcl\u00f6nleges k\u00f6vetelm\u00e9nyeit k\u00e9r\u00e9s\u00e9re megbesz\u00e9lhetj\u00fck.<\/td>\n<\/tr>\n<\/table>\n<h2>Gy\u00e1rt\u00f3 b\u00e1zisunk<\/h2>\n<h3>Gy\u00e1ri panor\u00e1ma<\/h3>\n<p><img decoding=\"async\" src=\"\/wp-content\/uploads\/factory-01.webp\"\/><\/p>\n<h3>Alum\u00ednium r\u00fadgy\u00e1rt\u00f3 m\u0171hely<\/h3>\n<p><img decoding=\"async\" src=\"\/wp-content\/uploads\/factory-02.webp\"\/><\/p>\n<p><img decoding=\"async\" src=\"\/wp-content\/uploads\/factory-03.webp\"\/><\/p>\n<h3>Pen\u00e9sz rakt\u00e1r<\/h3>\n<p><img decoding=\"async\" src=\"\/wp-content\/uploads\/factory-04.webp\"\/><\/p>\n<h3>43 alum\u00ednium extrud\u00e1l\u00f3 vonal (500-5500 tonna)<\/h3>\n<p><img decoding=\"async\" src=\"\/wp-content\/uploads\/factory-05.webp\"\/><\/p>\n<p><img decoding=\"async\" src=\"\/wp-content\/uploads\/factory-06.webp\"\/><\/p>\n<p><img decoding=\"async\" src=\"\/wp-content\/uploads\/factory-07.webp\"\/><\/p>\n<h3>Porfest\u0151 m\u0171hely<\/h3>\n<p><img decoding=\"async\" src=\"\/wp-content\/uploads\/factory-09.webp\"\/><\/p>\n<h3>Anodiz\u00e1l\u00f3 m\u0171hely<\/h3>\n<p><img decoding=\"async\" src=\"\/wp-content\/uploads\/factory-10.webp\"\/><\/p>\n<h3>M\u00e9ly feldolgoz\u00e1si m\u0171hely<\/h3>\n<p><img decoding=\"async\" src=\"\/wp-content\/uploads\/factory-11.webp\"\/><\/p>\n<h3>CNC prec\u00edzi\u00f3s megmunk\u00e1l\u00f3 m\u0171hely<\/h3>\n<p><img decoding=\"async\" src=\"\/wp-content\/uploads\/factory-11.5.webp\"\/><\/p>\n<h3>K\u00e9szterm\u00e9k \u00e9s export rakt\u00e1r<\/h3>\n<p><img decoding=\"async\" src=\"\/wp-content\/uploads\/factory-12.webp\"\/><\/p>\n<p><img decoding=\"async\" src=\"\/wp-content\/uploads\/factory-13.webp\"\/><\/p>\n<p><img decoding=\"async\" src=\"\/wp-content\/uploads\/factory-14.webp\"\/><\/p>\n<h2>GYIK<\/h2>\n<p><p><b>1. mire haszn\u00e1lj\u00e1k a porsz\u00f3rt alum\u00ednium extrud\u00e1l\u00e1st?<\/b><\/p>\n<p>A porfestett alum\u00ednium extrud\u00e1l\u00e1st az \u00e9p\u00edt\u0151iparban, az aut\u00f3iparban, a b\u00fatoriparban, az elektronik\u00e1ban \u00e9s az \u00e9p\u00edt\u00e9szetben haszn\u00e1lj\u00e1k a fokozott tart\u00f3ss\u00e1g \u00e9s az eszt\u00e9tikai megjelen\u00e9s \u00e9rdek\u00e9ben.<br \/>\n<\/p><br \/>\n<br \/>\n<p><b>2.Mik a porsz\u00f3rt alum\u00ednium extrud\u00e1l\u00e1s legfontosabb el\u0151nyei?<\/b><\/p>\n<p>A porsz\u00f3rt alum\u00ednium extrud\u00e1l\u00e1s kiv\u00e1l\u00f3 korr\u00f3zi\u00f3\u00e1ll\u00f3s\u00e1got, karc\u00e1ll\u00f3s\u00e1got, UV-v\u00e9delmet \u00e9s egys\u00e9ges, tart\u00f3s fel\u00fcletet biztos\u00edt.<br \/>\n<\/p><br \/>\n<br \/>\n<p><b>3.Mi\u00e9rt v\u00e1lassza az alum\u00ednium extrud\u00e1l\u00e1shoz a porfest\u00e9st a hagyom\u00e1nyos fest\u00e9ssel szemben?<\/b><\/p>\n<p>A porfest\u00e9s k\u00f6rnyezetbar\u00e1t, kevesebb hullad\u00e9k keletkezik, vastagabb \u00e9s egyenletesebb bevonatot biztos\u00edt, \u00e9s a foly\u00e9kony fest\u00e9kekhez k\u00e9pest jobb tart\u00f3ss\u00e1got k\u00edn\u00e1l.<br \/>\n<\/p><br \/>\n<br \/>\n<p><b>4.Can porsz\u00f3rt alum\u00ednium extrud\u00e1l\u00e1sok testre szabhat\u00f3?<\/b><\/p>\n<p>Igen, sz\u00edn\u00fck, text\u00far\u00e1juk, f\u00e9nyess\u00e9g\u00fck \u00e9s vastags\u00e1guk testre szabhat\u00f3, hogy megfeleljenek az egyedi tervez\u00e9si \u00e9s teljes\u00edtm\u00e9nyk\u00f6vetelm\u00e9nyeknek.<br \/>\n<\/p><br \/>\n<br \/>\n<p><b>5.Milyen fel\u00fcletkezel\u00e9s \u00e9rhet\u0151 el a porsz\u00f3rt alum\u00ednium extrud\u00e1l\u00e1shoz?<\/b><\/p>\n<p>A porfest\u00e9s a sz\u00ednek \u00e9s fel\u00fcletek sz\u00e9les sk\u00e1l\u00e1j\u00e1t k\u00edn\u00e1lja, p\u00e9ld\u00e1ul matt, f\u00e9nyes \u00e9s textur\u00e1lt fel\u00fcleteket a megjelen\u00e9s \u00e9s a v\u00e9delem fokoz\u00e1sa \u00e9rdek\u00e9ben.<br \/>\n<\/p><br \/>\n<br \/>\n<p><b>6.Alkalmasak-e a porsz\u00f3rt alum\u00edniumprofilok k\u00fclt\u00e9ri haszn\u00e1latra?<\/b><\/p>\n<p>Igen, a porsz\u00f3rt alum\u00ednium extrud\u00e1l\u00e1sok kiv\u00e1l\u00f3 id\u0151j\u00e1r\u00e1s\u00e1ll\u00f3s\u00e1got biztos\u00edtanak, v\u00e9delmet ny\u00fajtanak az UV-sugarak, a nedvess\u00e9g \u00e9s a korr\u00f3zi\u00f3 ellen k\u00fclt\u00e9ri k\u00f6rnyezetben.<br \/>\n<\/p><br \/>\n<br \/>\n<p><b>7.Hogyan j\u00e1rul hozz\u00e1 a porfest\u00e9s az alum\u00ednium extrud\u00e1lt term\u00e9kek fenntarthat\u00f3 gy\u00e1rt\u00e1s\u00e1hoz?<\/b><\/p>\n<p>A porbevonat alacsony VOC-tartalm\u00fa, energiahat\u00e9kony elj\u00e1r\u00e1s, az alum\u00ednium pedig 100% \u00fajrahasznos\u00edthat\u00f3, \u00edgy a porbevonat\u00fa extrud\u00e1lt term\u00e9kek k\u00f6rnyezetbar\u00e1t \u00e9p\u00edt\u0151anyagg\u00e1 v\u00e1lnak.<br \/>\n<\/p><br \/>\n<br \/>\n<p><b>8.Mely ipar\u00e1gak haszn\u00e1lj\u00e1k \u00e1ltal\u00e1ban a porsz\u00f3rt alum\u00ednium extrud\u00e1l\u00e1st?<\/b><\/p>\n<p>Az olyan ipar\u00e1gak, mint az \u00e9p\u00edt\u0151ipar, az aut\u00f3ipar, a b\u00fatorgy\u00e1rt\u00e1s, az elektronika \u00e9s a jelz\u0151t\u00e1bl\u00e1k a porsz\u00f3rt alum\u00ednium extrud\u00e1l\u00e1st tart\u00f3ss\u00e1ga, eszt\u00e9tik\u00e1ja \u00e9s korr\u00f3zi\u00f3\u00e1ll\u00f3s\u00e1ga miatt haszn\u00e1lj\u00e1k.<br \/>\n<\/p><br \/><\/p>","protected":false},"featured_media":6494,"template":"","categories":[61],"class_list":["post-6495","product","type-product","status-publish","has-post-thumbnail","hentry","category-powder-coating-aluminum-profile"],"meta_box":{"hilight_text_group":{"product_hilight_text":"<li>Durable powder coating enhances corrosion resistance and surface hardness<\/li>\r\r\n<li>Available in various colors and finishes for versatile applications<\/li>\r\r\n<li>Lightweight aluminum extrusion offers high strength-to-weight ratio<\/li>\r\r\n<li>Ideal for architectural, automotive, and industrial projects<\/li>\r\r\n<li>Supports custom sizes and bulk orders with reliable supply<\/li>","product_chanpin_blog":"<ul>\r\r\n<li><a href=\"https:\/\/sinoextrud.com\/t-slot-v-slot-differences\/\" target=\"_blank\">t slot vs v slot<\/a><\/li>\r\r\n<li><a href=\"https:\/\/sinoextrud.com\/what-is-4040-aluminium-extrud\/\" target=\"_blank\">4040 aluminium extrusion<\/a><\/li>\r\r\n<li><a href=\"https:\/\/sinoextrud.com\/what-is-4040-aluminium-extrud\/\" target=\"_blank\">aluminum extrusions for industrial racks<\/a><\/li>\r\r\n<li><a href=\"https:\/\/sinoextrud.com\/powder-coating-aluminium-process\/\" target=\"_blank\">powder coating aluminium<\/a><\/li>\r\r\n<li><a href=\"https:\/\/sinoextrud.com\/what-is-an-aluminium-strip-ceiling\/\" target=\"_blank\">aluminium strip ceiling<\/a><\/li>\r\r\n<li><a href=\"https:\/\/sinoextrud.com\/what-is-a-heat-sink\/\" target=\"_blank\">what is a heat sink<\/a><\/li>\r\r\n<\/ul>","product_chanpin_chanpin":"<li><a href=\"https:\/\/sinoextrud.com\/product\/6061-oval-aluminum-tubing\/\" target=\"_blank\">6061 Oval Aluminum Tubing<\/a><\/li>\r\n<li><a href=\"https:\/\/sinoextrud.com\/product\/extruded-aluminum-rectangular-tubing\/\" target=\"_blank\">Extruded Aluminum Rectangular Tubing<\/a><\/li>\r\n<li><a href=\"https:\/\/sinoextrud.com\/product\/power-coating-standard-aluminium-profiles\/\" target=\"_blank\">Power Coating Standard Aluminium Profiles<\/a><\/li>\r\n<li><a href=\"https:\/\/sinoextrud.com\/product\/aluminum-tube-coated-powder-price-per-kg-for-lowes-aluminum-pipe-fence-china\/\" target=\"_blank\">aluminum tube coated powder price per kg for lowes aluminum pipe fence china<\/a><\/li>\r\n<li><a href=\"https:\/\/sinoextrud.com\/product\/powder-coated-aluminium-extrusion\/\" target=\"_blank\">Powder Coated Aluminium Extrusion<\/a><\/li>\r\n<li><a href=\"https:\/\/sinoextrud.com\/product\/aluminium-extrusion-profile-with-pvdf-coating\/\" target=\"_blank\">Aluminium Extrusion Profile With PVDF Coating<\/a><\/li>\r\n<li><a href=\"https:\/\/sinoextrud.com\/product\/powder-coated-extrusions-aluminum-corrosion-resistant-for-10-years-in-door\/\" target=\"_blank\">Powder Coated Extrusions Aluminum Corrosion Resistant For 10 Years In Door<\/a><\/li>\r\n<li><a href=\"https:\/\/sinoextrud.com\/product\/powder-coating-surface-aluminum-profile\/\" target=\"_blank\">Powder Coating Surface Aluminum Profile<\/a><\/li>\r\n<li><a href=\"https:\/\/sinoextrud.com\/product\/customized-powder-coated-tube-decorative-anodized-aluminum-louver-fence-panel-for-modern-garden\/\" target=\"_blank\">Customized Powder Coated Tube Decorative Anodized Aluminum Louver Fence Panel For Modern Garden<\/a><\/li>\r\n<li><a href=\"https:\/\/sinoextrud.com\/product\/aluminum-t-slot-profile\/\" target=\"_blank\">Aluminum T Slot Profile<\/a><\/li>\r\n<li><a href=\"https:\/\/sinoextrud.com\/product\/oem-aluminum-manufacturing-processes-cnc-machining\/\" target=\"_blank\">OEM Aluminum Manufacturing Processes CNC Machining<\/a><\/li>"},"feature_list":[]},"_links":{"self":[{"href":"https:\/\/sinoextrud.com\/hu\/wp-json\/wp\/v2\/product\/6495","targetHints":{"allow":["GET"]}}],"collection":[{"href":"https:\/\/sinoextrud.com\/hu\/wp-json\/wp\/v2\/product"}],"about":[{"href":"https:\/\/sinoextrud.com\/hu\/wp-json\/wp\/v2\/types\/product"}],"wp:featuredmedia":[{"embeddable":true,"href":"https:\/\/sinoextrud.com\/hu\/wp-json\/wp\/v2\/media\/6494"}],"wp:attachment":[{"href":"https:\/\/sinoextrud.com\/hu\/wp-json\/wp\/v2\/media?parent=6495"}],"wp:term":[{"taxonomy":"category","embeddable":true,"href":"https:\/\/sinoextrud.com\/hu\/wp-json\/wp\/v2\/categories?post=6495"}],"curies":[{"name":"wp","href":"https:\/\/api.w.org\/{rel}","templated":true}]}}