{"id":6491,"date":"2025-05-29T03:32:56","date_gmt":"2025-05-29T03:32:56","guid":{"rendered":"https:\/\/sinoextrud.com\/product\/power-coating-standard-aluminium-profiles\/"},"modified":"2025-06-24T06:11:00","modified_gmt":"2025-06-24T06:11:00","slug":"standard-aluminium-profilok-bevonasa","status":"publish","type":"product","link":"https:\/\/sinoextrud.com\/hu\/product\/power-coating-standard-aluminium-profiles\/","title":{"rendered":"Power Coating Standard alum\u00ednium profilok"},"content":{"rendered":"<h2>Term\u00e9kek r\u00e9szletei<\/h2>\n<table class=\"custom-table\">\n<tr>\n<td class=\"label\">N\u00e9v<\/td>\n<td>Standard alum\u00ednium profilok, Standard alum\u00ednium profilok<\/td>\n<\/tr>\n<tr>\n<td class=\"label\">M\u00e1rka<\/td>\n<td>Sinoextrud\/Sinoextrud<\/td>\n<\/tr>\n<tr>\n<td class=\"label\">Kateg\u00f3ria<\/td>\n<td>Alum\u00ednium extrud\u00e1l\u00e1s<\/td>\n<\/tr>\n<tr>\n<td class=\"label\">Anyag<\/td>\n<td>A 6061 sz\u00e9les k\u00f6rben haszn\u00e1latos. A 6063, 6463, 6005, 6082 is rendelkez\u00e9sre \u00e1ll.<\/td>\n<\/tr>\n<tr>\n<td class=\"label\">Temper<\/td>\n<td>T5-T8<\/td>\n<\/tr>\n<tr>\n<td class=\"label\">Hossz\u00fas\u00e1g<\/td>\n<td>5.8m a 20ft , 5.9m \/6.0m a 40'GP, vagy testreszab\u00e1s<\/td>\n<\/tr>\n<tr>\n<td class=\"label\">M\u00e9ret (mm)<\/td>\n<td>K\u00fcl\u00f6nb\u00f6z\u0151 m\u00e9ret \u00e1ll rendelkez\u00e9sre, \u00fcgyf\u00e9l rajz \u00e1ll rendelkez\u00e9sre<\/td>\n<\/tr>\n<tr>\n<td class=\"label\">Shape<\/td>\n<td>Rajz szerint<\/td>\n<\/tr>\n<tr>\n<td class=\"label\">Fel\u00fcletkezel\u00e9s<\/td>\n<td>Er\u0151bevonat; Malom k\u00e9sz, elox\u00e1lt, homokf\u00fav\u00e1s, elektrofor\u00e9zis is rendelkez\u00e9sre \u00e1ll.<\/td>\n<\/tr>\n<tr>\n<td class=\"label\">Sz\u00ednes<\/td>\n<td>A sz\u00edneket az \u00fcgyfelek mint\u00e1i alapj\u00e1n testreszabhatjuk<\/td>\n<\/tr>\n<tr>\n<td class=\"label\">Garancia<\/td>\n<td>BV , TUV ,ISO<\/td>\n<\/tr>\n<tr>\n<td class=\"label\">Standard<\/td>\n<td>K\u00f6zepes \u00e9s magas min\u0151s\u00e9g<\/td>\n<\/tr>\n<tr>\n<td class=\"label\">MOQ<\/td>\n<td>200KGS minden egyes t\u00e9telre<\/td>\n<\/tr>\n<tr>\n<td class=\"label\">A  c\u00edmr\u0151l<\/td>\n<td>Guangdong, K\u00edna<\/td>\n<\/tr>\n<tr>\n<td class=\"label\">Alkalmaz\u00e1s<\/td>\n<td>F\u00e9nydoboz alum\u00ednium profilok, rekl\u00e1mkeret<\/td>\n<\/tr>\n<\/table>\n<h2>Gy\u00e1rt\u00f3 b\u00e1zisunk<\/h2>\n<h3>Gy\u00e1ri panor\u00e1ma<\/h3>\n<p><img decoding=\"async\" src=\"\/wp-content\/uploads\/factory-01.webp\"\/><\/p>\n<h3>Alum\u00ednium r\u00fadgy\u00e1rt\u00f3 m\u0171hely<\/h3>\n<p><img decoding=\"async\" src=\"\/wp-content\/uploads\/factory-02.webp\"\/><\/p>\n<p><img decoding=\"async\" src=\"\/wp-content\/uploads\/factory-03.webp\"\/><\/p>\n<h3>Pen\u00e9sz rakt\u00e1r<\/h3>\n<p><img decoding=\"async\" src=\"\/wp-content\/uploads\/factory-04.webp\"\/><\/p>\n<h3>43 alum\u00ednium extrud\u00e1l\u00f3 vonal (500-5500 tonna)<\/h3>\n<p><img decoding=\"async\" src=\"\/wp-content\/uploads\/factory-05.webp\"\/><\/p>\n<p><img decoding=\"async\" src=\"\/wp-content\/uploads\/factory-06.webp\"\/><\/p>\n<p><img decoding=\"async\" src=\"\/wp-content\/uploads\/factory-07.webp\"\/><\/p>\n<h3>Porfest\u0151 m\u0171hely<\/h3>\n<p><img decoding=\"async\" src=\"\/wp-content\/uploads\/factory-09.webp\"\/><\/p>\n<h3>Anodiz\u00e1l\u00f3 m\u0171hely<\/h3>\n<p><img decoding=\"async\" src=\"\/wp-content\/uploads\/factory-10.webp\"\/><\/p>\n<h3>M\u00e9ly feldolgoz\u00e1si m\u0171hely<\/h3>\n<p><img decoding=\"async\" src=\"\/wp-content\/uploads\/factory-11.webp\"\/><\/p>\n<h3>CNC prec\u00edzi\u00f3s megmunk\u00e1l\u00f3 m\u0171hely<\/h3>\n<p><img decoding=\"async\" src=\"\/wp-content\/uploads\/factory-11.5.webp\"\/><\/p>\n<h3>K\u00e9szterm\u00e9k \u00e9s export rakt\u00e1r<\/h3>\n<p><img decoding=\"async\" src=\"\/wp-content\/uploads\/factory-12.webp\"\/><\/p>\n<p><img decoding=\"async\" src=\"\/wp-content\/uploads\/factory-13.webp\"\/><\/p>\n<p><img decoding=\"async\" src=\"\/wp-content\/uploads\/factory-14.webp\"\/><\/p>\n<h2>GYIK<\/h2>\n<p><p><b>1.Mire haszn\u00e1lj\u00e1k a standard alum\u00ednium profilok porsz\u00f3r\u00e1sos bevonat\u00e1t?<\/b><\/p>\n<p>A porsz\u00f3rt bevonat\u00fa standard alum\u00edniumprofilokat az \u00e9p\u00edt\u0151iparban, az aut\u00f3iparban, a b\u00fatoriparban \u00e9s az \u00e9p\u00edt\u00e9szetben haszn\u00e1lj\u00e1k a fokozott tart\u00f3ss\u00e1g \u00e9s az eszt\u00e9tikai megjelen\u00e9s \u00e9rdek\u00e9ben.<br \/>\n<\/p><br \/>\n<br \/>\n<p><b>2.Melyek a standard alum\u00edniumprofilok porbevon\u00e1s\u00e1nak legfontosabb el\u0151nyei?<\/b><\/p>\n<p>A porsz\u00f3r\u00e1sos bevonat kem\u00e9ny, egys\u00e9ges fel\u00fcletet biztos\u00edt, amely kiv\u00e1l\u00f3 korr\u00f3zi\u00f3\u00e1ll\u00f3s\u00e1got, karc\u00e1ll\u00f3s\u00e1got \u00e9s UV-v\u00e9delmet biztos\u00edt.<br \/>\n<\/p><br \/>\n<br \/>\n<p><b>3.Mi\u00e9rt v\u00e1lassza a porfest\u00e9st az alum\u00edniumprofilok m\u00e1s befejez\u0151 elj\u00e1r\u00e1sokkal szemben?<\/b><\/p>\n<p>A porfest\u00e9s k\u00f6rnyezetbar\u00e1t, kevesebb hullad\u00e9k keletkezik, vastagabb \u00e9s egyenletesebb bevonatot biztos\u00edt, \u00e9s jobb tart\u00f3ss\u00e1got biztos\u00edt, mint a foly\u00e9kony fest\u00e9kek.<br \/>\n<\/p><br \/>\n<br \/>\n<p><b>4.Lehet-e testre szabni a porsz\u00f3rt alum\u00ednium profilokat?<\/b><\/p>\n<p>Igen, a porsz\u00f3rt alum\u00edniumprofilok sz\u00ednben, text\u00far\u00e1ban, f\u00e9nyess\u00e9gben \u00e9s vastags\u00e1gban testre szabhat\u00f3k, hogy megfeleljenek az egyedi tervez\u00e9si \u00e9s teljes\u00edtm\u00e9nyk\u00f6vetelm\u00e9nyeknek.<br \/>\n<\/p><br \/>\n<br \/>\n<p><b>5.Milyen fel\u00fcletkezel\u00e9s \u00e9rhet\u0151 el az alum\u00edniumprofilok porbevonata eset\u00e9n?<\/b><\/p>\n<p>A porfest\u00e9s a sz\u00ednek sz\u00e9les sk\u00e1l\u00e1j\u00e1t k\u00edn\u00e1lja, a matt, f\u00e9nyes \u00e9s textur\u00e1lt fel\u00fcleteket a profil megjelen\u00e9s\u00e9nek \u00e9s v\u00e9delm\u00e9nek fokoz\u00e1s\u00e1ra.<br \/>\n<\/p><br \/>\n<br \/>\n<p><b>6.Alkalmasak-e a porsz\u00f3rt alum\u00edniumprofilok k\u00fclt\u00e9ri haszn\u00e1latra?<\/b><\/p>\n<p>Igen, a porsz\u00f3rt alum\u00edniumprofilok kiv\u00e1l\u00f3 id\u0151j\u00e1r\u00e1s\u00e1ll\u00f3s\u00e1got biztos\u00edtanak, v\u00e9delmet ny\u00fajtanak az UV-sugarak, a nedvess\u00e9g \u00e9s a korr\u00f3zi\u00f3 ellen k\u00fclt\u00e9ri k\u00f6rnyezetben.<br \/>\n<\/p><br \/>\n<br \/>\n<p><b>7.Hogyan jav\u00edtja a porfest\u00e9s az alum\u00edniumprofilok fenntarthat\u00f3s\u00e1g\u00e1t?<\/b><\/p>\n<p>A porbevonat alacsony VOC-tartalm\u00fa, energiahat\u00e9kony elj\u00e1r\u00e1s, az alum\u00ednium pedig 100% \u00fajrahasznos\u00edthat\u00f3, \u00edgy a porbevonat\u00fa profilok k\u00f6rnyezetbar\u00e1t \u00e9p\u00edt\u0151anyagnak sz\u00e1m\u00edtanak.<br \/>\n<\/p><br \/>\n<br \/>\n<p><b>8.Mely ipar\u00e1gak haszn\u00e1lj\u00e1k \u00e1ltal\u00e1ban a porsz\u00f3rtan bevont szabv\u00e1nyos alum\u00ednium profilokat?<\/b><\/p>\n<p>Az olyan ipar\u00e1gak, mint az \u00e9p\u00edt\u0151ipar, az aut\u00f3ipar, a b\u00fatorgy\u00e1rt\u00e1s \u00e9s az elektronika, tart\u00f3ss\u00e1guk, eszt\u00e9tik\u00e1juk \u00e9s korr\u00f3zi\u00f3\u00e1ll\u00f3s\u00e1guk miatt haszn\u00e1lj\u00e1k a porsz\u00f3rt alum\u00edniumprofilokat.<br \/>\n<\/p><br \/><\/p>","protected":false},"featured_media":6490,"template":"","categories":[61],"class_list":["post-6491","product","type-product","status-publish","has-post-thumbnail","hentry","category-powder-coating-aluminum-profile"],"meta_box":{"hilight_text_group":{"product_hilight_text":"<li>High-quality powder coating provides excellent corrosion and wear resistance<\/li>\r\r\n<li>Available in standard aluminum profile shapes and sizes<\/li>\r\r\n<li>Durable finish with vibrant colors for aesthetic appeal<\/li>\r\r\n<li>Lightweight and strong, suitable for construction and industrial use<\/li>\r\r\n<li>Supports bulk supply with consistent quality and timely delivery<\/li>","product_chanpin_blog":"<ul>\r\r\n<li><a href=\"https:\/\/sinoextrud.com\/t-slot-v-slot-differences\/\" target=\"_blank\">t slot vs v slot<\/a><\/li>\r\r\n<li><a href=\"https:\/\/sinoextrud.com\/what-is-4040-aluminium-extrud\/\" target=\"_blank\">4040 aluminium extrusion<\/a><\/li>\r\r\n<li><a href=\"https:\/\/sinoextrud.com\/what-is-4040-aluminium-extrud\/\" target=\"_blank\">aluminum extrusions for industrial racks<\/a><\/li>\r\r\n<li><a href=\"https:\/\/sinoextrud.com\/powder-coating-aluminium-process\/\" target=\"_blank\">powder coating aluminium<\/a><\/li>\r\r\n<li><a href=\"https:\/\/sinoextrud.com\/what-is-an-aluminium-strip-ceiling\/\" target=\"_blank\">aluminium strip ceiling<\/a><\/li>\r\r\n<li><a href=\"https:\/\/sinoextrud.com\/what-is-a-heat-sink\/\" target=\"_blank\">what is a heat sink<\/a><\/li>\r\r\n<\/ul>","product_chanpin_chanpin":"<li><a href=\"https:\/\/sinoextrud.com\/product\/china-aluminum-extrusion-6061-6063-anodized-aluminum-pipe\/\" target=\"_blank\">China Aluminum Extrusion 6061 6063 Anodized Aluminum Pipe<\/a><\/li>\r\n<li><a href=\"https:\/\/sinoextrud.com\/product\/anodized-aluminum-tubes\/\" target=\"_blank\">Anodized Aluminum Tubes<\/a><\/li>\r\n<li><a href=\"https:\/\/sinoextrud.com\/product\/6061-oval-aluminum-tubing\/\" target=\"_blank\">6061 Oval Aluminum Tubing<\/a><\/li>\r\n<li><a href=\"https:\/\/sinoextrud.com\/product\/extruded-aluminum-rectangular-tubing\/\" target=\"_blank\">Extruded Aluminum Rectangular Tubing<\/a><\/li>\r\n<li><a href=\"https:\/\/sinoextrud.com\/product\/power-coating-standard-aluminium-profiles\/\" target=\"_blank\">Power Coating Standard Aluminium Profiles<\/a><\/li>\r\n<li><a href=\"https:\/\/sinoextrud.com\/product\/aluminum-tube-coated-powder-price-per-kg-for-lowes-aluminum-pipe-fence-china\/\" target=\"_blank\">aluminum tube coated powder price per kg for lowes aluminum pipe fence china<\/a><\/li>\r\n<li><a href=\"https:\/\/sinoextrud.com\/product\/powder-coated-aluminium-extrusion\/\" target=\"_blank\">Powder Coated Aluminium Extrusion<\/a><\/li>\r\n<li><a href=\"https:\/\/sinoextrud.com\/product\/aluminium-extrusion-profile-with-pvdf-coating\/\" target=\"_blank\">Aluminium Extrusion Profile With PVDF Coating<\/a><\/li>\r\n<li><a href=\"https:\/\/sinoextrud.com\/product\/powder-coated-extrusions-aluminum-corrosion-resistant-for-10-years-in-door\/\" target=\"_blank\">Powder Coated Extrusions Aluminum Corrosion Resistant For 10 Years In Door<\/a><\/li>\r\n<li><a href=\"https:\/\/sinoextrud.com\/product\/wood-grain-aluminum-square-tube\/\" target=\"_blank\">Wood Grain Aluminum Square Tube<\/a><\/li>\r\n<li><a href=\"https:\/\/sinoextrud.com\/product\/cutting-aluminum-extrusion\/\" target=\"_blank\">Cutting Aluminum Extrusion<\/a><\/li>"},"feature_list":[]},"_links":{"self":[{"href":"https:\/\/sinoextrud.com\/hu\/wp-json\/wp\/v2\/product\/6491","targetHints":{"allow":["GET"]}}],"collection":[{"href":"https:\/\/sinoextrud.com\/hu\/wp-json\/wp\/v2\/product"}],"about":[{"href":"https:\/\/sinoextrud.com\/hu\/wp-json\/wp\/v2\/types\/product"}],"wp:featuredmedia":[{"embeddable":true,"href":"https:\/\/sinoextrud.com\/hu\/wp-json\/wp\/v2\/media\/6490"}],"wp:attachment":[{"href":"https:\/\/sinoextrud.com\/hu\/wp-json\/wp\/v2\/media?parent=6491"}],"wp:term":[{"taxonomy":"category","embeddable":true,"href":"https:\/\/sinoextrud.com\/hu\/wp-json\/wp\/v2\/categories?post=6491"}],"curies":[{"name":"wp","href":"https:\/\/api.w.org\/{rel}","templated":true}]}}