{"id":6476,"date":"2025-05-29T02:54:41","date_gmt":"2025-05-29T02:54:41","guid":{"rendered":"https:\/\/sinoextrud.com\/product\/custom-large-diameter-extruded-aluminum-pipe\/"},"modified":"2025-06-24T06:10:59","modified_gmt":"2025-06-24T06:10:59","slug":"egyedi-nagy-atmeroju-extrudalt-aluminium-cso","status":"publish","type":"product","link":"https:\/\/sinoextrud.com\/hu\/product\/custom-large-diameter-extruded-aluminum-pipe\/","title":{"rendered":"Egyedi nagy \u00e1tm\u00e9r\u0151j\u0171 extrud\u00e1lt alum\u00ednium cs\u0151"},"content":{"rendered":"<h2>Term\u00e9kek r\u00e9szletei<\/h2>\n<table class=\"custom-table\">\n<tr>\n<td class=\"label\">Term\u00e9k neve<\/td>\n<td>Egyedi nagy \u00e1tm\u00e9r\u0151j\u0171 extrud\u00e1lt alum\u00ednium cs\u0151 gy\u00e1rt\u00f3ja<\/td>\n<\/tr>\n<tr>\n<td class=\"label\">Term\u00e9kv\u00e1laszt\u00e9k<\/td>\n<td>alum\u00ednium extrud\u00e1lt nagy \u00e1tm\u00e9r\u0151j\u0171 alum\u00ednium cs\u0151, nagy \u00e1tm\u00e9r\u0151j\u0171 alum\u00ednium cs\u0151, nagy \u00e1tm\u00e9r\u0151j\u0171 alum\u00ednium cs\u0151, nagy alum\u00ednium cs\u00f6vek, nagy alum\u00ednium cs\u0151, alum\u00ednium cs\u0151 nagy \u00e1tm\u00e9r\u0151j\u0171, nagy alum\u00ednium cs\u0151, nagy alum\u00ednium cs\u0151, stb.<\/td>\n<\/tr>\n<tr>\n<td class=\"label\">Megfelel\u0151 rendszerek T\u00edpusok<\/td>\n<td>hegesztett cs\u00f6vek, olaj- \u00e9s g\u00e1zvezet\u00e9kek, v\u00edzvezet\u00e9kek \u00e9s nagynyom\u00e1s\u00fa tart\u00e1lyok gy\u00e1rt\u00e1sa stb.<\/td>\n<\/tr>\n<tr>\n<td class=\"label\">Anyag<\/td>\n<td>6061, 6063, 3003, 7003, 7075 alum\u00ednium\u00f6tv\u00f6zet<\/td>\n<\/tr>\n<tr>\n<td class=\"label\">Fel\u00fcletkezel\u00e9s<\/td>\n<td>malomra k\u00e9sz, elox\u00e1lt, fa szemcs\u00e9s, er\u0151 bevonat, homokf\u00fav\u00e1s, elektrofor\u00e9zis, csiszolt, pol\u00edroz\u00e1s, stb.<\/td>\n<\/tr>\n<tr>\n<td class=\"label\">CNC m\u00e9lyfeldolgoz\u00e1s<\/td>\n<td>v\u00e1g\u00e1s, f\u00far\u00e1s, megmunk\u00e1l\u00e1s, lyukaszt\u00e1s, hajl\u00edt\u00e1s, csapol\u00e1s stb.<\/td>\n<\/tr>\n<tr>\n<td class=\"label\">\u00c1tm\u00e9r\u0151<\/td>\n<td>300mm-ig<\/td>\n<\/tr>\n<tr>\n<td class=\"label\">Hossz\u00fas\u00e1g<\/td>\n<td>1-9 m\u00e9ter vagy CNC v\u00e1g\u00e1s ig\u00e9ny szerint.<\/td>\n<\/tr>\n<tr>\n<td class=\"label\">Garancia<\/td>\n<td>20 \u00e9v<\/td>\n<\/tr>\n<tr>\n<td class=\"label\">Sz\u00e1ll\u00edt\u00e1si id\u0151<\/td>\n<td>\u00c1ltal\u00e1ban 15-25 nap<\/td>\n<\/tr>\n<tr>\n<td class=\"label\">Fizet\u00e9si felt\u00e9telek<\/td>\n<td>30% bet\u00e9t a gy\u00e1rt\u00e1s el\u0151tt, \u00e9s a sz\u00e1ll\u00edt\u00e1s el\u0151tti egyenleg.<\/td>\n<\/tr>\n<\/table>\n<h2>Gy\u00e1rt\u00f3 b\u00e1zisunk<\/h2>\n<h3>Gy\u00e1ri panor\u00e1ma<\/h3>\n<p><img decoding=\"async\" src=\"\/wp-content\/uploads\/factory-01.webp\"\/><\/p>\n<h3>Alum\u00ednium r\u00fadgy\u00e1rt\u00f3 m\u0171hely<\/h3>\n<p><img decoding=\"async\" src=\"\/wp-content\/uploads\/factory-02.webp\"\/><\/p>\n<p><img decoding=\"async\" src=\"\/wp-content\/uploads\/factory-03.webp\"\/><\/p>\n<h3>Pen\u00e9sz rakt\u00e1r<\/h3>\n<p><img decoding=\"async\" src=\"\/wp-content\/uploads\/factory-04.webp\"\/><\/p>\n<h3>43 alum\u00ednium extrud\u00e1l\u00f3 vonal (500-5500 tonna)<\/h3>\n<p><img decoding=\"async\" src=\"\/wp-content\/uploads\/factory-05.webp\"\/><\/p>\n<p><img decoding=\"async\" src=\"\/wp-content\/uploads\/factory-06.webp\"\/><\/p>\n<p><img decoding=\"async\" src=\"\/wp-content\/uploads\/factory-07.webp\"\/><\/p>\n<h3>Porfest\u0151 m\u0171hely<\/h3>\n<p><img decoding=\"async\" src=\"\/wp-content\/uploads\/factory-09.webp\"\/><\/p>\n<h3>Anodiz\u00e1l\u00f3 m\u0171hely<\/h3>\n<p><img decoding=\"async\" src=\"\/wp-content\/uploads\/factory-10.webp\"\/><\/p>\n<h3>M\u00e9ly feldolgoz\u00e1si m\u0171hely<\/h3>\n<p><img decoding=\"async\" src=\"\/wp-content\/uploads\/factory-11.webp\"\/><\/p>\n<h3>CNC prec\u00edzi\u00f3s megmunk\u00e1l\u00f3 m\u0171hely<\/h3>\n<p><img decoding=\"async\" src=\"\/wp-content\/uploads\/factory-11.5.webp\"\/><\/p>\n<h3>K\u00e9szterm\u00e9k \u00e9s export rakt\u00e1r<\/h3>\n<p><img decoding=\"async\" src=\"\/wp-content\/uploads\/factory-12.webp\"\/><\/p>\n<p><img decoding=\"async\" src=\"\/wp-content\/uploads\/factory-13.webp\"\/><\/p>\n<p><img decoding=\"async\" src=\"\/wp-content\/uploads\/factory-14.webp\"\/><\/p>\n<h2>GYIK<\/h2>\n<p><p><b>1.Milyen szolg\u00e1ltat\u00e1sokat k\u00edn\u00e1l egy egyedi, nagy \u00e1tm\u00e9r\u0151j\u0171 extrud\u00e1lt alum\u00edniumcs\u0151 gy\u00e1rt\u00f3ja?<\/b><\/p>\n<p>Egyedi projektk\u00f6vetelm\u00e9nyeknek megfelel\u0151, nagy \u00e1tm\u00e9r\u0151j\u0171 alum\u00edniumcs\u00f6veket biztos\u00edtanak egyedi \u00e1tm\u00e9r\u0151vel, falvastags\u00e1ggal, \u00f6tv\u00f6zetekkel \u00e9s hosszal.<br \/>\n<\/p><br \/>\n<br \/>\n<p><b>2.Mik a legfontosabb el\u0151nyei az egyedi nagy \u00e1tm\u00e9r\u0151j\u0171 extrud\u00e1lt alum\u00edniumcs\u00f6vek haszn\u00e1lat\u00e1nak?<\/b><\/p>\n<p>Az egyedi cs\u00f6vek pontos m\u00e9reteket, kiv\u00e1l\u00f3 szil\u00e1rds\u00e1g-s\u00faly ar\u00e1nyt, kiv\u00e1l\u00f3 korr\u00f3zi\u00f3\u00e1ll\u00f3s\u00e1got \u00e9s fokozott tart\u00f3ss\u00e1got k\u00edn\u00e1lnak az ig\u00e9nyes alkalmaz\u00e1sokhoz.<br \/>\n<\/p><br \/>\n<br \/>\n<p><b>3.Mi\u00e9rt v\u00e1lasszon egy\u00e9ni gy\u00e1rt\u00f3t a nagy \u00e1tm\u00e9r\u0151j\u0171 extrud\u00e1lt alum\u00edniumcs\u00f6vekhez?<\/b><\/p>\n<p>Az egyedi gy\u00e1rt\u00f3k biztos\u00edtj\u00e1k a min\u0151s\u00e9gellen\u0151rz\u00e9st, a tervez\u00e9si rugalmass\u00e1got, valamint a szigor\u00fa ipari szabv\u00e1nyoknak \u00e9s egyedi m\u0171szaki el\u0151\u00edr\u00e1soknak val\u00f3 megfelel\u00e9st.<br \/>\n<\/p><br \/>\n<br \/>\n<p><b>4.Can egy\u00e9ni nagy \u00e1tm\u00e9r\u0151j\u0171 extrud\u00e1lt alum\u00ednium cs\u00f6vek lehet k\u00e9sz fel\u00fcletkezel\u00e9sekkel?<\/b><\/p>\n<p>Igen, a lehet\u0151s\u00e9gek k\u00f6z\u00f6tt szerepel az elox\u00e1l\u00e1s, a porfest\u00e9s \u00e9s a pol\u00edroz\u00e1s a korr\u00f3zi\u00f3\u00e1ll\u00f3s\u00e1g, az eszt\u00e9tikum \u00e9s a kop\u00e1sv\u00e9delem jav\u00edt\u00e1sa \u00e9rdek\u00e9ben.<br \/>\n<\/p><br \/>\n<br \/>\n<p><b>5.Milyen ipar\u00e1gak r\u00e9szes\u00fclnek az egyedi nagy \u00e1tm\u00e9r\u0151j\u0171 extrud\u00e1lt alum\u00edniumcs\u00f6vekb\u0151l?<\/b><\/p>\n<p>Az olyan ipar\u00e1gak, mint a rep\u00fcl\u0151g\u00e9pipar, az olaj- \u00e9s g\u00e1zipar, a tenger\u00e9szet, az \u00e9p\u00edt\u0151ipar \u00e9s a k\u00f6zleked\u00e9s, az egyedi alum\u00edniumcs\u00f6vekre t\u00e1maszkodnak a kritikus szerkezeti \u00e9s folyad\u00e9ksz\u00e1ll\u00edt\u00e1si alkalmaz\u00e1sokban.<br \/>\n<\/p><br \/>\n<br \/>\n<p><b>6.Hogyan jav\u00edtja az egyedi extrud\u00e1l\u00e1s a nagy \u00e1tm\u00e9r\u0151j\u0171 alum\u00edniumcs\u00f6vek teljes\u00edtm\u00e9ny\u00e9t?<\/b><\/p>\n<p>Az egyedi extrud\u00e1l\u00e1s lehet\u0151v\u00e9 teszi az egyenletes falvastags\u00e1got, az optim\u00e1lis \u00f6tv\u00f6zetv\u00e1laszt\u00e1st \u00e9s a pontos t\u0171r\u00e9seket, amelyek jav\u00edtj\u00e1k a mechanikai tulajdons\u00e1gokat \u00e9s a hossz\u00fa \u00e9lettartamot.<br \/>\n<\/p><br \/>\n<br \/>\n<p><b>7.Are egy\u00e9ni nagy \u00e1tm\u00e9r\u0151j\u0171 extrud\u00e1lt alum\u00ednium cs\u00f6vek k\u00f6lts\u00e9ghat\u00e9konyak?<\/b><\/p>\n<p>B\u00e1r a kezdeti k\u00f6lts\u00e9gek magasabbak lehetnek, mint a szabv\u00e1nyos cs\u00f6vek\u00e9, a testreszab\u00e1s cs\u00f6kkenti a hullad\u00e9kot, jav\u00edtja az illeszked\u00e9st \u00e9s cs\u00f6kkenti a karbantart\u00e1st, ami hossz\u00fa t\u00e1v\u00fa k\u00f6lts\u00e9gmegtakar\u00edt\u00e1st eredm\u00e9nyez.<br \/>\n<\/p><br \/>\n<br \/>\n<p><b>8.Hogyan t\u00e1mogatj\u00e1k az egyedi, nagy \u00e1tm\u00e9r\u0151j\u0171 extrud\u00e1lt alum\u00edniumcs\u00f6vek a fenntarthat\u00f3 gy\u00e1rt\u00e1st?<\/b><\/p>\n<p>Ezek a cs\u00f6vek \u00fajrahasznos\u00edthat\u00f3 alum\u00edniumb\u00f3l k\u00e9sz\u00fclnek, \u00e9s prec\u00edzi\u00f3s extrud\u00e1l\u00e1ssal minimaliz\u00e1lj\u00e1k az anyaghullad\u00e9kot, el\u0151seg\u00edtve a k\u00f6rnyezetbar\u00e1t gy\u00e1rt\u00e1si gyakorlatot.<br \/>\n<\/p><br \/><\/p>","protected":false},"featured_media":6475,"template":"","categories":[60],"class_list":["post-6476","product","type-product","status-publish","has-post-thumbnail","hentry","category-general-tubes-and-bars"],"meta_box":{"hilight_text_group":{"product_hilight_text":"<li>Specializes in custom large diameter aluminum pipes tailored to project needs<\/li>\r\r\n<li>Uses high-quality alloys for superior strength and corrosion resistance<\/li>\r\r\n<li>Advanced extrusion technology ensures precise dimensions and surface finish<\/li>\r\r\n<li>Supports bulk orders with consistent quality and timely delivery<\/li>\r\r\n<li>Offers flexible customization including sizes, wall thicknesses, and finishes<\/li>","product_chanpin_blog":"<ul>\r\r\n<li><a href=\"https:\/\/sinoextrud.com\/t-slot-v-slot-differences\/\" target=\"_blank\">t slot vs v slot<\/a><\/li>\r\r\n<li><a href=\"https:\/\/sinoextrud.com\/what-is-4040-aluminium-extrud\/\" target=\"_blank\">4040 aluminium extrusion<\/a><\/li>\r\r\n<li><a href=\"https:\/\/sinoextrud.com\/what-is-4040-aluminium-extrud\/\" target=\"_blank\">aluminum extrusions for industrial racks<\/a><\/li>\r\r\n<li><a href=\"https:\/\/sinoextrud.com\/powder-coating-aluminium-process\/\" target=\"_blank\">powder coating aluminium<\/a><\/li>\r\r\n<li><a href=\"https:\/\/sinoextrud.com\/what-is-an-aluminium-strip-ceiling\/\" target=\"_blank\">aluminium strip ceiling<\/a><\/li>\r\r\n<li><a href=\"https:\/\/sinoextrud.com\/what-is-a-heat-sink\/\" target=\"_blank\">what is a heat sink<\/a><\/li>\r\r\n<\/ul>","product_chanpin_chanpin":"<li><a href=\"https:\/\/sinoextrud.com\/product\/triangle-champagne-aluminum-extruded-tube\/\" target=\"_blank\">Triangle Champagne Aluminum Extruded Tube<\/a><\/li>\r\n<li><a href=\"https:\/\/sinoextrud.com\/product\/6063-aluminum-pipe-fire-hydrant-aluminum-profile\/\" target=\"_blank\">6063 Aluminum Pipe Fire Hydrant Aluminum Profile<\/a><\/li>\r\n<li><a href=\"https:\/\/sinoextrud.com\/product\/aluminum-extrusion-electrophoresis-aluminum-tube\/\" target=\"_blank\">Aluminum Extrusion Electrophoresis Aluminum Tube<\/a><\/li>\r\n<li><a href=\"https:\/\/sinoextrud.com\/product\/aluminum-square-tube-powder-coating-6063-t5-extruded-profiles\/\" target=\"_blank\">aluminum square tube powder coating 6063 t5 extruded profiles<\/a><\/li>\r\n<li><a href=\"https:\/\/sinoextrud.com\/product\/custom-large-diameter-extruded-aluminum-pipe\/\" target=\"_blank\">Custom Large Diameter Extruded Aluminum Pipe<\/a><\/li>\r\n<li><a href=\"https:\/\/sinoextrud.com\/product\/china-aluminum-extrusion-6061-6063-anodized-aluminum-pipe\/\" target=\"_blank\">China Aluminum Extrusion 6061 6063 Anodized Aluminum Pipe<\/a><\/li>\r\n<li><a href=\"https:\/\/sinoextrud.com\/product\/anodized-aluminum-tubes\/\" target=\"_blank\">Anodized Aluminum Tubes<\/a><\/li>\r\n<li><a href=\"https:\/\/sinoextrud.com\/product\/6061-oval-aluminum-tubing\/\" target=\"_blank\">6061 Oval Aluminum Tubing<\/a><\/li>\r\n<li><a href=\"https:\/\/sinoextrud.com\/product\/extruded-aluminum-rectangular-tubing\/\" target=\"_blank\">Extruded Aluminum Rectangular Tubing<\/a><\/li>\r\n<li><a href=\"https:\/\/sinoextrud.com\/product\/aluminium-picture-frame-extrusions\/\" target=\"_blank\">Aluminium Picture Frame Extrusions<\/a><\/li>\r\n<li><a href=\"https:\/\/sinoextrud.com\/product\/custom-industrial-aluminum-profiles\/\" target=\"_blank\">Custom Industrial Aluminum Profiles<\/a><\/li>"},"feature_list":[]},"_links":{"self":[{"href":"https:\/\/sinoextrud.com\/hu\/wp-json\/wp\/v2\/product\/6476","targetHints":{"allow":["GET"]}}],"collection":[{"href":"https:\/\/sinoextrud.com\/hu\/wp-json\/wp\/v2\/product"}],"about":[{"href":"https:\/\/sinoextrud.com\/hu\/wp-json\/wp\/v2\/types\/product"}],"wp:featuredmedia":[{"embeddable":true,"href":"https:\/\/sinoextrud.com\/hu\/wp-json\/wp\/v2\/media\/6475"}],"wp:attachment":[{"href":"https:\/\/sinoextrud.com\/hu\/wp-json\/wp\/v2\/media?parent=6476"}],"wp:term":[{"taxonomy":"category","embeddable":true,"href":"https:\/\/sinoextrud.com\/hu\/wp-json\/wp\/v2\/categories?post=6476"}],"curies":[{"name":"wp","href":"https:\/\/api.w.org\/{rel}","templated":true}]}}