{"id":6474,"date":"2025-05-29T02:50:06","date_gmt":"2025-05-29T02:50:06","guid":{"rendered":"https:\/\/sinoextrud.com\/product\/aluminum-square-tube-powder-coating-6063-t5-extruded-profiles\/"},"modified":"2025-06-24T06:10:59","modified_gmt":"2025-06-24T06:10:59","slug":"aluminium-negyzet-alaku-cso-porszoras-6063-t5-extrudalt-profilok","status":"publish","type":"product","link":"https:\/\/sinoextrud.com\/hu\/product\/aluminum-square-tube-powder-coating-6063-t5-extruded-profiles\/","title":{"rendered":"alum\u00ednium n\u00e9gyzet alak\u00fa cs\u0151 porsz\u00f3r\u00e1s 6063 t5 extrud\u00e1lt profilok"},"content":{"rendered":"<h2>Term\u00e9kek r\u00e9szletei<\/h2>\n<table class=\"custom-table\">\n<tr>\n<td class=\"label\">Fel\u00fcletkezel\u00e9s:<\/td>\n<td> alum\u00ednium porsz\u00f3r\u00e1s<\/td>\n<\/tr>\n<tr>\n<td class=\"label\">Sz\u00e1ll\u00edt\u00e1si id\u0151:<\/td>\n<td> 20 nappal a befizet\u00e9s be\u00e9rkez\u00e9se ut\u00e1n<\/td>\n<\/tr>\n<tr>\n<td class=\"label\">Fizet\u00e9si hat\u00e1rid\u0151:<\/td>\n<td> T \/ T, 30% el\u0151legfizet\u00e9s, m\u00edg a m\u00e9rleget ki kell fizetni<\/td>\n<\/tr>\n<tr>\n<td class=\"label\">Garancia:<\/td>\n<td> A felsz\u00edni sz\u00edn k\u00e9pes 10 ~ 20 \u00e9vig fenntartani a sz\u00ednt<\/td>\n<\/tr>\n<tr>\n<td class=\"label\">Anyag:<\/td>\n<td> 6063-T5, 6061-T6, 6463-T5, 7075-T6, 6082<\/td>\n<\/tr>\n<tr>\n<td class=\"label\">V\u00e9djegy:<\/td>\n<td> OEM<\/td>\n<\/tr>\n<tr>\n<td class=\"label\">Specifik\u00e1ci\u00f3:<\/td>\n<td> 1m-9m vagy egyedi m\u00e9ret<\/td>\n<\/tr>\n<tr>\n<td class=\"label\">HS-k\u00f3d:<\/td>\n<td> 76042100<\/td>\n<\/tr>\n<tr>\n<td class=\"label\">Alak:<\/td>\n<td> N\u00e9gyzet, testreszabott<\/td>\n<\/tr>\n<tr>\n<td class=\"label\">Oszt\u00e1ly:<\/td>\n<td> 6000-es sorozat<\/td>\n<\/tr>\n<tr>\n<td class=\"label\">Lelkiismeretesen:<\/td>\n<td> T3 - T8<\/td>\n<\/tr>\n<tr>\n<td class=\"label\">Sz\u00ednek:<\/td>\n<td> Porbevonat<\/td>\n<\/tr>\n<tr>\n<td class=\"label\">MOQ:<\/td>\n<td> 200KG minden egyes t\u00e9telhez<\/td>\n<\/tr>\n<tr>\n<td class=\"label\">Sz\u00e1ll\u00edt\u00e1si csomag:<\/td>\n<td> M\u0171anyag f\u00f3lia vagy polizs\u00e1k, v\u00edz\u00e1ll\u00f3 k\u00e9zm\u0171ves pap\u00edr<\/td>\n<\/tr>\n<tr>\n<td class=\"label\">Eredet:<\/td>\n<td> Foshan, K\u00edna<\/td>\n<\/tr>\n<\/table>\n<h2>Gy\u00e1rt\u00f3 b\u00e1zisunk<\/h2>\n<h3>Gy\u00e1ri panor\u00e1ma<\/h3>\n<p><img decoding=\"async\" src=\"\/wp-content\/uploads\/factory-01.webp\"\/><\/p>\n<h3>Alum\u00ednium r\u00fadgy\u00e1rt\u00f3 m\u0171hely<\/h3>\n<p><img decoding=\"async\" src=\"\/wp-content\/uploads\/factory-02.webp\"\/><\/p>\n<\/p>\n<p><img decoding=\"async\" src=\"\/wp-content\/uploads\/factory-03.webp\"\/><\/p>\n<h3>Pen\u00e9sz rakt\u00e1r<\/h3>\n<p><img decoding=\"async\" src=\"\/wp-content\/uploads\/factory-04.webp\"\/><\/p>\n<h3>43 alum\u00ednium extrud\u00e1l\u00f3 vonal (500-5500 tonna)<\/h3>\n<p><img decoding=\"async\" src=\"\/wp-content\/uploads\/factory-05.webp\"\/><\/p>\n<p><img decoding=\"async\" src=\"\/wp-content\/uploads\/factory-06.webp\"\/><\/p>\n<p><img decoding=\"async\" src=\"\/wp-content\/uploads\/factory-07.webp\"\/><\/p>\n<h3>Porfest\u0151 m\u0171hely<\/h3>\n<p><img decoding=\"async\" src=\"\/wp-content\/uploads\/factory-09.webp\"\/><\/p>\n<h3>Anodiz\u00e1l\u00f3 m\u0171hely<\/h3>\n<p><img decoding=\"async\" src=\"\/wp-content\/uploads\/factory-10.webp\"\/><\/p>\n<h3>M\u00e9ly feldolgoz\u00e1si m\u0171hely<\/h3>\n<p><img decoding=\"async\" src=\"\/wp-content\/uploads\/factory-11.webp\"\/><\/p>\n<h3>CNC prec\u00edzi\u00f3s megmunk\u00e1l\u00f3 m\u0171hely<\/h3>\n<p><img decoding=\"async\" src=\"\/wp-content\/uploads\/factory-11.5.webp\"\/><\/p>\n<h3>K\u00e9szterm\u00e9k \u00e9s export rakt\u00e1r<\/h3>\n<p><img decoding=\"async\" src=\"\/wp-content\/uploads\/factory-12.webp\"\/><\/p>\n<p><img decoding=\"async\" src=\"\/wp-content\/uploads\/factory-13.webp\"\/><\/p>\n<p><img decoding=\"async\" src=\"\/wp-content\/uploads\/factory-14.webp\"\/><\/p>\n<h2>GYIK<\/h2>\n<p><b>1.What alum\u00ednium n\u00e9gyzet alak\u00fa cs\u0151 porbevonat 6063 T5 extrud\u00e1lt profilok haszn\u00e1lt?<\/b><\/p>\n<p>Ezeket a profilokat szil\u00e1rds\u00e1guk, tart\u00f3ss\u00e1guk \u00e9s eszt\u00e9tikus kivitelez\u00e9s\u00fck miatt sz\u00e9les k\u00f6rben haszn\u00e1lj\u00e1k az \u00e9p\u00edt\u0151iparban, az aut\u00f3iparban, a b\u00fatoriparban \u00e9s az \u00e9p\u00edt\u00e9szetben.\n<\/p>\n<p><\/p>\n<p><b>2.Mik a legfontosabb el\u0151nyei az alum\u00ednium n\u00e9gyzet alak\u00fa cs\u0151 porbevonat 6063 T5 extrud\u00e1lt profilok?<\/b><\/p>\n<p>Nagy szil\u00e1rds\u00e1g\/t\u00f6meg ar\u00e1nyt, kiv\u00e1l\u00f3 korr\u00f3zi\u00f3\u00e1ll\u00f3s\u00e1got \u00e9s tart\u00f3s, \u00e9l\u00e9nk porsz\u00f3rt fel\u00fcletet k\u00edn\u00e1lnak, ami n\u00f6veli a hossz\u00fa \u00e9lettartamot.\n<\/p>\n<p><\/p>\n<p><b>3.Mi\u00e9rt v\u00e1lassza a 6063 T5 \u00f6tv\u00f6zetet az alum\u00ednium n\u00e9gysz\u00f6gletes cs\u0151 extrud\u00e1l\u00e1s\u00e1hoz?<\/b><\/p>\n<p>A 6063 T5 \u00f6tv\u00f6zet kiv\u00e1l\u00f3 mechanikai tulajdons\u00e1gokkal, j\u00f3 megmunk\u00e1lhat\u00f3s\u00e1ggal \u00e9s kiv\u00e1l\u00f3 korr\u00f3zi\u00f3\u00e1ll\u00f3s\u00e1ggal rendelkezik, \u00edgy ide\u00e1lis szerkezeti \u00e9s dekorat\u00edv felhaszn\u00e1l\u00e1sra.\n<\/p>\n<p><\/p>\n<p><b>4.How por bevonat el\u0151ny\u00f6s alum\u00ednium n\u00e9gyzet alak\u00fa cs\u0151 6063 T5 extrud\u00e1lt profilok?<\/b><\/p>\n<p>A porfest\u00e9k kem\u00e9ny, egys\u00e9ges fel\u00fcletet biztos\u00edt, amely ellen\u00e1ll a karcol\u00e1soknak, az UV-s\u00e9r\u00fcl\u00e9seknek \u00e9s a korr\u00f3zi\u00f3nak, jav\u00edtva ezzel a tart\u00f3ss\u00e1got \u00e9s a megjelen\u00e9st.\n<\/p>\n<p><\/p>\n<p><b>5.Can alum\u00ednium n\u00e9gyzet alak\u00fa cs\u0151 porbevonat 6063 T5 extrud\u00e1lt profilok testre szabhat\u00f3?<\/b><\/p>\n<p>Igen, ezek a profilok m\u00e9retben, falvastags\u00e1gban, sz\u00ednben \u00e9s kivitelben testre szabhat\u00f3k, hogy megfeleljenek az adott projekt k\u00f6vetelm\u00e9nyeinek.\n<\/p>\n<p><\/p>\n<p><b>6.A porsz\u00f3rt 6063 T5 alum\u00ednium n\u00e9gysz\u00f6gletes cs\u00f6vek alkalmasak k\u00fclt\u00e9ri alkalmaz\u00e1sokhoz?<\/b><\/p>\n<p>Igen, a porfest\u00e9k fokozott v\u00e9delmet ny\u00fajt az id\u0151j\u00e1r\u00e1s, az UV-sugarak \u00e9s a nedvess\u00e9g ellen, \u00edgy ide\u00e1lis k\u00fclt\u00e9ri k\u00f6rnyezetbe.\n<\/p>\n<p><\/p>\n<p><b>7.Hogyan t\u00e1mogatja az alum\u00ednium n\u00e9gyzet alak\u00fa cs\u0151 porsz\u00f3r\u00e1s 6063 T5 a fenntarthat\u00f3 \u00e9p\u00edt\u00e9st?<\/b><\/p>\n<p>A 6063 T5 alum\u00ednium 100% \u00fajrahasznos\u00edthat\u00f3, a porfest\u00e9s pedig k\u00f6rnyezetbar\u00e1t befejez\u0151 elj\u00e1r\u00e1s, amely hozz\u00e1j\u00e1rul a fenntarthat\u00f3 \u00e9p\u00edt\u00e9si gyakorlatokhoz.\n<\/p>\n<p><\/p>\n<p><b>8.Mely ipar\u00e1gak profit\u00e1lnak legink\u00e1bb az alum\u00ednium n\u00e9gysz\u00f6gletes cs\u0151 porbevonat\u00fa 6063 T5 extrud\u00e1lt profilokb\u00f3l?<\/b><\/p>\n<p>Az olyan ipar\u00e1gak, mint az \u00e9p\u00edt\u0151ipar, a k\u00f6zleked\u00e9s, a b\u00fatorgy\u00e1rt\u00e1s \u00e9s az \u00e9p\u00edt\u00e9szeti tervez\u00e9s, a szil\u00e1rds\u00e1g, a tart\u00f3ss\u00e1g \u00e9s az eszt\u00e9tikum miatt t\u00e1maszkodnak ezekre a profilokra.\n<\/p>\n<p><\/p>","protected":false},"featured_media":6473,"template":"","categories":[60],"class_list":["post-6474","product","type-product","status-publish","has-post-thumbnail","hentry","category-general-tubes-and-bars"],"meta_box":{"hilight_text_group":{"product_hilight_text":"<li>Made from 6063 T5 aluminum alloy for high strength and durability<\/li>\r\r\n<li>Powder coating provides excellent corrosion resistance and vibrant finish<\/li>\r\r\n<li>Precision extruded square tube profiles with consistent dimensions<\/li>\r\r\n<li>Lightweight design suitable for structural and decorative applications<\/li>\r\r\n<li>Supports custom sizes, colors, and bulk orders with reliable supply<\/li>","product_chanpin_blog":"<ul>\r\r\n<li><a href=\"https:\/\/sinoextrud.com\/t-slot-v-slot-differences\/\" target=\"_blank\">t slot vs v slot<\/a><\/li>\r\r\n<li><a href=\"https:\/\/sinoextrud.com\/what-is-4040-aluminium-extrud\/\" target=\"_blank\">4040 aluminium extrusion<\/a><\/li>\r\r\n<li><a href=\"https:\/\/sinoextrud.com\/what-is-4040-aluminium-extrud\/\" target=\"_blank\">aluminum extrusions for industrial racks<\/a><\/li>\r\r\n<li><a href=\"https:\/\/sinoextrud.com\/powder-coating-aluminium-process\/\" target=\"_blank\">powder coating aluminium<\/a><\/li>\r\r\n<li><a href=\"https:\/\/sinoextrud.com\/what-is-an-aluminium-strip-ceiling\/\" target=\"_blank\">aluminium strip ceiling<\/a><\/li>\r\r\n<li><a href=\"https:\/\/sinoextrud.com\/what-is-a-heat-sink\/\" target=\"_blank\">what is a heat sink<\/a><\/li>\r\r\n<\/ul>","product_chanpin_chanpin":"<li><a href=\"https:\/\/sinoextrud.com\/product\/3003-aluminum-tube-and-pipe\/\" target=\"_blank\">3003 Aluminum Tube And Pipe<\/a><\/li>\r\n<li><a href=\"https:\/\/sinoextrud.com\/product\/triangle-champagne-aluminum-extruded-tube\/\" target=\"_blank\">Triangle Champagne Aluminum Extruded Tube<\/a><\/li>\r\n<li><a href=\"https:\/\/sinoextrud.com\/product\/6063-aluminum-pipe-fire-hydrant-aluminum-profile\/\" target=\"_blank\">6063 Aluminum Pipe Fire Hydrant Aluminum Profile<\/a><\/li>\r\n<li><a href=\"https:\/\/sinoextrud.com\/product\/aluminum-extrusion-electrophoresis-aluminum-tube\/\" target=\"_blank\">Aluminum Extrusion Electrophoresis Aluminum Tube<\/a><\/li>\r\n<li><a href=\"https:\/\/sinoextrud.com\/product\/aluminum-square-tube-powder-coating-6063-t5-extruded-profiles\/\" target=\"_blank\">aluminum square tube powder coating 6063 t5 extruded profiles<\/a><\/li>\r\n<li><a href=\"https:\/\/sinoextrud.com\/product\/custom-large-diameter-extruded-aluminum-pipe\/\" target=\"_blank\">Custom Large Diameter Extruded Aluminum Pipe<\/a><\/li>\r\n<li><a href=\"https:\/\/sinoextrud.com\/product\/china-aluminum-extrusion-6061-6063-anodized-aluminum-pipe\/\" target=\"_blank\">China Aluminum Extrusion 6061 6063 Anodized Aluminum Pipe<\/a><\/li>\r\n<li><a href=\"https:\/\/sinoextrud.com\/product\/anodized-aluminum-tubes\/\" target=\"_blank\">Anodized Aluminum Tubes<\/a><\/li>\r\n<li><a href=\"https:\/\/sinoextrud.com\/product\/6061-oval-aluminum-tubing\/\" target=\"_blank\">6061 Oval Aluminum Tubing<\/a><\/li>\r\n<li><a href=\"https:\/\/sinoextrud.com\/product\/color-anodized-structural-aluminum-extrusions-profile-for-window-frame-extruded-aluminium-alloys-6063\/\" target=\"_blank\">Color Anodized structural aluminum extrusions Profile for Window Frame extruded aluminium alloys 6063<\/a><\/li>\r\n<li><a href=\"https:\/\/sinoextrud.com\/product\/double-angle-aluminium-extrusion\/\" target=\"_blank\">Double Angle Aluminium Extrusion<\/a><\/li>"},"feature_list":[]},"_links":{"self":[{"href":"https:\/\/sinoextrud.com\/hu\/wp-json\/wp\/v2\/product\/6474","targetHints":{"allow":["GET"]}}],"collection":[{"href":"https:\/\/sinoextrud.com\/hu\/wp-json\/wp\/v2\/product"}],"about":[{"href":"https:\/\/sinoextrud.com\/hu\/wp-json\/wp\/v2\/types\/product"}],"wp:featuredmedia":[{"embeddable":true,"href":"https:\/\/sinoextrud.com\/hu\/wp-json\/wp\/v2\/media\/6473"}],"wp:attachment":[{"href":"https:\/\/sinoextrud.com\/hu\/wp-json\/wp\/v2\/media?parent=6474"}],"wp:term":[{"taxonomy":"category","embeddable":true,"href":"https:\/\/sinoextrud.com\/hu\/wp-json\/wp\/v2\/categories?post=6474"}],"curies":[{"name":"wp","href":"https:\/\/api.w.org\/{rel}","templated":true}]}}