{"id":6468,"date":"2025-05-29T02:40:05","date_gmt":"2025-05-29T02:40:05","guid":{"rendered":"https:\/\/sinoextrud.com\/product\/triangle-champagne-aluminum-extruded-tube\/"},"modified":"2025-06-24T06:10:57","modified_gmt":"2025-06-24T06:10:57","slug":"haromszog-pezsgo-aluminium-extrudalt-cso","status":"publish","type":"product","link":"https:\/\/sinoextrud.com\/hu\/product\/triangle-champagne-aluminum-extruded-tube\/","title":{"rendered":"H\u00e1romsz\u00f6g pezsg\u0151 alum\u00ednium extrud\u00e1lt cs\u0151"},"content":{"rendered":"<h2>Term\u00e9kek r\u00e9szletei<\/h2>\n<table class=\"custom-table\">\n<tr>\n<td class=\"label\">C\u00edm<\/td>\n<td>Alum\u00ednium extrud\u00e1lt cs\u0151, h\u00e1romsz\u00f6g pezsg\u0151 alum\u00ednium extrud\u00e1lt cs\u0151<\/td>\n<\/tr>\n<tr>\n<td class=\"label\">Kateg\u00f3ria<\/td>\n<td>Alum\u00ednium profil<\/td>\n<\/tr>\n<tr>\n<td class=\"label\">Anyag<\/td>\n<td>Alum\u00ednium \u00f6tv\u00f6zet (6063, 6061, 6464, 6082)<\/td>\n<\/tr>\n<tr>\n<td class=\"label\">Temper<\/td>\n<td>T5<\/td>\n<\/tr>\n<tr>\n<td class=\"label\">M\u00e9ret<\/td>\n<td>A hossz 1-9m vagy az \u00fcgyf\u00e9l k\u00e9r\u00e9s\u00e9re<\/td>\n<\/tr>\n<tr>\n<td class=\"label\">Shape<\/td>\n<td>H\u00e1romsz\u00f6g vagy extrud\u00e1lt az \u00fcgyf\u00e9l rajz\u00e1nak megfelel\u0151en<\/td>\n<\/tr>\n<tr>\n<td class=\"label\">Fel\u00fcletkezel\u00e9s<\/td>\n<td>Elox\u00e1lt, homokf\u00favott, pol\u00edroz\u00e1s, elektrofor\u00e9zis, Power bevonat<\/td>\n<\/tr>\n<tr>\n<td class=\"label\">Sz\u00ednes<\/td>\n<td>Pezsg\u0151 \u00e9s szem\u00e9lyre szabottan \u00e1ll rendelkez\u00e9sre<\/td>\n<\/tr>\n<tr>\n<td class=\"label\">Tan\u00fas\u00edtv\u00e1ny<\/td>\n<td>TUV, ASTM, GB<\/td>\n<\/tr>\n<tr>\n<td class=\"label\">A  c\u00edmr\u0151l<\/td>\n<td>Guangdong, K\u00edna<\/td>\n<\/tr>\n<\/table>\n<h2>Gy\u00e1rt\u00f3 b\u00e1zisunk<\/h2>\n<h3>Gy\u00e1ri panor\u00e1ma<\/h3>\n<p><img decoding=\"async\" src=\"\/wp-content\/uploads\/factory-01.webp\"\/><\/p>\n<h3>Alum\u00ednium r\u00fadgy\u00e1rt\u00f3 m\u0171hely<\/h3>\n<p><img decoding=\"async\" src=\"\/wp-content\/uploads\/factory-02.webp\"\/><\/p>\n<p><img decoding=\"async\" src=\"\/wp-content\/uploads\/factory-03.webp\"\/><\/p>\n<h3>Pen\u00e9sz rakt\u00e1r<\/h3>\n<p><img decoding=\"async\" src=\"\/wp-content\/uploads\/factory-04.webp\"\/><\/p>\n<h3>43 alum\u00ednium extrud\u00e1l\u00f3 vonal (500-5500 tonna)<\/h3>\n<p><img decoding=\"async\" src=\"\/wp-content\/uploads\/factory-05.webp\"\/><\/p>\n<p><img decoding=\"async\" src=\"\/wp-content\/uploads\/factory-06.webp\"\/><\/p>\n<p><img decoding=\"async\" src=\"\/wp-content\/uploads\/factory-07.webp\"\/><\/p>\n<h3>Porfest\u0151 m\u0171hely<\/h3>\n<p><img decoding=\"async\" src=\"\/wp-content\/uploads\/factory-09.webp\"\/><\/p>\n<h3>Anodiz\u00e1l\u00f3 m\u0171hely<\/h3>\n<p><img decoding=\"async\" src=\"\/wp-content\/uploads\/factory-10.webp\"\/><\/p>\n<h3>M\u00e9ly feldolgoz\u00e1si m\u0171hely<\/h3>\n<p><img decoding=\"async\" src=\"\/wp-content\/uploads\/factory-11.webp\"\/><\/p>\n<h3>CNC prec\u00edzi\u00f3s megmunk\u00e1l\u00f3 m\u0171hely<\/h3>\n<p><img decoding=\"async\" src=\"\/wp-content\/uploads\/factory-11.5.webp\"\/><\/p>\n<h3>K\u00e9szterm\u00e9k \u00e9s export rakt\u00e1r<\/h3>\n<p><img decoding=\"async\" src=\"\/wp-content\/uploads\/factory-12.webp\"\/><\/p>\n<p><img decoding=\"async\" src=\"\/wp-content\/uploads\/factory-13.webp\"\/><\/p>\n<p><img decoding=\"async\" src=\"\/wp-content\/uploads\/factory-14.webp\"\/><\/p>\n<h2>GYIK<\/h2>\n<p><p><b>1.Mi a h\u00e1romsz\u00f6g pezsg\u0151 alum\u00ednium extrud\u00e1lt cs\u0151?<\/b><\/p>\n<p>A Triangle Champagne alum\u00ednium extrud\u00e1lt cs\u00f6veket egyedi form\u00e1juk \u00e9s eleg\u00e1ns kivitel\u00fck miatt dekorat\u00edv d\u00edsz\u00edt\u0151elemek, \u00e9p\u00edt\u00e9szeti hangs\u00falyok, kijelz\u0151k \u00e9s vil\u00e1g\u00edt\u00e1si alkalmaz\u00e1sokban haszn\u00e1lj\u00e1k.<br \/>\n<\/p><br \/>\n<br \/>\n<p><b>2.Mik a legfontosabb el\u0151nyei a Triangle Champagne alum\u00ednium extrud\u00e1lt cs\u0151nek?<\/b><\/p>\n<p>A Triangle Champagne pezsg\u0151sz\u00edn\u0171 alum\u00ednium extrud\u00e1lt cs\u00f6vek nagy szil\u00e1rds\u00e1g\/t\u00f6meg ar\u00e1nyt, korr\u00f3zi\u00f3\u00e1ll\u00f3s\u00e1got \u00e9s pr\u00e9mium pezsg\u0151sz\u00edn\u0171 elox\u00e1lt fel\u00fcletet k\u00edn\u00e1lnak a tart\u00f3ss\u00e1g \u00e9s az eszt\u00e9tikum \u00e9rdek\u00e9ben.<br \/>\n<\/p><br \/>\n<br \/>\n<p><b>3.Mi\u00e9rt v\u00e1lassza a Triangle Champagne alum\u00ednium extrud\u00e1lt cs\u00f6vet a standard profilokkal szemben?<\/b><\/p>\n<p>A standard profilokhoz k\u00e9pest a Triangle Champagne alum\u00ednium extrud\u00e1lt cs\u00f6vek jellegzetes geometri\u00e1t, kiv\u00e1l\u00f3 tehereloszt\u00e1st \u00e9s el\u0151kel\u0151 megjelen\u00e9st biztos\u00edtanak minim\u00e1lis karbantart\u00e1s mellett.<br \/>\n<\/p><br \/>\n<br \/>\n<p><b>4.Can h\u00e1romsz\u00f6g pezsg\u0151 alum\u00ednium extrud\u00e1lt cs\u00f6vek testreszabhat\u00f3?<\/b><\/p>\n<p>Igen, a Triangle Champagne alum\u00ednium extrud\u00e1lt cs\u00f6vek hossza, falvastags\u00e1ga, \u00f6tv\u00f6zetmin\u0151s\u00e9ge \u00e9s fel\u00fcletkezel\u00e9se testre szabhat\u00f3, hogy megfeleljen az egyedi tervez\u00e9si \u00e9s szerkezeti k\u00f6vetelm\u00e9nyeknek.<br \/>\n<\/p><br \/>\n<br \/>\n<p><b>5.Milyen fel\u00fcletkezel\u00e9sek \u00e1llnak rendelkez\u00e9sre a Triangle Champagne alum\u00ednium extrud\u00e1lt cs\u00f6vekhez?<\/b><\/p>\n<p>A gyakori fel\u00fcletkezel\u00e9sek k\u00f6z\u00e9 tartozik a pezsg\u0151sz\u00edn\u0171 elox\u00e1l\u00e1s, a porfest\u00e9s egyedi sz\u00edn\u00e1rnyalatokban \u00e9s a tiszta mar\u00e1skezel\u00e9s a korr\u00f3zi\u00f3v\u00e9delem \u00e9s a vizu\u00e1lis vonzer\u0151 fokoz\u00e1sa \u00e9rdek\u00e9ben.<br \/>\n<\/p><br \/>\n<br \/>\n<p><b>6.A Triangle Champagne alum\u00ednium extrud\u00e1lt cs\u00f6vek alkalmasak k\u00fclt\u00e9ri haszn\u00e1latra?<\/b><\/p>\n<p>Igen, a robusztus pezsg\u0151sz\u00edn\u0171 elox\u00e1lt bevonattal a Triangle Champagne alum\u00ednium extrud\u00e1lt cs\u00f6vek ellen\u00e1llnak az UV sug\u00e1rz\u00e1snak, a nedvess\u00e9gnek \u00e9s a zord id\u0151j\u00e1r\u00e1snak, \u00edgy ide\u00e1lisak k\u00fclt\u00e9ri telep\u00edt\u00e9sekhez.<br \/>\n<\/p><br \/>\n<br \/>\n<p><b>7.Hogyan jav\u00edtja a pezsg\u0151 elox\u00e1lt fel\u00fcletet a Triangle Alum\u00ednium extrud\u00e1lt cs\u00f6vek?<\/b><\/p>\n<p>A Triangle alum\u00ednium extrud\u00e1lt cs\u00f6vek pezsg\u0151sz\u00edn\u0171 elox\u00e1lt fel\u00fclete n\u00f6veli a fel\u00fcleti kem\u00e9nys\u00e9get, ellen\u00e1ll a karcol\u00e1soknak, \u00e9s konzisztens, tart\u00f3s sz\u00ednt biztos\u00edt a pr\u00e9mium alkalmaz\u00e1sokhoz.<br \/>\n<\/p><br \/>\n<br \/>\n<p><b>8.Mely ipar\u00e1gak profit\u00e1lnak legink\u00e1bb a Triangle Champagne alum\u00ednium extrud\u00e1lt cs\u00f6vekb\u0151l?<\/b><\/p>\n<p>\u00c9p\u00edt\u00e9szeti c\u00e9gek, kiskereskedelmi display gy\u00e1rt\u00f3k, vil\u00e1g\u00edt\u00e1stechnikai tervez\u0151k \u00e9s bels\u0151\u00e9p\u00edt\u00e9szek a Triangle Champagne alum\u00ednium extrud\u00e1lt cs\u00f6veket a forma, a funkci\u00f3 \u00e9s a luxus kivitel kever\u00e9ke miatt haszn\u00e1lj\u00e1k.<br \/>\n<\/p><br \/><\/p>","protected":false},"featured_media":6467,"template":"","categories":[60],"class_list":["post-6468","product","type-product","status-publish","has-post-thumbnail","hentry","category-general-tubes-and-bars"],"meta_box":{"hilight_text_group":{"product_hilight_text":"<li>Elegant champagne finish enhances aesthetic appeal for premium projects<\/li>\r\r\n<li>Unique triangle shape offers superior structural stability<\/li>\r\r\n<li>Made from high-quality aluminum alloy with excellent corrosion resistance<\/li>\r\r\n<li>Lightweight and easy to machine for versatile applications<\/li>\r\r\n<li>Supports custom sizes and bulk orders with reliable supply<\/li>","product_chanpin_blog":"<ul>\r\r\n<li><a href=\"https:\/\/sinoextrud.com\/t-slot-v-slot-differences\/\" target=\"_blank\">t slot vs v slot<\/a><\/li>\r\r\n<li><a href=\"https:\/\/sinoextrud.com\/what-is-4040-aluminium-extrud\/\" target=\"_blank\">4040 aluminium extrusion<\/a><\/li>\r\r\n<li><a href=\"https:\/\/sinoextrud.com\/what-is-4040-aluminium-extrud\/\" target=\"_blank\">aluminum extrusions for industrial racks<\/a><\/li>\r\r\n<li><a href=\"https:\/\/sinoextrud.com\/powder-coating-aluminium-process\/\" target=\"_blank\">powder coating aluminium<\/a><\/li>\r\r\n<li><a href=\"https:\/\/sinoextrud.com\/what-is-an-aluminium-strip-ceiling\/\" target=\"_blank\">aluminium strip ceiling<\/a><\/li>\r\r\n<li><a href=\"https:\/\/sinoextrud.com\/what-is-a-heat-sink\/\" target=\"_blank\">what is a heat sink<\/a><\/li>\r\r\n<\/ul>","product_chanpin_chanpin":"<li><a href=\"https:\/\/sinoextrud.com\/product\/u-shaped-aluminum-extrusion\/\" target=\"_blank\">U Shaped Aluminum Extrusion<\/a><\/li>\r\n<li><a href=\"https:\/\/sinoextrud.com\/product\/40-x-40-aluminium-extrusion\/\" target=\"_blank\">40 X 40 Aluminium Extrusion<\/a><\/li>\r\n<li><a href=\"https:\/\/sinoextrud.com\/product\/aluminium-bars\/\" target=\"_blank\">Aluminium Bars<\/a><\/li>\r\n<li><a href=\"https:\/\/sinoextrud.com\/product\/3003-aluminum-tube-and-pipe\/\" target=\"_blank\">3003 Aluminum Tube And Pipe<\/a><\/li>\r\n<li><a href=\"https:\/\/sinoextrud.com\/product\/triangle-champagne-aluminum-extruded-tube\/\" target=\"_blank\">Triangle Champagne Aluminum Extruded Tube<\/a><\/li>\r\n<li><a href=\"https:\/\/sinoextrud.com\/product\/6063-aluminum-pipe-fire-hydrant-aluminum-profile\/\" target=\"_blank\">6063 Aluminum Pipe Fire Hydrant Aluminum Profile<\/a><\/li>\r\n<li><a href=\"https:\/\/sinoextrud.com\/product\/aluminum-extrusion-electrophoresis-aluminum-tube\/\" target=\"_blank\">Aluminum Extrusion Electrophoresis Aluminum Tube<\/a><\/li>\r\n<li><a href=\"https:\/\/sinoextrud.com\/product\/aluminum-square-tube-powder-coating-6063-t5-extruded-profiles\/\" target=\"_blank\">aluminum square tube powder coating 6063 t5 extruded profiles<\/a><\/li>\r\n<li><a href=\"https:\/\/sinoextrud.com\/product\/custom-large-diameter-extruded-aluminum-pipe\/\" target=\"_blank\">Custom Large Diameter Extruded Aluminum Pipe<\/a><\/li>\r\n<li><a href=\"https:\/\/sinoextrud.com\/product\/profile-aluminum-cnc\/\" target=\"_blank\">Profile Aluminum CNC<\/a><\/li>\r\n<li><a href=\"https:\/\/sinoextrud.com\/product\/made-extrusion-square-tube-aluminium-profiles-in-stock\/\" target=\"_blank\">Made Extrusion Square Tube Aluminium Profiles in Stock<\/a><\/li>"},"feature_list":[]},"_links":{"self":[{"href":"https:\/\/sinoextrud.com\/hu\/wp-json\/wp\/v2\/product\/6468","targetHints":{"allow":["GET"]}}],"collection":[{"href":"https:\/\/sinoextrud.com\/hu\/wp-json\/wp\/v2\/product"}],"about":[{"href":"https:\/\/sinoextrud.com\/hu\/wp-json\/wp\/v2\/types\/product"}],"wp:featuredmedia":[{"embeddable":true,"href":"https:\/\/sinoextrud.com\/hu\/wp-json\/wp\/v2\/media\/6467"}],"wp:attachment":[{"href":"https:\/\/sinoextrud.com\/hu\/wp-json\/wp\/v2\/media?parent=6468"}],"wp:term":[{"taxonomy":"category","embeddable":true,"href":"https:\/\/sinoextrud.com\/hu\/wp-json\/wp\/v2\/categories?post=6468"}],"curies":[{"name":"wp","href":"https:\/\/api.w.org\/{rel}","templated":true}]}}