{"id":6464,"date":"2025-05-29T02:33:57","date_gmt":"2025-05-29T02:33:57","guid":{"rendered":"https:\/\/sinoextrud.com\/product\/aluminium-bars\/"},"modified":"2025-06-24T06:10:57","modified_gmt":"2025-06-24T06:10:57","slug":"aluminium-rudak","status":"publish","type":"product","link":"https:\/\/sinoextrud.com\/hu\/product\/aluminium-bars\/","title":{"rendered":"Alum\u00ednium rudak"},"content":{"rendered":"<h2>Term\u00e9kek r\u00e9szletei<\/h2>\n<table class=\"custom-table\">\n<tr>\n<td class=\"label\">T\u00e9tel<\/td>\n<td>Alum\u00edniumcs\u0151,alum\u00edniumcs\u0151,alum\u00edniumkerekcs\u0151profil,alum\u00edniumn\u00e9gysz\u00f6gcs\u0151profil,alum\u00edniumh\u00e1romsz\u00f6gcs\u0151, alum\u00ednium rudak<\/td>\n<\/tr>\n<tr>\n<td class=\"label\">Anyag<\/td>\n<td>6000sorozatAlum\u00ednium<\/td>\n<\/tr>\n<tr>\n<td class=\"label\">Temper<\/td>\n<td>T4,T5,T6<\/td>\n<\/tr>\n<tr>\n<td class=\"label\">M\u00e9ret\/vastags\u00e1g<\/td>\n<td>\u00c1ltal\u00e1nos profilvastags\u00e1g0,8-5,0 mm, hossz1m-9m vagy testreszabottan el\u00e9rhet\u0151; an\u00f3dos v\u00e9d\u0151filmvastags\u00e1g8~20um, porsz\u00f3r\u00e1s40~120um.<\/td>\n<\/tr>\n<tr>\n<td class=\"label\">Shape<\/td>\n<td>n\u00e9gyzet, kerek, t\u00e9glalap alak\u00fa, h\u00e1romsz\u00f6g, testreszabott<\/td>\n<\/tr>\n<tr>\n<td class=\"label\">Alkalmaz\u00e1s<\/td>\n<td>B\u00fatorok, ablakok \u00e9s ajt\u00f3k, dekor\u00e1ci\u00f3k, ipar, \u00e9p\u00edt\u0151ipar \u00e9s hamarosan<\/td>\n<\/tr>\n<tr>\n<td class=\"label\">Fel\u00fcletkezel\u00e9s<\/td>\n<td>porfest\u00e9s, elox\u00e1lt, fah\u00e9j, elektrofor\u00e9zis, csiszolt, pol\u00edroz\u00e1s \u00e9s hamarosan.<\/td>\n<\/tr>\n<tr>\n<td class=\"label\">MOQ<\/td>\n<td>200 kg minden t\u00e9telre<\/td>\n<\/tr>\n<tr>\n<td class=\"label\">PackingDetails<\/td>\n<td>(1) Bel\u00fcl: m\u0171anyag v\u00e9d\u0151f\u00f3li\u00e1val csomagolva, amely minden darabot v\u00e9d<\/td>\n<\/tr>\n<tr>\n<td class=\"label\"><\/td>\n<td>(2) K\u00edv\u00fclr\u0151l: Csomagolja be a k\u00f6tegeket v\u00edz\u00e1ll\u00f3 pap\u00edrral.<\/td>\n<\/tr>\n<tr>\n<td class=\"label\">Sz\u00e1ll\u00edt\u00e1si id\u0151<\/td>\n<td>(1) DieDeveloping andSampletesting: 10-15 nap.<\/td>\n<\/tr>\n<tr>\n<td class=\"label\"><\/td>\n<td>(2) A t\u00f6meggy\u00e1rt\u00e1s befejez\u0151d\u00f6tt: 20-30 nap, miut\u00e1n a mint\u00e1t a v\u00e1s\u00e1rl\u00f3 meger\u0151s\u00edtette.<\/td>\n<\/tr>\n<tr>\n<td class=\"label\">FOBPort<\/td>\n<td>Guangzhou, Foshan, Shenzhen<\/td>\n<\/tr>\n<tr>\n<td class=\"label\">fizet\u00e9si felt\u00e9telek<\/td>\n<td>T\/T, 30%downpayment, m\u00edg a fennmarad\u00f3 \u00f6sszeget a sz\u00e1ll\u00edt\u00e1s el\u0151tt kell kifizetni.<\/td>\n<\/tr>\n<tr>\n<td class=\"label\">settlementterm<\/td>\n<td>D\u00edj a v\u00e9gleges t\u00e9nyleges s\u00faly vagy az elm\u00e9leti s\u00faly alapj\u00e1n.<\/td>\n<\/tr>\n<tr>\n<td class=\"label\">termel\u00e9si kapacit\u00e1s<\/td>\n<td>2400-3000Metrictonespermonth<\/td>\n<\/tr>\n<tr>\n<td class=\"label\">Feldolgoz\u00e1s<\/td>\n<td>Vizsg\u00e1lat-mint\u00e1k vagy CAD-rajzok (az \u00fcgyfelek \u00e1ltal szolg\u00e1ltatott) - CAD-rajzok (c\u00e9g\u00fcnk) - rajzmeger\u0151s\u00edt\u00e9s-formagy\u00e1rt\u00e1s-mintak\u00e9pess\u00e9g-t\u00f6meggy\u00e1rt\u00e1s-ellen\u0151rz\u00e9s-sz\u00e1ll\u00edt\u00e1s<\/td>\n<\/tr>\n<tr>\n<td class=\"label\">Certificationavailable:<\/td>\n<td>ISO: 9001, SONCAP, BVC-tan\u00fas\u00edtv\u00e1ny vagy \u00fcgyf\u00e9ltan\u00fas\u00edtv\u00e1ny el\u00e9rhet\u0151<\/td>\n<\/tr>\n<tr>\n<td class=\"label\">Garancia<\/td>\n<td>A fel\u00fcleti sz\u00edn 10-20 \u00e9vig haszn\u00e1lhat\u00f3 belt\u00e9ren.<\/td>\n<\/tr>\n<\/table>\n<h2>Gy\u00e1rt\u00f3 b\u00e1zisunk<\/h2>\n<h3>Gy\u00e1ri panor\u00e1ma<\/h3>\n<p><img decoding=\"async\" src=\"\/wp-content\/uploads\/factory-01.webp\"\/><\/p>\n<h3>Alum\u00ednium r\u00fadgy\u00e1rt\u00f3 m\u0171hely<\/h3>\n<p><img decoding=\"async\" src=\"\/wp-content\/uploads\/factory-02.webp\"\/><\/p>\n<\/p>\n<p><img decoding=\"async\" src=\"\/wp-content\/uploads\/factory-03.webp\"\/><\/p>\n<h3>Pen\u00e9sz rakt\u00e1r<\/h3>\n<p><img decoding=\"async\" src=\"\/wp-content\/uploads\/factory-04.webp\"\/><\/p>\n<h3>43 alum\u00ednium extrud\u00e1l\u00f3 vonal (500-5500 tonna)<\/h3>\n<p><img decoding=\"async\" src=\"\/wp-content\/uploads\/factory-05.webp\"\/><\/p>\n<p><img decoding=\"async\" src=\"\/wp-content\/uploads\/factory-06.webp\"\/><\/p>\n<p><img decoding=\"async\" src=\"\/wp-content\/uploads\/factory-07.webp\"\/><\/p>\n<h3>Porfest\u0151 m\u0171hely<\/h3>\n<p><img decoding=\"async\" src=\"\/wp-content\/uploads\/factory-09.webp\"\/><\/p>\n<h3>Anodiz\u00e1l\u00f3 m\u0171hely<\/h3>\n<p><img decoding=\"async\" src=\"\/wp-content\/uploads\/factory-10.webp\"\/><\/p>\n<h3>M\u00e9ly feldolgoz\u00e1si m\u0171hely<\/h3>\n<p><img decoding=\"async\" src=\"\/wp-content\/uploads\/factory-11.webp\"\/><\/p>\n<h3>CNC prec\u00edzi\u00f3s megmunk\u00e1l\u00f3 m\u0171hely<\/h3>\n<p><img decoding=\"async\" src=\"\/wp-content\/uploads\/factory-11.5.webp\"\/><\/p>\n<h3>K\u00e9szterm\u00e9k \u00e9s export rakt\u00e1r<\/h3>\n<p><img decoding=\"async\" src=\"\/wp-content\/uploads\/factory-12.webp\"\/><\/p>\n<p><img decoding=\"async\" src=\"\/wp-content\/uploads\/factory-13.webp\"\/><\/p>\n<p><img decoding=\"async\" src=\"\/wp-content\/uploads\/factory-14.webp\"\/><\/p>\n<h2>GYIK<\/h2>\n<p><b>1.Mire haszn\u00e1lj\u00e1k az alum\u00ednium rudakat?<\/b><\/p>\n<p>Az alum\u00ednium rudakat az \u00e9p\u00edt\u0151iparban, a gy\u00e1rt\u00e1sban, az aut\u00f3iparban \u00e9s a dekorat\u00edv alkalmaz\u00e1sokban haszn\u00e1lj\u00e1k szerkezeti al\u00e1t\u00e1maszt\u00e1sra, keretez\u00e9sre \u00e9s eszt\u00e9tikai hangs\u00falyok kialak\u00edt\u00e1s\u00e1ra.\n<\/p>\n<p><\/p>\n<p><b>2.Mik az alum\u00ednium rudak el\u0151nyei?<\/b><\/p>\n<p>Az alum\u00ednium rudak nagy szil\u00e1rds\u00e1g\/t\u00f6meg ar\u00e1nyt, kiv\u00e1l\u00f3 korr\u00f3zi\u00f3\u00e1ll\u00f3s\u00e1got, valamint kiv\u00e1l\u00f3 h\u0151- \u00e9s elektromos vezet\u0151k\u00e9pess\u00e9get biztos\u00edtanak.\n<\/p>\n<p><\/p>\n<p><b>3.Mi\u00e9rt v\u00e1lassza az alum\u00ednium rudakat az ac\u00e9l vagy m\u0171anyag rudakkal szemben?<\/b><\/p>\n<p>Az alum\u00ednium rudak k\u00f6nnyebbek, mint az ac\u00e9l, tart\u00f3sabbak, mint a m\u0171anyag, \u00e9s jobb korr\u00f3zi\u00f3\u00e1ll\u00f3s\u00e1got \u00e9s k\u00f6nny\u0171 megmunk\u00e1lhat\u00f3s\u00e1got biztos\u00edtanak.\n<\/p>\n<p><\/p>\n<p><b>4.Can alum\u00ednium rudak testre szabhat\u00f3ak?<\/b><\/p>\n<p>Igen, az alum\u00ednium rudak v\u00e1ghat\u00f3k, f\u00farhat\u00f3k \u00e9s extrud\u00e1lhat\u00f3k k\u00fcl\u00f6nb\u00f6z\u0151 form\u00e1kba, m\u00e9retekbe \u00e9s \u00f6tv\u00f6zetekbe, hogy megfeleljenek a projekt egyedi k\u00f6vetelm\u00e9nyeinek.\n<\/p>\n<p><\/p>\n<p><b>5.Milyen fel\u00fcletkezel\u00e9s \u00e9rhet\u0151 el az alum\u00ednium rudakhoz?<\/b><\/p>\n<p>Az alum\u00ednium rudak gyakori fel\u00fcletkezel\u00e9sei k\u00f6z\u00e9 tartozik a mar\u00e1s, az elox\u00e1l\u00e1s, a porfest\u00e9s \u00e9s a mechanikai pol\u00edroz\u00e1s a tart\u00f3ss\u00e1g \u00e9s a megjelen\u00e9s jav\u00edt\u00e1sa \u00e9rdek\u00e9ben.\n<\/p>\n<p><\/p>\n<p><b>6.Alkalmasak-e az alum\u00ednium rudak k\u00fclt\u00e9ri haszn\u00e1latra?<\/b><\/p>\n<p>Igen, az elox\u00e1lt vagy porsz\u00f3rt fel\u00fclet\u0171 alum\u00edniumrudak ellen\u00e1llnak az UV-hat\u00e1snak, a nedvess\u00e9gnek \u00e9s a zord id\u0151j\u00e1r\u00e1snak, \u00edgy ide\u00e1lisak k\u00fclt\u00e9ri alkalmaz\u00e1sokhoz.\n<\/p>\n<p><\/p>\n<p><b>7.Hogyan t\u00e1mogatj\u00e1k az alum\u00ednium rudak a fenntarthat\u00f3 gy\u00e1rt\u00e1st?<\/b><\/p>\n<p>Az alum\u00ednium rudak 100% \u00fajrahasznos\u00edthat\u00f3ak \u00e9s energiatakar\u00e9kosan \u00e1ll\u00edthat\u00f3k el\u0151, cs\u00f6kkentve az anyaghullad\u00e9kot \u00e9s a k\u00f6rnyezetterhel\u00e9st.\n<\/p>\n<p><\/p>\n<p><b>8.Mely ipar\u00e1gak haszn\u00e1lj\u00e1k \u00e1ltal\u00e1ban az alum\u00ednium rudakat?<\/b><\/p>\n<p>Az olyan ipar\u00e1gak, mint az \u00e9p\u00edt\u0151ipar, a rep\u00fcl\u0151g\u00e9pipar, az aut\u00f3ipar, az elektronika \u00e9s a b\u00fatoripar, k\u00f6nny\u0171 szil\u00e1rds\u00e1guk \u00e9s sokoldal\u00fas\u00e1guk miatt t\u00e1maszkodnak az alum\u00edniumrudakra.\n<\/p>\n<p><\/p>","protected":false},"featured_media":6463,"template":"","categories":[60],"class_list":["post-6464","product","type-product","status-publish","has-post-thumbnail","hentry","category-general-tubes-and-bars"],"meta_box":{"hilight_text_group":{"product_hilight_text":"<li>High-strength aluminum bars suitable for structural and industrial use<\/li>\r\r\n<li>Lightweight design reduces overall product weight and handling costs<\/li>\r\r\n<li>Excellent corrosion resistance for long-lasting performance<\/li>\r\r\n<li>Available in various shapes, sizes, and alloys<\/li>\r\r\n<li>Supports custom fabrication and bulk order fulfillment<\/li>","product_chanpin_blog":"<ul>\r\r\n<li><a href=\"https:\/\/sinoextrud.com\/t-slot-v-slot-differences\/\" target=\"_blank\">t slot vs v slot<\/a><\/li>\r\r\n<li><a href=\"https:\/\/sinoextrud.com\/what-is-4040-aluminium-extrud\/\" target=\"_blank\">4040 aluminium extrusion<\/a><\/li>\r\r\n<li><a href=\"https:\/\/sinoextrud.com\/what-is-4040-aluminium-extrud\/\" target=\"_blank\">aluminum extrusions for industrial racks<\/a><\/li>\r\r\n<li><a href=\"https:\/\/sinoextrud.com\/powder-coating-aluminium-process\/\" target=\"_blank\">powder coating aluminium<\/a><\/li>\r\r\n<li><a href=\"https:\/\/sinoextrud.com\/what-is-an-aluminium-strip-ceiling\/\" target=\"_blank\">aluminium strip ceiling<\/a><\/li>\r\r\n<li><a href=\"https:\/\/sinoextrud.com\/what-is-a-heat-sink\/\" target=\"_blank\">what is a heat sink<\/a><\/li>\r\r\n<\/ul>","product_chanpin_chanpin":"<li><a href=\"https:\/\/sinoextrud.com\/product\/triangle-aluminum-profile\/\" target=\"_blank\">Triangle Aluminum Profile<\/a><\/li>\r\n<li><a href=\"https:\/\/sinoextrud.com\/product\/extruded-aluminium-round-tube\/\" target=\"_blank\">Extruded Aluminium Round Tube<\/a><\/li>\r\n<li><a href=\"https:\/\/sinoextrud.com\/product\/u-shaped-aluminum-extrusion\/\" target=\"_blank\">U Shaped Aluminum Extrusion<\/a><\/li>\r\n<li><a href=\"https:\/\/sinoextrud.com\/product\/40-x-40-aluminium-extrusion\/\" target=\"_blank\">40 X 40 Aluminium Extrusion<\/a><\/li>\r\n<li><a href=\"https:\/\/sinoextrud.com\/product\/aluminium-bars\/\" target=\"_blank\">Aluminium Bars<\/a><\/li>\r\n<li><a href=\"https:\/\/sinoextrud.com\/product\/3003-aluminum-tube-and-pipe\/\" target=\"_blank\">3003 Aluminum Tube And Pipe<\/a><\/li>\r\n<li><a href=\"https:\/\/sinoextrud.com\/product\/triangle-champagne-aluminum-extruded-tube\/\" target=\"_blank\">Triangle Champagne Aluminum Extruded Tube<\/a><\/li>\r\n<li><a href=\"https:\/\/sinoextrud.com\/product\/6063-aluminum-pipe-fire-hydrant-aluminum-profile\/\" target=\"_blank\">6063 Aluminum Pipe Fire Hydrant Aluminum Profile<\/a><\/li>\r\n<li><a href=\"https:\/\/sinoextrud.com\/product\/aluminum-extrusion-electrophoresis-aluminum-tube\/\" target=\"_blank\">Aluminum Extrusion Electrophoresis Aluminum Tube<\/a><\/li>\r\n<li><a href=\"https:\/\/sinoextrud.com\/product\/polished-aluminium-profiles\/\" target=\"_blank\">Polished Aluminium Profiles<\/a><\/li>\r\n<li><a href=\"https:\/\/sinoextrud.com\/product\/extruded-aluminum-t-slot-channel\/\" target=\"_blank\">Extruded Aluminum T Slot Channel<\/a><\/li>"},"feature_list":[]},"_links":{"self":[{"href":"https:\/\/sinoextrud.com\/hu\/wp-json\/wp\/v2\/product\/6464","targetHints":{"allow":["GET"]}}],"collection":[{"href":"https:\/\/sinoextrud.com\/hu\/wp-json\/wp\/v2\/product"}],"about":[{"href":"https:\/\/sinoextrud.com\/hu\/wp-json\/wp\/v2\/types\/product"}],"wp:featuredmedia":[{"embeddable":true,"href":"https:\/\/sinoextrud.com\/hu\/wp-json\/wp\/v2\/media\/6463"}],"wp:attachment":[{"href":"https:\/\/sinoextrud.com\/hu\/wp-json\/wp\/v2\/media?parent=6464"}],"wp:term":[{"taxonomy":"category","embeddable":true,"href":"https:\/\/sinoextrud.com\/hu\/wp-json\/wp\/v2\/categories?post=6464"}],"curies":[{"name":"wp","href":"https:\/\/api.w.org\/{rel}","templated":true}]}}