{"id":6450,"date":"2025-05-29T02:09:21","date_gmt":"2025-05-29T02:09:21","guid":{"rendered":"https:\/\/sinoextrud.com\/product\/triangle-aluminium-tube-factory-price\/"},"modified":"2025-06-24T06:10:56","modified_gmt":"2025-06-24T06:10:56","slug":"haromszog-aluminium-cso-gyari-ar","status":"publish","type":"product","link":"https:\/\/sinoextrud.com\/hu\/product\/triangle-aluminium-tube-factory-price\/","title":{"rendered":"H\u00e1romsz\u00f6g alum\u00ednium cs\u0151 gy\u00e1ri \u00e1r"},"content":{"rendered":"<h2>Term\u00e9kek r\u00e9szletei<\/h2>\n<table class=\"custom-table\">\n<tr>\n<td class=\"label\">N\u00e9v<\/td>\n<td>H\u00e1romsz\u00f6g alum\u00ednium cs\u0151 gy\u00e1ri \u00e1r<\/td>\n<\/tr>\n<\/table>\n<h2>Gy\u00e1rt\u00f3 b\u00e1zisunk<\/h2>\n<h3>Gy\u00e1ri panor\u00e1ma<\/h3>\n<p><img decoding=\"async\" src=\"\/wp-content\/uploads\/factory-01.webp\"\/><\/p>\n<h3>Alum\u00ednium r\u00fadgy\u00e1rt\u00f3 m\u0171hely<\/h3>\n<p><img decoding=\"async\" src=\"\/wp-content\/uploads\/factory-02.webp\"\/><\/p>\n<p><img decoding=\"async\" src=\"\/wp-content\/uploads\/factory-03.webp\"\/><\/p>\n<h3>Pen\u00e9sz rakt\u00e1r<\/h3>\n<p><img decoding=\"async\" src=\"\/wp-content\/uploads\/factory-04.webp\"\/><\/p>\n<h3>43 alum\u00ednium extrud\u00e1l\u00f3 vonal (500-5500 tonna)<\/h3>\n<p><img decoding=\"async\" src=\"\/wp-content\/uploads\/factory-05.webp\"\/><\/p>\n<p><img decoding=\"async\" src=\"\/wp-content\/uploads\/factory-06.webp\"\/><\/p>\n<p><img decoding=\"async\" src=\"\/wp-content\/uploads\/factory-07.webp\"\/><\/p>\n<h3>Porfest\u0151 m\u0171hely<\/h3>\n<p><img decoding=\"async\" src=\"\/wp-content\/uploads\/factory-09.webp\"\/><\/p>\n<h3>Anodiz\u00e1l\u00f3 m\u0171hely<\/h3>\n<p><img decoding=\"async\" src=\"\/wp-content\/uploads\/factory-10.webp\"\/><\/p>\n<h3>M\u00e9ly feldolgoz\u00e1si m\u0171hely<\/h3>\n<p><img decoding=\"async\" src=\"\/wp-content\/uploads\/factory-11.webp\"\/><\/p>\n<h3>CNC prec\u00edzi\u00f3s megmunk\u00e1l\u00f3 m\u0171hely<\/h3>\n<p><img decoding=\"async\" src=\"\/wp-content\/uploads\/factory-11.5.webp\"\/><\/p>\n<h3>K\u00e9szterm\u00e9k \u00e9s export rakt\u00e1r<\/h3>\n<p><img decoding=\"async\" src=\"\/wp-content\/uploads\/factory-12.webp\"\/><\/p>\n<p><img decoding=\"async\" src=\"\/wp-content\/uploads\/factory-13.webp\"\/><\/p>\n<p><img decoding=\"async\" src=\"\/wp-content\/uploads\/factory-14.webp\"\/><\/p>\n<h2>GYIK<\/h2>\n<p><p><b>1.Mik az el\u0151nyei a h\u00e1romsz\u00f6g alum\u00edniumcs\u00f6vek gy\u00e1ri \u00e1ron?<\/b><\/p>\n<p>A Triangle alum\u00edniumcs\u00f6vek gy\u00e1ri \u00e1ron k\u00f6zvetlen\u00fcl a gy\u00e1rt\u00f3t\u00f3l sz\u00e1rmaz\u00f3 k\u00f6lts\u00e9gmegtakar\u00edt\u00e1st, egyenletes min\u0151s\u00e9get \u00e9s versenyk\u00e9pes \u00e1rakat k\u00edn\u00e1lnak k\u00f6zvet\u00edt\u0151i fel\u00e1r n\u00e9lk\u00fcl.<br \/>\n<\/p><br \/>\n<br \/>\n<p><b>2.Mi\u00e9rt v\u00e1lassza a h\u00e1romsz\u00f6g alum\u00edniumcs\u00f6veket gy\u00e1ri \u00e1rk\u00e9pz\u00e9ssel a projektemhez?<\/b><\/p>\n<p>A gy\u00e1ri \u00e1r\u00fa h\u00e1romsz\u00f6g alum\u00edniumcs\u00f6vek megfizethet\u0151s\u00e9get, megb\u00edzhat\u00f3 ell\u00e1t\u00e1st \u00e9s az anyagspecifik\u00e1ci\u00f3k ellen\u0151rz\u00e9s\u00e9t biztos\u00edtj\u00e1k a k\u00f6lts\u00e9gvet\u00e9s-\u00e9rz\u00e9keny alkalmaz\u00e1sok sz\u00e1m\u00e1ra.<br \/>\n<\/p><br \/>\n<br \/>\n<p><b>3.Hogyan befoly\u00e1solja a gy\u00e1ri \u00e1rk\u00e9pz\u00e9s a h\u00e1romsz\u00f6g alum\u00edniumcs\u00f6vek min\u0151s\u00e9g\u00e9t?<\/b><\/p>\n<p>A k\u00f6zvetlen gy\u00e1ri \u00e1rk\u00e9pz\u00e9s szigor\u00fa min\u0151s\u00e9gellen\u0151rz\u00e9st \u00e9s szabv\u00e1nyos\u00edtott gy\u00e1rt\u00e1si folyamatokat tart fenn, \u00e9s nagy szil\u00e1rds\u00e1g\u00fa, korr\u00f3zi\u00f3\u00e1ll\u00f3 h\u00e1romsz\u00f6g alum\u00edniumcs\u00f6veket sz\u00e1ll\u00edt.<br \/>\n<\/p><br \/>\n<br \/>\n<p><b>4.Can kaphatok testreszabott h\u00e1romsz\u00f6g alum\u00edniumcs\u00f6veket gy\u00e1ri \u00e1ron?<\/b><\/p>\n<p>Igen, a gy\u00e1ri \u00e1rakat k\u00edn\u00e1l\u00f3 gy\u00e1rt\u00f3k gyakran testreszab\u00e1st biztos\u00edtanak a m\u00e9retek, az \u00f6tv\u00f6zetmin\u0151s\u00e9g \u00e9s a fel\u00fcletkezel\u00e9s ter\u00e9n, mik\u00f6zben a k\u00f6lts\u00e9geket alacsonyan tartj\u00e1k.<br \/>\n<\/p><br \/>\n<br \/>\n<p><b>5.Mit\u0151l lesz a h\u00e1romsz\u00f6g alum\u00edniumcs\u00f6vek gy\u00e1ri \u00e1ron SEO-bar\u00e1t?<\/b><\/p>\n<p>Az olyan alapvet\u0151 kulcsszavak haszn\u00e1lata, mint a \"h\u00e1romsz\u00f6g alum\u00edniumcs\u0151\" \u00e9s a \"gy\u00e1ri \u00e1r\" a term\u00e9kle\u00edr\u00e1sokban \u00e9s a GYIK-ben n\u00f6veli a keres\u00e9si l\u00e1that\u00f3s\u00e1got \u00e9s az organikus forgalmat.<br \/>\n<\/p><br \/>\n<br \/>\n<p><b>6.Alkalmasak-e a gy\u00e1ri \u00e1r\u00fa h\u00e1romsz\u00f6g alum\u00edniumcs\u00f6vek k\u00fclt\u00e9ri haszn\u00e1latra?<\/b><\/p>\n<p>Igen, a megfelel\u0151 elox\u00e1l\u00e1ssal vagy porsz\u00f3r\u00e1ssal ell\u00e1tott, gy\u00e1ri \u00e1r\u00fa h\u00e1romsz\u00f6g alum\u00edniumcs\u00f6vek kiv\u00e1l\u00f3 id\u0151j\u00e1r\u00e1s- \u00e9s UV-\u00e1ll\u00f3s\u00e1got biztos\u00edtanak a k\u00fclt\u00e9ri projektekhez.<br \/>\n<\/p><br \/>\n<br \/>\n<p><b>7.Hogyan t\u00e1mogatj\u00e1k a gy\u00e1ri \u00e1r\u00fa h\u00e1romsz\u00f6g alum\u00edniumcs\u00f6vek a fenntarthat\u00f3 tervez\u00e9st?<\/b><\/p>\n<p>A k\u00f6zvetlen\u00fcl a gy\u00e1rakb\u00f3l t\u00f6rt\u00e9n\u0151 beszerz\u00e9ssel ezek a h\u00e1romsz\u00f6g alak\u00fa alum\u00edniumcs\u00f6vek cs\u00f6kkentik a sz\u00e1ll\u00edt\u00e1si kibocs\u00e1t\u00e1st \u00e9s a hullad\u00e9kot, az alum\u00ednium \u00fajrahasznos\u00edthat\u00f3s\u00e1ga pedig fokozza a k\u00f6rnyezetbar\u00e1t \u00e9p\u00edt\u00e9st.<br \/>\n<\/p><br \/><\/p>","protected":false},"featured_media":6449,"template":"","categories":[60],"class_list":["post-6450","product","type-product","status-publish","has-post-thumbnail","hentry","category-general-tubes-and-bars"],"meta_box":{"hilight_text_group":{"product_hilight_text":"<li>Unique triangle shape offers enhanced structural stability<\/li>\r\r\n<li>Factory direct pricing ensures competitive cost advantages<\/li>\r\r\n<li>Made from high-quality aluminum alloy with excellent corrosion resistance<\/li>\r\r\n<li>Available in custom sizes and surface finishes<\/li>\r\r\n<li>Supports bulk orders with reliable supply and fast delivery<\/li>","product_chanpin_blog":"<ul>\r\r\n<li><a href=\"https:\/\/sinoextrud.com\/t-slot-v-slot-differences\/\" target=\"_blank\">t slot vs v slot<\/a><\/li>\r\r\n<li><a href=\"https:\/\/sinoextrud.com\/what-is-4040-aluminium-extrud\/\" target=\"_blank\">4040 aluminium extrusion<\/a><\/li>\r\r\n<li><a href=\"https:\/\/sinoextrud.com\/what-is-4040-aluminium-extrud\/\" target=\"_blank\">aluminum extrusions for industrial racks<\/a><\/li>\r\r\n<li><a href=\"https:\/\/sinoextrud.com\/powder-coating-aluminium-process\/\" target=\"_blank\">powder coating aluminium<\/a><\/li>\r\r\n<li><a href=\"https:\/\/sinoextrud.com\/what-is-an-aluminium-strip-ceiling\/\" target=\"_blank\">aluminium strip ceiling<\/a><\/li>\r\r\n<li><a href=\"https:\/\/sinoextrud.com\/what-is-a-heat-sink\/\" target=\"_blank\">what is a heat sink<\/a><\/li>\r\r\n<\/ul>","product_chanpin_chanpin":"<li><a href=\"https:\/\/sinoextrud.com\/product\/aluminium-piping\/\" target=\"_blank\">Aluminium Piping<\/a><\/li>\r\n<li><a href=\"https:\/\/sinoextrud.com\/product\/aluminum-u-profile\/\" target=\"_blank\">Aluminum U Profile<\/a><\/li>\r\n<li><a href=\"https:\/\/sinoextrud.com\/product\/short-run-custom-aluminum-extrusions\/\" target=\"_blank\">Short Run Custom Aluminum Extrusions<\/a><\/li>\r\n<li><a href=\"https:\/\/sinoextrud.com\/product\/thick-wall-large-diameter-aluminium-pipe\/\" target=\"_blank\">Thick Wall Large Diameter Aluminium Pipe<\/a><\/li>\r\n<li><a href=\"https:\/\/sinoextrud.com\/product\/triangle-aluminium-tube-factory-price\/\" target=\"_blank\">Triangle Aluminium Tube Factory Price<\/a><\/li>\r\n<li><a href=\"https:\/\/sinoextrud.com\/product\/oval-aluminum-tube\/\" target=\"_blank\">Oval Aluminum Tube<\/a><\/li>\r\n<li><a href=\"https:\/\/sinoextrud.com\/product\/triangle-aluminum-profile\/\" target=\"_blank\">Triangle Aluminum Profile<\/a><\/li>\r\n<li><a href=\"https:\/\/sinoextrud.com\/product\/extruded-aluminium-round-tube\/\" target=\"_blank\">Extruded Aluminium Round Tube<\/a><\/li>\r\n<li><a href=\"https:\/\/sinoextrud.com\/product\/u-shaped-aluminum-extrusion\/\" target=\"_blank\">U Shaped Aluminum Extrusion<\/a><\/li>\r\n<li><a href=\"https:\/\/sinoextrud.com\/product\/coated-treatment-aluminium-extrusion\/\" target=\"_blank\">Coated Treatment Aluminium Extrusion<\/a><\/li>\r\n<li><a href=\"https:\/\/sinoextrud.com\/product\/powder-coated-extrusions-aluminum-corrosion-resistant-for-10-years-in-door\/\" target=\"_blank\">Powder Coated Extrusions Aluminum Corrosion Resistant For 10 Years In Door<\/a><\/li>"},"feature_list":[]},"_links":{"self":[{"href":"https:\/\/sinoextrud.com\/hu\/wp-json\/wp\/v2\/product\/6450","targetHints":{"allow":["GET"]}}],"collection":[{"href":"https:\/\/sinoextrud.com\/hu\/wp-json\/wp\/v2\/product"}],"about":[{"href":"https:\/\/sinoextrud.com\/hu\/wp-json\/wp\/v2\/types\/product"}],"wp:featuredmedia":[{"embeddable":true,"href":"https:\/\/sinoextrud.com\/hu\/wp-json\/wp\/v2\/media\/6449"}],"wp:attachment":[{"href":"https:\/\/sinoextrud.com\/hu\/wp-json\/wp\/v2\/media?parent=6450"}],"wp:term":[{"taxonomy":"category","embeddable":true,"href":"https:\/\/sinoextrud.com\/hu\/wp-json\/wp\/v2\/categories?post=6450"}],"curies":[{"name":"wp","href":"https:\/\/api.w.org\/{rel}","templated":true}]}}