{"id":6448,"date":"2025-05-29T02:07:08","date_gmt":"2025-05-29T02:07:08","guid":{"rendered":"https:\/\/sinoextrud.com\/product\/thick-wall-large-diameter-aluminium-pipe\/"},"modified":"2025-06-24T06:10:55","modified_gmt":"2025-06-24T06:10:55","slug":"vastag-falu-nagy-atmeroju-aluminiumcso","status":"publish","type":"product","link":"https:\/\/sinoextrud.com\/hu\/product\/thick-wall-large-diameter-aluminium-pipe\/","title":{"rendered":"Vastag fal\u00fa, nagy \u00e1tm\u00e9r\u0151j\u0171 alum\u00ednium cs\u0151"},"content":{"rendered":"<h2>Term\u00e9kek r\u00e9szletei<\/h2>\n<table class=\"custom-table\">\n<tr>\n<td class=\"label\">T\u00e9tel<\/td>\n<td>Nagy \u00e1tm\u00e9r\u0151j\u0171 alum\u00ednium cs\u0151\/cs\u00f6vek Alum\u00ednium cs\u0151\/cs\u00f6vek\/cs\u00f6vek\/cs\u00f6vek<\/td>\n<\/tr>\n<tr>\n<td class=\"label\">Anyag<\/td>\n<td>Alum\u00ednium<\/td>\n<\/tr>\n<tr>\n<td class=\"label\">Fokozat<\/td>\n<td>6000-es sorozat: 6101,6003,6061,6063,6020,6201,6262,6082, etc<br \/>7000-es sorozat: 7003, 7005, 7050, 7075, stb.<\/td>\n<\/tr>\n<tr>\n<td class=\"label\">szabv\u00e1nyok<\/td>\n<td>ASTM, ASME, EN, JIS, DIN, GB\/T stb.<\/td>\n<\/tr>\n<tr>\n<td class=\"label\">M\u00e9ret<\/td>\n<td>K\u00fcls\u0151 \u00e1tm\u00e9r\u0151: 3-250mm<br \/>Falvastags\u00e1g: 0.3-50mm<br \/>Hossz: 10mm -6000mm<\/td>\n<\/tr>\n<tr>\n<td class=\"label\">Fel\u00fcletkezel\u00e9s<\/td>\n<td>Fr\u00f6ccs\u00f6nt\u00f6tt fel\u00fclet<br \/>Elox\u00e1lt<br \/>Elektrofor\u00e9zis<br \/>Porsz\u00f3r\u00e1s<br \/>Fa szemcs\u00e9k<br \/>Homokf\u00fav\u00e1s<\/td>\n<\/tr>\n<tr>\n<td class=\"label\">Fel\u00fcleti sz\u00ednek<\/td>\n<td>Term\u00e9szet, ez\u00fcst, bronz, pezsg\u0151, fekete, gloden, stb.<br \/>Testre szabottan<\/td>\n<\/tr>\n<tr>\n<td class=\"label\">Temper<\/td>\n<td>T3-T8<\/td>\n<\/tr>\n<tr>\n<td class=\"label\">Form\u00e1z\u00e1s\/mint\u00e1zat<\/td>\n<td>Form\u00e1ink haszn\u00e1lata, d\u00edjmentesen<br \/>Az \u00fcgyf\u00e9lrajz, a nyit\u00f3forma haszn\u00e1lata, \u00e1ltal\u00e1ban k\u00f6r\u00fclbel\u00fcl 5 tonna, az \u00f6nt\u00e9si d\u00edj ingyenes.<br \/>Meg lehet \u00e1sni.<\/td>\n<\/tr>\n<tr>\n<td class=\"label\">Alkalmaz\u00e1s<\/td>\n<td>1. Vil\u00e1g\u00edt\u00e1s, napelemes f\u00e9nyvisszaver\u0151 lemez.<br \/>2.\u00e9p\u00edt\u00e9szeti megjelen\u00e9s, bels\u0151\u00e9p\u00edt\u00e9szet: mennyezet, metope,<br \/>b\u00fatorok, szekr\u00e9nyek \u00e9s \u00edgy tov\u00e1bb.<br \/>3.lift, n\u00e9vt\u00e1bla, t\u00e1sk\u00e1k.<br \/>4.automotive bels\u0151 \u00e9s k\u00fcls\u0151 dekor\u00e1ci\u00f3.<br \/>5. Bels\u0151\u00e9p\u00edt\u00e9szeti dekor\u00e1ci\u00f3: p\u00e9ld\u00e1ul fot\u00f3keret.<br \/>6.h\u00e1ztart\u00e1si g\u00e9pek, h\u0171t\u0151szekr\u00e9ny, mikrohull\u00e1m\u00fa s\u00fct\u0151,<br \/>audioberendez\u00e9s.<br \/>7. L\u00e9gik\u00f6zleked\u00e9si \u00e9s katonai szempontok.<br \/>8, g\u00e9palkatr\u00e9szek feldolgoz\u00e1sa, pen\u00e9szgy\u00e1rt\u00e1s .<br \/>9. vegyszeres\/szigetel\u0151 cs\u0151vezet\u00e9k bevonat.<\/td>\n<\/tr>\n<\/table>\n<h2>Gy\u00e1rt\u00f3 b\u00e1zisunk<\/h2>\n<h3>Gy\u00e1ri panor\u00e1ma<\/h3>\n<p><img decoding=\"async\" src=\"\/wp-content\/uploads\/factory-01.webp\"\/><\/p>\n<h3>Alum\u00ednium r\u00fadgy\u00e1rt\u00f3 m\u0171hely<\/h3>\n<p><img decoding=\"async\" src=\"\/wp-content\/uploads\/factory-02.webp\"\/><\/p>\n<p><img decoding=\"async\" src=\"\/wp-content\/uploads\/factory-03.webp\"\/><\/p>\n<h3>Pen\u00e9sz rakt\u00e1r<\/h3>\n<p><img decoding=\"async\" src=\"\/wp-content\/uploads\/factory-04.webp\"\/><\/p>\n<h3>43 alum\u00ednium extrud\u00e1l\u00f3 vonal (500-5500 tonna)<\/h3>\n<p><img decoding=\"async\" src=\"\/wp-content\/uploads\/factory-05.webp\"\/><\/p>\n<p><img decoding=\"async\" src=\"\/wp-content\/uploads\/factory-06.webp\"\/><\/p>\n<p><img decoding=\"async\" src=\"\/wp-content\/uploads\/factory-07.webp\"\/><\/p>\n<h3>Porfest\u0151 m\u0171hely<\/h3>\n<p><img decoding=\"async\" src=\"\/wp-content\/uploads\/factory-09.webp\"\/><\/p>\n<h3>Anodiz\u00e1l\u00f3 m\u0171hely<\/h3>\n<p><img decoding=\"async\" src=\"\/wp-content\/uploads\/factory-10.webp\"\/><\/p>\n<h3>M\u00e9ly feldolgoz\u00e1si m\u0171hely<\/h3>\n<p><img decoding=\"async\" src=\"\/wp-content\/uploads\/factory-11.webp\"\/><\/p>\n<h3>CNC prec\u00edzi\u00f3s megmunk\u00e1l\u00f3 m\u0171hely<\/h3>\n<p><img decoding=\"async\" src=\"\/wp-content\/uploads\/factory-11.5.webp\"\/><\/p>\n<h3>K\u00e9szterm\u00e9k \u00e9s export rakt\u00e1r<\/h3>\n<p><img decoding=\"async\" src=\"\/wp-content\/uploads\/factory-12.webp\"\/><\/p>\n<p><img decoding=\"async\" src=\"\/wp-content\/uploads\/factory-13.webp\"\/><\/p>\n<p><img decoding=\"async\" src=\"\/wp-content\/uploads\/factory-14.webp\"\/><\/p>\n<h2>GYIK<\/h2>\n<p><p><b>1.Mire haszn\u00e1lj\u00e1k a vastag fal\u00fa, nagy \u00e1tm\u00e9r\u0151j\u0171 alum\u00edniumcs\u00f6vet?<\/b><\/p>\n<p>A vastag fal\u00fa, nagy \u00e1tm\u00e9r\u0151j\u0171 alum\u00edniumcs\u00f6veket nagy ig\u00e9nybev\u00e9tel\u0171 alkalmaz\u00e1sokban haszn\u00e1lj\u00e1k, p\u00e9ld\u00e1ul tengeri platformokon, ipari cs\u0151vezet\u00e9kekben, szerkezeti al\u00e1t\u00e1maszt\u00e1sban \u00e9s nagynyom\u00e1s\u00fa folyad\u00e9ksz\u00e1ll\u00edt\u00e1sban.<br \/>\n<\/p><br \/>\n<br \/>\n<p><b>2.Mik a vastag fal\u00fa, nagy \u00e1tm\u00e9r\u0151j\u0171 alum\u00edniumcs\u00f6vek legfontosabb el\u0151nyei?<\/b><\/p>\n<p>Kiv\u00e9teles szil\u00e1rds\u00e1g\/t\u00f6meg ar\u00e1nyt, kiv\u00e1l\u00f3 korr\u00f3zi\u00f3\u00e1ll\u00f3s\u00e1got \u00e9s magas bels\u0151 \u00e9s k\u00fcls\u0151 nyom\u00e1s\u00e1ll\u00f3s\u00e1got biztos\u00edtanak ig\u00e9nyes k\u00f6rnyezetben.<br \/>\n<\/p><br \/>\n<br \/>\n<p><b>3.Mi\u00e9rt v\u00e1lassza a vastag fal\u00fa, nagy \u00e1tm\u00e9r\u0151j\u0171 alum\u00edniumcs\u00f6veket a v\u00e9konyabb vagy kisebb cs\u00f6vekkel szemben?<\/b><\/p>\n<p>A vastag fal\u00fa, nagy \u00e1tm\u00e9r\u0151j\u0171 cs\u00f6vek fokozott szerkezeti integrit\u00e1st, hosszabb \u00e9lettartamot \u00e9s a terhel\u00e9s vagy h\u0151ciklusok alatti deform\u00e1ci\u00f3 cs\u00f6kkent kock\u00e1zat\u00e1t biztos\u00edtj\u00e1k.<br \/>\n<\/p><br \/>\n<br \/>\n<p><b>4.Can vastag fal\u00fa, nagy \u00e1tm\u00e9r\u0151j\u0171 alum\u00edniumcs\u00f6vek testre szabhat\u00f3?<\/b><\/p>\n<p>Igen, ezek a cs\u00f6vek az \u00e1tm\u00e9r\u0151, a falvastags\u00e1g, az \u00f6tv\u00f6zetmin\u0151s\u00e9g (pl. 6061, 5083) \u00e9s a hossz\u00fas\u00e1g tekintet\u00e9ben testre szabhat\u00f3k, hogy megfeleljenek az egyedi m\u00e9rn\u00f6ki \u00e9s projektk\u00f6vetelm\u00e9nyeknek.<br \/>\n<\/p><br \/>\n<br \/>\n<p><b>5.Milyen fel\u00fcletkezel\u00e9sek \u00e1llnak rendelkez\u00e9sre vastagfal\u00fa, nagy \u00e1tm\u00e9r\u0151j\u0171 alum\u00edniumcs\u00f6vekhez?<\/b><\/p>\n<p>A gyakori kezel\u00e9sek k\u00f6z\u00e9 tartozik az elox\u00e1l\u00e1s, a porfest\u00e9s \u00e9s a homokf\u00fav\u00e1s a korr\u00f3zi\u00f3\u00e1ll\u00f3s\u00e1g, a kop\u00e1sv\u00e9delem \u00e9s az eszt\u00e9tikai megjelen\u00e9s jav\u00edt\u00e1sa \u00e9rdek\u00e9ben.<br \/>\n<\/p><br \/>\n<br \/>\n<p><b>6.Alkalmasak-e a vastag fal\u00fa, nagy \u00e1tm\u00e9r\u0151j\u0171 alum\u00edniumcs\u00f6vek k\u00fclt\u00e9ri \u00e9s tengeri k\u00f6rnyezetbe?<\/b><\/p>\n<p>Igen, megfelel\u0151 fel\u00fcletkezel\u00e9ssel \u00e9s \u00f6tv\u00f6zetv\u00e1laszt\u00e1ssal ezek a cs\u00f6vek term\u00e9szetes korr\u00f3zi\u00f3\u00e1ll\u00f3s\u00e1guknak k\u00f6sz\u00f6nhet\u0151en kiv\u00e1l\u00f3an alkalmazhat\u00f3k tengeri, tengerparti \u00e9s zord k\u00fclt\u00e9ri k\u00f6r\u00fclm\u00e9nyek k\u00f6z\u00f6tt.<br \/>\n<\/p><br \/>\n<br \/>\n<p><b>7.Hogyan t\u00e1mogatj\u00e1k a vastag fal\u00fa, nagy \u00e1tm\u00e9r\u0151j\u0171 alum\u00edniumcs\u00f6vek a k\u00f6lts\u00e9ghat\u00e9kony telep\u00edt\u00e9st?<\/b><\/p>\n<p>K\u00f6nny\u0171 s\u00falyuk cs\u00f6kkenti a kezel\u00e9si \u00e9s sz\u00e1ll\u00edt\u00e1si k\u00f6lts\u00e9geket, a prec\u00edz extrud\u00e1l\u00e1s pedig minimaliz\u00e1lja a helysz\u00edni hegeszt\u00e9st \u00e9s megmunk\u00e1l\u00e1st, felgyors\u00edtva a telep\u00edt\u00e9st.<br \/>\n<\/p><br \/>\n<br \/>\n<p><b>8.Mely ipar\u00e1gak profit\u00e1lnak legink\u00e1bb a vastagfal\u00fa, nagy \u00e1tm\u00e9r\u0151j\u0171 alum\u00edniumcs\u00f6vekb\u0151l?<\/b><\/p>\n<p>Az olyan ipar\u00e1gak, mint az olaj- \u00e9s g\u00e1zipar, a vegyipar, a haj\u00f3gy\u00e1rt\u00e1s \u00e9s az energiatermel\u00e9s, megb\u00edznak ezekben a cs\u00f6vekben, hogy sz\u00e9ls\u0151s\u00e9ges k\u00f6r\u00fclm\u00e9nyek k\u00f6z\u00f6tt is megb\u00edzhat\u00f3an teljes\u00edtsenek.<br \/>\n<\/p><br \/><\/p>","protected":false},"featured_media":6447,"template":"","categories":[60],"class_list":["post-6448","product","type-product","status-publish","has-post-thumbnail","hentry","category-general-tubes-and-bars"],"meta_box":{"hilight_text_group":{"product_hilight_text":"<li>Thick wall design ensures superior strength and durability<\/li>\r\r\n<li>Large diameter suitable for heavy-duty industrial and structural applications<\/li>\r\r\n<li>Corrosion-resistant aluminum alloy extends service life<\/li>\r\r\n<li>Customizable lengths and finishes to meet project specifications<\/li>\r\r\n<li>Reliable bulk supply with consistent quality and timely delivery<\/li>","product_chanpin_blog":"<ul>\r\r\n<li><a href=\"https:\/\/sinoextrud.com\/t-slot-v-slot-differences\/\" target=\"_blank\">t slot vs v slot<\/a><\/li>\r\r\n<li><a href=\"https:\/\/sinoextrud.com\/what-is-4040-aluminium-extrud\/\" target=\"_blank\">4040 aluminium extrusion<\/a><\/li>\r\r\n<li><a href=\"https:\/\/sinoextrud.com\/what-is-4040-aluminium-extrud\/\" target=\"_blank\">aluminum extrusions for industrial racks<\/a><\/li>\r\r\n<li><a href=\"https:\/\/sinoextrud.com\/powder-coating-aluminium-process\/\" target=\"_blank\">powder coating aluminium<\/a><\/li>\r\r\n<li><a href=\"https:\/\/sinoextrud.com\/what-is-an-aluminium-strip-ceiling\/\" target=\"_blank\">aluminium strip ceiling<\/a><\/li>\r\r\n<li><a href=\"https:\/\/sinoextrud.com\/what-is-a-heat-sink\/\" target=\"_blank\">what is a heat sink<\/a><\/li>\r\r\n<\/ul>","product_chanpin_chanpin":"<li><a href=\"https:\/\/sinoextrud.com\/product\/alloy-aluminium\/\" target=\"_blank\">Alloy Aluminium<\/a><\/li>\r\n<li><a href=\"https:\/\/sinoextrud.com\/product\/aluminium-piping\/\" target=\"_blank\">Aluminium Piping<\/a><\/li>\r\n<li><a href=\"https:\/\/sinoextrud.com\/product\/aluminum-u-profile\/\" target=\"_blank\">Aluminum U Profile<\/a><\/li>\r\n<li><a href=\"https:\/\/sinoextrud.com\/product\/short-run-custom-aluminum-extrusions\/\" target=\"_blank\">Short Run Custom Aluminum Extrusions<\/a><\/li>\r\n<li><a href=\"https:\/\/sinoextrud.com\/product\/thick-wall-large-diameter-aluminium-pipe\/\" target=\"_blank\">Thick Wall Large Diameter Aluminium Pipe<\/a><\/li>\r\n<li><a href=\"https:\/\/sinoextrud.com\/product\/triangle-aluminium-tube-factory-price\/\" target=\"_blank\">Triangle Aluminium Tube Factory Price<\/a><\/li>\r\n<li><a href=\"https:\/\/sinoextrud.com\/product\/oval-aluminum-tube\/\" target=\"_blank\">Oval Aluminum Tube<\/a><\/li>\r\n<li><a href=\"https:\/\/sinoextrud.com\/product\/triangle-aluminum-profile\/\" target=\"_blank\">Triangle Aluminum Profile<\/a><\/li>\r\n<li><a href=\"https:\/\/sinoextrud.com\/product\/extruded-aluminium-round-tube\/\" target=\"_blank\">Extruded Aluminium Round Tube<\/a><\/li>\r\n<li><a href=\"https:\/\/sinoextrud.com\/product\/wood-grain-aluminum-extrusion-slider\/\" target=\"_blank\">Wood Grain Aluminum Extrusion Slider<\/a><\/li>\r\n<li><a href=\"https:\/\/sinoextrud.com\/product\/hook-on-tile-ceiling-system\/\" target=\"_blank\">Hook-On Tile Ceiling System<\/a><\/li>"},"feature_list":[]},"_links":{"self":[{"href":"https:\/\/sinoextrud.com\/hu\/wp-json\/wp\/v2\/product\/6448","targetHints":{"allow":["GET"]}}],"collection":[{"href":"https:\/\/sinoextrud.com\/hu\/wp-json\/wp\/v2\/product"}],"about":[{"href":"https:\/\/sinoextrud.com\/hu\/wp-json\/wp\/v2\/types\/product"}],"wp:featuredmedia":[{"embeddable":true,"href":"https:\/\/sinoextrud.com\/hu\/wp-json\/wp\/v2\/media\/6447"}],"wp:attachment":[{"href":"https:\/\/sinoextrud.com\/hu\/wp-json\/wp\/v2\/media?parent=6448"}],"wp:term":[{"taxonomy":"category","embeddable":true,"href":"https:\/\/sinoextrud.com\/hu\/wp-json\/wp\/v2\/categories?post=6448"}],"curies":[{"name":"wp","href":"https:\/\/api.w.org\/{rel}","templated":true}]}}