{"id":6446,"date":"2025-05-29T02:00:19","date_gmt":"2025-05-29T02:00:19","guid":{"rendered":"https:\/\/sinoextrud.com\/product\/short-run-custom-aluminum-extrusions\/"},"modified":"2025-06-24T06:10:55","modified_gmt":"2025-06-24T06:10:55","slug":"rovid-futasu-egyedi-aluminium-extrudalt-termekek","status":"publish","type":"product","link":"https:\/\/sinoextrud.com\/hu\/product\/short-run-custom-aluminum-extrusions\/","title":{"rendered":"R\u00f6vid fut\u00e1s Egyedi alum\u00ednium extrud\u00e1l\u00e1s"},"content":{"rendered":"<h2>Term\u00e9kek r\u00e9szletei<\/h2>\n<table class=\"custom-table\">\n<tr>\n<td class=\"label\">N\u00e9v<\/td>\n<td>R\u00f6vid fut\u00e1s\u00fa egyedi alum\u00ednium extrud\u00e1l\u00e1sok<\/td>\n<\/tr>\n<tr>\n<td class=\"label\">M\u00e1rka<\/td>\n<td>Sinoextrud<\/td>\n<\/tr>\n<tr>\n<td class=\"label\">Kateg\u00f3ria<\/td>\n<td>Alum\u00ednium extrud\u00e1l\u00e1s<\/td>\n<\/tr>\n<tr>\n<td class=\"label\">Anyag<\/td>\n<td>A 6063 sz\u00e9les k\u00f6rben haszn\u00e1latos. A 6061, 6463, 6005, 6082 is rendelkez\u00e9sre \u00e1ll.<\/td>\n<\/tr>\n<tr>\n<td class=\"label\">Temper<\/td>\n<td>T5-T8<\/td>\n<\/tr>\n<tr>\n<td class=\"label\">Hossz\u00fas\u00e1g<\/td>\n<td>A rajz szerint<\/td>\n<\/tr>\n<tr>\n<td class=\"label\">M\u00e9ret (mm)<\/td>\n<td>Testreszabott<\/td>\n<\/tr>\n<tr>\n<td class=\"label\">Shape<\/td>\n<td>Testreszab\u00e1s<\/td>\n<\/tr>\n<tr>\n<td class=\"label\">Fel\u00fcletkezel\u00e9s<\/td>\n<td>Er\u0151bevonat; Malom k\u00e9sz, elox\u00e1lt, homokf\u00fav\u00e1s, elektrofor\u00e9zis is rendelkez\u00e9sre \u00e1ll.<\/td>\n<\/tr>\n<tr>\n<td class=\"label\">Sz\u00ednes<\/td>\n<td>Ez\u00fcst, fekete, arany, Champange, bronz, piros. k\u00e9k \u00e9s testre szabhatjuk a sz\u00edneket az \u00fcgyfelek mint\u00e1i alapj\u00e1n.<\/td>\n<\/tr>\n<tr>\n<td class=\"label\">Garancia<\/td>\n<td>BV , TUV ,ISO<\/td>\n<\/tr>\n<tr>\n<td class=\"label\">Standard<\/td>\n<td>K\u00f6zepes \u00e9s magas min\u0151s\u00e9g<\/td>\n<\/tr>\n<tr>\n<td class=\"label\">MOQ<\/td>\n<td>300-200KGS minden egyes t\u00e9telhez<\/td>\n<\/tr>\n<tr>\n<td class=\"label\">A  c\u00edmr\u0151l<\/td>\n<td>Guangdong, K\u00edna<\/td>\n<\/tr>\n<tr>\n<td class=\"label\">Alkalmaz\u00e1s<\/td>\n<td>Ipar, \u00e9p\u00edt\u0151ipar<\/td>\n<\/tr>\n<tr>\n<td class=\"label\">M\u00e9lyrehat\u00f3 feldolgoz\u00e1s<\/td>\n<td>V\u00e1g\u00e1s, f\u00far\u00e1s, megmunk\u00e1l\u00e1s, lyukaszt\u00e1s, hajl\u00edt\u00e1s, csapol\u00e1s stb.<\/td>\n<\/tr>\n<tr>\n<td class=\"label\">Csomag<\/td>\n<td>Bel\u00fcl v\u00e9d\u0151f\u00f3li\u00e1val, zsugorf\u00f3li\u00e1val vagy PE-habbal. K\u00edv\u00fcl doboz, karton vagy fakeret, vagy testreszab\u00e1s.<\/td>\n<\/tr>\n<tr>\n<td class=\"label\">Sz\u00e1ll\u00edt\u00e1si id\u0151<\/td>\n<td>A forma fejleszt\u00e9se \u00e9s a minta kialak\u00edt\u00e1sa 12-18 nap, majd a gy\u00e1rt\u00e1s id\u0151tartama 25-30 nap a vev\u0151 let\u00e9tbe helyez\u00e9se ut\u00e1n.<\/td>\n<\/tr>\n<tr>\n<td class=\"label\">Term\u00e9kkapacit\u00e1s<\/td>\n<td>10000+ tonna\/h\u00f3<\/td>\n<\/tr>\n<\/table>\n<h2>Gy\u00e1rt\u00f3 b\u00e1zisunk<\/h2>\n<h3>Gy\u00e1ri panor\u00e1ma<\/h3>\n<p><img decoding=\"async\" src=\"\/wp-content\/uploads\/factory-01.webp\"\/><\/p>\n<h3>Alum\u00ednium r\u00fadgy\u00e1rt\u00f3 m\u0171hely<\/h3>\n<p><img decoding=\"async\" src=\"\/wp-content\/uploads\/factory-02.webp\"\/><\/p>\n<\/p>\n<p><img decoding=\"async\" src=\"\/wp-content\/uploads\/factory-03.webp\"\/><\/p>\n<h3>Pen\u00e9sz rakt\u00e1r<\/h3>\n<p><img decoding=\"async\" src=\"\/wp-content\/uploads\/factory-04.webp\"\/><\/p>\n<h3>43 alum\u00ednium extrud\u00e1l\u00f3 vonal (500-5500 tonna)<\/h3>\n<p><img decoding=\"async\" src=\"\/wp-content\/uploads\/factory-05.webp\"\/><\/p>\n<p><img decoding=\"async\" src=\"\/wp-content\/uploads\/factory-06.webp\"\/><\/p>\n<p><img decoding=\"async\" src=\"\/wp-content\/uploads\/factory-07.webp\"\/><\/p>\n<h3>Porfest\u0151 m\u0171hely<\/h3>\n<p><img decoding=\"async\" src=\"\/wp-content\/uploads\/factory-09.webp\"\/><\/p>\n<h3>Anodiz\u00e1l\u00f3 m\u0171hely<\/h3>\n<p><img decoding=\"async\" src=\"\/wp-content\/uploads\/factory-10.webp\"\/><\/p>\n<h3>M\u00e9ly feldolgoz\u00e1si m\u0171hely<\/h3>\n<p><img decoding=\"async\" src=\"\/wp-content\/uploads\/factory-11.webp\"\/><\/p>\n<h3>CNC prec\u00edzi\u00f3s megmunk\u00e1l\u00f3 m\u0171hely<\/h3>\n<p><img decoding=\"async\" src=\"\/wp-content\/uploads\/factory-11.5.webp\"\/><\/p>\n<h3>K\u00e9szterm\u00e9k \u00e9s export rakt\u00e1r<\/h3>\n<p><img decoding=\"async\" src=\"\/wp-content\/uploads\/factory-12.webp\"\/><\/p>\n<p><img decoding=\"async\" src=\"\/wp-content\/uploads\/factory-13.webp\"\/><\/p>\n<p><img decoding=\"async\" src=\"\/wp-content\/uploads\/factory-14.webp\"\/><\/p>\n<h2>GYIK<\/h2>\n<p><b>1.What a r\u00f6vid fut\u00e1s\u00fa egyedi alum\u00ednium extrud\u00e1l\u00e1sok haszn\u00e1lj\u00e1k?<\/b><\/p>\n<p>A r\u00f6vid sorozat\u00fa, egyedi alum\u00ednium extrud\u00e1l\u00e1sok ide\u00e1lisak protot\u00edpusok k\u00e9sz\u00edt\u00e9s\u00e9hez, kis\u00fczemi gy\u00e1rt\u00e1shoz \u00e9s egyedi \u00e9p\u00edt\u00e9szeti vagy ipari alkatr\u00e9szekhez, amelyek k\u00fcl\u00f6nleges profilokat ig\u00e9nyelnek.\n<\/p>\n<p><\/p>\n<p><b>2.Mik az el\u0151nyei a r\u00f6vid fut\u00e1s\u00fa egyedi alum\u00ednium extrud\u00e1l\u00e1soknak?<\/b><\/p>\n<p>Gyors \u00e1tfut\u00e1si id\u0151t, alacsonyabb szersz\u00e1mk\u00f6lts\u00e9geket \u00e9s a teljes k\u00f6r\u0171 gy\u00e1rt\u00e1s el\u0151tti rugalmas tervm\u00f3dos\u00edt\u00e1st k\u00edn\u00e1lnak, ami pontos illeszked\u00e9st \u00e9s cs\u00f6kkentett k\u00e9szletez\u00e9si kock\u00e1zatot biztos\u00edt.\n<\/p>\n<p><\/p>\n<p><b>3.Mi\u00e9rt v\u00e1lassza a r\u00f6vid fut\u00e1s\u00fa egyedi alum\u00ednium extrud\u00e1l\u00e1st a standard rakt\u00e1rprofilokkal szemben?<\/b><\/p>\n<p>A r\u00f6vid sorozat\u00fa egyedi extrud\u00e1l\u00e1sok testre szabott keresztmetszeteket, \u00f6tv\u00f6zetv\u00e1laszt\u00e1st \u00e9s fel\u00fcleti fel\u00fcleteket biztos\u00edtanak, amelyekkel a rakt\u00e1rprofilok nem tudnak megegyezni, jav\u00edtva a term\u00e9k teljes\u00edtm\u00e9ny\u00e9t \u00e9s eszt\u00e9tik\u00e1j\u00e1t.\n<\/p>\n<p><\/p>\n<p><b>4.Can r\u00f6vid fut\u00e1s\u00fa egyedi alum\u00ednium extrud\u00e1l\u00e1sok befejezett \u00e9s kezelt?<\/b><\/p>\n<p>Igen, ezek a sajtolt term\u00e9kek elox\u00e1l\u00e1ssal, porsz\u00f3r\u00e1ssal \u00e9s egy\u00e9b fel\u00fcletkezel\u00e9sekkel jav\u00edthat\u00f3k a korr\u00f3zi\u00f3\u00e1ll\u00f3s\u00e1g, a tart\u00f3ss\u00e1g \u00e9s a l\u00e1tv\u00e1ny jav\u00edt\u00e1sa \u00e9rdek\u00e9ben.\n<\/p>\n<p><\/p>\n<p><b>5.Hogyan cs\u00f6kkenti a r\u00f6vidt\u00e1v\u00fa folyamat a fejleszt\u00e9si id\u0151t?<\/b><\/p>\n<p>A r\u00f6vid sorozat\u00fa szersz\u00e1mok \u00e9s az alacsonyabb minim\u00e1lis rendel\u00e9si mennyis\u00e9gek felgyors\u00edtj\u00e1k a tervez\u00e9s valid\u00e1l\u00e1s\u00e1t \u00e9s a gy\u00e1rt\u00e1st, ami gyorsabb iter\u00e1ci\u00f3kat \u00e9s piacra ker\u00fcl\u00e9st tesz lehet\u0151v\u00e9.\n<\/p>\n<p><\/p>\n<p><b>6.Milyen ipar\u00e1gak profit\u00e1lnak a r\u00f6vid fut\u00e1s\u00fa egyedi alum\u00ednium extrud\u00e1l\u00e1sokb\u00f3l?<\/b><\/p>\n<p>Az olyan ipar\u00e1gak, mint a rep\u00fcl\u0151g\u00e9pipar, az orvostechnikai eszk\u00f6z\u00f6k, az elektronika \u00e9s a speci\u00e1lis \u00e9p\u00edt\u0151ipar a prec\u00edzi\u00f3s alkatr\u00e9szek \u00e9s a korl\u00e1tozott p\u00e9ld\u00e1nysz\u00e1m\u00fa szerelv\u00e9nyek r\u00f6vid sorozat\u00fa, egyedi extrud\u00e1l\u00e1s\u00e1t haszn\u00e1lj\u00e1k ki.\n<\/p>\n<p><\/p>\n<p><b>7.How k\u00f6lts\u00e9ghat\u00e9konyak a r\u00f6vid fut\u00e1s\u00fa egyedi alum\u00ednium extrud\u00e1l\u00e1sok?<\/b><\/p>\n<p>A szersz\u00e1mberuh\u00e1z\u00e1s minimaliz\u00e1l\u00e1sa \u00e9s a felesleges k\u00e9szlet cs\u00f6kkent\u00e9se r\u00e9v\u00e9n a r\u00f6vid sorozat\u00fa egyedi extrud\u00e1l\u00e1sok k\u00f6lts\u00e9ghat\u00e9kony megold\u00e1st k\u00edn\u00e1lnak a kis volumen\u0171, magas specifik\u00e1ci\u00f3j\u00fa projektekhez.\n<\/p>\n<p><\/p>\n<p><b>8.Hogyan t\u00e1mogatj\u00e1k a r\u00f6vid sorozat\u00fa egyedi alum\u00ednium extrud\u00e1l\u00e1sok a fenntarthat\u00f3 gy\u00e1rt\u00e1st?<\/b><\/p>\n<p>Azzal, hogy a sajtolt term\u00e9kek pontosan megfelelnek a projekt k\u00f6vetelm\u00e9nyeinek, cs\u00f6kkentik az anyagpazarl\u00e1st \u00e9s a t\u00faltermel\u00e9st, az alum\u00ednium \u00fajrahasznos\u00edthat\u00f3s\u00e1ga pedig tov\u00e1bb n\u00f6veli a k\u00f6rnyezetv\u00e9delmi el\u0151ny\u00f6ket.\n<\/p>\n<p><\/p>","protected":false},"featured_media":6445,"template":"","categories":[60],"class_list":["post-6446","product","type-product","status-publish","has-post-thumbnail","hentry","category-general-tubes-and-bars"],"meta_box":{"hilight_text_group":{"product_hilight_text":"<li>Flexible production runs tailored to specific project requirements<\/li>\r\r\n<li>Cost-effective solution for small to medium batch orders<\/li>\r\r\n<li>High-quality extrusion with precise dimensional control<\/li>\r\r\n<li>Supports custom alloys, shapes, and surface finishes<\/li>\r\r\n<li>Fast turnaround times to meet tight project deadlines<\/li>","product_chanpin_blog":"<ul>\r\r\n<li><a href=\"https:\/\/sinoextrud.com\/t-slot-v-slot-differences\/\" target=\"_blank\">t slot vs v slot<\/a><\/li>\r\r\n<li><a href=\"https:\/\/sinoextrud.com\/what-is-4040-aluminium-extrud\/\" target=\"_blank\">4040 aluminium extrusion<\/a><\/li>\r\r\n<li><a href=\"https:\/\/sinoextrud.com\/what-is-4040-aluminium-extrud\/\" target=\"_blank\">aluminum extrusions for industrial racks<\/a><\/li>\r\r\n<li><a href=\"https:\/\/sinoextrud.com\/powder-coating-aluminium-process\/\" target=\"_blank\">powder coating aluminium<\/a><\/li>\r\r\n<li><a href=\"https:\/\/sinoextrud.com\/what-is-an-aluminium-strip-ceiling\/\" target=\"_blank\">aluminium strip ceiling<\/a><\/li>\r\r\n<li><a href=\"https:\/\/sinoextrud.com\/what-is-a-heat-sink\/\" target=\"_blank\">what is a heat sink<\/a><\/li>\r\r\n<\/ul>","product_chanpin_chanpin":"<li><a href=\"https:\/\/sinoextrud.com\/product\/aluminium-extrusion-pipe\/\" target=\"_blank\">Aluminium Extrusion Pipe<\/a><\/li>\r\n<li><a href=\"https:\/\/sinoextrud.com\/product\/alloy-aluminium\/\" target=\"_blank\">Alloy Aluminium<\/a><\/li>\r\n<li><a href=\"https:\/\/sinoextrud.com\/product\/aluminium-piping\/\" target=\"_blank\">Aluminium Piping<\/a><\/li>\r\n<li><a href=\"https:\/\/sinoextrud.com\/product\/aluminum-u-profile\/\" target=\"_blank\">Aluminum U Profile<\/a><\/li>\r\n<li><a href=\"https:\/\/sinoextrud.com\/product\/short-run-custom-aluminum-extrusions\/\" target=\"_blank\">Short Run Custom Aluminum Extrusions<\/a><\/li>\r\n<li><a href=\"https:\/\/sinoextrud.com\/product\/thick-wall-large-diameter-aluminium-pipe\/\" target=\"_blank\">Thick Wall Large Diameter Aluminium Pipe<\/a><\/li>\r\n<li><a href=\"https:\/\/sinoextrud.com\/product\/triangle-aluminium-tube-factory-price\/\" target=\"_blank\">Triangle Aluminium Tube Factory Price<\/a><\/li>\r\n<li><a href=\"https:\/\/sinoextrud.com\/product\/oval-aluminum-tube\/\" target=\"_blank\">Oval Aluminum Tube<\/a><\/li>\r\n<li><a href=\"https:\/\/sinoextrud.com\/product\/triangle-aluminum-profile\/\" target=\"_blank\">Triangle Aluminum Profile<\/a><\/li>\r\n<li><a href=\"https:\/\/sinoextrud.com\/product\/aluminum-extrusion-custom-electric-vehicle-battery-enclosure-aluminum-profile\/\" target=\"_blank\">Aluminum Extrusion Custom Electric Vehicle Battery Enclosure Aluminum Profile<\/a><\/li>\r\n<li><a href=\"https:\/\/sinoextrud.com\/product\/aluminum-rail-profile\/\" target=\"_blank\">Aluminum Rail Profile<\/a><\/li>"},"feature_list":[]},"_links":{"self":[{"href":"https:\/\/sinoextrud.com\/hu\/wp-json\/wp\/v2\/product\/6446","targetHints":{"allow":["GET"]}}],"collection":[{"href":"https:\/\/sinoextrud.com\/hu\/wp-json\/wp\/v2\/product"}],"about":[{"href":"https:\/\/sinoextrud.com\/hu\/wp-json\/wp\/v2\/types\/product"}],"wp:featuredmedia":[{"embeddable":true,"href":"https:\/\/sinoextrud.com\/hu\/wp-json\/wp\/v2\/media\/6445"}],"wp:attachment":[{"href":"https:\/\/sinoextrud.com\/hu\/wp-json\/wp\/v2\/media?parent=6446"}],"wp:term":[{"taxonomy":"category","embeddable":true,"href":"https:\/\/sinoextrud.com\/hu\/wp-json\/wp\/v2\/categories?post=6446"}],"curies":[{"name":"wp","href":"https:\/\/api.w.org\/{rel}","templated":true}]}}