{"id":6442,"date":"2025-05-29T01:54:21","date_gmt":"2025-05-29T01:54:21","guid":{"rendered":"https:\/\/sinoextrud.com\/product\/aluminium-piping\/"},"modified":"2025-06-24T06:10:54","modified_gmt":"2025-06-24T06:10:54","slug":"aluminium-csovek","status":"publish","type":"product","link":"https:\/\/sinoextrud.com\/hu\/product\/aluminium-piping\/","title":{"rendered":"Alum\u00ednium cs\u0151vezet\u00e9kek"},"content":{"rendered":"<h2>Term\u00e9kek r\u00e9szletei<\/h2>\n<table class=\"custom-table\">\n<tr>\n<td class=\"label\">T\u00e9tel<\/td>\n<td>Alum\u00ednium cs\u00f6vek Alum\u00ednium cs\u0151\/cs\u00f6vek\/cs\u00f6vek\/cs\u00f6vek<\/td>\n<\/tr>\n<tr>\n<td class=\"label\">Anyag<\/td>\n<td>Alum\u00ednium<\/td>\n<\/tr>\n<tr>\n<td class=\"label\">Fokozat<\/td>\n<td>1000-es sorozat: 1050,1060,1070,1080,1100,1435, etc<br \/>2000-es sorozat: 2011,2014,2017,2024, stb.<br \/>3000-es sorozat: 3002,3003,3104,3204,3030, stb.<br \/>5000-es sorozat: 5005, 5025, 5040, 5056, 5083, stb.<br \/>6000-es sorozat: 6101,6003,6061,6063,6020,6201,6262,6082, etc<br \/>7000-es sorozat: 7003, 7005, 7050, 7075, stb.<\/td>\n<\/tr>\n<tr>\n<td class=\"label\">szabv\u00e1nyok<\/td>\n<td>ASTM, ASME, EN, JIS, DIN, GB\/T stb.<\/td>\n<\/tr>\n<tr>\n<td class=\"label\">M\u00e9ret<\/td>\n<td>K\u00fcls\u0151 \u00e1tm\u00e9r\u0151: 3-250mm<br \/>Falvastags\u00e1g: 0.3-50mm<br \/>Hossz: 10mm -6000mm<\/td>\n<\/tr>\n<tr>\n<td class=\"label\">Shape<\/td>\n<td>Kerek\/n\u00e9gysz\u00f6gletes\/t\u00e9glalap alak\u00fa<\/td>\n<\/tr>\n<tr>\n<td class=\"label\">Fel\u00fcletkezel\u00e9s<\/td>\n<td>Fr\u00f6ccs\u00f6nt\u00f6tt fel\u00fclet<br \/>Elox\u00e1lt<br \/>Elektrofor\u00e9zis<br \/>Porsz\u00f3r\u00e1s<br \/>Fa szemcs\u00e9k<br \/>Homokf\u00fav\u00e1s<\/td>\n<\/tr>\n<tr>\n<td class=\"label\">Fel\u00fcleti sz\u00ednek<\/td>\n<td>Term\u00e9szet, ez\u00fcst, bronz, pezsg\u0151, fekete, gloden, stb.<br \/>Testre szabottan<\/td>\n<\/tr>\n<tr>\n<td class=\"label\">Temper<\/td>\n<td>T3-T8<\/td>\n<\/tr>\n<tr>\n<td class=\"label\">Form\u00e1z\u00e1s\/mint\u00e1zat<\/td>\n<td>1. A mi form\u00e1ink haszn\u00e1lata, nincs d\u00edj<br \/>2. Az \u00fcgyf\u00e9lrajz, a nyit\u00f3forma haszn\u00e1lata, \u00e1ltal\u00e1ban k\u00f6r\u00fclbel\u00fcl 5 tonna, az \u00f6nt\u00e9si d\u00edj ingyenes.<br \/>3. Meg lehet vitatni.<\/td>\n<\/tr>\n<tr>\n<td class=\"label\">Alkalmaz\u00e1s<\/td>\n<td>1. Vil\u00e1g\u00edt\u00e1s, napelemes f\u00e9nyvisszaver\u0151 lemez.<br \/>2.\u00e9p\u00edt\u00e9szeti megjelen\u00e9s, bels\u0151\u00e9p\u00edt\u00e9szet: mennyezet, metope, b\u00fatorok, szekr\u00e9nyek \u00e9s \u00edgy tov\u00e1bb.<br \/>3.lift, n\u00e9vt\u00e1bla, t\u00e1sk\u00e1k.<br \/>4.automotive bels\u0151 \u00e9s k\u00fcls\u0151 dekor\u00e1ci\u00f3.<br \/>5. Bels\u0151\u00e9p\u00edt\u00e9szeti dekor\u00e1ci\u00f3: p\u00e9ld\u00e1ul fot\u00f3keret.<br \/>6.h\u00e1ztart\u00e1si g\u00e9pek, h\u0171t\u0151szekr\u00e9ny, mikrohull\u00e1m\u00fa s\u00fct\u0151, audioberendez\u00e9s.<br \/>7. L\u00e9gik\u00f6zleked\u00e9si \u00e9s katonai szempontok.<br \/>8, g\u00e9palkatr\u00e9szek feldolgoz\u00e1sa, pen\u00e9szgy\u00e1rt\u00e1s .<br \/>9. vegyszeres\/szigetel\u0151 cs\u0151vezet\u00e9k bevonat.<\/td>\n<\/tr>\n<\/table>\n<h2>Gy\u00e1rt\u00f3 b\u00e1zisunk<\/h2>\n<h3>Gy\u00e1ri panor\u00e1ma<\/h3>\n<p><img decoding=\"async\" src=\"\/wp-content\/uploads\/factory-01.webp\"\/><\/p>\n<h3>Alum\u00ednium r\u00fadgy\u00e1rt\u00f3 m\u0171hely<\/h3>\n<p><img decoding=\"async\" src=\"\/wp-content\/uploads\/factory-02.webp\"\/><\/p>\n<p><img decoding=\"async\" src=\"\/wp-content\/uploads\/factory-03.webp\"\/><\/p>\n<h3>Pen\u00e9sz rakt\u00e1r<\/h3>\n<p><img decoding=\"async\" src=\"\/wp-content\/uploads\/factory-04.webp\"\/><\/p>\n<h3>43 alum\u00ednium extrud\u00e1l\u00f3 vonal (500-5500 tonna)<\/h3>\n<p><img decoding=\"async\" src=\"\/wp-content\/uploads\/factory-05.webp\"\/><\/p>\n<p><img decoding=\"async\" src=\"\/wp-content\/uploads\/factory-06.webp\"\/><\/p>\n<p><img decoding=\"async\" src=\"\/wp-content\/uploads\/factory-07.webp\"\/><\/p>\n<h3>Porfest\u0151 m\u0171hely<\/h3>\n<p><img decoding=\"async\" src=\"\/wp-content\/uploads\/factory-09.webp\"\/><\/p>\n<h3>Anodiz\u00e1l\u00f3 m\u0171hely<\/h3>\n<p><img decoding=\"async\" src=\"\/wp-content\/uploads\/factory-10.webp\"\/><\/p>\n<h3>M\u00e9ly feldolgoz\u00e1si m\u0171hely<\/h3>\n<p><img decoding=\"async\" src=\"\/wp-content\/uploads\/factory-11.webp\"\/><\/p>\n<h3>CNC prec\u00edzi\u00f3s megmunk\u00e1l\u00f3 m\u0171hely<\/h3>\n<p><img decoding=\"async\" src=\"\/wp-content\/uploads\/factory-11.5.webp\"\/><\/p>\n<h3>K\u00e9szterm\u00e9k \u00e9s export rakt\u00e1r<\/h3>\n<p><img decoding=\"async\" src=\"\/wp-content\/uploads\/factory-12.webp\"\/><\/p>\n<p><img decoding=\"async\" src=\"\/wp-content\/uploads\/factory-13.webp\"\/><\/p>\n<p><img decoding=\"async\" src=\"\/wp-content\/uploads\/factory-14.webp\"\/><\/p>\n<h2>GYIK<\/h2>\n<p><p><b>1.Mire haszn\u00e1lj\u00e1k az alum\u00ednium cs\u00f6veket?<\/b><\/p>\n<p>Az alum\u00ednium cs\u0151vezet\u00e9keket k\u00f6nny\u0171 szil\u00e1rds\u00e1ga \u00e9s korr\u00f3zi\u00f3\u00e1ll\u00f3s\u00e1ga miatt v\u00edzvezet\u00e9k- \u00e9s HVAC-rendszerekben, ipari folyad\u00e9ksz\u00e1ll\u00edt\u00e1sban \u00e9s g\u00e9pj\u00e1rm\u0171vek h\u0171t\u0151k\u00f6r\u00e9ben haszn\u00e1lj\u00e1k.<br \/>\n<\/p><br \/>\n<br \/>\n<p><b>2.Mik az alum\u00ednium cs\u0151vezet\u00e9kek legfontosabb el\u0151nyei?<\/b><\/p>\n<p>Az alum\u00ednium cs\u0151vezet\u00e9kek nagy szil\u00e1rds\u00e1g\/t\u00f6meg ar\u00e1nyt, kiv\u00e1l\u00f3 korr\u00f3zi\u00f3\u00e1ll\u00f3s\u00e1got, h\u0151vezet\u0151 k\u00e9pess\u00e9get \u00e9s hossz\u00fa \u00e9lettartamot k\u00edn\u00e1lnak minim\u00e1lis karbantart\u00e1s mellett.<br \/>\n<\/p><br \/>\n<br \/>\n<p><b>3.Mi\u00e9rt v\u00e1lassza az alum\u00ednium cs\u0151vezet\u00e9keket az ac\u00e9l vagy m\u0171anyag alternat\u00edv\u00e1kkal szemben?<\/b><\/p>\n<p>Az alum\u00ednium cs\u0151vezet\u00e9kek k\u00f6nnyebbek az ac\u00e9ln\u00e1l \u00e9s tart\u00f3sabbak a m\u0171anyagn\u00e1l, jobb \u00e1raml\u00e1si hat\u00e9konys\u00e1got, alacsonyabb telep\u00edt\u00e9si k\u00f6lts\u00e9geket \u00e9s jobb korr\u00f3zi\u00f3\u00e1ll\u00f3s\u00e1got biztos\u00edtanak.<br \/>\n<\/p><br \/>\n<br \/>\n<p><b>4.Can alum\u00ednium cs\u00f6vek testre szabhat\u00f3?<\/b><\/p>\n<p>Igen, az alum\u00ednium cs\u0151vezet\u00e9kek extrud\u00e1lhat\u00f3k vagy h\u00fazhat\u00f3k k\u00fcl\u00f6nb\u00f6z\u0151 \u00e1tm\u00e9r\u0151k, falvastags\u00e1gok, hossz\u00fas\u00e1gok \u00e9s \u00f6tv\u00f6zetmin\u0151s\u00e9gek szerint, hogy megfeleljenek a konkr\u00e9t projekt- \u00e9s ipari szabv\u00e1nyoknak.<br \/>\n<\/p><br \/>\n<br \/>\n<p><b>5.Milyen fel\u00fcletkezel\u00e9sek \u00e1llnak rendelkez\u00e9sre az alum\u00ednium cs\u0151vezet\u00e9kekhez?<\/b><\/p>\n<p>A gyakori fel\u00fcletkezel\u00e9sek k\u00f6z\u00e9 tartozik az elox\u00e1l\u00e1s, a porfest\u00e9s \u00e9s a mar\u00e1s a korr\u00f3zi\u00f3v\u00e9delem, a kop\u00e1s\u00e1ll\u00f3s\u00e1g \u00e9s az eszt\u00e9tikai megjelen\u00e9s fokoz\u00e1sa \u00e9rdek\u00e9ben.<br \/>\n<\/p><br \/>\n<br \/>\n<p><b>6.Alkalmasak-e az alum\u00edniumcs\u00f6vek k\u00fclt\u00e9ri \u00e9s tengeri haszn\u00e1latra?<\/b><\/p>\n<p>Igen, a megfelel\u0151 fel\u00fcletkezel\u00e9ssel ell\u00e1tott alum\u00edniumcs\u00f6vek ellen\u00e1llnak az UV-hat\u00e1snak, a s\u00f3s permetnek \u00e9s a zord id\u0151j\u00e1r\u00e1si k\u00f6r\u00fclm\u00e9nyeknek, \u00edgy ide\u00e1lisak k\u00fclt\u00e9ri \u00e9s tengeri alkalmaz\u00e1sokhoz.<br \/>\n<\/p><br \/>\n<br \/>\n<p><b>7.Hogyan t\u00e1mogatja az alum\u00ednium cs\u0151vezet\u00e9k a hat\u00e9kony h\u0151gazd\u00e1lkod\u00e1st?<\/b><\/p>\n<p>Az alum\u00ednium nagy h\u0151vezet\u0151 k\u00e9pess\u00e9ge gyors h\u0151\u00e1tad\u00e1st tesz lehet\u0151v\u00e9 a HVAC-, h\u0171t\u0151- \u00e9s h\u0151cser\u00e9l\u0151 rendszerekben, jav\u00edtva az \u00e1ltal\u00e1nos energiahat\u00e9konys\u00e1got.<br \/>\n<\/p><br \/>\n<br \/>\n<p><b>8.Hogyan j\u00e1rulnak hozz\u00e1 az alum\u00ednium cs\u0151vezet\u00e9kek a fenntarthat\u00f3 m\u00e9rn\u00f6ki tev\u00e9kenys\u00e9ghez?<\/b><\/p>\n<p>Az alum\u00ednium 100% \u00fajrahasznos\u00edthat\u00f3 \u00e9s energiatakar\u00e9kosan gy\u00e1rthat\u00f3, az alum\u00edniumcs\u00f6vek haszn\u00e1lata pedig cs\u00f6kkenti az anyaghullad\u00e9kot \u00e9s az \u00e9letciklusra gyakorolt k\u00f6rnyezeti hat\u00e1st.<br \/>\n<\/p><br \/><\/p>","protected":false},"featured_media":6441,"template":"","categories":[60],"class_list":["post-6442","product","type-product","status-publish","has-post-thumbnail","hentry","category-general-tubes-and-bars"],"meta_box":{"hilight_text_group":{"product_hilight_text":"<li>Lightweight and durable, ideal for fluid transport and structural use<\/li>\r\r\n<li>Corrosion-resistant aluminum ensures long service life<\/li>\r\r\n<li>Available in various diameters, wall thicknesses, and lengths<\/li>\r\r\n<li>Easy to cut, weld, and fabricate for custom applications<\/li>\r\r\n<li>Supports bulk orders with consistent quality and timely delivery<\/li>","product_chanpin_blog":"<ul>\r\r\n<li><a href=\"https:\/\/sinoextrud.com\/t-slot-v-slot-differences\/\" target=\"_blank\">t slot vs v slot<\/a><\/li>\r\r\n<li><a href=\"https:\/\/sinoextrud.com\/what-is-4040-aluminium-extrud\/\" target=\"_blank\">4040 aluminium extrusion<\/a><\/li>\r\r\n<li><a href=\"https:\/\/sinoextrud.com\/what-is-4040-aluminium-extrud\/\" target=\"_blank\">aluminum extrusions for industrial racks<\/a><\/li>\r\r\n<li><a href=\"https:\/\/sinoextrud.com\/powder-coating-aluminium-process\/\" target=\"_blank\">powder coating aluminium<\/a><\/li>\r\r\n<li><a href=\"https:\/\/sinoextrud.com\/what-is-an-aluminium-strip-ceiling\/\" target=\"_blank\">aluminium strip ceiling<\/a><\/li>\r\r\n<li><a href=\"https:\/\/sinoextrud.com\/what-is-a-heat-sink\/\" target=\"_blank\">what is a heat sink<\/a><\/li>\r\r\n<\/ul>","product_chanpin_chanpin":"<li><a href=\"https:\/\/sinoextrud.com\/product\/thin-wall-extruded-aluminum-tubing\/\" target=\"_blank\">Thin Wall Extruded Aluminum Tubing<\/a><\/li>\r\n<li><a href=\"https:\/\/sinoextrud.com\/product\/extruded-aluminum-z-bar\/\" target=\"_blank\">Extruded Aluminum Z Bar<\/a><\/li>\r\n<li><a href=\"https:\/\/sinoextrud.com\/product\/aluminium-extrusion-pipe\/\" target=\"_blank\">Aluminium Extrusion Pipe<\/a><\/li>\r\n<li><a href=\"https:\/\/sinoextrud.com\/product\/alloy-aluminium\/\" target=\"_blank\">Alloy Aluminium<\/a><\/li>\r\n<li><a href=\"https:\/\/sinoextrud.com\/product\/aluminium-piping\/\" target=\"_blank\">Aluminium Piping<\/a><\/li>\r\n<li><a href=\"https:\/\/sinoextrud.com\/product\/aluminum-u-profile\/\" target=\"_blank\">Aluminum U Profile<\/a><\/li>\r\n<li><a href=\"https:\/\/sinoextrud.com\/product\/short-run-custom-aluminum-extrusions\/\" target=\"_blank\">Short Run Custom Aluminum Extrusions<\/a><\/li>\r\n<li><a href=\"https:\/\/sinoextrud.com\/product\/thick-wall-large-diameter-aluminium-pipe\/\" target=\"_blank\">Thick Wall Large Diameter Aluminium Pipe<\/a><\/li>\r\n<li><a href=\"https:\/\/sinoextrud.com\/product\/triangle-aluminium-tube-factory-price\/\" target=\"_blank\">Triangle Aluminium Tube Factory Price<\/a><\/li>\r\n<li><a href=\"https:\/\/sinoextrud.com\/product\/hook-type-sereen-ceiling-system\/\" target=\"_blank\">Hook Type Sereen Ceiling System<\/a><\/li>\r\n<li><a href=\"https:\/\/sinoextrud.com\/product\/o-shape-baffle-ceiling-system\/\" target=\"_blank\">O-shape Baffle Ceiling System<\/a><\/li>"},"feature_list":[]},"_links":{"self":[{"href":"https:\/\/sinoextrud.com\/hu\/wp-json\/wp\/v2\/product\/6442","targetHints":{"allow":["GET"]}}],"collection":[{"href":"https:\/\/sinoextrud.com\/hu\/wp-json\/wp\/v2\/product"}],"about":[{"href":"https:\/\/sinoextrud.com\/hu\/wp-json\/wp\/v2\/types\/product"}],"wp:featuredmedia":[{"embeddable":true,"href":"https:\/\/sinoextrud.com\/hu\/wp-json\/wp\/v2\/media\/6441"}],"wp:attachment":[{"href":"https:\/\/sinoextrud.com\/hu\/wp-json\/wp\/v2\/media?parent=6442"}],"wp:term":[{"taxonomy":"category","embeddable":true,"href":"https:\/\/sinoextrud.com\/hu\/wp-json\/wp\/v2\/categories?post=6442"}],"curies":[{"name":"wp","href":"https:\/\/api.w.org\/{rel}","templated":true}]}}