{"id":6434,"date":"2025-05-28T10:25:11","date_gmt":"2025-05-28T10:25:11","guid":{"rendered":"https:\/\/sinoextrud.com\/product\/aluminium-extrusion-pipe\/"},"modified":"2025-06-24T06:10:53","modified_gmt":"2025-06-24T06:10:53","slug":"aluminium-extrudalt-cso-2","status":"publish","type":"product","link":"https:\/\/sinoextrud.com\/hu\/product\/aluminium-extrusion-pipe\/","title":{"rendered":"Alum\u00ednium extrud\u00e1lt cs\u0151"},"content":{"rendered":"<h2>Term\u00e9kek r\u00e9szletei<\/h2>\n<table class=\"custom-table\">\n<tr>\n<td class=\"label\">N\u00e9v<\/td>\n<td>Alum\u00ednium extrud\u00e1lt cs\u0151<\/td>\n<\/tr>\n<tr>\n<td class=\"label\">M\u00e1rka<\/td>\n<td>Sinoextrud<\/td>\n<\/tr>\n<tr>\n<td class=\"label\">Kateg\u00f3ria<\/td>\n<td>Alum\u00ednium extrud\u00e1l\u00e1s<\/td>\n<\/tr>\n<tr>\n<td class=\"label\">Anyag<\/td>\n<td>A 6063 sz\u00e9les k\u00f6rben haszn\u00e1latos. A 6061, 6463, 6005, 6082 is rendelkez\u00e9sre \u00e1ll.<\/td>\n<\/tr>\n<tr>\n<td class=\"label\">Temper<\/td>\n<td>T5-T8<\/td>\n<\/tr>\n<tr>\n<td class=\"label\">Hossz\u00fas\u00e1g<\/td>\n<td>Ready Cargo 6 m, vagy testreszab\u00e1s<\/td>\n<\/tr>\n<tr>\n<td class=\"label\">M\u00e9ret (mm)<\/td>\n<td>Testreszabott<\/td>\n<\/tr>\n<tr>\n<td class=\"label\">Shape<\/td>\n<td>Testreszab\u00e1s<\/td>\n<\/tr>\n<tr>\n<td class=\"label\">Fel\u00fcletkezel\u00e9s<\/td>\n<td>Er\u0151bevonat; Malom k\u00e9sz, elox\u00e1lt, homokf\u00fav\u00e1s, elektrofor\u00e9zis is rendelkez\u00e9sre \u00e1ll.<\/td>\n<\/tr>\n<tr>\n<td class=\"label\">Sz\u00ednes<\/td>\n<td>Ez\u00fcst, fekete, arany, Champange, bronz, piros. k\u00e9k \u00e9s testre szabhatjuk a sz\u00edneket az \u00fcgyfelek mint\u00e1i alapj\u00e1n.<\/td>\n<\/tr>\n<tr>\n<td class=\"label\">Garancia<\/td>\n<td>BV , TUV ,ISO<\/td>\n<\/tr>\n<tr>\n<td class=\"label\">Standard<\/td>\n<td>K\u00f6zepes \u00e9s magas min\u0151s\u00e9g<\/td>\n<\/tr>\n<tr>\n<td class=\"label\">MOQ<\/td>\n<td>200KGS minden egyes t\u00e9telre<\/td>\n<\/tr>\n<tr>\n<td class=\"label\">A  c\u00edmr\u0151l<\/td>\n<td>Guangdong, K\u00edna<\/td>\n<\/tr>\n<tr>\n<td class=\"label\">Alkalmaz\u00e1s<\/td>\n<td>Ipar, \u00e9p\u00edt\u0151ipar<\/td>\n<\/tr>\n<tr>\n<td class=\"label\">M\u00e9lyrehat\u00f3 feldolgoz\u00e1s<\/td>\n<td>V\u00e1g\u00e1s, f\u00far\u00e1s, megmunk\u00e1l\u00e1s, lyukaszt\u00e1s, hajl\u00edt\u00e1s, csapol\u00e1s stb.<\/td>\n<\/tr>\n<tr>\n<td class=\"label\">Csomag<\/td>\n<td>Bel\u00fcl v\u00e9d\u0151f\u00f3li\u00e1val, zsugorf\u00f3li\u00e1val vagy PE-habbal. K\u00edv\u00fcl doboz, karton vagy fakeret, vagy testreszab\u00e1s.<\/td>\n<\/tr>\n<tr>\n<td class=\"label\">Sz\u00e1ll\u00edt\u00e1si id\u0151<\/td>\n<td>A forma fejleszt\u00e9se \u00e9s a minta kialak\u00edt\u00e1sa 12-18 nap, majd a gy\u00e1rt\u00e1s id\u0151tartama 25-30 nap a vev\u0151 let\u00e9tbe helyez\u00e9se ut\u00e1n.<\/td>\n<\/tr>\n<tr>\n<td class=\"label\">Term\u00e9kkapacit\u00e1s<\/td>\n<td>10000+ tonna\/h\u00f3<\/td>\n<\/tr>\n<\/table>\n<h2>Gy\u00e1rt\u00f3 b\u00e1zisunk<\/h2>\n<h3>Gy\u00e1ri panor\u00e1ma<\/h3>\n<p><img decoding=\"async\" src=\"\/wp-content\/uploads\/factory-01.webp\"\/><\/p>\n<h3>Alum\u00ednium r\u00fadgy\u00e1rt\u00f3 m\u0171hely<\/h3>\n<p><img decoding=\"async\" src=\"\/wp-content\/uploads\/factory-02.webp\"\/><\/p>\n<p><img decoding=\"async\" src=\"\/wp-content\/uploads\/factory-03.webp\"\/><\/p>\n<h3>Pen\u00e9sz rakt\u00e1r<\/h3>\n<p><img decoding=\"async\" src=\"\/wp-content\/uploads\/factory-04.webp\"\/><\/p>\n<h3>43 alum\u00ednium extrud\u00e1l\u00f3 vonal (500-5500 tonna)<\/h3>\n<p><img decoding=\"async\" src=\"\/wp-content\/uploads\/factory-05.webp\"\/><\/p>\n<p><img decoding=\"async\" src=\"\/wp-content\/uploads\/factory-06.webp\"\/><\/p>\n<p><img decoding=\"async\" src=\"\/wp-content\/uploads\/factory-07.webp\"\/><\/p>\n<h3>Porfest\u0151 m\u0171hely<\/h3>\n<p><img decoding=\"async\" src=\"\/wp-content\/uploads\/factory-09.webp\"\/><\/p>\n<h3>Anodiz\u00e1l\u00f3 m\u0171hely<\/h3>\n<p><img decoding=\"async\" src=\"\/wp-content\/uploads\/factory-10.webp\"\/><\/p>\n<h3>M\u00e9ly feldolgoz\u00e1si m\u0171hely<\/h3>\n<p><img decoding=\"async\" src=\"\/wp-content\/uploads\/factory-11.webp\"\/><\/p>\n<h3>CNC prec\u00edzi\u00f3s megmunk\u00e1l\u00f3 m\u0171hely<\/h3>\n<p><img decoding=\"async\" src=\"\/wp-content\/uploads\/factory-11.5.webp\"\/><\/p>\n<h3>K\u00e9szterm\u00e9k \u00e9s export rakt\u00e1r<\/h3>\n<p><img decoding=\"async\" src=\"\/wp-content\/uploads\/factory-12.webp\"\/><\/p>\n<p><img decoding=\"async\" src=\"\/wp-content\/uploads\/factory-13.webp\"\/><\/p>\n<p><img decoding=\"async\" src=\"\/wp-content\/uploads\/factory-14.webp\"\/><\/p>\n<h2>GYIK<\/h2>\n<p><p><b>1.What egy alum\u00ednium extrud\u00e1lt cs\u0151 haszn\u00e1latos?<\/b><\/p>\n<p>Az alum\u00ednium extrud\u00e1lt cs\u00f6veket k\u00f6nny\u0171 szil\u00e1rds\u00e1guk \u00e9s pontos m\u00e9reteik miatt az \u00e9p\u00edt\u0151iparban, v\u00edzvezet\u00e9k- \u00e9s v\u00edzvezet\u00e9k-szerel\u00e9sben, HVAC-rendszerekben, aut\u00f3ipari szerelv\u00e9nyekben \u00e9s ipari szerkezetekben haszn\u00e1lj\u00e1k.<br \/>\n<\/p><br \/>\n<br \/>\n<p><b>2.Mik az alum\u00ednium extrud\u00e1lt cs\u00f6vek legfontosabb el\u0151nyei?<\/b><\/p>\n<p>Az alum\u00ednium extrud\u00e1lt cs\u00f6vek nagy szil\u00e1rds\u00e1g\/t\u00f6meg ar\u00e1nyt, kiv\u00e1l\u00f3 korr\u00f3zi\u00f3\u00e1ll\u00f3s\u00e1got, egyenletes keresztmetszetet \u00e9s egyszer\u0171 gy\u00e1rt\u00e1st k\u00edn\u00e1lnak a k\u00f6vetkezetes teljes\u00edtm\u00e9ny \u00e9rdek\u00e9ben.<br \/>\n<\/p><br \/>\n<br \/>\n<p><b>3.Mi\u00e9rt v\u00e1lassza az alum\u00ednium extrud\u00e1lt cs\u00f6veket a hegesztett vagy \u00f6nt\u00f6tt cs\u00f6vekkel szemben?<\/b><\/p>\n<p>Az extrud\u00e1lt alum\u00edniumcs\u00f6vek varratmentes falakat, sim\u00e1bb fel\u00fcletet \u00e9s sz\u0171kebb t\u0171r\u00e9seket biztos\u00edtanak a hegesztett vagy \u00f6nt\u00f6tt alternat\u00edv\u00e1khoz k\u00e9pest, biztos\u00edtva a megb\u00edzhat\u00f3s\u00e1got \u00e9s az eszt\u00e9tikai min\u0151s\u00e9get.<br \/>\n<\/p><br \/>\n<br \/>\n<p><b>4.Can alum\u00ednium extrud\u00e1lt cs\u00f6vek testre szabhat\u00f3?<\/b><\/p>\n<p>Igen, az alum\u00ednium extrud\u00e1lt cs\u00f6vek \u00f6tv\u00f6zetmin\u0151s\u00e9g, \u00e1tm\u00e9r\u0151, falvastags\u00e1g, hossz \u00e9s fel\u00fcletkezel\u00e9s tekintet\u00e9ben testre szabhat\u00f3k, hogy megfeleljenek az adott projekt k\u00f6vetelm\u00e9nyeinek.<br \/>\n<\/p><br \/>\n<br \/>\n<p><b>5.Milyen fel\u00fcletkezel\u00e9sek \u00e1llnak rendelkez\u00e9sre az alum\u00ednium extrud\u00e1lt cs\u00f6vekhez?<\/b><\/p>\n<p>A gyakori fel\u00fcletkezel\u00e9sek k\u00f6z\u00e9 tartozik az elox\u00e1l\u00e1s, a porsz\u00f3r\u00e1s \u00e9s a mar\u00e1s, amelyek fokozz\u00e1k a korr\u00f3zi\u00f3v\u00e9delmet, a kop\u00e1s\u00e1ll\u00f3s\u00e1got \u00e9s a vizu\u00e1lis vonzer\u0151t.<br \/>\n<\/p><br \/>\n<br \/>\n<p><b>6.Alkalmasak-e az alum\u00ednium extrud\u00e1lt cs\u00f6vek k\u00fclt\u00e9ri alkalmaz\u00e1sra?<\/b><\/p>\n<p>Igen, megfelel\u0151 fel\u00fcletkezel\u00e9ssel az alum\u00ednium sajtolt cs\u00f6vek ellen\u00e1llnak az UV-hat\u00e1snak, a nedvess\u00e9gnek \u00e9s a zord id\u0151j\u00e1r\u00e1snak, \u00edgy ide\u00e1lisak k\u00fclt\u00e9ri \u00e9s tengeri k\u00f6rnyezetbe.<br \/>\n<\/p><br \/>\n<br \/>\n<p><b>7.Hogyan jav\u00edtja az extrud\u00e1l\u00e1si folyamat az alum\u00edniumcs\u0151 min\u0151s\u00e9g\u00e9t?<\/b><\/p>\n<p>Az extrud\u00e1l\u00e1si elj\u00e1r\u00e1s egyenletes falvastags\u00e1got, pontos m\u00e9reteket \u00e9s minim\u00e1lis bels\u0151 fesz\u00fclts\u00e9get biztos\u00edt, ami er\u0151sebb \u00e9s megb\u00edzhat\u00f3bb alum\u00edniumcs\u00f6veket eredm\u00e9nyez.<br \/>\n<\/p><br \/>\n<br \/>\n<p><b>8.Hogyan t\u00e1mogatj\u00e1k az alum\u00ednium extrud\u00e1lt cs\u00f6vek a fenntarthat\u00f3 m\u00e9rn\u00f6ki tev\u00e9kenys\u00e9get?<\/b><\/p>\n<p>Az alum\u00ednium 100% \u00fajrahasznos\u00edthat\u00f3 \u00e9s energiatakar\u00e9kosan gy\u00e1rthat\u00f3, az extrud\u00e1l\u00e1s pedig minimaliz\u00e1lja az anyaghullad\u00e9kot, \u00edgy az extrud\u00e1lt cs\u00f6vek k\u00f6rnyezetbar\u00e1t v\u00e1laszt\u00e1snak bizonyulnak a z\u00f6ld \u00e9p\u00edtkez\u00e9sben.<br \/>\n<\/p><br \/><\/p>","protected":false},"featured_media":6433,"template":"","categories":[60],"class_list":["post-6434","product","type-product","status-publish","has-post-thumbnail","hentry","category-general-tubes-and-bars"],"meta_box":{"hilight_text_group":{"product_hilight_text":"<li>High-quality aluminum extrusion ensures strength and durability<\/li>\r\r\n<li>Lightweight design reduces transportation and installation costs<\/li>\r\r\n<li>Excellent corrosion resistance for indoor and outdoor use<\/li>\r\r\n<li>Available in multiple diameters, wall thicknesses, and lengths<\/li>\r\r\n<li>Supports custom fabrication and bulk supply for industrial projects<\/li>","product_chanpin_blog":"<ul>\r\r\n<li><a href=\"https:\/\/sinoextrud.com\/t-slot-v-slot-differences\/\" target=\"_blank\">t slot vs v slot<\/a><\/li>\r\r\n<li><a href=\"https:\/\/sinoextrud.com\/what-is-4040-aluminium-extrud\/\" target=\"_blank\">4040 aluminium extrusion<\/a><\/li>\r\r\n<li><a href=\"https:\/\/sinoextrud.com\/what-is-4040-aluminium-extrud\/\" target=\"_blank\">aluminum extrusions for industrial racks<\/a><\/li>\r\r\n<li><a href=\"https:\/\/sinoextrud.com\/powder-coating-aluminium-process\/\" target=\"_blank\">powder coating aluminium<\/a><\/li>\r\r\n<li><a href=\"https:\/\/sinoextrud.com\/what-is-an-aluminium-strip-ceiling\/\" target=\"_blank\">aluminium strip ceiling<\/a><\/li>\r\r\n<li><a href=\"https:\/\/sinoextrud.com\/what-is-a-heat-sink\/\" target=\"_blank\">what is a heat sink<\/a><\/li>\r\r\n<\/ul>","product_chanpin_chanpin":"<li><a href=\"https:\/\/sinoextrud.com\/product\/rectangular-aluminum-tube\/\" target=\"_blank\">Rectangular Aluminum Tube<\/a><\/li>\r\n<li><a href=\"https:\/\/sinoextrud.com\/product\/aluminium-angles\/\" target=\"_blank\">Aluminium Angles<\/a><\/li>\r\n<li><a href=\"https:\/\/sinoextrud.com\/product\/thin-wall-extruded-aluminum-tubing\/\" target=\"_blank\">Thin Wall Extruded Aluminum Tubing<\/a><\/li>\r\n<li><a href=\"https:\/\/sinoextrud.com\/product\/extruded-aluminum-z-bar\/\" target=\"_blank\">Extruded Aluminum Z Bar<\/a><\/li>\r\n<li><a href=\"https:\/\/sinoextrud.com\/product\/aluminium-extrusion-pipe\/\" target=\"_blank\">Aluminium Extrusion Pipe<\/a><\/li>\r\n<li><a href=\"https:\/\/sinoextrud.com\/product\/alloy-aluminium\/\" target=\"_blank\">Alloy Aluminium<\/a><\/li>\r\n<li><a href=\"https:\/\/sinoextrud.com\/product\/aluminium-piping\/\" target=\"_blank\">Aluminium Piping<\/a><\/li>\r\n<li><a href=\"https:\/\/sinoextrud.com\/product\/aluminum-u-profile\/\" target=\"_blank\">Aluminum U Profile<\/a><\/li>\r\n<li><a href=\"https:\/\/sinoextrud.com\/product\/short-run-custom-aluminum-extrusions\/\" target=\"_blank\">Short Run Custom Aluminum Extrusions<\/a><\/li>\r\n<li><a href=\"https:\/\/sinoextrud.com\/product\/cnc-aluminium\/\" target=\"_blank\">Cnc Aluminium<\/a><\/li>\r\n<li><a href=\"https:\/\/sinoextrud.com\/product\/aluminum-quarter-round-trim\/\" target=\"_blank\">Aluminum Quarter Round Trim<\/a><\/li>"},"feature_list":[]},"_links":{"self":[{"href":"https:\/\/sinoextrud.com\/hu\/wp-json\/wp\/v2\/product\/6434","targetHints":{"allow":["GET"]}}],"collection":[{"href":"https:\/\/sinoextrud.com\/hu\/wp-json\/wp\/v2\/product"}],"about":[{"href":"https:\/\/sinoextrud.com\/hu\/wp-json\/wp\/v2\/types\/product"}],"wp:featuredmedia":[{"embeddable":true,"href":"https:\/\/sinoextrud.com\/hu\/wp-json\/wp\/v2\/media\/6433"}],"wp:attachment":[{"href":"https:\/\/sinoextrud.com\/hu\/wp-json\/wp\/v2\/media?parent=6434"}],"wp:term":[{"taxonomy":"category","embeddable":true,"href":"https:\/\/sinoextrud.com\/hu\/wp-json\/wp\/v2\/categories?post=6434"}],"curies":[{"name":"wp","href":"https:\/\/api.w.org\/{rel}","templated":true}]}}