{"id":6424,"date":"2025-05-28T08:51:07","date_gmt":"2025-05-28T08:51:07","guid":{"rendered":"https:\/\/sinoextrud.com\/product\/aluminium-profile-channel\/"},"modified":"2025-06-24T06:10:52","modified_gmt":"2025-06-24T06:10:52","slug":"aluminium-profilcsatorna","status":"publish","type":"product","link":"https:\/\/sinoextrud.com\/hu\/product\/aluminium-profile-channel\/","title":{"rendered":"Alum\u00ednium profil csatorna"},"content":{"rendered":"<h2>Term\u00e9kek r\u00e9szletei<\/h2>\n<table class=\"custom-table\">\n<tr>\n<td class=\"label\">Csatorna vastags\u00e1ga:<\/td>\n<td> 1mm-10mm<\/td>\n<\/tr>\n<tr>\n<td class=\"label\">Funkci\u00f3:<\/td>\n<td> T\u0171zg\u00e1tl\u00f3, antisztatikus, antibakteri\u00e1lis, pen\u00e9sz\u00e1ll\u00f3<\/td>\n<\/tr>\n<tr>\n<td class=\"label\">Tan\u00fas\u00edt\u00e1s:<\/td>\n<td> SGS, ISO, ROHS<\/td>\n<\/tr>\n<tr>\n<td class=\"label\">Termeljen tapasztalatot:<\/td>\n<td> D\u00e9lkelet-\u00c1zsia, Amerika, Afrika, Ausztr\u00e1lia<\/td>\n<\/tr>\n<tr>\n<td class=\"label\">Hossz\u00fas\u00e1g:<\/td>\n<td> 5.8m alapesetben, maximum 6.8m lehet<\/td>\n<\/tr>\n<tr>\n<td class=\"label\">Garancia:<\/td>\n<td> PE 10 \u00e9v \/PVDF 15 \u00e9v<\/td>\n<\/tr>\n<tr>\n<td class=\"label\">S\u00faly:<\/td>\n<td> 0,3-3kgs\/m<\/td>\n<\/tr>\n<tr>\n<td class=\"label\">Alum\u00ednium Vastags\u00e1g:<\/td>\n<td> 0.8mm-10mm<\/td>\n<\/tr>\n<tr>\n<td class=\"label\">Sz\u00e1ll\u00edt\u00e1si csomag:<\/td>\n<td> V\u00edz\u00e1ll\u00f3 pap\u00edr vagy \u00f6mlesztve<\/td>\n<\/tr>\n<tr>\n<td class=\"label\">Eredet:<\/td>\n<td> K\u00edna<\/td>\n<\/tr>\n<tr>\n<td class=\"label\">Fel\u00fcletkezel\u00e9s:<\/td>\n<td> Bevonat<\/td>\n<\/tr>\n<tr>\n<td class=\"label\">Alum\u00ednium Vastags\u00e1g:<\/td>\n<td> 0.8mm-10mm<\/td>\n<\/tr>\n<tr>\n<td class=\"label\">Haszn\u00e1lat:<\/td>\n<td> K\u00fcls\u0151 fal, f\u00fcgg\u00f6nyfal, bels\u0151 t\u00e9r, rekl\u00e1m<\/td>\n<\/tr>\n<tr>\n<td class=\"label\">M\u00e9ret:<\/td>\n<td> 51.6*25 mint szabv\u00e1ny<\/td>\n<\/tr>\n<tr>\n<td class=\"label\">A csatorna vastags\u00e1ga:<\/td>\n<td> 1.0mm<\/td>\n<\/tr>\n<tr>\n<td class=\"label\">Alum\u00ednium \u00f6tv\u00f6zet:<\/td>\n<td> 6063\/6061\/6082 oszt\u00e1ly<\/td>\n<\/tr>\n<tr>\n<td class=\"label\">Sz\u00edn:<\/td>\n<td> F\u00e9m, t\u00f6m\u00f6r, k\u0151, fa, ecset, t\u00fck\u00f6r, t\u00fck\u00f6r<\/td>\n<\/tr>\n<tr>\n<td class=\"label\">V\u00e9djegy:<\/td>\n<td> Sinoextrud<\/td>\n<\/tr>\n<tr>\n<td class=\"label\">Specifik\u00e1ci\u00f3:<\/td>\n<td> 51.6*25*1.0 mm<\/td>\n<\/tr>\n<tr>\n<td class=\"label\">HS-k\u00f3d:<\/td>\n<td> 76042100<\/td>\n<\/tr>\n<\/table>\n<h2>Gy\u00e1rt\u00f3 b\u00e1zisunk<\/h2>\n<h3>Gy\u00e1ri panor\u00e1ma<\/h3>\n<p><img decoding=\"async\" src=\"\/wp-content\/uploads\/factory-01.webp\"\/><\/p>\n<h3>Alum\u00ednium r\u00fadgy\u00e1rt\u00f3 m\u0171hely<\/h3>\n<p><img decoding=\"async\" src=\"\/wp-content\/uploads\/factory-02.webp\"\/><\/p>\n<\/p>\n<p><img decoding=\"async\" src=\"\/wp-content\/uploads\/factory-03.webp\"\/><\/p>\n<h3>Pen\u00e9sz rakt\u00e1r<\/h3>\n<p><img decoding=\"async\" src=\"\/wp-content\/uploads\/factory-04.webp\"\/><\/p>\n<h3>43 alum\u00ednium extrud\u00e1l\u00f3 vonal (500-5500 tonna)<\/h3>\n<p><img decoding=\"async\" src=\"\/wp-content\/uploads\/factory-05.webp\"\/><\/p>\n<p><img decoding=\"async\" src=\"\/wp-content\/uploads\/factory-06.webp\"\/><\/p>\n<p><img decoding=\"async\" src=\"\/wp-content\/uploads\/factory-07.webp\"\/><\/p>\n<h3>Porfest\u0151 m\u0171hely<\/h3>\n<p><img decoding=\"async\" src=\"\/wp-content\/uploads\/factory-09.webp\"\/><\/p>\n<h3>Anodiz\u00e1l\u00f3 m\u0171hely<\/h3>\n<p><img decoding=\"async\" src=\"\/wp-content\/uploads\/factory-10.webp\"\/><\/p>\n<h3>M\u00e9ly feldolgoz\u00e1si m\u0171hely<\/h3>\n<p><img decoding=\"async\" src=\"\/wp-content\/uploads\/factory-11.webp\"\/><\/p>\n<h3>CNC prec\u00edzi\u00f3s megmunk\u00e1l\u00f3 m\u0171hely<\/h3>\n<p><img decoding=\"async\" src=\"\/wp-content\/uploads\/factory-11.5.webp\"\/><\/p>\n<h3>K\u00e9szterm\u00e9k \u00e9s export rakt\u00e1r<\/h3>\n<p><img decoding=\"async\" src=\"\/wp-content\/uploads\/factory-12.webp\"\/><\/p>\n<p><img decoding=\"async\" src=\"\/wp-content\/uploads\/factory-13.webp\"\/><\/p>\n<p><img decoding=\"async\" src=\"\/wp-content\/uploads\/factory-14.webp\"\/><\/p>\n<h2>GYIK<\/h2>\n<p><b>1.Mik az alum\u00ednium profilcsatorn\u00e1k f\u0151 el\u0151nyei? <\/b><\/p>\n<p> Az alum\u00ednium profilcsatorn\u00e1k nagy szil\u00e1rds\u00e1got, korr\u00f3zi\u00f3\u00e1ll\u00f3s\u00e1got, k\u00f6nny\u0171 szerkezetet \u00e9s k\u00f6nny\u0171 modul\u00e1ris \u00f6sszeszerel\u00e9st k\u00edn\u00e1lnak, \u00edgy ide\u00e1lisak ipari \u00e9s szerkezeti alkalmaz\u00e1sokhoz.\n<\/p>\n<p><\/p>\n<p><b>2.Alkalmasak-e az alum\u00ednium profilcsatorn\u00e1k egyedi alkalmaz\u00e1sokhoz? <\/b><\/p>\n<p> Igen, az alum\u00ednium profilcsatorn\u00e1k k\u00fcl\u00f6nb\u00f6z\u0151 m\u00e9retekben \u00e9s form\u00e1kban kaphat\u00f3k, lehet\u0151v\u00e9 t\u00e9ve a rugalmas testreszab\u00e1st a konkr\u00e9t projektig\u00e9nyeknek megfelel\u0151en.\n<\/p>\n<p><\/p>\n<p><b>3.Hogyan jav\u00edtj\u00e1k az alum\u00ednium profilcsatorn\u00e1k a telep\u00edt\u00e9s hat\u00e9konys\u00e1g\u00e1t? <\/b><\/p>\n<p> Modul\u00e1ris fel\u00e9p\u00edt\u00e9s\u00fck \u00e9s a szabv\u00e1nyos tartoz\u00e9kokkal val\u00f3 kompatibilit\u00e1suk gyors \u00e9s hat\u00e9kony telep\u00edt\u00e9st tesz lehet\u0151v\u00e9, cs\u00f6kkentve a munkaid\u0151t \u00e9s a k\u00f6lts\u00e9geket.\n<\/p>\n<p><\/p>\n<p><b>4.Mi\u00e9rt v\u00e1lassza az alum\u00ednium profilcsatorn\u00e1kat az ac\u00e9l helyett? <\/b><\/p>\n<p> Az alum\u00ednium profilcsatorn\u00e1k k\u00f6nnyebbek, korr\u00f3zi\u00f3\u00e1ll\u00f3bbak \u00e9s k\u00f6nnyebben megmunk\u00e1lhat\u00f3k, mint az ac\u00e9l, hossz\u00fa t\u00e1v\u00fa tart\u00f3ss\u00e1got \u00e9s alacsonyabb karbantart\u00e1si k\u00f6lts\u00e9geket k\u00edn\u00e1lnak.\n<\/p>\n<p><\/p>\n<p><b>5.Haszn\u00e1lhat\u00f3k-e az alum\u00ednium profilcsatorn\u00e1k k\u00fclt\u00e9ri k\u00f6rnyezetben? <\/b><\/p>\n<p> Igen, az elox\u00e1lt vagy porsz\u00f3rt bevonatnak k\u00f6sz\u00f6nhet\u0151en az alum\u00ednium profilcsatorn\u00e1k rendk\u00edv\u00fcl ellen\u00e1ll\u00f3ak az id\u0151j\u00e1r\u00e1ssal \u00e9s a korr\u00f3zi\u00f3val szemben, \u00edgy ide\u00e1lisak k\u00fclt\u00e9ri haszn\u00e1latra.\n<\/p>\n<p><\/p>\n<p><b>6.Az alum\u00ednium profilcsatorn\u00e1k kompatibilisek az automatiz\u00e1l\u00e1si rendszerekkel? <\/b><\/p>\n<p> A prec\u00edzi\u00f3s kialak\u00edt\u00e1s \u00e9s a szabv\u00e1nyos interf\u00e9szek miatt az alum\u00ednium profilcsatorn\u00e1k t\u00f6k\u00e9letesen illeszkednek az automatiz\u00e1l\u00e1si \u00e9s g\u00e9pi keretrendszerekhez.\n<\/p>\n<p><\/p>\n<p><b>7.Az alum\u00ednium profilcsatorn\u00e1k elviselik a nagy terhel\u00e9st? <\/b><\/p>\n<p> A nagy szil\u00e1rds\u00e1g\u00fa alum\u00ednium\u00f6tv\u00f6zetb\u0151l k\u00e9sz\u00fclt alum\u00ednium profilcsatorn\u00e1k jelent\u0151s terhel\u00e9st k\u00e9pesek elviselni, mik\u00f6zben meg\u0151rzik a szerkezeti integrit\u00e1st.\n<\/p>\n<p><\/p>\n<p><b>8.Milyen ipar\u00e1gak haszn\u00e1lj\u00e1k \u00e1ltal\u00e1ban az alum\u00ednium profilcsatorn\u00e1kat? <\/b><\/p>\n<p> Az olyan ipar\u00e1gak, mint a gy\u00e1rt\u00e1s, az \u00e9p\u00edt\u0151ipar, a robotika \u00e9s az aut\u00f3ipar sz\u00e9les k\u00f6rben haszn\u00e1lj\u00e1k az alum\u00ednium profilcsatorn\u00e1kat keretez\u00e9shez, burkolatokhoz \u00e9s szerkezeti al\u00e1t\u00e1maszt\u00e1shoz.\n<\/p>\n<p><\/p>","protected":false},"featured_media":6423,"template":"","categories":[60],"class_list":["post-6424","product","type-product","status-publish","has-post-thumbnail","hentry","category-general-tubes-and-bars"],"meta_box":{"hilight_text_group":{"product_hilight_text":"<li>High-strength aluminum alloy for superior load-bearing performance in industrial applications<\/li>\r\r\n<li>Modular design enables quick installation and flexible assembly, reducing labor costs<\/li>\r\r\n<li>Corrosion-resistant surface treatment ensures durability in various environments<\/li>\r\r\n<li>Available in multiple sizes and cross-section shapes to meet customized requirements<\/li>\r\r\n<li>Compatible with a wide range of accessories for automation and equipment framing systems<\/li>","product_chanpin_blog":"<ul>\r\r\n<li><a href=\"https:\/\/sinoextrud.com\/t-slot-v-slot-differences\/\" target=\"_blank\">t slot vs v slot<\/a><\/li>\r\r\n<li><a href=\"https:\/\/sinoextrud.com\/what-is-4040-aluminium-extrud\/\" target=\"_blank\">4040 aluminium extrusion<\/a><\/li>\r\r\n<li><a href=\"https:\/\/sinoextrud.com\/what-is-4040-aluminium-extrud\/\" target=\"_blank\">aluminum extrusions for industrial racks<\/a><\/li>\r\r\n<li><a href=\"https:\/\/sinoextrud.com\/powder-coating-aluminium-process\/\" target=\"_blank\">powder coating aluminium<\/a><\/li>\r\r\n<li><a href=\"https:\/\/sinoextrud.com\/what-is-an-aluminium-strip-ceiling\/\" target=\"_blank\">aluminium strip ceiling<\/a><\/li>\r\r\n<li><a href=\"https:\/\/sinoextrud.com\/what-is-a-heat-sink\/\" target=\"_blank\">what is a heat sink<\/a><\/li>\r\r\n<\/ul>","product_chanpin_chanpin":"<li><a href=\"https:\/\/sinoextrud.com\/product\/aluminium-pipes-tubes\/\" target=\"_blank\">Aluminium Pipes Tubes<\/a><\/li>\r\n<li><a href=\"https:\/\/sinoextrud.com\/product\/extruded-aluminum-t-bar\/\" target=\"_blank\">Extruded Aluminum T Bar<\/a><\/li>\r\n<li><a href=\"https:\/\/sinoextrud.com\/product\/round-aluminum-tube\/\" target=\"_blank\">Round Aluminum Tube<\/a><\/li>\r\n<li><a href=\"https:\/\/sinoextrud.com\/product\/40x40-aluminium-profile\/\" target=\"_blank\">40\u00c3\u201440 Aluminium Profile<\/a><\/li>\r\n<li><a href=\"https:\/\/sinoextrud.com\/product\/aluminium-profile-channel\/\" target=\"_blank\">Aluminium Profile Channel<\/a><\/li>\r\n<li><a href=\"https:\/\/sinoextrud.com\/product\/rectangular-aluminum-tube\/\" target=\"_blank\">Rectangular Aluminum Tube<\/a><\/li>\r\n<li><a href=\"https:\/\/sinoextrud.com\/product\/aluminium-angles\/\" target=\"_blank\">Aluminium Angles<\/a><\/li>\r\n<li><a href=\"https:\/\/sinoextrud.com\/product\/thin-wall-extruded-aluminum-tubing\/\" target=\"_blank\">Thin Wall Extruded Aluminum Tubing<\/a><\/li>\r\n<li><a href=\"https:\/\/sinoextrud.com\/product\/extruded-aluminum-z-bar\/\" target=\"_blank\">Extruded Aluminum Z Bar<\/a><\/li>\r\n<li><a href=\"https:\/\/sinoextrud.com\/product\/aluminum-alloy-section\/\" target=\"_blank\">Aluminum Alloy Section<\/a><\/li>\r\n<li><a href=\"https:\/\/sinoextrud.com\/product\/aluminium-aerofoil-extrusion-oxidation-scrub-black\/\" target=\"_blank\">Aluminium Aerofoil Extrusion Oxidation Scrub Black<\/a><\/li>"},"feature_list":[]},"_links":{"self":[{"href":"https:\/\/sinoextrud.com\/hu\/wp-json\/wp\/v2\/product\/6424","targetHints":{"allow":["GET"]}}],"collection":[{"href":"https:\/\/sinoextrud.com\/hu\/wp-json\/wp\/v2\/product"}],"about":[{"href":"https:\/\/sinoextrud.com\/hu\/wp-json\/wp\/v2\/types\/product"}],"wp:featuredmedia":[{"embeddable":true,"href":"https:\/\/sinoextrud.com\/hu\/wp-json\/wp\/v2\/media\/6423"}],"wp:attachment":[{"href":"https:\/\/sinoextrud.com\/hu\/wp-json\/wp\/v2\/media?parent=6424"}],"wp:term":[{"taxonomy":"category","embeddable":true,"href":"https:\/\/sinoextrud.com\/hu\/wp-json\/wp\/v2\/categories?post=6424"}],"curies":[{"name":"wp","href":"https:\/\/api.w.org\/{rel}","templated":true}]}}