{"id":6375,"date":"2025-05-27T06:34:36","date_gmt":"2025-05-27T06:34:36","guid":{"rendered":"https:\/\/sinoextrud.com\/product\/40x40-aluminium-profile\/"},"modified":"2025-06-24T06:10:52","modified_gmt":"2025-06-24T06:10:52","slug":"40x40-aluminium-profil","status":"publish","type":"product","link":"https:\/\/sinoextrud.com\/hu\/product\/40x40-aluminium-profile\/","title":{"rendered":"40\u00d740 Alum\u00ednium profil"},"content":{"rendered":"<h2>Term\u00e9kek r\u00e9szletei<\/h2>\n<table class=\"custom-table\">\n<tr>\n<td class=\"label\">Modell NO.:<\/td>\n<td> 40\u00d740 Alum\u00ednium profil<\/td>\n<\/tr>\n<tr>\n<td class=\"label\">Alak:<\/td>\n<td> N\u00e9gyzet<\/td>\n<\/tr>\n<tr>\n<td class=\"label\">Lelkiismeretesen:<\/td>\n<td> T351-T851<\/td>\n<\/tr>\n<tr>\n<td class=\"label\">Sz\u00edn:<\/td>\n<td> Term\u00e9szetes, kr\u00e9mfeh\u00e9r, elox\u00e1lt<\/td>\n<\/tr>\n<tr>\n<td class=\"label\">V\u00e9djegy:<\/td>\n<td> Sinoextrud<\/td>\n<\/tr>\n<tr>\n<td class=\"label\">Eredet:<\/td>\n<td> Foshan, Guangdong<\/td>\n<\/tr>\n<tr>\n<td class=\"label\">T\u00edpus:<\/td>\n<td> Ablak \u00e9s ajt\u00f3 alum\u00ednium profil, Dekor\u00e1ci\u00f3s alum\u00ednium profil, K\u00f6zleked\u00e9si alum\u00ednium profil<\/td>\n<\/tr>\n<tr>\n<td class=\"label\">Oszt\u00e1ly:<\/td>\n<td> 6000-es sorozat<\/td>\n<\/tr>\n<tr>\n<td class=\"label\">\u00f6tv\u00f6zet:<\/td>\n<td> \u00d6tv\u00f6zet<\/td>\n<\/tr>\n<tr>\n<td class=\"label\">Anyag:<\/td>\n<td> A6063, A3003 \u00e9s egy\u00e9b sorozat\u00fa \u00f6tv\u00f6zet, mint \u00fcgyf\u00e9l<\/td>\n<\/tr>\n<tr>\n<td class=\"label\">Specifik\u00e1ci\u00f3:<\/td>\n<td> GMP<\/td>\n<\/tr>\n<tr>\n<td class=\"label\">HS-k\u00f3d:<\/td>\n<td> 7604299000<\/td>\n<\/tr>\n<\/table>\n<h2>Gy\u00e1rt\u00f3 b\u00e1zisunk<\/h2>\n<h3>Gy\u00e1ri panor\u00e1ma<\/h3>\n<p><img decoding=\"async\" src=\"\/wp-content\/uploads\/factory-01.webp\"\/><\/p>\n<h3>Alum\u00ednium r\u00fadgy\u00e1rt\u00f3 m\u0171hely<\/h3>\n<p><img decoding=\"async\" src=\"\/wp-content\/uploads\/factory-02.webp\"\/><\/p>\n<p><img decoding=\"async\" src=\"\/wp-content\/uploads\/factory-03.webp\"\/><\/p>\n<h3>Pen\u00e9sz rakt\u00e1r<\/h3>\n<p><img decoding=\"async\" src=\"\/wp-content\/uploads\/factory-04.webp\"\/><\/p>\n<h3>43 alum\u00ednium extrud\u00e1l\u00f3 vonal (500-5500 tonna)<\/h3>\n<p><img decoding=\"async\" src=\"\/wp-content\/uploads\/factory-05.webp\"\/><\/p>\n<p><img decoding=\"async\" src=\"\/wp-content\/uploads\/factory-06.webp\"\/><\/p>\n<p><img decoding=\"async\" src=\"\/wp-content\/uploads\/factory-07.webp\"\/><\/p>\n<h3>Porfest\u0151 m\u0171hely<\/h3>\n<p><img decoding=\"async\" src=\"\/wp-content\/uploads\/factory-09.webp\"\/><\/p>\n<h3>Anodiz\u00e1l\u00f3 m\u0171hely<\/h3>\n<p><img decoding=\"async\" src=\"\/wp-content\/uploads\/factory-10.webp\"\/><\/p>\n<h3>M\u00e9ly feldolgoz\u00e1si m\u0171hely<\/h3>\n<p><img decoding=\"async\" src=\"\/wp-content\/uploads\/factory-11.webp\"\/><\/p>\n<h3>CNC prec\u00edzi\u00f3s megmunk\u00e1l\u00f3 m\u0171hely<\/h3>\n<p><img decoding=\"async\" src=\"\/wp-content\/uploads\/factory-11.5.webp\"\/><\/p>\n<h3>K\u00e9szterm\u00e9k \u00e9s export rakt\u00e1r<\/h3>\n<p><img decoding=\"async\" src=\"\/wp-content\/uploads\/factory-12.webp\"\/><\/p>\n<p><img decoding=\"async\" src=\"\/wp-content\/uploads\/factory-13.webp\"\/><\/p>\n<p><img decoding=\"async\" src=\"\/wp-content\/uploads\/factory-14.webp\"\/><\/p>\n<h2>GYIK<\/h2>\n<p><p><b>1.Mire haszn\u00e1lj\u00e1k a 40\u00d740 alum\u00ednium profilokat?<\/b><\/p>\n<p>A 40\u00d740-es alum\u00edniumprofilt szabv\u00e1nyos m\u00e9reteinek \u00e9s sokoldal\u00fas\u00e1g\u00e1nak k\u00f6sz\u00f6nhet\u0151en modul\u00e1ris keretez\u00e9sben, g\u00e9pv\u00e9d\u0151kben, munka\u00e1llom\u00e1sokban, polcokban \u00e9s bark\u00e1csprojektekben haszn\u00e1lj\u00e1k.<br \/>\n<\/p><br \/>\n<br \/>\n<p><b>2.Melyek a 40\u00d740-es alum\u00edniumprofil legfontosabb el\u0151nyei?<\/b><\/p>\n<p>A 40\u00d740-es alum\u00edniumprofil nagy szil\u00e1rds\u00e1g\/t\u00f6meg ar\u00e1nyt, korr\u00f3zi\u00f3\u00e1ll\u00f3s\u00e1got, pontos t\u0171r\u00e9seket \u00e9s k\u00f6nny\u0171 \u00f6sszeszerelhet\u0151s\u00e9get k\u00edn\u00e1l a megb\u00edzhat\u00f3 szerkezeti teljes\u00edtm\u00e9ny \u00e9rdek\u00e9ben.<br \/>\n<\/p><br \/>\n<br \/>\n<p><b>3.Mi\u00e9rt v\u00e1lasszon 40\u00d740-es alum\u00edniumprofilt a modul\u00e1ris keretez\u00e9shez?<\/b><\/p>\n<p>A 40\u00d740-es alum\u00edniumprofil T-ny\u00edl\u00e1sos kialak\u00edt\u00e1sa lehet\u0151v\u00e9 teszi a gyors, szersz\u00e1m n\u00e9lk\u00fcli \u00f6sszeszerel\u00e9st kompatibilis csatlakoz\u00f3kkal \u00e9s tartoz\u00e9kokkal, \u00edgy ide\u00e1lis a modul\u00e1ris rendszerekhez.<br \/>\n<\/p><br \/>\n<br \/>\n<p><b>4.Can 40\u00d740 alum\u00ednium profilok testre szabhat\u00f3?<\/b><\/p>\n<p>Igen, a 40\u00d740-es alum\u00edniumprofilok hosszra v\u00e1ghat\u00f3k, kif\u00farhat\u00f3k, \u00e9s speci\u00e1lis csatlakoz\u00f3kkal vagy fel\u00fcletkezel\u00e9sekkel szerelhet\u0151k fel, hogy megfeleljenek a projekt egyedi k\u00f6vetelm\u00e9nyeinek.<br \/>\n<\/p><br \/>\n<br \/>\n<p><b>5.Milyen fel\u00fcletkezel\u00e9s \u00e9rhet\u0151 el a 40\u00d740 alum\u00ednium profilhoz?<\/b><\/p>\n<p>A 40\u00d740-es alum\u00edniumprofilok gyakori fel\u00fcletkezel\u00e9sei k\u00f6z\u00e9 tartozik az elox\u00e1lt, porsz\u00f3rt \u00e9s maratott fel\u00fcletkezel\u00e9s, ami fokozza a korr\u00f3zi\u00f3v\u00e9delmet, a tart\u00f3ss\u00e1got \u00e9s az eszt\u00e9tik\u00e1t.<br \/>\n<\/p><br \/>\n<br \/>\n<p><b>6.Alkalmasak-e a 40\u00d740-es alum\u00edniumprofilok nagy ig\u00e9nybev\u00e9tel\u0171 alkalmaz\u00e1sokhoz?<\/b><\/p>\n<p>Igen, megfelel\u0151 csatlakoz\u00f3kkal \u00e9s meger\u0151s\u00edt\u00e9sekkel kombin\u00e1lva a 40\u00d740-es alum\u00edniumprofilok jelent\u0151s terhel\u00e9st k\u00e9pesek elviselni ipari \u00e9s kereskedelmi k\u00f6rnyezetben.<br \/>\n<\/p><br \/>\n<br \/>\n<p><b>7.Hogyan t\u00e1mogatja a 40\u00d740-es alum\u00edniumprofil a fenntarthat\u00f3 tervez\u00e9st?<\/b><\/p>\n<p>Az alum\u00ednium 100% \u00fajrahasznos\u00edthat\u00f3 \u00e9s energiatakar\u00e9kosan gy\u00e1rthat\u00f3, a 40\u00d740-es alum\u00edniumprofilok modul\u00e1ris \u00fajrafelhaszn\u00e1l\u00e1sa pedig cs\u00f6kkenti az anyaghullad\u00e9kot a k\u00f6rnyezetbar\u00e1t projektekhez.<br \/>\n<\/p><br \/><\/p>","protected":false},"featured_media":6374,"template":"","categories":[60],"class_list":["post-6375","product","type-product","status-publish","has-post-thumbnail","hentry","category-general-tubes-and-bars"],"meta_box":{"hilight_text_group":{"product_hilight_text":"<li>Standard 40x40 profile ideal for versatile structural and framing solutions<\/li>\r\r\n<li>High-strength aluminum alloy ensures durability and corrosion resistance<\/li>\r\r\n<li>Precision extrusion delivers consistent dimensions and smooth finish<\/li>\r\r\n<li>Compatible with a wide range of connectors and modular accessories<\/li>\r\r\n<li>Supports custom lengths and surface treatments for specific needs<\/li>","product_chanpin_blog":"<ul>\r\r\n<li><a href=\"https:\/\/sinoextrud.com\/t-slot-v-slot-differences\/\" target=\"_blank\">t slot vs v slot<\/a><\/li>\r\r\n<li><a href=\"https:\/\/sinoextrud.com\/what-is-4040-aluminium-extrud\/\" target=\"_blank\">4040 aluminium extrusion<\/a><\/li>\r\r\n<li><a href=\"https:\/\/sinoextrud.com\/what-is-4040-aluminium-extrud\/\" target=\"_blank\">aluminum extrusions for industrial racks<\/a><\/li>\r\r\n<li><a href=\"https:\/\/sinoextrud.com\/powder-coating-aluminium-process\/\" target=\"_blank\">powder coating aluminium<\/a><\/li>\r\r\n<li><a href=\"https:\/\/sinoextrud.com\/what-is-an-aluminium-strip-ceiling\/\" target=\"_blank\">aluminium strip ceiling<\/a><\/li>\r\r\n<li><a href=\"https:\/\/sinoextrud.com\/what-is-a-heat-sink\/\" target=\"_blank\">what is a heat sink<\/a><\/li>\r\r\n<\/ul>","product_chanpin_chanpin":"<li><a href=\"https:\/\/sinoextrud.com\/product\/aluminium-precision-tubing\/\" target=\"_blank\">Aluminium Precision Tubing<\/a><\/li>\r\n<li><a href=\"https:\/\/sinoextrud.com\/product\/aluminium-pipes-tubes\/\" target=\"_blank\">Aluminium Pipes Tubes<\/a><\/li>\r\n<li><a href=\"https:\/\/sinoextrud.com\/product\/extruded-aluminum-t-bar\/\" target=\"_blank\">Extruded Aluminum T Bar<\/a><\/li>\r\n<li><a href=\"https:\/\/sinoextrud.com\/product\/round-aluminum-tube\/\" target=\"_blank\">Round Aluminum Tube<\/a><\/li>\r\n<li><a href=\"https:\/\/sinoextrud.com\/product\/40x40-aluminium-profile\/\" target=\"_blank\">40\u00c3\u201440 Aluminium Profile<\/a><\/li>\r\n<li><a href=\"https:\/\/sinoextrud.com\/product\/aluminium-profile-channel\/\" target=\"_blank\">Aluminium Profile Channel<\/a><\/li>\r\n<li><a href=\"https:\/\/sinoextrud.com\/product\/rectangular-aluminum-tube\/\" target=\"_blank\">Rectangular Aluminum Tube<\/a><\/li>\r\n<li><a href=\"https:\/\/sinoextrud.com\/product\/aluminium-angles\/\" target=\"_blank\">Aluminium Angles<\/a><\/li>\r\n<li><a href=\"https:\/\/sinoextrud.com\/product\/thin-wall-extruded-aluminum-tubing\/\" target=\"_blank\">Thin Wall Extruded Aluminum Tubing<\/a><\/li>\r\n<li><a href=\"https:\/\/sinoextrud.com\/product\/oval-aluminum-extrusion\/\" target=\"_blank\">Oval Aluminum Extrusion<\/a><\/li>\r\n<li><a href=\"https:\/\/sinoextrud.com\/product\/top-grade-expanded-metal-aluminium-profiles-partition-frame-for-doors-and-windows\/\" target=\"_blank\">Top Grade Expanded Metal Aluminium Profiles Partition Frame For Doors And Windows<\/a><\/li>"},"feature_list":[]},"_links":{"self":[{"href":"https:\/\/sinoextrud.com\/hu\/wp-json\/wp\/v2\/product\/6375","targetHints":{"allow":["GET"]}}],"collection":[{"href":"https:\/\/sinoextrud.com\/hu\/wp-json\/wp\/v2\/product"}],"about":[{"href":"https:\/\/sinoextrud.com\/hu\/wp-json\/wp\/v2\/types\/product"}],"wp:featuredmedia":[{"embeddable":true,"href":"https:\/\/sinoextrud.com\/hu\/wp-json\/wp\/v2\/media\/6374"}],"wp:attachment":[{"href":"https:\/\/sinoextrud.com\/hu\/wp-json\/wp\/v2\/media?parent=6375"}],"wp:term":[{"taxonomy":"category","embeddable":true,"href":"https:\/\/sinoextrud.com\/hu\/wp-json\/wp\/v2\/categories?post=6375"}],"curies":[{"name":"wp","href":"https:\/\/api.w.org\/{rel}","templated":true}]}}