{"id":6371,"date":"2025-05-27T06:20:31","date_gmt":"2025-05-27T06:20:31","guid":{"rendered":"https:\/\/sinoextrud.com\/product\/extruded-aluminum-t-bar\/"},"modified":"2025-06-24T06:10:52","modified_gmt":"2025-06-24T06:10:52","slug":"extrudalt-aluminium-t-rud","status":"publish","type":"product","link":"https:\/\/sinoextrud.com\/hu\/product\/extruded-aluminum-t-bar\/","title":{"rendered":"Extrud\u00e1lt alum\u00ednium T r\u00fad"},"content":{"rendered":"<h2>Term\u00e9kek r\u00e9szletei<\/h2>\n<table class=\"custom-table\">\n<tr>\n<td class=\"label\">Term\u00e9k neve<\/td>\n<td>Extrud\u00e1lt alum\u00ednium T r\u00fad<\/td>\n<\/tr>\n<tr>\n<td class=\"label\">Anyagmin\u0151s\u00e9g<\/td>\n<td>6000-es sorozat<\/td>\n<\/tr>\n<tr>\n<td class=\"label\">Shape<\/td>\n<td>T alak\u00fa vagy m\u00e1s szab\u00e1lytalan alak\u00fa<\/td>\n<\/tr>\n<tr>\n<td class=\"label\">Vastags\u00e1g<\/td>\n<td>0.7mm-10mm<\/td>\n<\/tr>\n<tr>\n<td class=\"label\">M\u00e9ret<\/td>\n<td>Testre szabottan<\/td>\n<\/tr>\n<tr>\n<td class=\"label\">Tolerancia<\/td>\n<td>Rajz szerint<\/td>\n<\/tr>\n<tr>\n<td class=\"label\">Tipikus alkalmaz\u00e1sok<\/td>\n<td>Ipari, elektronikus, \u00e9p\u00edt\u00e9szet stb.<\/td>\n<\/tr>\n<tr>\n<td class=\"label\">CNC folyamat<\/td>\n<td>CNC mar\u00e1s, f\u00far\u00e1s, lyukaszt\u00e1s, f\u00far\u00e1s, csapol\u00e1s, hajl\u00edt\u00e1s<\/td>\n<\/tr>\n<tr>\n<td class=\"label\">Fel\u00fcletkezel\u00e9s<\/td>\n<td>Malom k\u00e9sz, fa szemcs\u00e9s, elox\u00e1lt, porbevonat, elektrofor\u00e9zis, PVDF bevonat, csiszolt stb.<\/td>\n<\/tr>\n<tr>\n<td class=\"label\">Garancia<\/td>\n<td>ISO9001, ISO4001, CQM, SGS, CE, BV stb.<\/td>\n<\/tr>\n<tr>\n<td class=\"label\">Sz\u00e1rmaz\u00e1si hely<\/td>\n<td>Guangdong,K\u00edna<\/td>\n<\/tr>\n<\/table>\n<h2>Gy\u00e1rt\u00f3 b\u00e1zisunk<\/h2>\n<h3>Gy\u00e1ri panor\u00e1ma<\/h3>\n<p><img decoding=\"async\" src=\"\/wp-content\/uploads\/factory-01.webp\"\/><\/p>\n<h3>Alum\u00ednium r\u00fadgy\u00e1rt\u00f3 m\u0171hely<\/h3>\n<p><img decoding=\"async\" src=\"\/wp-content\/uploads\/factory-02.webp\"\/><\/p>\n<p><img decoding=\"async\" src=\"\/wp-content\/uploads\/factory-03.webp\"\/><\/p>\n<h3>Pen\u00e9sz rakt\u00e1r<\/h3>\n<p><img decoding=\"async\" src=\"\/wp-content\/uploads\/factory-04.webp\"\/><\/p>\n<h3>43 alum\u00ednium extrud\u00e1l\u00f3 vonal (500-5500 tonna)<\/h3>\n<p><img decoding=\"async\" src=\"\/wp-content\/uploads\/factory-05.webp\"\/><\/p>\n<p><img decoding=\"async\" src=\"\/wp-content\/uploads\/factory-06.webp\"\/><\/p>\n<p><img decoding=\"async\" src=\"\/wp-content\/uploads\/factory-07.webp\"\/><\/p>\n<h3>Porfest\u0151 m\u0171hely<\/h3>\n<p><img decoding=\"async\" src=\"\/wp-content\/uploads\/factory-09.webp\"\/><\/p>\n<h3>Anodiz\u00e1l\u00f3 m\u0171hely<\/h3>\n<p><img decoding=\"async\" src=\"\/wp-content\/uploads\/factory-10.webp\"\/><\/p>\n<h3>M\u00e9ly feldolgoz\u00e1si m\u0171hely<\/h3>\n<p><img decoding=\"async\" src=\"\/wp-content\/uploads\/factory-11.webp\"\/><\/p>\n<h3>CNC prec\u00edzi\u00f3s megmunk\u00e1l\u00f3 m\u0171hely<\/h3>\n<p><img decoding=\"async\" src=\"\/wp-content\/uploads\/factory-11.5.webp\"\/><\/p>\n<h3>K\u00e9szterm\u00e9k \u00e9s export rakt\u00e1r<\/h3>\n<p><img decoding=\"async\" src=\"\/wp-content\/uploads\/factory-12.webp\"\/><\/p>\n<p><img decoding=\"async\" src=\"\/wp-content\/uploads\/factory-13.webp\"\/><\/p>\n<p><img decoding=\"async\" src=\"\/wp-content\/uploads\/factory-14.webp\"\/><\/p>\n<h2>GYIK<\/h2>\n<p><p><b>1.What egy extrud\u00e1lt alum\u00ednium T rudat haszn\u00e1lnak?<\/b><\/p>\n<p>Az extrud\u00e1lt alum\u00ednium T rudakat az \u00e9p\u00edt\u0151iparban, a keretez\u00e9sben, a jelz\u00e9sekben \u00e9s az \u00e9p\u00edt\u00e9szeti d\u00edsz\u00edt\u00e9sben haszn\u00e1lj\u00e1k teherb\u00edr\u00f3 t\u00e1mogat\u00e1suk \u00e9s eleg\u00e1ns megjelen\u00e9s\u00fck miatt.<br \/>\n<\/p><br \/>\n<br \/>\n<p><b>2.Mik a legfontosabb el\u0151nyei az extrud\u00e1lt alum\u00ednium T rudaknak?<\/b><\/p>\n<p>Az extrud\u00e1lt alum\u00ednium T rudak nagy szil\u00e1rds\u00e1g\/t\u00f6meg ar\u00e1nyt, korr\u00f3zi\u00f3\u00e1ll\u00f3s\u00e1got \u00e9s pontos m\u00e9retpontoss\u00e1got k\u00edn\u00e1lnak a megb\u00edzhat\u00f3 szerkezeti teljes\u00edtm\u00e9ny \u00e9rdek\u00e9ben.<br \/>\n<\/p><br \/>\n<br \/>\n<p><b>3.Mi\u00e9rt v\u00e1lassza az extrud\u00e1lt alum\u00ednium T rudakat az ac\u00e9l T rudakkal szemben?<\/b><\/p>\n<p>Az alum\u00ednium T rudak k\u00f6nnyebbek, term\u00e9szetesen korr\u00f3zi\u00f3\u00e1ll\u00f3ak \u00e9s k\u00f6nnyebben megmunk\u00e1lhat\u00f3k, mint az ac\u00e9l, ami cs\u00f6kkenti a szerel\u00e9si id\u0151t \u00e9s a hossz\u00fa t\u00e1v\u00fa karbantart\u00e1st.<br \/>\n<\/p><br \/>\n<br \/>\n<p><b>4.Can extrud\u00e1lt alum\u00ednium T rudak testreszabhat\u00f3ak?<\/b><\/p>\n<p>Igen, az extrud\u00e1lt alum\u00ednium T rudak hossza, peremsz\u00e9less\u00e9ge, vastags\u00e1ga, \u00f6tv\u00f6zetmin\u0151s\u00e9ge \u00e9s fel\u00fcleti fel\u00fclete testre szabhat\u00f3, hogy megfeleljen a projekt egyedi k\u00f6vetelm\u00e9nyeinek.<br \/>\n<\/p><br \/>\n<br \/>\n<p><b>5.Milyen fel\u00fcleti fel\u00fcletek \u00e1llnak rendelkez\u00e9sre az extrud\u00e1lt alum\u00ednium T rudakhoz?<\/b><\/p>\n<p>A gyakori kivitelek k\u00f6z\u00e9 tartozik az elox\u00e1l\u00e1s, a porsz\u00f3r\u00e1s \u00e9s a mar\u00e1s, amelyek fokozz\u00e1k a korr\u00f3zi\u00f3v\u00e9delmet, a tart\u00f3ss\u00e1got \u00e9s a vizu\u00e1lis vonzer\u0151t.<br \/>\n<\/p><br \/>\n<br \/>\n<p><b>6.A sajtolt alum\u00ednium T rudak alkalmasak k\u00fclt\u00e9ri haszn\u00e1latra?<\/b><\/p>\n<p>Igen, az elox\u00e1lt vagy porsz\u00f3rt fel\u00fclet\u0171, extrud\u00e1lt alum\u00ednium T rudak ellen\u00e1llnak az id\u0151j\u00e1r\u00e1snak, az UV-hat\u00e1snak \u00e9s a nedvess\u00e9gnek, \u00edgy ide\u00e1lisak k\u00fclt\u00e9ri alkalmaz\u00e1sokhoz.<br \/>\n<\/p><br \/>\n<br \/>\n<p><b>7.Hogyan t\u00e1mogatj\u00e1k az extrud\u00e1lt alum\u00ednium T rudak a fenntarthat\u00f3 tervez\u00e9st?<\/b><\/p>\n<p>Az alum\u00ednium 100% \u00fajrahasznos\u00edthat\u00f3 \u00e9s energiatakar\u00e9kosan gy\u00e1rthat\u00f3, \u00edgy az extrud\u00e1lt T rudak k\u00f6rnyezetbar\u00e1t v\u00e1laszt\u00e1s a z\u00f6ld \u00e9p\u00edtkez\u00e9shez.<br \/>\n<\/p><br \/>\n<br \/>\n<p><b>8.Hogyan jav\u00edtja az extrud\u00e1l\u00e1s az alum\u00ednium T rudak min\u0151s\u00e9g\u00e9t?<\/b><\/p>\n<p>Az extrud\u00e1l\u00e1si elj\u00e1r\u00e1s biztos\u00edtja az egyenletes keresztmetszetet, a sima fel\u00fcletet \u00e9s a sz\u0171k t\u0171r\u00e9seket, \u00edgy egyenletes min\u0151s\u00e9get \u00e9s illeszked\u00e9st biztos\u00edt az \u00f6sszeszerel\u00e9shez.<br \/>\n<\/p><br \/><\/p>","protected":false},"featured_media":6370,"template":"","categories":[60],"class_list":["post-6371","product","type-product","status-publish","has-post-thumbnail","hentry","category-general-tubes-and-bars"],"meta_box":{"hilight_text_group":{"product_hilight_text":"<li>Strong T-bar design provides excellent support and load distribution<\/li>\r\r\n<li>Precision extruded for uniform dimensions and smooth surface finish<\/li>\r\r\n<li>Made from corrosion-resistant aluminum alloy for durability<\/li>\r\r\n<li>Available in various sizes and lengths to suit different applications<\/li>\r\r\n<li>Ideal for construction, framing, and industrial fabrication projects<\/li>","product_chanpin_blog":"<ul>\r\r\n<li><a href=\"https:\/\/sinoextrud.com\/t-slot-v-slot-differences\/\" target=\"_blank\">t slot vs v slot<\/a><\/li>\r\r\n<li><a href=\"https:\/\/sinoextrud.com\/what-is-4040-aluminium-extrud\/\" target=\"_blank\">4040 aluminium extrusion<\/a><\/li>\r\r\n<li><a href=\"https:\/\/sinoextrud.com\/what-is-4040-aluminium-extrud\/\" target=\"_blank\">aluminum extrusions for industrial racks<\/a><\/li>\r\r\n<li><a href=\"https:\/\/sinoextrud.com\/powder-coating-aluminium-process\/\" target=\"_blank\">powder coating aluminium<\/a><\/li>\r\r\n<li><a href=\"https:\/\/sinoextrud.com\/what-is-an-aluminium-strip-ceiling\/\" target=\"_blank\">aluminium strip ceiling<\/a><\/li>\r\r\n<li><a href=\"https:\/\/sinoextrud.com\/what-is-a-heat-sink\/\" target=\"_blank\">what is a heat sink<\/a><\/li>\r\r\n<\/ul>","product_chanpin_chanpin":"<li><a href=\"https:\/\/sinoextrud.com\/product\/anodized-aluminium-tube\/\" target=\"_blank\">anodized aluminium tube<\/a><\/li>\r\n<li><a href=\"https:\/\/sinoextrud.com\/product\/40x40-aluminium-extrusion\/\" target=\"_blank\">40\u00d740 Aluminium Extrusion<\/a><\/li>\r\n<li><a href=\"https:\/\/sinoextrud.com\/product\/aluminium-precision-tubing\/\" target=\"_blank\">Aluminium Precision Tubing<\/a><\/li>\r\n<li><a href=\"https:\/\/sinoextrud.com\/product\/aluminium-pipes-tubes\/\" target=\"_blank\">Aluminium Pipes Tubes<\/a><\/li>\r\n<li><a href=\"https:\/\/sinoextrud.com\/product\/extruded-aluminum-t-bar\/\" target=\"_blank\">Extruded Aluminum T Bar<\/a><\/li>\r\n<li><a href=\"https:\/\/sinoextrud.com\/product\/round-aluminum-tube\/\" target=\"_blank\">Round Aluminum Tube<\/a><\/li>\r\n<li><a href=\"https:\/\/sinoextrud.com\/product\/40x40-aluminium-profile\/\" target=\"_blank\">40\u00d740 Aluminium Profile<\/a><\/li>\r\n<li><a href=\"https:\/\/sinoextrud.com\/product\/aluminium-profile-channel\/\" target=\"_blank\">Aluminium Profile Channel<\/a><\/li>\r\n<li><a href=\"https:\/\/sinoextrud.com\/product\/rectangular-aluminum-tube\/\" target=\"_blank\">Rectangular Aluminum Tube<\/a><\/li>\r\n<li><a href=\"https:\/\/sinoextrud.com\/product\/aluminium-sliding-door-electrophoresis-golden\/\" target=\"_blank\">Aluminium Sliding Door Electrophoresis Golden<\/a><\/li>\r\n<li><a href=\"https:\/\/sinoextrud.com\/product\/anodized-extruded-c-section-aluminium-profile\/\" target=\"_blank\">Anodized Extruded C Section Aluminium Profile<\/a><\/li>"},"feature_list":[]},"_links":{"self":[{"href":"https:\/\/sinoextrud.com\/hu\/wp-json\/wp\/v2\/product\/6371","targetHints":{"allow":["GET"]}}],"collection":[{"href":"https:\/\/sinoextrud.com\/hu\/wp-json\/wp\/v2\/product"}],"about":[{"href":"https:\/\/sinoextrud.com\/hu\/wp-json\/wp\/v2\/types\/product"}],"wp:featuredmedia":[{"embeddable":true,"href":"https:\/\/sinoextrud.com\/hu\/wp-json\/wp\/v2\/media\/6370"}],"wp:attachment":[{"href":"https:\/\/sinoextrud.com\/hu\/wp-json\/wp\/v2\/media?parent=6371"}],"wp:term":[{"taxonomy":"category","embeddable":true,"href":"https:\/\/sinoextrud.com\/hu\/wp-json\/wp\/v2\/categories?post=6371"}],"curies":[{"name":"wp","href":"https:\/\/api.w.org\/{rel}","templated":true}]}}