{"id":6359,"date":"2025-05-27T03:41:36","date_gmt":"2025-05-27T03:41:36","guid":{"rendered":"https:\/\/sinoextrud.com\/product\/extruded-aluminium-square-tube\/"},"modified":"2025-06-24T06:10:50","modified_gmt":"2025-06-24T06:10:50","slug":"extrudalt-aluminium-negyszogletes-cso","status":"publish","type":"product","link":"https:\/\/sinoextrud.com\/hu\/product\/extruded-aluminium-square-tube\/","title":{"rendered":"Extrud\u00e1lt alum\u00ednium n\u00e9gyzet alak\u00fa cs\u0151"},"content":{"rendered":"<h2>Term\u00e9kek r\u00e9szletei<\/h2>\n<table class=\"custom-table\">\n<tr>\n<td class=\"label\">T\u00e9tel<\/td>\n<td>Extrud\u00e1lt alum\u00ednium n\u00e9gyzet alak\u00fa cs\u0151<\/td>\n<\/tr>\n<tr>\n<td class=\"label\">Anyag<\/td>\n<td>6000-es sorozat<\/td>\n<\/tr>\n<tr>\n<td class=\"label\">Temper<\/td>\n<td>T4, T5, T6<\/td>\n<\/tr>\n<tr>\n<td class=\"label\">M\u00e9ret \/ vastags\u00e1g<\/td>\n<td>vastags\u00e1g: 0,8-5,0 mm vagy testreszabott, hossz: 1m-9m vagy testreszabott<\/td>\n<\/tr>\n<tr>\n<td class=\"label\">Shape<\/td>\n<td>testreszabott<\/td>\n<\/tr>\n<tr>\n<td class=\"label\">Alkalmaz\u00e1s<\/td>\n<td>Ipar, \u00e9p\u00edt\u0151ipar, ny\u00edl\u00e1sz\u00e1r\u00f3k, dekor\u00e1ci\u00f3 stb.<\/td>\n<\/tr>\n<tr>\n<td class=\"label\">Fel\u00fcletkezel\u00e9s<\/td>\n<td>porfest\u00e9k, PVDF, elox\u00e1lt, fa szemcs\u00e9s, elektrofor\u00e9zis, csiszolt, pol\u00edroz\u00e1s stb.<\/td>\n<\/tr>\n<tr>\n<td class=\"label\">Sz\u00ednek<\/td>\n<td>Ref porbevonat sz\u00ednes lap \u00e9s testreszabott sz\u00edn el\u00e9rhet\u0151<\/td>\n<\/tr>\n<tr>\n<td class=\"label\">M\u00e9ly folyamat<\/td>\n<td>CNC, f\u00far\u00e1s, mar\u00e1s, v\u00e1g\u00e1s, hegeszt\u00e9s, hajl\u00edt\u00e1s, \u00f6sszeszerel\u00e9s<\/td>\n<\/tr>\n<tr>\n<td class=\"label\">MOQ<\/td>\n<td>200 kg minden modell eset\u00e9ben<\/td>\n<\/tr>\n<tr>\n<td class=\"label\">Csomagol\u00e1s r\u00e9szletei<\/td>\n<td>(1) Bel\u00fcl: m\u0171anyag v\u00e9d\u0151f\u00f3li\u00e1val vagy m\u0171anyag v\u00e9d\u0151zs\u00e1kkal csomagolva<br \/>(2) K\u00edv\u00fcl: V\u00edz\u00e1ll\u00f3 k\u00e9zm\u0171ves pap\u00edrral csomagolva.<\/td>\n<\/tr>\n<tr>\n<td class=\"label\">Sz\u00e1ll\u00edt\u00e1si id\u0151<\/td>\n<td>(1) Szersz\u00e1mfejleszt\u00e9s \u00e9s mintatesztel\u00e9s: 10-15 nap<br \/>(2) A t\u00f6megtermel\u00e9s befejez\u0151d\u00f6tt: 20-30 nappal a minta vev\u0151 \u00e1ltali meger\u0151s\u00edt\u00e9se ut\u00e1n<\/td>\n<\/tr>\n<tr>\n<td class=\"label\">FOB kik\u00f6t\u0151<\/td>\n<td>FOB Guangzhou, Foshan, Shenzhen<\/td>\n<\/tr>\n<tr>\n<td class=\"label\">fizet\u00e9si felt\u00e9telek<\/td>\n<td>30% let\u00e9t, 70% egyenleg a sz\u00e1ll\u00edt\u00e1s el\u0151tt<\/td>\n<\/tr>\n<tr>\n<td class=\"label\">elsz\u00e1mol\u00e1si hat\u00e1rid\u0151<\/td>\n<td>T\u00e9nyleges v\u00e9gs\u0151 t\u00f6meg vagy elm\u00e9leti s\u00faly alapj\u00e1n t\u00f6rt\u00e9n\u0151 sz\u00e1ml\u00e1z\u00e1s<\/td>\n<\/tr>\n<tr>\n<td class=\"label\">termel\u00e9si kapacit\u00e1s<\/td>\n<td>10,000+ tonna havonta<\/td>\n<\/tr>\n<tr>\n<td class=\"label\">Feldolgoz\u00e1s<\/td>\n<td>Vizsg\u00e1lat - Minta vagy CAD rajz (az \u00fcgyfelek \u00e1ltal sz\u00e1ll\u00edtott) - CAD rajz (c\u00e9g\u00fcnk) - Rajzmeger\u0151s\u00edt\u00e9s - Formagy\u00e1rt\u00e1s - Minta konform\u00e1ci\u00f3 - T\u00f6megtermel\u00e9s - Ellen\u0151rz\u00e9s<\/td>\n<\/tr>\n<tr>\n<td class=\"label\">El\u00e9rhet\u0151 tan\u00fas\u00edt\u00e1s:<\/td>\n<td>ISO: 9001, SONCAP, BV tan\u00fas\u00edtv\u00e1ny vagy az \u00fcgyfelek tan\u00fas\u00edtv\u00e1nya rendelkez\u00e9sre \u00e1ll<\/td>\n<\/tr>\n<tr>\n<td class=\"label\">Garancia<\/td>\n<td>A fel\u00fclet sz\u00edne 10 ~ 20 \u00e9vig stabil lehet belt\u00e9ri haszn\u00e1latban<\/td>\n<\/tr>\n<\/table>\n<h2>Gy\u00e1rt\u00f3 b\u00e1zisunk<\/h2>\n<h3>Gy\u00e1ri panor\u00e1ma<\/h3>\n<p><img decoding=\"async\" src=\"\/wp-content\/uploads\/factory-01.webp\"\/><\/p>\n<h3>Alum\u00ednium r\u00fadgy\u00e1rt\u00f3 m\u0171hely<\/h3>\n<p><img decoding=\"async\" src=\"\/wp-content\/uploads\/factory-02.webp\"\/><\/p>\n<\/p>\n<p><img decoding=\"async\" src=\"\/wp-content\/uploads\/factory-03.webp\"\/><\/p>\n<h3>Pen\u00e9sz rakt\u00e1r<\/h3>\n<p><img decoding=\"async\" src=\"\/wp-content\/uploads\/factory-04.webp\"\/><\/p>\n<h3>43 alum\u00ednium extrud\u00e1l\u00f3 vonal (500-5500 tonna)<\/h3>\n<p><img decoding=\"async\" src=\"\/wp-content\/uploads\/factory-05.webp\"\/><\/p>\n<p><img decoding=\"async\" src=\"\/wp-content\/uploads\/factory-06.webp\"\/><\/p>\n<p><img decoding=\"async\" src=\"\/wp-content\/uploads\/factory-07.webp\"\/><\/p>\n<h3>Porfest\u0151 m\u0171hely<\/h3>\n<p><img decoding=\"async\" src=\"\/wp-content\/uploads\/factory-09.webp\"\/><\/p>\n<h3>Anodiz\u00e1l\u00f3 m\u0171hely<\/h3>\n<p><img decoding=\"async\" src=\"\/wp-content\/uploads\/factory-10.webp\"\/><\/p>\n<h3>M\u00e9ly feldolgoz\u00e1si m\u0171hely<\/h3>\n<p><img decoding=\"async\" src=\"\/wp-content\/uploads\/factory-11.webp\"\/><\/p>\n<h3>CNC prec\u00edzi\u00f3s megmunk\u00e1l\u00f3 m\u0171hely<\/h3>\n<p><img decoding=\"async\" src=\"\/wp-content\/uploads\/factory-11.5.webp\"\/><\/p>\n<h3>K\u00e9szterm\u00e9k \u00e9s export rakt\u00e1r<\/h3>\n<p><img decoding=\"async\" src=\"\/wp-content\/uploads\/factory-12.webp\"\/><\/p>\n<p><img decoding=\"async\" src=\"\/wp-content\/uploads\/factory-13.webp\"\/><\/p>\n<p><img decoding=\"async\" src=\"\/wp-content\/uploads\/factory-14.webp\"\/><\/p>\n<h2>GYIK<\/h2>\n<p><b>1.Mire haszn\u00e1lj\u00e1k az extrud\u00e1lt alum\u00ednium n\u00e9gysz\u00f6gletes cs\u00f6vet?<\/b><\/p>\n<p>Az extrud\u00e1lt alum\u00ednium n\u00e9gysz\u00f6gletes cs\u00f6veket szerkezeti szil\u00e1rds\u00e1guk \u00e9s letisztult, modern megjelen\u00e9s\u00fck miatt az \u00e9p\u00edt\u0151iparban, a keretez\u00e9sben, a b\u00fatorgy\u00e1rt\u00e1sban \u00e9s az ipari alkalmaz\u00e1sokban haszn\u00e1lj\u00e1k.\n<\/p>\n<p><\/p>\n<p><b>2.Mik az extrud\u00e1lt alum\u00ednium n\u00e9gyzet alak\u00fa cs\u00f6vek legfontosabb el\u0151nyei?<\/b><\/p>\n<p>Az extrud\u00e1lt alum\u00ednium n\u00e9gysz\u00f6gletes cs\u00f6vek nagy szil\u00e1rds\u00e1g\/t\u00f6meg ar\u00e1nyt, korr\u00f3zi\u00f3\u00e1ll\u00f3s\u00e1got, pontos m\u00e9reteket \u00e9s k\u00f6nny\u0171 gy\u00e1rthat\u00f3s\u00e1got k\u00edn\u00e1lnak.\n<\/p>\n<p><\/p>\n<p><b>3.Mi\u00e9rt v\u00e1lassza az extrud\u00e1lt alum\u00ednium n\u00e9gysz\u00f6gletes cs\u00f6veket a kerek vagy t\u00e9glalap alak\u00fa cs\u00f6vekkel szemben?<\/b><\/p>\n<p>A n\u00e9gysz\u00f6gletes cs\u00f6vek minden oldalr\u00f3l kiegyens\u00falyozott al\u00e1t\u00e1maszt\u00e1st biztos\u00edtanak, \u00edgy ide\u00e1lisak teherhord\u00f3 alkalmaz\u00e1sokhoz \u00e9s modul\u00e1ris szerkezetekhez.\n<\/p>\n<p><\/p>\n<p><b>4.Can extrud\u00e1lt alum\u00ednium n\u00e9gyzet alak\u00fa cs\u00f6vek testre szabhat\u00f3?<\/b><\/p>\n<p>Igen, az extrud\u00e1lt alum\u00ednium n\u00e9gysz\u00f6gletes cs\u00f6vek m\u00e9ret\u00fck, falvastags\u00e1guk, \u00f6tv\u00f6zet\u00fck \u00e9s fel\u00fclet\u00fck alapj\u00e1n testre szabhat\u00f3k, hogy megfeleljenek a projekt egyedi k\u00f6vetelm\u00e9nyeinek.\n<\/p>\n<p><\/p>\n<p><b>5.Milyen fel\u00fcleti fel\u00fcletek \u00e1llnak rendelkez\u00e9sre az extrud\u00e1lt alum\u00ednium n\u00e9gysz\u00f6gletes cs\u00f6vekhez?<\/b><\/p>\n<p>A rendelkez\u00e9sre \u00e1ll\u00f3 kivitelek k\u00f6z\u00e9 tartozik az elox\u00e1l\u00e1s, a porsz\u00f3r\u00e1s \u00e9s a mar\u00e1s, amelyek fokozz\u00e1k a korr\u00f3zi\u00f3\u00e1ll\u00f3s\u00e1got, a tart\u00f3ss\u00e1got \u00e9s a vizu\u00e1lis vonzer\u0151t.\n<\/p>\n<p><\/p>\n<p><b>6.Alkalmasak-e az extrud\u00e1lt alum\u00ednium n\u00e9gysz\u00f6gletes cs\u00f6vek k\u00fclt\u00e9ri haszn\u00e1latra?<\/b><\/p>\n<p>Igen, az elox\u00e1lt vagy bevonatos fel\u00fclet\u0171, extrud\u00e1lt alum\u00ednium n\u00e9gysz\u00f6gletes cs\u00f6vek kiv\u00e1l\u00f3 id\u0151j\u00e1r\u00e1s- \u00e9s UV-\u00e1ll\u00f3s\u00e1guknak k\u00f6sz\u00f6nhet\u0151en j\u00f3l teljes\u00edtenek k\u00fclt\u00e9ri k\u00f6rnyezetben.\n<\/p>\n<p><\/p>\n<p><b>7.Hogyan t\u00e1mogatj\u00e1k az extrud\u00e1lt alum\u00ednium n\u00e9gysz\u00f6gletes cs\u00f6vek a fenntarthat\u00f3 tervez\u00e9st?<\/b><\/p>\n<p>Az alum\u00ednium 100% \u00fajrahasznos\u00edthat\u00f3 \u00e9s k\u00f6nny\u0171, \u00edgy a n\u00e9gysz\u00f6gletes cs\u00f6vek fenntarthat\u00f3 \u00e9s energiahat\u00e9kony megold\u00e1st jelentenek a k\u00f6rnyezetbar\u00e1t \u00e9p\u00edt\u00e9s \u00e9s term\u00e9kfejleszt\u00e9s sz\u00e1m\u00e1ra.\n<\/p>\n<p><\/p>","protected":false},"featured_media":6358,"template":"","categories":[60],"class_list":["post-6359","product","type-product","status-publish","has-post-thumbnail","hentry","category-general-tubes-and-bars"],"meta_box":{"hilight_text_group":{"product_hilight_text":"<li>Square shape provides excellent structural strength and stability<\/li>\r\r\n<li>Precision-extruded for uniform dimensions and smooth surfaces<\/li>\r\r\n<li>Corrosion-resistant aluminum ideal for indoor and outdoor use<\/li>\r\r\n<li>Available in various sizes, wall thicknesses, and surface finishes<\/li>\r\r\n<li>Supports custom fabrication and bulk orders for industrial needs<\/li>","product_chanpin_blog":"<ul>\r\r\n<li><a href=\"https:\/\/sinoextrud.com\/t-slot-v-slot-differences\/\" target=\"_blank\">t slot vs v slot<\/a><\/li>\r\r\n<li><a href=\"https:\/\/sinoextrud.com\/what-is-4040-aluminium-extrud\/\" target=\"_blank\">4040 aluminium extrusion<\/a><\/li>\r\r\n<li><a href=\"https:\/\/sinoextrud.com\/what-is-4040-aluminium-extrud\/\" target=\"_blank\">aluminum extrusions for industrial racks<\/a><\/li>\r\r\n<li><a href=\"https:\/\/sinoextrud.com\/powder-coating-aluminium-process\/\" target=\"_blank\">powder coating aluminium<\/a><\/li>\r\r\n<li><a href=\"https:\/\/sinoextrud.com\/what-is-an-aluminium-strip-ceiling\/\" target=\"_blank\">aluminium strip ceiling<\/a><\/li>\r\r\n<li><a href=\"https:\/\/sinoextrud.com\/what-is-a-heat-sink\/\" target=\"_blank\">what is a heat sink<\/a><\/li>\r\r\n<\/ul>","product_chanpin_chanpin":"<li><a href=\"https:\/\/sinoextrud.com\/product\/3003-round-aluminum-tube-extrusion-in-stock\/\" target=\"_blank\">3003 Round Aluminum Tube Extrusion In Stock<\/a><\/li>\r\n<li><a href=\"https:\/\/sinoextrud.com\/product\/aluminum-round-tube-extrusion\/\" target=\"_blank\">Aluminum Round Tube Extrusion<\/a><\/li>\r\n<li><a href=\"https:\/\/sinoextrud.com\/product\/20mm-x-20mm-aluminum-extrusion\/\" target=\"_blank\">20mm X 20mm Aluminum Extrusion<\/a><\/li>\r\n<li><a href=\"https:\/\/sinoextrud.com\/product\/aluminium-pipe\/\" target=\"_blank\">Aluminium Pipe<\/a><\/li>\r\n<li><a href=\"https:\/\/sinoextrud.com\/product\/extruded-aluminium-square-tube\/\" target=\"_blank\">Extruded Aluminium Square Tube<\/a><\/li>\r\n<li><a href=\"https:\/\/sinoextrud.com\/product\/extruded-aluminium-retangular-tube\/\" target=\"_blank\">Extruded Aluminium Retangular Tube<\/a><\/li>\r\n<li><a href=\"https:\/\/sinoextrud.com\/product\/anodized-aluminium-tube\/\" target=\"_blank\">anodized aluminium tube<\/a><\/li>\r\n<li><a href=\"https:\/\/sinoextrud.com\/product\/40x40-aluminium-extrusion\/\" target=\"_blank\">40\u00c3\u201440 Aluminium Extrusion<\/a><\/li>\r\n<li><a href=\"https:\/\/sinoextrud.com\/product\/aluminium-precision-tubing\/\" target=\"_blank\">Aluminium Precision Tubing<\/a><\/li>\r\n<li><a href=\"https:\/\/sinoextrud.com\/product\/6061-oval-aluminum-tubing\/\" target=\"_blank\">6061 Oval Aluminum Tubing<\/a><\/li>\r\n<li><a href=\"https:\/\/sinoextrud.com\/product\/aluminum-trailer-floor-extrusions\/\" target=\"_blank\">Aluminum Trailer Floor Extrusions<\/a><\/li>"},"feature_list":[]},"_links":{"self":[{"href":"https:\/\/sinoextrud.com\/hu\/wp-json\/wp\/v2\/product\/6359","targetHints":{"allow":["GET"]}}],"collection":[{"href":"https:\/\/sinoextrud.com\/hu\/wp-json\/wp\/v2\/product"}],"about":[{"href":"https:\/\/sinoextrud.com\/hu\/wp-json\/wp\/v2\/types\/product"}],"wp:featuredmedia":[{"embeddable":true,"href":"https:\/\/sinoextrud.com\/hu\/wp-json\/wp\/v2\/media\/6358"}],"wp:attachment":[{"href":"https:\/\/sinoextrud.com\/hu\/wp-json\/wp\/v2\/media?parent=6359"}],"wp:term":[{"taxonomy":"category","embeddable":true,"href":"https:\/\/sinoextrud.com\/hu\/wp-json\/wp\/v2\/categories?post=6359"}],"curies":[{"name":"wp","href":"https:\/\/api.w.org\/{rel}","templated":true}]}}