{"id":6353,"date":"2025-05-27T03:23:53","date_gmt":"2025-05-27T03:23:53","guid":{"rendered":"https:\/\/sinoextrud.com\/product\/aluminum-round-tube-extrusion\/"},"modified":"2025-06-24T06:10:49","modified_gmt":"2025-06-24T06:10:49","slug":"aluminium-kerek-cso-extrudalas","status":"publish","type":"product","link":"https:\/\/sinoextrud.com\/hu\/product\/aluminum-round-tube-extrusion\/","title":{"rendered":"Alum\u00ednium kerek cs\u0151 extrud\u00e1l\u00e1s"},"content":{"rendered":"<h2>Term\u00e9kek r\u00e9szletei<\/h2>\n<table class=\"custom-table\">\n<tr>\n<td class=\"label\">V\u00e9djegy:<\/td>\n<td>Sinoextrud<\/td>\n<\/tr>\n<tr>\n<td class=\"label\">Modell NO.<\/td>\n<td>Alum\u00ednium kerek cs\u0151<\/td>\n<\/tr>\n<tr>\n<td class=\"label\">HS-k\u00f3d<\/td>\n<td>76082010<\/td>\n<\/tr>\n<tr>\n<td class=\"label\">Fokozat<\/td>\n<td>6000-es sorozat<\/td>\n<\/tr>\n<tr>\n<td class=\"label\">Anyag<\/td>\n<td>Alum\u00ednium \u00f6tv\u00f6zet<\/td>\n<\/tr>\n<tr>\n<td class=\"label\">K\u00fcls\u0151 \u00e1tm\u00e9r\u0151<\/td>\n<td>Od 2.6mm \u00e9s 300mm k\u00f6z\u00f6tt (egyedi megrendel\u00e9sek elfogadva)<\/td>\n<\/tr>\n<tr>\n<td class=\"label\">Falvastags\u00e1g<\/td>\n<td>0,1 mm \u00e9s 20 mm k\u00f6z\u00f6tt (egyedi megrendel\u00e9sek elfogadva)<\/td>\n<\/tr>\n<tr>\n<td class=\"label\">Hossz\u00fas\u00e1g<\/td>\n<td>1m \u00e9s 9m k\u00f6z\u00f6tt (egyedi megrendel\u00e9sek elfogadva)<\/td>\n<\/tr>\n<tr>\n<td class=\"label\">Form\u00e1k<\/td>\n<td>K\u00f6r, n\u00e9gyzet, t\u00e9glalap, h\u00e1romsz\u00f6g, ov\u00e1lis, k\u00fcl\u00f6nleges alak\u00fa alum\u00edniumcs\u00f6vekb\u0151l is k\u00e9sz\u00edthet\u00fcnk.<\/td>\n<\/tr>\n<tr>\n<td class=\"label\">Fel\u00fcletkezel\u00e9s<\/td>\n<td>Elox\u00e1lt, porsz\u00f3rt bevonat, fa szemcs\u00e9s, fluorkarbon bevonat, elektrofor\u00e9zis, csiszol\u00e1s, pol\u00edroz\u00e1s stb.<\/td>\n<\/tr>\n<tr>\n<td class=\"label\">Temper<\/td>\n<td>T3 - T8<\/td>\n<\/tr>\n<tr>\n<td class=\"label\">Al (Min)<\/td>\n<td>98.8%<\/td>\n<\/tr>\n<tr>\n<td class=\"label\">Sz\u00e1rmaz\u00e1si hely<\/td>\n<td>FoshanCity, Guangdong tartom\u00e1ny, K\u00edna (sz\u00e1razf\u00f6ld)<\/td>\n<\/tr>\n<\/table>\n<h2>Gy\u00e1rt\u00f3 b\u00e1zisunk<\/h2>\n<h3>Gy\u00e1ri panor\u00e1ma<\/h3>\n<p><img decoding=\"async\" src=\"\/wp-content\/uploads\/factory-01.webp\"\/><\/p>\n<h3>Alum\u00ednium r\u00fadgy\u00e1rt\u00f3 m\u0171hely<\/h3>\n<p><img decoding=\"async\" src=\"\/wp-content\/uploads\/factory-02.webp\"\/><\/p>\n<\/p>\n<p><img decoding=\"async\" src=\"\/wp-content\/uploads\/factory-03.webp\"\/><\/p>\n<h3>Pen\u00e9sz rakt\u00e1r<\/h3>\n<p><img decoding=\"async\" src=\"\/wp-content\/uploads\/factory-04.webp\"\/><\/p>\n<h3>43 alum\u00ednium extrud\u00e1l\u00f3 vonal (500-5500 tonna)<\/h3>\n<p><img decoding=\"async\" src=\"\/wp-content\/uploads\/factory-05.webp\"\/><\/p>\n<p><img decoding=\"async\" src=\"\/wp-content\/uploads\/factory-06.webp\"\/><\/p>\n<p><img decoding=\"async\" src=\"\/wp-content\/uploads\/factory-07.webp\"\/><\/p>\n<h3>Porfest\u0151 m\u0171hely<\/h3>\n<p><img decoding=\"async\" src=\"\/wp-content\/uploads\/factory-09.webp\"\/><\/p>\n<h3>Anodiz\u00e1l\u00f3 m\u0171hely<\/h3>\n<p><img decoding=\"async\" src=\"\/wp-content\/uploads\/factory-10.webp\"\/><\/p>\n<h3>M\u00e9ly feldolgoz\u00e1si m\u0171hely<\/h3>\n<p><img decoding=\"async\" src=\"\/wp-content\/uploads\/factory-11.webp\"\/><\/p>\n<h3>CNC prec\u00edzi\u00f3s megmunk\u00e1l\u00f3 m\u0171hely<\/h3>\n<p><img decoding=\"async\" src=\"\/wp-content\/uploads\/factory-11.5.webp\"\/><\/p>\n<h3>K\u00e9szterm\u00e9k \u00e9s export rakt\u00e1r<\/h3>\n<p><img decoding=\"async\" src=\"\/wp-content\/uploads\/factory-12.webp\"\/><\/p>\n<p><img decoding=\"async\" src=\"\/wp-content\/uploads\/factory-13.webp\"\/><\/p>\n<p><img decoding=\"async\" src=\"\/wp-content\/uploads\/factory-14.webp\"\/><\/p>\n<h2>GYIK<\/h2>\n<p><b>1.What alum\u00ednium kerek cs\u0151 extrud\u00e1l\u00e1s haszn\u00e1lt?<\/b><\/p>\n<p>Az alum\u00ednium kerek cs\u0151 extrud\u00e1l\u00e1s\u00e1t szil\u00e1rds\u00e1ga, k\u00f6nny\u0171 s\u00falya \u00e9s korr\u00f3zi\u00f3\u00e1ll\u00f3s\u00e1ga miatt sz\u00e9les k\u00f6rben haszn\u00e1lj\u00e1k az \u00e9p\u00edt\u0151iparban, a k\u00f6zleked\u00e9sben, a b\u00fatorgy\u00e1rt\u00e1sban \u00e9s az ipari alkalmaz\u00e1sokban.\n<\/p>\n<p><\/p>\n<p><b>2.Mik a legfontosabb el\u0151nyei az alum\u00ednium kerek cs\u0151 extrud\u00e1l\u00e1snak?<\/b><\/p>\n<p>Az alum\u00ednium k\u00f6rcs\u0151 extrud\u00e1l\u00e1s nagy szil\u00e1rds\u00e1g\/s\u00faly ar\u00e1nyt, kiv\u00e1l\u00f3 korr\u00f3zi\u00f3\u00e1ll\u00f3s\u00e1got \u00e9s egyszer\u0171 gy\u00e1rt\u00e1st k\u00edn\u00e1l a sokoldal\u00fa alkalmaz\u00e1sokhoz.\n<\/p>\n<p><\/p>\n<p><b>3.Mi\u00e9rt v\u00e1lassza az alum\u00ednium kerek cs\u0151 extrud\u00e1l\u00e1s\u00e1t az ac\u00e9l vagy m\u0171anyag cs\u00f6vekkel szemben?<\/b><\/p>\n<p>Az alum\u00ednium k\u00f6rcs\u00f6vek k\u00f6nnyebbek, mint az ac\u00e9l, \u00e9s tart\u00f3sabbak, mint a m\u0171anyag, \u00edgy k\u00f6lts\u00e9ghat\u00e9kony, rozsdamentes megold\u00e1st ny\u00fajtanak szerkezeti \u00e9s dekorat\u00edv felhaszn\u00e1l\u00e1sra.\n<\/p>\n<p><\/p>\n<p><b>4.Can alum\u00ednium kerek cs\u0151 extrud\u00e1l\u00e1sok testreszabhat\u00f3?<\/b><\/p>\n<p>Igen, az alum\u00ednium kerek cs\u00f6vek testre szabhat\u00f3k az \u00e1tm\u00e9r\u0151, a falvastags\u00e1g, a hossz, az \u00f6tv\u00f6zet t\u00edpusa \u00e9s a fel\u00fcletkezel\u00e9s tekintet\u00e9ben, hogy megfeleljenek az egyedi k\u00f6vetelm\u00e9nyeknek.\n<\/p>\n<p><\/p>\n<p><b>5.Milyen fel\u00fcleti fel\u00fcletek \u00e1llnak rendelkez\u00e9sre az alum\u00ednium kerek cs\u0151 extrud\u00e1l\u00e1s\u00e1hoz?<\/b><\/p>\n<p>A gyakori fel\u00fcletkezel\u00e9sek k\u00f6z\u00e9 tartozik az elox\u00e1l\u00e1s, a porbevonat \u00e9s a mar\u00e1si fel\u00fcletkezel\u00e9s a korr\u00f3zi\u00f3v\u00e9delem, a kop\u00e1s\u00e1ll\u00f3s\u00e1g \u00e9s a megjelen\u00e9s jav\u00edt\u00e1sa \u00e9rdek\u00e9ben.\n<\/p>\n<p><\/p>\n<p><b>6.Are alum\u00ednium kerek cs\u0151 extrud\u00e1lt alkalmas k\u00fclt\u00e9ri haszn\u00e1latra?<\/b><\/p>\n<p>Igen, megfelel\u0151 fel\u00fcletkezel\u00e9ssel az alum\u00ednium k\u00f6rcs\u00f6vek kiv\u00e1l\u00f3 tart\u00f3ss\u00e1got \u00e9s ellen\u00e1ll\u00e1st biztos\u00edtanak az UV-sugarakkal, a nedvess\u00e9ggel \u00e9s a zord id\u0151j\u00e1r\u00e1si k\u00f6r\u00fclm\u00e9nyekkel szemben.\n<\/p>\n<p><\/p>\n<p><b>7.Hogyan t\u00e1mogatj\u00e1k az alum\u00ednium kerek cs\u0151 extrud\u00e1l\u00e1sok a fenntarthat\u00f3 gy\u00e1rt\u00e1st?<\/b><\/p>\n<p>Az alum\u00ednium 100% \u00fajrahasznos\u00edthat\u00f3 \u00e9s energiatakar\u00e9kosan gy\u00e1rthat\u00f3, \u00edgy a kerek cs\u0151profilok fenntarthat\u00f3 v\u00e1laszt\u00e1st jelentenek a k\u00f6rnyezetbar\u00e1t \u00e9p\u00edt\u00e9s \u00e9s term\u00e9ktervez\u00e9s sz\u00e1m\u00e1ra.\n<\/p>\n<p><\/p>","protected":false},"featured_media":6352,"template":"","categories":[60],"class_list":["post-6353","product","type-product","status-publish","has-post-thumbnail","hentry","category-general-tubes-and-bars"],"meta_box":{"hilight_text_group":{"product_hilight_text":"<li>Lightweight and strong, ideal for structural and mechanical use<\/li>\r\r\n<li>Corrosion-resistant aluminum suitable for indoor and outdoor environments<\/li>\r\r\n<li>Precision-extruded for consistent round shape and smooth finish<\/li>\r\r\n<li>Available in various diameters, wall thicknesses, and lengths<\/li>\r\r\n<li>Supports customization and bulk orders for industrial applications<\/li>","product_chanpin_blog":"<ul>\r\r\n<li><a href=\"https:\/\/sinoextrud.com\/t-slot-v-slot-differences\/\" target=\"_blank\">t slot vs v slot<\/a><\/li>\r\r\n<li><a href=\"https:\/\/sinoextrud.com\/what-is-4040-aluminium-extrud\/\" target=\"_blank\">4040 aluminium extrusion<\/a><\/li>\r\r\n<li><a href=\"https:\/\/sinoextrud.com\/what-is-4040-aluminium-extrud\/\" target=\"_blank\">aluminum extrusions for industrial racks<\/a><\/li>\r\r\n<li><a href=\"https:\/\/sinoextrud.com\/powder-coating-aluminium-process\/\" target=\"_blank\">powder coating aluminium<\/a><\/li>\r\r\n<li><a href=\"https:\/\/sinoextrud.com\/what-is-an-aluminium-strip-ceiling\/\" target=\"_blank\">aluminium strip ceiling<\/a><\/li>\r\r\n<li><a href=\"https:\/\/sinoextrud.com\/what-is-a-heat-sink\/\" target=\"_blank\">what is a heat sink<\/a><\/li>\r\r\n<\/ul>","product_chanpin_chanpin":"<li><a href=\"https:\/\/sinoextrud.com\/product\/aluminium-square-tubes\/\" target=\"_blank\">Aluminium Square tubes<\/a><\/li>\r\n<li><a href=\"https:\/\/sinoextrud.com\/product\/oval-aluminum-extrusion\/\" target=\"_blank\">Oval Aluminum Extrusion<\/a><\/li>\r\n<li><a href=\"https:\/\/sinoextrud.com\/product\/powder-coated-aluminum-tube\/\" target=\"_blank\">Powder Coated Aluminum Tube<\/a><\/li>\r\n<li><a href=\"https:\/\/sinoextrud.com\/product\/3003-round-aluminum-tube-extrusion-in-stock\/\" target=\"_blank\">3003 Round Aluminum Tube Extrusion In Stock<\/a><\/li>\r\n<li><a href=\"https:\/\/sinoextrud.com\/product\/aluminum-round-tube-extrusion\/\" target=\"_blank\">Aluminum Round Tube Extrusion<\/a><\/li>\r\n<li><a href=\"https:\/\/sinoextrud.com\/product\/20mm-x-20mm-aluminum-extrusion\/\" target=\"_blank\">20mm X 20mm Aluminum Extrusion<\/a><\/li>\r\n<li><a href=\"https:\/\/sinoextrud.com\/product\/aluminium-pipe\/\" target=\"_blank\">Aluminium Pipe<\/a><\/li>\r\n<li><a href=\"https:\/\/sinoextrud.com\/product\/extruded-aluminium-square-tube\/\" target=\"_blank\">Extruded Aluminium Square Tube<\/a><\/li>\r\n<li><a href=\"https:\/\/sinoextrud.com\/product\/extruded-aluminium-retangular-tube\/\" target=\"_blank\">Extruded Aluminium Retangular Tube<\/a><\/li>\r\n<li><a href=\"https:\/\/sinoextrud.com\/product\/aluminum-louver-blades\/\" target=\"_blank\">Aluminum Louver Blades<\/a><\/li>\r\n<li><a href=\"https:\/\/sinoextrud.com\/product\/c-beam-v-slot-aluminium-profile\/\" target=\"_blank\">C Beam V Slot Aluminium Profile<\/a><\/li>"},"feature_list":[]},"_links":{"self":[{"href":"https:\/\/sinoextrud.com\/hu\/wp-json\/wp\/v2\/product\/6353","targetHints":{"allow":["GET"]}}],"collection":[{"href":"https:\/\/sinoextrud.com\/hu\/wp-json\/wp\/v2\/product"}],"about":[{"href":"https:\/\/sinoextrud.com\/hu\/wp-json\/wp\/v2\/types\/product"}],"wp:featuredmedia":[{"embeddable":true,"href":"https:\/\/sinoextrud.com\/hu\/wp-json\/wp\/v2\/media\/6352"}],"wp:attachment":[{"href":"https:\/\/sinoextrud.com\/hu\/wp-json\/wp\/v2\/media?parent=6353"}],"wp:term":[{"taxonomy":"category","embeddable":true,"href":"https:\/\/sinoextrud.com\/hu\/wp-json\/wp\/v2\/categories?post=6353"}],"curies":[{"name":"wp","href":"https:\/\/api.w.org\/{rel}","templated":true}]}}