{"id":6333,"date":"2025-05-27T02:09:39","date_gmt":"2025-05-27T02:09:39","guid":{"rendered":"https:\/\/sinoextrud.com\/product\/aluminum-triangle-tube-profile\/"},"modified":"2025-06-24T06:10:45","modified_gmt":"2025-06-24T06:10:45","slug":"aluminium-haromszog-csoprofil","status":"publish","type":"product","link":"https:\/\/sinoextrud.com\/hu\/product\/aluminum-triangle-tube-profile\/","title":{"rendered":"Alum\u00ednium h\u00e1romsz\u00f6g cs\u0151 profil"},"content":{"rendered":"<h2>Term\u00e9kek r\u00e9szletei<\/h2>\n<table class=\"custom-table\">\n<tr>\n<td class=\"label\">Term\u00e9k neve<\/td>\n<td>Alum\u00ednium h\u00e1romsz\u00f6g cs\u0151 profil<\/td>\n<\/tr>\n<tr>\n<td class=\"label\">Anyag<\/td>\n<td>6063, 6061, 6463, 6082 Alum\u00ednium\u00f6tv\u00f6zet<\/td>\n<\/tr>\n<tr>\n<td class=\"label\">Sz\u00ednes<\/td>\n<td>Testreszabott<\/td>\n<\/tr>\n<tr>\n<td class=\"label\">Standard<\/td>\n<td>GB2008<\/td>\n<\/tr>\n<tr>\n<td class=\"label\">Fokozat<\/td>\n<td>6000-es sorozat<\/td>\n<\/tr>\n<tr>\n<td class=\"label\">Vastags\u00e1g<\/td>\n<td>Testreszabott<\/td>\n<\/tr>\n<tr>\n<td class=\"label\">Haszn\u00e1lat<\/td>\n<td>Dekor\u00e1ci\u00f3<\/td>\n<\/tr>\n<tr>\n<td class=\"label\">Temper<\/td>\n<td>T3-T8<\/td>\n<\/tr>\n<tr>\n<td class=\"label\">Hossz\u00fas\u00e1g<\/td>\n<td>Testreszabott<\/td>\n<\/tr>\n<tr>\n<td class=\"label\">Fel\u00fcletkezel\u00e9s<\/td>\n<td>Porbevonat, Mill Finish, PVDF, elox\u00e1lt, fa szemcs\u00e9s, pol\u00edrozott, csiszolt, csiszolt, stb.<\/td>\n<\/tr>\n<tr>\n<td class=\"label\">Orgin<\/td>\n<td>K\u00cdNA<\/td>\n<\/tr>\n<tr>\n<td class=\"label\">\u00d6tv\u00f6zet vagy sem<\/td>\n<td>Az \u00f6tv\u00f6zet<\/td>\n<\/tr>\n<tr>\n<td class=\"label\">Port<\/td>\n<td>Guangzhou, Shenzhen, Foshan<\/td>\n<\/tr>\n<\/table>\n<h2>Gy\u00e1rt\u00f3 b\u00e1zisunk<\/h2>\n<h3>Gy\u00e1ri panor\u00e1ma<\/h3>\n<p><img decoding=\"async\" src=\"\/wp-content\/uploads\/factory-01.webp\"\/><\/p>\n<h3>Alum\u00ednium r\u00fadgy\u00e1rt\u00f3 m\u0171hely<\/h3>\n<p><img decoding=\"async\" src=\"\/wp-content\/uploads\/factory-02.webp\"\/><\/p>\n<p><img decoding=\"async\" src=\"\/wp-content\/uploads\/factory-03.webp\"\/><\/p>\n<h3>Pen\u00e9sz rakt\u00e1r<\/h3>\n<p><img decoding=\"async\" src=\"\/wp-content\/uploads\/factory-04.webp\"\/><\/p>\n<h3>43 alum\u00ednium extrud\u00e1l\u00f3 vonal (500-5500 tonna)<\/h3>\n<p><img decoding=\"async\" src=\"\/wp-content\/uploads\/factory-05.webp\"\/><\/p>\n<p><img decoding=\"async\" src=\"\/wp-content\/uploads\/factory-06.webp\"\/><\/p>\n<p><img decoding=\"async\" src=\"\/wp-content\/uploads\/factory-07.webp\"\/><\/p>\n<h3>Porfest\u0151 m\u0171hely<\/h3>\n<p><img decoding=\"async\" src=\"\/wp-content\/uploads\/factory-09.webp\"\/><\/p>\n<h3>Anodiz\u00e1l\u00f3 m\u0171hely<\/h3>\n<p><img decoding=\"async\" src=\"\/wp-content\/uploads\/factory-10.webp\"\/><\/p>\n<h3>M\u00e9ly feldolgoz\u00e1si m\u0171hely<\/h3>\n<p><img decoding=\"async\" src=\"\/wp-content\/uploads\/factory-11.webp\"\/><\/p>\n<h3>CNC prec\u00edzi\u00f3s megmunk\u00e1l\u00f3 m\u0171hely<\/h3>\n<p><img decoding=\"async\" src=\"\/wp-content\/uploads\/factory-11.5.webp\"\/><\/p>\n<h3>K\u00e9szterm\u00e9k \u00e9s export rakt\u00e1r<\/h3>\n<p><img decoding=\"async\" src=\"\/wp-content\/uploads\/factory-12.webp\"\/><\/p>\n<p><img decoding=\"async\" src=\"\/wp-content\/uploads\/factory-13.webp\"\/><\/p>\n<p><img decoding=\"async\" src=\"\/wp-content\/uploads\/factory-14.webp\"\/><\/p>\n<h2>GYIK<\/h2>\n<p><p><b>1.Mire haszn\u00e1lj\u00e1k az alum\u00ednium h\u00e1romsz\u00f6g cs\u0151profilt?<\/b><\/p>\n<p>Az alum\u00ednium h\u00e1romsz\u00f6gcs\u0151 profilokat egyedi geometri\u00e1juk \u00e9s modern eszt\u00e9tik\u00e1juk miatt \u00e9p\u00edt\u00e9szeti tervez\u00e9sben, szerkezeti keretez\u00e9sben, b\u00fatorokban \u00e9s dekorat\u00edv alkalmaz\u00e1sokban haszn\u00e1lj\u00e1k.<br \/>\n<\/p><br \/>\n<br \/>\n<p><b>2.Mik a legfontosabb el\u0151nyei az alum\u00ednium h\u00e1romsz\u00f6g cs\u0151profiloknak?<\/b><\/p>\n<p>Az alum\u00ednium h\u00e1romsz\u00f6gcs\u0151 profilok er\u0151s, k\u00f6nny\u0171 szerkezetet, kiv\u00e1l\u00f3 korr\u00f3zi\u00f3\u00e1ll\u00f3s\u00e1got \u00e9s innovat\u00edv konstrukci\u00f3khoz ide\u00e1lis, eleg\u00e1ns kialak\u00edt\u00e1st k\u00edn\u00e1lnak.<br \/>\n<\/p><br \/>\n<br \/>\n<p><b>3.Mi\u00e9rt v\u00e1lasszon alum\u00ednium h\u00e1romsz\u00f6g cs\u0151profilt a hagyom\u00e1nyos form\u00e1kkal szemben?<\/b><\/p>\n<p>A h\u00e1romsz\u00f6g cs\u0151profilok a szok\u00e1sos kerek vagy n\u00e9gysz\u00f6gletes cs\u00f6vekhez k\u00e9pest nagyobb merevs\u00e9get, hat\u00e9kony tehereloszt\u00e1st \u00e9s jellegzetes megjelen\u00e9st biztos\u00edtanak.<br \/>\n<\/p><br \/>\n<br \/>\n<p><b>4.Can alum\u00ednium h\u00e1romsz\u00f6g cs\u0151profilok testre szabhat\u00f3?<\/b><\/p>\n<p>Igen, az alum\u00ednium h\u00e1romsz\u00f6gcs\u00f6vek m\u00e9ret, falvastags\u00e1g, \u00f6tv\u00f6zet t\u00edpusa \u00e9s fel\u00fcletkezel\u00e9s tekintet\u00e9ben testre szabhat\u00f3k, hogy megfeleljenek az adott alkalmaz\u00e1si ig\u00e9nyeknek.<br \/>\n<\/p><br \/>\n<br \/>\n<p><b>5.Milyen fel\u00fcleti fel\u00fcletek \u00e1llnak rendelkez\u00e9sre az alum\u00ednium h\u00e1romsz\u00f6g cs\u0151profilokhoz?<\/b><\/p>\n<p>A rendelkez\u00e9sre \u00e1ll\u00f3 kivitelek k\u00f6z\u00e9 tartozik az elox\u00e1l\u00e1s, a porfest\u00e9s \u00e9s a mar\u00e1s, amelyek jav\u00edtj\u00e1k a tart\u00f3ss\u00e1got, a korr\u00f3zi\u00f3\u00e1ll\u00f3s\u00e1got \u00e9s a megjelen\u00e9st.<br \/>\n<\/p><br \/>\n<br \/>\n<p><b>6.Alkalmasak-e az alum\u00ednium h\u00e1romsz\u00f6g cs\u0151profilok k\u00fclt\u00e9ri haszn\u00e1latra?<\/b><\/p>\n<p>Igen, megfelel\u0151 fel\u00fcletkezel\u00e9ssel a h\u00e1romsz\u00f6gcs\u0151 profilok rendk\u00edv\u00fcl ellen\u00e1ll\u00f3ak az id\u0151j\u00e1r\u00e1ssal, az UV-sugarakkal \u00e9s a nedvess\u00e9ggel szemben, \u00edgy ide\u00e1lisak k\u00fclt\u00e9ri alkalmaz\u00e1sokhoz.<br \/>\n<\/p><br \/>\n<br \/>\n<p><b>7.Hogyan t\u00e1mogatj\u00e1k az alum\u00ednium h\u00e1romsz\u00f6gcs\u0151 profilok a fenntarthat\u00f3 \u00e9p\u00edt\u00e9st?<\/b><\/p>\n<p>Az alum\u00ednium 100% \u00fajrahasznos\u00edthat\u00f3 \u00e9s k\u00f6nny\u0171, \u00edgy a h\u00e1romsz\u00f6g alak\u00fa cs\u0151profilok z\u00f6ld v\u00e1laszt\u00e1s a k\u00f6rnyezetbar\u00e1t \u00e9s energiahat\u00e9kony \u00e9p\u00edt\u00e9si projektekhez.<br \/>\n<\/p><br \/><\/p>","protected":false},"featured_media":6332,"template":"","categories":[60],"class_list":["post-6333","product","type-product","status-publish","has-post-thumbnail","hentry","category-general-tubes-and-bars"],"meta_box":{"hilight_text_group":{"product_hilight_text":"<li>Unique triangle shape ideal for design and structural applications<\/li>\r\r\n<li>Made from high-quality aluminum with excellent strength-to-weight ratio<\/li>\r\r\n<li>Corrosion-resistant for both indoor and outdoor use<\/li>\r\r\n<li>Available in various sizes and surface finishes<\/li>\r\r\n<li>Supports OEM customization and bulk production<\/li>","product_chanpin_blog":"<ul>\r\r\n<li><a href=\"https:\/\/sinoextrud.com\/t-slot-v-slot-differences\/\" target=\"_blank\">t slot vs v slot<\/a><\/li>\r\r\n<li><a href=\"https:\/\/sinoextrud.com\/what-is-4040-aluminium-extrud\/\" target=\"_blank\">4040 aluminium extrusion<\/a><\/li>\r\r\n<li><a href=\"https:\/\/sinoextrud.com\/what-is-4040-aluminium-extrud\/\" target=\"_blank\">aluminum extrusions for industrial racks<\/a><\/li>\r\r\n<li><a href=\"https:\/\/sinoextrud.com\/powder-coating-aluminium-process\/\" target=\"_blank\">powder coating aluminium<\/a><\/li>\r\r\n<li><a href=\"https:\/\/sinoextrud.com\/what-is-an-aluminium-strip-ceiling\/\" target=\"_blank\">aluminium strip ceiling<\/a><\/li>\r\r\n<li><a href=\"https:\/\/sinoextrud.com\/what-is-a-heat-sink\/\" target=\"_blank\">what is a heat sink<\/a><\/li>\r\r\n<\/ul>","product_chanpin_chanpin":"<li><a href=\"https:\/\/sinoextrud.com\/product\/aluminum-channel\/\" target=\"_blank\">Aluminum Channel<\/a><\/li>\r\n<li><a href=\"https:\/\/sinoextrud.com\/product\/square-extruded-aluminum\/\" target=\"_blank\">Square Extruded Aluminum<\/a><\/li>\r\n<li><a href=\"https:\/\/sinoextrud.com\/product\/square-tube-standard-aluminium-sections\/\" target=\"_blank\">Square Tube Standard Aluminium Sections<\/a><\/li>\r\n<li><a href=\"https:\/\/sinoextrud.com\/product\/extruded-aluminum-tubing-shapes\/\" target=\"_blank\">Extruded Aluminum Tubing Shapes<\/a><\/li>\r\n<li><a href=\"https:\/\/sinoextrud.com\/product\/aluminum-triangle-tube-profile\/\" target=\"_blank\">Aluminum Triangle Tube Profile<\/a><\/li>\r\n<li><a href=\"https:\/\/sinoextrud.com\/product\/aluminum-tube-suppliers\/\" target=\"_blank\">Aluminum Tube Suppliers<\/a><\/li>\r\n<li><a href=\"https:\/\/sinoextrud.com\/product\/quarter-round-aluminum-extrusion\/\" target=\"_blank\">Quarter Round Aluminum Extrusion<\/a><\/li>\r\n<li><a href=\"https:\/\/sinoextrud.com\/product\/extruded-aluminum-bar\/\" target=\"_blank\">Extruded Aluminum Bar<\/a><\/li>\r\n<li><a href=\"https:\/\/sinoextrud.com\/product\/aluminium-profile-10x10\/\" target=\"_blank\">Aluminium Profile 10\u00c3\u201410<\/a><\/li>\r\n<li><a href=\"https:\/\/sinoextrud.com\/product\/modular-extruded-aluminum-framing\/\" target=\"_blank\">Modular Extruded Aluminum Framing<\/a><\/li>\r\n<li><a href=\"https:\/\/sinoextrud.com\/product\/customized-led-aluminium-profile-led-aluminum-extrusion\/\" target=\"_blank\">Customized LED Aluminium Profile  LED Aluminum Extrusion<\/a><\/li>"},"feature_list":[]},"_links":{"self":[{"href":"https:\/\/sinoextrud.com\/hu\/wp-json\/wp\/v2\/product\/6333","targetHints":{"allow":["GET"]}}],"collection":[{"href":"https:\/\/sinoextrud.com\/hu\/wp-json\/wp\/v2\/product"}],"about":[{"href":"https:\/\/sinoextrud.com\/hu\/wp-json\/wp\/v2\/types\/product"}],"wp:featuredmedia":[{"embeddable":true,"href":"https:\/\/sinoextrud.com\/hu\/wp-json\/wp\/v2\/media\/6332"}],"wp:attachment":[{"href":"https:\/\/sinoextrud.com\/hu\/wp-json\/wp\/v2\/media?parent=6333"}],"wp:term":[{"taxonomy":"category","embeddable":true,"href":"https:\/\/sinoextrud.com\/hu\/wp-json\/wp\/v2\/categories?post=6333"}],"curies":[{"name":"wp","href":"https:\/\/api.w.org\/{rel}","templated":true}]}}