{"id":6325,"date":"2025-05-26T15:04:21","date_gmt":"2025-05-26T15:04:21","guid":{"rendered":"https:\/\/sinoextrud.com\/product\/square-extruded-aluminum\/"},"modified":"2025-06-24T06:10:45","modified_gmt":"2025-06-24T06:10:45","slug":"negyzet-alaku-extrudalt-aluminium","status":"publish","type":"product","link":"https:\/\/sinoextrud.com\/hu\/product\/square-extruded-aluminum\/","title":{"rendered":"N\u00e9gyzet alak\u00fa extrud\u00e1lt alum\u00ednium"},"content":{"rendered":"<h2>Term\u00e9kek r\u00e9szletei<\/h2>\n<table class=\"custom-table\">\n<tr>\n<td class=\"label\">T\u00e9tel<\/td>\n<td>Extrud\u00e1lt alum\u00ednium cs\u0151, Extrud\u00e1lt alum\u00ednium cs\u0151, Extrud\u00e1lt alum\u00ednium n\u00e9gyzet alak\u00fa cs\u0151,Extrud\u00e1lt alum\u00ednium n\u00e9gyzet alak\u00fa cs\u0151<\/td>\n<\/tr>\n<tr>\n<td class=\"label\">Anyag<\/td>\n<td>6000-es sorozat\u00fa alum\u00ednium \uff086063, 6061, 6463, 6082)<\/td>\n<\/tr>\n<tr>\n<td class=\"label\">Temper<\/td>\n<td>T4, T5, T6<\/td>\n<\/tr>\n<tr>\n<td class=\"label\">M\u00e9ret \/ vastags\u00e1g<\/td>\n<td>\u00c1ltal\u00e1nos profilok vastags\u00e1ga 0,8-5,0 mm vagy testreszabott, hossza 3m-6m vagy testreszabott rendelkez\u00e9sre \u00e1ll\uff1b Anodiz\u00e1l\u00f3 v\u00e9d\u0151f\u00f3lia vastags\u00e1ga 8 ~ 20 um, porbevonat 40 ~ 120 um.<\/td>\n<\/tr>\n<tr>\n<td class=\"label\">Shape<\/td>\n<td>n\u00e9gyzet, kerek, t\u00e9glalap, h\u00e1romsz\u00f6g, stb. vagy szem\u00e9lyre szabottan<\/td>\n<\/tr>\n<tr>\n<td class=\"label\">Alkalmaz\u00e1s<\/td>\n<td>B\u00fatorokban, ablakokban \u00e9s ajt\u00f3kban, dekor\u00e1ci\u00f3kban, iparban, \u00e9p\u00edt\u0151iparban stb.<\/td>\n<\/tr>\n<tr>\n<td class=\"label\">Fel\u00fcletkezel\u00e9s<\/td>\n<td>porfest\u00e9k, PVDF, elox\u00e1lt, fa szemcs\u00e9s, elektrofor\u00e9zis, csiszolt, pol\u00edroz\u00e1s stb.<\/td>\n<\/tr>\n<tr>\n<td class=\"label\">Sz\u00ednek<\/td>\n<td>Ref porbevonat sz\u00ednes lap \u00e9s testreszabott sz\u00edn el\u00e9rhet\u0151<\/td>\n<\/tr>\n<tr>\n<td class=\"label\">M\u00e9ly folyamat<\/td>\n<td>CNC, f\u00far\u00e1s, mar\u00e1s, v\u00e1g\u00e1s, hegeszt\u00e9s, hajl\u00edt\u00e1s, \u00f6sszeszerel\u00e9s<\/td>\n<\/tr>\n<tr>\n<td class=\"label\">MOQ<\/td>\n<td>200 kg minden egyes t\u00e9tel eset\u00e9ben<\/td>\n<\/tr>\n<tr>\n<td class=\"label\">Csomagol\u00e1s r\u00e9szletei<\/td>\n<td>(1) Bel\u00fcl: m\u0171anyag v\u00e9d\u0151f\u00f3li\u00e1val vagy m\u0171anyag v\u00e9d\u0151zs\u00e1kkal csomagolva<\/td>\n<\/tr>\n<tr>\n<td class=\"label\"><\/td>\n<td>(2) K\u00edv\u00fcl: V\u00edz\u00e1ll\u00f3 k\u00e9zm\u0171ves pap\u00edrral csomagolva.<\/td>\n<\/tr>\n<tr>\n<td class=\"label\">Sz\u00e1ll\u00edt\u00e1si id\u0151<\/td>\n<td>(1) Szersz\u00e1mfejleszt\u00e9s \u00e9s mintatesztel\u00e9s: 10-15 nap<\/td>\n<\/tr>\n<tr>\n<td class=\"label\"><\/td>\n<td>(2) A t\u00f6megtermel\u00e9s befejez\u0151d\u00f6tt: 20-30 nappal a minta vev\u0151 \u00e1ltali meger\u0151s\u00edt\u00e9se ut\u00e1n<\/td>\n<\/tr>\n<tr>\n<td class=\"label\">FOB kik\u00f6t\u0151<\/td>\n<td>Guangzhou, Foshan, Shenzhen<\/td>\n<\/tr>\n<tr>\n<td class=\"label\">fizet\u00e9si felt\u00e9telek<\/td>\n<td>T \/ T, 30% el\u0151leg \u00e9s az egyenleg a sz\u00e1ll\u00edt\u00e1s el\u0151tt ker\u00fcl kifizet\u00e9sre<\/td>\n<\/tr>\n<\/table>\n<h2>Gy\u00e1rt\u00f3 b\u00e1zisunk<\/h2>\n<h3>Gy\u00e1ri panor\u00e1ma<\/h3>\n<p><img decoding=\"async\" src=\"\/wp-content\/uploads\/factory-01.webp\"\/><\/p>\n<h3>Alum\u00ednium r\u00fadgy\u00e1rt\u00f3 m\u0171hely<\/h3>\n<p><img decoding=\"async\" src=\"\/wp-content\/uploads\/factory-02.webp\"\/><\/p>\n<p><img decoding=\"async\" src=\"\/wp-content\/uploads\/factory-03.webp\"\/><\/p>\n<h3>Pen\u00e9sz rakt\u00e1r<\/h3>\n<p><img decoding=\"async\" src=\"\/wp-content\/uploads\/factory-04.webp\"\/><\/p>\n<h3>43 alum\u00ednium extrud\u00e1l\u00f3 vonal (500-5500 tonna)<\/h3>\n<p><img decoding=\"async\" src=\"\/wp-content\/uploads\/factory-05.webp\"\/><\/p>\n<p><img decoding=\"async\" src=\"\/wp-content\/uploads\/factory-06.webp\"\/><\/p>\n<p><img decoding=\"async\" src=\"\/wp-content\/uploads\/factory-07.webp\"\/><\/p>\n<h3>Porfest\u0151 m\u0171hely<\/h3>\n<p><img decoding=\"async\" src=\"\/wp-content\/uploads\/factory-09.webp\"\/><\/p>\n<h3>Anodiz\u00e1l\u00f3 m\u0171hely<\/h3>\n<p><img decoding=\"async\" src=\"\/wp-content\/uploads\/factory-10.webp\"\/><\/p>\n<h3>M\u00e9ly feldolgoz\u00e1si m\u0171hely<\/h3>\n<p><img decoding=\"async\" src=\"\/wp-content\/uploads\/factory-11.webp\"\/><\/p>\n<h3>CNC prec\u00edzi\u00f3s megmunk\u00e1l\u00f3 m\u0171hely<\/h3>\n<p><img decoding=\"async\" src=\"\/wp-content\/uploads\/factory-11.5.webp\"\/><\/p>\n<h3>K\u00e9szterm\u00e9k \u00e9s export rakt\u00e1r<\/h3>\n<p><img decoding=\"async\" src=\"\/wp-content\/uploads\/factory-12.webp\"\/><\/p>\n<p><img decoding=\"async\" src=\"\/wp-content\/uploads\/factory-13.webp\"\/><\/p>\n<p><img decoding=\"async\" src=\"\/wp-content\/uploads\/factory-14.webp\"\/><\/p>\n<h2>GYIK<\/h2>\n<p><p><b>1.What a n\u00e9gyzet alak\u00fa extrud\u00e1lt alum\u00edniumot haszn\u00e1lj\u00e1k?<\/b><\/p>\n<p>A sz\u00f6gletes extrud\u00e1lt alum\u00edniumot sz\u00e9les k\u00f6rben haszn\u00e1lj\u00e1k az \u00e9p\u00edt\u0151iparban, a v\u00e1zszerkezetekben, a b\u00fatorokban \u00e9s az ipari alkalmaz\u00e1sokban szerkezeti szil\u00e1rds\u00e1ga \u00e9s tiszta geometriai form\u00e1ja miatt.<br \/>\n<\/p><br \/>\n<br \/>\n<p><b>2.Mik a legfontosabb el\u0151nyei a n\u00e9gyzet alak\u00fa extrud\u00e1lt alum\u00edniumnak?<\/b><\/p>\n<p>A sz\u00f6gletes extrud\u00e1lt alum\u00ednium nagy szil\u00e1rds\u00e1g\/t\u00f6meg ar\u00e1nyt, kiv\u00e1l\u00f3 korr\u00f3zi\u00f3\u00e1ll\u00f3s\u00e1got \u00e9s pontos m\u00e9rett\u0171r\u00e9st k\u00edn\u00e1l a k\u00fcl\u00f6nb\u00f6z\u0151 szerkezeti felhaszn\u00e1l\u00e1sokhoz.<br \/>\n<\/p><br \/>\n<br \/>\n<p><b>3.Mi\u00e9rt v\u00e1lassza a n\u00e9gyzet alak\u00fa extrud\u00e1lt alum\u00edniumot m\u00e1s anyagokkal szemben?<\/b><\/p>\n<p>A sz\u00f6gletes extrud\u00e1lt alum\u00ednium k\u00f6nnyebb, mint az ac\u00e9l, tart\u00f3sabb, mint a m\u0171anyag, \u00e9s k\u00f6nnyebben megmunk\u00e1lhat\u00f3 \u00e9s \u00f6sszeszerelhet\u0151, \u00edgy k\u00f6lts\u00e9ghat\u00e9kony \u00e9s sokoldal\u00fa megold\u00e1s.<br \/>\n<\/p><br \/>\n<br \/>\n<p><b>4.Can n\u00e9gyzet alak\u00fa extrud\u00e1lt alum\u00ednium testre szabhat\u00f3?<\/b><\/p>\n<p>Igen, a n\u00e9gyzet alak\u00fa extrud\u00e1lt alum\u00ednium testre szabhat\u00f3 a m\u00e9ret, a falvastags\u00e1g, az \u00f6tv\u00f6zet min\u0151s\u00e9ge \u00e9s a fel\u00fcletkezel\u00e9s tekintet\u00e9ben, hogy megfeleljen az adott projekt k\u00f6vetelm\u00e9nyeinek.<br \/>\n<\/p><br \/>\n<br \/>\n<p><b>5.Milyen fel\u00fcletkezel\u00e9s \u00e1ll rendelkez\u00e9sre a n\u00e9gyzet alak\u00fa extrud\u00e1lt alum\u00edniumhoz?<\/b><\/p>\n<p>A rendelkez\u00e9sre \u00e1ll\u00f3 kivitelek k\u00f6z\u00e9 tartozik az elox\u00e1l\u00e1s, a porsz\u00f3r\u00e1s \u00e9s a mar\u00e1s, amelyek jav\u00edtj\u00e1k a korr\u00f3zi\u00f3\u00e1ll\u00f3s\u00e1got, a tart\u00f3ss\u00e1got \u00e9s az eszt\u00e9tikai megjelen\u00e9st.<br \/>\n<\/p><br \/>\n<br \/>\n<p><b>6.A sz\u00f6gletes extrud\u00e1lt alum\u00ednium alkalmas k\u00fclt\u00e9ri haszn\u00e1latra?<\/b><\/p>\n<p>Igen, az elox\u00e1lt vagy porsz\u00f3rt bevonattal ell\u00e1tott sz\u00f6gletes extrud\u00e1lt alum\u00ednium rendk\u00edv\u00fcl ellen\u00e1ll\u00f3 az id\u0151j\u00e1r\u00e1ssal, a rozsd\u00e1val \u00e9s az UV-hat\u00e1ssal szemben, ide\u00e1lis k\u00fclt\u00e9ri alkalmaz\u00e1sokhoz.<br \/>\n<\/p><br \/>\n<br \/>\n<p><b>7.Hogyan t\u00e1mogatja a sz\u00f6gletes extrud\u00e1lt alum\u00ednium a fenntarthat\u00f3 tervez\u00e9st?<\/b><\/p>\n<p>Az alum\u00ednium 100% \u00fajrahasznos\u00edthat\u00f3 \u00e9s energiatakar\u00e9kosan gy\u00e1rthat\u00f3, \u00edgy a sz\u00f6gletes extrud\u00e1lt alum\u00ednium k\u00f6rnyezetbar\u00e1t v\u00e1laszt\u00e1s a k\u00f6rnyezetbar\u00e1t \u00e9p\u00edt\u00e9shez \u00e9s gy\u00e1rt\u00e1shoz.<br \/>\n<\/p><br \/><\/p>","protected":false},"featured_media":6324,"template":"","categories":[60],"class_list":["post-6325","product","type-product","status-publish","has-post-thumbnail","hentry","category-general-tubes-and-bars"],"meta_box":{"hilight_text_group":{"product_hilight_text":"<li>Square shape offers excellent strength and load-bearing capability<\/li>\r\r\n<li>Extruded with high precision for uniform dimensions<\/li>\r\r\n<li>Corrosion-resistant and suitable for indoor and outdoor use<\/li>\r\r\n<li>Customizable in size, wall thickness, and surface finish<\/li>\r\r\n<li>Ideal for construction, framing, and machinery applications<\/li>","product_chanpin_blog":"<ul>\r\r\n<li><a href=\"https:\/\/sinoextrud.com\/product\/aluminum-extrusion-6061-6063-aluminum-profile-for-lamppost\/\" target=\"_blank\">Aluminum Extrusion 6061 6063 Aluminum Profile For Lamppost<\/a><\/li>\r\r\n<li><a href=\"https:\/\/sinoextrud.com\/product\/6061-6063-6082-street-lamp-column-aluminum-profile\/#brxe-a0f13f\" target=\"_blank\">6061 6063 6082 Street Lamp Column Aluminum Profile<\/a><\/li>\r\r\n<li><a href=\"https:\/\/sinoextrud.com\/product\/aluminum-extrusion-linear-led-lighting-aluminum-profile\/\" target=\"_blank\">Aluminum Extrusion Linear LED Lighting Aluminum Profile<\/a><\/li>\r\r\n<li><a href=\"https:\/\/sinoextrud.com\/product\/aluminum-extrusion-electroplated-shower-room-aluminum-profile\/\" target=\"_blank\">Aluminum Extrusion Electroplated Shower Room Aluminum Profile<\/a><\/li>\r\r\n<li><a href=\"https:\/\/sinoextrud.com\/product\/aluminum-extrusion-hard-anodizing-aluminum-profiles\/\" target=\"_blank\">Aluminum Extrusion Hard Anodizing Aluminum Profiles<\/a><\/li>\r\r\n<li><a href=\"https:\/\/sinoextrud.com\/product\/aluminum-extrusion-2024-7001-7003-aluminum-profile\/\" target=\"_blank\">Aluminum Extrusion 2024 7001 7003 Aluminum Profile<\/a><\/li>\r\r\n<\/ul>","product_chanpin_chanpin":"<li><a href=\"https:\/\/sinoextrud.com\/product\/extruded-aluminum-stock-shapes\/\" target=\"_blank\">Extruded Aluminum Stock Shapes<\/a><\/li>\r\n<li><a href=\"https:\/\/sinoextrud.com\/product\/aluminium-tube-profiles\/\" target=\"_blank\">Aluminium Tube Profiles<\/a><\/li>\r\n<li><a href=\"https:\/\/sinoextrud.com\/product\/aluminum-rectangular-extrusion\/\" target=\"_blank\">Aluminum Rectangular Extrusion<\/a><\/li>\r\n<li><a href=\"https:\/\/sinoextrud.com\/product\/aluminum-channel\/\" target=\"_blank\">Aluminum Channel<\/a><\/li>\r\n<li><a href=\"https:\/\/sinoextrud.com\/product\/square-extruded-aluminum\/\" target=\"_blank\">Square Extruded Aluminum<\/a><\/li>\r\n<li><a href=\"https:\/\/sinoextrud.com\/product\/square-tube-standard-aluminium-sections\/\" target=\"_blank\">Square Tube Standard Aluminium Sections<\/a><\/li>\r\n<li><a href=\"https:\/\/sinoextrud.com\/product\/extruded-aluminum-tubing-shapes\/\" target=\"_blank\">Extruded Aluminum Tubing Shapes<\/a><\/li>\r\n<li><a href=\"https:\/\/sinoextrud.com\/product\/aluminum-triangle-tube-profile\/\" target=\"_blank\">Aluminum Triangle Tube Profile<\/a><\/li>\r\n<li><a href=\"https:\/\/sinoextrud.com\/product\/aluminum-tube-suppliers\/\" target=\"_blank\">Aluminum Tube Suppliers<\/a><\/li>\r\n<li><a href=\"https:\/\/sinoextrud.com\/product\/aluminium-t-extrusion\/\" target=\"_blank\">Aluminium T Extrusion<\/a><\/li>\r\n<li><a href=\"https:\/\/sinoextrud.com\/product\/aluminum-extrusion-high-strength-cnc-drilling-7003-aluminum-round-pipe\/\" target=\"_blank\">Aluminum Extrusion High-strength CNC Drilling 7003 Aluminum Round Pipe<\/a><\/li>"},"feature_list":[]},"_links":{"self":[{"href":"https:\/\/sinoextrud.com\/hu\/wp-json\/wp\/v2\/product\/6325","targetHints":{"allow":["GET"]}}],"collection":[{"href":"https:\/\/sinoextrud.com\/hu\/wp-json\/wp\/v2\/product"}],"about":[{"href":"https:\/\/sinoextrud.com\/hu\/wp-json\/wp\/v2\/types\/product"}],"wp:featuredmedia":[{"embeddable":true,"href":"https:\/\/sinoextrud.com\/hu\/wp-json\/wp\/v2\/media\/6324"}],"wp:attachment":[{"href":"https:\/\/sinoextrud.com\/hu\/wp-json\/wp\/v2\/media?parent=6325"}],"wp:term":[{"taxonomy":"category","embeddable":true,"href":"https:\/\/sinoextrud.com\/hu\/wp-json\/wp\/v2\/categories?post=6325"}],"curies":[{"name":"wp","href":"https:\/\/api.w.org\/{rel}","templated":true}]}}